{"id":35751,"date":"2019-03-28T17:38:01","date_gmt":"2019-03-28T16:38:01","guid":{"rendered":"https:\/\/www.exchange-data.com\/product\/uk-corporate-actions-daten\/"},"modified":"2025-08-08T13:16:45","modified_gmt":"2025-08-08T12:16:45","slug":"uk-corporate-actions-daten","status":"publish","type":"product","link":"https:\/\/www.exchange-data.com\/de\/produkt\/uk-corporate-actions-daten\/","title":{"rendered":"Daten zu britischen Kapitalma\u00dfnahmen"},"content":{"rendered":"<h4 class=\"contH2\">Mit unserem Datenservice zu britischen Kapitalma\u00dfnahmen erhalten Sie direkten Zugang zu allen entscheidenden Informationen, die Sie f\u00fcr eine fundierte und effiziente Investmententscheidung ben\u00f6tigen.<\/h4>\n<p><a href=\"https:\/\/www.exchange-data.com\/corporate-actions-guide-everything-you-need-to-know\/?utm_source=EDI&#038;utm_medium=Product_Corporate_Actions\"><img decoding=\"async\" style=\"margin: 20px 20px 20px 20px;\" src=\"https:\/\/www.exchange-data.com\/wp-content\/uploads\/2019\/03\/ProductPage_CAGuide_V2.png\" align=\"right\"><\/a><\/p>\n<p><span style=\"font-weight: 400;\">Was unser Service zu UK Kapitalma\u00dfnahmen umfasst:<\/span><\/p>\n<ul>\n<li><span style=\"font-weight: 400;\">Detaillierte Informationen zu Ereignisbedingungen, relevanten Abwicklungsfristen und allen verarbeitungsrelevanten Aspekten<\/span><\/li>\n<li><span style=\"font-weight: 400;\">Daten aus s\u00e4mtlichen regulatorischen Quellen im Vereinigten K\u00f6nigreich \u2013 von Aktion\u00e4rsrundschreiben \u00fcber Registerstellen bis hin zu Unternehmensjuristen<\/span><\/li>\n<li><span style=\"font-weight: 400;\">Zus\u00e4tzliche Informationen wurden von Rechtsberatern des Unternehmens eingeholt.<\/span><\/li>\n<\/ul>\n<h4>Einfaches Suchen und Abrufen von britischen Corporate Actions-Daten<\/h4>\n<p align=\"justify\"><span style=\"font-weight: 400;\">\u00dcberwachen Sie die Entwicklung der Ereignisse von der Bekanntgabe der Bedingungen \u00fcber den Zeitplan f\u00fcr die Abwicklung bis hin zum Datum der Ausf\u00fchrung.<\/span><\/p>\n<p align=\"justify\"><span style=\"font-weight: 400;\">Mit der intuitiven Suchfunktion k\u00f6nnen Sie schnell ein einzelnes Problem \u00fcberpr\u00fcfen oder alternativ die gesamte Datenbank anhand bestimmter Kriterien wie Ereignistyp, Wertpapierart und Zeitrahmen abfragen.<\/span><\/p>\n<p align=\"justify\"><span style=\"font-weight: 400;\">Suchen Sie mit dem Dividendenkalender nach zuk\u00fcnftigen Ex-, Record- und Pay-Dates.<\/span><\/p>\n<h4>Zugriff auf Aktion\u00e4rsrundschreiben<\/h4>\n<p align=\"justify\"><span style=\"font-weight: 400;\">Erhalten Sie tiefgehende Informationen zu relevanten Themen wie Umtausch- oder R\u00fcckzahlungsformeln, Dividendenpolitik f\u00fcr Nominee-Konten oder Auslandsrestriktionen \u2013 sobald diese ver\u00f6ffentlicht werden.<\/span><\/p>\n<p align=\"justify\"><span style=\"font-weight: 400;\">Alle Rundschreiben sind direkt \u00fcber die Ank\u00fcndigungsseite einsehbar.<\/span><\/p>\n<h4>Registerdaten schnell abrufen<\/h4>\n<p align=\"justify\"><span style=\"font-weight: 400;\">Pr\u00fcfen Sie mit wenigen Klicks die Kontaktdaten der Registerstellen f\u00fcr an der London Stock Exchange, Irish Stock Exchange oder OFEX gelistete Wertpapiere.<\/span><\/p>\n<h4>T\u00e4gliche DRIPS-Benachrichtigungen per E-Mail<\/h4>\n<p><span style=\"font-weight: 400;\">Profitieren Sie von zwei t\u00e4glichen Feeds:<\/span><\/p>\n<ul>\n<li><span style=\"font-weight: 400;\">Neue DRIPS-Ank\u00fcndigungen<\/span><\/li>\n<li><span style=\"font-weight: 400;\">Updates zu Reinvestitionspreisen<\/span><\/li>\n<\/ul>\n<h4>Flexible Zustelloptionen f\u00fcr UK Kapitalma\u00dfnahmen-Daten<\/h4>\n<p><span style=\"font-weight: 400;\">Erhalten Sie pr\u00e4zise Kapitalma\u00dfnahmen-Daten \u00fcber:<\/span><\/p>\n<ul>\n<li><span style=\"font-weight: 400;\">Webbasierte Anwendung (Wincab)<\/span><\/li>\n<li><span style=\"font-weight: 400;\">Datenfeed via FTP \u2013 viermal t\u00e4glich oder einmal t\u00e4glich (End-of-Day)<\/span>\n<ul>\n<li><span style=\"font-weight: 400;\">Propriet\u00e4res Format<\/span><\/li>\n<li><span style=\"font-weight: 400;\">ISO 15022 (MT564 &amp; 568 Mitteilungen)<\/span><\/li>\n<\/ul>\n<\/li>\n<\/ul>\n","protected":false},"featured_media":34153,"template":"","country":[],"product_category":[3191,3167],"class_list":["post-35751","product","type-product","status-publish","has-post-thumbnail","hentry","product_category-equity-corporate-actions","product_category-produkte-und-services"],"acf":[],"yoast_head":"<!-- This site is optimized with the Yoast SEO Premium plugin v26.0 (Yoast SEO v26.0) - https:\/\/yoast.com\/wordpress\/plugins\/seo\/ -->\n<title>Daten zu britischen Kapitalma\u00dfnahmen | Exchange Data International<\/title>\n<meta name=\"description\" content=\"Erhalten Sie umfassende UK Kapitalma\u00dfnahmen-Daten inklusive Ereignisdetails, Rundschreiben &amp; Registerinformationen \u2013 via Webanwendung oder Datenfeed.\" \/>\n<meta name=\"robots\" content=\"index, follow, max-snippet:-1, max-image-preview:large, max-video-preview:-1\" \/>\n<link rel=\"canonical\" href=\"https:\/\/www.exchange-data.com\/de\/produkt\/uk-corporate-actions-daten\/\" \/>\n<meta property=\"og:locale\" content=\"de_DE\" \/>\n<meta property=\"og:type\" content=\"article\" \/>\n<meta property=\"og:title\" content=\"UK Corporate Actions Daten\" \/>\n<meta property=\"og:description\" content=\"Erhalten Sie direkten Zugriff auf wichtige britische Corporate-Action-Daten f\u00fcr die effektive Abwicklung von Investitionsentscheidungen. Fordern Sie jetzt Ihren kostenlosen Testzugang an.\" \/>\n<meta property=\"og:url\" content=\"https:\/\/www.exchange-data.com\/de\/produkt\/uk-corporate-actions-daten\/\" \/>\n<meta property=\"og:site_name\" content=\"Exchange Data International\" \/>\n<meta property=\"article:modified_time\" content=\"2025-08-08T12:16:45+00:00\" \/>\n<meta property=\"og:image\" content=\"https:\/\/www.exchange-data.com\/wp-content\/uploads\/2015\/09\/EDI-Post-Featured-Image-700x400-1.png\" \/>\n<meta name=\"twitter:card\" content=\"summary_large_image\" \/>\n<meta name=\"twitter:title\" content=\"UK Corporate Actions Daten\" \/>\n<meta name=\"twitter:description\" content=\"Erhalten Sie direkten Zugriff auf wichtige britische Corporate-Action-Daten f\u00fcr die effektive Abwicklung von Investitionsentscheidungen. Fordern Sie jetzt Ihren kostenlosen Testzugang an.\" \/>\n<meta name=\"twitter:image\" content=\"https:\/\/www.exchange-data.com\/wp-content\/uploads\/2015\/09\/EDI-Post-Featured-Image-700x400-1.png\" \/>\n<meta name=\"twitter:site\" content=\"@ExchangeData\" \/>\n<meta name=\"twitter:label1\" content=\"Gesch\u00e4tzte Lesezeit\" \/>\n\t<meta name=\"twitter:data1\" content=\"1\u00a0Minute\" \/>\n<script type=\"application\/ld+json\" class=\"yoast-schema-graph\">{\"@context\":\"https:\/\/schema.org\",\"@graph\":[{\"@type\":\"WebPage\",\"@id\":\"https:\/\/www.exchange-data.com\/de\/produkt\/uk-corporate-actions-daten\/\",\"url\":\"https:\/\/www.exchange-data.com\/de\/produkt\/uk-corporate-actions-daten\/\",\"name\":\"Daten zu britischen Kapitalma\u00dfnahmen | Exchange Data International\",\"isPartOf\":{\"@id\":\"https:\/\/www.exchange-data.com\/de\/#website\"},\"primaryImageOfPage\":{\"@id\":\"https:\/\/www.exchange-data.com\/de\/produkt\/uk-corporate-actions-daten\/#primaryimage\"},\"image\":{\"@id\":\"https:\/\/www.exchange-data.com\/de\/produkt\/uk-corporate-actions-daten\/#primaryimage\"},\"thumbnailUrl\":\"https:\/\/www.exchange-data.com\/wp-content\/uploads\/2015\/09\/EDI-Post-Featured-Image-700x400-1.png\",\"datePublished\":\"2019-03-28T16:38:01+00:00\",\"dateModified\":\"2025-08-08T12:16:45+00:00\",\"description\":\"Erhalten Sie umfassende UK Kapitalma\u00dfnahmen-Daten inklusive Ereignisdetails, Rundschreiben & Registerinformationen \u2013 via Webanwendung oder Datenfeed.\",\"breadcrumb\":{\"@id\":\"https:\/\/www.exchange-data.com\/de\/produkt\/uk-corporate-actions-daten\/#breadcrumb\"},\"inLanguage\":\"de\",\"potentialAction\":[{\"@type\":\"ReadAction\",\"target\":[\"https:\/\/www.exchange-data.com\/de\/produkt\/uk-corporate-actions-daten\/\"]}]},{\"@type\":\"ImageObject\",\"inLanguage\":\"de\",\"@id\":\"https:\/\/www.exchange-data.com\/de\/produkt\/uk-corporate-actions-daten\/#primaryimage\",\"url\":\"https:\/\/www.exchange-data.com\/wp-content\/uploads\/2015\/09\/EDI-Post-Featured-Image-700x400-1.png\",\"contentUrl\":\"https:\/\/www.exchange-data.com\/wp-content\/uploads\/2015\/09\/EDI-Post-Featured-Image-700x400-1.png\",\"width\":700,\"height\":400,\"caption\":\"Exchange Data International\"},{\"@type\":\"BreadcrumbList\",\"@id\":\"https:\/\/www.exchange-data.com\/de\/produkt\/uk-corporate-actions-daten\/#breadcrumb\",\"itemListElement\":[{\"@type\":\"ListItem\",\"position\":1,\"name\":\"Home\",\"item\":\"https:\/\/www.exchange-data.com\/de\/startseite\/\"},{\"@type\":\"ListItem\",\"position\":2,\"name\":\"Daten zu britischen Kapitalma\u00dfnahmen\"}]},{\"@type\":\"WebSite\",\"@id\":\"https:\/\/www.exchange-data.com\/de\/#website\",\"url\":\"https:\/\/www.exchange-data.com\/de\/\",\"name\":\"Exchange Data International\",\"description\":\"Doing data differently\",\"publisher\":{\"@id\":\"https:\/\/www.exchange-data.com\/de\/#organization\"},\"potentialAction\":[{\"@type\":\"SearchAction\",\"target\":{\"@type\":\"EntryPoint\",\"urlTemplate\":\"https:\/\/www.exchange-data.com\/de\/?s={search_term_string}\"},\"query-input\":{\"@type\":\"PropertyValueSpecification\",\"valueRequired\":true,\"valueName\":\"search_term_string\"}}],\"inLanguage\":\"de\"},{\"@type\":\"Organization\",\"@id\":\"https:\/\/www.exchange-data.com\/de\/#organization\",\"name\":\"Exchange Data International\",\"url\":\"https:\/\/www.exchange-data.com\/de\/\",\"logo\":{\"@type\":\"ImageObject\",\"inLanguage\":\"de\",\"@id\":\"https:\/\/www.exchange-data.com\/de\/#\/schema\/logo\/image\/\",\"url\":\"https:\/\/www.exchange-data.com\/wp-content\/uploads\/2019\/03\/logo3.png\",\"contentUrl\":\"https:\/\/www.exchange-data.com\/wp-content\/uploads\/2019\/03\/logo3.png\",\"width\":200,\"height\":80,\"caption\":\"Exchange Data International\"},\"image\":{\"@id\":\"https:\/\/www.exchange-data.com\/de\/#\/schema\/logo\/image\/\"},\"sameAs\":[\"https:\/\/x.com\/ExchangeData\",\"https:\/\/www.linkedin.com\/company\/exchange-data-international\/?viewAsMember=true\",\"https:\/\/www.youtube.com\/channel\/UC5D1OpUb22YZANRLD_Ktcgg?view_as=subscriber\"]}]}<\/script>\n<!-- \/ Yoast SEO Premium plugin. -->","yoast_head_json":{"title":"Daten zu britischen Kapitalma\u00dfnahmen | Exchange Data International","description":"Erhalten Sie umfassende UK Kapitalma\u00dfnahmen-Daten inklusive Ereignisdetails, Rundschreiben & Registerinformationen \u2013 via Webanwendung oder Datenfeed.","robots":{"index":"index","follow":"follow","max-snippet":"max-snippet:-1","max-image-preview":"max-image-preview:large","max-video-preview":"max-video-preview:-1"},"canonical":"https:\/\/www.exchange-data.com\/de\/produkt\/uk-corporate-actions-daten\/","og_locale":"de_DE","og_type":"article","og_title":"UK Corporate Actions Daten","og_description":"Erhalten Sie direkten Zugriff auf wichtige britische Corporate-Action-Daten f\u00fcr die effektive Abwicklung von Investitionsentscheidungen. Fordern Sie jetzt Ihren kostenlosen Testzugang an.","og_url":"https:\/\/www.exchange-data.com\/de\/produkt\/uk-corporate-actions-daten\/","og_site_name":"Exchange Data International","article_modified_time":"2025-08-08T12:16:45+00:00","og_image":[{"url":"https:\/\/www.exchange-data.com\/wp-content\/uploads\/2015\/09\/EDI-Post-Featured-Image-700x400-1.png","type":"","width":"","height":""}],"twitter_card":"summary_large_image","twitter_title":"UK Corporate Actions Daten","twitter_description":"Erhalten Sie direkten Zugriff auf wichtige britische Corporate-Action-Daten f\u00fcr die effektive Abwicklung von Investitionsentscheidungen. Fordern Sie jetzt Ihren kostenlosen Testzugang an.","twitter_image":"https:\/\/www.exchange-data.com\/wp-content\/uploads\/2015\/09\/EDI-Post-Featured-Image-700x400-1.png","twitter_site":"@ExchangeData","twitter_misc":{"Gesch\u00e4tzte Lesezeit":"1\u00a0Minute"},"schema":{"@context":"https:\/\/schema.org","@graph":[{"@type":"WebPage","@id":"https:\/\/www.exchange-data.com\/de\/produkt\/uk-corporate-actions-daten\/","url":"https:\/\/www.exchange-data.com\/de\/produkt\/uk-corporate-actions-daten\/","name":"Daten zu britischen Kapitalma\u00dfnahmen | Exchange Data International","isPartOf":{"@id":"https:\/\/www.exchange-data.com\/de\/#website"},"primaryImageOfPage":{"@id":"https:\/\/www.exchange-data.com\/de\/produkt\/uk-corporate-actions-daten\/#primaryimage"},"image":{"@id":"https:\/\/www.exchange-data.com\/de\/produkt\/uk-corporate-actions-daten\/#primaryimage"},"thumbnailUrl":"https:\/\/www.exchange-data.com\/wp-content\/uploads\/2015\/09\/EDI-Post-Featured-Image-700x400-1.png","datePublished":"2019-03-28T16:38:01+00:00","dateModified":"2025-08-08T12:16:45+00:00","description":"Erhalten Sie umfassende UK Kapitalma\u00dfnahmen-Daten inklusive Ereignisdetails, Rundschreiben & Registerinformationen \u2013 via Webanwendung oder Datenfeed.","breadcrumb":{"@id":"https:\/\/www.exchange-data.com\/de\/produkt\/uk-corporate-actions-daten\/#breadcrumb"},"inLanguage":"de","potentialAction":[{"@type":"ReadAction","target":["https:\/\/www.exchange-data.com\/de\/produkt\/uk-corporate-actions-daten\/"]}]},{"@type":"ImageObject","inLanguage":"de","@id":"https:\/\/www.exchange-data.com\/de\/produkt\/uk-corporate-actions-daten\/#primaryimage","url":"https:\/\/www.exchange-data.com\/wp-content\/uploads\/2015\/09\/EDI-Post-Featured-Image-700x400-1.png","contentUrl":"https:\/\/www.exchange-data.com\/wp-content\/uploads\/2015\/09\/EDI-Post-Featured-Image-700x400-1.png","width":700,"height":400,"caption":"Exchange Data International"},{"@type":"BreadcrumbList","@id":"https:\/\/www.exchange-data.com\/de\/produkt\/uk-corporate-actions-daten\/#breadcrumb","itemListElement":[{"@type":"ListItem","position":1,"name":"Home","item":"https:\/\/www.exchange-data.com\/de\/startseite\/"},{"@type":"ListItem","position":2,"name":"Daten zu britischen Kapitalma\u00dfnahmen"}]},{"@type":"WebSite","@id":"https:\/\/www.exchange-data.com\/de\/#website","url":"https:\/\/www.exchange-data.com\/de\/","name":"Exchange Data International","description":"Doing data differently","publisher":{"@id":"https:\/\/www.exchange-data.com\/de\/#organization"},"potentialAction":[{"@type":"SearchAction","target":{"@type":"EntryPoint","urlTemplate":"https:\/\/www.exchange-data.com\/de\/?s={search_term_string}"},"query-input":{"@type":"PropertyValueSpecification","valueRequired":true,"valueName":"search_term_string"}}],"inLanguage":"de"},{"@type":"Organization","@id":"https:\/\/www.exchange-data.com\/de\/#organization","name":"Exchange Data International","url":"https:\/\/www.exchange-data.com\/de\/","logo":{"@type":"ImageObject","inLanguage":"de","@id":"https:\/\/www.exchange-data.com\/de\/#\/schema\/logo\/image\/","url":"https:\/\/www.exchange-data.com\/wp-content\/uploads\/2019\/03\/logo3.png","contentUrl":"https:\/\/www.exchange-data.com\/wp-content\/uploads\/2019\/03\/logo3.png","width":200,"height":80,"caption":"Exchange Data International"},"image":{"@id":"https:\/\/www.exchange-data.com\/de\/#\/schema\/logo\/image\/"},"sameAs":["https:\/\/x.com\/ExchangeData","https:\/\/www.linkedin.com\/company\/exchange-data-international\/?viewAsMember=true","https:\/\/www.youtube.com\/channel\/UC5D1OpUb22YZANRLD_Ktcgg?view_as=subscriber"]}]}},"_links":{"self":[{"href":"https:\/\/www.exchange-data.com\/de\/wp-json\/wp\/v2\/product\/35751","targetHints":{"allow":["GET"]}}],"collection":[{"href":"https:\/\/www.exchange-data.com\/de\/wp-json\/wp\/v2\/product"}],"about":[{"href":"https:\/\/www.exchange-data.com\/de\/wp-json\/wp\/v2\/types\/product"}],"wp:featuredmedia":[{"embeddable":true,"href":"https:\/\/www.exchange-data.com\/de\/wp-json\/wp\/v2\/media\/34153"}],"wp:attachment":[{"href":"https:\/\/www.exchange-data.com\/de\/wp-json\/wp\/v2\/media?parent=35751"}],"wp:term":[{"taxonomy":"country","embeddable":true,"href":"https:\/\/www.exchange-data.com\/de\/wp-json\/wp\/v2\/country?post=35751"},{"taxonomy":"product_category","embeddable":true,"href":"https:\/\/www.exchange-data.com\/de\/wp-json\/wp\/v2\/product_category?post=35751"}],"curies":[{"name":"wp","href":"https:\/\/api.w.org\/{rel}","templated":true}]}}