{"id":35752,"date":"2019-03-28T17:34:28","date_gmt":"2019-03-28T16:34:28","guid":{"rendered":"https:\/\/www.exchange-data.com\/product\/oeffentliche-erstangebote\/"},"modified":"2025-08-29T12:49:29","modified_gmt":"2025-08-29T11:49:29","slug":"oeffentliche-erstangebote","status":"publish","type":"product","link":"https:\/\/www.exchange-data.com\/de\/produkt\/oeffentliche-erstangebote\/","title":{"rendered":"B\u00f6rseng\u00e4nge (IPOs)"},"content":{"rendered":"<p><span style=\"font-weight: 400;\">Lassen Sie sich IPO-Daten ganz einfach liefern \u2013 und erfahren Sie, ob ein Zielunternehmen seine Absicht zum B\u00f6rsengang erkl\u00e4rt hat. Nutzen Sie diese Informationen, um gezielt eine neue Emission in Ihrer Referenzdatenbank anzulegen. <\/span><br \/>\n<span style=\"font-weight: 400;\">EDI \u00fcberwacht B\u00f6rseng\u00e4nge weltweit \u2013 vorrangig \u00fcber lokale B\u00f6rsen als Hauptquelle sowie erg\u00e4nzend durch Sekund\u00e4rquellen wie regionale Zeitungen, Nachrichtenagenturen und weitere Medien.<\/span><\/p>\n<p>&nbsp;<\/p>\n<h2>Kunden erhalten Zugang zu IPO-Daten, die in sechs Phasen erfasst werden:<\/h2>\n<p>&nbsp;<\/p>\n<ul>\n<li><strong>Neu <\/strong>\u2013 <span style=\"font-weight: 400;\">Der B\u00f6rsengang wurde durchgef\u00fchrt (oder ist aktiv), das Listing erfolgte gestern oder heute.<\/span><\/li>\n<li><strong>Ger\u00fccht \u2013<\/strong> <span style=\"font-weight: 400;\">Das Unternehmen (oder eine verl\u00e4ssliche Quelle) hat einen geplanten B\u00f6rsengang angek\u00fcndigt, aber es liegt noch keine beh\u00f6rdliche Genehmigung vor.<\/span><\/li>\n<li><strong>Ausstehend<\/strong> \u2013 <span style=\"font-weight: 400;\">Der B\u00f6rsengang ist best\u00e4tigt und alle Genehmigungen liegen vor.<\/span><\/li>\n<li><strong>Historisch<\/strong> \u2013 <span style=\"font-weight: 400;\">Der B\u00f6rsengang liegt mehr als zwei Tage zur\u00fcck.<\/span><\/li>\n<li><strong>Verschoben<\/strong> \u2013 <span style=\"font-weight: 400;\">Der B\u00f6rsengang wurde vor\u00fcbergehend ausgesetzt, bis eine neue Mitteilung zur Platzierung erfolgt.<\/span><\/li>\n<li><strong>Zur\u00fcckgezogen <\/strong>\u2013 <span style=\"font-weight: 400;\">Der B\u00f6rsengang wurde endg\u00fcltig abgesagt \u2013 durch Entscheidung des Unternehmens oder der Aufsichtsbeh\u00f6rde.<\/span><\/li>\n<\/ul>\n<h3>Quellen<\/h3>\n<table style=\"width: 100%;\">\n<tbody>\n<tr>\n<th>Prim\u00e4rquellen <\/th>\n<th>Sekund\u00e4rquellen <\/th>\n<\/tr>\n<tr>\n<td><span style=\"font-weight: 400;\">150 internationale B\u00f6rsenpl\u00e4tze <\/span><\/td>\n<td><span style=\"font-weight: 400;\">Internationale Nachrichtenagenturen <\/span><\/td>\n<\/tr>\n<\/tbody>\n<\/table>\n<p>&nbsp;<\/p>\n<h4>Weitere Kapitalerh\u00f6hungen (FPOs)<\/h4>\n<h5>Was ist ein FPO?<\/h5>\n<p><span style=\"font-weight: 400;\">Im Unterschied zu Initial Public Offerings (IPOs) handelt es sich bei FPOs um zus\u00e4tzliche Aktienplatzierungen \u2013 entweder durch Secondary Public Offerings (SPO) oder durch weitere Kapitalma\u00dfnahmen. Der Service deckt folgende FPO-Typen ab:<\/span><\/p>\n<h5>Welche Arten von FPOs werden erfasst?<\/h5>\n<ul>\n<li><span style=\"font-weight: 400;\">FPO-Aktienemission: Neue Aktien werden zu einem festgelegten Preis unterhalb des Marktwertes angeboten. Dadurch erh\u00f6ht sich die Gesamtanzahl ausgegebener Aktien \u2013 mit verw\u00e4ssernder Wirkung f\u00fcr bestehende Aktion\u00e4re. <\/span><\/li>\n<li><span style=\"font-weight: 400;\">Strategisches Platzierungsangebot: Bestehende Aktien werden von aktuellen Aktion\u00e4ren verkauft \u2013 ohne zus\u00e4tzliche Emission neuer Aktien und somit ohne Verw\u00e4sserung. <\/span><\/li>\n<li><span style=\"font-weight: 400;\">Kombination aus SPO und strategischem Verkauf: Das Angebot umfasst sowohl neue Aktien als auch den Wiederverkauf bestehender Aktien<\/span><\/li>\n<li><span style=\"font-weight: 400;\">Greenshoe-Option: Bei \u00dcberzeichnung k\u00f6nnen optional zus\u00e4tzliche Aktien \u2013 bestehend aus neuen und\/oder bereits ausgegebenen \u2013 zur Verf\u00fcgung gestellt werden, die vom Konsortium platziert werden. <\/span><\/li>\n<\/ul>\n","protected":false},"featured_media":34153,"template":"","country":[2368,1985,2108,2138,2139,1936,2013,1933,2106,2031,2087,2112,2113,2021,2022,1971,2016,2017,2184,2362,2027,2039,1951,1952,1919,2283,1927,1928,2086,2003,1964,1981,1982,2132,2133,1983,2057,1916,1917,2046,1961,1923,1980,1957,1958,1978,1972,1977,2052,2044,2045,2020,2028,1956,2005,2018,1858,2012,2065,2094,1968,1993,2364,2365,1994,2010,2002,2096,2097,2100,1925,1926,1955,2062,2056,1988,2090,2091,2007,1935,1973,1974,1875,2222,2064,1959,1960,2058,2049,2000,1970,2092,2093,1889,1890,1940,2204,1930,2009,2098,2014,2015,2059,2001,2109,1979,2011,1987,1934,2107,2040,2041,2019,1932,2200,2037,2038,2024,1939,2008,2050,2051,2053,2054,2048,2060,2004,1989,1963,1929,2110,2111,1962,2029,2030,2361,1931,2363,1924,2236,2104,2105,1995,2006,1869,1948,2366,2331,2088,1941,2089,1986,1918,1902,2095,2370,2101,2063,2047,1984,2043,2042,1990,2055,2033,2034,1976,1969,1887,2369,2032,1967,2061,2099,2367,1946,1947],"product_category":[3191,3167],"class_list":["post-35752","product","type-product","status-publish","has-post-thumbnail","hentry","product_category-equity-corporate-actions","product_category-produkte-und-services"],"acf":[],"yoast_head":"<!-- This site is optimized with the Yoast SEO Premium plugin v26.0 (Yoast SEO v26.0) - https:\/\/yoast.com\/wordpress\/plugins\/seo\/ -->\n<title>IPO-Daten weltweit \u2013 B\u00f6rseng\u00e4nge und FPOs im \u00dcberblick | Exchange Data International<\/title>\n<meta name=\"description\" content=\"Greifen Sie auf pr\u00e4zise IPO-Daten in sechs Phasen zu. EDI liefert globale Informationen zu B\u00f6rseng\u00e4ngen und weiteren Kapitalma\u00dfnahmen \u2013 direkt aus Prim\u00e4rquellen.\" \/>\n<meta name=\"robots\" content=\"index, follow, max-snippet:-1, max-image-preview:large, max-video-preview:-1\" \/>\n<link rel=\"canonical\" href=\"https:\/\/www.exchange-data.com\/de\/produkt\/oeffentliche-erstangebote\/\" \/>\n<meta property=\"og:locale\" content=\"de_DE\" \/>\n<meta property=\"og:type\" content=\"article\" \/>\n<meta property=\"og:title\" content=\"Erstes \u00f6ffentliches Angebot (IPO)\" \/>\n<meta property=\"og:description\" content=\"Lassen Sie sich einfach Daten \u00fcber B\u00f6rseng\u00e4nge liefern und finden Sie heraus, ob ein Zielunternehmen seine Absicht erkl\u00e4rt hat, an die B\u00f6rse zu gehen. Nutzen Sie dann diese Informationen, um eine Emission in Ihrer Referenzdatenbank anzulegen. EDI beobachtet B\u00f6rseng\u00e4nge weltweit und nutzt dabei die lokalen B\u00f6rsen als prim\u00e4re Informationsquelle sowie sekund\u00e4re Quellen wie lokale Zeitungen, Nachrichtenagenturen usw.\" \/>\n<meta property=\"og:url\" content=\"https:\/\/www.exchange-data.com\/de\/produkt\/oeffentliche-erstangebote\/\" \/>\n<meta property=\"og:site_name\" content=\"Exchange Data International\" \/>\n<meta property=\"article:modified_time\" content=\"2025-08-29T11:49:29+00:00\" \/>\n<meta property=\"og:image\" content=\"https:\/\/www.exchange-data.com\/wp-content\/uploads\/2015\/09\/EDI-Post-Featured-Image-700x400-1.png\" \/>\n<meta name=\"twitter:card\" content=\"summary_large_image\" \/>\n<meta name=\"twitter:title\" content=\"Erstes \u00f6ffentliches Angebot (IPO)\" \/>\n<meta name=\"twitter:description\" content=\"Lassen Sie sich einfach Daten \u00fcber B\u00f6rseng\u00e4nge liefern und finden Sie heraus, ob ein Zielunternehmen seine Absicht erkl\u00e4rt hat, an die B\u00f6rse zu gehen. Nutzen Sie dann diese Informationen, um eine Emission in Ihrer Referenzdatenbank anzulegen. EDI beobachtet B\u00f6rseng\u00e4nge weltweit und nutzt dabei die lokalen B\u00f6rsen als prim\u00e4re Informationsquelle sowie sekund\u00e4re Quellen wie lokale Zeitungen, Nachrichtenagenturen usw.\" \/>\n<meta name=\"twitter:image\" content=\"https:\/\/www.exchange-data.com\/wp-content\/uploads\/2015\/09\/EDI-Post-Featured-Image-700x400-1.png\" \/>\n<meta name=\"twitter:site\" content=\"@ExchangeData\" \/>\n<meta name=\"twitter:label1\" content=\"Gesch\u00e4tzte Lesezeit\" \/>\n\t<meta name=\"twitter:data1\" content=\"2\u00a0Minuten\" \/>\n<script type=\"application\/ld+json\" class=\"yoast-schema-graph\">{\"@context\":\"https:\/\/schema.org\",\"@graph\":[{\"@type\":\"WebPage\",\"@id\":\"https:\/\/www.exchange-data.com\/de\/produkt\/oeffentliche-erstangebote\/\",\"url\":\"https:\/\/www.exchange-data.com\/de\/produkt\/oeffentliche-erstangebote\/\",\"name\":\"IPO-Daten weltweit \u2013 B\u00f6rseng\u00e4nge und FPOs im \u00dcberblick | Exchange Data International\",\"isPartOf\":{\"@id\":\"https:\/\/www.exchange-data.com\/de\/#website\"},\"primaryImageOfPage\":{\"@id\":\"https:\/\/www.exchange-data.com\/de\/produkt\/oeffentliche-erstangebote\/#primaryimage\"},\"image\":{\"@id\":\"https:\/\/www.exchange-data.com\/de\/produkt\/oeffentliche-erstangebote\/#primaryimage\"},\"thumbnailUrl\":\"https:\/\/www.exchange-data.com\/wp-content\/uploads\/2015\/09\/EDI-Post-Featured-Image-700x400-1.png\",\"datePublished\":\"2019-03-28T16:34:28+00:00\",\"dateModified\":\"2025-08-29T11:49:29+00:00\",\"description\":\"Greifen Sie auf pr\u00e4zise IPO-Daten in sechs Phasen zu. EDI liefert globale Informationen zu B\u00f6rseng\u00e4ngen und weiteren Kapitalma\u00dfnahmen \u2013 direkt aus Prim\u00e4rquellen.\",\"breadcrumb\":{\"@id\":\"https:\/\/www.exchange-data.com\/de\/produkt\/oeffentliche-erstangebote\/#breadcrumb\"},\"inLanguage\":\"de\",\"potentialAction\":[{\"@type\":\"ReadAction\",\"target\":[\"https:\/\/www.exchange-data.com\/de\/produkt\/oeffentliche-erstangebote\/\"]}]},{\"@type\":\"ImageObject\",\"inLanguage\":\"de\",\"@id\":\"https:\/\/www.exchange-data.com\/de\/produkt\/oeffentliche-erstangebote\/#primaryimage\",\"url\":\"https:\/\/www.exchange-data.com\/wp-content\/uploads\/2015\/09\/EDI-Post-Featured-Image-700x400-1.png\",\"contentUrl\":\"https:\/\/www.exchange-data.com\/wp-content\/uploads\/2015\/09\/EDI-Post-Featured-Image-700x400-1.png\",\"width\":700,\"height\":400,\"caption\":\"Exchange Data International\"},{\"@type\":\"BreadcrumbList\",\"@id\":\"https:\/\/www.exchange-data.com\/de\/produkt\/oeffentliche-erstangebote\/#breadcrumb\",\"itemListElement\":[{\"@type\":\"ListItem\",\"position\":1,\"name\":\"Home\",\"item\":\"https:\/\/www.exchange-data.com\/de\/startseite\/\"},{\"@type\":\"ListItem\",\"position\":2,\"name\":\"B\u00f6rseng\u00e4nge (IPOs)\"}]},{\"@type\":\"WebSite\",\"@id\":\"https:\/\/www.exchange-data.com\/de\/#website\",\"url\":\"https:\/\/www.exchange-data.com\/de\/\",\"name\":\"Exchange Data International\",\"description\":\"Doing data differently\",\"publisher\":{\"@id\":\"https:\/\/www.exchange-data.com\/de\/#organization\"},\"potentialAction\":[{\"@type\":\"SearchAction\",\"target\":{\"@type\":\"EntryPoint\",\"urlTemplate\":\"https:\/\/www.exchange-data.com\/de\/?s={search_term_string}\"},\"query-input\":{\"@type\":\"PropertyValueSpecification\",\"valueRequired\":true,\"valueName\":\"search_term_string\"}}],\"inLanguage\":\"de\"},{\"@type\":\"Organization\",\"@id\":\"https:\/\/www.exchange-data.com\/de\/#organization\",\"name\":\"Exchange Data International\",\"url\":\"https:\/\/www.exchange-data.com\/de\/\",\"logo\":{\"@type\":\"ImageObject\",\"inLanguage\":\"de\",\"@id\":\"https:\/\/www.exchange-data.com\/de\/#\/schema\/logo\/image\/\",\"url\":\"https:\/\/www.exchange-data.com\/wp-content\/uploads\/2019\/03\/logo3.png\",\"contentUrl\":\"https:\/\/www.exchange-data.com\/wp-content\/uploads\/2019\/03\/logo3.png\",\"width\":200,\"height\":80,\"caption\":\"Exchange Data International\"},\"image\":{\"@id\":\"https:\/\/www.exchange-data.com\/de\/#\/schema\/logo\/image\/\"},\"sameAs\":[\"https:\/\/x.com\/ExchangeData\",\"https:\/\/www.linkedin.com\/company\/exchange-data-international\/?viewAsMember=true\",\"https:\/\/www.youtube.com\/channel\/UC5D1OpUb22YZANRLD_Ktcgg?view_as=subscriber\"]}]}<\/script>\n<!-- \/ Yoast SEO Premium plugin. -->","yoast_head_json":{"title":"IPO-Daten weltweit \u2013 B\u00f6rseng\u00e4nge und FPOs im \u00dcberblick | Exchange Data International","description":"Greifen Sie auf pr\u00e4zise IPO-Daten in sechs Phasen zu. EDI liefert globale Informationen zu B\u00f6rseng\u00e4ngen und weiteren Kapitalma\u00dfnahmen \u2013 direkt aus Prim\u00e4rquellen.","robots":{"index":"index","follow":"follow","max-snippet":"max-snippet:-1","max-image-preview":"max-image-preview:large","max-video-preview":"max-video-preview:-1"},"canonical":"https:\/\/www.exchange-data.com\/de\/produkt\/oeffentliche-erstangebote\/","og_locale":"de_DE","og_type":"article","og_title":"Erstes \u00f6ffentliches Angebot (IPO)","og_description":"Lassen Sie sich einfach Daten \u00fcber B\u00f6rseng\u00e4nge liefern und finden Sie heraus, ob ein Zielunternehmen seine Absicht erkl\u00e4rt hat, an die B\u00f6rse zu gehen. Nutzen Sie dann diese Informationen, um eine Emission in Ihrer Referenzdatenbank anzulegen. EDI beobachtet B\u00f6rseng\u00e4nge weltweit und nutzt dabei die lokalen B\u00f6rsen als prim\u00e4re Informationsquelle sowie sekund\u00e4re Quellen wie lokale Zeitungen, Nachrichtenagenturen usw.","og_url":"https:\/\/www.exchange-data.com\/de\/produkt\/oeffentliche-erstangebote\/","og_site_name":"Exchange Data International","article_modified_time":"2025-08-29T11:49:29+00:00","og_image":[{"url":"https:\/\/www.exchange-data.com\/wp-content\/uploads\/2015\/09\/EDI-Post-Featured-Image-700x400-1.png","type":"","width":"","height":""}],"twitter_card":"summary_large_image","twitter_title":"Erstes \u00f6ffentliches Angebot (IPO)","twitter_description":"Lassen Sie sich einfach Daten \u00fcber B\u00f6rseng\u00e4nge liefern und finden Sie heraus, ob ein Zielunternehmen seine Absicht erkl\u00e4rt hat, an die B\u00f6rse zu gehen. Nutzen Sie dann diese Informationen, um eine Emission in Ihrer Referenzdatenbank anzulegen. EDI beobachtet B\u00f6rseng\u00e4nge weltweit und nutzt dabei die lokalen B\u00f6rsen als prim\u00e4re Informationsquelle sowie sekund\u00e4re Quellen wie lokale Zeitungen, Nachrichtenagenturen usw.","twitter_image":"https:\/\/www.exchange-data.com\/wp-content\/uploads\/2015\/09\/EDI-Post-Featured-Image-700x400-1.png","twitter_site":"@ExchangeData","twitter_misc":{"Gesch\u00e4tzte Lesezeit":"2\u00a0Minuten"},"schema":{"@context":"https:\/\/schema.org","@graph":[{"@type":"WebPage","@id":"https:\/\/www.exchange-data.com\/de\/produkt\/oeffentliche-erstangebote\/","url":"https:\/\/www.exchange-data.com\/de\/produkt\/oeffentliche-erstangebote\/","name":"IPO-Daten weltweit \u2013 B\u00f6rseng\u00e4nge und FPOs im \u00dcberblick | Exchange Data International","isPartOf":{"@id":"https:\/\/www.exchange-data.com\/de\/#website"},"primaryImageOfPage":{"@id":"https:\/\/www.exchange-data.com\/de\/produkt\/oeffentliche-erstangebote\/#primaryimage"},"image":{"@id":"https:\/\/www.exchange-data.com\/de\/produkt\/oeffentliche-erstangebote\/#primaryimage"},"thumbnailUrl":"https:\/\/www.exchange-data.com\/wp-content\/uploads\/2015\/09\/EDI-Post-Featured-Image-700x400-1.png","datePublished":"2019-03-28T16:34:28+00:00","dateModified":"2025-08-29T11:49:29+00:00","description":"Greifen Sie auf pr\u00e4zise IPO-Daten in sechs Phasen zu. EDI liefert globale Informationen zu B\u00f6rseng\u00e4ngen und weiteren Kapitalma\u00dfnahmen \u2013 direkt aus Prim\u00e4rquellen.","breadcrumb":{"@id":"https:\/\/www.exchange-data.com\/de\/produkt\/oeffentliche-erstangebote\/#breadcrumb"},"inLanguage":"de","potentialAction":[{"@type":"ReadAction","target":["https:\/\/www.exchange-data.com\/de\/produkt\/oeffentliche-erstangebote\/"]}]},{"@type":"ImageObject","inLanguage":"de","@id":"https:\/\/www.exchange-data.com\/de\/produkt\/oeffentliche-erstangebote\/#primaryimage","url":"https:\/\/www.exchange-data.com\/wp-content\/uploads\/2015\/09\/EDI-Post-Featured-Image-700x400-1.png","contentUrl":"https:\/\/www.exchange-data.com\/wp-content\/uploads\/2015\/09\/EDI-Post-Featured-Image-700x400-1.png","width":700,"height":400,"caption":"Exchange Data International"},{"@type":"BreadcrumbList","@id":"https:\/\/www.exchange-data.com\/de\/produkt\/oeffentliche-erstangebote\/#breadcrumb","itemListElement":[{"@type":"ListItem","position":1,"name":"Home","item":"https:\/\/www.exchange-data.com\/de\/startseite\/"},{"@type":"ListItem","position":2,"name":"B\u00f6rseng\u00e4nge (IPOs)"}]},{"@type":"WebSite","@id":"https:\/\/www.exchange-data.com\/de\/#website","url":"https:\/\/www.exchange-data.com\/de\/","name":"Exchange Data International","description":"Doing data differently","publisher":{"@id":"https:\/\/www.exchange-data.com\/de\/#organization"},"potentialAction":[{"@type":"SearchAction","target":{"@type":"EntryPoint","urlTemplate":"https:\/\/www.exchange-data.com\/de\/?s={search_term_string}"},"query-input":{"@type":"PropertyValueSpecification","valueRequired":true,"valueName":"search_term_string"}}],"inLanguage":"de"},{"@type":"Organization","@id":"https:\/\/www.exchange-data.com\/de\/#organization","name":"Exchange Data International","url":"https:\/\/www.exchange-data.com\/de\/","logo":{"@type":"ImageObject","inLanguage":"de","@id":"https:\/\/www.exchange-data.com\/de\/#\/schema\/logo\/image\/","url":"https:\/\/www.exchange-data.com\/wp-content\/uploads\/2019\/03\/logo3.png","contentUrl":"https:\/\/www.exchange-data.com\/wp-content\/uploads\/2019\/03\/logo3.png","width":200,"height":80,"caption":"Exchange Data International"},"image":{"@id":"https:\/\/www.exchange-data.com\/de\/#\/schema\/logo\/image\/"},"sameAs":["https:\/\/x.com\/ExchangeData","https:\/\/www.linkedin.com\/company\/exchange-data-international\/?viewAsMember=true","https:\/\/www.youtube.com\/channel\/UC5D1OpUb22YZANRLD_Ktcgg?view_as=subscriber"]}]}},"_links":{"self":[{"href":"https:\/\/www.exchange-data.com\/de\/wp-json\/wp\/v2\/product\/35752","targetHints":{"allow":["GET"]}}],"collection":[{"href":"https:\/\/www.exchange-data.com\/de\/wp-json\/wp\/v2\/product"}],"about":[{"href":"https:\/\/www.exchange-data.com\/de\/wp-json\/wp\/v2\/types\/product"}],"wp:featuredmedia":[{"embeddable":true,"href":"https:\/\/www.exchange-data.com\/de\/wp-json\/wp\/v2\/media\/34153"}],"wp:attachment":[{"href":"https:\/\/www.exchange-data.com\/de\/wp-json\/wp\/v2\/media?parent=35752"}],"wp:term":[{"taxonomy":"country","embeddable":true,"href":"https:\/\/www.exchange-data.com\/de\/wp-json\/wp\/v2\/country?post=35752"},{"taxonomy":"product_category","embeddable":true,"href":"https:\/\/www.exchange-data.com\/de\/wp-json\/wp\/v2\/product_category?post=35752"}],"curies":[{"name":"wp","href":"https:\/\/api.w.org\/{rel}","templated":true}]}}