{"id":35753,"date":"2019-03-28T17:32:32","date_gmt":"2019-03-28T16:32:32","guid":{"rendered":"https:\/\/www.exchange-data.com\/product\/universaldepotscheine\/"},"modified":"2025-08-08T13:26:03","modified_gmt":"2025-08-08T12:26:03","slug":"universaldepotscheine","status":"publish","type":"product","link":"https:\/\/www.exchange-data.com\/de\/produkt\/universaldepotscheine\/","title":{"rendered":"Universelle Hinterlegungsscheine (Depository Receipts)"},"content":{"rendered":"<p>&nbsp;<\/p>\n<h2>Unsere Daten stammen von den vier f\u00fchrenden Depotbanken, internationalen B\u00f6rsenpl\u00e4tzen und den ausstellenden Unternehmen selbst.<\/h2>\n<p>&nbsp;<\/p>\n<p><span style=\"font-weight: 400;\">Erhalten Sie genau die Informationen, die Sie ben\u00f6tigen, um von den Vorteilen internationaler Investments zu profitieren \u2013 ohne dabei unn\u00f6tige Risiken durch Direktanlagen im Ausland einzugehen.<\/span><\/p>\n<p><span style=\"font-weight: 400;\">Mit unserem Datenfeed zu universellen Hinterlegungsscheinen erhalten Sie umfassende Details zu allen American Depository Receipts (ADRs), Global Depository Receipts (GDRs) und weiteren Hinterlegungsscheinen.<\/span><\/p>\n<h3>Nutzen Sie die Daten \u00fcber ADR, um Hinterlegungsscheine effizient in Stammaktien umzuwandeln.<\/h3>\n<h4>Ihr Datenfeed zu universellen Hinterlegungsscheinen bietet Zugang zu:<\/h4>\n<ul>\n<li><span style=\"font-weight: 400;\">Wertpapierstammdaten<\/span><\/li>\n<li><span style=\"font-weight: 400;\">Kapitalma\u00dfnahmen-Daten<\/span><\/li>\n<\/ul>\n","protected":false},"featured_media":34153,"template":"","country":[],"product_category":[3191,3167],"class_list":["post-35753","product","type-product","status-publish","has-post-thumbnail","hentry","product_category-equity-corporate-actions","product_category-produkte-und-services"],"acf":[],"yoast_head":"<!-- This site is optimized with the Yoast SEO Premium plugin v26.0 (Yoast SEO v26.0) - https:\/\/yoast.com\/wordpress\/plugins\/seo\/ -->\n<title>Universelle Hinterlegungsscheine (Depository Receipts) Daten | Exchange Data International<\/title>\n<meta name=\"description\" content=\"Profitieren Sie von globalen Daten \u00fcber ADR \u2013 mit Informationen zu Wertpapieren und Kapitalma\u00dfnahmen f\u00fcr sichere und informierte Auslandsinvestitionen.\" \/>\n<meta name=\"robots\" content=\"index, follow, max-snippet:-1, max-image-preview:large, max-video-preview:-1\" \/>\n<link rel=\"canonical\" href=\"https:\/\/www.exchange-data.com\/de\/produkt\/universaldepotscheine\/\" \/>\n<meta property=\"og:locale\" content=\"de_DE\" \/>\n<meta property=\"og:type\" content=\"article\" \/>\n<meta property=\"og:title\" content=\"Universaldepotscheine\" \/>\n<meta property=\"og:description\" content=\"Greifen Sie auf die Daten zu, die Sie ben\u00f6tigen, um die Vorteile von Auslandsinvestitionen zu nutzen und gleichzeitig die unn\u00f6tigen Risiken von Investitionen au\u00dferhalb Ihrer eigenen Grenzen zu umgehen. Mit unserem universellen Hinterlegungsschein-Datenfeed erhalten Sie umfassende Informationen \u00fcber alle American Depository Receipts (ADRs), Global Depository Receipts (GDRs) und andere Hinterlegungsscheine. Au\u00dferdem k\u00f6nnen Sie die Daten nutzen, um Hinterlegungsscheine in Stammaktien umzuwandeln. Ihr universeller Hinterlegungsschein-Datenfeed bietet Ihnen Zugang zu: Wertpapierreferenzdaten und Daten zu Kapitalma\u00dfnahmen.\" \/>\n<meta property=\"og:url\" content=\"https:\/\/www.exchange-data.com\/de\/produkt\/universaldepotscheine\/\" \/>\n<meta property=\"og:site_name\" content=\"Exchange Data International\" \/>\n<meta property=\"article:modified_time\" content=\"2025-08-08T12:26:03+00:00\" \/>\n<meta property=\"og:image\" content=\"https:\/\/www.exchange-data.com\/wp-content\/uploads\/2015\/09\/EDI-Post-Featured-Image-700x400-1.png\" \/>\n<meta name=\"twitter:card\" content=\"summary_large_image\" \/>\n<meta name=\"twitter:title\" content=\"Universaldepotscheine\" \/>\n<meta name=\"twitter:description\" content=\"Greifen Sie auf die Daten zu, die Sie ben\u00f6tigen, um die Vorteile von Auslandsinvestitionen zu nutzen und gleichzeitig die unn\u00f6tigen Risiken von Investitionen au\u00dferhalb Ihrer eigenen Grenzen zu umgehen. Mit unserem universellen Hinterlegungsschein-Datenfeed erhalten Sie umfassende Informationen \u00fcber alle American Depository Receipts (ADRs), Global Depository Receipts (GDRs) und andere Hinterlegungsscheine. Au\u00dferdem k\u00f6nnen Sie die Daten nutzen, um Hinterlegungsscheine in Stammaktien umzuwandeln. Ihr universeller Hinterlegungsschein-Datenfeed bietet Ihnen Zugang zu: Wertpapierreferenzdaten und Daten zu Kapitalma\u00dfnahmen.\" \/>\n<meta name=\"twitter:image\" content=\"https:\/\/www.exchange-data.com\/wp-content\/uploads\/2015\/09\/EDI-Post-Featured-Image-700x400-1.png\" \/>\n<meta name=\"twitter:site\" content=\"@ExchangeData\" \/>\n<meta name=\"twitter:label1\" content=\"Gesch\u00e4tzte Lesezeit\" \/>\n\t<meta name=\"twitter:data1\" content=\"1\u00a0Minute\" \/>\n<script type=\"application\/ld+json\" class=\"yoast-schema-graph\">{\"@context\":\"https:\/\/schema.org\",\"@graph\":[{\"@type\":\"WebPage\",\"@id\":\"https:\/\/www.exchange-data.com\/de\/produkt\/universaldepotscheine\/\",\"url\":\"https:\/\/www.exchange-data.com\/de\/produkt\/universaldepotscheine\/\",\"name\":\"Universelle Hinterlegungsscheine (Depository Receipts) Daten | Exchange Data International\",\"isPartOf\":{\"@id\":\"https:\/\/www.exchange-data.com\/de\/#website\"},\"primaryImageOfPage\":{\"@id\":\"https:\/\/www.exchange-data.com\/de\/produkt\/universaldepotscheine\/#primaryimage\"},\"image\":{\"@id\":\"https:\/\/www.exchange-data.com\/de\/produkt\/universaldepotscheine\/#primaryimage\"},\"thumbnailUrl\":\"https:\/\/www.exchange-data.com\/wp-content\/uploads\/2015\/09\/EDI-Post-Featured-Image-700x400-1.png\",\"datePublished\":\"2019-03-28T16:32:32+00:00\",\"dateModified\":\"2025-08-08T12:26:03+00:00\",\"description\":\"Profitieren Sie von globalen Daten \u00fcber ADR \u2013 mit Informationen zu Wertpapieren und Kapitalma\u00dfnahmen f\u00fcr sichere und informierte Auslandsinvestitionen.\",\"breadcrumb\":{\"@id\":\"https:\/\/www.exchange-data.com\/de\/produkt\/universaldepotscheine\/#breadcrumb\"},\"inLanguage\":\"de\",\"potentialAction\":[{\"@type\":\"ReadAction\",\"target\":[\"https:\/\/www.exchange-data.com\/de\/produkt\/universaldepotscheine\/\"]}]},{\"@type\":\"ImageObject\",\"inLanguage\":\"de\",\"@id\":\"https:\/\/www.exchange-data.com\/de\/produkt\/universaldepotscheine\/#primaryimage\",\"url\":\"https:\/\/www.exchange-data.com\/wp-content\/uploads\/2015\/09\/EDI-Post-Featured-Image-700x400-1.png\",\"contentUrl\":\"https:\/\/www.exchange-data.com\/wp-content\/uploads\/2015\/09\/EDI-Post-Featured-Image-700x400-1.png\",\"width\":700,\"height\":400,\"caption\":\"Exchange Data International\"},{\"@type\":\"BreadcrumbList\",\"@id\":\"https:\/\/www.exchange-data.com\/de\/produkt\/universaldepotscheine\/#breadcrumb\",\"itemListElement\":[{\"@type\":\"ListItem\",\"position\":1,\"name\":\"Home\",\"item\":\"https:\/\/www.exchange-data.com\/de\/startseite\/\"},{\"@type\":\"ListItem\",\"position\":2,\"name\":\"Universelle Hinterlegungsscheine (Depository Receipts)\"}]},{\"@type\":\"WebSite\",\"@id\":\"https:\/\/www.exchange-data.com\/de\/#website\",\"url\":\"https:\/\/www.exchange-data.com\/de\/\",\"name\":\"Exchange Data International\",\"description\":\"Doing data differently\",\"publisher\":{\"@id\":\"https:\/\/www.exchange-data.com\/de\/#organization\"},\"potentialAction\":[{\"@type\":\"SearchAction\",\"target\":{\"@type\":\"EntryPoint\",\"urlTemplate\":\"https:\/\/www.exchange-data.com\/de\/?s={search_term_string}\"},\"query-input\":{\"@type\":\"PropertyValueSpecification\",\"valueRequired\":true,\"valueName\":\"search_term_string\"}}],\"inLanguage\":\"de\"},{\"@type\":\"Organization\",\"@id\":\"https:\/\/www.exchange-data.com\/de\/#organization\",\"name\":\"Exchange Data International\",\"url\":\"https:\/\/www.exchange-data.com\/de\/\",\"logo\":{\"@type\":\"ImageObject\",\"inLanguage\":\"de\",\"@id\":\"https:\/\/www.exchange-data.com\/de\/#\/schema\/logo\/image\/\",\"url\":\"https:\/\/www.exchange-data.com\/wp-content\/uploads\/2019\/03\/logo3.png\",\"contentUrl\":\"https:\/\/www.exchange-data.com\/wp-content\/uploads\/2019\/03\/logo3.png\",\"width\":200,\"height\":80,\"caption\":\"Exchange Data International\"},\"image\":{\"@id\":\"https:\/\/www.exchange-data.com\/de\/#\/schema\/logo\/image\/\"},\"sameAs\":[\"https:\/\/x.com\/ExchangeData\",\"https:\/\/www.linkedin.com\/company\/exchange-data-international\/?viewAsMember=true\",\"https:\/\/www.youtube.com\/channel\/UC5D1OpUb22YZANRLD_Ktcgg?view_as=subscriber\"]}]}<\/script>\n<!-- \/ Yoast SEO Premium plugin. -->","yoast_head_json":{"title":"Universelle Hinterlegungsscheine (Depository Receipts) Daten | Exchange Data International","description":"Profitieren Sie von globalen Daten \u00fcber ADR \u2013 mit Informationen zu Wertpapieren und Kapitalma\u00dfnahmen f\u00fcr sichere und informierte Auslandsinvestitionen.","robots":{"index":"index","follow":"follow","max-snippet":"max-snippet:-1","max-image-preview":"max-image-preview:large","max-video-preview":"max-video-preview:-1"},"canonical":"https:\/\/www.exchange-data.com\/de\/produkt\/universaldepotscheine\/","og_locale":"de_DE","og_type":"article","og_title":"Universaldepotscheine","og_description":"Greifen Sie auf die Daten zu, die Sie ben\u00f6tigen, um die Vorteile von Auslandsinvestitionen zu nutzen und gleichzeitig die unn\u00f6tigen Risiken von Investitionen au\u00dferhalb Ihrer eigenen Grenzen zu umgehen. Mit unserem universellen Hinterlegungsschein-Datenfeed erhalten Sie umfassende Informationen \u00fcber alle American Depository Receipts (ADRs), Global Depository Receipts (GDRs) und andere Hinterlegungsscheine. Au\u00dferdem k\u00f6nnen Sie die Daten nutzen, um Hinterlegungsscheine in Stammaktien umzuwandeln. Ihr universeller Hinterlegungsschein-Datenfeed bietet Ihnen Zugang zu: Wertpapierreferenzdaten und Daten zu Kapitalma\u00dfnahmen.","og_url":"https:\/\/www.exchange-data.com\/de\/produkt\/universaldepotscheine\/","og_site_name":"Exchange Data International","article_modified_time":"2025-08-08T12:26:03+00:00","og_image":[{"url":"https:\/\/www.exchange-data.com\/wp-content\/uploads\/2015\/09\/EDI-Post-Featured-Image-700x400-1.png","type":"","width":"","height":""}],"twitter_card":"summary_large_image","twitter_title":"Universaldepotscheine","twitter_description":"Greifen Sie auf die Daten zu, die Sie ben\u00f6tigen, um die Vorteile von Auslandsinvestitionen zu nutzen und gleichzeitig die unn\u00f6tigen Risiken von Investitionen au\u00dferhalb Ihrer eigenen Grenzen zu umgehen. Mit unserem universellen Hinterlegungsschein-Datenfeed erhalten Sie umfassende Informationen \u00fcber alle American Depository Receipts (ADRs), Global Depository Receipts (GDRs) und andere Hinterlegungsscheine. Au\u00dferdem k\u00f6nnen Sie die Daten nutzen, um Hinterlegungsscheine in Stammaktien umzuwandeln. Ihr universeller Hinterlegungsschein-Datenfeed bietet Ihnen Zugang zu: Wertpapierreferenzdaten und Daten zu Kapitalma\u00dfnahmen.","twitter_image":"https:\/\/www.exchange-data.com\/wp-content\/uploads\/2015\/09\/EDI-Post-Featured-Image-700x400-1.png","twitter_site":"@ExchangeData","twitter_misc":{"Gesch\u00e4tzte Lesezeit":"1\u00a0Minute"},"schema":{"@context":"https:\/\/schema.org","@graph":[{"@type":"WebPage","@id":"https:\/\/www.exchange-data.com\/de\/produkt\/universaldepotscheine\/","url":"https:\/\/www.exchange-data.com\/de\/produkt\/universaldepotscheine\/","name":"Universelle Hinterlegungsscheine (Depository Receipts) Daten | Exchange Data International","isPartOf":{"@id":"https:\/\/www.exchange-data.com\/de\/#website"},"primaryImageOfPage":{"@id":"https:\/\/www.exchange-data.com\/de\/produkt\/universaldepotscheine\/#primaryimage"},"image":{"@id":"https:\/\/www.exchange-data.com\/de\/produkt\/universaldepotscheine\/#primaryimage"},"thumbnailUrl":"https:\/\/www.exchange-data.com\/wp-content\/uploads\/2015\/09\/EDI-Post-Featured-Image-700x400-1.png","datePublished":"2019-03-28T16:32:32+00:00","dateModified":"2025-08-08T12:26:03+00:00","description":"Profitieren Sie von globalen Daten \u00fcber ADR \u2013 mit Informationen zu Wertpapieren und Kapitalma\u00dfnahmen f\u00fcr sichere und informierte Auslandsinvestitionen.","breadcrumb":{"@id":"https:\/\/www.exchange-data.com\/de\/produkt\/universaldepotscheine\/#breadcrumb"},"inLanguage":"de","potentialAction":[{"@type":"ReadAction","target":["https:\/\/www.exchange-data.com\/de\/produkt\/universaldepotscheine\/"]}]},{"@type":"ImageObject","inLanguage":"de","@id":"https:\/\/www.exchange-data.com\/de\/produkt\/universaldepotscheine\/#primaryimage","url":"https:\/\/www.exchange-data.com\/wp-content\/uploads\/2015\/09\/EDI-Post-Featured-Image-700x400-1.png","contentUrl":"https:\/\/www.exchange-data.com\/wp-content\/uploads\/2015\/09\/EDI-Post-Featured-Image-700x400-1.png","width":700,"height":400,"caption":"Exchange Data International"},{"@type":"BreadcrumbList","@id":"https:\/\/www.exchange-data.com\/de\/produkt\/universaldepotscheine\/#breadcrumb","itemListElement":[{"@type":"ListItem","position":1,"name":"Home","item":"https:\/\/www.exchange-data.com\/de\/startseite\/"},{"@type":"ListItem","position":2,"name":"Universelle Hinterlegungsscheine (Depository Receipts)"}]},{"@type":"WebSite","@id":"https:\/\/www.exchange-data.com\/de\/#website","url":"https:\/\/www.exchange-data.com\/de\/","name":"Exchange Data International","description":"Doing data differently","publisher":{"@id":"https:\/\/www.exchange-data.com\/de\/#organization"},"potentialAction":[{"@type":"SearchAction","target":{"@type":"EntryPoint","urlTemplate":"https:\/\/www.exchange-data.com\/de\/?s={search_term_string}"},"query-input":{"@type":"PropertyValueSpecification","valueRequired":true,"valueName":"search_term_string"}}],"inLanguage":"de"},{"@type":"Organization","@id":"https:\/\/www.exchange-data.com\/de\/#organization","name":"Exchange Data International","url":"https:\/\/www.exchange-data.com\/de\/","logo":{"@type":"ImageObject","inLanguage":"de","@id":"https:\/\/www.exchange-data.com\/de\/#\/schema\/logo\/image\/","url":"https:\/\/www.exchange-data.com\/wp-content\/uploads\/2019\/03\/logo3.png","contentUrl":"https:\/\/www.exchange-data.com\/wp-content\/uploads\/2019\/03\/logo3.png","width":200,"height":80,"caption":"Exchange Data International"},"image":{"@id":"https:\/\/www.exchange-data.com\/de\/#\/schema\/logo\/image\/"},"sameAs":["https:\/\/x.com\/ExchangeData","https:\/\/www.linkedin.com\/company\/exchange-data-international\/?viewAsMember=true","https:\/\/www.youtube.com\/channel\/UC5D1OpUb22YZANRLD_Ktcgg?view_as=subscriber"]}]}},"_links":{"self":[{"href":"https:\/\/www.exchange-data.com\/de\/wp-json\/wp\/v2\/product\/35753","targetHints":{"allow":["GET"]}}],"collection":[{"href":"https:\/\/www.exchange-data.com\/de\/wp-json\/wp\/v2\/product"}],"about":[{"href":"https:\/\/www.exchange-data.com\/de\/wp-json\/wp\/v2\/types\/product"}],"wp:featuredmedia":[{"embeddable":true,"href":"https:\/\/www.exchange-data.com\/de\/wp-json\/wp\/v2\/media\/34153"}],"wp:attachment":[{"href":"https:\/\/www.exchange-data.com\/de\/wp-json\/wp\/v2\/media?parent=35753"}],"wp:term":[{"taxonomy":"country","embeddable":true,"href":"https:\/\/www.exchange-data.com\/de\/wp-json\/wp\/v2\/country?post=35753"},{"taxonomy":"product_category","embeddable":true,"href":"https:\/\/www.exchange-data.com\/de\/wp-json\/wp\/v2\/product_category?post=35753"}],"curies":[{"name":"wp","href":"https:\/\/api.w.org\/{rel}","templated":true}]}}