{"id":35754,"date":"2019-03-28T17:15:59","date_gmt":"2019-03-28T16:15:59","guid":{"rendered":"https:\/\/www.exchange-data.com\/product\/uk-dividenden\/"},"modified":"2025-08-08T13:35:00","modified_gmt":"2025-08-08T12:35:00","slug":"uk-dividenden","status":"publish","type":"product","link":"https:\/\/www.exchange-data.com\/de\/produkt\/uk-dividenden\/","title":{"rendered":"Britische Dividenden"},"content":{"rendered":"<h4>Verschaffen Sie sich einen vollst\u00e4ndigen \u00dcberblick \u00fcber Dividendenzahlungen und -termine im Vereinigten K\u00f6nigreich.<\/h4>\n<p><span style=\"font-weight: 400;\">Erf\u00fcllen Sie die Erwartungen Ihrer Kunden mit pr\u00e4zisen, vollst\u00e4ndigen und aktuellen UK Dividenden-Daten \u2013 alles auf einen Blick.<\/span><\/p>\n<p><span style=\"font-weight: 400;\">Nutzen Sie unseren Datenfeed f\u00fcr britische Dividenden, um zeitnahe und detaillierte Informationen zu allen neuen Dividendenank\u00fcndigungen sowie zu \u00c4nderungen bestehender Eintr\u00e4ge zu erhalten.<\/span><\/p>\n<p>Dateninhalte:<\/p>\n<ul>\n<li>Bar- und Aktiendividenden: Record-, Pay- und Ex-Dates<\/li>\n<li>Brutto- und Nettobetr\u00e4ge der Dividende<\/li>\n<li>Versandbescheinigungen und CREST-Gutschrifttermine<\/li>\n<li>Angaben zu Stamp Duty und Provisionen<\/li>\n<\/ul>\n<p><span style=\"font-weight: 400;\">Alle Daten werden von einem spezialisierten Londoner Team recherchiert, aufbereitet und gepflegt \u2013 so erhalten Sie stets die aktuellsten Dividendeninformationen und \u00c4nderungen. <\/span><\/p>\n<h4>T\u00e4gliche DRIPS-Benachrichtigungen per E-Mail<\/h4>\n<p>Profitieren Sie von zwei t\u00e4glichen Feeds:<\/p>\n<ul>\n<li>Neue DRIPS-Ank\u00fcndigungen<\/li>\n<li>Reinvestitionspreis-Updates<\/li>\n<\/ul>\n","protected":false},"featured_media":34153,"template":"","country":[],"product_category":[3191,3167],"class_list":["post-35754","product","type-product","status-publish","has-post-thumbnail","hentry","product_category-equity-corporate-actions","product_category-produkte-und-services"],"acf":[],"yoast_head":"<!-- This site is optimized with the Yoast SEO Premium plugin v26.0 (Yoast SEO v26.0) - https:\/\/yoast.com\/wordpress\/plugins\/seo\/ -->\n<title>Britische Dividenden Daten | Exchange Data International<\/title>\n<meta name=\"description\" content=\"Erhalten Sie vollst\u00e4ndige UK Dividenden-Daten \u2013 inklusive exakter Termine, Betr\u00e4ge &amp; DRIPS-Alerts. Ideal f\u00fcr Berichte, Steuerberechnungen und Kundenkommunikation.\" \/>\n<meta name=\"robots\" content=\"index, follow, max-snippet:-1, max-image-preview:large, max-video-preview:-1\" \/>\n<link rel=\"canonical\" href=\"https:\/\/www.exchange-data.com\/de\/produkt\/uk-dividenden\/\" \/>\n<meta property=\"og:locale\" content=\"de_DE\" \/>\n<meta property=\"og:type\" content=\"article\" \/>\n<meta property=\"og:title\" content=\"UK-Dividenden - Vollst\u00e4ndiger \u00dcberblick \u00fcber UK-Dividendenzahlungen und -Zeitpl\u00e4ne\" \/>\n<meta property=\"og:description\" content=\"Erf\u00fcllen Sie die Erwartungen Ihrer Kunden mit zeitnahen, vollst\u00e4ndigen und genauen Daten zu britischen Dividenden. Nutzen Sie unseren UK-Dividenden-Datenfeed, um aktuelle und detaillierte Informationen \u00fcber alle neuen Dividendenank\u00fcndigungen sowie Aktualisierungen bestehender Datens\u00e4tze zu erhalten. Zu den Datenelementen geh\u00f6ren: Aufzeichnung von Bar- und Aktiendividenden, Zahlungs- und Ex-Datum; Dividendenbrutto- und Nettobetr\u00e4ge; Versandzertifikate und Crest-Gutschriftdaten; Stempelsteuer- und Provisionsprozents\u00e4tze; Die Daten werden von einem engagierten Londoner Team beschafft, verarbeitet und eingegeben. Das bedeutet, dass Sie von den aktuellsten Dividendenank\u00fcndigungen sowie von Aktualisierungen bestehender Datens\u00e4tze profitieren.\" \/>\n<meta property=\"og:url\" content=\"https:\/\/www.exchange-data.com\/de\/produkt\/uk-dividenden\/\" \/>\n<meta property=\"og:site_name\" content=\"Exchange Data International\" \/>\n<meta property=\"article:modified_time\" content=\"2025-08-08T12:35:00+00:00\" \/>\n<meta property=\"og:image\" content=\"https:\/\/www.exchange-data.com\/wp-content\/uploads\/2015\/09\/EDI-Post-Featured-Image-700x400-1.png\" \/>\n<meta name=\"twitter:card\" content=\"summary_large_image\" \/>\n<meta name=\"twitter:title\" content=\"UK-Dividenden - Vollst\u00e4ndiger \u00dcberblick \u00fcber UK-Dividendenzahlungen und -Zeitpl\u00e4ne\" \/>\n<meta name=\"twitter:description\" content=\"Erf\u00fcllen Sie die Erwartungen Ihrer Kunden mit zeitnahen, vollst\u00e4ndigen und genauen Daten zu britischen Dividenden. Nutzen Sie unseren UK-Dividenden-Datenfeed, um aktuelle und detaillierte Informationen \u00fcber alle neuen Dividendenank\u00fcndigungen sowie Aktualisierungen bestehender Datens\u00e4tze zu erhalten. Zu den Datenelementen geh\u00f6ren: Aufzeichnung von Bar- und Aktiendividenden, Zahlungs- und Ex-Datum; Dividendenbrutto- und Nettobetr\u00e4ge; Versandzertifikate und Crest-Gutschriftdaten; Stempelsteuer- und Provisionsprozents\u00e4tze; Die Daten werden von einem engagierten Londoner Team beschafft, verarbeitet und eingegeben. Das bedeutet, dass Sie von den aktuellsten Dividendenank\u00fcndigungen sowie von Aktualisierungen bestehender Datens\u00e4tze profitieren.\" \/>\n<meta name=\"twitter:image\" content=\"https:\/\/www.exchange-data.com\/wp-content\/uploads\/2015\/09\/EDI-Post-Featured-Image-700x400-1.png\" \/>\n<meta name=\"twitter:site\" content=\"@ExchangeData\" \/>\n<meta name=\"twitter:label1\" content=\"Gesch\u00e4tzte Lesezeit\" \/>\n\t<meta name=\"twitter:data1\" content=\"1\u00a0Minute\" \/>\n<script type=\"application\/ld+json\" class=\"yoast-schema-graph\">{\"@context\":\"https:\/\/schema.org\",\"@graph\":[{\"@type\":\"WebPage\",\"@id\":\"https:\/\/www.exchange-data.com\/de\/produkt\/uk-dividenden\/\",\"url\":\"https:\/\/www.exchange-data.com\/de\/produkt\/uk-dividenden\/\",\"name\":\"Britische Dividenden Daten | Exchange Data International\",\"isPartOf\":{\"@id\":\"https:\/\/www.exchange-data.com\/de\/#website\"},\"primaryImageOfPage\":{\"@id\":\"https:\/\/www.exchange-data.com\/de\/produkt\/uk-dividenden\/#primaryimage\"},\"image\":{\"@id\":\"https:\/\/www.exchange-data.com\/de\/produkt\/uk-dividenden\/#primaryimage\"},\"thumbnailUrl\":\"https:\/\/www.exchange-data.com\/wp-content\/uploads\/2015\/09\/EDI-Post-Featured-Image-700x400-1.png\",\"datePublished\":\"2019-03-28T16:15:59+00:00\",\"dateModified\":\"2025-08-08T12:35:00+00:00\",\"description\":\"Erhalten Sie vollst\u00e4ndige UK Dividenden-Daten \u2013 inklusive exakter Termine, Betr\u00e4ge & DRIPS-Alerts. Ideal f\u00fcr Berichte, Steuerberechnungen und Kundenkommunikation.\",\"breadcrumb\":{\"@id\":\"https:\/\/www.exchange-data.com\/de\/produkt\/uk-dividenden\/#breadcrumb\"},\"inLanguage\":\"de\",\"potentialAction\":[{\"@type\":\"ReadAction\",\"target\":[\"https:\/\/www.exchange-data.com\/de\/produkt\/uk-dividenden\/\"]}]},{\"@type\":\"ImageObject\",\"inLanguage\":\"de\",\"@id\":\"https:\/\/www.exchange-data.com\/de\/produkt\/uk-dividenden\/#primaryimage\",\"url\":\"https:\/\/www.exchange-data.com\/wp-content\/uploads\/2015\/09\/EDI-Post-Featured-Image-700x400-1.png\",\"contentUrl\":\"https:\/\/www.exchange-data.com\/wp-content\/uploads\/2015\/09\/EDI-Post-Featured-Image-700x400-1.png\",\"width\":700,\"height\":400,\"caption\":\"Exchange Data International\"},{\"@type\":\"BreadcrumbList\",\"@id\":\"https:\/\/www.exchange-data.com\/de\/produkt\/uk-dividenden\/#breadcrumb\",\"itemListElement\":[{\"@type\":\"ListItem\",\"position\":1,\"name\":\"Home\",\"item\":\"https:\/\/www.exchange-data.com\/de\/startseite\/\"},{\"@type\":\"ListItem\",\"position\":2,\"name\":\"Britische Dividenden\"}]},{\"@type\":\"WebSite\",\"@id\":\"https:\/\/www.exchange-data.com\/de\/#website\",\"url\":\"https:\/\/www.exchange-data.com\/de\/\",\"name\":\"Exchange Data International\",\"description\":\"Doing data differently\",\"publisher\":{\"@id\":\"https:\/\/www.exchange-data.com\/de\/#organization\"},\"potentialAction\":[{\"@type\":\"SearchAction\",\"target\":{\"@type\":\"EntryPoint\",\"urlTemplate\":\"https:\/\/www.exchange-data.com\/de\/?s={search_term_string}\"},\"query-input\":{\"@type\":\"PropertyValueSpecification\",\"valueRequired\":true,\"valueName\":\"search_term_string\"}}],\"inLanguage\":\"de\"},{\"@type\":\"Organization\",\"@id\":\"https:\/\/www.exchange-data.com\/de\/#organization\",\"name\":\"Exchange Data International\",\"url\":\"https:\/\/www.exchange-data.com\/de\/\",\"logo\":{\"@type\":\"ImageObject\",\"inLanguage\":\"de\",\"@id\":\"https:\/\/www.exchange-data.com\/de\/#\/schema\/logo\/image\/\",\"url\":\"https:\/\/www.exchange-data.com\/wp-content\/uploads\/2019\/03\/logo3.png\",\"contentUrl\":\"https:\/\/www.exchange-data.com\/wp-content\/uploads\/2019\/03\/logo3.png\",\"width\":200,\"height\":80,\"caption\":\"Exchange Data International\"},\"image\":{\"@id\":\"https:\/\/www.exchange-data.com\/de\/#\/schema\/logo\/image\/\"},\"sameAs\":[\"https:\/\/x.com\/ExchangeData\",\"https:\/\/www.linkedin.com\/company\/exchange-data-international\/?viewAsMember=true\",\"https:\/\/www.youtube.com\/channel\/UC5D1OpUb22YZANRLD_Ktcgg?view_as=subscriber\"]}]}<\/script>\n<!-- \/ Yoast SEO Premium plugin. -->","yoast_head_json":{"title":"Britische Dividenden Daten | Exchange Data International","description":"Erhalten Sie vollst\u00e4ndige UK Dividenden-Daten \u2013 inklusive exakter Termine, Betr\u00e4ge & DRIPS-Alerts. Ideal f\u00fcr Berichte, Steuerberechnungen und Kundenkommunikation.","robots":{"index":"index","follow":"follow","max-snippet":"max-snippet:-1","max-image-preview":"max-image-preview:large","max-video-preview":"max-video-preview:-1"},"canonical":"https:\/\/www.exchange-data.com\/de\/produkt\/uk-dividenden\/","og_locale":"de_DE","og_type":"article","og_title":"UK-Dividenden - Vollst\u00e4ndiger \u00dcberblick \u00fcber UK-Dividendenzahlungen und -Zeitpl\u00e4ne","og_description":"Erf\u00fcllen Sie die Erwartungen Ihrer Kunden mit zeitnahen, vollst\u00e4ndigen und genauen Daten zu britischen Dividenden. Nutzen Sie unseren UK-Dividenden-Datenfeed, um aktuelle und detaillierte Informationen \u00fcber alle neuen Dividendenank\u00fcndigungen sowie Aktualisierungen bestehender Datens\u00e4tze zu erhalten. Zu den Datenelementen geh\u00f6ren: Aufzeichnung von Bar- und Aktiendividenden, Zahlungs- und Ex-Datum; Dividendenbrutto- und Nettobetr\u00e4ge; Versandzertifikate und Crest-Gutschriftdaten; Stempelsteuer- und Provisionsprozents\u00e4tze; Die Daten werden von einem engagierten Londoner Team beschafft, verarbeitet und eingegeben. Das bedeutet, dass Sie von den aktuellsten Dividendenank\u00fcndigungen sowie von Aktualisierungen bestehender Datens\u00e4tze profitieren.","og_url":"https:\/\/www.exchange-data.com\/de\/produkt\/uk-dividenden\/","og_site_name":"Exchange Data International","article_modified_time":"2025-08-08T12:35:00+00:00","og_image":[{"url":"https:\/\/www.exchange-data.com\/wp-content\/uploads\/2015\/09\/EDI-Post-Featured-Image-700x400-1.png","type":"","width":"","height":""}],"twitter_card":"summary_large_image","twitter_title":"UK-Dividenden - Vollst\u00e4ndiger \u00dcberblick \u00fcber UK-Dividendenzahlungen und -Zeitpl\u00e4ne","twitter_description":"Erf\u00fcllen Sie die Erwartungen Ihrer Kunden mit zeitnahen, vollst\u00e4ndigen und genauen Daten zu britischen Dividenden. Nutzen Sie unseren UK-Dividenden-Datenfeed, um aktuelle und detaillierte Informationen \u00fcber alle neuen Dividendenank\u00fcndigungen sowie Aktualisierungen bestehender Datens\u00e4tze zu erhalten. Zu den Datenelementen geh\u00f6ren: Aufzeichnung von Bar- und Aktiendividenden, Zahlungs- und Ex-Datum; Dividendenbrutto- und Nettobetr\u00e4ge; Versandzertifikate und Crest-Gutschriftdaten; Stempelsteuer- und Provisionsprozents\u00e4tze; Die Daten werden von einem engagierten Londoner Team beschafft, verarbeitet und eingegeben. Das bedeutet, dass Sie von den aktuellsten Dividendenank\u00fcndigungen sowie von Aktualisierungen bestehender Datens\u00e4tze profitieren.","twitter_image":"https:\/\/www.exchange-data.com\/wp-content\/uploads\/2015\/09\/EDI-Post-Featured-Image-700x400-1.png","twitter_site":"@ExchangeData","twitter_misc":{"Gesch\u00e4tzte Lesezeit":"1\u00a0Minute"},"schema":{"@context":"https:\/\/schema.org","@graph":[{"@type":"WebPage","@id":"https:\/\/www.exchange-data.com\/de\/produkt\/uk-dividenden\/","url":"https:\/\/www.exchange-data.com\/de\/produkt\/uk-dividenden\/","name":"Britische Dividenden Daten | Exchange Data International","isPartOf":{"@id":"https:\/\/www.exchange-data.com\/de\/#website"},"primaryImageOfPage":{"@id":"https:\/\/www.exchange-data.com\/de\/produkt\/uk-dividenden\/#primaryimage"},"image":{"@id":"https:\/\/www.exchange-data.com\/de\/produkt\/uk-dividenden\/#primaryimage"},"thumbnailUrl":"https:\/\/www.exchange-data.com\/wp-content\/uploads\/2015\/09\/EDI-Post-Featured-Image-700x400-1.png","datePublished":"2019-03-28T16:15:59+00:00","dateModified":"2025-08-08T12:35:00+00:00","description":"Erhalten Sie vollst\u00e4ndige UK Dividenden-Daten \u2013 inklusive exakter Termine, Betr\u00e4ge & DRIPS-Alerts. Ideal f\u00fcr Berichte, Steuerberechnungen und Kundenkommunikation.","breadcrumb":{"@id":"https:\/\/www.exchange-data.com\/de\/produkt\/uk-dividenden\/#breadcrumb"},"inLanguage":"de","potentialAction":[{"@type":"ReadAction","target":["https:\/\/www.exchange-data.com\/de\/produkt\/uk-dividenden\/"]}]},{"@type":"ImageObject","inLanguage":"de","@id":"https:\/\/www.exchange-data.com\/de\/produkt\/uk-dividenden\/#primaryimage","url":"https:\/\/www.exchange-data.com\/wp-content\/uploads\/2015\/09\/EDI-Post-Featured-Image-700x400-1.png","contentUrl":"https:\/\/www.exchange-data.com\/wp-content\/uploads\/2015\/09\/EDI-Post-Featured-Image-700x400-1.png","width":700,"height":400,"caption":"Exchange Data International"},{"@type":"BreadcrumbList","@id":"https:\/\/www.exchange-data.com\/de\/produkt\/uk-dividenden\/#breadcrumb","itemListElement":[{"@type":"ListItem","position":1,"name":"Home","item":"https:\/\/www.exchange-data.com\/de\/startseite\/"},{"@type":"ListItem","position":2,"name":"Britische Dividenden"}]},{"@type":"WebSite","@id":"https:\/\/www.exchange-data.com\/de\/#website","url":"https:\/\/www.exchange-data.com\/de\/","name":"Exchange Data International","description":"Doing data differently","publisher":{"@id":"https:\/\/www.exchange-data.com\/de\/#organization"},"potentialAction":[{"@type":"SearchAction","target":{"@type":"EntryPoint","urlTemplate":"https:\/\/www.exchange-data.com\/de\/?s={search_term_string}"},"query-input":{"@type":"PropertyValueSpecification","valueRequired":true,"valueName":"search_term_string"}}],"inLanguage":"de"},{"@type":"Organization","@id":"https:\/\/www.exchange-data.com\/de\/#organization","name":"Exchange Data International","url":"https:\/\/www.exchange-data.com\/de\/","logo":{"@type":"ImageObject","inLanguage":"de","@id":"https:\/\/www.exchange-data.com\/de\/#\/schema\/logo\/image\/","url":"https:\/\/www.exchange-data.com\/wp-content\/uploads\/2019\/03\/logo3.png","contentUrl":"https:\/\/www.exchange-data.com\/wp-content\/uploads\/2019\/03\/logo3.png","width":200,"height":80,"caption":"Exchange Data International"},"image":{"@id":"https:\/\/www.exchange-data.com\/de\/#\/schema\/logo\/image\/"},"sameAs":["https:\/\/x.com\/ExchangeData","https:\/\/www.linkedin.com\/company\/exchange-data-international\/?viewAsMember=true","https:\/\/www.youtube.com\/channel\/UC5D1OpUb22YZANRLD_Ktcgg?view_as=subscriber"]}]}},"_links":{"self":[{"href":"https:\/\/www.exchange-data.com\/de\/wp-json\/wp\/v2\/product\/35754","targetHints":{"allow":["GET"]}}],"collection":[{"href":"https:\/\/www.exchange-data.com\/de\/wp-json\/wp\/v2\/product"}],"about":[{"href":"https:\/\/www.exchange-data.com\/de\/wp-json\/wp\/v2\/types\/product"}],"wp:featuredmedia":[{"embeddable":true,"href":"https:\/\/www.exchange-data.com\/de\/wp-json\/wp\/v2\/media\/34153"}],"wp:attachment":[{"href":"https:\/\/www.exchange-data.com\/de\/wp-json\/wp\/v2\/media?parent=35754"}],"wp:term":[{"taxonomy":"country","embeddable":true,"href":"https:\/\/www.exchange-data.com\/de\/wp-json\/wp\/v2\/country?post=35754"},{"taxonomy":"product_category","embeddable":true,"href":"https:\/\/www.exchange-data.com\/de\/wp-json\/wp\/v2\/product_category?post=35754"}],"curies":[{"name":"wp","href":"https:\/\/api.w.org\/{rel}","templated":true}]}}