{"id":35755,"date":"2019-03-28T17:00:06","date_gmt":"2019-03-28T16:00:06","guid":{"rendered":"https:\/\/www.exchange-data.com\/product\/weltweite-aktienanalyse\/"},"modified":"2025-08-12T13:46:50","modified_gmt":"2025-08-12T12:46:50","slug":"weltweite-aktienanalyse","status":"publish","type":"product","link":"https:\/\/www.exchange-data.com\/de\/produkt\/weltweite-aktienanalyse\/","title":{"rendered":"Globale Aktienanalysen"},"content":{"rendered":"<p><span style=\"font-weight: 400;\">Worldwide Equity Analytics ist ein neuer Datenfeed mit abgeleiteten Aktienkennzahlen, der Kunden hochwertige Informationen liefert, um ihr Portfolio effizient zu steuern und zu bewerten.<\/span><\/p>\n<p>Erhalten Sie alle ben\u00f6tigten Analysedaten in einer einzigen Datei, um:<\/p>\n<ul>\n<li>Risiken im Zusammenhang mit Wertpapieren im Portfolio zu minimieren<\/li>\n<li>Entscheidungsprozesse zu automatisieren<\/li>\n<\/ul>\n<h4>Einblicke in den globalen Aktienmarkt zu gewinnen<\/h4>\n<p>Sie erhalten ein individuell anpassbares Set mit \u00fcber 60 Kennzahlen, darunter:<\/p>\n<table>\n<tbody>\n<tr>\n<td>\n<ul>\n<li>Marktkapitalisierung des Emittenten<\/li>\n<li>Durchschnittliches t\u00e4gliches Handelsvolumen \u00fcber 9 Monate<\/li>\n<li>Benchmark-Wertpapiere<\/li>\n<li>1-, 5- und 10-Jahres-Renditen von Benchmark, Aktie und Vergleichsgruppen<\/li>\n<li>Dividendenwachstum \u00fcber 1 und 5 Jahre<\/li>\n<\/ul>\n<\/td>\n<td>\n<ul>\n<li>Durchschnittliches Handelsvolumen der letzten Woche, des Monats und des Jahres<\/li>\n<li>RSI (Relative Strength Index)<\/li>\n<li>90-Tage-Volatilit\u00e4t<\/li>\n<li>Value at Risk \u00fcber 1 Jahr (bei 99\u202f% und 95\u202f%-Konfidenz)<\/li>\n<li>Alpha, Beta, R\u00b2 und Sharpe Ratio \u00fcber 12 und 60 Monate<\/li>\n<\/ul>\n<\/td>\n<\/tr>\n<\/tbody>\n<\/table>\n<p>*Zus\u00e4tzliche Analysefelder k\u00f6nnen auf Wunsch erg\u00e4nzt werden.<\/p>\n<h4>Enthalten sind zudem Referenzdaten aus der S<a title=\"Referenzdaten-Dienst\" href=\"https:\/\/www.exchange-data.com\/product\/securities-reference-data-srf\/\">ecurity Reference File<\/a>, wie:<\/h4>\n<ul>\n<li>Emittentenname<\/li>\n<li>Wertpapierart<\/li>\n<li>MIC<\/li>\n<li>B\u00f6rsenplatz<\/li>\n<\/ul>\n<h4>Sowie End-of-Day-Preiselemente wie:<\/h4>\n<ul>\n<li>Letzter Handelstag<\/li>\n<li>Tageshoch<\/li>\n<li>Tagestief<\/li>\n<li>Schlusskurs<\/li>\n<\/ul>\n<p><span style=\"font-weight: 400;\">Durch die Verkn\u00fcpfung mit <a title=\"Referenzdaten-Dienst\" href=\"https:\/\/www.exchange-data.com\/product\/end-of-day-pricing-data\/\">End-of-Day-Preisdateien<\/a> werden die Analysen automatisch kurz nach B\u00f6rsenschluss ver\u00f6ffentlicht \u2013 f\u00fcr jedes Wertpapier.<\/span><br \/>\n<!-- Event snippet for submit lead form conversion page --> <script> gtag('event', 'conversion', {'send_to': 'AW-1071256740\/81J3CNLDrowYEKSp6P4D'}); <\/script><\/p>\n","protected":false},"featured_media":34153,"template":"","country":[],"product_category":[3173,3167],"class_list":["post-35755","product","type-product","status-publish","has-post-thumbnail","hentry","product_category-daten-zur-preisgestaltung-de","product_category-produkte-und-services"],"acf":[],"yoast_head":"<!-- This site is optimized with the Yoast SEO Premium plugin v26.0 (Yoast SEO v26.0) - https:\/\/yoast.com\/wordpress\/plugins\/seo\/ -->\n<title>Globale Aktienanalysen Daten | Exchange Data International<\/title>\n<meta name=\"description\" content=\"Durch die Verkn\u00fcpfung mit End-of-Day-Preisdateien werden die Analysen automatisch kurz nach B\u00f6rsenschluss ver\u00f6ffentlicht \u2013 f\u00fcr jedes Wertpapier.\" \/>\n<meta name=\"robots\" content=\"index, follow, max-snippet:-1, max-image-preview:large, max-video-preview:-1\" \/>\n<link rel=\"canonical\" href=\"https:\/\/www.exchange-data.com\/de\/produkt\/weltweite-aktienanalyse\/\" \/>\n<meta property=\"og:locale\" content=\"de_DE\" \/>\n<meta property=\"og:type\" content=\"article\" \/>\n<meta property=\"og:title\" content=\"Weltweite Aktienanalyse\" \/>\n<meta property=\"og:description\" content=\"Worldwide Equity Analytics ist ein neuer Feed mit abgeleiteten Aktiendaten, der den Kunden hochwertige Informationen f\u00fcr die effiziente Verwaltung und Bewertung ihres Portfolios liefert. Sie erhalten eine Datei mit allen Analysedaten, die Sie ben\u00f6tigen, um die mit den Wertpapieren in Ihrem Portfolio verbundenen Risiken zu mindern und die Entscheidungsfindung zu automatisieren.\" \/>\n<meta property=\"og:url\" content=\"https:\/\/www.exchange-data.com\/de\/produkt\/weltweite-aktienanalyse\/\" \/>\n<meta property=\"og:site_name\" content=\"Exchange Data International\" \/>\n<meta property=\"article:modified_time\" content=\"2025-08-12T12:46:50+00:00\" \/>\n<meta property=\"og:image\" content=\"https:\/\/www.exchange-data.com\/wp-content\/uploads\/2015\/09\/EDI-Post-Featured-Image-700x400-1.png\" \/>\n<meta name=\"twitter:card\" content=\"summary_large_image\" \/>\n<meta name=\"twitter:title\" content=\"Weltweite Aktienanalyse\" \/>\n<meta name=\"twitter:description\" content=\"Worldwide Equity Analytics ist ein neuer Feed mit abgeleiteten Aktiendaten, der den Kunden hochwertige Informationen f\u00fcr die effiziente Verwaltung und Bewertung ihres Portfolios liefert. Sie erhalten eine Datei mit allen Analysedaten, die Sie ben\u00f6tigen, um die mit den Wertpapieren in Ihrem Portfolio verbundenen Risiken zu mindern und die Entscheidungsfindung zu automatisieren.\" \/>\n<meta name=\"twitter:image\" content=\"https:\/\/www.exchange-data.com\/wp-content\/uploads\/2015\/09\/EDI-Post-Featured-Image-700x400-1.png\" \/>\n<meta name=\"twitter:site\" content=\"@ExchangeData\" \/>\n<meta name=\"twitter:label1\" content=\"Gesch\u00e4tzte Lesezeit\" \/>\n\t<meta name=\"twitter:data1\" content=\"1\u00a0Minute\" \/>\n<script type=\"application\/ld+json\" class=\"yoast-schema-graph\">{\"@context\":\"https:\/\/schema.org\",\"@graph\":[{\"@type\":\"WebPage\",\"@id\":\"https:\/\/www.exchange-data.com\/de\/produkt\/weltweite-aktienanalyse\/\",\"url\":\"https:\/\/www.exchange-data.com\/de\/produkt\/weltweite-aktienanalyse\/\",\"name\":\"Globale Aktienanalysen Daten | Exchange Data International\",\"isPartOf\":{\"@id\":\"https:\/\/www.exchange-data.com\/de\/#website\"},\"primaryImageOfPage\":{\"@id\":\"https:\/\/www.exchange-data.com\/de\/produkt\/weltweite-aktienanalyse\/#primaryimage\"},\"image\":{\"@id\":\"https:\/\/www.exchange-data.com\/de\/produkt\/weltweite-aktienanalyse\/#primaryimage\"},\"thumbnailUrl\":\"https:\/\/www.exchange-data.com\/wp-content\/uploads\/2015\/09\/EDI-Post-Featured-Image-700x400-1.png\",\"datePublished\":\"2019-03-28T16:00:06+00:00\",\"dateModified\":\"2025-08-12T12:46:50+00:00\",\"description\":\"Durch die Verkn\u00fcpfung mit End-of-Day-Preisdateien werden die Analysen automatisch kurz nach B\u00f6rsenschluss ver\u00f6ffentlicht \u2013 f\u00fcr jedes Wertpapier.\",\"breadcrumb\":{\"@id\":\"https:\/\/www.exchange-data.com\/de\/produkt\/weltweite-aktienanalyse\/#breadcrumb\"},\"inLanguage\":\"de\",\"potentialAction\":[{\"@type\":\"ReadAction\",\"target\":[\"https:\/\/www.exchange-data.com\/de\/produkt\/weltweite-aktienanalyse\/\"]}]},{\"@type\":\"ImageObject\",\"inLanguage\":\"de\",\"@id\":\"https:\/\/www.exchange-data.com\/de\/produkt\/weltweite-aktienanalyse\/#primaryimage\",\"url\":\"https:\/\/www.exchange-data.com\/wp-content\/uploads\/2015\/09\/EDI-Post-Featured-Image-700x400-1.png\",\"contentUrl\":\"https:\/\/www.exchange-data.com\/wp-content\/uploads\/2015\/09\/EDI-Post-Featured-Image-700x400-1.png\",\"width\":700,\"height\":400,\"caption\":\"Exchange Data International\"},{\"@type\":\"BreadcrumbList\",\"@id\":\"https:\/\/www.exchange-data.com\/de\/produkt\/weltweite-aktienanalyse\/#breadcrumb\",\"itemListElement\":[{\"@type\":\"ListItem\",\"position\":1,\"name\":\"Home\",\"item\":\"https:\/\/www.exchange-data.com\/de\/startseite\/\"},{\"@type\":\"ListItem\",\"position\":2,\"name\":\"Globale Aktienanalysen\"}]},{\"@type\":\"WebSite\",\"@id\":\"https:\/\/www.exchange-data.com\/de\/#website\",\"url\":\"https:\/\/www.exchange-data.com\/de\/\",\"name\":\"Exchange Data International\",\"description\":\"Doing data differently\",\"publisher\":{\"@id\":\"https:\/\/www.exchange-data.com\/de\/#organization\"},\"potentialAction\":[{\"@type\":\"SearchAction\",\"target\":{\"@type\":\"EntryPoint\",\"urlTemplate\":\"https:\/\/www.exchange-data.com\/de\/?s={search_term_string}\"},\"query-input\":{\"@type\":\"PropertyValueSpecification\",\"valueRequired\":true,\"valueName\":\"search_term_string\"}}],\"inLanguage\":\"de\"},{\"@type\":\"Organization\",\"@id\":\"https:\/\/www.exchange-data.com\/de\/#organization\",\"name\":\"Exchange Data International\",\"url\":\"https:\/\/www.exchange-data.com\/de\/\",\"logo\":{\"@type\":\"ImageObject\",\"inLanguage\":\"de\",\"@id\":\"https:\/\/www.exchange-data.com\/de\/#\/schema\/logo\/image\/\",\"url\":\"https:\/\/www.exchange-data.com\/wp-content\/uploads\/2019\/03\/logo3.png\",\"contentUrl\":\"https:\/\/www.exchange-data.com\/wp-content\/uploads\/2019\/03\/logo3.png\",\"width\":200,\"height\":80,\"caption\":\"Exchange Data International\"},\"image\":{\"@id\":\"https:\/\/www.exchange-data.com\/de\/#\/schema\/logo\/image\/\"},\"sameAs\":[\"https:\/\/x.com\/ExchangeData\",\"https:\/\/www.linkedin.com\/company\/exchange-data-international\/?viewAsMember=true\",\"https:\/\/www.youtube.com\/channel\/UC5D1OpUb22YZANRLD_Ktcgg?view_as=subscriber\"]}]}<\/script>\n<!-- \/ Yoast SEO Premium plugin. -->","yoast_head_json":{"title":"Globale Aktienanalysen Daten | Exchange Data International","description":"Durch die Verkn\u00fcpfung mit End-of-Day-Preisdateien werden die Analysen automatisch kurz nach B\u00f6rsenschluss ver\u00f6ffentlicht \u2013 f\u00fcr jedes Wertpapier.","robots":{"index":"index","follow":"follow","max-snippet":"max-snippet:-1","max-image-preview":"max-image-preview:large","max-video-preview":"max-video-preview:-1"},"canonical":"https:\/\/www.exchange-data.com\/de\/produkt\/weltweite-aktienanalyse\/","og_locale":"de_DE","og_type":"article","og_title":"Weltweite Aktienanalyse","og_description":"Worldwide Equity Analytics ist ein neuer Feed mit abgeleiteten Aktiendaten, der den Kunden hochwertige Informationen f\u00fcr die effiziente Verwaltung und Bewertung ihres Portfolios liefert. Sie erhalten eine Datei mit allen Analysedaten, die Sie ben\u00f6tigen, um die mit den Wertpapieren in Ihrem Portfolio verbundenen Risiken zu mindern und die Entscheidungsfindung zu automatisieren.","og_url":"https:\/\/www.exchange-data.com\/de\/produkt\/weltweite-aktienanalyse\/","og_site_name":"Exchange Data International","article_modified_time":"2025-08-12T12:46:50+00:00","og_image":[{"url":"https:\/\/www.exchange-data.com\/wp-content\/uploads\/2015\/09\/EDI-Post-Featured-Image-700x400-1.png","type":"","width":"","height":""}],"twitter_card":"summary_large_image","twitter_title":"Weltweite Aktienanalyse","twitter_description":"Worldwide Equity Analytics ist ein neuer Feed mit abgeleiteten Aktiendaten, der den Kunden hochwertige Informationen f\u00fcr die effiziente Verwaltung und Bewertung ihres Portfolios liefert. Sie erhalten eine Datei mit allen Analysedaten, die Sie ben\u00f6tigen, um die mit den Wertpapieren in Ihrem Portfolio verbundenen Risiken zu mindern und die Entscheidungsfindung zu automatisieren.","twitter_image":"https:\/\/www.exchange-data.com\/wp-content\/uploads\/2015\/09\/EDI-Post-Featured-Image-700x400-1.png","twitter_site":"@ExchangeData","twitter_misc":{"Gesch\u00e4tzte Lesezeit":"1\u00a0Minute"},"schema":{"@context":"https:\/\/schema.org","@graph":[{"@type":"WebPage","@id":"https:\/\/www.exchange-data.com\/de\/produkt\/weltweite-aktienanalyse\/","url":"https:\/\/www.exchange-data.com\/de\/produkt\/weltweite-aktienanalyse\/","name":"Globale Aktienanalysen Daten | Exchange Data International","isPartOf":{"@id":"https:\/\/www.exchange-data.com\/de\/#website"},"primaryImageOfPage":{"@id":"https:\/\/www.exchange-data.com\/de\/produkt\/weltweite-aktienanalyse\/#primaryimage"},"image":{"@id":"https:\/\/www.exchange-data.com\/de\/produkt\/weltweite-aktienanalyse\/#primaryimage"},"thumbnailUrl":"https:\/\/www.exchange-data.com\/wp-content\/uploads\/2015\/09\/EDI-Post-Featured-Image-700x400-1.png","datePublished":"2019-03-28T16:00:06+00:00","dateModified":"2025-08-12T12:46:50+00:00","description":"Durch die Verkn\u00fcpfung mit End-of-Day-Preisdateien werden die Analysen automatisch kurz nach B\u00f6rsenschluss ver\u00f6ffentlicht \u2013 f\u00fcr jedes Wertpapier.","breadcrumb":{"@id":"https:\/\/www.exchange-data.com\/de\/produkt\/weltweite-aktienanalyse\/#breadcrumb"},"inLanguage":"de","potentialAction":[{"@type":"ReadAction","target":["https:\/\/www.exchange-data.com\/de\/produkt\/weltweite-aktienanalyse\/"]}]},{"@type":"ImageObject","inLanguage":"de","@id":"https:\/\/www.exchange-data.com\/de\/produkt\/weltweite-aktienanalyse\/#primaryimage","url":"https:\/\/www.exchange-data.com\/wp-content\/uploads\/2015\/09\/EDI-Post-Featured-Image-700x400-1.png","contentUrl":"https:\/\/www.exchange-data.com\/wp-content\/uploads\/2015\/09\/EDI-Post-Featured-Image-700x400-1.png","width":700,"height":400,"caption":"Exchange Data International"},{"@type":"BreadcrumbList","@id":"https:\/\/www.exchange-data.com\/de\/produkt\/weltweite-aktienanalyse\/#breadcrumb","itemListElement":[{"@type":"ListItem","position":1,"name":"Home","item":"https:\/\/www.exchange-data.com\/de\/startseite\/"},{"@type":"ListItem","position":2,"name":"Globale Aktienanalysen"}]},{"@type":"WebSite","@id":"https:\/\/www.exchange-data.com\/de\/#website","url":"https:\/\/www.exchange-data.com\/de\/","name":"Exchange Data International","description":"Doing data differently","publisher":{"@id":"https:\/\/www.exchange-data.com\/de\/#organization"},"potentialAction":[{"@type":"SearchAction","target":{"@type":"EntryPoint","urlTemplate":"https:\/\/www.exchange-data.com\/de\/?s={search_term_string}"},"query-input":{"@type":"PropertyValueSpecification","valueRequired":true,"valueName":"search_term_string"}}],"inLanguage":"de"},{"@type":"Organization","@id":"https:\/\/www.exchange-data.com\/de\/#organization","name":"Exchange Data International","url":"https:\/\/www.exchange-data.com\/de\/","logo":{"@type":"ImageObject","inLanguage":"de","@id":"https:\/\/www.exchange-data.com\/de\/#\/schema\/logo\/image\/","url":"https:\/\/www.exchange-data.com\/wp-content\/uploads\/2019\/03\/logo3.png","contentUrl":"https:\/\/www.exchange-data.com\/wp-content\/uploads\/2019\/03\/logo3.png","width":200,"height":80,"caption":"Exchange Data International"},"image":{"@id":"https:\/\/www.exchange-data.com\/de\/#\/schema\/logo\/image\/"},"sameAs":["https:\/\/x.com\/ExchangeData","https:\/\/www.linkedin.com\/company\/exchange-data-international\/?viewAsMember=true","https:\/\/www.youtube.com\/channel\/UC5D1OpUb22YZANRLD_Ktcgg?view_as=subscriber"]}]}},"_links":{"self":[{"href":"https:\/\/www.exchange-data.com\/de\/wp-json\/wp\/v2\/product\/35755","targetHints":{"allow":["GET"]}}],"collection":[{"href":"https:\/\/www.exchange-data.com\/de\/wp-json\/wp\/v2\/product"}],"about":[{"href":"https:\/\/www.exchange-data.com\/de\/wp-json\/wp\/v2\/types\/product"}],"wp:featuredmedia":[{"embeddable":true,"href":"https:\/\/www.exchange-data.com\/de\/wp-json\/wp\/v2\/media\/34153"}],"wp:attachment":[{"href":"https:\/\/www.exchange-data.com\/de\/wp-json\/wp\/v2\/media?parent=35755"}],"wp:term":[{"taxonomy":"country","embeddable":true,"href":"https:\/\/www.exchange-data.com\/de\/wp-json\/wp\/v2\/country?post=35755"},{"taxonomy":"product_category","embeddable":true,"href":"https:\/\/www.exchange-data.com\/de\/wp-json\/wp\/v2\/product_category?post=35755"}],"curies":[{"name":"wp","href":"https:\/\/api.w.org\/{rel}","templated":true}]}}