{"id":35756,"date":"2019-03-28T16:42:15","date_gmt":"2019-03-28T15:42:15","guid":{"rendered":"https:\/\/www.exchange-data.com\/product\/us-investmentfonds\/"},"modified":"2025-08-12T12:24:21","modified_gmt":"2025-08-12T11:24:21","slug":"us-investmentfonds","status":"publish","type":"product","link":"https:\/\/www.exchange-data.com\/de\/produkt\/us-investmentfonds\/","title":{"rendered":"US Mutual Funds"},"content":{"rendered":"<p><span style=\"font-weight: 400;\">Unser US-Mutual-Produkt bietet hochwertige Referenzdaten, umfassende Informationen zu Kapitalma\u00dfnahmen und Dividenden sowie einen t\u00e4glichen Kursdatenfeed f\u00fcr US-Investmentfonds.<\/span><\/p>\n<p><span style=\"font-weight: 400;\">Kunden erhalten Zugriff auf dynamisch aktualisierte, gepflegte und detaillierte Informationen zu \u00fcber 31.000 Mutual Funds, 18.000 Unit Investment Trusts (UITs) und 200 Intervallfonds in den USA. Die Daten umfassen \u00fcber 20 Felder, darunter:<\/span><\/p>\n<div style=\"float: left; width: 33%;\">\n<ul class=\"Evnt2\">\n<li>US-Lokaler Code<\/li>\n<li>FIGI<\/li>\n<li>ISIN<\/li>\n<\/ul>\n<\/div>\n<ul>\n<li>Emittentenname<\/li>\n<li>Tickersymbole<\/li>\n<\/ul>\n<p>&nbsp;<\/p>\n<h4>Betriebsrisiken minimieren und immer auf dem neuesten Stand bleiben<\/h4>\n<p><span style=\"font-weight: 400;\">Die Verarbeitung von Kapitalma\u00dfnahmen ist entscheidend f\u00fcr den Gesch\u00e4ftsbetrieb. Fehlinterpretationen oder fehlende Informationen k\u00f6nnen erhebliche finanzielle und reputationsbezogene Sch\u00e4den verursachen. Bei EDI liefern wir gesch\u00e4ftskritische Informationen direkt von der Quelle \u2013 genau dann, wenn Sie sie ben\u00f6tigen. So stellen Sie sicher, dass Ihrem Unternehmen keine wichtigen Kapitalma\u00dfnahmen entgehen. EDI greift auf \u00fcber 25 Jahre Branchenerfahrung zur\u00fcck und ist ein etablierter Partner im Bereich Corporate Actions.    <\/span><\/p>\n<p>&nbsp;<\/p>\n<h4>Sichern Sie sich NAV-Daten zu US-Mutual Funds direkt bei Verf\u00fcgbarkeit<\/h4>\n<p>Nutzen Sie unseren End-of-Day-Preisfeed, um:<\/p>\n<ul>\n<li>Schlusskurse von US-Mutual Funds und Unit Investment Trusts (UITs) zu erhalten<\/li>\n<li>US-Fonds anhand statischer Datenfelder aus dem Security Reference File gezielt zu identifizieren<\/li>\n<\/ul>\n","protected":false},"featured_media":34153,"template":"","country":[],"product_category":[3174,3167],"class_list":["post-35756","product","type-product","status-publish","has-post-thumbnail","hentry","product_category-investment-funds-edi-de-edi-products-services-de","product_category-produkte-und-services"],"acf":[],"yoast_head":"<!-- This site is optimized with the Yoast SEO Premium plugin v26.0 (Yoast SEO v26.0) - https:\/\/yoast.com\/wordpress\/plugins\/seo\/ -->\n<title>US Mutual Funds Daten | Exchange Data International<\/title>\n<meta name=\"description\" content=\"Zugriff auf pr\u00e4zise Daten zu Investmentfonds \u2013 inklusive NAVs, Kapitalma\u00dfnahmen und Preisfeeds f\u00fcr \u00fcber 31.000 US Mutual Funds und UITs, direkt von der Quelle.\" \/>\n<meta name=\"robots\" content=\"index, follow, max-snippet:-1, max-image-preview:large, max-video-preview:-1\" \/>\n<link rel=\"canonical\" href=\"https:\/\/www.exchange-data.com\/de\/produkt\/us-investmentfonds\/\" \/>\n<meta property=\"og:locale\" content=\"de_DE\" \/>\n<meta property=\"og:type\" content=\"article\" \/>\n<meta property=\"og:title\" content=\"US-Investmentfonds\" \/>\n<meta property=\"og:description\" content=\"Unser US-Publikumsfonds-Produkt bietet Referenzdaten h\u00f6chster Qualit\u00e4t, umfassende Daten zu Kapitalma\u00dfnahmen und Dividenden sowie einen t\u00e4glichen Preisfeed f\u00fcr US-Publikumsfonds. Unsere Kunden k\u00f6nnen auf dynamisch aktualisierte, gepflegte und detaillierte Informationen \u00fcber mehr als 31.000 Investmentfonds, 18.000 Unit Investment Trusts (UITS) und 200 Intervallfonds f\u00fcr die USA zugreifen und Daten aus mehr als 20 Feldern ausw\u00e4hlen, darunter US Local Code, FIGI, ISIN, Emittentenname und Ticker.\" \/>\n<meta property=\"og:url\" content=\"https:\/\/www.exchange-data.com\/de\/produkt\/us-investmentfonds\/\" \/>\n<meta property=\"og:site_name\" content=\"Exchange Data International\" \/>\n<meta property=\"article:modified_time\" content=\"2025-08-12T11:24:21+00:00\" \/>\n<meta property=\"og:image\" content=\"https:\/\/www.exchange-data.com\/wp-content\/uploads\/2015\/09\/EDI-Post-Featured-Image-700x400-1.png\" \/>\n<meta name=\"twitter:card\" content=\"summary_large_image\" \/>\n<meta name=\"twitter:title\" content=\"US-Investmentfonds\" \/>\n<meta name=\"twitter:description\" content=\"Unser US-Publikumsfonds-Produkt bietet Referenzdaten h\u00f6chster Qualit\u00e4t, umfassende Daten zu Kapitalma\u00dfnahmen und Dividenden sowie einen t\u00e4glichen Preisfeed f\u00fcr US-Publikumsfonds. Unsere Kunden k\u00f6nnen auf dynamisch aktualisierte, gepflegte und detaillierte Informationen \u00fcber mehr als 31.000 Investmentfonds, 18.000 Unit Investment Trusts (UITS) und 200 Intervallfonds f\u00fcr die USA zugreifen und Daten aus mehr als 20 Feldern ausw\u00e4hlen, darunter US Local Code, FIGI, ISIN, Emittentenname und Ticker.\" \/>\n<meta name=\"twitter:image\" content=\"https:\/\/www.exchange-data.com\/wp-content\/uploads\/2015\/09\/EDI-Post-Featured-Image-700x400-1.png\" \/>\n<meta name=\"twitter:site\" content=\"@ExchangeData\" \/>\n<meta name=\"twitter:label1\" content=\"Gesch\u00e4tzte Lesezeit\" \/>\n\t<meta name=\"twitter:data1\" content=\"1\u00a0Minute\" \/>\n<script type=\"application\/ld+json\" class=\"yoast-schema-graph\">{\"@context\":\"https:\/\/schema.org\",\"@graph\":[{\"@type\":\"WebPage\",\"@id\":\"https:\/\/www.exchange-data.com\/de\/produkt\/us-investmentfonds\/\",\"url\":\"https:\/\/www.exchange-data.com\/de\/produkt\/us-investmentfonds\/\",\"name\":\"US Mutual Funds Daten | Exchange Data International\",\"isPartOf\":{\"@id\":\"https:\/\/www.exchange-data.com\/de\/#website\"},\"primaryImageOfPage\":{\"@id\":\"https:\/\/www.exchange-data.com\/de\/produkt\/us-investmentfonds\/#primaryimage\"},\"image\":{\"@id\":\"https:\/\/www.exchange-data.com\/de\/produkt\/us-investmentfonds\/#primaryimage\"},\"thumbnailUrl\":\"https:\/\/www.exchange-data.com\/wp-content\/uploads\/2015\/09\/EDI-Post-Featured-Image-700x400-1.png\",\"datePublished\":\"2019-03-28T15:42:15+00:00\",\"dateModified\":\"2025-08-12T11:24:21+00:00\",\"description\":\"Zugriff auf pr\u00e4zise Daten zu Investmentfonds \u2013 inklusive NAVs, Kapitalma\u00dfnahmen und Preisfeeds f\u00fcr \u00fcber 31.000 US Mutual Funds und UITs, direkt von der Quelle.\",\"breadcrumb\":{\"@id\":\"https:\/\/www.exchange-data.com\/de\/produkt\/us-investmentfonds\/#breadcrumb\"},\"inLanguage\":\"de\",\"potentialAction\":[{\"@type\":\"ReadAction\",\"target\":[\"https:\/\/www.exchange-data.com\/de\/produkt\/us-investmentfonds\/\"]}]},{\"@type\":\"ImageObject\",\"inLanguage\":\"de\",\"@id\":\"https:\/\/www.exchange-data.com\/de\/produkt\/us-investmentfonds\/#primaryimage\",\"url\":\"https:\/\/www.exchange-data.com\/wp-content\/uploads\/2015\/09\/EDI-Post-Featured-Image-700x400-1.png\",\"contentUrl\":\"https:\/\/www.exchange-data.com\/wp-content\/uploads\/2015\/09\/EDI-Post-Featured-Image-700x400-1.png\",\"width\":700,\"height\":400,\"caption\":\"Exchange Data International\"},{\"@type\":\"BreadcrumbList\",\"@id\":\"https:\/\/www.exchange-data.com\/de\/produkt\/us-investmentfonds\/#breadcrumb\",\"itemListElement\":[{\"@type\":\"ListItem\",\"position\":1,\"name\":\"Home\",\"item\":\"https:\/\/www.exchange-data.com\/de\/startseite\/\"},{\"@type\":\"ListItem\",\"position\":2,\"name\":\"US Mutual Funds\"}]},{\"@type\":\"WebSite\",\"@id\":\"https:\/\/www.exchange-data.com\/de\/#website\",\"url\":\"https:\/\/www.exchange-data.com\/de\/\",\"name\":\"Exchange Data International\",\"description\":\"Doing data differently\",\"publisher\":{\"@id\":\"https:\/\/www.exchange-data.com\/de\/#organization\"},\"potentialAction\":[{\"@type\":\"SearchAction\",\"target\":{\"@type\":\"EntryPoint\",\"urlTemplate\":\"https:\/\/www.exchange-data.com\/de\/?s={search_term_string}\"},\"query-input\":{\"@type\":\"PropertyValueSpecification\",\"valueRequired\":true,\"valueName\":\"search_term_string\"}}],\"inLanguage\":\"de\"},{\"@type\":\"Organization\",\"@id\":\"https:\/\/www.exchange-data.com\/de\/#organization\",\"name\":\"Exchange Data International\",\"url\":\"https:\/\/www.exchange-data.com\/de\/\",\"logo\":{\"@type\":\"ImageObject\",\"inLanguage\":\"de\",\"@id\":\"https:\/\/www.exchange-data.com\/de\/#\/schema\/logo\/image\/\",\"url\":\"https:\/\/www.exchange-data.com\/wp-content\/uploads\/2019\/03\/logo3.png\",\"contentUrl\":\"https:\/\/www.exchange-data.com\/wp-content\/uploads\/2019\/03\/logo3.png\",\"width\":200,\"height\":80,\"caption\":\"Exchange Data International\"},\"image\":{\"@id\":\"https:\/\/www.exchange-data.com\/de\/#\/schema\/logo\/image\/\"},\"sameAs\":[\"https:\/\/x.com\/ExchangeData\",\"https:\/\/www.linkedin.com\/company\/exchange-data-international\/?viewAsMember=true\",\"https:\/\/www.youtube.com\/channel\/UC5D1OpUb22YZANRLD_Ktcgg?view_as=subscriber\"]}]}<\/script>\n<!-- \/ Yoast SEO Premium plugin. -->","yoast_head_json":{"title":"US Mutual Funds Daten | Exchange Data International","description":"Zugriff auf pr\u00e4zise Daten zu Investmentfonds \u2013 inklusive NAVs, Kapitalma\u00dfnahmen und Preisfeeds f\u00fcr \u00fcber 31.000 US Mutual Funds und UITs, direkt von der Quelle.","robots":{"index":"index","follow":"follow","max-snippet":"max-snippet:-1","max-image-preview":"max-image-preview:large","max-video-preview":"max-video-preview:-1"},"canonical":"https:\/\/www.exchange-data.com\/de\/produkt\/us-investmentfonds\/","og_locale":"de_DE","og_type":"article","og_title":"US-Investmentfonds","og_description":"Unser US-Publikumsfonds-Produkt bietet Referenzdaten h\u00f6chster Qualit\u00e4t, umfassende Daten zu Kapitalma\u00dfnahmen und Dividenden sowie einen t\u00e4glichen Preisfeed f\u00fcr US-Publikumsfonds. Unsere Kunden k\u00f6nnen auf dynamisch aktualisierte, gepflegte und detaillierte Informationen \u00fcber mehr als 31.000 Investmentfonds, 18.000 Unit Investment Trusts (UITS) und 200 Intervallfonds f\u00fcr die USA zugreifen und Daten aus mehr als 20 Feldern ausw\u00e4hlen, darunter US Local Code, FIGI, ISIN, Emittentenname und Ticker.","og_url":"https:\/\/www.exchange-data.com\/de\/produkt\/us-investmentfonds\/","og_site_name":"Exchange Data International","article_modified_time":"2025-08-12T11:24:21+00:00","og_image":[{"url":"https:\/\/www.exchange-data.com\/wp-content\/uploads\/2015\/09\/EDI-Post-Featured-Image-700x400-1.png","type":"","width":"","height":""}],"twitter_card":"summary_large_image","twitter_title":"US-Investmentfonds","twitter_description":"Unser US-Publikumsfonds-Produkt bietet Referenzdaten h\u00f6chster Qualit\u00e4t, umfassende Daten zu Kapitalma\u00dfnahmen und Dividenden sowie einen t\u00e4glichen Preisfeed f\u00fcr US-Publikumsfonds. Unsere Kunden k\u00f6nnen auf dynamisch aktualisierte, gepflegte und detaillierte Informationen \u00fcber mehr als 31.000 Investmentfonds, 18.000 Unit Investment Trusts (UITS) und 200 Intervallfonds f\u00fcr die USA zugreifen und Daten aus mehr als 20 Feldern ausw\u00e4hlen, darunter US Local Code, FIGI, ISIN, Emittentenname und Ticker.","twitter_image":"https:\/\/www.exchange-data.com\/wp-content\/uploads\/2015\/09\/EDI-Post-Featured-Image-700x400-1.png","twitter_site":"@ExchangeData","twitter_misc":{"Gesch\u00e4tzte Lesezeit":"1\u00a0Minute"},"schema":{"@context":"https:\/\/schema.org","@graph":[{"@type":"WebPage","@id":"https:\/\/www.exchange-data.com\/de\/produkt\/us-investmentfonds\/","url":"https:\/\/www.exchange-data.com\/de\/produkt\/us-investmentfonds\/","name":"US Mutual Funds Daten | Exchange Data International","isPartOf":{"@id":"https:\/\/www.exchange-data.com\/de\/#website"},"primaryImageOfPage":{"@id":"https:\/\/www.exchange-data.com\/de\/produkt\/us-investmentfonds\/#primaryimage"},"image":{"@id":"https:\/\/www.exchange-data.com\/de\/produkt\/us-investmentfonds\/#primaryimage"},"thumbnailUrl":"https:\/\/www.exchange-data.com\/wp-content\/uploads\/2015\/09\/EDI-Post-Featured-Image-700x400-1.png","datePublished":"2019-03-28T15:42:15+00:00","dateModified":"2025-08-12T11:24:21+00:00","description":"Zugriff auf pr\u00e4zise Daten zu Investmentfonds \u2013 inklusive NAVs, Kapitalma\u00dfnahmen und Preisfeeds f\u00fcr \u00fcber 31.000 US Mutual Funds und UITs, direkt von der Quelle.","breadcrumb":{"@id":"https:\/\/www.exchange-data.com\/de\/produkt\/us-investmentfonds\/#breadcrumb"},"inLanguage":"de","potentialAction":[{"@type":"ReadAction","target":["https:\/\/www.exchange-data.com\/de\/produkt\/us-investmentfonds\/"]}]},{"@type":"ImageObject","inLanguage":"de","@id":"https:\/\/www.exchange-data.com\/de\/produkt\/us-investmentfonds\/#primaryimage","url":"https:\/\/www.exchange-data.com\/wp-content\/uploads\/2015\/09\/EDI-Post-Featured-Image-700x400-1.png","contentUrl":"https:\/\/www.exchange-data.com\/wp-content\/uploads\/2015\/09\/EDI-Post-Featured-Image-700x400-1.png","width":700,"height":400,"caption":"Exchange Data International"},{"@type":"BreadcrumbList","@id":"https:\/\/www.exchange-data.com\/de\/produkt\/us-investmentfonds\/#breadcrumb","itemListElement":[{"@type":"ListItem","position":1,"name":"Home","item":"https:\/\/www.exchange-data.com\/de\/startseite\/"},{"@type":"ListItem","position":2,"name":"US Mutual Funds"}]},{"@type":"WebSite","@id":"https:\/\/www.exchange-data.com\/de\/#website","url":"https:\/\/www.exchange-data.com\/de\/","name":"Exchange Data International","description":"Doing data differently","publisher":{"@id":"https:\/\/www.exchange-data.com\/de\/#organization"},"potentialAction":[{"@type":"SearchAction","target":{"@type":"EntryPoint","urlTemplate":"https:\/\/www.exchange-data.com\/de\/?s={search_term_string}"},"query-input":{"@type":"PropertyValueSpecification","valueRequired":true,"valueName":"search_term_string"}}],"inLanguage":"de"},{"@type":"Organization","@id":"https:\/\/www.exchange-data.com\/de\/#organization","name":"Exchange Data International","url":"https:\/\/www.exchange-data.com\/de\/","logo":{"@type":"ImageObject","inLanguage":"de","@id":"https:\/\/www.exchange-data.com\/de\/#\/schema\/logo\/image\/","url":"https:\/\/www.exchange-data.com\/wp-content\/uploads\/2019\/03\/logo3.png","contentUrl":"https:\/\/www.exchange-data.com\/wp-content\/uploads\/2019\/03\/logo3.png","width":200,"height":80,"caption":"Exchange Data International"},"image":{"@id":"https:\/\/www.exchange-data.com\/de\/#\/schema\/logo\/image\/"},"sameAs":["https:\/\/x.com\/ExchangeData","https:\/\/www.linkedin.com\/company\/exchange-data-international\/?viewAsMember=true","https:\/\/www.youtube.com\/channel\/UC5D1OpUb22YZANRLD_Ktcgg?view_as=subscriber"]}]}},"_links":{"self":[{"href":"https:\/\/www.exchange-data.com\/de\/wp-json\/wp\/v2\/product\/35756","targetHints":{"allow":["GET"]}}],"collection":[{"href":"https:\/\/www.exchange-data.com\/de\/wp-json\/wp\/v2\/product"}],"about":[{"href":"https:\/\/www.exchange-data.com\/de\/wp-json\/wp\/v2\/types\/product"}],"wp:featuredmedia":[{"embeddable":true,"href":"https:\/\/www.exchange-data.com\/de\/wp-json\/wp\/v2\/media\/34153"}],"wp:attachment":[{"href":"https:\/\/www.exchange-data.com\/de\/wp-json\/wp\/v2\/media?parent=35756"}],"wp:term":[{"taxonomy":"country","embeddable":true,"href":"https:\/\/www.exchange-data.com\/de\/wp-json\/wp\/v2\/country?post=35756"},{"taxonomy":"product_category","embeddable":true,"href":"https:\/\/www.exchange-data.com\/de\/wp-json\/wp\/v2\/product_category?post=35756"}],"curies":[{"name":"wp","href":"https:\/\/api.w.org\/{rel}","templated":true}]}}