{"id":35757,"date":"2019-03-28T16:41:56","date_gmt":"2019-03-28T15:41:56","guid":{"rendered":"https:\/\/www.exchange-data.com\/product\/weltweite-festverzinsung-bewertete-preisgestaltung\/"},"modified":"2025-08-12T10:34:27","modified_gmt":"2025-08-12T09:34:27","slug":"weltweite-festverzinsung-bewertete-preisgestaltung","status":"publish","type":"product","link":"https:\/\/www.exchange-data.com\/de\/produkt\/weltweite-festverzinsung-bewertete-preisgestaltung\/","title":{"rendered":"Weltweite Bewertungen von Fixed-Income-Instrumenten"},"content":{"rendered":"<p><span style=\"font-weight: 400;\"><br \/>\nDer Service f\u00fcr Bewertungen von festverzinslichen Wertpapieren bietet t\u00e4glich unabh\u00e4ngige Preise f\u00fcr Bewertungen, Portfolioanalysen, Best-Execution-Reporting und Risikomanagementberechnungen.<\/span><\/p>\n<h4>Datenbeschreibung<\/h4>\n<p>Der Bewertungsservice liefert Preise f\u00fcr eine breite Palette festverzinslicher Wertpapiere, darunter:<\/p>\n<table>\n<tbody>\n<tr>\n<td>\n<ul>\n<li>Unternehmensanleihen<\/li>\n<li>Kommunalanleihen<\/li>\n<li> Syndizierte Bankdarlehen<\/li>\n<li> Agency MBS<\/li>\n<\/ul>\n<\/td>\n<td>\n<ul>\n<li>Non-Agency CMO<\/li>\n<li>CMBS<\/li>\n<li>ABS<\/li>\n<li>CLO<\/li>\n<\/ul>\n<\/td>\n<\/tr>\n<\/tbody>\n<\/table>\n<h4>Methodik<\/h4>\n<p style=\"text-align: left;\"><span style=\"font-weight: 400;\"><br \/>\nEDI stellt eine \u00dcbersicht der Methodik zur Verf\u00fcgung, mit der die Preise f\u00fcr Wertpapiere berechnet werden. Dabei werden beobachtbare Preisdaten aus Handelsmeldesystemen erfasst und indizielle Preise aus E-Mails extrahiert, die von der Verkaufs- an die Kaufseite gesendet werden. Die Preise werden je nach Wertpapierart nach Emittent oder Tranche strukturiert. Diese Daten flie\u00dfen in branchen\u00fcbliche Modelle ein, um Emittenten-Renditekurven zu erstellen oder Diskontspannen abzuleiten. Detaillierte Dokumentationen zur Methodik sind auf Anfrage erh\u00e4ltlich.    <\/span><\/p>\n<p>&nbsp;<\/p>\n","protected":false},"featured_media":34153,"template":"","country":[],"product_category":[3190,3167],"class_list":["post-35757","product","type-product","status-publish","has-post-thumbnail","hentry","product_category-festverzinsliche-daten","product_category-produkte-und-services"],"acf":[],"yoast_head":"<!-- This site is optimized with the Yoast SEO Premium plugin v26.0 (Yoast SEO v26.0) - https:\/\/yoast.com\/wordpress\/plugins\/seo\/ -->\n<title>Weltweite Bewertungen von Fixed-Income-Instrumenten Daten | Exchange Data International<\/title>\n<meta name=\"description\" content=\"Erhalten Sie t\u00e4glich unabh\u00e4ngige Bewertungen f\u00fcr festverzinsliche Wertpapiere \u2013 ideal f\u00fcr Analysen, Reporting und Risikoberechnungen.\" \/>\n<meta name=\"robots\" content=\"index, follow, max-snippet:-1, max-image-preview:large, max-video-preview:-1\" \/>\n<link rel=\"canonical\" href=\"https:\/\/www.exchange-data.com\/de\/produkt\/weltweite-festverzinsung-bewertete-preisgestaltung\/\" \/>\n<meta property=\"og:locale\" content=\"de_DE\" \/>\n<meta property=\"og:type\" content=\"article\" \/>\n<meta property=\"og:title\" content=\"Weltweite Festverzinsung Bewertete Preisgestaltung\" \/>\n<meta property=\"og:description\" content=\"Der Fixed Income Evaluated Pricing Service bietet Kunden eine t\u00e4gliche Quelle unabh\u00e4ngiger Preise f\u00fcr Bewertungen, Portfolioanalysen, Best Execution Reporting und Risikomanagementberechnungen. Der Evaluated Pricing Service liefert Preise f\u00fcr eine breite Palette von festverzinslichen Wertpapieren, darunter Unternehmensanleihen, Kommunalanleihen, syndizierte Bankdarlehen, Agency MBS, Non-Agency CMO, CMBS, ABS, CLO.\" \/>\n<meta property=\"og:url\" content=\"https:\/\/www.exchange-data.com\/de\/produkt\/weltweite-festverzinsung-bewertete-preisgestaltung\/\" \/>\n<meta property=\"og:site_name\" content=\"Exchange Data International\" \/>\n<meta property=\"article:modified_time\" content=\"2025-08-12T09:34:27+00:00\" \/>\n<meta property=\"og:image\" content=\"https:\/\/www.exchange-data.com\/wp-content\/uploads\/2015\/09\/EDI-Post-Featured-Image-700x400-1.png\" \/>\n<meta name=\"twitter:card\" content=\"summary_large_image\" \/>\n<meta name=\"twitter:title\" content=\"Weltweite Festverzinsung Bewertete Preisgestaltung\" \/>\n<meta name=\"twitter:description\" content=\"Der Fixed Income Evaluated Pricing Service bietet Kunden eine t\u00e4gliche Quelle unabh\u00e4ngiger Preise f\u00fcr Bewertungen, Portfolioanalysen, Best Execution Reporting und Risikomanagementberechnungen. Der Evaluated Pricing Service liefert Preise f\u00fcr eine breite Palette von festverzinslichen Wertpapieren, darunter Unternehmensanleihen, Kommunalanleihen, syndizierte Bankdarlehen, Agency MBS, Non-Agency CMO, CMBS, ABS, CLO.\" \/>\n<meta name=\"twitter:image\" content=\"https:\/\/www.exchange-data.com\/wp-content\/uploads\/2015\/09\/EDI-Post-Featured-Image-700x400-1.png\" \/>\n<meta name=\"twitter:site\" content=\"@ExchangeData\" \/>\n<meta name=\"twitter:label1\" content=\"Gesch\u00e4tzte Lesezeit\" \/>\n\t<meta name=\"twitter:data1\" content=\"1\u00a0Minute\" \/>\n<script type=\"application\/ld+json\" class=\"yoast-schema-graph\">{\"@context\":\"https:\/\/schema.org\",\"@graph\":[{\"@type\":\"WebPage\",\"@id\":\"https:\/\/www.exchange-data.com\/de\/produkt\/weltweite-festverzinsung-bewertete-preisgestaltung\/\",\"url\":\"https:\/\/www.exchange-data.com\/de\/produkt\/weltweite-festverzinsung-bewertete-preisgestaltung\/\",\"name\":\"Weltweite Bewertungen von Fixed-Income-Instrumenten Daten | Exchange Data International\",\"isPartOf\":{\"@id\":\"https:\/\/www.exchange-data.com\/de\/#website\"},\"primaryImageOfPage\":{\"@id\":\"https:\/\/www.exchange-data.com\/de\/produkt\/weltweite-festverzinsung-bewertete-preisgestaltung\/#primaryimage\"},\"image\":{\"@id\":\"https:\/\/www.exchange-data.com\/de\/produkt\/weltweite-festverzinsung-bewertete-preisgestaltung\/#primaryimage\"},\"thumbnailUrl\":\"https:\/\/www.exchange-data.com\/wp-content\/uploads\/2015\/09\/EDI-Post-Featured-Image-700x400-1.png\",\"datePublished\":\"2019-03-28T15:41:56+00:00\",\"dateModified\":\"2025-08-12T09:34:27+00:00\",\"description\":\"Erhalten Sie t\u00e4glich unabh\u00e4ngige Bewertungen f\u00fcr festverzinsliche Wertpapiere \u2013 ideal f\u00fcr Analysen, Reporting und Risikoberechnungen.\",\"breadcrumb\":{\"@id\":\"https:\/\/www.exchange-data.com\/de\/produkt\/weltweite-festverzinsung-bewertete-preisgestaltung\/#breadcrumb\"},\"inLanguage\":\"de\",\"potentialAction\":[{\"@type\":\"ReadAction\",\"target\":[\"https:\/\/www.exchange-data.com\/de\/produkt\/weltweite-festverzinsung-bewertete-preisgestaltung\/\"]}]},{\"@type\":\"ImageObject\",\"inLanguage\":\"de\",\"@id\":\"https:\/\/www.exchange-data.com\/de\/produkt\/weltweite-festverzinsung-bewertete-preisgestaltung\/#primaryimage\",\"url\":\"https:\/\/www.exchange-data.com\/wp-content\/uploads\/2015\/09\/EDI-Post-Featured-Image-700x400-1.png\",\"contentUrl\":\"https:\/\/www.exchange-data.com\/wp-content\/uploads\/2015\/09\/EDI-Post-Featured-Image-700x400-1.png\",\"width\":700,\"height\":400,\"caption\":\"Exchange Data International\"},{\"@type\":\"BreadcrumbList\",\"@id\":\"https:\/\/www.exchange-data.com\/de\/produkt\/weltweite-festverzinsung-bewertete-preisgestaltung\/#breadcrumb\",\"itemListElement\":[{\"@type\":\"ListItem\",\"position\":1,\"name\":\"Home\",\"item\":\"https:\/\/www.exchange-data.com\/de\/startseite\/\"},{\"@type\":\"ListItem\",\"position\":2,\"name\":\"Weltweite Bewertungen von Fixed-Income-Instrumenten\"}]},{\"@type\":\"WebSite\",\"@id\":\"https:\/\/www.exchange-data.com\/de\/#website\",\"url\":\"https:\/\/www.exchange-data.com\/de\/\",\"name\":\"Exchange Data International\",\"description\":\"Doing data differently\",\"publisher\":{\"@id\":\"https:\/\/www.exchange-data.com\/de\/#organization\"},\"potentialAction\":[{\"@type\":\"SearchAction\",\"target\":{\"@type\":\"EntryPoint\",\"urlTemplate\":\"https:\/\/www.exchange-data.com\/de\/?s={search_term_string}\"},\"query-input\":{\"@type\":\"PropertyValueSpecification\",\"valueRequired\":true,\"valueName\":\"search_term_string\"}}],\"inLanguage\":\"de\"},{\"@type\":\"Organization\",\"@id\":\"https:\/\/www.exchange-data.com\/de\/#organization\",\"name\":\"Exchange Data International\",\"url\":\"https:\/\/www.exchange-data.com\/de\/\",\"logo\":{\"@type\":\"ImageObject\",\"inLanguage\":\"de\",\"@id\":\"https:\/\/www.exchange-data.com\/de\/#\/schema\/logo\/image\/\",\"url\":\"https:\/\/www.exchange-data.com\/wp-content\/uploads\/2019\/03\/logo3.png\",\"contentUrl\":\"https:\/\/www.exchange-data.com\/wp-content\/uploads\/2019\/03\/logo3.png\",\"width\":200,\"height\":80,\"caption\":\"Exchange Data International\"},\"image\":{\"@id\":\"https:\/\/www.exchange-data.com\/de\/#\/schema\/logo\/image\/\"},\"sameAs\":[\"https:\/\/x.com\/ExchangeData\",\"https:\/\/www.linkedin.com\/company\/exchange-data-international\/?viewAsMember=true\",\"https:\/\/www.youtube.com\/channel\/UC5D1OpUb22YZANRLD_Ktcgg?view_as=subscriber\"]}]}<\/script>\n<!-- \/ Yoast SEO Premium plugin. -->","yoast_head_json":{"title":"Weltweite Bewertungen von Fixed-Income-Instrumenten Daten | Exchange Data International","description":"Erhalten Sie t\u00e4glich unabh\u00e4ngige Bewertungen f\u00fcr festverzinsliche Wertpapiere \u2013 ideal f\u00fcr Analysen, Reporting und Risikoberechnungen.","robots":{"index":"index","follow":"follow","max-snippet":"max-snippet:-1","max-image-preview":"max-image-preview:large","max-video-preview":"max-video-preview:-1"},"canonical":"https:\/\/www.exchange-data.com\/de\/produkt\/weltweite-festverzinsung-bewertete-preisgestaltung\/","og_locale":"de_DE","og_type":"article","og_title":"Weltweite Festverzinsung Bewertete Preisgestaltung","og_description":"Der Fixed Income Evaluated Pricing Service bietet Kunden eine t\u00e4gliche Quelle unabh\u00e4ngiger Preise f\u00fcr Bewertungen, Portfolioanalysen, Best Execution Reporting und Risikomanagementberechnungen. Der Evaluated Pricing Service liefert Preise f\u00fcr eine breite Palette von festverzinslichen Wertpapieren, darunter Unternehmensanleihen, Kommunalanleihen, syndizierte Bankdarlehen, Agency MBS, Non-Agency CMO, CMBS, ABS, CLO.","og_url":"https:\/\/www.exchange-data.com\/de\/produkt\/weltweite-festverzinsung-bewertete-preisgestaltung\/","og_site_name":"Exchange Data International","article_modified_time":"2025-08-12T09:34:27+00:00","og_image":[{"url":"https:\/\/www.exchange-data.com\/wp-content\/uploads\/2015\/09\/EDI-Post-Featured-Image-700x400-1.png","type":"","width":"","height":""}],"twitter_card":"summary_large_image","twitter_title":"Weltweite Festverzinsung Bewertete Preisgestaltung","twitter_description":"Der Fixed Income Evaluated Pricing Service bietet Kunden eine t\u00e4gliche Quelle unabh\u00e4ngiger Preise f\u00fcr Bewertungen, Portfolioanalysen, Best Execution Reporting und Risikomanagementberechnungen. Der Evaluated Pricing Service liefert Preise f\u00fcr eine breite Palette von festverzinslichen Wertpapieren, darunter Unternehmensanleihen, Kommunalanleihen, syndizierte Bankdarlehen, Agency MBS, Non-Agency CMO, CMBS, ABS, CLO.","twitter_image":"https:\/\/www.exchange-data.com\/wp-content\/uploads\/2015\/09\/EDI-Post-Featured-Image-700x400-1.png","twitter_site":"@ExchangeData","twitter_misc":{"Gesch\u00e4tzte Lesezeit":"1\u00a0Minute"},"schema":{"@context":"https:\/\/schema.org","@graph":[{"@type":"WebPage","@id":"https:\/\/www.exchange-data.com\/de\/produkt\/weltweite-festverzinsung-bewertete-preisgestaltung\/","url":"https:\/\/www.exchange-data.com\/de\/produkt\/weltweite-festverzinsung-bewertete-preisgestaltung\/","name":"Weltweite Bewertungen von Fixed-Income-Instrumenten Daten | Exchange Data International","isPartOf":{"@id":"https:\/\/www.exchange-data.com\/de\/#website"},"primaryImageOfPage":{"@id":"https:\/\/www.exchange-data.com\/de\/produkt\/weltweite-festverzinsung-bewertete-preisgestaltung\/#primaryimage"},"image":{"@id":"https:\/\/www.exchange-data.com\/de\/produkt\/weltweite-festverzinsung-bewertete-preisgestaltung\/#primaryimage"},"thumbnailUrl":"https:\/\/www.exchange-data.com\/wp-content\/uploads\/2015\/09\/EDI-Post-Featured-Image-700x400-1.png","datePublished":"2019-03-28T15:41:56+00:00","dateModified":"2025-08-12T09:34:27+00:00","description":"Erhalten Sie t\u00e4glich unabh\u00e4ngige Bewertungen f\u00fcr festverzinsliche Wertpapiere \u2013 ideal f\u00fcr Analysen, Reporting und Risikoberechnungen.","breadcrumb":{"@id":"https:\/\/www.exchange-data.com\/de\/produkt\/weltweite-festverzinsung-bewertete-preisgestaltung\/#breadcrumb"},"inLanguage":"de","potentialAction":[{"@type":"ReadAction","target":["https:\/\/www.exchange-data.com\/de\/produkt\/weltweite-festverzinsung-bewertete-preisgestaltung\/"]}]},{"@type":"ImageObject","inLanguage":"de","@id":"https:\/\/www.exchange-data.com\/de\/produkt\/weltweite-festverzinsung-bewertete-preisgestaltung\/#primaryimage","url":"https:\/\/www.exchange-data.com\/wp-content\/uploads\/2015\/09\/EDI-Post-Featured-Image-700x400-1.png","contentUrl":"https:\/\/www.exchange-data.com\/wp-content\/uploads\/2015\/09\/EDI-Post-Featured-Image-700x400-1.png","width":700,"height":400,"caption":"Exchange Data International"},{"@type":"BreadcrumbList","@id":"https:\/\/www.exchange-data.com\/de\/produkt\/weltweite-festverzinsung-bewertete-preisgestaltung\/#breadcrumb","itemListElement":[{"@type":"ListItem","position":1,"name":"Home","item":"https:\/\/www.exchange-data.com\/de\/startseite\/"},{"@type":"ListItem","position":2,"name":"Weltweite Bewertungen von Fixed-Income-Instrumenten"}]},{"@type":"WebSite","@id":"https:\/\/www.exchange-data.com\/de\/#website","url":"https:\/\/www.exchange-data.com\/de\/","name":"Exchange Data International","description":"Doing data differently","publisher":{"@id":"https:\/\/www.exchange-data.com\/de\/#organization"},"potentialAction":[{"@type":"SearchAction","target":{"@type":"EntryPoint","urlTemplate":"https:\/\/www.exchange-data.com\/de\/?s={search_term_string}"},"query-input":{"@type":"PropertyValueSpecification","valueRequired":true,"valueName":"search_term_string"}}],"inLanguage":"de"},{"@type":"Organization","@id":"https:\/\/www.exchange-data.com\/de\/#organization","name":"Exchange Data International","url":"https:\/\/www.exchange-data.com\/de\/","logo":{"@type":"ImageObject","inLanguage":"de","@id":"https:\/\/www.exchange-data.com\/de\/#\/schema\/logo\/image\/","url":"https:\/\/www.exchange-data.com\/wp-content\/uploads\/2019\/03\/logo3.png","contentUrl":"https:\/\/www.exchange-data.com\/wp-content\/uploads\/2019\/03\/logo3.png","width":200,"height":80,"caption":"Exchange Data International"},"image":{"@id":"https:\/\/www.exchange-data.com\/de\/#\/schema\/logo\/image\/"},"sameAs":["https:\/\/x.com\/ExchangeData","https:\/\/www.linkedin.com\/company\/exchange-data-international\/?viewAsMember=true","https:\/\/www.youtube.com\/channel\/UC5D1OpUb22YZANRLD_Ktcgg?view_as=subscriber"]}]}},"_links":{"self":[{"href":"https:\/\/www.exchange-data.com\/de\/wp-json\/wp\/v2\/product\/35757","targetHints":{"allow":["GET"]}}],"collection":[{"href":"https:\/\/www.exchange-data.com\/de\/wp-json\/wp\/v2\/product"}],"about":[{"href":"https:\/\/www.exchange-data.com\/de\/wp-json\/wp\/v2\/types\/product"}],"wp:featuredmedia":[{"embeddable":true,"href":"https:\/\/www.exchange-data.com\/de\/wp-json\/wp\/v2\/media\/34153"}],"wp:attachment":[{"href":"https:\/\/www.exchange-data.com\/de\/wp-json\/wp\/v2\/media?parent=35757"}],"wp:term":[{"taxonomy":"country","embeddable":true,"href":"https:\/\/www.exchange-data.com\/de\/wp-json\/wp\/v2\/country?post=35757"},{"taxonomy":"product_category","embeddable":true,"href":"https:\/\/www.exchange-data.com\/de\/wp-json\/wp\/v2\/product_category?post=35757"}],"curies":[{"name":"wp","href":"https:\/\/api.w.org\/{rel}","templated":true}]}}