{"id":35758,"date":"2019-03-28T16:40:42","date_gmt":"2019-03-28T15:40:42","guid":{"rendered":"https:\/\/www.exchange-data.com\/product\/schwellenwert-wertpapiere\/"},"modified":"2025-08-29T12:34:10","modified_gmt":"2025-08-29T11:34:10","slug":"schwellenwert-wertpapiere","status":"publish","type":"product","link":"https:\/\/www.exchange-data.com\/de\/produkt\/schwellenwert-wertpapiere\/","title":{"rendered":"Threshold Securities"},"content":{"rendered":"<p><span style=\"font-weight: 400;\">Einfache Einhaltung der SHO-Vorgaben bei Leerverk\u00e4ufen<\/span><\/p>\n<p><span style=\"font-weight: 400;\">Wenn Ihre T\u00e4tigkeit die Einhaltung der SHO-Regeln f\u00fcr Leerverk\u00e4ufe erfordert, dann abonnieren Sie unsere t\u00e4glichen Threshold Securities-Listen.<\/span><\/p>\n<p>Erhalten Sie direkten Zugriff auf aggregierte Threshold-Daten von:<\/p>\n<ul class=\"Evnt2\">\n<li><strong>NASDAQ Stock Market<\/strong><\/li>\n<li><strong>New York Stock Exchange<\/strong><\/li>\n<li><strong>NYSE Arca<\/strong><\/li>\n<li><strong>NYSE MKT<\/strong><\/li>\n<li><strong>OTC Markets<\/strong><\/li>\n<\/ul>\n<p>Jedes gelistete Wertpapier l\u00e4sst sich eindeutig identifizieren \u2013 dank erg\u00e4nzender Felder aus unserer Referenzdatenbank:<\/p>\n<ul class=\"Evnt2\">\n<li><strong>Name des Emittenten<\/strong><\/li>\n<li><strong>ISIN<\/strong><\/li>\n<li><strong>US-Code<\/strong><\/li>\n<li><strong>B\u00f6rse<\/strong><\/li>\n<li><strong>Wertpapierbeschreibung<\/strong><\/li>\n<\/ul>\n","protected":false},"featured_media":34153,"template":"","country":[],"product_category":[3170,3167],"class_list":["post-35758","product","type-product","status-publish","has-post-thumbnail","hentry","product_category-derivative-data-short-interest-data-de","product_category-produkte-und-services"],"acf":[],"yoast_head":"<!-- This site is optimized with the Yoast SEO Premium plugin v26.0 (Yoast SEO v26.0) - https:\/\/yoast.com\/wordpress\/plugins\/seo\/ -->\n<title>Threshold Securities Daten | Exchange Data International<\/title>\n<meta name=\"description\" content=\"T\u00e4gliche Threshold Securities-Listen zur Einhaltung der SHO-Regeln. Inklusive NASDAQ, NYSE &amp; OTC \u2013 mit Referenzdaten f\u00fcr klare Wertpapieridentifikation.\" \/>\n<meta name=\"robots\" content=\"index, follow, max-snippet:-1, max-image-preview:large, max-video-preview:-1\" \/>\n<link rel=\"canonical\" href=\"https:\/\/www.exchange-data.com\/de\/produkt\/schwellenwert-wertpapiere\/\" \/>\n<meta property=\"og:locale\" content=\"de_DE\" \/>\n<meta property=\"og:type\" content=\"article\" \/>\n<meta property=\"og:title\" content=\"Schwellenwert Wertpapiere\" \/>\n<meta property=\"og:description\" content=\"Erf\u00fcllen Sie m\u00fchelos die SHO-Vorschriften f\u00fcr Leerverk\u00e4ufe. Wenn Sie in Ihrer Funktion die SHO-Vorschriften f\u00fcr Leerverk\u00e4ufe einhalten m\u00fcssen, dann abonnieren Sie unsere t\u00e4glichen Threshold Securities-Listen. Erhalten Sie direkten Zugang zu den aggregierten Threshold-Daten von NASDAQ Stock Market, New York Stock Exchange, NYSE Arca und NYSE MKT OTC Markets.\" \/>\n<meta property=\"og:url\" content=\"https:\/\/www.exchange-data.com\/de\/produkt\/schwellenwert-wertpapiere\/\" \/>\n<meta property=\"og:site_name\" content=\"Exchange Data International\" \/>\n<meta property=\"article:modified_time\" content=\"2025-08-29T11:34:10+00:00\" \/>\n<meta property=\"og:image\" content=\"https:\/\/www.exchange-data.com\/wp-content\/uploads\/2015\/09\/EDI-Post-Featured-Image-700x400-1.png\" \/>\n<meta name=\"twitter:card\" content=\"summary_large_image\" \/>\n<meta name=\"twitter:title\" content=\"Schwellenwert Wertpapiere\" \/>\n<meta name=\"twitter:description\" content=\"Erf\u00fcllen Sie m\u00fchelos die SHO-Vorschriften f\u00fcr Leerverk\u00e4ufe. Wenn Sie in Ihrer Funktion die SHO-Vorschriften f\u00fcr Leerverk\u00e4ufe einhalten m\u00fcssen, dann abonnieren Sie unsere t\u00e4glichen Threshold Securities-Listen. Erhalten Sie direkten Zugang zu den aggregierten Threshold-Daten von NASDAQ Stock Market, New York Stock Exchange, NYSE Arca und NYSE MKT OTC Markets.\" \/>\n<meta name=\"twitter:image\" content=\"https:\/\/www.exchange-data.com\/wp-content\/uploads\/2015\/09\/EDI-Post-Featured-Image-700x400-1.png\" \/>\n<meta name=\"twitter:site\" content=\"@ExchangeData\" \/>\n<meta name=\"twitter:label1\" content=\"Gesch\u00e4tzte Lesezeit\" \/>\n\t<meta name=\"twitter:data1\" content=\"1\u00a0Minute\" \/>\n<script type=\"application\/ld+json\" class=\"yoast-schema-graph\">{\"@context\":\"https:\/\/schema.org\",\"@graph\":[{\"@type\":\"WebPage\",\"@id\":\"https:\/\/www.exchange-data.com\/de\/produkt\/schwellenwert-wertpapiere\/\",\"url\":\"https:\/\/www.exchange-data.com\/de\/produkt\/schwellenwert-wertpapiere\/\",\"name\":\"Threshold Securities Daten | Exchange Data International\",\"isPartOf\":{\"@id\":\"https:\/\/www.exchange-data.com\/de\/#website\"},\"primaryImageOfPage\":{\"@id\":\"https:\/\/www.exchange-data.com\/de\/produkt\/schwellenwert-wertpapiere\/#primaryimage\"},\"image\":{\"@id\":\"https:\/\/www.exchange-data.com\/de\/produkt\/schwellenwert-wertpapiere\/#primaryimage\"},\"thumbnailUrl\":\"https:\/\/www.exchange-data.com\/wp-content\/uploads\/2015\/09\/EDI-Post-Featured-Image-700x400-1.png\",\"datePublished\":\"2019-03-28T15:40:42+00:00\",\"dateModified\":\"2025-08-29T11:34:10+00:00\",\"description\":\"T\u00e4gliche Threshold Securities-Listen zur Einhaltung der SHO-Regeln. Inklusive NASDAQ, NYSE & OTC \u2013 mit Referenzdaten f\u00fcr klare Wertpapieridentifikation.\",\"breadcrumb\":{\"@id\":\"https:\/\/www.exchange-data.com\/de\/produkt\/schwellenwert-wertpapiere\/#breadcrumb\"},\"inLanguage\":\"de\",\"potentialAction\":[{\"@type\":\"ReadAction\",\"target\":[\"https:\/\/www.exchange-data.com\/de\/produkt\/schwellenwert-wertpapiere\/\"]}]},{\"@type\":\"ImageObject\",\"inLanguage\":\"de\",\"@id\":\"https:\/\/www.exchange-data.com\/de\/produkt\/schwellenwert-wertpapiere\/#primaryimage\",\"url\":\"https:\/\/www.exchange-data.com\/wp-content\/uploads\/2015\/09\/EDI-Post-Featured-Image-700x400-1.png\",\"contentUrl\":\"https:\/\/www.exchange-data.com\/wp-content\/uploads\/2015\/09\/EDI-Post-Featured-Image-700x400-1.png\",\"width\":700,\"height\":400,\"caption\":\"Exchange Data International\"},{\"@type\":\"BreadcrumbList\",\"@id\":\"https:\/\/www.exchange-data.com\/de\/produkt\/schwellenwert-wertpapiere\/#breadcrumb\",\"itemListElement\":[{\"@type\":\"ListItem\",\"position\":1,\"name\":\"Home\",\"item\":\"https:\/\/www.exchange-data.com\/de\/startseite\/\"},{\"@type\":\"ListItem\",\"position\":2,\"name\":\"Threshold Securities\"}]},{\"@type\":\"WebSite\",\"@id\":\"https:\/\/www.exchange-data.com\/de\/#website\",\"url\":\"https:\/\/www.exchange-data.com\/de\/\",\"name\":\"Exchange Data International\",\"description\":\"Doing data differently\",\"publisher\":{\"@id\":\"https:\/\/www.exchange-data.com\/de\/#organization\"},\"potentialAction\":[{\"@type\":\"SearchAction\",\"target\":{\"@type\":\"EntryPoint\",\"urlTemplate\":\"https:\/\/www.exchange-data.com\/de\/?s={search_term_string}\"},\"query-input\":{\"@type\":\"PropertyValueSpecification\",\"valueRequired\":true,\"valueName\":\"search_term_string\"}}],\"inLanguage\":\"de\"},{\"@type\":\"Organization\",\"@id\":\"https:\/\/www.exchange-data.com\/de\/#organization\",\"name\":\"Exchange Data International\",\"url\":\"https:\/\/www.exchange-data.com\/de\/\",\"logo\":{\"@type\":\"ImageObject\",\"inLanguage\":\"de\",\"@id\":\"https:\/\/www.exchange-data.com\/de\/#\/schema\/logo\/image\/\",\"url\":\"https:\/\/www.exchange-data.com\/wp-content\/uploads\/2019\/03\/logo3.png\",\"contentUrl\":\"https:\/\/www.exchange-data.com\/wp-content\/uploads\/2019\/03\/logo3.png\",\"width\":200,\"height\":80,\"caption\":\"Exchange Data International\"},\"image\":{\"@id\":\"https:\/\/www.exchange-data.com\/de\/#\/schema\/logo\/image\/\"},\"sameAs\":[\"https:\/\/x.com\/ExchangeData\",\"https:\/\/www.linkedin.com\/company\/exchange-data-international\/?viewAsMember=true\",\"https:\/\/www.youtube.com\/channel\/UC5D1OpUb22YZANRLD_Ktcgg?view_as=subscriber\"]}]}<\/script>\n<!-- \/ Yoast SEO Premium plugin. -->","yoast_head_json":{"title":"Threshold Securities Daten | Exchange Data International","description":"T\u00e4gliche Threshold Securities-Listen zur Einhaltung der SHO-Regeln. Inklusive NASDAQ, NYSE & OTC \u2013 mit Referenzdaten f\u00fcr klare Wertpapieridentifikation.","robots":{"index":"index","follow":"follow","max-snippet":"max-snippet:-1","max-image-preview":"max-image-preview:large","max-video-preview":"max-video-preview:-1"},"canonical":"https:\/\/www.exchange-data.com\/de\/produkt\/schwellenwert-wertpapiere\/","og_locale":"de_DE","og_type":"article","og_title":"Schwellenwert Wertpapiere","og_description":"Erf\u00fcllen Sie m\u00fchelos die SHO-Vorschriften f\u00fcr Leerverk\u00e4ufe. Wenn Sie in Ihrer Funktion die SHO-Vorschriften f\u00fcr Leerverk\u00e4ufe einhalten m\u00fcssen, dann abonnieren Sie unsere t\u00e4glichen Threshold Securities-Listen. Erhalten Sie direkten Zugang zu den aggregierten Threshold-Daten von NASDAQ Stock Market, New York Stock Exchange, NYSE Arca und NYSE MKT OTC Markets.","og_url":"https:\/\/www.exchange-data.com\/de\/produkt\/schwellenwert-wertpapiere\/","og_site_name":"Exchange Data International","article_modified_time":"2025-08-29T11:34:10+00:00","og_image":[{"url":"https:\/\/www.exchange-data.com\/wp-content\/uploads\/2015\/09\/EDI-Post-Featured-Image-700x400-1.png","type":"","width":"","height":""}],"twitter_card":"summary_large_image","twitter_title":"Schwellenwert Wertpapiere","twitter_description":"Erf\u00fcllen Sie m\u00fchelos die SHO-Vorschriften f\u00fcr Leerverk\u00e4ufe. Wenn Sie in Ihrer Funktion die SHO-Vorschriften f\u00fcr Leerverk\u00e4ufe einhalten m\u00fcssen, dann abonnieren Sie unsere t\u00e4glichen Threshold Securities-Listen. Erhalten Sie direkten Zugang zu den aggregierten Threshold-Daten von NASDAQ Stock Market, New York Stock Exchange, NYSE Arca und NYSE MKT OTC Markets.","twitter_image":"https:\/\/www.exchange-data.com\/wp-content\/uploads\/2015\/09\/EDI-Post-Featured-Image-700x400-1.png","twitter_site":"@ExchangeData","twitter_misc":{"Gesch\u00e4tzte Lesezeit":"1\u00a0Minute"},"schema":{"@context":"https:\/\/schema.org","@graph":[{"@type":"WebPage","@id":"https:\/\/www.exchange-data.com\/de\/produkt\/schwellenwert-wertpapiere\/","url":"https:\/\/www.exchange-data.com\/de\/produkt\/schwellenwert-wertpapiere\/","name":"Threshold Securities Daten | Exchange Data International","isPartOf":{"@id":"https:\/\/www.exchange-data.com\/de\/#website"},"primaryImageOfPage":{"@id":"https:\/\/www.exchange-data.com\/de\/produkt\/schwellenwert-wertpapiere\/#primaryimage"},"image":{"@id":"https:\/\/www.exchange-data.com\/de\/produkt\/schwellenwert-wertpapiere\/#primaryimage"},"thumbnailUrl":"https:\/\/www.exchange-data.com\/wp-content\/uploads\/2015\/09\/EDI-Post-Featured-Image-700x400-1.png","datePublished":"2019-03-28T15:40:42+00:00","dateModified":"2025-08-29T11:34:10+00:00","description":"T\u00e4gliche Threshold Securities-Listen zur Einhaltung der SHO-Regeln. Inklusive NASDAQ, NYSE & OTC \u2013 mit Referenzdaten f\u00fcr klare Wertpapieridentifikation.","breadcrumb":{"@id":"https:\/\/www.exchange-data.com\/de\/produkt\/schwellenwert-wertpapiere\/#breadcrumb"},"inLanguage":"de","potentialAction":[{"@type":"ReadAction","target":["https:\/\/www.exchange-data.com\/de\/produkt\/schwellenwert-wertpapiere\/"]}]},{"@type":"ImageObject","inLanguage":"de","@id":"https:\/\/www.exchange-data.com\/de\/produkt\/schwellenwert-wertpapiere\/#primaryimage","url":"https:\/\/www.exchange-data.com\/wp-content\/uploads\/2015\/09\/EDI-Post-Featured-Image-700x400-1.png","contentUrl":"https:\/\/www.exchange-data.com\/wp-content\/uploads\/2015\/09\/EDI-Post-Featured-Image-700x400-1.png","width":700,"height":400,"caption":"Exchange Data International"},{"@type":"BreadcrumbList","@id":"https:\/\/www.exchange-data.com\/de\/produkt\/schwellenwert-wertpapiere\/#breadcrumb","itemListElement":[{"@type":"ListItem","position":1,"name":"Home","item":"https:\/\/www.exchange-data.com\/de\/startseite\/"},{"@type":"ListItem","position":2,"name":"Threshold Securities"}]},{"@type":"WebSite","@id":"https:\/\/www.exchange-data.com\/de\/#website","url":"https:\/\/www.exchange-data.com\/de\/","name":"Exchange Data International","description":"Doing data differently","publisher":{"@id":"https:\/\/www.exchange-data.com\/de\/#organization"},"potentialAction":[{"@type":"SearchAction","target":{"@type":"EntryPoint","urlTemplate":"https:\/\/www.exchange-data.com\/de\/?s={search_term_string}"},"query-input":{"@type":"PropertyValueSpecification","valueRequired":true,"valueName":"search_term_string"}}],"inLanguage":"de"},{"@type":"Organization","@id":"https:\/\/www.exchange-data.com\/de\/#organization","name":"Exchange Data International","url":"https:\/\/www.exchange-data.com\/de\/","logo":{"@type":"ImageObject","inLanguage":"de","@id":"https:\/\/www.exchange-data.com\/de\/#\/schema\/logo\/image\/","url":"https:\/\/www.exchange-data.com\/wp-content\/uploads\/2019\/03\/logo3.png","contentUrl":"https:\/\/www.exchange-data.com\/wp-content\/uploads\/2019\/03\/logo3.png","width":200,"height":80,"caption":"Exchange Data International"},"image":{"@id":"https:\/\/www.exchange-data.com\/de\/#\/schema\/logo\/image\/"},"sameAs":["https:\/\/x.com\/ExchangeData","https:\/\/www.linkedin.com\/company\/exchange-data-international\/?viewAsMember=true","https:\/\/www.youtube.com\/channel\/UC5D1OpUb22YZANRLD_Ktcgg?view_as=subscriber"]}]}},"_links":{"self":[{"href":"https:\/\/www.exchange-data.com\/de\/wp-json\/wp\/v2\/product\/35758","targetHints":{"allow":["GET"]}}],"collection":[{"href":"https:\/\/www.exchange-data.com\/de\/wp-json\/wp\/v2\/product"}],"about":[{"href":"https:\/\/www.exchange-data.com\/de\/wp-json\/wp\/v2\/types\/product"}],"wp:featuredmedia":[{"embeddable":true,"href":"https:\/\/www.exchange-data.com\/de\/wp-json\/wp\/v2\/media\/34153"}],"wp:attachment":[{"href":"https:\/\/www.exchange-data.com\/de\/wp-json\/wp\/v2\/media?parent=35758"}],"wp:term":[{"taxonomy":"country","embeddable":true,"href":"https:\/\/www.exchange-data.com\/de\/wp-json\/wp\/v2\/country?post=35758"},{"taxonomy":"product_category","embeddable":true,"href":"https:\/\/www.exchange-data.com\/de\/wp-json\/wp\/v2\/product_category?post=35758"}],"curies":[{"name":"wp","href":"https:\/\/api.w.org\/{rel}","templated":true}]}}