{"id":35759,"date":"2019-03-27T17:47:49","date_gmt":"2019-03-27T16:47:49","guid":{"rendered":"https:\/\/www.exchange-data.com\/product\/nordamerikanische-corporate-actions-daten\/"},"modified":"2025-08-12T08:27:30","modified_gmt":"2025-08-12T07:27:30","slug":"nordamerikanische-corporate-actions-daten","status":"publish","type":"product","link":"https:\/\/www.exchange-data.com\/de\/produkt\/nordamerikanische-corporate-actions-daten\/","title":{"rendered":"Corporate Actions Daten f\u00fcr Nordamerika"},"content":{"rendered":"<h4 class=\"contH2\">Senken Sie Ihre operationellen Risiken und Kosten im Zusammenhang mit der Verarbeitung von <a href=\"https:\/\/www.exchange-data.com\/de\/product\/weltweite-equity-corporate-actions\/\">Kapitalma\u00dfnahmen<\/a> \u2013 mit pr\u00e4zisen, strukturierten Daten \u00fcber Kapitalma\u00dfnahmen von US Wertpapieren.<\/h4>\n<p><a href=\"https:\/\/www.exchange-data.com\/corporate-actions-guide-everything-you-need-to-know\/?utm_source=EDI&#038;utm_medium=Product_Corporate_Actions\"><img decoding=\"async\" style=\"margin: 20px 20px 20px 20px;\" src=\"https:\/\/www.exchange-data.com\/wp-content\/uploads\/2019\/03\/ProductPage_CAGuide_V2.png\" align=\"right\"><\/a><\/p>\n<p><span style=\"font-weight: 400;\">Behalten Sie effizient alle Kapitalma\u00dfnahmen im Blick, die US- und kanadische Wertpapiere betreffen.<\/span><\/p>\n<p><span style=\"font-weight: 400;\">Der Service umfasst:<\/span><\/p>\n<ul class=\"Evnt2 \">\n<li><span style=\"font-weight: 400;\">Wertpapiere, die an US- und kanadischen B\u00f6rsen gehandelt werden<\/span><\/li>\n<li><span style=\"font-weight: 400;\">Wertpapiere der OTC Markets Group auf den drei Marktpl\u00e4tzen: OTCQX<sup>\u2122<\/sup>, OTCQB<sup>\u2122<\/sup> und OTC Pink<sup>\u2122 <\/sup><\/span><\/li>\n<li><span style=\"font-weight: 400;\">Wertpapiere des Grey Market<\/span><\/li>\n<li><span style=\"font-weight: 400;\">\u00dcber 31.000 US-Mutual Funds<\/span><\/li>\n<\/ul>\n<p><span style=\"font-weight: 400;\">Neben umfassenden Informationen zu allen Kapitalma\u00dfnahmen, die nordamerikanische Wertpapiere betreffen, erhalten Sie:<\/span><\/p>\n<ul class=\"Evnt2 \">\n<li><span style=\"font-weight: 400;\">Direkten Zugriff auf Kapitalma\u00dfnahmen der zugrunde liegenden Wertpapiere bei American Depository Receipts (ADRs) und Sowie Daten zu sogenannten Foreign Ordinaries, die am nordamerikanischen Markt gehandelt werden<\/span><\/li>\n<\/ul>\n<p>&nbsp;<\/p>\n","protected":false},"featured_media":34153,"template":"","country":[2108,1983,2057,2371,1932,1939,1984,1990,1887],"product_category":[3191,3167],"class_list":["post-35759","product","type-product","status-publish","has-post-thumbnail","hentry","product_category-equity-corporate-actions","product_category-produkte-und-services"],"acf":[],"yoast_head":"<!-- This site is optimized with the Yoast SEO Premium plugin v26.0 (Yoast SEO v26.0) - https:\/\/yoast.com\/wordpress\/plugins\/seo\/ -->\n<title>Corporate Actions Daten f\u00fcr Nordamerika | Exchange Data International<\/title>\n<meta name=\"description\" content=\"Reduzieren Sie Risiken und Kosten mit pr\u00e4zisen Daten \u00fcber Kapitalma\u00dfnahmen von US Wertpapieren. Abdeckung f\u00fcr US\/kanadische B\u00f6rsen, OTC-Werte &amp; ADRs.\" \/>\n<meta name=\"robots\" content=\"index, follow, max-snippet:-1, max-image-preview:large, max-video-preview:-1\" \/>\n<link rel=\"canonical\" href=\"https:\/\/www.exchange-data.com\/de\/produkt\/nordamerikanische-corporate-actions-daten\/\" \/>\n<meta property=\"og:locale\" content=\"de_DE\" \/>\n<meta property=\"og:type\" content=\"article\" \/>\n<meta property=\"og:title\" content=\"Nordamerikanische Corporate Actions Daten\" \/>\n<meta property=\"og:description\" content=\"Verringerung der mit der Verarbeitung von Kapitalma\u00dfnahmen verbundenen operativen Risiken und Kosten. Effiziente Verfolgung von Kapitalma\u00dfnahmen, die sowohl amerikanische als auch kanadische Wertpapiere betreffen. Der Dienst deckt ab: Wertpapiere, die an den B\u00f6rsen in den USA und Kanada gehandelt werden, Wertpapiere, die auf den drei abgestuften Marktpl\u00e4tzen der OTC Markets Group gehandelt werden - OTCQXTM, OTCQBTM und OTC PinkTM. Auf dem grauen Markt gehandelte Wertpapiere29.000+ US-Investmentfonds. Zus\u00e4tzlich zu den detaillierten Informationen \u00fcber alle Corporate Actions, die nordamerikanische Wertpapiere betreffen, erhalten Sie:\" \/>\n<meta property=\"og:url\" content=\"https:\/\/www.exchange-data.com\/de\/produkt\/nordamerikanische-corporate-actions-daten\/\" \/>\n<meta property=\"og:site_name\" content=\"Exchange Data International\" \/>\n<meta property=\"article:modified_time\" content=\"2025-08-12T07:27:30+00:00\" \/>\n<meta property=\"og:image\" content=\"https:\/\/www.exchange-data.com\/wp-content\/uploads\/2015\/09\/EDI-Post-Featured-Image-700x400-1.png\" \/>\n<meta name=\"twitter:card\" content=\"summary_large_image\" \/>\n<meta name=\"twitter:title\" content=\"Nordamerikanische Corporate Actions Daten\" \/>\n<meta name=\"twitter:description\" content=\"Verringerung der mit der Verarbeitung von Kapitalma\u00dfnahmen verbundenen operativen Risiken und Kosten. Effiziente Verfolgung von Kapitalma\u00dfnahmen, die sowohl amerikanische als auch kanadische Wertpapiere betreffen. Der Dienst deckt ab: Wertpapiere, die an den B\u00f6rsen in den USA und Kanada gehandelt werden, Wertpapiere, die auf den drei abgestuften Marktpl\u00e4tzen der OTC Markets Group gehandelt werden - OTCQXTM, OTCQBTM und OTC PinkTM. Auf dem grauen Markt gehandelte Wertpapiere29.000+ US-Investmentfonds. Zus\u00e4tzlich zu den detaillierten Informationen \u00fcber alle Corporate Actions, die nordamerikanische Wertpapiere betreffen, erhalten Sie:\" \/>\n<meta name=\"twitter:image\" content=\"https:\/\/www.exchange-data.com\/wp-content\/uploads\/2015\/09\/EDI-Post-Featured-Image-700x400-1.png\" \/>\n<meta name=\"twitter:site\" content=\"@ExchangeData\" \/>\n<meta name=\"twitter:label1\" content=\"Gesch\u00e4tzte Lesezeit\" \/>\n\t<meta name=\"twitter:data1\" content=\"1\u00a0Minute\" \/>\n<script type=\"application\/ld+json\" class=\"yoast-schema-graph\">{\"@context\":\"https:\/\/schema.org\",\"@graph\":[{\"@type\":\"WebPage\",\"@id\":\"https:\/\/www.exchange-data.com\/de\/produkt\/nordamerikanische-corporate-actions-daten\/\",\"url\":\"https:\/\/www.exchange-data.com\/de\/produkt\/nordamerikanische-corporate-actions-daten\/\",\"name\":\"Corporate Actions Daten f\u00fcr Nordamerika | Exchange Data International\",\"isPartOf\":{\"@id\":\"https:\/\/www.exchange-data.com\/de\/#website\"},\"primaryImageOfPage\":{\"@id\":\"https:\/\/www.exchange-data.com\/de\/produkt\/nordamerikanische-corporate-actions-daten\/#primaryimage\"},\"image\":{\"@id\":\"https:\/\/www.exchange-data.com\/de\/produkt\/nordamerikanische-corporate-actions-daten\/#primaryimage\"},\"thumbnailUrl\":\"https:\/\/www.exchange-data.com\/wp-content\/uploads\/2015\/09\/EDI-Post-Featured-Image-700x400-1.png\",\"datePublished\":\"2019-03-27T16:47:49+00:00\",\"dateModified\":\"2025-08-12T07:27:30+00:00\",\"description\":\"Reduzieren Sie Risiken und Kosten mit pr\u00e4zisen Daten \u00fcber Kapitalma\u00dfnahmen von US Wertpapieren. Abdeckung f\u00fcr US\/kanadische B\u00f6rsen, OTC-Werte & ADRs.\",\"breadcrumb\":{\"@id\":\"https:\/\/www.exchange-data.com\/de\/produkt\/nordamerikanische-corporate-actions-daten\/#breadcrumb\"},\"inLanguage\":\"de\",\"potentialAction\":[{\"@type\":\"ReadAction\",\"target\":[\"https:\/\/www.exchange-data.com\/de\/produkt\/nordamerikanische-corporate-actions-daten\/\"]}]},{\"@type\":\"ImageObject\",\"inLanguage\":\"de\",\"@id\":\"https:\/\/www.exchange-data.com\/de\/produkt\/nordamerikanische-corporate-actions-daten\/#primaryimage\",\"url\":\"https:\/\/www.exchange-data.com\/wp-content\/uploads\/2015\/09\/EDI-Post-Featured-Image-700x400-1.png\",\"contentUrl\":\"https:\/\/www.exchange-data.com\/wp-content\/uploads\/2015\/09\/EDI-Post-Featured-Image-700x400-1.png\",\"width\":700,\"height\":400,\"caption\":\"Exchange Data International\"},{\"@type\":\"BreadcrumbList\",\"@id\":\"https:\/\/www.exchange-data.com\/de\/produkt\/nordamerikanische-corporate-actions-daten\/#breadcrumb\",\"itemListElement\":[{\"@type\":\"ListItem\",\"position\":1,\"name\":\"Home\",\"item\":\"https:\/\/www.exchange-data.com\/de\/startseite\/\"},{\"@type\":\"ListItem\",\"position\":2,\"name\":\"Corporate Actions Daten f\u00fcr Nordamerika\"}]},{\"@type\":\"WebSite\",\"@id\":\"https:\/\/www.exchange-data.com\/de\/#website\",\"url\":\"https:\/\/www.exchange-data.com\/de\/\",\"name\":\"Exchange Data International\",\"description\":\"Doing data differently\",\"publisher\":{\"@id\":\"https:\/\/www.exchange-data.com\/de\/#organization\"},\"potentialAction\":[{\"@type\":\"SearchAction\",\"target\":{\"@type\":\"EntryPoint\",\"urlTemplate\":\"https:\/\/www.exchange-data.com\/de\/?s={search_term_string}\"},\"query-input\":{\"@type\":\"PropertyValueSpecification\",\"valueRequired\":true,\"valueName\":\"search_term_string\"}}],\"inLanguage\":\"de\"},{\"@type\":\"Organization\",\"@id\":\"https:\/\/www.exchange-data.com\/de\/#organization\",\"name\":\"Exchange Data International\",\"url\":\"https:\/\/www.exchange-data.com\/de\/\",\"logo\":{\"@type\":\"ImageObject\",\"inLanguage\":\"de\",\"@id\":\"https:\/\/www.exchange-data.com\/de\/#\/schema\/logo\/image\/\",\"url\":\"https:\/\/www.exchange-data.com\/wp-content\/uploads\/2019\/03\/logo3.png\",\"contentUrl\":\"https:\/\/www.exchange-data.com\/wp-content\/uploads\/2019\/03\/logo3.png\",\"width\":200,\"height\":80,\"caption\":\"Exchange Data International\"},\"image\":{\"@id\":\"https:\/\/www.exchange-data.com\/de\/#\/schema\/logo\/image\/\"},\"sameAs\":[\"https:\/\/x.com\/ExchangeData\",\"https:\/\/www.linkedin.com\/company\/exchange-data-international\/?viewAsMember=true\",\"https:\/\/www.youtube.com\/channel\/UC5D1OpUb22YZANRLD_Ktcgg?view_as=subscriber\"]}]}<\/script>\n<!-- \/ Yoast SEO Premium plugin. -->","yoast_head_json":{"title":"Corporate Actions Daten f\u00fcr Nordamerika | Exchange Data International","description":"Reduzieren Sie Risiken und Kosten mit pr\u00e4zisen Daten \u00fcber Kapitalma\u00dfnahmen von US Wertpapieren. Abdeckung f\u00fcr US\/kanadische B\u00f6rsen, OTC-Werte & ADRs.","robots":{"index":"index","follow":"follow","max-snippet":"max-snippet:-1","max-image-preview":"max-image-preview:large","max-video-preview":"max-video-preview:-1"},"canonical":"https:\/\/www.exchange-data.com\/de\/produkt\/nordamerikanische-corporate-actions-daten\/","og_locale":"de_DE","og_type":"article","og_title":"Nordamerikanische Corporate Actions Daten","og_description":"Verringerung der mit der Verarbeitung von Kapitalma\u00dfnahmen verbundenen operativen Risiken und Kosten. Effiziente Verfolgung von Kapitalma\u00dfnahmen, die sowohl amerikanische als auch kanadische Wertpapiere betreffen. Der Dienst deckt ab: Wertpapiere, die an den B\u00f6rsen in den USA und Kanada gehandelt werden, Wertpapiere, die auf den drei abgestuften Marktpl\u00e4tzen der OTC Markets Group gehandelt werden - OTCQXTM, OTCQBTM und OTC PinkTM. Auf dem grauen Markt gehandelte Wertpapiere29.000+ US-Investmentfonds. Zus\u00e4tzlich zu den detaillierten Informationen \u00fcber alle Corporate Actions, die nordamerikanische Wertpapiere betreffen, erhalten Sie:","og_url":"https:\/\/www.exchange-data.com\/de\/produkt\/nordamerikanische-corporate-actions-daten\/","og_site_name":"Exchange Data International","article_modified_time":"2025-08-12T07:27:30+00:00","og_image":[{"url":"https:\/\/www.exchange-data.com\/wp-content\/uploads\/2015\/09\/EDI-Post-Featured-Image-700x400-1.png","type":"","width":"","height":""}],"twitter_card":"summary_large_image","twitter_title":"Nordamerikanische Corporate Actions Daten","twitter_description":"Verringerung der mit der Verarbeitung von Kapitalma\u00dfnahmen verbundenen operativen Risiken und Kosten. Effiziente Verfolgung von Kapitalma\u00dfnahmen, die sowohl amerikanische als auch kanadische Wertpapiere betreffen. Der Dienst deckt ab: Wertpapiere, die an den B\u00f6rsen in den USA und Kanada gehandelt werden, Wertpapiere, die auf den drei abgestuften Marktpl\u00e4tzen der OTC Markets Group gehandelt werden - OTCQXTM, OTCQBTM und OTC PinkTM. Auf dem grauen Markt gehandelte Wertpapiere29.000+ US-Investmentfonds. Zus\u00e4tzlich zu den detaillierten Informationen \u00fcber alle Corporate Actions, die nordamerikanische Wertpapiere betreffen, erhalten Sie:","twitter_image":"https:\/\/www.exchange-data.com\/wp-content\/uploads\/2015\/09\/EDI-Post-Featured-Image-700x400-1.png","twitter_site":"@ExchangeData","twitter_misc":{"Gesch\u00e4tzte Lesezeit":"1\u00a0Minute"},"schema":{"@context":"https:\/\/schema.org","@graph":[{"@type":"WebPage","@id":"https:\/\/www.exchange-data.com\/de\/produkt\/nordamerikanische-corporate-actions-daten\/","url":"https:\/\/www.exchange-data.com\/de\/produkt\/nordamerikanische-corporate-actions-daten\/","name":"Corporate Actions Daten f\u00fcr Nordamerika | Exchange Data International","isPartOf":{"@id":"https:\/\/www.exchange-data.com\/de\/#website"},"primaryImageOfPage":{"@id":"https:\/\/www.exchange-data.com\/de\/produkt\/nordamerikanische-corporate-actions-daten\/#primaryimage"},"image":{"@id":"https:\/\/www.exchange-data.com\/de\/produkt\/nordamerikanische-corporate-actions-daten\/#primaryimage"},"thumbnailUrl":"https:\/\/www.exchange-data.com\/wp-content\/uploads\/2015\/09\/EDI-Post-Featured-Image-700x400-1.png","datePublished":"2019-03-27T16:47:49+00:00","dateModified":"2025-08-12T07:27:30+00:00","description":"Reduzieren Sie Risiken und Kosten mit pr\u00e4zisen Daten \u00fcber Kapitalma\u00dfnahmen von US Wertpapieren. Abdeckung f\u00fcr US\/kanadische B\u00f6rsen, OTC-Werte & ADRs.","breadcrumb":{"@id":"https:\/\/www.exchange-data.com\/de\/produkt\/nordamerikanische-corporate-actions-daten\/#breadcrumb"},"inLanguage":"de","potentialAction":[{"@type":"ReadAction","target":["https:\/\/www.exchange-data.com\/de\/produkt\/nordamerikanische-corporate-actions-daten\/"]}]},{"@type":"ImageObject","inLanguage":"de","@id":"https:\/\/www.exchange-data.com\/de\/produkt\/nordamerikanische-corporate-actions-daten\/#primaryimage","url":"https:\/\/www.exchange-data.com\/wp-content\/uploads\/2015\/09\/EDI-Post-Featured-Image-700x400-1.png","contentUrl":"https:\/\/www.exchange-data.com\/wp-content\/uploads\/2015\/09\/EDI-Post-Featured-Image-700x400-1.png","width":700,"height":400,"caption":"Exchange Data International"},{"@type":"BreadcrumbList","@id":"https:\/\/www.exchange-data.com\/de\/produkt\/nordamerikanische-corporate-actions-daten\/#breadcrumb","itemListElement":[{"@type":"ListItem","position":1,"name":"Home","item":"https:\/\/www.exchange-data.com\/de\/startseite\/"},{"@type":"ListItem","position":2,"name":"Corporate Actions Daten f\u00fcr Nordamerika"}]},{"@type":"WebSite","@id":"https:\/\/www.exchange-data.com\/de\/#website","url":"https:\/\/www.exchange-data.com\/de\/","name":"Exchange Data International","description":"Doing data differently","publisher":{"@id":"https:\/\/www.exchange-data.com\/de\/#organization"},"potentialAction":[{"@type":"SearchAction","target":{"@type":"EntryPoint","urlTemplate":"https:\/\/www.exchange-data.com\/de\/?s={search_term_string}"},"query-input":{"@type":"PropertyValueSpecification","valueRequired":true,"valueName":"search_term_string"}}],"inLanguage":"de"},{"@type":"Organization","@id":"https:\/\/www.exchange-data.com\/de\/#organization","name":"Exchange Data International","url":"https:\/\/www.exchange-data.com\/de\/","logo":{"@type":"ImageObject","inLanguage":"de","@id":"https:\/\/www.exchange-data.com\/de\/#\/schema\/logo\/image\/","url":"https:\/\/www.exchange-data.com\/wp-content\/uploads\/2019\/03\/logo3.png","contentUrl":"https:\/\/www.exchange-data.com\/wp-content\/uploads\/2019\/03\/logo3.png","width":200,"height":80,"caption":"Exchange Data International"},"image":{"@id":"https:\/\/www.exchange-data.com\/de\/#\/schema\/logo\/image\/"},"sameAs":["https:\/\/x.com\/ExchangeData","https:\/\/www.linkedin.com\/company\/exchange-data-international\/?viewAsMember=true","https:\/\/www.youtube.com\/channel\/UC5D1OpUb22YZANRLD_Ktcgg?view_as=subscriber"]}]}},"_links":{"self":[{"href":"https:\/\/www.exchange-data.com\/de\/wp-json\/wp\/v2\/product\/35759","targetHints":{"allow":["GET"]}}],"collection":[{"href":"https:\/\/www.exchange-data.com\/de\/wp-json\/wp\/v2\/product"}],"about":[{"href":"https:\/\/www.exchange-data.com\/de\/wp-json\/wp\/v2\/types\/product"}],"wp:featuredmedia":[{"embeddable":true,"href":"https:\/\/www.exchange-data.com\/de\/wp-json\/wp\/v2\/media\/34153"}],"wp:attachment":[{"href":"https:\/\/www.exchange-data.com\/de\/wp-json\/wp\/v2\/media?parent=35759"}],"wp:term":[{"taxonomy":"country","embeddable":true,"href":"https:\/\/www.exchange-data.com\/de\/wp-json\/wp\/v2\/country?post=35759"},{"taxonomy":"product_category","embeddable":true,"href":"https:\/\/www.exchange-data.com\/de\/wp-json\/wp\/v2\/product_category?post=35759"}],"curies":[{"name":"wp","href":"https:\/\/api.w.org\/{rel}","templated":true}]}}