{"id":35761,"date":"2019-03-21T10:12:44","date_gmt":"2019-03-21T09:12:44","guid":{"rendered":"https:\/\/www.exchange-data.com\/product\/derivatpreise-zum-tagesende\/"},"modified":"2025-09-10T08:33:31","modified_gmt":"2025-09-10T07:33:31","slug":"derivatpreise-zum-tagesende","status":"publish","type":"product","link":"https:\/\/www.exchange-data.com\/de\/produkt\/derivatpreise-zum-tagesende\/","title":{"rendered":"Derivate \u2013 End-of-Day-Preise"},"content":{"rendered":"<p align=\"justify\"><span style=\"font-weight: 400;\">Die Daten zu b\u00f6rsengehandelten Derivaten konzentrieren sich auf b\u00f6rsengehandelte Futures und Optionen. <a href=\"https:\/\/www.exchange-data.com\/de\/product\/derivative-referenzdaten\/\">Derivative Referenzdaten<\/a> und <a href=\"https:\/\/www.exchange-data.com\/de\/product\/derivactions\/\">DerivActions<\/a> sind ebenfalls verf\u00fcgbar.<\/span><\/p>\n<p>&nbsp;<\/p>\n<h4>Schneller Zugang zu pr\u00e4zisen Schlusskursdaten<\/h4>\n<p align=\"justify\">Nutzen Sie die End-of-Day-Preisdaten, um gezielt und effizient einzelne Derivatkontrakte in unserer umfangreichen Datenbank zu identifizieren. Enthaltene Datenpunkte: <\/p>\n<table>\n<tbody>\n<tr>\n<td>\n<ul>\n<li>Tageshoch<\/li>\n<li>Tagestief<\/li>\n<li>Er\u00f6ffnungskurs<\/li>\n<li>Schlusskurs<\/li>\n<li>Geldkurs<\/li>\n<\/ul>\n<\/td>\n<td>\n<ul>\n<li>Briefkurs<\/li>\n<li>Offene Positionen (Open Interest)<\/li>\n<li>Anzahl der Abschl\u00fcsse<\/li>\n<li>Gehandeltes Volumen<\/li>\n<\/ul>\n<\/td>\n<\/tr>\n<\/tbody>\n<\/table>\n<p align=\"justify\"><span style=\"font-weight: 400;\">Sie k\u00f6nnen die Preisdaten wahlweise nach B\u00f6rse, Portfolio oder global empfangen \u2013 flexibel passend zu Ihren Anforderungen und unter Ber\u00fccksichtigung relevanter Derivathandelszeiten.<\/span><\/p>\n<p>&nbsp;<\/p>\n<p align=\"justify\"><span style=\"font-weight: 400;\">Mit dem Option-Delta-Feed behalten Sie jederzeit den \u00dcberblick \u00fcber Preisver\u00e4nderungen von Aktienoptionen im Verh\u00e4ltnis zur Kursentwicklung der zugrunde liegenden Aktie \u2013 ein wertvolles Tool f\u00fcr pr\u00e4zises Risikomanagement im Rahmen der Derivathandelszeiten.<\/span><\/p>\n<p>&nbsp;<\/p>\n","protected":false},"featured_media":34153,"template":"","country":[],"product_category":[3170,3167],"class_list":["post-35761","product","type-product","status-publish","has-post-thumbnail","hentry","product_category-derivative-data-short-interest-data-de","product_category-produkte-und-services"],"acf":[],"yoast_head":"<!-- This site is optimized with the Yoast SEO Premium plugin v26.0 (Yoast SEO v26.0) - https:\/\/yoast.com\/wordpress\/plugins\/seo\/ -->\n<title>Derivate \u2013 End-of-Day-Preise Daten | Exchange Data International<\/title>\n<meta name=\"description\" content=\"Mit dem Option-Delta-Feed behalten Sie jederzeit den \u00dcberblick \u00fcber Preisver\u00e4nderungen von Aktienoptionen im Verh\u00e4ltnis zur Kursentwicklung der zugrunde liegenden Aktie \u2013 ein wertvolles Tool f\u00fcr pr\u00e4zises Risikomanagement im Rahmen der Derivathandelszeiten.\" \/>\n<meta name=\"robots\" content=\"index, follow, max-snippet:-1, max-image-preview:large, max-video-preview:-1\" \/>\n<link rel=\"canonical\" href=\"https:\/\/www.exchange-data.com\/de\/produkt\/derivatpreise-zum-tagesende\/\" \/>\n<meta property=\"og:locale\" content=\"de_DE\" \/>\n<meta property=\"og:type\" content=\"article\" \/>\n<meta property=\"og:title\" content=\"Derivatpreise zum Tagesende\" \/>\n<meta property=\"og:description\" content=\"Die Daten zu b\u00f6rsengehandelten Derivaten konzentrieren sich auf b\u00f6rsengehandelte Futures und Optionen. Derivative Referenzdaten und DerivActions sind ebenfalls verf\u00fcgbar. Erhalten Sie schnellen Zugang zu genauen Schlusskursdaten. Verwenden Sie die Derivative End-of-Day Pricing-Datei, um einen bestimmten Derivatkontrakt in unserer umfangreichen Datenbank effizient zu identifizieren. Die Datenelemente umfassen:\" \/>\n<meta property=\"og:url\" content=\"https:\/\/www.exchange-data.com\/de\/produkt\/derivatpreise-zum-tagesende\/\" \/>\n<meta property=\"og:site_name\" content=\"Exchange Data International\" \/>\n<meta property=\"article:modified_time\" content=\"2025-09-10T07:33:31+00:00\" \/>\n<meta property=\"og:image\" content=\"https:\/\/www.exchange-data.com\/wp-content\/uploads\/2015\/09\/EDI-Post-Featured-Image-700x400-1.png\" \/>\n<meta name=\"twitter:card\" content=\"summary_large_image\" \/>\n<meta name=\"twitter:title\" content=\"Derivatpreise zum Tagesende\" \/>\n<meta name=\"twitter:description\" content=\"Die Daten zu b\u00f6rsengehandelten Derivaten konzentrieren sich auf b\u00f6rsengehandelte Futures und Optionen. Derivative Referenzdaten und DerivActions sind ebenfalls verf\u00fcgbar. Erhalten Sie schnellen Zugang zu genauen Schlusskursdaten. Verwenden Sie die Derivative End-of-Day Pricing-Datei, um einen bestimmten Derivatkontrakt in unserer umfangreichen Datenbank effizient zu identifizieren. Die Datenelemente umfassen:\" \/>\n<meta name=\"twitter:image\" content=\"https:\/\/www.exchange-data.com\/wp-content\/uploads\/2015\/09\/EDI-Post-Featured-Image-700x400-1.png\" \/>\n<meta name=\"twitter:site\" content=\"@ExchangeData\" \/>\n<meta name=\"twitter:label1\" content=\"Gesch\u00e4tzte Lesezeit\" \/>\n\t<meta name=\"twitter:data1\" content=\"1\u00a0Minute\" \/>\n<script type=\"application\/ld+json\" class=\"yoast-schema-graph\">{\"@context\":\"https:\/\/schema.org\",\"@graph\":[{\"@type\":\"WebPage\",\"@id\":\"https:\/\/www.exchange-data.com\/de\/produkt\/derivatpreise-zum-tagesende\/\",\"url\":\"https:\/\/www.exchange-data.com\/de\/produkt\/derivatpreise-zum-tagesende\/\",\"name\":\"Derivate \u2013 End-of-Day-Preise Daten | Exchange Data International\",\"isPartOf\":{\"@id\":\"https:\/\/www.exchange-data.com\/de\/#website\"},\"primaryImageOfPage\":{\"@id\":\"https:\/\/www.exchange-data.com\/de\/produkt\/derivatpreise-zum-tagesende\/#primaryimage\"},\"image\":{\"@id\":\"https:\/\/www.exchange-data.com\/de\/produkt\/derivatpreise-zum-tagesende\/#primaryimage\"},\"thumbnailUrl\":\"https:\/\/www.exchange-data.com\/wp-content\/uploads\/2015\/09\/EDI-Post-Featured-Image-700x400-1.png\",\"datePublished\":\"2019-03-21T09:12:44+00:00\",\"dateModified\":\"2025-09-10T07:33:31+00:00\",\"description\":\"Mit dem Option-Delta-Feed behalten Sie jederzeit den \u00dcberblick \u00fcber Preisver\u00e4nderungen von Aktienoptionen im Verh\u00e4ltnis zur Kursentwicklung der zugrunde liegenden Aktie \u2013 ein wertvolles Tool f\u00fcr pr\u00e4zises Risikomanagement im Rahmen der Derivathandelszeiten.\",\"breadcrumb\":{\"@id\":\"https:\/\/www.exchange-data.com\/de\/produkt\/derivatpreise-zum-tagesende\/#breadcrumb\"},\"inLanguage\":\"de\",\"potentialAction\":[{\"@type\":\"ReadAction\",\"target\":[\"https:\/\/www.exchange-data.com\/de\/produkt\/derivatpreise-zum-tagesende\/\"]}]},{\"@type\":\"ImageObject\",\"inLanguage\":\"de\",\"@id\":\"https:\/\/www.exchange-data.com\/de\/produkt\/derivatpreise-zum-tagesende\/#primaryimage\",\"url\":\"https:\/\/www.exchange-data.com\/wp-content\/uploads\/2015\/09\/EDI-Post-Featured-Image-700x400-1.png\",\"contentUrl\":\"https:\/\/www.exchange-data.com\/wp-content\/uploads\/2015\/09\/EDI-Post-Featured-Image-700x400-1.png\",\"width\":700,\"height\":400,\"caption\":\"Exchange Data International\"},{\"@type\":\"BreadcrumbList\",\"@id\":\"https:\/\/www.exchange-data.com\/de\/produkt\/derivatpreise-zum-tagesende\/#breadcrumb\",\"itemListElement\":[{\"@type\":\"ListItem\",\"position\":1,\"name\":\"Home\",\"item\":\"https:\/\/www.exchange-data.com\/de\/startseite\/\"},{\"@type\":\"ListItem\",\"position\":2,\"name\":\"Derivate \u2013 End-of-Day-Preise\"}]},{\"@type\":\"WebSite\",\"@id\":\"https:\/\/www.exchange-data.com\/de\/#website\",\"url\":\"https:\/\/www.exchange-data.com\/de\/\",\"name\":\"Exchange Data International\",\"description\":\"Doing data differently\",\"publisher\":{\"@id\":\"https:\/\/www.exchange-data.com\/de\/#organization\"},\"potentialAction\":[{\"@type\":\"SearchAction\",\"target\":{\"@type\":\"EntryPoint\",\"urlTemplate\":\"https:\/\/www.exchange-data.com\/de\/?s={search_term_string}\"},\"query-input\":{\"@type\":\"PropertyValueSpecification\",\"valueRequired\":true,\"valueName\":\"search_term_string\"}}],\"inLanguage\":\"de\"},{\"@type\":\"Organization\",\"@id\":\"https:\/\/www.exchange-data.com\/de\/#organization\",\"name\":\"Exchange Data International\",\"url\":\"https:\/\/www.exchange-data.com\/de\/\",\"logo\":{\"@type\":\"ImageObject\",\"inLanguage\":\"de\",\"@id\":\"https:\/\/www.exchange-data.com\/de\/#\/schema\/logo\/image\/\",\"url\":\"https:\/\/www.exchange-data.com\/wp-content\/uploads\/2019\/03\/logo3.png\",\"contentUrl\":\"https:\/\/www.exchange-data.com\/wp-content\/uploads\/2019\/03\/logo3.png\",\"width\":200,\"height\":80,\"caption\":\"Exchange Data International\"},\"image\":{\"@id\":\"https:\/\/www.exchange-data.com\/de\/#\/schema\/logo\/image\/\"},\"sameAs\":[\"https:\/\/x.com\/ExchangeData\",\"https:\/\/www.linkedin.com\/company\/exchange-data-international\/?viewAsMember=true\",\"https:\/\/www.youtube.com\/channel\/UC5D1OpUb22YZANRLD_Ktcgg?view_as=subscriber\"]}]}<\/script>\n<!-- \/ Yoast SEO Premium plugin. -->","yoast_head_json":{"title":"Derivate \u2013 End-of-Day-Preise Daten | Exchange Data International","description":"Mit dem Option-Delta-Feed behalten Sie jederzeit den \u00dcberblick \u00fcber Preisver\u00e4nderungen von Aktienoptionen im Verh\u00e4ltnis zur Kursentwicklung der zugrunde liegenden Aktie \u2013 ein wertvolles Tool f\u00fcr pr\u00e4zises Risikomanagement im Rahmen der Derivathandelszeiten.","robots":{"index":"index","follow":"follow","max-snippet":"max-snippet:-1","max-image-preview":"max-image-preview:large","max-video-preview":"max-video-preview:-1"},"canonical":"https:\/\/www.exchange-data.com\/de\/produkt\/derivatpreise-zum-tagesende\/","og_locale":"de_DE","og_type":"article","og_title":"Derivatpreise zum Tagesende","og_description":"Die Daten zu b\u00f6rsengehandelten Derivaten konzentrieren sich auf b\u00f6rsengehandelte Futures und Optionen. Derivative Referenzdaten und DerivActions sind ebenfalls verf\u00fcgbar. Erhalten Sie schnellen Zugang zu genauen Schlusskursdaten. Verwenden Sie die Derivative End-of-Day Pricing-Datei, um einen bestimmten Derivatkontrakt in unserer umfangreichen Datenbank effizient zu identifizieren. Die Datenelemente umfassen:","og_url":"https:\/\/www.exchange-data.com\/de\/produkt\/derivatpreise-zum-tagesende\/","og_site_name":"Exchange Data International","article_modified_time":"2025-09-10T07:33:31+00:00","og_image":[{"url":"https:\/\/www.exchange-data.com\/wp-content\/uploads\/2015\/09\/EDI-Post-Featured-Image-700x400-1.png","type":"","width":"","height":""}],"twitter_card":"summary_large_image","twitter_title":"Derivatpreise zum Tagesende","twitter_description":"Die Daten zu b\u00f6rsengehandelten Derivaten konzentrieren sich auf b\u00f6rsengehandelte Futures und Optionen. Derivative Referenzdaten und DerivActions sind ebenfalls verf\u00fcgbar. Erhalten Sie schnellen Zugang zu genauen Schlusskursdaten. Verwenden Sie die Derivative End-of-Day Pricing-Datei, um einen bestimmten Derivatkontrakt in unserer umfangreichen Datenbank effizient zu identifizieren. Die Datenelemente umfassen:","twitter_image":"https:\/\/www.exchange-data.com\/wp-content\/uploads\/2015\/09\/EDI-Post-Featured-Image-700x400-1.png","twitter_site":"@ExchangeData","twitter_misc":{"Gesch\u00e4tzte Lesezeit":"1\u00a0Minute"},"schema":{"@context":"https:\/\/schema.org","@graph":[{"@type":"WebPage","@id":"https:\/\/www.exchange-data.com\/de\/produkt\/derivatpreise-zum-tagesende\/","url":"https:\/\/www.exchange-data.com\/de\/produkt\/derivatpreise-zum-tagesende\/","name":"Derivate \u2013 End-of-Day-Preise Daten | Exchange Data International","isPartOf":{"@id":"https:\/\/www.exchange-data.com\/de\/#website"},"primaryImageOfPage":{"@id":"https:\/\/www.exchange-data.com\/de\/produkt\/derivatpreise-zum-tagesende\/#primaryimage"},"image":{"@id":"https:\/\/www.exchange-data.com\/de\/produkt\/derivatpreise-zum-tagesende\/#primaryimage"},"thumbnailUrl":"https:\/\/www.exchange-data.com\/wp-content\/uploads\/2015\/09\/EDI-Post-Featured-Image-700x400-1.png","datePublished":"2019-03-21T09:12:44+00:00","dateModified":"2025-09-10T07:33:31+00:00","description":"Mit dem Option-Delta-Feed behalten Sie jederzeit den \u00dcberblick \u00fcber Preisver\u00e4nderungen von Aktienoptionen im Verh\u00e4ltnis zur Kursentwicklung der zugrunde liegenden Aktie \u2013 ein wertvolles Tool f\u00fcr pr\u00e4zises Risikomanagement im Rahmen der Derivathandelszeiten.","breadcrumb":{"@id":"https:\/\/www.exchange-data.com\/de\/produkt\/derivatpreise-zum-tagesende\/#breadcrumb"},"inLanguage":"de","potentialAction":[{"@type":"ReadAction","target":["https:\/\/www.exchange-data.com\/de\/produkt\/derivatpreise-zum-tagesende\/"]}]},{"@type":"ImageObject","inLanguage":"de","@id":"https:\/\/www.exchange-data.com\/de\/produkt\/derivatpreise-zum-tagesende\/#primaryimage","url":"https:\/\/www.exchange-data.com\/wp-content\/uploads\/2015\/09\/EDI-Post-Featured-Image-700x400-1.png","contentUrl":"https:\/\/www.exchange-data.com\/wp-content\/uploads\/2015\/09\/EDI-Post-Featured-Image-700x400-1.png","width":700,"height":400,"caption":"Exchange Data International"},{"@type":"BreadcrumbList","@id":"https:\/\/www.exchange-data.com\/de\/produkt\/derivatpreise-zum-tagesende\/#breadcrumb","itemListElement":[{"@type":"ListItem","position":1,"name":"Home","item":"https:\/\/www.exchange-data.com\/de\/startseite\/"},{"@type":"ListItem","position":2,"name":"Derivate \u2013 End-of-Day-Preise"}]},{"@type":"WebSite","@id":"https:\/\/www.exchange-data.com\/de\/#website","url":"https:\/\/www.exchange-data.com\/de\/","name":"Exchange Data International","description":"Doing data differently","publisher":{"@id":"https:\/\/www.exchange-data.com\/de\/#organization"},"potentialAction":[{"@type":"SearchAction","target":{"@type":"EntryPoint","urlTemplate":"https:\/\/www.exchange-data.com\/de\/?s={search_term_string}"},"query-input":{"@type":"PropertyValueSpecification","valueRequired":true,"valueName":"search_term_string"}}],"inLanguage":"de"},{"@type":"Organization","@id":"https:\/\/www.exchange-data.com\/de\/#organization","name":"Exchange Data International","url":"https:\/\/www.exchange-data.com\/de\/","logo":{"@type":"ImageObject","inLanguage":"de","@id":"https:\/\/www.exchange-data.com\/de\/#\/schema\/logo\/image\/","url":"https:\/\/www.exchange-data.com\/wp-content\/uploads\/2019\/03\/logo3.png","contentUrl":"https:\/\/www.exchange-data.com\/wp-content\/uploads\/2019\/03\/logo3.png","width":200,"height":80,"caption":"Exchange Data International"},"image":{"@id":"https:\/\/www.exchange-data.com\/de\/#\/schema\/logo\/image\/"},"sameAs":["https:\/\/x.com\/ExchangeData","https:\/\/www.linkedin.com\/company\/exchange-data-international\/?viewAsMember=true","https:\/\/www.youtube.com\/channel\/UC5D1OpUb22YZANRLD_Ktcgg?view_as=subscriber"]}]}},"_links":{"self":[{"href":"https:\/\/www.exchange-data.com\/de\/wp-json\/wp\/v2\/product\/35761","targetHints":{"allow":["GET"]}}],"collection":[{"href":"https:\/\/www.exchange-data.com\/de\/wp-json\/wp\/v2\/product"}],"about":[{"href":"https:\/\/www.exchange-data.com\/de\/wp-json\/wp\/v2\/types\/product"}],"wp:featuredmedia":[{"embeddable":true,"href":"https:\/\/www.exchange-data.com\/de\/wp-json\/wp\/v2\/media\/34153"}],"wp:attachment":[{"href":"https:\/\/www.exchange-data.com\/de\/wp-json\/wp\/v2\/media?parent=35761"}],"wp:term":[{"taxonomy":"country","embeddable":true,"href":"https:\/\/www.exchange-data.com\/de\/wp-json\/wp\/v2\/country?post=35761"},{"taxonomy":"product_category","embeddable":true,"href":"https:\/\/www.exchange-data.com\/de\/wp-json\/wp\/v2\/product_category?post=35761"}],"curies":[{"name":"wp","href":"https:\/\/api.w.org\/{rel}","templated":true}]}}