{"id":35762,"date":"2019-02-17T14:26:23","date_gmt":"2019-02-17T13:26:23","guid":{"rendered":"https:\/\/www.exchange-data.com\/product\/derivative-referenzdaten\/"},"modified":"2026-03-23T14:05:05","modified_gmt":"2026-03-23T13:05:05","slug":"derivative-referenzdaten","status":"publish","type":"product","link":"https:\/\/www.exchange-data.com\/de\/produkt\/derivative-referenzdaten\/","title":{"rendered":"Referenzdaten f\u00fcr Derivate"},"content":{"rendered":"<h5>Greifen Sie auf aktuelle Informationen zu b\u00f6rsengehandelten Futures und Optionen zu, deren Basiswert entweder eine Aktie oder ein Index ist.<\/h5>\n<p><span style=\"font-weight: 400;\">Mit der Datei f\u00fcr Referenzdaten zu Derivaten identifizieren Sie gezielt und effizient jedes spezifische Derivat in unserer umfangreichen Datenbank. Die Datei umfasst derzeit \u00fcber 30 Felder, darunter: <\/span><\/p>\n<table>\n<tbody>\n<tr>\n<td>\n<ul>\n<li><span style=\"font-weight: 400;\">Root Code<\/span><\/li>\n<li><span style=\"font-weight: 400;\">ISIN<\/span><\/li>\n<li><span style=\"font-weight: 400;\">FIGI\/BBGID<\/span><\/li>\n<li><span style=\"font-weight: 400;\">Aii<\/span><\/li>\n<li><span style=\"font-weight: 400;\">OSI-Symbol<\/span><\/li>\n<\/ul>\n<\/td>\n<td>\n<ul>\n<li><span style=\"font-weight: 400;\">Wertpapierbeschreibung<\/span><\/li>\n<li><span style=\"font-weight: 400;\">Details zum Basiswert<\/span><\/li>\n<li><span style=\"font-weight: 400;\">Kontraktgr\u00f6\u00dfe<\/span><\/li>\n<li><span style=\"font-weight: 400;\">Aus\u00fcbungsstil<\/span><\/li>\n<\/ul>\n<\/td>\n<\/tr>\n<\/tbody>\n<\/table>\n<h5>Bestimmen Sie einfach, auf welchen Basiswert sich der Derivatpreis bezieht.<\/h5>\n<p><span style=\"font-weight: 400;\">Die Referenzdaten f\u00fcr Derivate geben eindeutig an, welches Wertpapier dem jeweiligen Kontrakt zugrunde liegt.<\/span><\/p>\n<table>\n<tbody>\n<tr>\n<td>\n<ul>\n<li><span style=\"font-weight: 400;\">Wertpapierbeschreibung<\/span><\/li>\n<\/ul>\n<\/td>\n<td><\/td>\n<td>\n<ul>\n<li><span style=\"font-weight: 400;\">ISIN\/SEDOL\u2122*\/TICKER<\/span><\/li>\n<\/ul>\n<\/td>\n<td><\/td>\n<td>\n<ul>\n<li><span style=\"font-weight: 400;\">Prim\u00e4rb\u00f6rse<\/span><\/li>\n<\/ul>\n<\/td>\n<\/tr>\n<\/tbody>\n<\/table>\n<p><span style=\"font-weight: 400;\">Der Service f\u00fcr Referenzdaten zu Derivaten konzentriert sich auf b\u00f6rsengehandelte Futures und Optionen. Zus\u00e4tzlich sind auch <a href=\"https:\/\/www.exchange-data.com\/de\/product\/derivatpreise-zum-tagesende\/\">Derivate-End-of-Day-Preisdaten<\/a> sowie Informationen zu <a href=\"https:\/\/www.exchange-data.com\/de\/product\/derivactions\/\">Kapitalma\u00dfnahmenereignisse<\/a>( DerivActions) verf\u00fcgbar.<\/span><\/p>\n<p>*Eingetragene Marke der London Stock Exchange<\/p>\n","protected":false},"featured_media":34153,"template":"","country":[],"product_category":[3170,3166],"class_list":["post-35762","product","type-product","status-publish","has-post-thumbnail","hentry","product_category-derivative-data-short-interest-data-de","product_category-referenzdaten-de-edi-products-services-de"],"acf":[],"yoast_head":"<!-- This site is optimized with the Yoast SEO Premium plugin v26.0 (Yoast SEO v26.0) - https:\/\/yoast.com\/wordpress\/plugins\/seo\/ -->\n<title>Referenzdaten f\u00fcr Derivate | Exchange Data International<\/title>\n<meta name=\"description\" content=\"Nutzen Sie pr\u00e4zise Referenzdaten zu Derivaten und erhalten Sie umfassende Details zu Kapitalma\u00dfnahmearten, Futures und Optionen \u2013 effizient und aktuell.\" \/>\n<meta name=\"robots\" content=\"index, follow, max-snippet:-1, max-image-preview:large, max-video-preview:-1\" \/>\n<link rel=\"canonical\" href=\"https:\/\/www.exchange-data.com\/de\/produkt\/derivative-referenzdaten\/\" \/>\n<meta property=\"og:locale\" content=\"de_DE\" \/>\n<meta property=\"og:type\" content=\"article\" \/>\n<meta property=\"og:title\" content=\"Derivative Referenzdaten\" \/>\n<meta property=\"og:description\" content=\"Der Referenzdatendienst f\u00fcr Derivate ist auf b\u00f6rsengehandelte Futures und Optionen ausgerichtet. Derivative End of Day Pricing Daten und DerivActions sind ebenfalls verf\u00fcgbar.\" \/>\n<meta property=\"og:url\" content=\"https:\/\/www.exchange-data.com\/de\/produkt\/derivative-referenzdaten\/\" \/>\n<meta property=\"og:site_name\" content=\"Exchange Data International\" \/>\n<meta property=\"article:modified_time\" content=\"2026-03-23T13:05:05+00:00\" \/>\n<meta property=\"og:image\" content=\"https:\/\/www.exchange-data.com\/wp-content\/uploads\/2015\/09\/EDI-Post-Featured-Image-700x400-1.png\" \/>\n<meta name=\"twitter:card\" content=\"summary_large_image\" \/>\n<meta name=\"twitter:title\" content=\"Derivative Referenzdaten\" \/>\n<meta name=\"twitter:description\" content=\"Der Referenzdatendienst f\u00fcr Derivate ist auf b\u00f6rsengehandelte Futures und Optionen ausgerichtet. Derivative End of Day Pricing Daten und DerivActions sind ebenfalls verf\u00fcgbar.\" \/>\n<meta name=\"twitter:image\" content=\"https:\/\/www.exchange-data.com\/wp-content\/uploads\/2015\/09\/EDI-Post-Featured-Image-700x400-1.png\" \/>\n<meta name=\"twitter:site\" content=\"@ExchangeData\" \/>\n<meta name=\"twitter:label1\" content=\"Gesch\u00e4tzte Lesezeit\" \/>\n\t<meta name=\"twitter:data1\" content=\"1\u00a0Minute\" \/>\n<script type=\"application\/ld+json\" class=\"yoast-schema-graph\">{\"@context\":\"https:\/\/schema.org\",\"@graph\":[{\"@type\":\"WebPage\",\"@id\":\"https:\/\/www.exchange-data.com\/de\/produkt\/derivative-referenzdaten\/\",\"url\":\"https:\/\/www.exchange-data.com\/de\/produkt\/derivative-referenzdaten\/\",\"name\":\"Referenzdaten f\u00fcr Derivate | Exchange Data International\",\"isPartOf\":{\"@id\":\"https:\/\/www.exchange-data.com\/de\/#website\"},\"primaryImageOfPage\":{\"@id\":\"https:\/\/www.exchange-data.com\/de\/produkt\/derivative-referenzdaten\/#primaryimage\"},\"image\":{\"@id\":\"https:\/\/www.exchange-data.com\/de\/produkt\/derivative-referenzdaten\/#primaryimage\"},\"thumbnailUrl\":\"https:\/\/www.exchange-data.com\/wp-content\/uploads\/2015\/09\/EDI-Post-Featured-Image-700x400-1.png\",\"datePublished\":\"2019-02-17T13:26:23+00:00\",\"dateModified\":\"2026-03-23T13:05:05+00:00\",\"description\":\"Nutzen Sie pr\u00e4zise Referenzdaten zu Derivaten und erhalten Sie umfassende Details zu Kapitalma\u00dfnahmearten, Futures und Optionen \u2013 effizient und aktuell.\",\"breadcrumb\":{\"@id\":\"https:\/\/www.exchange-data.com\/de\/produkt\/derivative-referenzdaten\/#breadcrumb\"},\"inLanguage\":\"de\",\"potentialAction\":[{\"@type\":\"ReadAction\",\"target\":[\"https:\/\/www.exchange-data.com\/de\/produkt\/derivative-referenzdaten\/\"]}]},{\"@type\":\"ImageObject\",\"inLanguage\":\"de\",\"@id\":\"https:\/\/www.exchange-data.com\/de\/produkt\/derivative-referenzdaten\/#primaryimage\",\"url\":\"https:\/\/www.exchange-data.com\/wp-content\/uploads\/2015\/09\/EDI-Post-Featured-Image-700x400-1.png\",\"contentUrl\":\"https:\/\/www.exchange-data.com\/wp-content\/uploads\/2015\/09\/EDI-Post-Featured-Image-700x400-1.png\",\"width\":700,\"height\":400,\"caption\":\"Exchange Data International\"},{\"@type\":\"BreadcrumbList\",\"@id\":\"https:\/\/www.exchange-data.com\/de\/produkt\/derivative-referenzdaten\/#breadcrumb\",\"itemListElement\":[{\"@type\":\"ListItem\",\"position\":1,\"name\":\"Home\",\"item\":\"https:\/\/www.exchange-data.com\/de\/startseite\/\"},{\"@type\":\"ListItem\",\"position\":2,\"name\":\"Referenzdaten f\u00fcr Derivate\"}]},{\"@type\":\"WebSite\",\"@id\":\"https:\/\/www.exchange-data.com\/de\/#website\",\"url\":\"https:\/\/www.exchange-data.com\/de\/\",\"name\":\"Exchange Data International\",\"description\":\"Doing data differently\",\"publisher\":{\"@id\":\"https:\/\/www.exchange-data.com\/de\/#organization\"},\"potentialAction\":[{\"@type\":\"SearchAction\",\"target\":{\"@type\":\"EntryPoint\",\"urlTemplate\":\"https:\/\/www.exchange-data.com\/de\/?s={search_term_string}\"},\"query-input\":{\"@type\":\"PropertyValueSpecification\",\"valueRequired\":true,\"valueName\":\"search_term_string\"}}],\"inLanguage\":\"de\"},{\"@type\":\"Organization\",\"@id\":\"https:\/\/www.exchange-data.com\/de\/#organization\",\"name\":\"Exchange Data International\",\"url\":\"https:\/\/www.exchange-data.com\/de\/\",\"logo\":{\"@type\":\"ImageObject\",\"inLanguage\":\"de\",\"@id\":\"https:\/\/www.exchange-data.com\/de\/#\/schema\/logo\/image\/\",\"url\":\"https:\/\/www.exchange-data.com\/wp-content\/uploads\/2019\/03\/logo3.png\",\"contentUrl\":\"https:\/\/www.exchange-data.com\/wp-content\/uploads\/2019\/03\/logo3.png\",\"width\":200,\"height\":80,\"caption\":\"Exchange Data International\"},\"image\":{\"@id\":\"https:\/\/www.exchange-data.com\/de\/#\/schema\/logo\/image\/\"},\"sameAs\":[\"https:\/\/x.com\/ExchangeData\",\"https:\/\/www.linkedin.com\/company\/exchange-data-international\/?viewAsMember=true\",\"https:\/\/www.youtube.com\/channel\/UC5D1OpUb22YZANRLD_Ktcgg?view_as=subscriber\"]}]}<\/script>\n<!-- \/ Yoast SEO Premium plugin. -->","yoast_head_json":{"title":"Referenzdaten f\u00fcr Derivate | Exchange Data International","description":"Nutzen Sie pr\u00e4zise Referenzdaten zu Derivaten und erhalten Sie umfassende Details zu Kapitalma\u00dfnahmearten, Futures und Optionen \u2013 effizient und aktuell.","robots":{"index":"index","follow":"follow","max-snippet":"max-snippet:-1","max-image-preview":"max-image-preview:large","max-video-preview":"max-video-preview:-1"},"canonical":"https:\/\/www.exchange-data.com\/de\/produkt\/derivative-referenzdaten\/","og_locale":"de_DE","og_type":"article","og_title":"Derivative Referenzdaten","og_description":"Der Referenzdatendienst f\u00fcr Derivate ist auf b\u00f6rsengehandelte Futures und Optionen ausgerichtet. Derivative End of Day Pricing Daten und DerivActions sind ebenfalls verf\u00fcgbar.","og_url":"https:\/\/www.exchange-data.com\/de\/produkt\/derivative-referenzdaten\/","og_site_name":"Exchange Data International","article_modified_time":"2026-03-23T13:05:05+00:00","og_image":[{"url":"https:\/\/www.exchange-data.com\/wp-content\/uploads\/2015\/09\/EDI-Post-Featured-Image-700x400-1.png","type":"","width":"","height":""}],"twitter_card":"summary_large_image","twitter_title":"Derivative Referenzdaten","twitter_description":"Der Referenzdatendienst f\u00fcr Derivate ist auf b\u00f6rsengehandelte Futures und Optionen ausgerichtet. Derivative End of Day Pricing Daten und DerivActions sind ebenfalls verf\u00fcgbar.","twitter_image":"https:\/\/www.exchange-data.com\/wp-content\/uploads\/2015\/09\/EDI-Post-Featured-Image-700x400-1.png","twitter_site":"@ExchangeData","twitter_misc":{"Gesch\u00e4tzte Lesezeit":"1\u00a0Minute"},"schema":{"@context":"https:\/\/schema.org","@graph":[{"@type":"WebPage","@id":"https:\/\/www.exchange-data.com\/de\/produkt\/derivative-referenzdaten\/","url":"https:\/\/www.exchange-data.com\/de\/produkt\/derivative-referenzdaten\/","name":"Referenzdaten f\u00fcr Derivate | Exchange Data International","isPartOf":{"@id":"https:\/\/www.exchange-data.com\/de\/#website"},"primaryImageOfPage":{"@id":"https:\/\/www.exchange-data.com\/de\/produkt\/derivative-referenzdaten\/#primaryimage"},"image":{"@id":"https:\/\/www.exchange-data.com\/de\/produkt\/derivative-referenzdaten\/#primaryimage"},"thumbnailUrl":"https:\/\/www.exchange-data.com\/wp-content\/uploads\/2015\/09\/EDI-Post-Featured-Image-700x400-1.png","datePublished":"2019-02-17T13:26:23+00:00","dateModified":"2026-03-23T13:05:05+00:00","description":"Nutzen Sie pr\u00e4zise Referenzdaten zu Derivaten und erhalten Sie umfassende Details zu Kapitalma\u00dfnahmearten, Futures und Optionen \u2013 effizient und aktuell.","breadcrumb":{"@id":"https:\/\/www.exchange-data.com\/de\/produkt\/derivative-referenzdaten\/#breadcrumb"},"inLanguage":"de","potentialAction":[{"@type":"ReadAction","target":["https:\/\/www.exchange-data.com\/de\/produkt\/derivative-referenzdaten\/"]}]},{"@type":"ImageObject","inLanguage":"de","@id":"https:\/\/www.exchange-data.com\/de\/produkt\/derivative-referenzdaten\/#primaryimage","url":"https:\/\/www.exchange-data.com\/wp-content\/uploads\/2015\/09\/EDI-Post-Featured-Image-700x400-1.png","contentUrl":"https:\/\/www.exchange-data.com\/wp-content\/uploads\/2015\/09\/EDI-Post-Featured-Image-700x400-1.png","width":700,"height":400,"caption":"Exchange Data International"},{"@type":"BreadcrumbList","@id":"https:\/\/www.exchange-data.com\/de\/produkt\/derivative-referenzdaten\/#breadcrumb","itemListElement":[{"@type":"ListItem","position":1,"name":"Home","item":"https:\/\/www.exchange-data.com\/de\/startseite\/"},{"@type":"ListItem","position":2,"name":"Referenzdaten f\u00fcr Derivate"}]},{"@type":"WebSite","@id":"https:\/\/www.exchange-data.com\/de\/#website","url":"https:\/\/www.exchange-data.com\/de\/","name":"Exchange Data International","description":"Doing data differently","publisher":{"@id":"https:\/\/www.exchange-data.com\/de\/#organization"},"potentialAction":[{"@type":"SearchAction","target":{"@type":"EntryPoint","urlTemplate":"https:\/\/www.exchange-data.com\/de\/?s={search_term_string}"},"query-input":{"@type":"PropertyValueSpecification","valueRequired":true,"valueName":"search_term_string"}}],"inLanguage":"de"},{"@type":"Organization","@id":"https:\/\/www.exchange-data.com\/de\/#organization","name":"Exchange Data International","url":"https:\/\/www.exchange-data.com\/de\/","logo":{"@type":"ImageObject","inLanguage":"de","@id":"https:\/\/www.exchange-data.com\/de\/#\/schema\/logo\/image\/","url":"https:\/\/www.exchange-data.com\/wp-content\/uploads\/2019\/03\/logo3.png","contentUrl":"https:\/\/www.exchange-data.com\/wp-content\/uploads\/2019\/03\/logo3.png","width":200,"height":80,"caption":"Exchange Data International"},"image":{"@id":"https:\/\/www.exchange-data.com\/de\/#\/schema\/logo\/image\/"},"sameAs":["https:\/\/x.com\/ExchangeData","https:\/\/www.linkedin.com\/company\/exchange-data-international\/?viewAsMember=true","https:\/\/www.youtube.com\/channel\/UC5D1OpUb22YZANRLD_Ktcgg?view_as=subscriber"]}]}},"_links":{"self":[{"href":"https:\/\/www.exchange-data.com\/de\/wp-json\/wp\/v2\/product\/35762","targetHints":{"allow":["GET"]}}],"collection":[{"href":"https:\/\/www.exchange-data.com\/de\/wp-json\/wp\/v2\/product"}],"about":[{"href":"https:\/\/www.exchange-data.com\/de\/wp-json\/wp\/v2\/types\/product"}],"wp:featuredmedia":[{"embeddable":true,"href":"https:\/\/www.exchange-data.com\/de\/wp-json\/wp\/v2\/media\/34153"}],"wp:attachment":[{"href":"https:\/\/www.exchange-data.com\/de\/wp-json\/wp\/v2\/media?parent=35762"}],"wp:term":[{"taxonomy":"country","embeddable":true,"href":"https:\/\/www.exchange-data.com\/de\/wp-json\/wp\/v2\/country?post=35762"},{"taxonomy":"product_category","embeddable":true,"href":"https:\/\/www.exchange-data.com\/de\/wp-json\/wp\/v2\/product_category?post=35762"}],"curies":[{"name":"wp","href":"https:\/\/api.w.org\/{rel}","templated":true}]}}