{"id":35763,"date":"2019-01-29T17:47:10","date_gmt":"2019-01-29T16:47:10","guid":{"rendered":"https:\/\/www.exchange-data.com\/product\/bericht-ueber-short-interest-und-volumen\/"},"modified":"2025-08-29T12:22:58","modified_gmt":"2025-08-29T11:22:58","slug":"bericht-ueber-short-interest-und-volumen","status":"publish","type":"product","link":"https:\/\/www.exchange-data.com\/de\/produkt\/bericht-ueber-short-interest-und-volumen\/","title":{"rendered":"Short Interest- und Volumenbericht"},"content":{"rendered":"<p><span style=\"font-weight: 400;\">EDI stellt Leerverkaufsdaten f\u00fcr eine Vielzahl globaler M\u00e4rkte zur Verf\u00fcgung. Short Interest gilt als wichtiger Indikator f\u00fcr die Marktstimmung \u2013 er zeigt, ob Investoren erwarten, dass der Kurs einer Aktie fallen wird. Dar\u00fcber hinaus lassen sich Ver\u00e4nderungen in der Anlegerstimmung \u00fcber Zeitr\u00e4ume hinweg beobachten. Die Regulierung und Meldepflichten zum Short Interest variieren je nach Land. <\/span><\/p>\n<h3>L\u00e4nder mit Leerverkaufsdaten nach Positionsinhaber<\/h3>\n<p><em>\u00d6sterreich, Belgien, D\u00e4nemark, Finnland, Frankreich, Deutschland, Griechenland, Ungarn, Irland, Italien, Niederlande, Polen, Portugal, Spanien, Schweden, Vereinigtes K\u00f6nigreich<\/em><\/p>\n<p><span style=\"font-weight: 400;\">Diese Daten werden gem\u00e4\u00df der ESMA-Verordnung f\u00fcr Leerverk\u00e4ufe an die jeweiligen nationalen Aufsichtsbeh\u00f6rden gemeldet. Die Erfassung begann f\u00fcr die meisten M\u00e4rkte am 1. November 2012. Ausnahmen: Spanien (ab 10. Juni 2010) und Griechenland (ab 30. Mai 2013). <\/span><\/p>\n<h3>L\u00e4nder mit Leerverkaufsdaten nach Handelsvolumen\/Position<\/h3>\n<p><em>Australien, Kanada, China, Chile, Hongkong, Israel, Malaysia, Mexiko, Neuseeland, Norwegen, Peru, Singapur, S\u00fcdkorea, Taiwan, Thailand, T\u00fcrkei, Vereinigte Staaten.<\/em><\/p>\n<h3>L\u00e4nder mit erlaubten, aber inaktiven Leerverk\u00e4ufen<\/h3>\n<p><span style=\"font-weight: 400;\">In den folgenden L\u00e4ndern ist Leerverkauf zwar zul\u00e4ssig, es gibt derzeit jedoch keine Aktivit\u00e4ten. EDI \u00fcberwacht diese M\u00e4rkte und informiert bei zuk\u00fcnftiger Aktivit\u00e4t: <\/span><\/p>\n<p>Bulgarien, Kroatien, Zypern, Tschechien, Estland, Indien, Lettland, Litauen, Luxemburg, Malta, Philippinen, Rum\u00e4nien, Saudi-Arabien, Slowakei<\/p>\n<h4>Threshold Securities<\/h4>\n<p><span style=\"font-weight: 400;\">T\u00e4gliche Listen von Threshold Securities erm\u00f6glichen Brokern die Einhaltung der US-Regelungen (Regulation SHO) f\u00fcr Leerverkaufstransaktionen.<\/span><\/p>\n<p><span style=\"font-weight: 400;\">Wir erhalten t\u00e4gliche Threshold-Listen von:<\/span><\/p>\n<ul>\n<li><strong>NASDAQ Stock Market<\/strong><\/li>\n<li><strong>NYSE MKT (NYSE American)<\/strong><\/li>\n<li><strong>New York Stock Exchange<\/strong><\/li>\n<li><strong>OTC Markets<\/strong><\/li>\n<li><strong>NYSE Arca<\/strong><\/li>\n<\/ul>\n<p><span style=\"font-weight: 400;\">Jedes Wertpapier wird \u00fcber die Abgleiche der Threshold-Listen mit unserer Wertpapierdatenbank eindeutig identifiziert \u2013 f\u00fcr vollst\u00e4ndige Transparenz bei der Erf\u00fcllung regulatorischer Anforderungen.<\/span><\/p>\n","protected":false},"featured_media":34153,"template":"","country":[],"product_category":[3170,3167],"class_list":["post-35763","product","type-product","status-publish","has-post-thumbnail","hentry","product_category-derivative-data-short-interest-data-de","product_category-produkte-und-services"],"acf":[],"yoast_head":"<!-- This site is optimized with the Yoast SEO Premium plugin v26.0 (Yoast SEO v26.0) - https:\/\/yoast.com\/wordpress\/plugins\/seo\/ -->\n<title>Short Interest- und Volumenbericht | Exchange Data International<\/title>\n<meta name=\"description\" content=\"Erhalten Sie hochpr\u00e4zise Short Interest Daten f\u00fcr \u00fcber 70.000 globale Aktien &amp; ETFs. Live-Einblicke, Machine-Learning-Modell, API-Integration \u2013 ideal f\u00fcr Risikoanalyse &amp; Strategie.\" \/>\n<meta name=\"robots\" content=\"index, follow, max-snippet:-1, max-image-preview:large, max-video-preview:-1\" \/>\n<link rel=\"canonical\" href=\"https:\/\/www.exchange-data.com\/de\/produkt\/bericht-ueber-short-interest-und-volumen\/\" \/>\n<meta property=\"og:locale\" content=\"de_DE\" \/>\n<meta property=\"og:type\" content=\"article\" \/>\n<meta property=\"og:title\" content=\"Daten zu Leerverk\u00e4ufen\" \/>\n<meta property=\"og:description\" content=\"EDI stellt Daten \u00fcber Leerverk\u00e4ufe f\u00fcr eine Reihe von globalen M\u00e4rkten zur Verf\u00fcgung. Die Leerverkaufsquote ist ein Indikator f\u00fcr die Marktstimmung, der Aufschluss dar\u00fcber gibt, ob die Anleger glauben, dass der Kurs einer Aktie wahrscheinlich fallen wird. Er kann auch im Zeitverlauf verglichen werden, um Ver\u00e4nderungen in der Anlegerstimmung zu untersuchen. Die Vorschriften und Meldepflichten f\u00fcr Leerverk\u00e4ufe sind von Land zu Land unterschiedlich.\" \/>\n<meta property=\"og:url\" content=\"https:\/\/www.exchange-data.com\/de\/produkt\/bericht-ueber-short-interest-und-volumen\/\" \/>\n<meta property=\"og:site_name\" content=\"Exchange Data International\" \/>\n<meta property=\"article:modified_time\" content=\"2025-08-29T11:22:58+00:00\" \/>\n<meta property=\"og:image\" content=\"https:\/\/www.exchange-data.com\/wp-content\/uploads\/2015\/09\/EDI-Post-Featured-Image-700x400-1.png\" \/>\n<meta name=\"twitter:card\" content=\"summary_large_image\" \/>\n<meta name=\"twitter:title\" content=\"Daten zu Leerverk\u00e4ufen\" \/>\n<meta name=\"twitter:description\" content=\"EDI stellt Daten \u00fcber Leerverk\u00e4ufe f\u00fcr eine Reihe von globalen M\u00e4rkten zur Verf\u00fcgung. Die Leerverkaufsquote ist ein Indikator f\u00fcr die Marktstimmung, der Aufschluss dar\u00fcber gibt, ob die Anleger glauben, dass der Kurs einer Aktie wahrscheinlich fallen wird. Er kann auch im Zeitverlauf verglichen werden, um Ver\u00e4nderungen in der Anlegerstimmung zu untersuchen. Die Vorschriften und Meldepflichten f\u00fcr Leerverk\u00e4ufe sind von Land zu Land unterschiedlich.\" \/>\n<meta name=\"twitter:image\" content=\"https:\/\/www.exchange-data.com\/wp-content\/uploads\/2015\/09\/EDI-Post-Featured-Image-700x400-1.png\" \/>\n<meta name=\"twitter:site\" content=\"@ExchangeData\" \/>\n<meta name=\"twitter:label1\" content=\"Gesch\u00e4tzte Lesezeit\" \/>\n\t<meta name=\"twitter:data1\" content=\"2\u00a0Minuten\" \/>\n<script type=\"application\/ld+json\" class=\"yoast-schema-graph\">{\"@context\":\"https:\/\/schema.org\",\"@graph\":[{\"@type\":\"WebPage\",\"@id\":\"https:\/\/www.exchange-data.com\/de\/produkt\/bericht-ueber-short-interest-und-volumen\/\",\"url\":\"https:\/\/www.exchange-data.com\/de\/produkt\/bericht-ueber-short-interest-und-volumen\/\",\"name\":\"Short Interest- und Volumenbericht | Exchange Data International\",\"isPartOf\":{\"@id\":\"https:\/\/www.exchange-data.com\/de\/#website\"},\"primaryImageOfPage\":{\"@id\":\"https:\/\/www.exchange-data.com\/de\/produkt\/bericht-ueber-short-interest-und-volumen\/#primaryimage\"},\"image\":{\"@id\":\"https:\/\/www.exchange-data.com\/de\/produkt\/bericht-ueber-short-interest-und-volumen\/#primaryimage\"},\"thumbnailUrl\":\"https:\/\/www.exchange-data.com\/wp-content\/uploads\/2015\/09\/EDI-Post-Featured-Image-700x400-1.png\",\"datePublished\":\"2019-01-29T16:47:10+00:00\",\"dateModified\":\"2025-08-29T11:22:58+00:00\",\"description\":\"Erhalten Sie hochpr\u00e4zise Short Interest Daten f\u00fcr \u00fcber 70.000 globale Aktien & ETFs. Live-Einblicke, Machine-Learning-Modell, API-Integration \u2013 ideal f\u00fcr Risikoanalyse & Strategie.\",\"breadcrumb\":{\"@id\":\"https:\/\/www.exchange-data.com\/de\/produkt\/bericht-ueber-short-interest-und-volumen\/#breadcrumb\"},\"inLanguage\":\"de\",\"potentialAction\":[{\"@type\":\"ReadAction\",\"target\":[\"https:\/\/www.exchange-data.com\/de\/produkt\/bericht-ueber-short-interest-und-volumen\/\"]}]},{\"@type\":\"ImageObject\",\"inLanguage\":\"de\",\"@id\":\"https:\/\/www.exchange-data.com\/de\/produkt\/bericht-ueber-short-interest-und-volumen\/#primaryimage\",\"url\":\"https:\/\/www.exchange-data.com\/wp-content\/uploads\/2015\/09\/EDI-Post-Featured-Image-700x400-1.png\",\"contentUrl\":\"https:\/\/www.exchange-data.com\/wp-content\/uploads\/2015\/09\/EDI-Post-Featured-Image-700x400-1.png\",\"width\":700,\"height\":400,\"caption\":\"Exchange Data International\"},{\"@type\":\"BreadcrumbList\",\"@id\":\"https:\/\/www.exchange-data.com\/de\/produkt\/bericht-ueber-short-interest-und-volumen\/#breadcrumb\",\"itemListElement\":[{\"@type\":\"ListItem\",\"position\":1,\"name\":\"Home\",\"item\":\"https:\/\/www.exchange-data.com\/de\/startseite\/\"},{\"@type\":\"ListItem\",\"position\":2,\"name\":\"Short Interest- und Volumenbericht\"}]},{\"@type\":\"WebSite\",\"@id\":\"https:\/\/www.exchange-data.com\/de\/#website\",\"url\":\"https:\/\/www.exchange-data.com\/de\/\",\"name\":\"Exchange Data International\",\"description\":\"Doing data differently\",\"publisher\":{\"@id\":\"https:\/\/www.exchange-data.com\/de\/#organization\"},\"potentialAction\":[{\"@type\":\"SearchAction\",\"target\":{\"@type\":\"EntryPoint\",\"urlTemplate\":\"https:\/\/www.exchange-data.com\/de\/?s={search_term_string}\"},\"query-input\":{\"@type\":\"PropertyValueSpecification\",\"valueRequired\":true,\"valueName\":\"search_term_string\"}}],\"inLanguage\":\"de\"},{\"@type\":\"Organization\",\"@id\":\"https:\/\/www.exchange-data.com\/de\/#organization\",\"name\":\"Exchange Data International\",\"url\":\"https:\/\/www.exchange-data.com\/de\/\",\"logo\":{\"@type\":\"ImageObject\",\"inLanguage\":\"de\",\"@id\":\"https:\/\/www.exchange-data.com\/de\/#\/schema\/logo\/image\/\",\"url\":\"https:\/\/www.exchange-data.com\/wp-content\/uploads\/2019\/03\/logo3.png\",\"contentUrl\":\"https:\/\/www.exchange-data.com\/wp-content\/uploads\/2019\/03\/logo3.png\",\"width\":200,\"height\":80,\"caption\":\"Exchange Data International\"},\"image\":{\"@id\":\"https:\/\/www.exchange-data.com\/de\/#\/schema\/logo\/image\/\"},\"sameAs\":[\"https:\/\/x.com\/ExchangeData\",\"https:\/\/www.linkedin.com\/company\/exchange-data-international\/?viewAsMember=true\",\"https:\/\/www.youtube.com\/channel\/UC5D1OpUb22YZANRLD_Ktcgg?view_as=subscriber\"]}]}<\/script>\n<!-- \/ Yoast SEO Premium plugin. -->","yoast_head_json":{"title":"Short Interest- und Volumenbericht | Exchange Data International","description":"Erhalten Sie hochpr\u00e4zise Short Interest Daten f\u00fcr \u00fcber 70.000 globale Aktien & ETFs. Live-Einblicke, Machine-Learning-Modell, API-Integration \u2013 ideal f\u00fcr Risikoanalyse & Strategie.","robots":{"index":"index","follow":"follow","max-snippet":"max-snippet:-1","max-image-preview":"max-image-preview:large","max-video-preview":"max-video-preview:-1"},"canonical":"https:\/\/www.exchange-data.com\/de\/produkt\/bericht-ueber-short-interest-und-volumen\/","og_locale":"de_DE","og_type":"article","og_title":"Daten zu Leerverk\u00e4ufen","og_description":"EDI stellt Daten \u00fcber Leerverk\u00e4ufe f\u00fcr eine Reihe von globalen M\u00e4rkten zur Verf\u00fcgung. Die Leerverkaufsquote ist ein Indikator f\u00fcr die Marktstimmung, der Aufschluss dar\u00fcber gibt, ob die Anleger glauben, dass der Kurs einer Aktie wahrscheinlich fallen wird. Er kann auch im Zeitverlauf verglichen werden, um Ver\u00e4nderungen in der Anlegerstimmung zu untersuchen. Die Vorschriften und Meldepflichten f\u00fcr Leerverk\u00e4ufe sind von Land zu Land unterschiedlich.","og_url":"https:\/\/www.exchange-data.com\/de\/produkt\/bericht-ueber-short-interest-und-volumen\/","og_site_name":"Exchange Data International","article_modified_time":"2025-08-29T11:22:58+00:00","og_image":[{"url":"https:\/\/www.exchange-data.com\/wp-content\/uploads\/2015\/09\/EDI-Post-Featured-Image-700x400-1.png","type":"","width":"","height":""}],"twitter_card":"summary_large_image","twitter_title":"Daten zu Leerverk\u00e4ufen","twitter_description":"EDI stellt Daten \u00fcber Leerverk\u00e4ufe f\u00fcr eine Reihe von globalen M\u00e4rkten zur Verf\u00fcgung. Die Leerverkaufsquote ist ein Indikator f\u00fcr die Marktstimmung, der Aufschluss dar\u00fcber gibt, ob die Anleger glauben, dass der Kurs einer Aktie wahrscheinlich fallen wird. Er kann auch im Zeitverlauf verglichen werden, um Ver\u00e4nderungen in der Anlegerstimmung zu untersuchen. Die Vorschriften und Meldepflichten f\u00fcr Leerverk\u00e4ufe sind von Land zu Land unterschiedlich.","twitter_image":"https:\/\/www.exchange-data.com\/wp-content\/uploads\/2015\/09\/EDI-Post-Featured-Image-700x400-1.png","twitter_site":"@ExchangeData","twitter_misc":{"Gesch\u00e4tzte Lesezeit":"2\u00a0Minuten"},"schema":{"@context":"https:\/\/schema.org","@graph":[{"@type":"WebPage","@id":"https:\/\/www.exchange-data.com\/de\/produkt\/bericht-ueber-short-interest-und-volumen\/","url":"https:\/\/www.exchange-data.com\/de\/produkt\/bericht-ueber-short-interest-und-volumen\/","name":"Short Interest- und Volumenbericht | Exchange Data International","isPartOf":{"@id":"https:\/\/www.exchange-data.com\/de\/#website"},"primaryImageOfPage":{"@id":"https:\/\/www.exchange-data.com\/de\/produkt\/bericht-ueber-short-interest-und-volumen\/#primaryimage"},"image":{"@id":"https:\/\/www.exchange-data.com\/de\/produkt\/bericht-ueber-short-interest-und-volumen\/#primaryimage"},"thumbnailUrl":"https:\/\/www.exchange-data.com\/wp-content\/uploads\/2015\/09\/EDI-Post-Featured-Image-700x400-1.png","datePublished":"2019-01-29T16:47:10+00:00","dateModified":"2025-08-29T11:22:58+00:00","description":"Erhalten Sie hochpr\u00e4zise Short Interest Daten f\u00fcr \u00fcber 70.000 globale Aktien & ETFs. Live-Einblicke, Machine-Learning-Modell, API-Integration \u2013 ideal f\u00fcr Risikoanalyse & Strategie.","breadcrumb":{"@id":"https:\/\/www.exchange-data.com\/de\/produkt\/bericht-ueber-short-interest-und-volumen\/#breadcrumb"},"inLanguage":"de","potentialAction":[{"@type":"ReadAction","target":["https:\/\/www.exchange-data.com\/de\/produkt\/bericht-ueber-short-interest-und-volumen\/"]}]},{"@type":"ImageObject","inLanguage":"de","@id":"https:\/\/www.exchange-data.com\/de\/produkt\/bericht-ueber-short-interest-und-volumen\/#primaryimage","url":"https:\/\/www.exchange-data.com\/wp-content\/uploads\/2015\/09\/EDI-Post-Featured-Image-700x400-1.png","contentUrl":"https:\/\/www.exchange-data.com\/wp-content\/uploads\/2015\/09\/EDI-Post-Featured-Image-700x400-1.png","width":700,"height":400,"caption":"Exchange Data International"},{"@type":"BreadcrumbList","@id":"https:\/\/www.exchange-data.com\/de\/produkt\/bericht-ueber-short-interest-und-volumen\/#breadcrumb","itemListElement":[{"@type":"ListItem","position":1,"name":"Home","item":"https:\/\/www.exchange-data.com\/de\/startseite\/"},{"@type":"ListItem","position":2,"name":"Short Interest- und Volumenbericht"}]},{"@type":"WebSite","@id":"https:\/\/www.exchange-data.com\/de\/#website","url":"https:\/\/www.exchange-data.com\/de\/","name":"Exchange Data International","description":"Doing data differently","publisher":{"@id":"https:\/\/www.exchange-data.com\/de\/#organization"},"potentialAction":[{"@type":"SearchAction","target":{"@type":"EntryPoint","urlTemplate":"https:\/\/www.exchange-data.com\/de\/?s={search_term_string}"},"query-input":{"@type":"PropertyValueSpecification","valueRequired":true,"valueName":"search_term_string"}}],"inLanguage":"de"},{"@type":"Organization","@id":"https:\/\/www.exchange-data.com\/de\/#organization","name":"Exchange Data International","url":"https:\/\/www.exchange-data.com\/de\/","logo":{"@type":"ImageObject","inLanguage":"de","@id":"https:\/\/www.exchange-data.com\/de\/#\/schema\/logo\/image\/","url":"https:\/\/www.exchange-data.com\/wp-content\/uploads\/2019\/03\/logo3.png","contentUrl":"https:\/\/www.exchange-data.com\/wp-content\/uploads\/2019\/03\/logo3.png","width":200,"height":80,"caption":"Exchange Data International"},"image":{"@id":"https:\/\/www.exchange-data.com\/de\/#\/schema\/logo\/image\/"},"sameAs":["https:\/\/x.com\/ExchangeData","https:\/\/www.linkedin.com\/company\/exchange-data-international\/?viewAsMember=true","https:\/\/www.youtube.com\/channel\/UC5D1OpUb22YZANRLD_Ktcgg?view_as=subscriber"]}]}},"_links":{"self":[{"href":"https:\/\/www.exchange-data.com\/de\/wp-json\/wp\/v2\/product\/35763","targetHints":{"allow":["GET"]}}],"collection":[{"href":"https:\/\/www.exchange-data.com\/de\/wp-json\/wp\/v2\/product"}],"about":[{"href":"https:\/\/www.exchange-data.com\/de\/wp-json\/wp\/v2\/types\/product"}],"wp:featuredmedia":[{"embeddable":true,"href":"https:\/\/www.exchange-data.com\/de\/wp-json\/wp\/v2\/media\/34153"}],"wp:attachment":[{"href":"https:\/\/www.exchange-data.com\/de\/wp-json\/wp\/v2\/media?parent=35763"}],"wp:term":[{"taxonomy":"country","embeddable":true,"href":"https:\/\/www.exchange-data.com\/de\/wp-json\/wp\/v2\/country?post=35763"},{"taxonomy":"product_category","embeddable":true,"href":"https:\/\/www.exchange-data.com\/de\/wp-json\/wp\/v2\/product_category?post=35763"}],"curies":[{"name":"wp","href":"https:\/\/api.w.org\/{rel}","templated":true}]}}