{"id":35764,"date":"2019-01-29T17:46:27","date_gmt":"2019-01-29T16:46:27","guid":{"rendered":"https:\/\/www.exchange-data.com\/product\/devisenkurse\/"},"modified":"2025-08-12T13:59:11","modified_gmt":"2025-08-12T12:59:11","slug":"devisenkurse","status":"publish","type":"product","link":"https:\/\/www.exchange-data.com\/de\/produkt\/devisenkurse\/","title":{"rendered":"Devisenkurse"},"content":{"rendered":"<h4>Sparen Sie Zeit durch die Integration weltweiter Devisenkurse in Ihr System<\/h4>\n<p><span style=\"font-weight: 400;\">Unser Service f\u00fcr Devisenkurse und Weltw\u00e4hrungen liefert pr\u00e4zise und stets aktuelle Wechselkursdaten. Er umfasst 168 W\u00e4hrungen, darunter auch Euro-Vorl\u00e4ufer. <\/span><\/p>\n<p><span style=\"font-weight: 400;\">Sie k\u00f6nnen die Datei individuell anpassen \u2013 z.\u202fB. auf Ihre bevorzugten W\u00e4hrungen beschr\u00e4nken, den gew\u00fcnschten Basiswert (USD, GBP, EUR) festlegen oder Zusatzfelder wie den Umrechnungskurs hinzuf\u00fcgen.<\/span><\/p>\n<h4>Automatisierte Lieferung<\/h4>\n<p><span style=\"font-weight: 400;\">W\u00e4hlen Sie zwischen einer t\u00e4glichen End-of-Day-Datei, zwei Dateien t\u00e4glich um 6:00 und 18:00 UTC oder mehreren Dateien pro Tag. Die Zustellung erfolgt per API, FTP oder E-Mail \u2013 ganz nach Ihrem Bedarf. <\/span><\/p>\n<p><a href=\"https:\/\/www.exchange-data.com\/de\/akademische-einrichtungen\/\"><img loading=\"lazy\" decoding=\"async\" class=\"alignleft size-full wp-image-33544\" src=\"https:\/\/www.exchange-data.com\/wp-content\/uploads\/2019\/01\/Banner-Option-4.png\" alt=\"\" width=\"700\" height=\"100\" srcset=\"https:\/\/www.exchange-data.com\/wp-content\/uploads\/2019\/01\/Banner-Option-4.png 700w, https:\/\/www.exchange-data.com\/wp-content\/uploads\/2019\/01\/Banner-Option-4-300x43.png 300w, https:\/\/www.exchange-data.com\/wp-content\/uploads\/2019\/01\/Banner-Option-4-100x14.png 100w\" sizes=\"auto, (max-width: 700px) 100vw, 700px\" \/><\/a><br \/>\n&nbsp;<br \/>\n&nbsp;<br \/>\n&nbsp;<\/p>\n","protected":false},"featured_media":34153,"template":"","country":[],"product_category":[3173,3167],"class_list":["post-35764","product","type-product","status-publish","has-post-thumbnail","hentry","product_category-daten-zur-preisgestaltung-de","product_category-produkte-und-services"],"acf":[],"yoast_head":"<!-- This site is optimized with the Yoast SEO Premium plugin v26.0 (Yoast SEO v26.0) - https:\/\/yoast.com\/wordpress\/plugins\/seo\/ -->\n<title>Devisenkurse | Exchange Data International<\/title>\n<meta name=\"description\" content=\"Aktuelle Devisenkurse f\u00fcr 168 W\u00e4hrungen \u2013 flexibel integrierbar per API, FTP oder E-Mail. Optimieren Sie Ihre Prozesse mit pr\u00e4zisen Wechselkursdaten.\" \/>\n<meta name=\"robots\" content=\"index, follow, max-snippet:-1, max-image-preview:large, max-video-preview:-1\" \/>\n<link rel=\"canonical\" href=\"https:\/\/www.exchange-data.com\/de\/produkt\/devisenkurse\/\" \/>\n<meta property=\"og:locale\" content=\"de_DE\" \/>\n<meta property=\"og:type\" content=\"article\" \/>\n<meta property=\"og:title\" content=\"Devisenkurse\" \/>\n<meta property=\"og:description\" content=\"Sparen Sie Zeit durch die Integration von Devisenkursen und Weltw\u00e4hrungen in Ihr internes System. Die Devisenkurse und Weltw\u00e4hrungen versorgen Sie mit genauen, aktuellen Daten zu den Devisenkursen. Der Dienst deckt 168 W\u00e4hrungen ab, einschlie\u00dflich der alten Euro-W\u00e4hrungen. Sie k\u00f6nnen die Datei so anpassen, dass sie nur die von Ihnen ausgew\u00e4hlten W\u00e4hrungen und die von Ihnen bevorzugten Kurse (USD, GBP, EUR) enth\u00e4lt, oder zus\u00e4tzliche Felder wie den Umrechnungskurs hinzuf\u00fcgen.\" \/>\n<meta property=\"og:url\" content=\"https:\/\/www.exchange-data.com\/de\/produkt\/devisenkurse\/\" \/>\n<meta property=\"og:site_name\" content=\"Exchange Data International\" \/>\n<meta property=\"article:modified_time\" content=\"2025-08-12T12:59:11+00:00\" \/>\n<meta property=\"og:image\" content=\"https:\/\/www.exchange-data.com\/wp-content\/uploads\/2015\/09\/EDI-Post-Featured-Image-700x400-1.png\" \/>\n<meta name=\"twitter:card\" content=\"summary_large_image\" \/>\n<meta name=\"twitter:title\" content=\"Devisenkurse\" \/>\n<meta name=\"twitter:description\" content=\"Sparen Sie Zeit durch die Integration von Devisenkursen und Weltw\u00e4hrungen in Ihr internes System. Die Devisenkurse und Weltw\u00e4hrungen versorgen Sie mit genauen, aktuellen Daten zu den Devisenkursen. Der Dienst deckt 168 W\u00e4hrungen ab, einschlie\u00dflich der alten Euro-W\u00e4hrungen. Sie k\u00f6nnen die Datei so anpassen, dass sie nur die von Ihnen ausgew\u00e4hlten W\u00e4hrungen und die von Ihnen bevorzugten Kurse (USD, GBP, EUR) enth\u00e4lt, oder zus\u00e4tzliche Felder wie den Umrechnungskurs hinzuf\u00fcgen.\" \/>\n<meta name=\"twitter:image\" content=\"https:\/\/www.exchange-data.com\/wp-content\/uploads\/2015\/09\/EDI-Post-Featured-Image-700x400-1.png\" \/>\n<meta name=\"twitter:site\" content=\"@ExchangeData\" \/>\n<meta name=\"twitter:label1\" content=\"Gesch\u00e4tzte Lesezeit\" \/>\n\t<meta name=\"twitter:data1\" content=\"1\u00a0Minute\" \/>\n<script type=\"application\/ld+json\" class=\"yoast-schema-graph\">{\"@context\":\"https:\/\/schema.org\",\"@graph\":[{\"@type\":\"WebPage\",\"@id\":\"https:\/\/www.exchange-data.com\/de\/produkt\/devisenkurse\/\",\"url\":\"https:\/\/www.exchange-data.com\/de\/produkt\/devisenkurse\/\",\"name\":\"Devisenkurse | Exchange Data International\",\"isPartOf\":{\"@id\":\"https:\/\/www.exchange-data.com\/de\/#website\"},\"primaryImageOfPage\":{\"@id\":\"https:\/\/www.exchange-data.com\/de\/produkt\/devisenkurse\/#primaryimage\"},\"image\":{\"@id\":\"https:\/\/www.exchange-data.com\/de\/produkt\/devisenkurse\/#primaryimage\"},\"thumbnailUrl\":\"https:\/\/www.exchange-data.com\/wp-content\/uploads\/2015\/09\/EDI-Post-Featured-Image-700x400-1.png\",\"datePublished\":\"2019-01-29T16:46:27+00:00\",\"dateModified\":\"2025-08-12T12:59:11+00:00\",\"description\":\"Aktuelle Devisenkurse f\u00fcr 168 W\u00e4hrungen \u2013 flexibel integrierbar per API, FTP oder E-Mail. Optimieren Sie Ihre Prozesse mit pr\u00e4zisen Wechselkursdaten.\",\"breadcrumb\":{\"@id\":\"https:\/\/www.exchange-data.com\/de\/produkt\/devisenkurse\/#breadcrumb\"},\"inLanguage\":\"de\",\"potentialAction\":[{\"@type\":\"ReadAction\",\"target\":[\"https:\/\/www.exchange-data.com\/de\/produkt\/devisenkurse\/\"]}]},{\"@type\":\"ImageObject\",\"inLanguage\":\"de\",\"@id\":\"https:\/\/www.exchange-data.com\/de\/produkt\/devisenkurse\/#primaryimage\",\"url\":\"https:\/\/www.exchange-data.com\/wp-content\/uploads\/2015\/09\/EDI-Post-Featured-Image-700x400-1.png\",\"contentUrl\":\"https:\/\/www.exchange-data.com\/wp-content\/uploads\/2015\/09\/EDI-Post-Featured-Image-700x400-1.png\",\"width\":700,\"height\":400,\"caption\":\"Exchange Data International\"},{\"@type\":\"BreadcrumbList\",\"@id\":\"https:\/\/www.exchange-data.com\/de\/produkt\/devisenkurse\/#breadcrumb\",\"itemListElement\":[{\"@type\":\"ListItem\",\"position\":1,\"name\":\"Home\",\"item\":\"https:\/\/www.exchange-data.com\/de\/startseite\/\"},{\"@type\":\"ListItem\",\"position\":2,\"name\":\"Devisenkurse\"}]},{\"@type\":\"WebSite\",\"@id\":\"https:\/\/www.exchange-data.com\/de\/#website\",\"url\":\"https:\/\/www.exchange-data.com\/de\/\",\"name\":\"Exchange Data International\",\"description\":\"Doing data differently\",\"publisher\":{\"@id\":\"https:\/\/www.exchange-data.com\/de\/#organization\"},\"potentialAction\":[{\"@type\":\"SearchAction\",\"target\":{\"@type\":\"EntryPoint\",\"urlTemplate\":\"https:\/\/www.exchange-data.com\/de\/?s={search_term_string}\"},\"query-input\":{\"@type\":\"PropertyValueSpecification\",\"valueRequired\":true,\"valueName\":\"search_term_string\"}}],\"inLanguage\":\"de\"},{\"@type\":\"Organization\",\"@id\":\"https:\/\/www.exchange-data.com\/de\/#organization\",\"name\":\"Exchange Data International\",\"url\":\"https:\/\/www.exchange-data.com\/de\/\",\"logo\":{\"@type\":\"ImageObject\",\"inLanguage\":\"de\",\"@id\":\"https:\/\/www.exchange-data.com\/de\/#\/schema\/logo\/image\/\",\"url\":\"https:\/\/www.exchange-data.com\/wp-content\/uploads\/2019\/03\/logo3.png\",\"contentUrl\":\"https:\/\/www.exchange-data.com\/wp-content\/uploads\/2019\/03\/logo3.png\",\"width\":200,\"height\":80,\"caption\":\"Exchange Data International\"},\"image\":{\"@id\":\"https:\/\/www.exchange-data.com\/de\/#\/schema\/logo\/image\/\"},\"sameAs\":[\"https:\/\/x.com\/ExchangeData\",\"https:\/\/www.linkedin.com\/company\/exchange-data-international\/?viewAsMember=true\",\"https:\/\/www.youtube.com\/channel\/UC5D1OpUb22YZANRLD_Ktcgg?view_as=subscriber\"]}]}<\/script>\n<!-- \/ Yoast SEO Premium plugin. -->","yoast_head_json":{"title":"Devisenkurse | Exchange Data International","description":"Aktuelle Devisenkurse f\u00fcr 168 W\u00e4hrungen \u2013 flexibel integrierbar per API, FTP oder E-Mail. Optimieren Sie Ihre Prozesse mit pr\u00e4zisen Wechselkursdaten.","robots":{"index":"index","follow":"follow","max-snippet":"max-snippet:-1","max-image-preview":"max-image-preview:large","max-video-preview":"max-video-preview:-1"},"canonical":"https:\/\/www.exchange-data.com\/de\/produkt\/devisenkurse\/","og_locale":"de_DE","og_type":"article","og_title":"Devisenkurse","og_description":"Sparen Sie Zeit durch die Integration von Devisenkursen und Weltw\u00e4hrungen in Ihr internes System. Die Devisenkurse und Weltw\u00e4hrungen versorgen Sie mit genauen, aktuellen Daten zu den Devisenkursen. Der Dienst deckt 168 W\u00e4hrungen ab, einschlie\u00dflich der alten Euro-W\u00e4hrungen. Sie k\u00f6nnen die Datei so anpassen, dass sie nur die von Ihnen ausgew\u00e4hlten W\u00e4hrungen und die von Ihnen bevorzugten Kurse (USD, GBP, EUR) enth\u00e4lt, oder zus\u00e4tzliche Felder wie den Umrechnungskurs hinzuf\u00fcgen.","og_url":"https:\/\/www.exchange-data.com\/de\/produkt\/devisenkurse\/","og_site_name":"Exchange Data International","article_modified_time":"2025-08-12T12:59:11+00:00","og_image":[{"url":"https:\/\/www.exchange-data.com\/wp-content\/uploads\/2015\/09\/EDI-Post-Featured-Image-700x400-1.png","type":"","width":"","height":""}],"twitter_card":"summary_large_image","twitter_title":"Devisenkurse","twitter_description":"Sparen Sie Zeit durch die Integration von Devisenkursen und Weltw\u00e4hrungen in Ihr internes System. Die Devisenkurse und Weltw\u00e4hrungen versorgen Sie mit genauen, aktuellen Daten zu den Devisenkursen. Der Dienst deckt 168 W\u00e4hrungen ab, einschlie\u00dflich der alten Euro-W\u00e4hrungen. Sie k\u00f6nnen die Datei so anpassen, dass sie nur die von Ihnen ausgew\u00e4hlten W\u00e4hrungen und die von Ihnen bevorzugten Kurse (USD, GBP, EUR) enth\u00e4lt, oder zus\u00e4tzliche Felder wie den Umrechnungskurs hinzuf\u00fcgen.","twitter_image":"https:\/\/www.exchange-data.com\/wp-content\/uploads\/2015\/09\/EDI-Post-Featured-Image-700x400-1.png","twitter_site":"@ExchangeData","twitter_misc":{"Gesch\u00e4tzte Lesezeit":"1\u00a0Minute"},"schema":{"@context":"https:\/\/schema.org","@graph":[{"@type":"WebPage","@id":"https:\/\/www.exchange-data.com\/de\/produkt\/devisenkurse\/","url":"https:\/\/www.exchange-data.com\/de\/produkt\/devisenkurse\/","name":"Devisenkurse | Exchange Data International","isPartOf":{"@id":"https:\/\/www.exchange-data.com\/de\/#website"},"primaryImageOfPage":{"@id":"https:\/\/www.exchange-data.com\/de\/produkt\/devisenkurse\/#primaryimage"},"image":{"@id":"https:\/\/www.exchange-data.com\/de\/produkt\/devisenkurse\/#primaryimage"},"thumbnailUrl":"https:\/\/www.exchange-data.com\/wp-content\/uploads\/2015\/09\/EDI-Post-Featured-Image-700x400-1.png","datePublished":"2019-01-29T16:46:27+00:00","dateModified":"2025-08-12T12:59:11+00:00","description":"Aktuelle Devisenkurse f\u00fcr 168 W\u00e4hrungen \u2013 flexibel integrierbar per API, FTP oder E-Mail. Optimieren Sie Ihre Prozesse mit pr\u00e4zisen Wechselkursdaten.","breadcrumb":{"@id":"https:\/\/www.exchange-data.com\/de\/produkt\/devisenkurse\/#breadcrumb"},"inLanguage":"de","potentialAction":[{"@type":"ReadAction","target":["https:\/\/www.exchange-data.com\/de\/produkt\/devisenkurse\/"]}]},{"@type":"ImageObject","inLanguage":"de","@id":"https:\/\/www.exchange-data.com\/de\/produkt\/devisenkurse\/#primaryimage","url":"https:\/\/www.exchange-data.com\/wp-content\/uploads\/2015\/09\/EDI-Post-Featured-Image-700x400-1.png","contentUrl":"https:\/\/www.exchange-data.com\/wp-content\/uploads\/2015\/09\/EDI-Post-Featured-Image-700x400-1.png","width":700,"height":400,"caption":"Exchange Data International"},{"@type":"BreadcrumbList","@id":"https:\/\/www.exchange-data.com\/de\/produkt\/devisenkurse\/#breadcrumb","itemListElement":[{"@type":"ListItem","position":1,"name":"Home","item":"https:\/\/www.exchange-data.com\/de\/startseite\/"},{"@type":"ListItem","position":2,"name":"Devisenkurse"}]},{"@type":"WebSite","@id":"https:\/\/www.exchange-data.com\/de\/#website","url":"https:\/\/www.exchange-data.com\/de\/","name":"Exchange Data International","description":"Doing data differently","publisher":{"@id":"https:\/\/www.exchange-data.com\/de\/#organization"},"potentialAction":[{"@type":"SearchAction","target":{"@type":"EntryPoint","urlTemplate":"https:\/\/www.exchange-data.com\/de\/?s={search_term_string}"},"query-input":{"@type":"PropertyValueSpecification","valueRequired":true,"valueName":"search_term_string"}}],"inLanguage":"de"},{"@type":"Organization","@id":"https:\/\/www.exchange-data.com\/de\/#organization","name":"Exchange Data International","url":"https:\/\/www.exchange-data.com\/de\/","logo":{"@type":"ImageObject","inLanguage":"de","@id":"https:\/\/www.exchange-data.com\/de\/#\/schema\/logo\/image\/","url":"https:\/\/www.exchange-data.com\/wp-content\/uploads\/2019\/03\/logo3.png","contentUrl":"https:\/\/www.exchange-data.com\/wp-content\/uploads\/2019\/03\/logo3.png","width":200,"height":80,"caption":"Exchange Data International"},"image":{"@id":"https:\/\/www.exchange-data.com\/de\/#\/schema\/logo\/image\/"},"sameAs":["https:\/\/x.com\/ExchangeData","https:\/\/www.linkedin.com\/company\/exchange-data-international\/?viewAsMember=true","https:\/\/www.youtube.com\/channel\/UC5D1OpUb22YZANRLD_Ktcgg?view_as=subscriber"]}]}},"_links":{"self":[{"href":"https:\/\/www.exchange-data.com\/de\/wp-json\/wp\/v2\/product\/35764","targetHints":{"allow":["GET"]}}],"collection":[{"href":"https:\/\/www.exchange-data.com\/de\/wp-json\/wp\/v2\/product"}],"about":[{"href":"https:\/\/www.exchange-data.com\/de\/wp-json\/wp\/v2\/types\/product"}],"wp:featuredmedia":[{"embeddable":true,"href":"https:\/\/www.exchange-data.com\/de\/wp-json\/wp\/v2\/media\/34153"}],"wp:attachment":[{"href":"https:\/\/www.exchange-data.com\/de\/wp-json\/wp\/v2\/media?parent=35764"}],"wp:term":[{"taxonomy":"country","embeddable":true,"href":"https:\/\/www.exchange-data.com\/de\/wp-json\/wp\/v2\/country?post=35764"},{"taxonomy":"product_category","embeddable":true,"href":"https:\/\/www.exchange-data.com\/de\/wp-json\/wp\/v2\/product_category?post=35764"}],"curies":[{"name":"wp","href":"https:\/\/api.w.org\/{rel}","templated":true}]}}