{"id":35765,"date":"2019-01-29T17:46:15","date_gmt":"2019-01-29T16:46:15","guid":{"rendered":"https:\/\/www.exchange-data.com\/product\/weltweite-eigenkapitalkostenbasis\/"},"modified":"2025-08-14T12:22:24","modified_gmt":"2025-08-14T11:22:24","slug":"weltweite-eigenkapitalkosten-basis","status":"publish","type":"product","link":"https:\/\/www.exchange-data.com\/de\/produkt\/weltweite-eigenkapitalkosten-basis\/","title":{"rendered":"Weltweiter Cost-Basis-Service f\u00fcr Aktien"},"content":{"rendered":"<p><span style=\"font-weight: 400;\">Die Anschaffungskostenbasis ist entscheidend f\u00fcr die Berechnung der Kapitalertr\u00e4ge Ihrer Kunden zu Steuerzwecken \u2013 ihre genaue Kenntnis ist ein wesentlicher Schritt f\u00fcr jede korrekte Kapitalertragsberechnung. Unsere neue L\u00f6sung Worldwide Equity Cost Basis (WECB) erm\u00f6glicht es Ihnen, folgende Aspekte zu verfolgen: <\/span><\/p>\n<ul class=\"Evnt2 \">\n<li>Entwicklung des Wertpapiers<\/li>\n<li>Anschaffungskostenbasis<\/li>\n<li>Steuerlicher Status<\/li>\n<\/ul>\n<p><span style=\"font-weight: 400;\">Der WECB-Service bildet die Grundlage f\u00fcr alle Kapitalertragsberechnungen \u2013 unabh\u00e4ngig vom Rechtsraum. Ohne diese Daten \u00fcber Anschaffungskostenbasis w\u00e4re jede steuerliche Berechnung ungenau, da sich das Wertpapier seit dem Kauf ver\u00e4ndert haben k\u00f6nnte. <\/span><\/p>\n<p><span style=\"font-weight: 400;\">Der WECB-Service wurde entwickelt, um sowohl die Anschaffungskostenbasis eines Wertpapiers als auch deren Entwicklung bis zum aktuellen Stichtag sowie die Entwicklung aller Folgewertpapiere l\u00fcckenlos nachzuvollziehen. Viele Ereignisse \u2013 etwa Abspaltungen oder Aussch\u00fcttungen \u2013 f\u00fchren dazu, dass aus einer urspr\u00fcnglichen Position mehrere neue Buchungen entstehen. <\/span><\/p>\n<p><span style=\"font-weight: 400;\">WECB hilft Ihnen, diese Ver\u00e4nderungen und deren Auswirkungen auf die Kostenbasis genau zu verfolgen, um fundierte Entscheidungen treffen zu k\u00f6nnen. Der Service umfasst alle Ereignisse, die sowohl die Kostenbasis als auch die St\u00fcckzahl betreffen.<\/span><\/p>\n","protected":false},"featured_media":34153,"template":"","country":[],"product_category":[3167,3169],"class_list":["post-35765","product","type-product","status-publish","has-post-thumbnail","hentry","product_category-produkte-und-services","product_category-steuerliche-daten-de-edi-products-services-de"],"acf":[],"yoast_head":"<!-- This site is optimized with the Yoast SEO Premium plugin v26.0 (Yoast SEO v26.0) - https:\/\/yoast.com\/wordpress\/plugins\/seo\/ -->\n<title>Weltweiter Cost-Basis-Service f\u00fcr Aktien | Exchange Data International<\/title>\n<meta name=\"description\" content=\"Behalten Sie mit dem WECB-Service von EDI alle relevanten Daten \u00fcber Anschaffungskostenbasis im Blick \u2013 f\u00fcr pr\u00e4zise Kapitalertragsberechnungen weltweit.\" \/>\n<meta name=\"robots\" content=\"index, follow, max-snippet:-1, max-image-preview:large, max-video-preview:-1\" \/>\n<link rel=\"canonical\" href=\"https:\/\/www.exchange-data.com\/de\/produkt\/weltweite-eigenkapitalkosten-basis\/\" \/>\n<meta property=\"og:locale\" content=\"de_DE\" \/>\n<meta property=\"og:type\" content=\"article\" \/>\n<meta property=\"og:title\" content=\"Weltweite Eigenkapitalkostenbasis\" \/>\n<meta property=\"og:description\" content=\"Die Kostenbasis ist der Schl\u00fcssel zur Berechnung der steuerlichen Kapitalgewinne Ihres Kunden, und die Kenntnis der Kostenbasis ist ein wesentlicher Schritt bei der Berechnung der Kapitalgewinne. Sie k\u00f6nnen unsere neue L\u00f6sung Worldwide Equity Cost Basis (WECB) verwenden, um die Entwicklung zu verfolgen: Wertpapierentwicklung, Wertpapierkostenbasis, Steuerstatus. Die WECB dient als Grundlage f\u00fcr alle Kapitalgewinnberechnungen in jeder Rechtsordnung. Ohne diese Informationen w\u00e4re jede Kapitalgewinnsteuerberechnung ungenau, da sich das Wertpapier seit seinem Kauf ver\u00e4ndert haben k\u00f6nnte. Der WECB-Service wurde entwickelt, um sowohl die Kostenbasis eines Wertpapiers, seine Entwicklung als auch die Kostenbasis und Entwicklung aller seiner Nachkommen bis zum aktuellen Datum zu verfolgen. Viele Ereignisse k\u00f6nnen zu \u00c4nderungen des urspr\u00fcnglichen Bestands f\u00fchren, z. B. Fusionen und\/oder Aussch\u00fcttungen, die dazu f\u00fchren, dass Ihre urspr\u00fcngliche Buchung in viele andere Best\u00e4nde diversifiziert wird. Der WECB-Service hilft Ihnen, diese \u00c4nderungen und ihre Kosten zu verfolgen, damit Sie bessere und fundierte Entscheidungen treffen k\u00f6nnen, und er umfasst alle Ereignisse, die sich auf die Kostenbasis und die Anzahl der Einheiten auswirken.\" \/>\n<meta property=\"og:url\" content=\"https:\/\/www.exchange-data.com\/de\/produkt\/weltweite-eigenkapitalkosten-basis\/\" \/>\n<meta property=\"og:site_name\" content=\"Exchange Data International\" \/>\n<meta property=\"article:modified_time\" content=\"2025-08-14T11:22:24+00:00\" \/>\n<meta property=\"og:image\" content=\"https:\/\/www.exchange-data.com\/wp-content\/uploads\/2015\/09\/EDI-Post-Featured-Image-700x400-1.png\" \/>\n<meta name=\"twitter:card\" content=\"summary_large_image\" \/>\n<meta name=\"twitter:title\" content=\"Weltweite Eigenkapitalkostenbasis\" \/>\n<meta name=\"twitter:description\" content=\"Die Kostenbasis ist der Schl\u00fcssel zur Berechnung der steuerlichen Kapitalgewinne Ihres Kunden, und die Kenntnis der Kostenbasis ist ein wesentlicher Schritt bei der Berechnung der Kapitalgewinne. Sie k\u00f6nnen unsere neue L\u00f6sung Worldwide Equity Cost Basis (WECB) verwenden, um die Entwicklung zu verfolgen: Wertpapierentwicklung, Wertpapierkostenbasis, Steuerstatus. Die WECB dient als Grundlage f\u00fcr alle Kapitalgewinnberechnungen in jeder Rechtsordnung. Ohne diese Informationen w\u00e4re jede Kapitalgewinnsteuerberechnung ungenau, da sich das Wertpapier seit seinem Kauf ver\u00e4ndert haben k\u00f6nnte. Der WECB-Service wurde entwickelt, um sowohl die Kostenbasis eines Wertpapiers, seine Entwicklung als auch die Kostenbasis und Entwicklung aller seiner Nachkommen bis zum aktuellen Datum zu verfolgen. Viele Ereignisse k\u00f6nnen zu \u00c4nderungen des urspr\u00fcnglichen Bestands f\u00fchren, z. B. Fusionen und\/oder Aussch\u00fcttungen, die dazu f\u00fchren, dass Ihre urspr\u00fcngliche Buchung in viele andere Best\u00e4nde diversifiziert wird. Der WECB-Service hilft Ihnen, diese \u00c4nderungen und ihre Kosten zu verfolgen, damit Sie bessere und fundierte Entscheidungen treffen k\u00f6nnen, und er umfasst alle Ereignisse, die sich auf die Kostenbasis und die Anzahl der Einheiten auswirken.\" \/>\n<meta name=\"twitter:image\" content=\"https:\/\/www.exchange-data.com\/wp-content\/uploads\/2015\/09\/EDI-Post-Featured-Image-700x400-1.png\" \/>\n<meta name=\"twitter:site\" content=\"@ExchangeData\" \/>\n<meta name=\"twitter:label1\" content=\"Gesch\u00e4tzte Lesezeit\" \/>\n\t<meta name=\"twitter:data1\" content=\"1\u00a0Minute\" \/>\n<script type=\"application\/ld+json\" class=\"yoast-schema-graph\">{\"@context\":\"https:\/\/schema.org\",\"@graph\":[{\"@type\":\"WebPage\",\"@id\":\"https:\/\/www.exchange-data.com\/de\/produkt\/weltweite-eigenkapitalkosten-basis\/\",\"url\":\"https:\/\/www.exchange-data.com\/de\/produkt\/weltweite-eigenkapitalkosten-basis\/\",\"name\":\"Weltweiter Cost-Basis-Service f\u00fcr Aktien | Exchange Data International\",\"isPartOf\":{\"@id\":\"https:\/\/www.exchange-data.com\/de\/#website\"},\"primaryImageOfPage\":{\"@id\":\"https:\/\/www.exchange-data.com\/de\/produkt\/weltweite-eigenkapitalkosten-basis\/#primaryimage\"},\"image\":{\"@id\":\"https:\/\/www.exchange-data.com\/de\/produkt\/weltweite-eigenkapitalkosten-basis\/#primaryimage\"},\"thumbnailUrl\":\"https:\/\/www.exchange-data.com\/wp-content\/uploads\/2015\/09\/EDI-Post-Featured-Image-700x400-1.png\",\"datePublished\":\"2019-01-29T16:46:15+00:00\",\"dateModified\":\"2025-08-14T11:22:24+00:00\",\"description\":\"Behalten Sie mit dem WECB-Service von EDI alle relevanten Daten \u00fcber Anschaffungskostenbasis im Blick \u2013 f\u00fcr pr\u00e4zise Kapitalertragsberechnungen weltweit.\",\"breadcrumb\":{\"@id\":\"https:\/\/www.exchange-data.com\/de\/produkt\/weltweite-eigenkapitalkosten-basis\/#breadcrumb\"},\"inLanguage\":\"de\",\"potentialAction\":[{\"@type\":\"ReadAction\",\"target\":[\"https:\/\/www.exchange-data.com\/de\/produkt\/weltweite-eigenkapitalkosten-basis\/\"]}]},{\"@type\":\"ImageObject\",\"inLanguage\":\"de\",\"@id\":\"https:\/\/www.exchange-data.com\/de\/produkt\/weltweite-eigenkapitalkosten-basis\/#primaryimage\",\"url\":\"https:\/\/www.exchange-data.com\/wp-content\/uploads\/2015\/09\/EDI-Post-Featured-Image-700x400-1.png\",\"contentUrl\":\"https:\/\/www.exchange-data.com\/wp-content\/uploads\/2015\/09\/EDI-Post-Featured-Image-700x400-1.png\",\"width\":700,\"height\":400,\"caption\":\"Exchange Data International\"},{\"@type\":\"BreadcrumbList\",\"@id\":\"https:\/\/www.exchange-data.com\/de\/produkt\/weltweite-eigenkapitalkosten-basis\/#breadcrumb\",\"itemListElement\":[{\"@type\":\"ListItem\",\"position\":1,\"name\":\"Home\",\"item\":\"https:\/\/www.exchange-data.com\/de\/startseite\/\"},{\"@type\":\"ListItem\",\"position\":2,\"name\":\"Weltweiter Cost-Basis-Service f\u00fcr Aktien\"}]},{\"@type\":\"WebSite\",\"@id\":\"https:\/\/www.exchange-data.com\/de\/#website\",\"url\":\"https:\/\/www.exchange-data.com\/de\/\",\"name\":\"Exchange Data International\",\"description\":\"Doing data differently\",\"publisher\":{\"@id\":\"https:\/\/www.exchange-data.com\/de\/#organization\"},\"potentialAction\":[{\"@type\":\"SearchAction\",\"target\":{\"@type\":\"EntryPoint\",\"urlTemplate\":\"https:\/\/www.exchange-data.com\/de\/?s={search_term_string}\"},\"query-input\":{\"@type\":\"PropertyValueSpecification\",\"valueRequired\":true,\"valueName\":\"search_term_string\"}}],\"inLanguage\":\"de\"},{\"@type\":\"Organization\",\"@id\":\"https:\/\/www.exchange-data.com\/de\/#organization\",\"name\":\"Exchange Data International\",\"url\":\"https:\/\/www.exchange-data.com\/de\/\",\"logo\":{\"@type\":\"ImageObject\",\"inLanguage\":\"de\",\"@id\":\"https:\/\/www.exchange-data.com\/de\/#\/schema\/logo\/image\/\",\"url\":\"https:\/\/www.exchange-data.com\/wp-content\/uploads\/2019\/03\/logo3.png\",\"contentUrl\":\"https:\/\/www.exchange-data.com\/wp-content\/uploads\/2019\/03\/logo3.png\",\"width\":200,\"height\":80,\"caption\":\"Exchange Data International\"},\"image\":{\"@id\":\"https:\/\/www.exchange-data.com\/de\/#\/schema\/logo\/image\/\"},\"sameAs\":[\"https:\/\/x.com\/ExchangeData\",\"https:\/\/www.linkedin.com\/company\/exchange-data-international\/?viewAsMember=true\",\"https:\/\/www.youtube.com\/channel\/UC5D1OpUb22YZANRLD_Ktcgg?view_as=subscriber\"]}]}<\/script>\n<!-- \/ Yoast SEO Premium plugin. -->","yoast_head_json":{"title":"Weltweiter Cost-Basis-Service f\u00fcr Aktien | Exchange Data International","description":"Behalten Sie mit dem WECB-Service von EDI alle relevanten Daten \u00fcber Anschaffungskostenbasis im Blick \u2013 f\u00fcr pr\u00e4zise Kapitalertragsberechnungen weltweit.","robots":{"index":"index","follow":"follow","max-snippet":"max-snippet:-1","max-image-preview":"max-image-preview:large","max-video-preview":"max-video-preview:-1"},"canonical":"https:\/\/www.exchange-data.com\/de\/produkt\/weltweite-eigenkapitalkosten-basis\/","og_locale":"de_DE","og_type":"article","og_title":"Weltweite Eigenkapitalkostenbasis","og_description":"Die Kostenbasis ist der Schl\u00fcssel zur Berechnung der steuerlichen Kapitalgewinne Ihres Kunden, und die Kenntnis der Kostenbasis ist ein wesentlicher Schritt bei der Berechnung der Kapitalgewinne. Sie k\u00f6nnen unsere neue L\u00f6sung Worldwide Equity Cost Basis (WECB) verwenden, um die Entwicklung zu verfolgen: Wertpapierentwicklung, Wertpapierkostenbasis, Steuerstatus. Die WECB dient als Grundlage f\u00fcr alle Kapitalgewinnberechnungen in jeder Rechtsordnung. Ohne diese Informationen w\u00e4re jede Kapitalgewinnsteuerberechnung ungenau, da sich das Wertpapier seit seinem Kauf ver\u00e4ndert haben k\u00f6nnte. Der WECB-Service wurde entwickelt, um sowohl die Kostenbasis eines Wertpapiers, seine Entwicklung als auch die Kostenbasis und Entwicklung aller seiner Nachkommen bis zum aktuellen Datum zu verfolgen. Viele Ereignisse k\u00f6nnen zu \u00c4nderungen des urspr\u00fcnglichen Bestands f\u00fchren, z. B. Fusionen und\/oder Aussch\u00fcttungen, die dazu f\u00fchren, dass Ihre urspr\u00fcngliche Buchung in viele andere Best\u00e4nde diversifiziert wird. Der WECB-Service hilft Ihnen, diese \u00c4nderungen und ihre Kosten zu verfolgen, damit Sie bessere und fundierte Entscheidungen treffen k\u00f6nnen, und er umfasst alle Ereignisse, die sich auf die Kostenbasis und die Anzahl der Einheiten auswirken.","og_url":"https:\/\/www.exchange-data.com\/de\/produkt\/weltweite-eigenkapitalkosten-basis\/","og_site_name":"Exchange Data International","article_modified_time":"2025-08-14T11:22:24+00:00","og_image":[{"url":"https:\/\/www.exchange-data.com\/wp-content\/uploads\/2015\/09\/EDI-Post-Featured-Image-700x400-1.png","type":"","width":"","height":""}],"twitter_card":"summary_large_image","twitter_title":"Weltweite Eigenkapitalkostenbasis","twitter_description":"Die Kostenbasis ist der Schl\u00fcssel zur Berechnung der steuerlichen Kapitalgewinne Ihres Kunden, und die Kenntnis der Kostenbasis ist ein wesentlicher Schritt bei der Berechnung der Kapitalgewinne. Sie k\u00f6nnen unsere neue L\u00f6sung Worldwide Equity Cost Basis (WECB) verwenden, um die Entwicklung zu verfolgen: Wertpapierentwicklung, Wertpapierkostenbasis, Steuerstatus. Die WECB dient als Grundlage f\u00fcr alle Kapitalgewinnberechnungen in jeder Rechtsordnung. Ohne diese Informationen w\u00e4re jede Kapitalgewinnsteuerberechnung ungenau, da sich das Wertpapier seit seinem Kauf ver\u00e4ndert haben k\u00f6nnte. Der WECB-Service wurde entwickelt, um sowohl die Kostenbasis eines Wertpapiers, seine Entwicklung als auch die Kostenbasis und Entwicklung aller seiner Nachkommen bis zum aktuellen Datum zu verfolgen. Viele Ereignisse k\u00f6nnen zu \u00c4nderungen des urspr\u00fcnglichen Bestands f\u00fchren, z. B. Fusionen und\/oder Aussch\u00fcttungen, die dazu f\u00fchren, dass Ihre urspr\u00fcngliche Buchung in viele andere Best\u00e4nde diversifiziert wird. Der WECB-Service hilft Ihnen, diese \u00c4nderungen und ihre Kosten zu verfolgen, damit Sie bessere und fundierte Entscheidungen treffen k\u00f6nnen, und er umfasst alle Ereignisse, die sich auf die Kostenbasis und die Anzahl der Einheiten auswirken.","twitter_image":"https:\/\/www.exchange-data.com\/wp-content\/uploads\/2015\/09\/EDI-Post-Featured-Image-700x400-1.png","twitter_site":"@ExchangeData","twitter_misc":{"Gesch\u00e4tzte Lesezeit":"1\u00a0Minute"},"schema":{"@context":"https:\/\/schema.org","@graph":[{"@type":"WebPage","@id":"https:\/\/www.exchange-data.com\/de\/produkt\/weltweite-eigenkapitalkosten-basis\/","url":"https:\/\/www.exchange-data.com\/de\/produkt\/weltweite-eigenkapitalkosten-basis\/","name":"Weltweiter Cost-Basis-Service f\u00fcr Aktien | Exchange Data International","isPartOf":{"@id":"https:\/\/www.exchange-data.com\/de\/#website"},"primaryImageOfPage":{"@id":"https:\/\/www.exchange-data.com\/de\/produkt\/weltweite-eigenkapitalkosten-basis\/#primaryimage"},"image":{"@id":"https:\/\/www.exchange-data.com\/de\/produkt\/weltweite-eigenkapitalkosten-basis\/#primaryimage"},"thumbnailUrl":"https:\/\/www.exchange-data.com\/wp-content\/uploads\/2015\/09\/EDI-Post-Featured-Image-700x400-1.png","datePublished":"2019-01-29T16:46:15+00:00","dateModified":"2025-08-14T11:22:24+00:00","description":"Behalten Sie mit dem WECB-Service von EDI alle relevanten Daten \u00fcber Anschaffungskostenbasis im Blick \u2013 f\u00fcr pr\u00e4zise Kapitalertragsberechnungen weltweit.","breadcrumb":{"@id":"https:\/\/www.exchange-data.com\/de\/produkt\/weltweite-eigenkapitalkosten-basis\/#breadcrumb"},"inLanguage":"de","potentialAction":[{"@type":"ReadAction","target":["https:\/\/www.exchange-data.com\/de\/produkt\/weltweite-eigenkapitalkosten-basis\/"]}]},{"@type":"ImageObject","inLanguage":"de","@id":"https:\/\/www.exchange-data.com\/de\/produkt\/weltweite-eigenkapitalkosten-basis\/#primaryimage","url":"https:\/\/www.exchange-data.com\/wp-content\/uploads\/2015\/09\/EDI-Post-Featured-Image-700x400-1.png","contentUrl":"https:\/\/www.exchange-data.com\/wp-content\/uploads\/2015\/09\/EDI-Post-Featured-Image-700x400-1.png","width":700,"height":400,"caption":"Exchange Data International"},{"@type":"BreadcrumbList","@id":"https:\/\/www.exchange-data.com\/de\/produkt\/weltweite-eigenkapitalkosten-basis\/#breadcrumb","itemListElement":[{"@type":"ListItem","position":1,"name":"Home","item":"https:\/\/www.exchange-data.com\/de\/startseite\/"},{"@type":"ListItem","position":2,"name":"Weltweiter Cost-Basis-Service f\u00fcr Aktien"}]},{"@type":"WebSite","@id":"https:\/\/www.exchange-data.com\/de\/#website","url":"https:\/\/www.exchange-data.com\/de\/","name":"Exchange Data International","description":"Doing data differently","publisher":{"@id":"https:\/\/www.exchange-data.com\/de\/#organization"},"potentialAction":[{"@type":"SearchAction","target":{"@type":"EntryPoint","urlTemplate":"https:\/\/www.exchange-data.com\/de\/?s={search_term_string}"},"query-input":{"@type":"PropertyValueSpecification","valueRequired":true,"valueName":"search_term_string"}}],"inLanguage":"de"},{"@type":"Organization","@id":"https:\/\/www.exchange-data.com\/de\/#organization","name":"Exchange Data International","url":"https:\/\/www.exchange-data.com\/de\/","logo":{"@type":"ImageObject","inLanguage":"de","@id":"https:\/\/www.exchange-data.com\/de\/#\/schema\/logo\/image\/","url":"https:\/\/www.exchange-data.com\/wp-content\/uploads\/2019\/03\/logo3.png","contentUrl":"https:\/\/www.exchange-data.com\/wp-content\/uploads\/2019\/03\/logo3.png","width":200,"height":80,"caption":"Exchange Data International"},"image":{"@id":"https:\/\/www.exchange-data.com\/de\/#\/schema\/logo\/image\/"},"sameAs":["https:\/\/x.com\/ExchangeData","https:\/\/www.linkedin.com\/company\/exchange-data-international\/?viewAsMember=true","https:\/\/www.youtube.com\/channel\/UC5D1OpUb22YZANRLD_Ktcgg?view_as=subscriber"]}]}},"_links":{"self":[{"href":"https:\/\/www.exchange-data.com\/de\/wp-json\/wp\/v2\/product\/35765","targetHints":{"allow":["GET"]}}],"collection":[{"href":"https:\/\/www.exchange-data.com\/de\/wp-json\/wp\/v2\/product"}],"about":[{"href":"https:\/\/www.exchange-data.com\/de\/wp-json\/wp\/v2\/types\/product"}],"wp:featuredmedia":[{"embeddable":true,"href":"https:\/\/www.exchange-data.com\/de\/wp-json\/wp\/v2\/media\/34153"}],"wp:attachment":[{"href":"https:\/\/www.exchange-data.com\/de\/wp-json\/wp\/v2\/media?parent=35765"}],"wp:term":[{"taxonomy":"country","embeddable":true,"href":"https:\/\/www.exchange-data.com\/de\/wp-json\/wp\/v2\/country?post=35765"},{"taxonomy":"product_category","embeddable":true,"href":"https:\/\/www.exchange-data.com\/de\/wp-json\/wp\/v2\/product_category?post=35765"}],"curies":[{"name":"wp","href":"https:\/\/api.w.org\/{rel}","templated":true}]}}