{"id":35766,"date":"2019-01-29T17:45:30","date_gmt":"2019-01-29T16:45:30","guid":{"rendered":"https:\/\/www.exchange-data.com\/product\/otc-daten\/"},"modified":"2025-09-10T08:28:41","modified_gmt":"2025-09-10T07:28:41","slug":"otc-daten","status":"publish","type":"product","link":"https:\/\/www.exchange-data.com\/de\/produkt\/otc-daten\/","title":{"rendered":"OTC-Daten"},"content":{"rendered":"<h3>Swapkurvendaten<\/h3>\n<p><span style=\"font-weight: 400;\">Der Swapkurven-Service bietet t\u00e4glich unabh\u00e4ngige Zero-Coupon-Renditekurven auf Swap-Basis \u2013 ein unverzichtbares Werkzeug f\u00fcr Bewertungen, Portfolioanalysen und Risikomanagement.<\/span><\/p>\n<h4>Datenbeschreibung<\/h4>\n<p><span style=\"font-weight: 400;\">T\u00e4gliche Renditekurven in einer Vielzahl globaler W\u00e4hrungen \u2013 dargestellt als Zero-Coupon-Rendite und zugeh\u00f6riger Abzinsungsfaktor. <\/span><\/p>\n<h4>Lieferfrequenz<\/h4>\n<p><span style=\"font-weight: 400;\">Renditekurven sind intraday oder zum Handelsschluss verf\u00fcgbar. End-of-Day-Daten werden nach Marktschluss gro\u00dfer Finanzpl\u00e4tze oder konsolidiert um 22:00 Uhr MEZ geliefert. Historische Daten bis zu 5 Jahre r\u00fcckwirkend verf\u00fcgbar.  <\/span><\/p>\n<h3>Credit Default Swap Daten (CDS)<\/h3>\n<p><span style=\"font-weight: 400;\">Der CDS-Datenservice liefert t\u00e4glich unabh\u00e4ngige Spread-Kurven f\u00fcr CDS \u2013 zur Unterst\u00fctzung bei Bewertungen, Analysen und Risikosteuerung.<\/span><\/p>\n<h4>Datenbeschreibung<\/h4>\n<p><span style=\"font-weight: 400;\">Spreads f\u00fcr 5- und 10-j\u00e4hrige Laufzeiten von \u00fcber 2000 Referenzschuldnern \u2013 kombiniert mit verschiedenen W\u00e4hrungen, Restrukturierungsklauseln und Schuldniveaus. Spreads werden als Basispunkte f\u00fcr den Schutzkauf ausgedr\u00fcckt. Erweiterte Services bieten vollst\u00e4ndige Kurvenstrukturen von 6 Monaten bis 30 Jahren.  <\/span><\/p>\n<h4>Lieferfrequenz<\/h4>\n<p><span style=\"font-weight: 400;\">T\u00e4gliche Bereitstellung gegen 22:00 Uhr MEZ. Bis zu 10 Jahre historische Daten verf\u00fcgbar. <\/span><\/p>\n<h3>Rentenpreisdaten<\/h3>\n<p><span style=\"font-weight: 400;\">Der Pricing-Service f\u00fcr festverzinsliche Wertpapiere liefert unabh\u00e4ngige Tagespreise f\u00fcr Bewertungen, Portfolioanalysen, Best-Execution-Reporting und Risikomanagement.<\/span><\/p>\n<h4>Datenbeschreibung<\/h4>\n<p>Preise f\u00fcr eine Vielzahl festverzinslicher Instrumente, darunter:<\/p>\n<ul>\n<li>Unternehmensanleihen<\/li>\n<li>Kommunalanleihen<\/li>\n<li>Syndizierte Bankdarlehen<\/li>\n<li>Agentur-MBS<\/li>\n<li>Non-Agency CMO<\/li>\n<li>CMBS<\/li>\n<li>ABS<\/li>\n<li>CLO<\/li>\n<\/ul>\n<h4>Lieferfrequenz<\/h4>\n<p><span style=\"font-weight: 400;\">T\u00e4gliche Bewertungen zum Marktschluss. F\u00fcr liquide Anleihen auch intraday verf\u00fcgbar. Lieferung am selben oder n\u00e4chsten Tag.  <\/span><\/p>\n<h3>FX-Optionsvolatilit\u00e4tsdaten<\/h3>\n<p><span style=\"font-weight: 400;\">Der FX-Optionsvolatilit\u00e4tsservice bietet t\u00e4glich unabh\u00e4ngige Daten zur W\u00e4hrungsvolatilit\u00e4t f\u00fcr Bewertungen und Risikoberechnungen.<\/span><\/p>\n<h4>Datenbeschreibung<\/h4>\n<p><span style=\"font-weight: 400;\">T\u00e4gliche Volatilit\u00e4tsoberfl\u00e4chen f\u00fcr FX-Optionen \u2013 inklusive Skew \u2013 in \u00fcber 30 globalen W\u00e4hrungen und Edelmetallen: <\/span><\/p>\n<ul>\n<li>ATM-Strikes: als implizite Volatilit\u00e4t in %<\/li>\n<li>10- und 25-Delta Risk Reversals &amp; Butterflies: als Abweichung zur ATM-Volatilit\u00e4t<\/li>\n<\/ul>\n<h4>Lieferfrequenz<\/h4>\n<p><span style=\"font-weight: 400;\">Intraday oder End-of-Day. EOD-Daten werden nach Marktschluss oder gesammelt um 22:00 Uhr MEZ geliefert. Historie bis zu 5 Jahre verf\u00fcgbar.  <\/span><\/p>\n<h3>Swaption-Volatilit\u00e4tsdaten<\/h3>\n<p><span style=\"font-weight: 400;\">Der Swaption-Volatilit\u00e4tsservice liefert t\u00e4glich unabh\u00e4ngige Zinsvolatilit\u00e4tsdaten f\u00fcr die Bewertung von Swaptions \u2013 essenziell f\u00fcr Risikomodelle und OTC-Marktdaten-Analysen.<\/span><\/p>\n<h4>Datenbeschreibung<\/h4>\n<p><span style=\"font-weight: 400;\">T\u00e4gliche, normalisierte Volatilit\u00e4tsw\u00fcrfel f\u00fcr Zinsoptionen (Swaptions) mit Skew: <\/span><\/p>\n<ul>\n<li>ATM-Strikes und Out-of-the-Money-Strikes: \u00b125 bis \u00b1200 Basispunkte zum Forward-Rate<\/li>\n<li>Standard-Laufzeiten von 1 Monat bis 30 Jahre<\/li>\n<li>Standard-Swap-Laufzeiten, typischerweise von 1 Jahr bis 30 Jahre<\/li>\n<\/ul>\n<h3>Lieferfrequenz<\/h3>\n<p><span style=\"font-weight: 400;\">Intraday oder End-of-Day verf\u00fcgbar. EOD-Daten werden nach globalem Marktschluss oder gesammelt um 22:00 Uhr MEZ geliefert. Bis zu 5 Jahre Historie stehen zur Verf\u00fcgung \u2013 ein integraler Bestandteil jeder OTC-Marktdatenstrategie.  <\/span><\/p>\n<p>&nbsp;<\/p>\n","protected":false},"featured_media":34153,"template":"","country":[],"product_category":[3170,3167],"class_list":["post-35766","product","type-product","status-publish","has-post-thumbnail","hentry","product_category-derivative-data-short-interest-data-de","product_category-produkte-und-services"],"acf":[],"yoast_head":"<!-- This site is optimized with the Yoast SEO Premium plugin v26.0 (Yoast SEO v26.0) - https:\/\/yoast.com\/wordpress\/plugins\/seo\/ -->\n<title>OTC-Daten | Exchange Data International<\/title>\n<meta name=\"description\" content=\"Entdecken Sie pr\u00e4zise OTC-Marktdaten f\u00fcr Swapkurven, CDS, Anleihepreise und Volatilit\u00e4tsdaten \u2013 ideal f\u00fcr Bewertungen, Risikomanagement und Analysen.\" \/>\n<meta name=\"robots\" content=\"index, follow, max-snippet:-1, max-image-preview:large, max-video-preview:-1\" \/>\n<link rel=\"canonical\" href=\"https:\/\/www.exchange-data.com\/de\/produkt\/otc-daten\/\" \/>\n<meta property=\"og:locale\" content=\"de_DE\" \/>\n<meta property=\"og:type\" content=\"article\" \/>\n<meta property=\"og:title\" content=\"OTC-Daten\" \/>\n<meta property=\"og:description\" content=\"Der OTC-Datenservice bietet Kunden eine Quelle unabh\u00e4ngiger Nullkupon-Renditekurven, die von Swaps impliziert werden, f\u00fcr Bewertungen, Portfolioanalysen und vieles mehr.\" \/>\n<meta property=\"og:url\" content=\"https:\/\/www.exchange-data.com\/de\/produkt\/otc-daten\/\" \/>\n<meta property=\"og:site_name\" content=\"Exchange Data International\" \/>\n<meta property=\"article:modified_time\" content=\"2025-09-10T07:28:41+00:00\" \/>\n<meta property=\"og:image\" content=\"https:\/\/www.exchange-data.com\/wp-content\/uploads\/2015\/09\/EDI-Post-Featured-Image-700x400-1.png\" \/>\n<meta name=\"twitter:card\" content=\"summary_large_image\" \/>\n<meta name=\"twitter:title\" content=\"OTC-Daten\" \/>\n<meta name=\"twitter:description\" content=\"Der OTC-Datenservice bietet Kunden eine Quelle unabh\u00e4ngiger Nullkupon-Renditekurven, die von Swaps impliziert werden, f\u00fcr Bewertungen, Portfolioanalysen und vieles mehr.\" \/>\n<meta name=\"twitter:image\" content=\"https:\/\/www.exchange-data.com\/wp-content\/uploads\/2015\/09\/EDI-Post-Featured-Image-700x400-1.png\" \/>\n<meta name=\"twitter:site\" content=\"@ExchangeData\" \/>\n<meta name=\"twitter:label1\" content=\"Gesch\u00e4tzte Lesezeit\" \/>\n\t<meta name=\"twitter:data1\" content=\"2\u00a0Minuten\" \/>\n<script type=\"application\/ld+json\" class=\"yoast-schema-graph\">{\"@context\":\"https:\/\/schema.org\",\"@graph\":[{\"@type\":\"WebPage\",\"@id\":\"https:\/\/www.exchange-data.com\/de\/produkt\/otc-daten\/\",\"url\":\"https:\/\/www.exchange-data.com\/de\/produkt\/otc-daten\/\",\"name\":\"OTC-Daten | Exchange Data International\",\"isPartOf\":{\"@id\":\"https:\/\/www.exchange-data.com\/de\/#website\"},\"primaryImageOfPage\":{\"@id\":\"https:\/\/www.exchange-data.com\/de\/produkt\/otc-daten\/#primaryimage\"},\"image\":{\"@id\":\"https:\/\/www.exchange-data.com\/de\/produkt\/otc-daten\/#primaryimage\"},\"thumbnailUrl\":\"https:\/\/www.exchange-data.com\/wp-content\/uploads\/2015\/09\/EDI-Post-Featured-Image-700x400-1.png\",\"datePublished\":\"2019-01-29T16:45:30+00:00\",\"dateModified\":\"2025-09-10T07:28:41+00:00\",\"description\":\"Entdecken Sie pr\u00e4zise OTC-Marktdaten f\u00fcr Swapkurven, CDS, Anleihepreise und Volatilit\u00e4tsdaten \u2013 ideal f\u00fcr Bewertungen, Risikomanagement und Analysen.\",\"breadcrumb\":{\"@id\":\"https:\/\/www.exchange-data.com\/de\/produkt\/otc-daten\/#breadcrumb\"},\"inLanguage\":\"de\",\"potentialAction\":[{\"@type\":\"ReadAction\",\"target\":[\"https:\/\/www.exchange-data.com\/de\/produkt\/otc-daten\/\"]}]},{\"@type\":\"ImageObject\",\"inLanguage\":\"de\",\"@id\":\"https:\/\/www.exchange-data.com\/de\/produkt\/otc-daten\/#primaryimage\",\"url\":\"https:\/\/www.exchange-data.com\/wp-content\/uploads\/2015\/09\/EDI-Post-Featured-Image-700x400-1.png\",\"contentUrl\":\"https:\/\/www.exchange-data.com\/wp-content\/uploads\/2015\/09\/EDI-Post-Featured-Image-700x400-1.png\",\"width\":700,\"height\":400,\"caption\":\"Exchange Data International\"},{\"@type\":\"BreadcrumbList\",\"@id\":\"https:\/\/www.exchange-data.com\/de\/produkt\/otc-daten\/#breadcrumb\",\"itemListElement\":[{\"@type\":\"ListItem\",\"position\":1,\"name\":\"Home\",\"item\":\"https:\/\/www.exchange-data.com\/de\/startseite\/\"},{\"@type\":\"ListItem\",\"position\":2,\"name\":\"OTC-Daten\"}]},{\"@type\":\"WebSite\",\"@id\":\"https:\/\/www.exchange-data.com\/de\/#website\",\"url\":\"https:\/\/www.exchange-data.com\/de\/\",\"name\":\"Exchange Data International\",\"description\":\"Doing data differently\",\"publisher\":{\"@id\":\"https:\/\/www.exchange-data.com\/de\/#organization\"},\"potentialAction\":[{\"@type\":\"SearchAction\",\"target\":{\"@type\":\"EntryPoint\",\"urlTemplate\":\"https:\/\/www.exchange-data.com\/de\/?s={search_term_string}\"},\"query-input\":{\"@type\":\"PropertyValueSpecification\",\"valueRequired\":true,\"valueName\":\"search_term_string\"}}],\"inLanguage\":\"de\"},{\"@type\":\"Organization\",\"@id\":\"https:\/\/www.exchange-data.com\/de\/#organization\",\"name\":\"Exchange Data International\",\"url\":\"https:\/\/www.exchange-data.com\/de\/\",\"logo\":{\"@type\":\"ImageObject\",\"inLanguage\":\"de\",\"@id\":\"https:\/\/www.exchange-data.com\/de\/#\/schema\/logo\/image\/\",\"url\":\"https:\/\/www.exchange-data.com\/wp-content\/uploads\/2019\/03\/logo3.png\",\"contentUrl\":\"https:\/\/www.exchange-data.com\/wp-content\/uploads\/2019\/03\/logo3.png\",\"width\":200,\"height\":80,\"caption\":\"Exchange Data International\"},\"image\":{\"@id\":\"https:\/\/www.exchange-data.com\/de\/#\/schema\/logo\/image\/\"},\"sameAs\":[\"https:\/\/x.com\/ExchangeData\",\"https:\/\/www.linkedin.com\/company\/exchange-data-international\/?viewAsMember=true\",\"https:\/\/www.youtube.com\/channel\/UC5D1OpUb22YZANRLD_Ktcgg?view_as=subscriber\"]}]}<\/script>\n<!-- \/ Yoast SEO Premium plugin. -->","yoast_head_json":{"title":"OTC-Daten | Exchange Data International","description":"Entdecken Sie pr\u00e4zise OTC-Marktdaten f\u00fcr Swapkurven, CDS, Anleihepreise und Volatilit\u00e4tsdaten \u2013 ideal f\u00fcr Bewertungen, Risikomanagement und Analysen.","robots":{"index":"index","follow":"follow","max-snippet":"max-snippet:-1","max-image-preview":"max-image-preview:large","max-video-preview":"max-video-preview:-1"},"canonical":"https:\/\/www.exchange-data.com\/de\/produkt\/otc-daten\/","og_locale":"de_DE","og_type":"article","og_title":"OTC-Daten","og_description":"Der OTC-Datenservice bietet Kunden eine Quelle unabh\u00e4ngiger Nullkupon-Renditekurven, die von Swaps impliziert werden, f\u00fcr Bewertungen, Portfolioanalysen und vieles mehr.","og_url":"https:\/\/www.exchange-data.com\/de\/produkt\/otc-daten\/","og_site_name":"Exchange Data International","article_modified_time":"2025-09-10T07:28:41+00:00","og_image":[{"url":"https:\/\/www.exchange-data.com\/wp-content\/uploads\/2015\/09\/EDI-Post-Featured-Image-700x400-1.png","type":"","width":"","height":""}],"twitter_card":"summary_large_image","twitter_title":"OTC-Daten","twitter_description":"Der OTC-Datenservice bietet Kunden eine Quelle unabh\u00e4ngiger Nullkupon-Renditekurven, die von Swaps impliziert werden, f\u00fcr Bewertungen, Portfolioanalysen und vieles mehr.","twitter_image":"https:\/\/www.exchange-data.com\/wp-content\/uploads\/2015\/09\/EDI-Post-Featured-Image-700x400-1.png","twitter_site":"@ExchangeData","twitter_misc":{"Gesch\u00e4tzte Lesezeit":"2\u00a0Minuten"},"schema":{"@context":"https:\/\/schema.org","@graph":[{"@type":"WebPage","@id":"https:\/\/www.exchange-data.com\/de\/produkt\/otc-daten\/","url":"https:\/\/www.exchange-data.com\/de\/produkt\/otc-daten\/","name":"OTC-Daten | Exchange Data International","isPartOf":{"@id":"https:\/\/www.exchange-data.com\/de\/#website"},"primaryImageOfPage":{"@id":"https:\/\/www.exchange-data.com\/de\/produkt\/otc-daten\/#primaryimage"},"image":{"@id":"https:\/\/www.exchange-data.com\/de\/produkt\/otc-daten\/#primaryimage"},"thumbnailUrl":"https:\/\/www.exchange-data.com\/wp-content\/uploads\/2015\/09\/EDI-Post-Featured-Image-700x400-1.png","datePublished":"2019-01-29T16:45:30+00:00","dateModified":"2025-09-10T07:28:41+00:00","description":"Entdecken Sie pr\u00e4zise OTC-Marktdaten f\u00fcr Swapkurven, CDS, Anleihepreise und Volatilit\u00e4tsdaten \u2013 ideal f\u00fcr Bewertungen, Risikomanagement und Analysen.","breadcrumb":{"@id":"https:\/\/www.exchange-data.com\/de\/produkt\/otc-daten\/#breadcrumb"},"inLanguage":"de","potentialAction":[{"@type":"ReadAction","target":["https:\/\/www.exchange-data.com\/de\/produkt\/otc-daten\/"]}]},{"@type":"ImageObject","inLanguage":"de","@id":"https:\/\/www.exchange-data.com\/de\/produkt\/otc-daten\/#primaryimage","url":"https:\/\/www.exchange-data.com\/wp-content\/uploads\/2015\/09\/EDI-Post-Featured-Image-700x400-1.png","contentUrl":"https:\/\/www.exchange-data.com\/wp-content\/uploads\/2015\/09\/EDI-Post-Featured-Image-700x400-1.png","width":700,"height":400,"caption":"Exchange Data International"},{"@type":"BreadcrumbList","@id":"https:\/\/www.exchange-data.com\/de\/produkt\/otc-daten\/#breadcrumb","itemListElement":[{"@type":"ListItem","position":1,"name":"Home","item":"https:\/\/www.exchange-data.com\/de\/startseite\/"},{"@type":"ListItem","position":2,"name":"OTC-Daten"}]},{"@type":"WebSite","@id":"https:\/\/www.exchange-data.com\/de\/#website","url":"https:\/\/www.exchange-data.com\/de\/","name":"Exchange Data International","description":"Doing data differently","publisher":{"@id":"https:\/\/www.exchange-data.com\/de\/#organization"},"potentialAction":[{"@type":"SearchAction","target":{"@type":"EntryPoint","urlTemplate":"https:\/\/www.exchange-data.com\/de\/?s={search_term_string}"},"query-input":{"@type":"PropertyValueSpecification","valueRequired":true,"valueName":"search_term_string"}}],"inLanguage":"de"},{"@type":"Organization","@id":"https:\/\/www.exchange-data.com\/de\/#organization","name":"Exchange Data International","url":"https:\/\/www.exchange-data.com\/de\/","logo":{"@type":"ImageObject","inLanguage":"de","@id":"https:\/\/www.exchange-data.com\/de\/#\/schema\/logo\/image\/","url":"https:\/\/www.exchange-data.com\/wp-content\/uploads\/2019\/03\/logo3.png","contentUrl":"https:\/\/www.exchange-data.com\/wp-content\/uploads\/2019\/03\/logo3.png","width":200,"height":80,"caption":"Exchange Data International"},"image":{"@id":"https:\/\/www.exchange-data.com\/de\/#\/schema\/logo\/image\/"},"sameAs":["https:\/\/x.com\/ExchangeData","https:\/\/www.linkedin.com\/company\/exchange-data-international\/?viewAsMember=true","https:\/\/www.youtube.com\/channel\/UC5D1OpUb22YZANRLD_Ktcgg?view_as=subscriber"]}]}},"_links":{"self":[{"href":"https:\/\/www.exchange-data.com\/de\/wp-json\/wp\/v2\/product\/35766","targetHints":{"allow":["GET"]}}],"collection":[{"href":"https:\/\/www.exchange-data.com\/de\/wp-json\/wp\/v2\/product"}],"about":[{"href":"https:\/\/www.exchange-data.com\/de\/wp-json\/wp\/v2\/types\/product"}],"wp:featuredmedia":[{"embeddable":true,"href":"https:\/\/www.exchange-data.com\/de\/wp-json\/wp\/v2\/media\/34153"}],"wp:attachment":[{"href":"https:\/\/www.exchange-data.com\/de\/wp-json\/wp\/v2\/media?parent=35766"}],"wp:term":[{"taxonomy":"country","embeddable":true,"href":"https:\/\/www.exchange-data.com\/de\/wp-json\/wp\/v2\/country?post=35766"},{"taxonomy":"product_category","embeddable":true,"href":"https:\/\/www.exchange-data.com\/de\/wp-json\/wp\/v2\/product_category?post=35766"}],"curies":[{"name":"wp","href":"https:\/\/api.w.org\/{rel}","templated":true}]}}