{"id":35767,"date":"2019-01-29T17:44:50","date_gmt":"2019-01-29T16:44:50","guid":{"rendered":"https:\/\/www.exchange-data.com\/product\/spezifikationen-von-futures-und-optionskontrakten\/"},"modified":"2025-09-02T08:18:12","modified_gmt":"2025-09-02T07:18:12","slug":"kontrakt-spezifikationen-fuer-futures-und-optionen","status":"publish","type":"product","link":"https:\/\/www.exchange-data.com\/de\/produkt\/kontrakt-spezifikationen-fuer-futures-und-optionen\/","title":{"rendered":"Kontrakt- Spezifikationen f\u00fcr Futures und Optionen"},"content":{"rendered":"<p><span style=\"font-weight: 400;\">EDI bietet eine umfassende Abdeckung aller zentralen Kontraktspezifikationen \u2013 gem\u00e4\u00df den jeweiligen Definitionen der einzelnen M\u00e4rkte \u2013 f\u00fcr \u00fcber 70 M\u00e4rkte weltweit.<\/span><\/p>\n<p><span style=\"font-weight: 400;\">T\u00e4glich stellt EDI f\u00fcr jeden Markt eine Datei mit den aktuellen Kontraktdetails sowie eine Benachrichtigung \u00fcber bevorstehende \u00c4nderungen bereit, wie sie von der jeweiligen B\u00f6rse ver\u00f6ffentlicht wurden. Diese \u00c4nderungsmitteilung enth\u00e4lt den MIC, das Wirksamkeitsdatum und den offiziellen Wortlaut. Alle erforderlichen Anpassungen werden p\u00fcnktlich zum Wirksamkeitsdatum in den Spezifikationen \u00fcbernommen \u2013 so bleiben Ihre Optionskontraktspezifikationen stets aktuell und vollst\u00e4ndig.  <\/span><\/p>\n<p>&nbsp;<\/p>\n","protected":false},"featured_media":34153,"template":"","country":[],"product_category":[3170,3167],"class_list":["post-35767","product","type-product","status-publish","has-post-thumbnail","hentry","product_category-derivative-data-short-interest-data-de","product_category-produkte-und-services"],"acf":[],"yoast_head":"<!-- This site is optimized with the Yoast SEO Premium plugin v26.0 (Yoast SEO v26.0) - https:\/\/yoast.com\/wordpress\/plugins\/seo\/ -->\n<title>Kontrakt- Spezifikationen f\u00fcr Futures und Optionen | Exchange Data International<\/title>\n<meta name=\"description\" content=\"EDI liefert t\u00e4glich aktualisierte Optionskontraktspezifikationen f\u00fcr \u00fcber 70 M\u00e4rkte \u2013 inklusive \u00c4nderungsbenachrichtigungen und Wirksamkeitsdaten direkt von der B\u00f6rse.\" \/>\n<meta name=\"robots\" content=\"index, follow, max-snippet:-1, max-image-preview:large, max-video-preview:-1\" \/>\n<link rel=\"canonical\" href=\"https:\/\/www.exchange-data.com\/de\/produkt\/kontrakt-spezifikationen-fuer-futures-und-optionen\/\" \/>\n<meta property=\"og:locale\" content=\"de_DE\" \/>\n<meta property=\"og:type\" content=\"article\" \/>\n<meta property=\"og:title\" content=\"Datenbank f\u00fcr Derivatkontraktspezifikationen\" \/>\n<meta property=\"og:description\" content=\"EDI liefert eine t\u00e4gliche Datei nach Markt sowie eine t\u00e4gliche Benachrichtigung \u00fcber bevorstehende \u00c4nderungen, die von der B\u00f6rse ver\u00f6ffentlicht werden. Die Benachrichtigungsdatei enth\u00e4lt das MIC, das Datum des Inkrafttretens und den Text der Benachrichtigung. Alle erforderlichen \u00c4nderungen werden am Tag des Inkrafttretens in die Spezifikationen \u00fcbernommen, so dass Sie immer Zugang zu den aktuellsten Spezifikationen haben.\" \/>\n<meta property=\"og:url\" content=\"https:\/\/www.exchange-data.com\/de\/produkt\/kontrakt-spezifikationen-fuer-futures-und-optionen\/\" \/>\n<meta property=\"og:site_name\" content=\"Exchange Data International\" \/>\n<meta property=\"article:modified_time\" content=\"2025-09-02T07:18:12+00:00\" \/>\n<meta property=\"og:image\" content=\"https:\/\/www.exchange-data.com\/wp-content\/uploads\/2015\/09\/EDI-Post-Featured-Image-700x400-1.png\" \/>\n<meta name=\"twitter:card\" content=\"summary_large_image\" \/>\n<meta name=\"twitter:title\" content=\"Datenbank f\u00fcr Derivatkontraktspezifikationen\" \/>\n<meta name=\"twitter:description\" content=\"EDI liefert eine t\u00e4gliche Datei nach Markt sowie eine t\u00e4gliche Benachrichtigung \u00fcber bevorstehende \u00c4nderungen, die von der B\u00f6rse ver\u00f6ffentlicht werden. Die Benachrichtigungsdatei enth\u00e4lt das MIC, das Datum des Inkrafttretens und den Text der Benachrichtigung. Alle erforderlichen \u00c4nderungen werden am Tag des Inkrafttretens in die Spezifikationen \u00fcbernommen, so dass Sie immer Zugang zu den aktuellsten Spezifikationen haben.\" \/>\n<meta name=\"twitter:image\" content=\"https:\/\/www.exchange-data.com\/wp-content\/uploads\/2015\/09\/EDI-Post-Featured-Image-700x400-1.png\" \/>\n<meta name=\"twitter:site\" content=\"@ExchangeData\" \/>\n<script type=\"application\/ld+json\" class=\"yoast-schema-graph\">{\"@context\":\"https:\/\/schema.org\",\"@graph\":[{\"@type\":\"WebPage\",\"@id\":\"https:\/\/www.exchange-data.com\/de\/produkt\/kontrakt-spezifikationen-fuer-futures-und-optionen\/\",\"url\":\"https:\/\/www.exchange-data.com\/de\/produkt\/kontrakt-spezifikationen-fuer-futures-und-optionen\/\",\"name\":\"Kontrakt- Spezifikationen f\u00fcr Futures und Optionen | Exchange Data International\",\"isPartOf\":{\"@id\":\"https:\/\/www.exchange-data.com\/de\/#website\"},\"primaryImageOfPage\":{\"@id\":\"https:\/\/www.exchange-data.com\/de\/produkt\/kontrakt-spezifikationen-fuer-futures-und-optionen\/#primaryimage\"},\"image\":{\"@id\":\"https:\/\/www.exchange-data.com\/de\/produkt\/kontrakt-spezifikationen-fuer-futures-und-optionen\/#primaryimage\"},\"thumbnailUrl\":\"https:\/\/www.exchange-data.com\/wp-content\/uploads\/2015\/09\/EDI-Post-Featured-Image-700x400-1.png\",\"datePublished\":\"2019-01-29T16:44:50+00:00\",\"dateModified\":\"2025-09-02T07:18:12+00:00\",\"description\":\"EDI liefert t\u00e4glich aktualisierte Optionskontraktspezifikationen f\u00fcr \u00fcber 70 M\u00e4rkte \u2013 inklusive \u00c4nderungsbenachrichtigungen und Wirksamkeitsdaten direkt von der B\u00f6rse.\",\"breadcrumb\":{\"@id\":\"https:\/\/www.exchange-data.com\/de\/produkt\/kontrakt-spezifikationen-fuer-futures-und-optionen\/#breadcrumb\"},\"inLanguage\":\"de\",\"potentialAction\":[{\"@type\":\"ReadAction\",\"target\":[\"https:\/\/www.exchange-data.com\/de\/produkt\/kontrakt-spezifikationen-fuer-futures-und-optionen\/\"]}]},{\"@type\":\"ImageObject\",\"inLanguage\":\"de\",\"@id\":\"https:\/\/www.exchange-data.com\/de\/produkt\/kontrakt-spezifikationen-fuer-futures-und-optionen\/#primaryimage\",\"url\":\"https:\/\/www.exchange-data.com\/wp-content\/uploads\/2015\/09\/EDI-Post-Featured-Image-700x400-1.png\",\"contentUrl\":\"https:\/\/www.exchange-data.com\/wp-content\/uploads\/2015\/09\/EDI-Post-Featured-Image-700x400-1.png\",\"width\":700,\"height\":400,\"caption\":\"Exchange Data International\"},{\"@type\":\"BreadcrumbList\",\"@id\":\"https:\/\/www.exchange-data.com\/de\/produkt\/kontrakt-spezifikationen-fuer-futures-und-optionen\/#breadcrumb\",\"itemListElement\":[{\"@type\":\"ListItem\",\"position\":1,\"name\":\"Home\",\"item\":\"https:\/\/www.exchange-data.com\/de\/startseite\/\"},{\"@type\":\"ListItem\",\"position\":2,\"name\":\"Kontrakt- Spezifikationen f\u00fcr Futures und Optionen\"}]},{\"@type\":\"WebSite\",\"@id\":\"https:\/\/www.exchange-data.com\/de\/#website\",\"url\":\"https:\/\/www.exchange-data.com\/de\/\",\"name\":\"Exchange Data International\",\"description\":\"Doing data differently\",\"publisher\":{\"@id\":\"https:\/\/www.exchange-data.com\/de\/#organization\"},\"potentialAction\":[{\"@type\":\"SearchAction\",\"target\":{\"@type\":\"EntryPoint\",\"urlTemplate\":\"https:\/\/www.exchange-data.com\/de\/?s={search_term_string}\"},\"query-input\":{\"@type\":\"PropertyValueSpecification\",\"valueRequired\":true,\"valueName\":\"search_term_string\"}}],\"inLanguage\":\"de\"},{\"@type\":\"Organization\",\"@id\":\"https:\/\/www.exchange-data.com\/de\/#organization\",\"name\":\"Exchange Data International\",\"url\":\"https:\/\/www.exchange-data.com\/de\/\",\"logo\":{\"@type\":\"ImageObject\",\"inLanguage\":\"de\",\"@id\":\"https:\/\/www.exchange-data.com\/de\/#\/schema\/logo\/image\/\",\"url\":\"https:\/\/www.exchange-data.com\/wp-content\/uploads\/2019\/03\/logo3.png\",\"contentUrl\":\"https:\/\/www.exchange-data.com\/wp-content\/uploads\/2019\/03\/logo3.png\",\"width\":200,\"height\":80,\"caption\":\"Exchange Data International\"},\"image\":{\"@id\":\"https:\/\/www.exchange-data.com\/de\/#\/schema\/logo\/image\/\"},\"sameAs\":[\"https:\/\/x.com\/ExchangeData\",\"https:\/\/www.linkedin.com\/company\/exchange-data-international\/?viewAsMember=true\",\"https:\/\/www.youtube.com\/channel\/UC5D1OpUb22YZANRLD_Ktcgg?view_as=subscriber\"]}]}<\/script>\n<!-- \/ Yoast SEO Premium plugin. -->","yoast_head_json":{"title":"Kontrakt- Spezifikationen f\u00fcr Futures und Optionen | Exchange Data International","description":"EDI liefert t\u00e4glich aktualisierte Optionskontraktspezifikationen f\u00fcr \u00fcber 70 M\u00e4rkte \u2013 inklusive \u00c4nderungsbenachrichtigungen und Wirksamkeitsdaten direkt von der B\u00f6rse.","robots":{"index":"index","follow":"follow","max-snippet":"max-snippet:-1","max-image-preview":"max-image-preview:large","max-video-preview":"max-video-preview:-1"},"canonical":"https:\/\/www.exchange-data.com\/de\/produkt\/kontrakt-spezifikationen-fuer-futures-und-optionen\/","og_locale":"de_DE","og_type":"article","og_title":"Datenbank f\u00fcr Derivatkontraktspezifikationen","og_description":"EDI liefert eine t\u00e4gliche Datei nach Markt sowie eine t\u00e4gliche Benachrichtigung \u00fcber bevorstehende \u00c4nderungen, die von der B\u00f6rse ver\u00f6ffentlicht werden. Die Benachrichtigungsdatei enth\u00e4lt das MIC, das Datum des Inkrafttretens und den Text der Benachrichtigung. Alle erforderlichen \u00c4nderungen werden am Tag des Inkrafttretens in die Spezifikationen \u00fcbernommen, so dass Sie immer Zugang zu den aktuellsten Spezifikationen haben.","og_url":"https:\/\/www.exchange-data.com\/de\/produkt\/kontrakt-spezifikationen-fuer-futures-und-optionen\/","og_site_name":"Exchange Data International","article_modified_time":"2025-09-02T07:18:12+00:00","og_image":[{"url":"https:\/\/www.exchange-data.com\/wp-content\/uploads\/2015\/09\/EDI-Post-Featured-Image-700x400-1.png","type":"","width":"","height":""}],"twitter_card":"summary_large_image","twitter_title":"Datenbank f\u00fcr Derivatkontraktspezifikationen","twitter_description":"EDI liefert eine t\u00e4gliche Datei nach Markt sowie eine t\u00e4gliche Benachrichtigung \u00fcber bevorstehende \u00c4nderungen, die von der B\u00f6rse ver\u00f6ffentlicht werden. Die Benachrichtigungsdatei enth\u00e4lt das MIC, das Datum des Inkrafttretens und den Text der Benachrichtigung. Alle erforderlichen \u00c4nderungen werden am Tag des Inkrafttretens in die Spezifikationen \u00fcbernommen, so dass Sie immer Zugang zu den aktuellsten Spezifikationen haben.","twitter_image":"https:\/\/www.exchange-data.com\/wp-content\/uploads\/2015\/09\/EDI-Post-Featured-Image-700x400-1.png","twitter_site":"@ExchangeData","schema":{"@context":"https:\/\/schema.org","@graph":[{"@type":"WebPage","@id":"https:\/\/www.exchange-data.com\/de\/produkt\/kontrakt-spezifikationen-fuer-futures-und-optionen\/","url":"https:\/\/www.exchange-data.com\/de\/produkt\/kontrakt-spezifikationen-fuer-futures-und-optionen\/","name":"Kontrakt- Spezifikationen f\u00fcr Futures und Optionen | Exchange Data International","isPartOf":{"@id":"https:\/\/www.exchange-data.com\/de\/#website"},"primaryImageOfPage":{"@id":"https:\/\/www.exchange-data.com\/de\/produkt\/kontrakt-spezifikationen-fuer-futures-und-optionen\/#primaryimage"},"image":{"@id":"https:\/\/www.exchange-data.com\/de\/produkt\/kontrakt-spezifikationen-fuer-futures-und-optionen\/#primaryimage"},"thumbnailUrl":"https:\/\/www.exchange-data.com\/wp-content\/uploads\/2015\/09\/EDI-Post-Featured-Image-700x400-1.png","datePublished":"2019-01-29T16:44:50+00:00","dateModified":"2025-09-02T07:18:12+00:00","description":"EDI liefert t\u00e4glich aktualisierte Optionskontraktspezifikationen f\u00fcr \u00fcber 70 M\u00e4rkte \u2013 inklusive \u00c4nderungsbenachrichtigungen und Wirksamkeitsdaten direkt von der B\u00f6rse.","breadcrumb":{"@id":"https:\/\/www.exchange-data.com\/de\/produkt\/kontrakt-spezifikationen-fuer-futures-und-optionen\/#breadcrumb"},"inLanguage":"de","potentialAction":[{"@type":"ReadAction","target":["https:\/\/www.exchange-data.com\/de\/produkt\/kontrakt-spezifikationen-fuer-futures-und-optionen\/"]}]},{"@type":"ImageObject","inLanguage":"de","@id":"https:\/\/www.exchange-data.com\/de\/produkt\/kontrakt-spezifikationen-fuer-futures-und-optionen\/#primaryimage","url":"https:\/\/www.exchange-data.com\/wp-content\/uploads\/2015\/09\/EDI-Post-Featured-Image-700x400-1.png","contentUrl":"https:\/\/www.exchange-data.com\/wp-content\/uploads\/2015\/09\/EDI-Post-Featured-Image-700x400-1.png","width":700,"height":400,"caption":"Exchange Data International"},{"@type":"BreadcrumbList","@id":"https:\/\/www.exchange-data.com\/de\/produkt\/kontrakt-spezifikationen-fuer-futures-und-optionen\/#breadcrumb","itemListElement":[{"@type":"ListItem","position":1,"name":"Home","item":"https:\/\/www.exchange-data.com\/de\/startseite\/"},{"@type":"ListItem","position":2,"name":"Kontrakt- Spezifikationen f\u00fcr Futures und Optionen"}]},{"@type":"WebSite","@id":"https:\/\/www.exchange-data.com\/de\/#website","url":"https:\/\/www.exchange-data.com\/de\/","name":"Exchange Data International","description":"Doing data differently","publisher":{"@id":"https:\/\/www.exchange-data.com\/de\/#organization"},"potentialAction":[{"@type":"SearchAction","target":{"@type":"EntryPoint","urlTemplate":"https:\/\/www.exchange-data.com\/de\/?s={search_term_string}"},"query-input":{"@type":"PropertyValueSpecification","valueRequired":true,"valueName":"search_term_string"}}],"inLanguage":"de"},{"@type":"Organization","@id":"https:\/\/www.exchange-data.com\/de\/#organization","name":"Exchange Data International","url":"https:\/\/www.exchange-data.com\/de\/","logo":{"@type":"ImageObject","inLanguage":"de","@id":"https:\/\/www.exchange-data.com\/de\/#\/schema\/logo\/image\/","url":"https:\/\/www.exchange-data.com\/wp-content\/uploads\/2019\/03\/logo3.png","contentUrl":"https:\/\/www.exchange-data.com\/wp-content\/uploads\/2019\/03\/logo3.png","width":200,"height":80,"caption":"Exchange Data International"},"image":{"@id":"https:\/\/www.exchange-data.com\/de\/#\/schema\/logo\/image\/"},"sameAs":["https:\/\/x.com\/ExchangeData","https:\/\/www.linkedin.com\/company\/exchange-data-international\/?viewAsMember=true","https:\/\/www.youtube.com\/channel\/UC5D1OpUb22YZANRLD_Ktcgg?view_as=subscriber"]}]}},"_links":{"self":[{"href":"https:\/\/www.exchange-data.com\/de\/wp-json\/wp\/v2\/product\/35767","targetHints":{"allow":["GET"]}}],"collection":[{"href":"https:\/\/www.exchange-data.com\/de\/wp-json\/wp\/v2\/product"}],"about":[{"href":"https:\/\/www.exchange-data.com\/de\/wp-json\/wp\/v2\/types\/product"}],"wp:featuredmedia":[{"embeddable":true,"href":"https:\/\/www.exchange-data.com\/de\/wp-json\/wp\/v2\/media\/34153"}],"wp:attachment":[{"href":"https:\/\/www.exchange-data.com\/de\/wp-json\/wp\/v2\/media?parent=35767"}],"wp:term":[{"taxonomy":"country","embeddable":true,"href":"https:\/\/www.exchange-data.com\/de\/wp-json\/wp\/v2\/country?post=35767"},{"taxonomy":"product_category","embeddable":true,"href":"https:\/\/www.exchange-data.com\/de\/wp-json\/wp\/v2\/product_category?post=35767"}],"curies":[{"name":"wp","href":"https:\/\/api.w.org\/{rel}","templated":true}]}}