{"id":35769,"date":"2019-01-29T17:43:51","date_gmt":"2019-01-29T16:43:51","guid":{"rendered":"https:\/\/www.exchange-data.com\/product\/globale-wirtschaftsindikatoren\/"},"modified":"2025-09-10T06:19:25","modified_gmt":"2025-09-10T05:19:25","slug":"globale-wirtschaftsindikatoren","status":"publish","type":"product","link":"https:\/\/www.exchange-data.com\/de\/produkt\/globale-wirtschaftsindikatoren\/","title":{"rendered":"Globale Wirtschafts-indikatoren"},"content":{"rendered":"<p>Die Global Economic Indicators (GEI) von Exchange Data International (EDI) bieten eine umfassende und verl\u00e4ssliche Quelle f\u00fcr makro\u00f6konomische Daten \u2013 ma\u00dfgeschneidert f\u00fcr Finanzinstitute, Analysten, Forscher und Dienstleister auf der Buy- und Sell-Side.<\/p>\n<p>Mit einer Abdeckung von \u00fcber 280 L\u00e4ndern und Regionen liefert EDI hochwertige Datens\u00e4tze, ausschlie\u00dflich bezogen von vertrauensw\u00fcrdigen offiziellen Institutionen wie Zentralbanken, Statistik\u00e4mtern, Finanzministerien, B\u00f6rsen, Branchenverb\u00e4nden sowie internationalen Organisationen wie dem IWF und der Weltbank.<\/p>\n<p>Ob f\u00fcr die Analyse globaler Trends oder regionaler M\u00e4rkte \u2013 EDI\u2019s GEI unterst\u00fctzen fundierte Entscheidungen mit datenbasierten Einblicken.<\/p>\n<h3>Abdeckung der Global Economic Indicators<\/h3>\n<p>Dieses globale Datenpaket richtet sich an Finanzinstitute, Forschende und Dienstleister, die auf verl\u00e4ssliche und verwertbare \u00f6konomische Informationen angewiesen sind.<\/p>\n<h4>Hauptmerkmale:<\/h4>\n<p>Umfangreiche Abdeckung: \u00dcber 230 Indikatoren in 17.025 Zeitreihen und Einheiten \u2013 nahezu jedes Land und jede Region weltweit wird erfasst.<br \/>\nHistorische Reichweite : Historische Daten f\u00fcr ausgew\u00e4hlte Indikatoren bis zur\u00fcck ins Jahr 1960 erm\u00f6glichen langfristige Trendanalysen.<br \/>\nVertrauensw\u00fcrdige Quellen: Daten stammen ausschlie\u00dflich von offiziellen Stellen \u2013 etwa Zentralbanken, Statistik\u00e4mtern, IWF, Weltbank und weiteren Regierungsbeh\u00f6rden.<br \/>\nErg\u00e4nzende Datens\u00e4tze: Zinsdaten und Rohstoffpreise f\u00fcr eine ganzheitliche makro\u00f6konomische Analyse.<br \/>\nT\u00e4gliche Aktualisierung: Die Daten werden montags bis freitags f\u00fcnfmal t\u00e4glich aktualisiert \u2013 f\u00fcr maximale Aktualit\u00e4t.<\/p>\n<h3>US-Wirtschaftsindikatoren im Fokus<\/h3>\n<p>EDI bietet zus\u00e4tzlich ein dediziertes Dataset f\u00fcr die US-Wirtschaft, ideal f\u00fcr Analysten, die sich auf die wirtschaftliche Entwicklung der Vereinigten Staaten konzentrieren. Diese Daten stammen von verl\u00e4sslichen Quellen wie dem Bureau of Labor Statistics, dem Bureau of Economic Analysis, der St. Louis Fed, der Energy Information Administration, dem Census Bureau, FRED und der New York Fed.<\/p>\n<h4>Zentrale Inhalte:<\/h4>\n<p>&#8211; Umfassende Abdeckung: Umfasst ein breites Spektrum an makro\u00f6konomischen Indikatoren, die f\u00fcr das Verst\u00e4ndnis der wirtschaftlichen Bedingungen in den USA unerl\u00e4sslich sind.<br \/>\nMakro\u00f6konomische Kennzahlen: Zinsen, monet\u00e4re Kennzahlen, Bank- und Kreditmarktindikatoren (13.000+ Zeitreihen)<br \/>\nArbeitsmarkt &amp; Bev\u00f6lkerung: Besch\u00e4ftigung, Einkommen, Produktivit\u00e4t, L\u00f6hne, Steuern<br \/>\nVolkswirtschaftliche Gesamtrechnungen: BIP, Investitionen, Sektoranalysen<br \/>\nPreisentwicklung: Verbraucher- und Produzentenpreise, Immobilienpreise, Kostenindizes<br \/>\nProduktion &amp; Unternehmensaktivit\u00e4t: Industrieproduktion, Einzelhandel, Dienstleistungssektor, Technologietrends, Verkehr<br \/>\nInternationale Vergleichsdaten: Weltweite Benchmarks erg\u00e4nzen die US-spezifischen Einblicke<br \/>\nDatenaktualit\u00e4t: T\u00e4gliche Updates (Mo\u2013Fr) sichern den Zugang zu den neuesten Wirtschaftskennzahlen<\/p>\n<p>Dieses Dataset ist ideal f\u00fcr Fachleute, die sich auf US-M\u00e4rkte fokussieren, und erg\u00e4nzt EDI&#8217;s Angebot an Globalen Wirtschaftsindikatoren um detaillierte US-spezifische Analysen.<\/p>\n","protected":false},"featured_media":34153,"template":"","country":[],"product_category":[3167,3168],"class_list":["post-35769","product","type-product","status-publish","has-post-thumbnail","hentry","product_category-produkte-und-services","product_category-economic-data-edi-de"],"acf":[],"yoast_head":"<!-- This site is optimized with the Yoast SEO Premium plugin v26.0 (Yoast SEO v26.0) - https:\/\/yoast.com\/wordpress\/plugins\/seo\/ -->\n<title>Globale Wirtschafts-indikatoren | Exchange Data International<\/title>\n<meta name=\"description\" content=\"Zugriff auf \u00fcber 230 globale Wirtschaftsindikatoren \u2013 inklusive historischer Daten, t\u00e4glicher Updates und verl\u00e4sslicher Quellen. Erg\u00e4nzt durch detaillierte US-Wirtschaftsdaten.\" \/>\n<meta name=\"robots\" content=\"index, follow, max-snippet:-1, max-image-preview:large, max-video-preview:-1\" \/>\n<link rel=\"canonical\" href=\"https:\/\/www.exchange-data.com\/de\/produkt\/globale-wirtschaftsindikatoren\/\" \/>\n<meta property=\"og:locale\" content=\"de_DE\" \/>\n<meta property=\"og:type\" content=\"article\" \/>\n<meta property=\"og:title\" content=\"Dienst f\u00fcr Wirtschaftsindikatoren\" \/>\n<meta property=\"og:description\" content=\"Der Economic Indicator Service (EIS) zielt darauf ab, Finanzinstituten auf der Kauf- und Verkaufsseite sowie Dienstleistern wirtschaftliche Inhalte zu liefern. Dieser neue Dienst umfasst derzeit 32.500 wiederkehrende makro\u00f6konomische Indikatoren aus 132 L\u00e4ndern (Stand: 16. Dezember 2019) wie BIP-Daten, Arbeitslosenmeldungen, PMI-Zahlen usw. mit historischen Daten.\" \/>\n<meta property=\"og:url\" content=\"https:\/\/www.exchange-data.com\/de\/produkt\/globale-wirtschaftsindikatoren\/\" \/>\n<meta property=\"og:site_name\" content=\"Exchange Data International\" \/>\n<meta property=\"article:modified_time\" content=\"2025-09-10T05:19:25+00:00\" \/>\n<meta property=\"og:image\" content=\"https:\/\/www.exchange-data.com\/wp-content\/uploads\/2015\/09\/EDI-Post-Featured-Image-700x400-1.png\" \/>\n<meta name=\"twitter:card\" content=\"summary_large_image\" \/>\n<meta name=\"twitter:title\" content=\"Dienst f\u00fcr Wirtschaftsindikatoren\" \/>\n<meta name=\"twitter:description\" content=\"Der Economic Indicator Service (EIS) zielt darauf ab, Finanzinstituten auf der Kauf- und Verkaufsseite sowie Dienstleistern wirtschaftliche Inhalte zu liefern. Dieser neue Dienst umfasst derzeit 32.500 wiederkehrende makro\u00f6konomische Indikatoren aus 132 L\u00e4ndern (Stand: 16. Dezember 2019) wie BIP-Daten, Arbeitslosenmeldungen, PMI-Zahlen usw. mit historischen Daten.\" \/>\n<meta name=\"twitter:image\" content=\"https:\/\/www.exchange-data.com\/wp-content\/uploads\/2015\/09\/EDI-Post-Featured-Image-700x400-1.png\" \/>\n<meta name=\"twitter:site\" content=\"@ExchangeData\" \/>\n<meta name=\"twitter:label1\" content=\"Gesch\u00e4tzte Lesezeit\" \/>\n\t<meta name=\"twitter:data1\" content=\"2\u00a0Minuten\" \/>\n<script type=\"application\/ld+json\" class=\"yoast-schema-graph\">{\"@context\":\"https:\/\/schema.org\",\"@graph\":[{\"@type\":\"WebPage\",\"@id\":\"https:\/\/www.exchange-data.com\/de\/produkt\/globale-wirtschaftsindikatoren\/\",\"url\":\"https:\/\/www.exchange-data.com\/de\/produkt\/globale-wirtschaftsindikatoren\/\",\"name\":\"Globale Wirtschafts-indikatoren | Exchange Data International\",\"isPartOf\":{\"@id\":\"https:\/\/www.exchange-data.com\/de\/#website\"},\"primaryImageOfPage\":{\"@id\":\"https:\/\/www.exchange-data.com\/de\/produkt\/globale-wirtschaftsindikatoren\/#primaryimage\"},\"image\":{\"@id\":\"https:\/\/www.exchange-data.com\/de\/produkt\/globale-wirtschaftsindikatoren\/#primaryimage\"},\"thumbnailUrl\":\"https:\/\/www.exchange-data.com\/wp-content\/uploads\/2015\/09\/EDI-Post-Featured-Image-700x400-1.png\",\"datePublished\":\"2019-01-29T16:43:51+00:00\",\"dateModified\":\"2025-09-10T05:19:25+00:00\",\"description\":\"Zugriff auf \u00fcber 230 globale Wirtschaftsindikatoren \u2013 inklusive historischer Daten, t\u00e4glicher Updates und verl\u00e4sslicher Quellen. Erg\u00e4nzt durch detaillierte US-Wirtschaftsdaten.\",\"breadcrumb\":{\"@id\":\"https:\/\/www.exchange-data.com\/de\/produkt\/globale-wirtschaftsindikatoren\/#breadcrumb\"},\"inLanguage\":\"de\",\"potentialAction\":[{\"@type\":\"ReadAction\",\"target\":[\"https:\/\/www.exchange-data.com\/de\/produkt\/globale-wirtschaftsindikatoren\/\"]}]},{\"@type\":\"ImageObject\",\"inLanguage\":\"de\",\"@id\":\"https:\/\/www.exchange-data.com\/de\/produkt\/globale-wirtschaftsindikatoren\/#primaryimage\",\"url\":\"https:\/\/www.exchange-data.com\/wp-content\/uploads\/2015\/09\/EDI-Post-Featured-Image-700x400-1.png\",\"contentUrl\":\"https:\/\/www.exchange-data.com\/wp-content\/uploads\/2015\/09\/EDI-Post-Featured-Image-700x400-1.png\",\"width\":700,\"height\":400,\"caption\":\"Exchange Data International\"},{\"@type\":\"BreadcrumbList\",\"@id\":\"https:\/\/www.exchange-data.com\/de\/produkt\/globale-wirtschaftsindikatoren\/#breadcrumb\",\"itemListElement\":[{\"@type\":\"ListItem\",\"position\":1,\"name\":\"Home\",\"item\":\"https:\/\/www.exchange-data.com\/de\/startseite\/\"},{\"@type\":\"ListItem\",\"position\":2,\"name\":\"Globale Wirtschafts-indikatoren\"}]},{\"@type\":\"WebSite\",\"@id\":\"https:\/\/www.exchange-data.com\/de\/#website\",\"url\":\"https:\/\/www.exchange-data.com\/de\/\",\"name\":\"Exchange Data International\",\"description\":\"Doing data differently\",\"publisher\":{\"@id\":\"https:\/\/www.exchange-data.com\/de\/#organization\"},\"potentialAction\":[{\"@type\":\"SearchAction\",\"target\":{\"@type\":\"EntryPoint\",\"urlTemplate\":\"https:\/\/www.exchange-data.com\/de\/?s={search_term_string}\"},\"query-input\":{\"@type\":\"PropertyValueSpecification\",\"valueRequired\":true,\"valueName\":\"search_term_string\"}}],\"inLanguage\":\"de\"},{\"@type\":\"Organization\",\"@id\":\"https:\/\/www.exchange-data.com\/de\/#organization\",\"name\":\"Exchange Data International\",\"url\":\"https:\/\/www.exchange-data.com\/de\/\",\"logo\":{\"@type\":\"ImageObject\",\"inLanguage\":\"de\",\"@id\":\"https:\/\/www.exchange-data.com\/de\/#\/schema\/logo\/image\/\",\"url\":\"https:\/\/www.exchange-data.com\/wp-content\/uploads\/2019\/03\/logo3.png\",\"contentUrl\":\"https:\/\/www.exchange-data.com\/wp-content\/uploads\/2019\/03\/logo3.png\",\"width\":200,\"height\":80,\"caption\":\"Exchange Data International\"},\"image\":{\"@id\":\"https:\/\/www.exchange-data.com\/de\/#\/schema\/logo\/image\/\"},\"sameAs\":[\"https:\/\/x.com\/ExchangeData\",\"https:\/\/www.linkedin.com\/company\/exchange-data-international\/?viewAsMember=true\",\"https:\/\/www.youtube.com\/channel\/UC5D1OpUb22YZANRLD_Ktcgg?view_as=subscriber\"]}]}<\/script>\n<!-- \/ Yoast SEO Premium plugin. -->","yoast_head_json":{"title":"Globale Wirtschafts-indikatoren | Exchange Data International","description":"Zugriff auf \u00fcber 230 globale Wirtschaftsindikatoren \u2013 inklusive historischer Daten, t\u00e4glicher Updates und verl\u00e4sslicher Quellen. Erg\u00e4nzt durch detaillierte US-Wirtschaftsdaten.","robots":{"index":"index","follow":"follow","max-snippet":"max-snippet:-1","max-image-preview":"max-image-preview:large","max-video-preview":"max-video-preview:-1"},"canonical":"https:\/\/www.exchange-data.com\/de\/produkt\/globale-wirtschaftsindikatoren\/","og_locale":"de_DE","og_type":"article","og_title":"Dienst f\u00fcr Wirtschaftsindikatoren","og_description":"Der Economic Indicator Service (EIS) zielt darauf ab, Finanzinstituten auf der Kauf- und Verkaufsseite sowie Dienstleistern wirtschaftliche Inhalte zu liefern. Dieser neue Dienst umfasst derzeit 32.500 wiederkehrende makro\u00f6konomische Indikatoren aus 132 L\u00e4ndern (Stand: 16. Dezember 2019) wie BIP-Daten, Arbeitslosenmeldungen, PMI-Zahlen usw. mit historischen Daten.","og_url":"https:\/\/www.exchange-data.com\/de\/produkt\/globale-wirtschaftsindikatoren\/","og_site_name":"Exchange Data International","article_modified_time":"2025-09-10T05:19:25+00:00","og_image":[{"url":"https:\/\/www.exchange-data.com\/wp-content\/uploads\/2015\/09\/EDI-Post-Featured-Image-700x400-1.png","type":"","width":"","height":""}],"twitter_card":"summary_large_image","twitter_title":"Dienst f\u00fcr Wirtschaftsindikatoren","twitter_description":"Der Economic Indicator Service (EIS) zielt darauf ab, Finanzinstituten auf der Kauf- und Verkaufsseite sowie Dienstleistern wirtschaftliche Inhalte zu liefern. Dieser neue Dienst umfasst derzeit 32.500 wiederkehrende makro\u00f6konomische Indikatoren aus 132 L\u00e4ndern (Stand: 16. Dezember 2019) wie BIP-Daten, Arbeitslosenmeldungen, PMI-Zahlen usw. mit historischen Daten.","twitter_image":"https:\/\/www.exchange-data.com\/wp-content\/uploads\/2015\/09\/EDI-Post-Featured-Image-700x400-1.png","twitter_site":"@ExchangeData","twitter_misc":{"Gesch\u00e4tzte Lesezeit":"2\u00a0Minuten"},"schema":{"@context":"https:\/\/schema.org","@graph":[{"@type":"WebPage","@id":"https:\/\/www.exchange-data.com\/de\/produkt\/globale-wirtschaftsindikatoren\/","url":"https:\/\/www.exchange-data.com\/de\/produkt\/globale-wirtschaftsindikatoren\/","name":"Globale Wirtschafts-indikatoren | Exchange Data International","isPartOf":{"@id":"https:\/\/www.exchange-data.com\/de\/#website"},"primaryImageOfPage":{"@id":"https:\/\/www.exchange-data.com\/de\/produkt\/globale-wirtschaftsindikatoren\/#primaryimage"},"image":{"@id":"https:\/\/www.exchange-data.com\/de\/produkt\/globale-wirtschaftsindikatoren\/#primaryimage"},"thumbnailUrl":"https:\/\/www.exchange-data.com\/wp-content\/uploads\/2015\/09\/EDI-Post-Featured-Image-700x400-1.png","datePublished":"2019-01-29T16:43:51+00:00","dateModified":"2025-09-10T05:19:25+00:00","description":"Zugriff auf \u00fcber 230 globale Wirtschaftsindikatoren \u2013 inklusive historischer Daten, t\u00e4glicher Updates und verl\u00e4sslicher Quellen. Erg\u00e4nzt durch detaillierte US-Wirtschaftsdaten.","breadcrumb":{"@id":"https:\/\/www.exchange-data.com\/de\/produkt\/globale-wirtschaftsindikatoren\/#breadcrumb"},"inLanguage":"de","potentialAction":[{"@type":"ReadAction","target":["https:\/\/www.exchange-data.com\/de\/produkt\/globale-wirtschaftsindikatoren\/"]}]},{"@type":"ImageObject","inLanguage":"de","@id":"https:\/\/www.exchange-data.com\/de\/produkt\/globale-wirtschaftsindikatoren\/#primaryimage","url":"https:\/\/www.exchange-data.com\/wp-content\/uploads\/2015\/09\/EDI-Post-Featured-Image-700x400-1.png","contentUrl":"https:\/\/www.exchange-data.com\/wp-content\/uploads\/2015\/09\/EDI-Post-Featured-Image-700x400-1.png","width":700,"height":400,"caption":"Exchange Data International"},{"@type":"BreadcrumbList","@id":"https:\/\/www.exchange-data.com\/de\/produkt\/globale-wirtschaftsindikatoren\/#breadcrumb","itemListElement":[{"@type":"ListItem","position":1,"name":"Home","item":"https:\/\/www.exchange-data.com\/de\/startseite\/"},{"@type":"ListItem","position":2,"name":"Globale Wirtschafts-indikatoren"}]},{"@type":"WebSite","@id":"https:\/\/www.exchange-data.com\/de\/#website","url":"https:\/\/www.exchange-data.com\/de\/","name":"Exchange Data International","description":"Doing data differently","publisher":{"@id":"https:\/\/www.exchange-data.com\/de\/#organization"},"potentialAction":[{"@type":"SearchAction","target":{"@type":"EntryPoint","urlTemplate":"https:\/\/www.exchange-data.com\/de\/?s={search_term_string}"},"query-input":{"@type":"PropertyValueSpecification","valueRequired":true,"valueName":"search_term_string"}}],"inLanguage":"de"},{"@type":"Organization","@id":"https:\/\/www.exchange-data.com\/de\/#organization","name":"Exchange Data International","url":"https:\/\/www.exchange-data.com\/de\/","logo":{"@type":"ImageObject","inLanguage":"de","@id":"https:\/\/www.exchange-data.com\/de\/#\/schema\/logo\/image\/","url":"https:\/\/www.exchange-data.com\/wp-content\/uploads\/2019\/03\/logo3.png","contentUrl":"https:\/\/www.exchange-data.com\/wp-content\/uploads\/2019\/03\/logo3.png","width":200,"height":80,"caption":"Exchange Data International"},"image":{"@id":"https:\/\/www.exchange-data.com\/de\/#\/schema\/logo\/image\/"},"sameAs":["https:\/\/x.com\/ExchangeData","https:\/\/www.linkedin.com\/company\/exchange-data-international\/?viewAsMember=true","https:\/\/www.youtube.com\/channel\/UC5D1OpUb22YZANRLD_Ktcgg?view_as=subscriber"]}]}},"_links":{"self":[{"href":"https:\/\/www.exchange-data.com\/de\/wp-json\/wp\/v2\/product\/35769","targetHints":{"allow":["GET"]}}],"collection":[{"href":"https:\/\/www.exchange-data.com\/de\/wp-json\/wp\/v2\/product"}],"about":[{"href":"https:\/\/www.exchange-data.com\/de\/wp-json\/wp\/v2\/types\/product"}],"wp:featuredmedia":[{"embeddable":true,"href":"https:\/\/www.exchange-data.com\/de\/wp-json\/wp\/v2\/media\/34153"}],"wp:attachment":[{"href":"https:\/\/www.exchange-data.com\/de\/wp-json\/wp\/v2\/media?parent=35769"}],"wp:term":[{"taxonomy":"country","embeddable":true,"href":"https:\/\/www.exchange-data.com\/de\/wp-json\/wp\/v2\/country?post=35769"},{"taxonomy":"product_category","embeddable":true,"href":"https:\/\/www.exchange-data.com\/de\/wp-json\/wp\/v2\/product_category?post=35769"}],"curies":[{"name":"wp","href":"https:\/\/api.w.org\/{rel}","templated":true}]}}