{"id":35770,"date":"2019-01-29T17:40:41","date_gmt":"2019-01-29T16:40:41","guid":{"rendered":"https:\/\/www.exchange-data.com\/product\/weiteres-oeffentliches-angebot-fpo\/"},"modified":"2025-08-12T08:31:41","modified_gmt":"2025-08-12T07:31:41","slug":"weiteres-oeffentliches-angebot-fpo","status":"publish","type":"product","link":"https:\/\/www.exchange-data.com\/de\/produkt\/weiteres-oeffentliches-angebot-fpo\/","title":{"rendered":"Weitere \u00f6ffentliche Aktienangebote (FPO)"},"content":{"rendered":"<p align=\"Justify\"><span style=\"font-weight: 400;\">Pr\u00fcfen Sie, ob ein Zielunternehmen ein weiteres \u00f6ffentliches Aktienangebot (FPO) wie eine Sekund\u00e4rplatzierung oder Aktienemission angek\u00fcndigt hat \u2013 und nutzen Sie diese Information, um die Auswirkungen auf die Verw\u00e4sserung bestehender Beteiligungen zu verfolgen.<\/p>\n<p><\/span><\/p>\n<h4>Kunden erhalten Zugriff auf FPO-Ank\u00fcndigungen, die in vier Phasen erfasst werden:<\/h4>\n<ul>\n<li><b>New<\/b>: Das FPO wurde angek\u00fcndigt, ist aber noch nicht wirksam.<\/li>\n<li><b>Postponed:<\/b> Das FPO wurde vor\u00fcbergehend ausgesetzt.<\/li>\n<li><b>Closed:<\/b> Das FPO wurde vollst\u00e4ndig durchgef\u00fchrt.<\/li>\n<li><b>Withdrawn:<\/b> Das FPO wurde dauerhaft gestoppt \u2013 durch Entscheidung des Unternehmens oder einer Aufsichtsbeh\u00f6rde.<\/li>\n<\/ul>\n<h4>Ausstehende Aktien<\/h4>\n<p><span style=\"font-weight: 400;\">Sobald ein FPO wirksam wird, wird eine aktualisierte Angabe zur Anzahl der ausstehenden Aktien ver\u00f6ffentlicht \u2013 mit dem vorherigen und neuen Bestand, entsprechend der zus\u00e4tzlichen im Rahmen des Angebots ausgegebenen Wertpapiere.<\/span><\/p>\n","protected":false},"featured_media":34153,"template":"","country":[2035,1933,2106,2031,2027,2039,1951,1952,1919,1964,2036,1983,1916,1917,1961,1957,1958,2074,2052,2020,2028,2070,2176,2069,2018,1858,2065,1860,2062,1855,1854,1909,2049,1970,2092,2093,1878,1877,1930,2076,1987,1913,1906,2019,1932,1856,2200,1900,2066,1888,1939,1857,1901,1922,2048,2075,1963,1929,1962,2104,2105,1995,2331,2089,1986,1918,2063,1910,1984,1990,1969,1887,2032,1859],"product_category":[3191,3167],"class_list":["post-35770","product","type-product","status-publish","has-post-thumbnail","hentry","product_category-equity-corporate-actions","product_category-produkte-und-services"],"acf":[],"yoast_head":"<!-- This site is optimized with the Yoast SEO Premium plugin v26.0 (Yoast SEO v26.0) - https:\/\/yoast.com\/wordpress\/plugins\/seo\/ -->\n<title>Weitere \u00f6ffentliche Aktienangebote (FPO) | Exchange Data International<\/title>\n<meta name=\"description\" content=\"Behalten Sie FPO-Daten im Blick \u2013 von Ank\u00fcndigung bis Abschluss \u2013 und analysieren Sie deren Einfluss auf die ausstehenden Aktien und Beteiligungsstruktur.\" \/>\n<meta name=\"robots\" content=\"index, follow, max-snippet:-1, max-image-preview:large, max-video-preview:-1\" \/>\n<link rel=\"canonical\" href=\"https:\/\/www.exchange-data.com\/de\/produkt\/weiteres-oeffentliches-angebot-fpo\/\" \/>\n<meta property=\"og:locale\" content=\"de_DE\" \/>\n<meta property=\"og:type\" content=\"article\" \/>\n<meta property=\"og:title\" content=\"Weiteres \u00f6ffentliches Angebot (FPO)\" \/>\n<meta property=\"og:description\" content=\"Untersuchen Sie, ob ein Zielunternehmen ein weiteres \u00f6ffentliches Angebot angek\u00fcndigt hat, z. B. ein Sekund\u00e4rangebot oder eine Aktienplatzierung, und nutzen Sie diese Informationen, um die Auswirkungen der Verw\u00e4sserung auf den Anteilsbesitz zu verfolgen. Der Kunde kann auf FPO-Daten zugreifen, die in vier Stadien erfasst werden: Neu - zeigt an, dass das FPO angek\u00fcndigt wurde, aber noch nicht in Kraft getreten ist, Verschoben - zeigt an, dass das FPO vor\u00fcbergehend ausgesetzt wurde, Geschlossen - zeigt an, dass das FPO nun abgeschlossen ist, Zur\u00fcckgezogen - zeigt an, dass das FPO aufgrund der Entscheidung des Unternehmens oder der Aufsichtsbeh\u00f6rde dauerhaft eingestellt wurde.\" \/>\n<meta property=\"og:url\" content=\"https:\/\/www.exchange-data.com\/de\/produkt\/weiteres-oeffentliches-angebot-fpo\/\" \/>\n<meta property=\"og:site_name\" content=\"Exchange Data International\" \/>\n<meta property=\"article:modified_time\" content=\"2025-08-12T07:31:41+00:00\" \/>\n<meta property=\"og:image\" content=\"https:\/\/www.exchange-data.com\/wp-content\/uploads\/2015\/09\/EDI-Post-Featured-Image-700x400-1.png\" \/>\n<meta name=\"twitter:card\" content=\"summary_large_image\" \/>\n<meta name=\"twitter:title\" content=\"Weiteres \u00f6ffentliches Angebot (FPO)\" \/>\n<meta name=\"twitter:description\" content=\"Untersuchen Sie, ob ein Zielunternehmen ein weiteres \u00f6ffentliches Angebot angek\u00fcndigt hat, z. B. ein Sekund\u00e4rangebot oder eine Aktienplatzierung, und nutzen Sie diese Informationen, um die Auswirkungen der Verw\u00e4sserung auf den Anteilsbesitz zu verfolgen. Der Kunde kann auf FPO-Daten zugreifen, die in vier Stadien erfasst werden: Neu - zeigt an, dass das FPO angek\u00fcndigt wurde, aber noch nicht in Kraft getreten ist, Verschoben - zeigt an, dass das FPO vor\u00fcbergehend ausgesetzt wurde, Geschlossen - zeigt an, dass das FPO nun abgeschlossen ist, Zur\u00fcckgezogen - zeigt an, dass das FPO aufgrund der Entscheidung des Unternehmens oder der Aufsichtsbeh\u00f6rde dauerhaft eingestellt wurde.\" \/>\n<meta name=\"twitter:image\" content=\"https:\/\/www.exchange-data.com\/wp-content\/uploads\/2015\/09\/EDI-Post-Featured-Image-700x400-1.png\" \/>\n<meta name=\"twitter:site\" content=\"@ExchangeData\" \/>\n<meta name=\"twitter:label1\" content=\"Gesch\u00e4tzte Lesezeit\" \/>\n\t<meta name=\"twitter:data1\" content=\"1\u00a0Minute\" \/>\n<script type=\"application\/ld+json\" class=\"yoast-schema-graph\">{\"@context\":\"https:\/\/schema.org\",\"@graph\":[{\"@type\":\"WebPage\",\"@id\":\"https:\/\/www.exchange-data.com\/de\/produkt\/weiteres-oeffentliches-angebot-fpo\/\",\"url\":\"https:\/\/www.exchange-data.com\/de\/produkt\/weiteres-oeffentliches-angebot-fpo\/\",\"name\":\"Weitere \u00f6ffentliche Aktienangebote (FPO) | Exchange Data International\",\"isPartOf\":{\"@id\":\"https:\/\/www.exchange-data.com\/de\/#website\"},\"primaryImageOfPage\":{\"@id\":\"https:\/\/www.exchange-data.com\/de\/produkt\/weiteres-oeffentliches-angebot-fpo\/#primaryimage\"},\"image\":{\"@id\":\"https:\/\/www.exchange-data.com\/de\/produkt\/weiteres-oeffentliches-angebot-fpo\/#primaryimage\"},\"thumbnailUrl\":\"https:\/\/www.exchange-data.com\/wp-content\/uploads\/2015\/09\/EDI-Post-Featured-Image-700x400-1.png\",\"datePublished\":\"2019-01-29T16:40:41+00:00\",\"dateModified\":\"2025-08-12T07:31:41+00:00\",\"description\":\"Behalten Sie FPO-Daten im Blick \u2013 von Ank\u00fcndigung bis Abschluss \u2013 und analysieren Sie deren Einfluss auf die ausstehenden Aktien und Beteiligungsstruktur.\",\"breadcrumb\":{\"@id\":\"https:\/\/www.exchange-data.com\/de\/produkt\/weiteres-oeffentliches-angebot-fpo\/#breadcrumb\"},\"inLanguage\":\"de\",\"potentialAction\":[{\"@type\":\"ReadAction\",\"target\":[\"https:\/\/www.exchange-data.com\/de\/produkt\/weiteres-oeffentliches-angebot-fpo\/\"]}]},{\"@type\":\"ImageObject\",\"inLanguage\":\"de\",\"@id\":\"https:\/\/www.exchange-data.com\/de\/produkt\/weiteres-oeffentliches-angebot-fpo\/#primaryimage\",\"url\":\"https:\/\/www.exchange-data.com\/wp-content\/uploads\/2015\/09\/EDI-Post-Featured-Image-700x400-1.png\",\"contentUrl\":\"https:\/\/www.exchange-data.com\/wp-content\/uploads\/2015\/09\/EDI-Post-Featured-Image-700x400-1.png\",\"width\":700,\"height\":400,\"caption\":\"Exchange Data International\"},{\"@type\":\"BreadcrumbList\",\"@id\":\"https:\/\/www.exchange-data.com\/de\/produkt\/weiteres-oeffentliches-angebot-fpo\/#breadcrumb\",\"itemListElement\":[{\"@type\":\"ListItem\",\"position\":1,\"name\":\"Home\",\"item\":\"https:\/\/www.exchange-data.com\/de\/startseite\/\"},{\"@type\":\"ListItem\",\"position\":2,\"name\":\"Weitere \u00f6ffentliche Aktienangebote (FPO)\"}]},{\"@type\":\"WebSite\",\"@id\":\"https:\/\/www.exchange-data.com\/de\/#website\",\"url\":\"https:\/\/www.exchange-data.com\/de\/\",\"name\":\"Exchange Data International\",\"description\":\"Doing data differently\",\"publisher\":{\"@id\":\"https:\/\/www.exchange-data.com\/de\/#organization\"},\"potentialAction\":[{\"@type\":\"SearchAction\",\"target\":{\"@type\":\"EntryPoint\",\"urlTemplate\":\"https:\/\/www.exchange-data.com\/de\/?s={search_term_string}\"},\"query-input\":{\"@type\":\"PropertyValueSpecification\",\"valueRequired\":true,\"valueName\":\"search_term_string\"}}],\"inLanguage\":\"de\"},{\"@type\":\"Organization\",\"@id\":\"https:\/\/www.exchange-data.com\/de\/#organization\",\"name\":\"Exchange Data International\",\"url\":\"https:\/\/www.exchange-data.com\/de\/\",\"logo\":{\"@type\":\"ImageObject\",\"inLanguage\":\"de\",\"@id\":\"https:\/\/www.exchange-data.com\/de\/#\/schema\/logo\/image\/\",\"url\":\"https:\/\/www.exchange-data.com\/wp-content\/uploads\/2019\/03\/logo3.png\",\"contentUrl\":\"https:\/\/www.exchange-data.com\/wp-content\/uploads\/2019\/03\/logo3.png\",\"width\":200,\"height\":80,\"caption\":\"Exchange Data International\"},\"image\":{\"@id\":\"https:\/\/www.exchange-data.com\/de\/#\/schema\/logo\/image\/\"},\"sameAs\":[\"https:\/\/x.com\/ExchangeData\",\"https:\/\/www.linkedin.com\/company\/exchange-data-international\/?viewAsMember=true\",\"https:\/\/www.youtube.com\/channel\/UC5D1OpUb22YZANRLD_Ktcgg?view_as=subscriber\"]}]}<\/script>\n<!-- \/ Yoast SEO Premium plugin. -->","yoast_head_json":{"title":"Weitere \u00f6ffentliche Aktienangebote (FPO) | Exchange Data International","description":"Behalten Sie FPO-Daten im Blick \u2013 von Ank\u00fcndigung bis Abschluss \u2013 und analysieren Sie deren Einfluss auf die ausstehenden Aktien und Beteiligungsstruktur.","robots":{"index":"index","follow":"follow","max-snippet":"max-snippet:-1","max-image-preview":"max-image-preview:large","max-video-preview":"max-video-preview:-1"},"canonical":"https:\/\/www.exchange-data.com\/de\/produkt\/weiteres-oeffentliches-angebot-fpo\/","og_locale":"de_DE","og_type":"article","og_title":"Weiteres \u00f6ffentliches Angebot (FPO)","og_description":"Untersuchen Sie, ob ein Zielunternehmen ein weiteres \u00f6ffentliches Angebot angek\u00fcndigt hat, z. B. ein Sekund\u00e4rangebot oder eine Aktienplatzierung, und nutzen Sie diese Informationen, um die Auswirkungen der Verw\u00e4sserung auf den Anteilsbesitz zu verfolgen. Der Kunde kann auf FPO-Daten zugreifen, die in vier Stadien erfasst werden: Neu - zeigt an, dass das FPO angek\u00fcndigt wurde, aber noch nicht in Kraft getreten ist, Verschoben - zeigt an, dass das FPO vor\u00fcbergehend ausgesetzt wurde, Geschlossen - zeigt an, dass das FPO nun abgeschlossen ist, Zur\u00fcckgezogen - zeigt an, dass das FPO aufgrund der Entscheidung des Unternehmens oder der Aufsichtsbeh\u00f6rde dauerhaft eingestellt wurde.","og_url":"https:\/\/www.exchange-data.com\/de\/produkt\/weiteres-oeffentliches-angebot-fpo\/","og_site_name":"Exchange Data International","article_modified_time":"2025-08-12T07:31:41+00:00","og_image":[{"url":"https:\/\/www.exchange-data.com\/wp-content\/uploads\/2015\/09\/EDI-Post-Featured-Image-700x400-1.png","type":"","width":"","height":""}],"twitter_card":"summary_large_image","twitter_title":"Weiteres \u00f6ffentliches Angebot (FPO)","twitter_description":"Untersuchen Sie, ob ein Zielunternehmen ein weiteres \u00f6ffentliches Angebot angek\u00fcndigt hat, z. B. ein Sekund\u00e4rangebot oder eine Aktienplatzierung, und nutzen Sie diese Informationen, um die Auswirkungen der Verw\u00e4sserung auf den Anteilsbesitz zu verfolgen. Der Kunde kann auf FPO-Daten zugreifen, die in vier Stadien erfasst werden: Neu - zeigt an, dass das FPO angek\u00fcndigt wurde, aber noch nicht in Kraft getreten ist, Verschoben - zeigt an, dass das FPO vor\u00fcbergehend ausgesetzt wurde, Geschlossen - zeigt an, dass das FPO nun abgeschlossen ist, Zur\u00fcckgezogen - zeigt an, dass das FPO aufgrund der Entscheidung des Unternehmens oder der Aufsichtsbeh\u00f6rde dauerhaft eingestellt wurde.","twitter_image":"https:\/\/www.exchange-data.com\/wp-content\/uploads\/2015\/09\/EDI-Post-Featured-Image-700x400-1.png","twitter_site":"@ExchangeData","twitter_misc":{"Gesch\u00e4tzte Lesezeit":"1\u00a0Minute"},"schema":{"@context":"https:\/\/schema.org","@graph":[{"@type":"WebPage","@id":"https:\/\/www.exchange-data.com\/de\/produkt\/weiteres-oeffentliches-angebot-fpo\/","url":"https:\/\/www.exchange-data.com\/de\/produkt\/weiteres-oeffentliches-angebot-fpo\/","name":"Weitere \u00f6ffentliche Aktienangebote (FPO) | Exchange Data International","isPartOf":{"@id":"https:\/\/www.exchange-data.com\/de\/#website"},"primaryImageOfPage":{"@id":"https:\/\/www.exchange-data.com\/de\/produkt\/weiteres-oeffentliches-angebot-fpo\/#primaryimage"},"image":{"@id":"https:\/\/www.exchange-data.com\/de\/produkt\/weiteres-oeffentliches-angebot-fpo\/#primaryimage"},"thumbnailUrl":"https:\/\/www.exchange-data.com\/wp-content\/uploads\/2015\/09\/EDI-Post-Featured-Image-700x400-1.png","datePublished":"2019-01-29T16:40:41+00:00","dateModified":"2025-08-12T07:31:41+00:00","description":"Behalten Sie FPO-Daten im Blick \u2013 von Ank\u00fcndigung bis Abschluss \u2013 und analysieren Sie deren Einfluss auf die ausstehenden Aktien und Beteiligungsstruktur.","breadcrumb":{"@id":"https:\/\/www.exchange-data.com\/de\/produkt\/weiteres-oeffentliches-angebot-fpo\/#breadcrumb"},"inLanguage":"de","potentialAction":[{"@type":"ReadAction","target":["https:\/\/www.exchange-data.com\/de\/produkt\/weiteres-oeffentliches-angebot-fpo\/"]}]},{"@type":"ImageObject","inLanguage":"de","@id":"https:\/\/www.exchange-data.com\/de\/produkt\/weiteres-oeffentliches-angebot-fpo\/#primaryimage","url":"https:\/\/www.exchange-data.com\/wp-content\/uploads\/2015\/09\/EDI-Post-Featured-Image-700x400-1.png","contentUrl":"https:\/\/www.exchange-data.com\/wp-content\/uploads\/2015\/09\/EDI-Post-Featured-Image-700x400-1.png","width":700,"height":400,"caption":"Exchange Data International"},{"@type":"BreadcrumbList","@id":"https:\/\/www.exchange-data.com\/de\/produkt\/weiteres-oeffentliches-angebot-fpo\/#breadcrumb","itemListElement":[{"@type":"ListItem","position":1,"name":"Home","item":"https:\/\/www.exchange-data.com\/de\/startseite\/"},{"@type":"ListItem","position":2,"name":"Weitere \u00f6ffentliche Aktienangebote (FPO)"}]},{"@type":"WebSite","@id":"https:\/\/www.exchange-data.com\/de\/#website","url":"https:\/\/www.exchange-data.com\/de\/","name":"Exchange Data International","description":"Doing data differently","publisher":{"@id":"https:\/\/www.exchange-data.com\/de\/#organization"},"potentialAction":[{"@type":"SearchAction","target":{"@type":"EntryPoint","urlTemplate":"https:\/\/www.exchange-data.com\/de\/?s={search_term_string}"},"query-input":{"@type":"PropertyValueSpecification","valueRequired":true,"valueName":"search_term_string"}}],"inLanguage":"de"},{"@type":"Organization","@id":"https:\/\/www.exchange-data.com\/de\/#organization","name":"Exchange Data International","url":"https:\/\/www.exchange-data.com\/de\/","logo":{"@type":"ImageObject","inLanguage":"de","@id":"https:\/\/www.exchange-data.com\/de\/#\/schema\/logo\/image\/","url":"https:\/\/www.exchange-data.com\/wp-content\/uploads\/2019\/03\/logo3.png","contentUrl":"https:\/\/www.exchange-data.com\/wp-content\/uploads\/2019\/03\/logo3.png","width":200,"height":80,"caption":"Exchange Data International"},"image":{"@id":"https:\/\/www.exchange-data.com\/de\/#\/schema\/logo\/image\/"},"sameAs":["https:\/\/x.com\/ExchangeData","https:\/\/www.linkedin.com\/company\/exchange-data-international\/?viewAsMember=true","https:\/\/www.youtube.com\/channel\/UC5D1OpUb22YZANRLD_Ktcgg?view_as=subscriber"]}]}},"_links":{"self":[{"href":"https:\/\/www.exchange-data.com\/de\/wp-json\/wp\/v2\/product\/35770","targetHints":{"allow":["GET"]}}],"collection":[{"href":"https:\/\/www.exchange-data.com\/de\/wp-json\/wp\/v2\/product"}],"about":[{"href":"https:\/\/www.exchange-data.com\/de\/wp-json\/wp\/v2\/types\/product"}],"wp:featuredmedia":[{"embeddable":true,"href":"https:\/\/www.exchange-data.com\/de\/wp-json\/wp\/v2\/media\/34153"}],"wp:attachment":[{"href":"https:\/\/www.exchange-data.com\/de\/wp-json\/wp\/v2\/media?parent=35770"}],"wp:term":[{"taxonomy":"country","embeddable":true,"href":"https:\/\/www.exchange-data.com\/de\/wp-json\/wp\/v2\/country?post=35770"},{"taxonomy":"product_category","embeddable":true,"href":"https:\/\/www.exchange-data.com\/de\/wp-json\/wp\/v2\/product_category?post=35770"}],"curies":[{"name":"wp","href":"https:\/\/api.w.org\/{rel}","templated":true}]}}