{"id":35771,"date":"2019-01-29T17:39:59","date_gmt":"2019-01-29T16:39:59","guid":{"rendered":"https:\/\/www.exchange-data.com\/product\/uk-unit-trust-daten\/"},"modified":"2025-08-12T12:21:23","modified_gmt":"2025-08-12T11:21:23","slug":"uk-unit-trust-daten","status":"publish","type":"product","link":"https:\/\/www.exchange-data.com\/de\/produkt\/uk-unit-trust-daten\/","title":{"rendered":"UK Unit Trust Daten"},"content":{"rendered":"<h4>Schnelle Bereitstellung von Unit Trust-Daten direkt von Fondsgesellschaften<\/h4>\n<p><span style=\"font-weight: 400;\">Der UK Unit Trusts Service von EDI deckt \u00fcber 16.000 Anteilsklassen von mehr als 200 Fondsgesellschaften ab und stellt umfassende Referenz- und Kapitalma\u00dfnahmendaten bereit.<\/span><\/p>\n<p><span style=\"font-weight: 400;\">Ein spezialisiertes Datenteam bei EDI sammelt, analysiert und ver\u00f6ffentlicht t\u00e4glich aktuelle Informationen zu UK Unit Trusts und offenen Investmentgesellschaften (OEICs) \u2013 direkt aus den Datenquellen der Fondsgesellschaften. Parallel dazu arbeitet ein weiteres Expertenteam eng mit den Gesellschaften zusammen, um sicherzustellen, dass Dividenden- und Kapitalma\u00dfnahmendaten zuverl\u00e4ssig und zeitnah im EDI-Datenzentrum ankommen. <\/span><\/p>\n<p><span style=\"font-weight: 400;\">Unabh\u00e4ngig davon, ob Sie die Daten \u00fcber EDI\u2019s SFTP-Feed, API oder die cloudbasierte Webl\u00f6sung beziehen: EDI \u00fcbernimmt die gesamte Datenlogistik f\u00fcr Sie.<\/span><\/p>\n<h3>Kapitalma\u00dfnahmen<\/h3>\n<p><span style=\"font-weight: 400;\">EDI hat k\u00fcrzlich seinen UK-Service f\u00fcr Kapitalma\u00dfnahmen bei Unit Trusts und OEICs auf Basis von Kundenfeedback erweitert. Der Service deckt 11 verschiedene Ereignisse ab und differenziert die Ertr\u00e4ge nach Dividenden, Zinsen und Immobilienertr\u00e4gen. <\/span><\/p>\n<p><strong>Nutzen Sie die umfassende Kapitalma\u00dfnahmenabdeckung von EDI<\/strong><br \/>\n<span style=\"font-weight: 400;\">Ein verpasster Kapitalma\u00dfnahmenhinweis kann f\u00fcr ein Finanzunternehmen Millionenverluste und Reputationssch\u00e4den verursachen. Mit dem Service von EDI f\u00fcr Unit Trusts sind Ihre Fonds umfassend abgesichert. <\/span><\/p>\n<p><strong>Nutzen Sie standardisierte Feeds f\u00fcr Ihre Unternehmensl\u00f6sung<\/strong><br \/>\n<span style=\"font-weight: 400;\">Der Datenservice von EDI liefert entscheidende Informationen zu Dividenden und Kapitalma\u00dfnahmen bei Unit Trusts\/OEICs. Kapitalma\u00dfnahmen sind oft komplex, fristgebunden und essenziell f\u00fcr alle Unternehmensbereiche. Die standardisierten SFTP-Feeds sorgen f\u00fcr effiziente Prozesse und flie\u00dfen direkt in Risikomodelle und Handelsstrategien ein.  <\/span><\/p>\n<p><strong>EDI unterst\u00fctzt die pr\u00e4zise Steuerberechnung<\/strong><br \/>\n<span style=\"font-weight: 400;\">Investoren und deren Vertreter k\u00f6nnen dank der detaillierten Aufschl\u00fcsselung von Ertragsarten im EDI-Datenfeed (Dividenden, Zinsen, Immobilienertr\u00e4ge) die korrekte steuerliche Belastung pr\u00e4zise ermitteln.<\/span><\/p>\n<p><strong>Ereignistypen bei Investmentfonds<\/strong><\/p>\n<table>\n<tbody>\n<tr>\n<td width=\"50%\">&nbsp;<\/p>\n<ul>\n<li>Anteilsklassen-Umwandlung<\/li>\n<li>Dividenden (unterteilt nach Dividende, Zins, Immobilienertrag)<\/li>\n<li>Gesch\u00e4ftsjahreswechsel<\/li>\n<li>\u00c4nderung internationaler Codes<\/li>\n<li>Namens\u00e4nderung des Emittenten<\/li>\n<\/ul>\n<\/td>\n<td width=\"50%\">&nbsp;<\/p>\n<ul>\n<li>Fusion<\/li>\n<li>Kapitalr\u00fcckzahlung<\/li>\n<li>Neue Klassifizierung von Wertpapieren<\/li>\n<li>Namens\u00e4nderung eines Wertpapiers<\/li>\n<li>Wertpapier-Tausch<\/li>\n<li>\u00dcbernahme<\/li>\n<\/ul>\n<p>&nbsp;<\/td>\n<\/tr>\n<\/tbody>\n<\/table>\n<p>&nbsp;<\/p>\n<h3>Referenzdaten &amp; Kursdaten<\/h3>\n<p><span style=\"font-weight: 400;\">Kombinieren <a href=\"https:\/\/www.exchange-data.com\/de\/produkt-kategorie\/referenzdaten-de-edi-products-services-de\/\" target=\"_blank\" rel=\"noopener\">Sie die Referenzdaten<\/a> mit dem <a href=\"https:\/\/www.exchange-data.com\/de\/produkt-kategorie\/equity-corporate-actions\/\" target=\"_blank\" rel=\"noopener\">Kapitalma\u00dfnahmenservice<\/a> von EDI und profitieren Sie von einem vollst\u00e4ndig integrierten Daten-\u00d6kosystem mit vollst\u00e4ndiger Abdeckung aller britischen Unit Trusts und OEICs \u2013 alles \u00fcber eine einzige Verbindung.<\/span><\/p>\n<p><strong>Daten zur Preisgestaltung<\/strong><br \/>\n<span style=\"font-weight: 400;\">F\u00fcr t\u00e4gliche R\u00fccknahmepreise (NAV) der UK Unit Trusts nutzen Sie <a href=\"https:\/\/www.exchange-data.com\/de\/product\/nettoinventarwerte-von-investmentfonds\/\" target=\"_blank\" rel=\"noopener\">EDI\u2019s NAV-Service. <\/a><\/span><\/p>\n","protected":false},"featured_media":34153,"template":"","country":[],"product_category":[3174,3167],"class_list":["post-35771","product","type-product","status-publish","has-post-thumbnail","hentry","product_category-investment-funds-edi-de-edi-products-services-de","product_category-produkte-und-services"],"acf":[],"yoast_head":"<!-- This site is optimized with the Yoast SEO Premium plugin v26.0 (Yoast SEO v26.0) - https:\/\/yoast.com\/wordpress\/plugins\/seo\/ -->\n<title>UK Unit Trust Daten | Exchange Data International<\/title>\n<meta name=\"description\" content=\"Erhalten Sie pr\u00e4zise Daten \u00fcber offene Investmentfonds, Dividenden und Kapitalma\u00dfnahmen direkt von \u00fcber 200 britischen Fondsgesellschaften \u2013 t\u00e4glich aktualisiert von EDI.\" \/>\n<meta name=\"robots\" content=\"index, follow, max-snippet:-1, max-image-preview:large, max-video-preview:-1\" \/>\n<link rel=\"canonical\" href=\"https:\/\/www.exchange-data.com\/de\/produkt\/uk-unit-trust-daten\/\" \/>\n<meta property=\"og:locale\" content=\"de_DE\" \/>\n<meta property=\"og:type\" content=\"article\" \/>\n<meta property=\"og:title\" content=\"UK Unit Trust Daten\" \/>\n<meta property=\"og:description\" content=\"Kombinieren Sie die Daten von Unit Trusts mit unserem Service f\u00fcr britische Dividenden, um von einer umfassenden Abdeckung aller einkommenserzeugenden Wertpapiere im Vereinigten K\u00f6nigreich zu profitieren. Mit einem engagierten Team, das t\u00e4glich Daten von \u00fcber 11.000 Investmentfonds und OEICs sammelt und verarbeitet, und direkten Verbindungen zu \u00fcber 300 Fondsmanagern k\u00f6nnen Sie sicher sein, dass die Daten zu Investmentfonds zeitnah geliefert werden.\" \/>\n<meta property=\"og:url\" content=\"https:\/\/www.exchange-data.com\/de\/produkt\/uk-unit-trust-daten\/\" \/>\n<meta property=\"og:site_name\" content=\"Exchange Data International\" \/>\n<meta property=\"article:modified_time\" content=\"2025-08-12T11:21:23+00:00\" \/>\n<meta property=\"og:image\" content=\"https:\/\/www.exchange-data.com\/wp-content\/uploads\/2015\/09\/EDI-Post-Featured-Image-700x400-1.png\" \/>\n<meta name=\"twitter:card\" content=\"summary_large_image\" \/>\n<meta name=\"twitter:title\" content=\"UK Unit Trust Daten\" \/>\n<meta name=\"twitter:description\" content=\"Kombinieren Sie die Daten von Unit Trusts mit unserem Service f\u00fcr britische Dividenden, um von einer umfassenden Abdeckung aller einkommenserzeugenden Wertpapiere im Vereinigten K\u00f6nigreich zu profitieren. Mit einem engagierten Team, das t\u00e4glich Daten von \u00fcber 11.000 Investmentfonds und OEICs sammelt und verarbeitet, und direkten Verbindungen zu \u00fcber 300 Fondsmanagern k\u00f6nnen Sie sicher sein, dass die Daten zu Investmentfonds zeitnah geliefert werden.\" \/>\n<meta name=\"twitter:image\" content=\"https:\/\/www.exchange-data.com\/wp-content\/uploads\/2015\/09\/EDI-Post-Featured-Image-700x400-1.png\" \/>\n<meta name=\"twitter:site\" content=\"@ExchangeData\" \/>\n<meta name=\"twitter:label1\" content=\"Gesch\u00e4tzte Lesezeit\" \/>\n\t<meta name=\"twitter:data1\" content=\"2\u00a0Minuten\" \/>\n<script type=\"application\/ld+json\" class=\"yoast-schema-graph\">{\"@context\":\"https:\/\/schema.org\",\"@graph\":[{\"@type\":\"WebPage\",\"@id\":\"https:\/\/www.exchange-data.com\/de\/produkt\/uk-unit-trust-daten\/\",\"url\":\"https:\/\/www.exchange-data.com\/de\/produkt\/uk-unit-trust-daten\/\",\"name\":\"UK Unit Trust Daten | Exchange Data International\",\"isPartOf\":{\"@id\":\"https:\/\/www.exchange-data.com\/de\/#website\"},\"primaryImageOfPage\":{\"@id\":\"https:\/\/www.exchange-data.com\/de\/produkt\/uk-unit-trust-daten\/#primaryimage\"},\"image\":{\"@id\":\"https:\/\/www.exchange-data.com\/de\/produkt\/uk-unit-trust-daten\/#primaryimage\"},\"thumbnailUrl\":\"https:\/\/www.exchange-data.com\/wp-content\/uploads\/2015\/09\/EDI-Post-Featured-Image-700x400-1.png\",\"datePublished\":\"2019-01-29T16:39:59+00:00\",\"dateModified\":\"2025-08-12T11:21:23+00:00\",\"description\":\"Erhalten Sie pr\u00e4zise Daten \u00fcber offene Investmentfonds, Dividenden und Kapitalma\u00dfnahmen direkt von \u00fcber 200 britischen Fondsgesellschaften \u2013 t\u00e4glich aktualisiert von EDI.\",\"breadcrumb\":{\"@id\":\"https:\/\/www.exchange-data.com\/de\/produkt\/uk-unit-trust-daten\/#breadcrumb\"},\"inLanguage\":\"de\",\"potentialAction\":[{\"@type\":\"ReadAction\",\"target\":[\"https:\/\/www.exchange-data.com\/de\/produkt\/uk-unit-trust-daten\/\"]}]},{\"@type\":\"ImageObject\",\"inLanguage\":\"de\",\"@id\":\"https:\/\/www.exchange-data.com\/de\/produkt\/uk-unit-trust-daten\/#primaryimage\",\"url\":\"https:\/\/www.exchange-data.com\/wp-content\/uploads\/2015\/09\/EDI-Post-Featured-Image-700x400-1.png\",\"contentUrl\":\"https:\/\/www.exchange-data.com\/wp-content\/uploads\/2015\/09\/EDI-Post-Featured-Image-700x400-1.png\",\"width\":700,\"height\":400,\"caption\":\"Exchange Data International\"},{\"@type\":\"BreadcrumbList\",\"@id\":\"https:\/\/www.exchange-data.com\/de\/produkt\/uk-unit-trust-daten\/#breadcrumb\",\"itemListElement\":[{\"@type\":\"ListItem\",\"position\":1,\"name\":\"Home\",\"item\":\"https:\/\/www.exchange-data.com\/de\/startseite\/\"},{\"@type\":\"ListItem\",\"position\":2,\"name\":\"UK Unit Trust Daten\"}]},{\"@type\":\"WebSite\",\"@id\":\"https:\/\/www.exchange-data.com\/de\/#website\",\"url\":\"https:\/\/www.exchange-data.com\/de\/\",\"name\":\"Exchange Data International\",\"description\":\"Doing data differently\",\"publisher\":{\"@id\":\"https:\/\/www.exchange-data.com\/de\/#organization\"},\"potentialAction\":[{\"@type\":\"SearchAction\",\"target\":{\"@type\":\"EntryPoint\",\"urlTemplate\":\"https:\/\/www.exchange-data.com\/de\/?s={search_term_string}\"},\"query-input\":{\"@type\":\"PropertyValueSpecification\",\"valueRequired\":true,\"valueName\":\"search_term_string\"}}],\"inLanguage\":\"de\"},{\"@type\":\"Organization\",\"@id\":\"https:\/\/www.exchange-data.com\/de\/#organization\",\"name\":\"Exchange Data International\",\"url\":\"https:\/\/www.exchange-data.com\/de\/\",\"logo\":{\"@type\":\"ImageObject\",\"inLanguage\":\"de\",\"@id\":\"https:\/\/www.exchange-data.com\/de\/#\/schema\/logo\/image\/\",\"url\":\"https:\/\/www.exchange-data.com\/wp-content\/uploads\/2019\/03\/logo3.png\",\"contentUrl\":\"https:\/\/www.exchange-data.com\/wp-content\/uploads\/2019\/03\/logo3.png\",\"width\":200,\"height\":80,\"caption\":\"Exchange Data International\"},\"image\":{\"@id\":\"https:\/\/www.exchange-data.com\/de\/#\/schema\/logo\/image\/\"},\"sameAs\":[\"https:\/\/x.com\/ExchangeData\",\"https:\/\/www.linkedin.com\/company\/exchange-data-international\/?viewAsMember=true\",\"https:\/\/www.youtube.com\/channel\/UC5D1OpUb22YZANRLD_Ktcgg?view_as=subscriber\"]}]}<\/script>\n<!-- \/ Yoast SEO Premium plugin. -->","yoast_head_json":{"title":"UK Unit Trust Daten | Exchange Data International","description":"Erhalten Sie pr\u00e4zise Daten \u00fcber offene Investmentfonds, Dividenden und Kapitalma\u00dfnahmen direkt von \u00fcber 200 britischen Fondsgesellschaften \u2013 t\u00e4glich aktualisiert von EDI.","robots":{"index":"index","follow":"follow","max-snippet":"max-snippet:-1","max-image-preview":"max-image-preview:large","max-video-preview":"max-video-preview:-1"},"canonical":"https:\/\/www.exchange-data.com\/de\/produkt\/uk-unit-trust-daten\/","og_locale":"de_DE","og_type":"article","og_title":"UK Unit Trust Daten","og_description":"Kombinieren Sie die Daten von Unit Trusts mit unserem Service f\u00fcr britische Dividenden, um von einer umfassenden Abdeckung aller einkommenserzeugenden Wertpapiere im Vereinigten K\u00f6nigreich zu profitieren. Mit einem engagierten Team, das t\u00e4glich Daten von \u00fcber 11.000 Investmentfonds und OEICs sammelt und verarbeitet, und direkten Verbindungen zu \u00fcber 300 Fondsmanagern k\u00f6nnen Sie sicher sein, dass die Daten zu Investmentfonds zeitnah geliefert werden.","og_url":"https:\/\/www.exchange-data.com\/de\/produkt\/uk-unit-trust-daten\/","og_site_name":"Exchange Data International","article_modified_time":"2025-08-12T11:21:23+00:00","og_image":[{"url":"https:\/\/www.exchange-data.com\/wp-content\/uploads\/2015\/09\/EDI-Post-Featured-Image-700x400-1.png","type":"","width":"","height":""}],"twitter_card":"summary_large_image","twitter_title":"UK Unit Trust Daten","twitter_description":"Kombinieren Sie die Daten von Unit Trusts mit unserem Service f\u00fcr britische Dividenden, um von einer umfassenden Abdeckung aller einkommenserzeugenden Wertpapiere im Vereinigten K\u00f6nigreich zu profitieren. Mit einem engagierten Team, das t\u00e4glich Daten von \u00fcber 11.000 Investmentfonds und OEICs sammelt und verarbeitet, und direkten Verbindungen zu \u00fcber 300 Fondsmanagern k\u00f6nnen Sie sicher sein, dass die Daten zu Investmentfonds zeitnah geliefert werden.","twitter_image":"https:\/\/www.exchange-data.com\/wp-content\/uploads\/2015\/09\/EDI-Post-Featured-Image-700x400-1.png","twitter_site":"@ExchangeData","twitter_misc":{"Gesch\u00e4tzte Lesezeit":"2\u00a0Minuten"},"schema":{"@context":"https:\/\/schema.org","@graph":[{"@type":"WebPage","@id":"https:\/\/www.exchange-data.com\/de\/produkt\/uk-unit-trust-daten\/","url":"https:\/\/www.exchange-data.com\/de\/produkt\/uk-unit-trust-daten\/","name":"UK Unit Trust Daten | Exchange Data International","isPartOf":{"@id":"https:\/\/www.exchange-data.com\/de\/#website"},"primaryImageOfPage":{"@id":"https:\/\/www.exchange-data.com\/de\/produkt\/uk-unit-trust-daten\/#primaryimage"},"image":{"@id":"https:\/\/www.exchange-data.com\/de\/produkt\/uk-unit-trust-daten\/#primaryimage"},"thumbnailUrl":"https:\/\/www.exchange-data.com\/wp-content\/uploads\/2015\/09\/EDI-Post-Featured-Image-700x400-1.png","datePublished":"2019-01-29T16:39:59+00:00","dateModified":"2025-08-12T11:21:23+00:00","description":"Erhalten Sie pr\u00e4zise Daten \u00fcber offene Investmentfonds, Dividenden und Kapitalma\u00dfnahmen direkt von \u00fcber 200 britischen Fondsgesellschaften \u2013 t\u00e4glich aktualisiert von EDI.","breadcrumb":{"@id":"https:\/\/www.exchange-data.com\/de\/produkt\/uk-unit-trust-daten\/#breadcrumb"},"inLanguage":"de","potentialAction":[{"@type":"ReadAction","target":["https:\/\/www.exchange-data.com\/de\/produkt\/uk-unit-trust-daten\/"]}]},{"@type":"ImageObject","inLanguage":"de","@id":"https:\/\/www.exchange-data.com\/de\/produkt\/uk-unit-trust-daten\/#primaryimage","url":"https:\/\/www.exchange-data.com\/wp-content\/uploads\/2015\/09\/EDI-Post-Featured-Image-700x400-1.png","contentUrl":"https:\/\/www.exchange-data.com\/wp-content\/uploads\/2015\/09\/EDI-Post-Featured-Image-700x400-1.png","width":700,"height":400,"caption":"Exchange Data International"},{"@type":"BreadcrumbList","@id":"https:\/\/www.exchange-data.com\/de\/produkt\/uk-unit-trust-daten\/#breadcrumb","itemListElement":[{"@type":"ListItem","position":1,"name":"Home","item":"https:\/\/www.exchange-data.com\/de\/startseite\/"},{"@type":"ListItem","position":2,"name":"UK Unit Trust Daten"}]},{"@type":"WebSite","@id":"https:\/\/www.exchange-data.com\/de\/#website","url":"https:\/\/www.exchange-data.com\/de\/","name":"Exchange Data International","description":"Doing data differently","publisher":{"@id":"https:\/\/www.exchange-data.com\/de\/#organization"},"potentialAction":[{"@type":"SearchAction","target":{"@type":"EntryPoint","urlTemplate":"https:\/\/www.exchange-data.com\/de\/?s={search_term_string}"},"query-input":{"@type":"PropertyValueSpecification","valueRequired":true,"valueName":"search_term_string"}}],"inLanguage":"de"},{"@type":"Organization","@id":"https:\/\/www.exchange-data.com\/de\/#organization","name":"Exchange Data International","url":"https:\/\/www.exchange-data.com\/de\/","logo":{"@type":"ImageObject","inLanguage":"de","@id":"https:\/\/www.exchange-data.com\/de\/#\/schema\/logo\/image\/","url":"https:\/\/www.exchange-data.com\/wp-content\/uploads\/2019\/03\/logo3.png","contentUrl":"https:\/\/www.exchange-data.com\/wp-content\/uploads\/2019\/03\/logo3.png","width":200,"height":80,"caption":"Exchange Data International"},"image":{"@id":"https:\/\/www.exchange-data.com\/de\/#\/schema\/logo\/image\/"},"sameAs":["https:\/\/x.com\/ExchangeData","https:\/\/www.linkedin.com\/company\/exchange-data-international\/?viewAsMember=true","https:\/\/www.youtube.com\/channel\/UC5D1OpUb22YZANRLD_Ktcgg?view_as=subscriber"]}]}},"_links":{"self":[{"href":"https:\/\/www.exchange-data.com\/de\/wp-json\/wp\/v2\/product\/35771","targetHints":{"allow":["GET"]}}],"collection":[{"href":"https:\/\/www.exchange-data.com\/de\/wp-json\/wp\/v2\/product"}],"about":[{"href":"https:\/\/www.exchange-data.com\/de\/wp-json\/wp\/v2\/types\/product"}],"wp:featuredmedia":[{"embeddable":true,"href":"https:\/\/www.exchange-data.com\/de\/wp-json\/wp\/v2\/media\/34153"}],"wp:attachment":[{"href":"https:\/\/www.exchange-data.com\/de\/wp-json\/wp\/v2\/media?parent=35771"}],"wp:term":[{"taxonomy":"country","embeddable":true,"href":"https:\/\/www.exchange-data.com\/de\/wp-json\/wp\/v2\/country?post=35771"},{"taxonomy":"product_category","embeddable":true,"href":"https:\/\/www.exchange-data.com\/de\/wp-json\/wp\/v2\/product_category?post=35771"}],"curies":[{"name":"wp","href":"https:\/\/api.w.org\/{rel}","templated":true}]}}