{"id":35772,"date":"2019-01-29T17:39:40","date_gmt":"2019-01-29T16:39:40","guid":{"rendered":"https:\/\/www.exchange-data.com\/product\/dividendenprognose\/"},"modified":"2025-09-02T07:52:04","modified_gmt":"2025-09-02T06:52:04","slug":"dividenden-prognose","status":"publish","type":"product","link":"https:\/\/www.exchange-data.com\/de\/produkt\/dividenden-prognose\/","title":{"rendered":"Dividenden-Prognosen"},"content":{"rendered":"<p><span style=\"font-weight: 400;\">Sch\u00e4tzen Sie zuk\u00fcnftige Ertr\u00e4ge realistisch ein und bewerten Sie Aktien sowie ETFs auf Basis pr\u00e4ziser Dividendenprognosen mit einem Zeithorizont von zwei Jahren \u2013 f\u00fcr \u00fcber 32.000 Wertpapiere weltweit.<\/span><\/p>\n<p><span style=\"font-weight: 400;\">Nutzen Sie unseren Datenfeed f\u00fcr vorausschauende Dividendenprognosen, um stets aktuelle Informationen zu Zahlungsterminen und -betr\u00e4gen von Tausenden Wertpapieren aus \u00fcber 5.000 Indizes in mehr als 100 L\u00e4ndern zu erhalten.<\/span><\/p>\n<h2><small>Unsere Prognosedaten f\u00fcr einzelne Aktien und ETFs umfassen:<\/small><\/h2>\n<ul>\n<li><span style=\"font-weight: 400;\">Erwartete Ex-, Stichtags- und Zahltage<\/span><\/li>\n<li><span style=\"font-weight: 400;\">Betrag und W\u00e4hrung<\/span><\/li>\n<li><span style=\"font-weight: 400;\">Dividendentyp und Frequenz<\/span><\/li>\n<\/ul>\n<h3>Einzigartige Methodik f\u00fcr Dividendenprognosen<\/h3>\n<h4>In einer Zeit rasanter Ver\u00e4nderungen verschafft uns unser technologiegetriebener Ansatz einen klaren Vorteil gegen\u00fcber traditionellen Prognoseverfahren.<\/h4>\n<p><span style=\"font-weight: 400;\">Basierend auf EDI&#8217;s globaler <a title=\"Weltweite Corporate Actions\" href=\"https:\/\/www.exchange-data.com\/de\/product\/weltweite-equity-corporate-actions\/\" target=\"_blank\" rel=\"noopener noreferrer\">Datenbank f\u00fcr Kapitalma\u00dfnahmen<\/a> (ab 2012) kombinieren wir deklarierte Dividendenstrategien mit vorhersehbaren Mustern. Unsere propriet\u00e4re Algorithmus-gest\u00fctzte Methode wird durch manuelle Analysteneingaben erg\u00e4nzt und liefert Prognosen mit hoher Skalierbarkeit und Genauigkeit. <\/span><\/p>\n<p><span style=\"font-weight: 400;\">Unser hybrides Modell \u2013 Algorithmus plus Analyst \u2013 erm\u00f6glicht fundierte Ausblicke f\u00fcr zwei volle Gesch\u00e4ftsjahre und deckt \u00fcber 32.000 Wertpapiere ab, darunter Aktien, ADRs und ETFs.<\/span><\/p>\n<p><span style=\"font-weight: 400;\">Das \u201eWoodseer\u201c-Modul f\u00fcr Einzelaktien ging im Januar 2017 live. Das ETF-Dividendenprognose-Produkt startete im Juli 2019 mit detaillierten Vorhersagen (Termine und Betr\u00e4ge) f\u00fcr \u00fcber 1.400 ETFs, davon mehr als 700 in den USA gelistete. In Zusammenarbeit mit einem spezialisierten ETF-Datenanbieter kombinieren wir deren Zusammensetzungsdaten mit unseren eigenen Wertpapierprognosen f\u00fcr eine pr\u00e4zise, \u201eBottom-up\u201c-basierte Dividendenprognose. <\/span><\/p>\n<p><span style=\"font-weight: 400;\">Zu unseren Kunden z\u00e4hlen Verm\u00f6gensverwalter, Verwahrstellen, Indexanbieter, Optionsh\u00e4ndler, Hedgefonds sowie Trader von Einzelwerten und Indizes.<\/span><\/p>\n","protected":false},"featured_media":34153,"template":"","country":[],"product_category":[3191,3167],"class_list":["post-35772","product","type-product","status-publish","has-post-thumbnail","hentry","product_category-equity-corporate-actions","product_category-produkte-und-services"],"acf":[],"yoast_head":"<!-- This site is optimized with the Yoast SEO Premium plugin v26.0 (Yoast SEO v26.0) - https:\/\/yoast.com\/wordpress\/plugins\/seo\/ -->\n<title>Daten zur Dividendenprognose | Exchange Data International<\/title>\n<meta name=\"description\" content=\"Verlassen Sie sich auf pr\u00e4zise Dividendenprognose-Daten f\u00fcr \u00fcber 32.000 Wertpapiere weltweit. Ideal f\u00fcr ETFs, Aktien, ADRs und professionelle Anleger.\" \/>\n<meta name=\"robots\" content=\"index, follow, max-snippet:-1, max-image-preview:large, max-video-preview:-1\" \/>\n<link rel=\"canonical\" href=\"https:\/\/www.exchange-data.com\/de\/produkt\/dividenden-prognose\/\" \/>\n<meta property=\"og:locale\" content=\"de_DE\" \/>\n<meta property=\"og:type\" content=\"article\" \/>\n<meta property=\"og:title\" content=\"Woodseer-Dividendenprognose\" \/>\n<meta property=\"og:description\" content=\"Sch\u00e4tzen Sie Ihr Einkommen und bewerten Sie Aktien und ETFs auf der Grundlage pr\u00e4ziser Zweijahres-Dividendenprognosen f\u00fcr \u00fcber 25.000 Wertpapiere weltweit. Nutzen Sie unseren Daten-Feed f\u00fcr Dividendenprognosen, um aktuelle Informationen \u00fcber die Termine und Zahlungen von Tausenden von Wertpapieren in \u00fcber 1000 Indizes und \u00fcber 100 L\u00e4ndern zu erhalten. Zu den Datenelementen unserer Dividendenprognosen f\u00fcr Einzelaktien und ETFs geh\u00f6ren: Voraussichtliches Ex-, Aufzeichnungs- und Auszahlungsdatum, Betrag und W\u00e4hrung, Dividendenart und -h\u00e4ufigkeit.\" \/>\n<meta property=\"og:url\" content=\"https:\/\/www.exchange-data.com\/de\/produkt\/dividenden-prognose\/\" \/>\n<meta property=\"og:site_name\" content=\"Exchange Data International\" \/>\n<meta property=\"article:modified_time\" content=\"2025-09-02T06:52:04+00:00\" \/>\n<meta property=\"og:image\" content=\"https:\/\/www.exchange-data.com\/wp-content\/uploads\/2019\/01\/Woodseer-Dividend-Forecasting-logo.png\" \/>\n<meta name=\"twitter:card\" content=\"summary_large_image\" \/>\n<meta name=\"twitter:title\" content=\"Woodseer-Dividendenprognose\" \/>\n<meta name=\"twitter:description\" content=\"Sch\u00e4tzen Sie Ihr Einkommen und bewerten Sie Aktien und ETFs auf der Grundlage pr\u00e4ziser Zweijahres-Dividendenprognosen f\u00fcr \u00fcber 25.000 Wertpapiere weltweit. Nutzen Sie unseren Daten-Feed f\u00fcr Dividendenprognosen, um aktuelle Informationen \u00fcber die Termine und Zahlungen von Tausenden von Wertpapieren in \u00fcber 1000 Indizes und \u00fcber 100 L\u00e4ndern zu erhalten. Zu den Datenelementen unserer Dividendenprognosen f\u00fcr Einzelaktien und ETFs geh\u00f6ren: Voraussichtliches Ex-, Aufzeichnungs- und Auszahlungsdatum, Betrag und W\u00e4hrung, Dividendenart und -h\u00e4ufigkeit.\" \/>\n<meta name=\"twitter:image\" content=\"https:\/\/www.exchange-data.com\/wp-content\/uploads\/2019\/01\/Woodseer-Dividend-Forecasting-logo.png\" \/>\n<meta name=\"twitter:site\" content=\"@ExchangeData\" \/>\n<meta name=\"twitter:label1\" content=\"Gesch\u00e4tzte Lesezeit\" \/>\n\t<meta name=\"twitter:data1\" content=\"1\u00a0Minute\" \/>\n<script type=\"application\/ld+json\" class=\"yoast-schema-graph\">{\"@context\":\"https:\/\/schema.org\",\"@graph\":[{\"@type\":\"WebPage\",\"@id\":\"https:\/\/www.exchange-data.com\/de\/produkt\/dividenden-prognose\/\",\"url\":\"https:\/\/www.exchange-data.com\/de\/produkt\/dividenden-prognose\/\",\"name\":\"Daten zur Dividendenprognose | Exchange Data International\",\"isPartOf\":{\"@id\":\"https:\/\/www.exchange-data.com\/de\/#website\"},\"primaryImageOfPage\":{\"@id\":\"https:\/\/www.exchange-data.com\/de\/produkt\/dividenden-prognose\/#primaryimage\"},\"image\":{\"@id\":\"https:\/\/www.exchange-data.com\/de\/produkt\/dividenden-prognose\/#primaryimage\"},\"thumbnailUrl\":\"https:\/\/www.exchange-data.com\/wp-content\/uploads\/2015\/09\/EDI-Post-Featured-Image-700x400-1.png\",\"datePublished\":\"2019-01-29T16:39:40+00:00\",\"dateModified\":\"2025-09-02T06:52:04+00:00\",\"description\":\"Verlassen Sie sich auf pr\u00e4zise Dividendenprognose-Daten f\u00fcr \u00fcber 32.000 Wertpapiere weltweit. Ideal f\u00fcr ETFs, Aktien, ADRs und professionelle Anleger.\",\"breadcrumb\":{\"@id\":\"https:\/\/www.exchange-data.com\/de\/produkt\/dividenden-prognose\/#breadcrumb\"},\"inLanguage\":\"de\",\"potentialAction\":[{\"@type\":\"ReadAction\",\"target\":[\"https:\/\/www.exchange-data.com\/de\/produkt\/dividenden-prognose\/\"]}]},{\"@type\":\"ImageObject\",\"inLanguage\":\"de\",\"@id\":\"https:\/\/www.exchange-data.com\/de\/produkt\/dividenden-prognose\/#primaryimage\",\"url\":\"https:\/\/www.exchange-data.com\/wp-content\/uploads\/2015\/09\/EDI-Post-Featured-Image-700x400-1.png\",\"contentUrl\":\"https:\/\/www.exchange-data.com\/wp-content\/uploads\/2015\/09\/EDI-Post-Featured-Image-700x400-1.png\",\"width\":700,\"height\":400,\"caption\":\"Exchange Data International\"},{\"@type\":\"BreadcrumbList\",\"@id\":\"https:\/\/www.exchange-data.com\/de\/produkt\/dividenden-prognose\/#breadcrumb\",\"itemListElement\":[{\"@type\":\"ListItem\",\"position\":1,\"name\":\"Home\",\"item\":\"https:\/\/www.exchange-data.com\/de\/startseite\/\"},{\"@type\":\"ListItem\",\"position\":2,\"name\":\"Dividenden-Prognosen\"}]},{\"@type\":\"WebSite\",\"@id\":\"https:\/\/www.exchange-data.com\/de\/#website\",\"url\":\"https:\/\/www.exchange-data.com\/de\/\",\"name\":\"Exchange Data International\",\"description\":\"Doing data differently\",\"publisher\":{\"@id\":\"https:\/\/www.exchange-data.com\/de\/#organization\"},\"potentialAction\":[{\"@type\":\"SearchAction\",\"target\":{\"@type\":\"EntryPoint\",\"urlTemplate\":\"https:\/\/www.exchange-data.com\/de\/?s={search_term_string}\"},\"query-input\":{\"@type\":\"PropertyValueSpecification\",\"valueRequired\":true,\"valueName\":\"search_term_string\"}}],\"inLanguage\":\"de\"},{\"@type\":\"Organization\",\"@id\":\"https:\/\/www.exchange-data.com\/de\/#organization\",\"name\":\"Exchange Data International\",\"url\":\"https:\/\/www.exchange-data.com\/de\/\",\"logo\":{\"@type\":\"ImageObject\",\"inLanguage\":\"de\",\"@id\":\"https:\/\/www.exchange-data.com\/de\/#\/schema\/logo\/image\/\",\"url\":\"https:\/\/www.exchange-data.com\/wp-content\/uploads\/2019\/03\/logo3.png\",\"contentUrl\":\"https:\/\/www.exchange-data.com\/wp-content\/uploads\/2019\/03\/logo3.png\",\"width\":200,\"height\":80,\"caption\":\"Exchange Data International\"},\"image\":{\"@id\":\"https:\/\/www.exchange-data.com\/de\/#\/schema\/logo\/image\/\"},\"sameAs\":[\"https:\/\/x.com\/ExchangeData\",\"https:\/\/www.linkedin.com\/company\/exchange-data-international\/?viewAsMember=true\",\"https:\/\/www.youtube.com\/channel\/UC5D1OpUb22YZANRLD_Ktcgg?view_as=subscriber\"]}]}<\/script>\n<!-- \/ Yoast SEO Premium plugin. -->","yoast_head_json":{"title":"Daten zur Dividendenprognose | Exchange Data International","description":"Verlassen Sie sich auf pr\u00e4zise Dividendenprognose-Daten f\u00fcr \u00fcber 32.000 Wertpapiere weltweit. Ideal f\u00fcr ETFs, Aktien, ADRs und professionelle Anleger.","robots":{"index":"index","follow":"follow","max-snippet":"max-snippet:-1","max-image-preview":"max-image-preview:large","max-video-preview":"max-video-preview:-1"},"canonical":"https:\/\/www.exchange-data.com\/de\/produkt\/dividenden-prognose\/","og_locale":"de_DE","og_type":"article","og_title":"Woodseer-Dividendenprognose","og_description":"Sch\u00e4tzen Sie Ihr Einkommen und bewerten Sie Aktien und ETFs auf der Grundlage pr\u00e4ziser Zweijahres-Dividendenprognosen f\u00fcr \u00fcber 25.000 Wertpapiere weltweit. Nutzen Sie unseren Daten-Feed f\u00fcr Dividendenprognosen, um aktuelle Informationen \u00fcber die Termine und Zahlungen von Tausenden von Wertpapieren in \u00fcber 1000 Indizes und \u00fcber 100 L\u00e4ndern zu erhalten. Zu den Datenelementen unserer Dividendenprognosen f\u00fcr Einzelaktien und ETFs geh\u00f6ren: Voraussichtliches Ex-, Aufzeichnungs- und Auszahlungsdatum, Betrag und W\u00e4hrung, Dividendenart und -h\u00e4ufigkeit.","og_url":"https:\/\/www.exchange-data.com\/de\/produkt\/dividenden-prognose\/","og_site_name":"Exchange Data International","article_modified_time":"2025-09-02T06:52:04+00:00","og_image":[{"url":"https:\/\/www.exchange-data.com\/wp-content\/uploads\/2019\/01\/Woodseer-Dividend-Forecasting-logo.png","type":"","width":"","height":""}],"twitter_card":"summary_large_image","twitter_title":"Woodseer-Dividendenprognose","twitter_description":"Sch\u00e4tzen Sie Ihr Einkommen und bewerten Sie Aktien und ETFs auf der Grundlage pr\u00e4ziser Zweijahres-Dividendenprognosen f\u00fcr \u00fcber 25.000 Wertpapiere weltweit. Nutzen Sie unseren Daten-Feed f\u00fcr Dividendenprognosen, um aktuelle Informationen \u00fcber die Termine und Zahlungen von Tausenden von Wertpapieren in \u00fcber 1000 Indizes und \u00fcber 100 L\u00e4ndern zu erhalten. Zu den Datenelementen unserer Dividendenprognosen f\u00fcr Einzelaktien und ETFs geh\u00f6ren: Voraussichtliches Ex-, Aufzeichnungs- und Auszahlungsdatum, Betrag und W\u00e4hrung, Dividendenart und -h\u00e4ufigkeit.","twitter_image":"https:\/\/www.exchange-data.com\/wp-content\/uploads\/2019\/01\/Woodseer-Dividend-Forecasting-logo.png","twitter_site":"@ExchangeData","twitter_misc":{"Gesch\u00e4tzte Lesezeit":"1\u00a0Minute"},"schema":{"@context":"https:\/\/schema.org","@graph":[{"@type":"WebPage","@id":"https:\/\/www.exchange-data.com\/de\/produkt\/dividenden-prognose\/","url":"https:\/\/www.exchange-data.com\/de\/produkt\/dividenden-prognose\/","name":"Daten zur Dividendenprognose | Exchange Data International","isPartOf":{"@id":"https:\/\/www.exchange-data.com\/de\/#website"},"primaryImageOfPage":{"@id":"https:\/\/www.exchange-data.com\/de\/produkt\/dividenden-prognose\/#primaryimage"},"image":{"@id":"https:\/\/www.exchange-data.com\/de\/produkt\/dividenden-prognose\/#primaryimage"},"thumbnailUrl":"https:\/\/www.exchange-data.com\/wp-content\/uploads\/2015\/09\/EDI-Post-Featured-Image-700x400-1.png","datePublished":"2019-01-29T16:39:40+00:00","dateModified":"2025-09-02T06:52:04+00:00","description":"Verlassen Sie sich auf pr\u00e4zise Dividendenprognose-Daten f\u00fcr \u00fcber 32.000 Wertpapiere weltweit. Ideal f\u00fcr ETFs, Aktien, ADRs und professionelle Anleger.","breadcrumb":{"@id":"https:\/\/www.exchange-data.com\/de\/produkt\/dividenden-prognose\/#breadcrumb"},"inLanguage":"de","potentialAction":[{"@type":"ReadAction","target":["https:\/\/www.exchange-data.com\/de\/produkt\/dividenden-prognose\/"]}]},{"@type":"ImageObject","inLanguage":"de","@id":"https:\/\/www.exchange-data.com\/de\/produkt\/dividenden-prognose\/#primaryimage","url":"https:\/\/www.exchange-data.com\/wp-content\/uploads\/2015\/09\/EDI-Post-Featured-Image-700x400-1.png","contentUrl":"https:\/\/www.exchange-data.com\/wp-content\/uploads\/2015\/09\/EDI-Post-Featured-Image-700x400-1.png","width":700,"height":400,"caption":"Exchange Data International"},{"@type":"BreadcrumbList","@id":"https:\/\/www.exchange-data.com\/de\/produkt\/dividenden-prognose\/#breadcrumb","itemListElement":[{"@type":"ListItem","position":1,"name":"Home","item":"https:\/\/www.exchange-data.com\/de\/startseite\/"},{"@type":"ListItem","position":2,"name":"Dividenden-Prognosen"}]},{"@type":"WebSite","@id":"https:\/\/www.exchange-data.com\/de\/#website","url":"https:\/\/www.exchange-data.com\/de\/","name":"Exchange Data International","description":"Doing data differently","publisher":{"@id":"https:\/\/www.exchange-data.com\/de\/#organization"},"potentialAction":[{"@type":"SearchAction","target":{"@type":"EntryPoint","urlTemplate":"https:\/\/www.exchange-data.com\/de\/?s={search_term_string}"},"query-input":{"@type":"PropertyValueSpecification","valueRequired":true,"valueName":"search_term_string"}}],"inLanguage":"de"},{"@type":"Organization","@id":"https:\/\/www.exchange-data.com\/de\/#organization","name":"Exchange Data International","url":"https:\/\/www.exchange-data.com\/de\/","logo":{"@type":"ImageObject","inLanguage":"de","@id":"https:\/\/www.exchange-data.com\/de\/#\/schema\/logo\/image\/","url":"https:\/\/www.exchange-data.com\/wp-content\/uploads\/2019\/03\/logo3.png","contentUrl":"https:\/\/www.exchange-data.com\/wp-content\/uploads\/2019\/03\/logo3.png","width":200,"height":80,"caption":"Exchange Data International"},"image":{"@id":"https:\/\/www.exchange-data.com\/de\/#\/schema\/logo\/image\/"},"sameAs":["https:\/\/x.com\/ExchangeData","https:\/\/www.linkedin.com\/company\/exchange-data-international\/?viewAsMember=true","https:\/\/www.youtube.com\/channel\/UC5D1OpUb22YZANRLD_Ktcgg?view_as=subscriber"]}]}},"_links":{"self":[{"href":"https:\/\/www.exchange-data.com\/de\/wp-json\/wp\/v2\/product\/35772","targetHints":{"allow":["GET"]}}],"collection":[{"href":"https:\/\/www.exchange-data.com\/de\/wp-json\/wp\/v2\/product"}],"about":[{"href":"https:\/\/www.exchange-data.com\/de\/wp-json\/wp\/v2\/types\/product"}],"wp:featuredmedia":[{"embeddable":true,"href":"https:\/\/www.exchange-data.com\/de\/wp-json\/wp\/v2\/media\/34153"}],"wp:attachment":[{"href":"https:\/\/www.exchange-data.com\/de\/wp-json\/wp\/v2\/media?parent=35772"}],"wp:term":[{"taxonomy":"country","embeddable":true,"href":"https:\/\/www.exchange-data.com\/de\/wp-json\/wp\/v2\/country?post=35772"},{"taxonomy":"product_category","embeddable":true,"href":"https:\/\/www.exchange-data.com\/de\/wp-json\/wp\/v2\/product_category?post=35772"}],"curies":[{"name":"wp","href":"https:\/\/api.w.org\/{rel}","templated":true}]}}