{"id":35773,"date":"2018-11-01T10:48:46","date_gmt":"2018-11-01T09:48:46","guid":{"rendered":"https:\/\/www.exchange-data.com\/product\/massgeschneiderte-datenangebote\/"},"modified":"2025-08-14T12:17:28","modified_gmt":"2025-08-14T11:17:28","slug":"massgeschneiderte-datenangebote","status":"publish","type":"product","link":"https:\/\/www.exchange-data.com\/de\/produkt\/massgeschneiderte-datenangebote\/","title":{"rendered":"Individuelle Datenl\u00f6sungen"},"content":{"rendered":"<p><span style=\"font-weight: 400;\">Die meisten B\u00f6rsen, Verm\u00f6gensverwalter, Broker und Datenanbieter pflegen eine Referenzdatenbank f\u00fcr gelistete und nicht gelistete Wertpapiere \u2013 etwa f\u00fcr OTC-Anleihen. EDI kann die Pflege und Aktualisierung der Datenbank \u00fcbernehmen und diese Aufgaben effizienter, schneller und kosteng\u00fcnstiger erledigen als es intern m\u00f6glich w\u00e4re. <\/span><\/p>\n<p><a href=\"https:\/\/www.exchange-data.com\/product\/bespoke-data-offerings\/edi-it-short-overview\/\"><b>7 Gr\u00fcnde f\u00fcr die Auslagerung Ihrer Datenservices an EDI<\/b><\/a><\/p>\n<h4>Outsourcing-Chancen<\/h4>\n<p><span style=\"font-weight: 400;\">Schlie\u00dfen Sie sich den zahlreichen Unternehmen an, die diese Services bereits nutzen \u2013 etwa f\u00fcr:<\/span><\/p>\n<ul>\n<li><span style=\"font-weight: 400;\">Umfassende Beschaffung von Fixed-Income-Dokumenten und Aufbereitung der Anleihebedingungen f\u00fcr ein zu bewertendes Unternehmen<\/span><\/li>\n<li><span style=\"font-weight: 400;\">Zeitgerechte Aktualisierung von Quartals-, Halbjahres- und Jahresberichten b\u00f6rsennotierter Unternehmen in Gro\u00dfbritannien, Australien, Neuseeland sowie von Firmen in wichtigen europ\u00e4ischen, US-amerikanischen, kanadischen und fern\u00f6stlichen Indizes<\/span><\/li>\n<li><span style=\"font-weight: 400;\">Aktuelle Fernaktualisierung von Brokerempfehlungen, Ver\u00e4nderungen in der Unternehmensf\u00fchrung, Transaktionen von Direktoren, Gro\u00dfaktion\u00e4ren und Zeitungshinweisen aus B\u00f6rsenmeldungen und anderen Quellen f\u00fcr einen Internet-Content-Anbieter. Der Kunde nutzt die Zeitunterschiede zwischen Gro\u00dfbritannien und Indien zu seinem Vorteil. <\/span><\/li>\n<li><span style=\"font-weight: 400;\">Transkription von Investoren-, Pool- und Servicing-Berichten f\u00fcr CDO-, MBS- und ABS-Wertpapiere in eine von einer Versicherungsgesellschaft bereitgestellten Vorlage.<\/span><\/li>\n<\/ul>\n<h4>Outsourcing-Kompetenz<\/h4>\n<p><span style=\"font-weight: 400;\">Dank einzigartiger Fach-, Prozess- und IT-Kenntnisse analysiert EDI Datenfl\u00fcsse, implementiert Kontrollmechanismen, passt Datenmodelle und Software an, zerlegt komplexe Prozesse in \u00fcberschaubare Einheiten und sorgt f\u00fcr schnelle, verl\u00e4ssliche Datenaktualisierung.<\/span><\/p>\n<p><span style=\"font-weight: 400;\">Wir verwalten Wertpapierstammdaten und Marktdaten effizient \u2013 auch aus umfangreichen, papierbasierten Quellen.<\/span><\/p>\n<p><span style=\"font-weight: 400;\">Kurz gesagt: Wir verstehen Ihre Anforderungen an Finanzinformationen und liefern exakt das, was Sie brauchen.<\/span><\/p>\n","protected":false},"featured_media":34153,"template":"","country":[],"product_category":[3167,3175],"class_list":["post-35773","product","type-product","status-publish","has-post-thumbnail","hentry","product_category-produkte-und-services","product_category-spezialisierte-angebote-de"],"acf":[],"yoast_head":"<!-- This site is optimized with the Yoast SEO Premium plugin v26.0 (Yoast SEO v26.0) - https:\/\/yoast.com\/wordpress\/plugins\/seo\/ -->\n<title>Individuelle Datenl\u00f6sungen | Exchange Data International<\/title>\n<meta name=\"description\" content=\"Lagern Sie Ihre Referenzdatenbank an EDI aus \u2013 f\u00fcr effiziente, kosteng\u00fcnstige Datenpflege und individuelle L\u00f6sungen mit hoher Qualit\u00e4t und Fachkompetenz.\" \/>\n<meta name=\"robots\" content=\"index, follow, max-snippet:-1, max-image-preview:large, max-video-preview:-1\" \/>\n<link rel=\"canonical\" href=\"https:\/\/www.exchange-data.com\/de\/produkt\/massgeschneiderte-datenangebote\/\" \/>\n<meta property=\"og:locale\" content=\"de_DE\" \/>\n<meta property=\"og:type\" content=\"article\" \/>\n<meta property=\"og:title\" content=\"EDI-Outsourcing-Dienstleistung\" \/>\n<meta property=\"og:description\" content=\"Die meisten B\u00f6rsen, Verm\u00f6gensverwalter, B\u00f6rsenmakler und Datenanbieter unterhalten eine Referenzdatenbank mit b\u00f6rsennotierten und nicht b\u00f6rsennotierten Wertpapieren, z. B. OTC-Anleihen. Die Aufgabe, diese Wertpapier-Referenzdatenbank zu pflegen und auf dem neuesten Stand zu halten, kann an EDI ausgelagert werden, das diese Dienstleistungen zeitnah und effizient zu wesentlich geringeren Kosten erbringt, als wenn die Arbeit intern durchgef\u00fchrt w\u00fcrde.\" \/>\n<meta property=\"og:url\" content=\"https:\/\/www.exchange-data.com\/de\/produkt\/massgeschneiderte-datenangebote\/\" \/>\n<meta property=\"og:site_name\" content=\"Exchange Data International\" \/>\n<meta property=\"article:modified_time\" content=\"2025-08-14T11:17:28+00:00\" \/>\n<meta property=\"og:image\" content=\"https:\/\/www.exchange-data.com\/wp-content\/uploads\/2015\/09\/EDI-Post-Featured-Image-700x400-1.png\" \/>\n<meta name=\"twitter:card\" content=\"summary_large_image\" \/>\n<meta name=\"twitter:title\" content=\"EDI-Outsourcing-Dienstleistung\" \/>\n<meta name=\"twitter:description\" content=\"Die meisten B\u00f6rsen, Verm\u00f6gensverwalter, B\u00f6rsenmakler und Datenanbieter unterhalten eine Referenzdatenbank mit b\u00f6rsennotierten und nicht b\u00f6rsennotierten Wertpapieren, z. B. OTC-Anleihen. Die Aufgabe, diese Wertpapier-Referenzdatenbank zu pflegen und auf dem neuesten Stand zu halten, kann an EDI ausgelagert werden, das diese Dienstleistungen zeitnah und effizient zu wesentlich geringeren Kosten erbringt, als wenn die Arbeit intern durchgef\u00fchrt w\u00fcrde.\" \/>\n<meta name=\"twitter:image\" content=\"https:\/\/www.exchange-data.com\/wp-content\/uploads\/2015\/09\/EDI-Post-Featured-Image-700x400-1.png\" \/>\n<meta name=\"twitter:site\" content=\"@ExchangeData\" \/>\n<meta name=\"twitter:label1\" content=\"Gesch\u00e4tzte Lesezeit\" \/>\n\t<meta name=\"twitter:data1\" content=\"2\u00a0Minuten\" \/>\n<script type=\"application\/ld+json\" class=\"yoast-schema-graph\">{\"@context\":\"https:\/\/schema.org\",\"@graph\":[{\"@type\":\"WebPage\",\"@id\":\"https:\/\/www.exchange-data.com\/de\/produkt\/massgeschneiderte-datenangebote\/\",\"url\":\"https:\/\/www.exchange-data.com\/de\/produkt\/massgeschneiderte-datenangebote\/\",\"name\":\"Individuelle Datenl\u00f6sungen | Exchange Data International\",\"isPartOf\":{\"@id\":\"https:\/\/www.exchange-data.com\/de\/#website\"},\"primaryImageOfPage\":{\"@id\":\"https:\/\/www.exchange-data.com\/de\/produkt\/massgeschneiderte-datenangebote\/#primaryimage\"},\"image\":{\"@id\":\"https:\/\/www.exchange-data.com\/de\/produkt\/massgeschneiderte-datenangebote\/#primaryimage\"},\"thumbnailUrl\":\"https:\/\/www.exchange-data.com\/wp-content\/uploads\/2015\/09\/EDI-Post-Featured-Image-700x400-1.png\",\"datePublished\":\"2018-11-01T09:48:46+00:00\",\"dateModified\":\"2025-08-14T11:17:28+00:00\",\"description\":\"Lagern Sie Ihre Referenzdatenbank an EDI aus \u2013 f\u00fcr effiziente, kosteng\u00fcnstige Datenpflege und individuelle L\u00f6sungen mit hoher Qualit\u00e4t und Fachkompetenz.\",\"breadcrumb\":{\"@id\":\"https:\/\/www.exchange-data.com\/de\/produkt\/massgeschneiderte-datenangebote\/#breadcrumb\"},\"inLanguage\":\"de\",\"potentialAction\":[{\"@type\":\"ReadAction\",\"target\":[\"https:\/\/www.exchange-data.com\/de\/produkt\/massgeschneiderte-datenangebote\/\"]}]},{\"@type\":\"ImageObject\",\"inLanguage\":\"de\",\"@id\":\"https:\/\/www.exchange-data.com\/de\/produkt\/massgeschneiderte-datenangebote\/#primaryimage\",\"url\":\"https:\/\/www.exchange-data.com\/wp-content\/uploads\/2015\/09\/EDI-Post-Featured-Image-700x400-1.png\",\"contentUrl\":\"https:\/\/www.exchange-data.com\/wp-content\/uploads\/2015\/09\/EDI-Post-Featured-Image-700x400-1.png\",\"width\":700,\"height\":400,\"caption\":\"Exchange Data International\"},{\"@type\":\"BreadcrumbList\",\"@id\":\"https:\/\/www.exchange-data.com\/de\/produkt\/massgeschneiderte-datenangebote\/#breadcrumb\",\"itemListElement\":[{\"@type\":\"ListItem\",\"position\":1,\"name\":\"Home\",\"item\":\"https:\/\/www.exchange-data.com\/de\/startseite\/\"},{\"@type\":\"ListItem\",\"position\":2,\"name\":\"Individuelle Datenl\u00f6sungen\"}]},{\"@type\":\"WebSite\",\"@id\":\"https:\/\/www.exchange-data.com\/de\/#website\",\"url\":\"https:\/\/www.exchange-data.com\/de\/\",\"name\":\"Exchange Data International\",\"description\":\"Doing data differently\",\"publisher\":{\"@id\":\"https:\/\/www.exchange-data.com\/de\/#organization\"},\"potentialAction\":[{\"@type\":\"SearchAction\",\"target\":{\"@type\":\"EntryPoint\",\"urlTemplate\":\"https:\/\/www.exchange-data.com\/de\/?s={search_term_string}\"},\"query-input\":{\"@type\":\"PropertyValueSpecification\",\"valueRequired\":true,\"valueName\":\"search_term_string\"}}],\"inLanguage\":\"de\"},{\"@type\":\"Organization\",\"@id\":\"https:\/\/www.exchange-data.com\/de\/#organization\",\"name\":\"Exchange Data International\",\"url\":\"https:\/\/www.exchange-data.com\/de\/\",\"logo\":{\"@type\":\"ImageObject\",\"inLanguage\":\"de\",\"@id\":\"https:\/\/www.exchange-data.com\/de\/#\/schema\/logo\/image\/\",\"url\":\"https:\/\/www.exchange-data.com\/wp-content\/uploads\/2019\/03\/logo3.png\",\"contentUrl\":\"https:\/\/www.exchange-data.com\/wp-content\/uploads\/2019\/03\/logo3.png\",\"width\":200,\"height\":80,\"caption\":\"Exchange Data International\"},\"image\":{\"@id\":\"https:\/\/www.exchange-data.com\/de\/#\/schema\/logo\/image\/\"},\"sameAs\":[\"https:\/\/x.com\/ExchangeData\",\"https:\/\/www.linkedin.com\/company\/exchange-data-international\/?viewAsMember=true\",\"https:\/\/www.youtube.com\/channel\/UC5D1OpUb22YZANRLD_Ktcgg?view_as=subscriber\"]}]}<\/script>\n<!-- \/ Yoast SEO Premium plugin. -->","yoast_head_json":{"title":"Individuelle Datenl\u00f6sungen | Exchange Data International","description":"Lagern Sie Ihre Referenzdatenbank an EDI aus \u2013 f\u00fcr effiziente, kosteng\u00fcnstige Datenpflege und individuelle L\u00f6sungen mit hoher Qualit\u00e4t und Fachkompetenz.","robots":{"index":"index","follow":"follow","max-snippet":"max-snippet:-1","max-image-preview":"max-image-preview:large","max-video-preview":"max-video-preview:-1"},"canonical":"https:\/\/www.exchange-data.com\/de\/produkt\/massgeschneiderte-datenangebote\/","og_locale":"de_DE","og_type":"article","og_title":"EDI-Outsourcing-Dienstleistung","og_description":"Die meisten B\u00f6rsen, Verm\u00f6gensverwalter, B\u00f6rsenmakler und Datenanbieter unterhalten eine Referenzdatenbank mit b\u00f6rsennotierten und nicht b\u00f6rsennotierten Wertpapieren, z. B. OTC-Anleihen. Die Aufgabe, diese Wertpapier-Referenzdatenbank zu pflegen und auf dem neuesten Stand zu halten, kann an EDI ausgelagert werden, das diese Dienstleistungen zeitnah und effizient zu wesentlich geringeren Kosten erbringt, als wenn die Arbeit intern durchgef\u00fchrt w\u00fcrde.","og_url":"https:\/\/www.exchange-data.com\/de\/produkt\/massgeschneiderte-datenangebote\/","og_site_name":"Exchange Data International","article_modified_time":"2025-08-14T11:17:28+00:00","og_image":[{"url":"https:\/\/www.exchange-data.com\/wp-content\/uploads\/2015\/09\/EDI-Post-Featured-Image-700x400-1.png","type":"","width":"","height":""}],"twitter_card":"summary_large_image","twitter_title":"EDI-Outsourcing-Dienstleistung","twitter_description":"Die meisten B\u00f6rsen, Verm\u00f6gensverwalter, B\u00f6rsenmakler und Datenanbieter unterhalten eine Referenzdatenbank mit b\u00f6rsennotierten und nicht b\u00f6rsennotierten Wertpapieren, z. B. OTC-Anleihen. Die Aufgabe, diese Wertpapier-Referenzdatenbank zu pflegen und auf dem neuesten Stand zu halten, kann an EDI ausgelagert werden, das diese Dienstleistungen zeitnah und effizient zu wesentlich geringeren Kosten erbringt, als wenn die Arbeit intern durchgef\u00fchrt w\u00fcrde.","twitter_image":"https:\/\/www.exchange-data.com\/wp-content\/uploads\/2015\/09\/EDI-Post-Featured-Image-700x400-1.png","twitter_site":"@ExchangeData","twitter_misc":{"Gesch\u00e4tzte Lesezeit":"2\u00a0Minuten"},"schema":{"@context":"https:\/\/schema.org","@graph":[{"@type":"WebPage","@id":"https:\/\/www.exchange-data.com\/de\/produkt\/massgeschneiderte-datenangebote\/","url":"https:\/\/www.exchange-data.com\/de\/produkt\/massgeschneiderte-datenangebote\/","name":"Individuelle Datenl\u00f6sungen | Exchange Data International","isPartOf":{"@id":"https:\/\/www.exchange-data.com\/de\/#website"},"primaryImageOfPage":{"@id":"https:\/\/www.exchange-data.com\/de\/produkt\/massgeschneiderte-datenangebote\/#primaryimage"},"image":{"@id":"https:\/\/www.exchange-data.com\/de\/produkt\/massgeschneiderte-datenangebote\/#primaryimage"},"thumbnailUrl":"https:\/\/www.exchange-data.com\/wp-content\/uploads\/2015\/09\/EDI-Post-Featured-Image-700x400-1.png","datePublished":"2018-11-01T09:48:46+00:00","dateModified":"2025-08-14T11:17:28+00:00","description":"Lagern Sie Ihre Referenzdatenbank an EDI aus \u2013 f\u00fcr effiziente, kosteng\u00fcnstige Datenpflege und individuelle L\u00f6sungen mit hoher Qualit\u00e4t und Fachkompetenz.","breadcrumb":{"@id":"https:\/\/www.exchange-data.com\/de\/produkt\/massgeschneiderte-datenangebote\/#breadcrumb"},"inLanguage":"de","potentialAction":[{"@type":"ReadAction","target":["https:\/\/www.exchange-data.com\/de\/produkt\/massgeschneiderte-datenangebote\/"]}]},{"@type":"ImageObject","inLanguage":"de","@id":"https:\/\/www.exchange-data.com\/de\/produkt\/massgeschneiderte-datenangebote\/#primaryimage","url":"https:\/\/www.exchange-data.com\/wp-content\/uploads\/2015\/09\/EDI-Post-Featured-Image-700x400-1.png","contentUrl":"https:\/\/www.exchange-data.com\/wp-content\/uploads\/2015\/09\/EDI-Post-Featured-Image-700x400-1.png","width":700,"height":400,"caption":"Exchange Data International"},{"@type":"BreadcrumbList","@id":"https:\/\/www.exchange-data.com\/de\/produkt\/massgeschneiderte-datenangebote\/#breadcrumb","itemListElement":[{"@type":"ListItem","position":1,"name":"Home","item":"https:\/\/www.exchange-data.com\/de\/startseite\/"},{"@type":"ListItem","position":2,"name":"Individuelle Datenl\u00f6sungen"}]},{"@type":"WebSite","@id":"https:\/\/www.exchange-data.com\/de\/#website","url":"https:\/\/www.exchange-data.com\/de\/","name":"Exchange Data International","description":"Doing data differently","publisher":{"@id":"https:\/\/www.exchange-data.com\/de\/#organization"},"potentialAction":[{"@type":"SearchAction","target":{"@type":"EntryPoint","urlTemplate":"https:\/\/www.exchange-data.com\/de\/?s={search_term_string}"},"query-input":{"@type":"PropertyValueSpecification","valueRequired":true,"valueName":"search_term_string"}}],"inLanguage":"de"},{"@type":"Organization","@id":"https:\/\/www.exchange-data.com\/de\/#organization","name":"Exchange Data International","url":"https:\/\/www.exchange-data.com\/de\/","logo":{"@type":"ImageObject","inLanguage":"de","@id":"https:\/\/www.exchange-data.com\/de\/#\/schema\/logo\/image\/","url":"https:\/\/www.exchange-data.com\/wp-content\/uploads\/2019\/03\/logo3.png","contentUrl":"https:\/\/www.exchange-data.com\/wp-content\/uploads\/2019\/03\/logo3.png","width":200,"height":80,"caption":"Exchange Data International"},"image":{"@id":"https:\/\/www.exchange-data.com\/de\/#\/schema\/logo\/image\/"},"sameAs":["https:\/\/x.com\/ExchangeData","https:\/\/www.linkedin.com\/company\/exchange-data-international\/?viewAsMember=true","https:\/\/www.youtube.com\/channel\/UC5D1OpUb22YZANRLD_Ktcgg?view_as=subscriber"]}]}},"_links":{"self":[{"href":"https:\/\/www.exchange-data.com\/de\/wp-json\/wp\/v2\/product\/35773","targetHints":{"allow":["GET"]}}],"collection":[{"href":"https:\/\/www.exchange-data.com\/de\/wp-json\/wp\/v2\/product"}],"about":[{"href":"https:\/\/www.exchange-data.com\/de\/wp-json\/wp\/v2\/types\/product"}],"wp:featuredmedia":[{"embeddable":true,"href":"https:\/\/www.exchange-data.com\/de\/wp-json\/wp\/v2\/media\/34153"}],"wp:attachment":[{"href":"https:\/\/www.exchange-data.com\/de\/wp-json\/wp\/v2\/media?parent=35773"}],"wp:term":[{"taxonomy":"country","embeddable":true,"href":"https:\/\/www.exchange-data.com\/de\/wp-json\/wp\/v2\/country?post=35773"},{"taxonomy":"product_category","embeddable":true,"href":"https:\/\/www.exchange-data.com\/de\/wp-json\/wp\/v2\/product_category?post=35773"}],"curies":[{"name":"wp","href":"https:\/\/api.w.org\/{rel}","templated":true}]}}