{"id":35774,"date":"2019-01-29T17:39:02","date_gmt":"2019-01-29T16:39:02","guid":{"rendered":"https:\/\/www.exchange-data.com\/product\/us-konkursdaten\/"},"modified":"2025-08-12T09:56:36","modified_gmt":"2025-08-12T08:56:36","slug":"us-konkursdaten","status":"publish","type":"product","link":"https:\/\/www.exchange-data.com\/de\/produkt\/us-konkursdaten\/","title":{"rendered":"US-Insolvenzdaten"},"content":{"rendered":"<p><span style=\"font-weight: 400;\">Mit dem US Bankruptcy Data Service erhalten Sie umfassende Insolvenzinformationen direkt zur Hand \u2013 f\u00fcr fundierte Analysen, gezielte Recherchen und eine effektive \u00dcberwachung von Risikof\u00e4llen.<\/span><\/p>\n<p><span style=\"font-weight: 400;\">Die Fallinformationen s\u00e4mtlicher Unternehmen, die Insolvenz bei einem der 94 US-amerikanischen Insolvenzgerichte anmelden, werden t\u00e4glich aktualisiert \u2013 aktuell umfasst die Datenbank \u00fcber 500.000 insolvente Unternehmen.<\/span><\/p>\n<p><span style=\"font-weight: 400;\">Neben dieser umfassenden Datenbasis verfolgen wir jedes b\u00f6rsennotierte Unternehmen, das sich aktuell unter Chapter 11 befindet, und berichten regelm\u00e4\u00dfig dar\u00fcber. So bleibt die \u00f6ffentliche Berichterstattung zur Insolvenz durchg\u00e4ngig verf\u00fcgbar. <\/span><\/p>\n<p>&nbsp;<\/p>\n<h2>Wie helfen Ihnen die US-Insolvenzdaten konkret?<\/h2>\n<p>&nbsp;<\/p>\n<ul>\n<li><span style=\"font-weight: 400;\">Aktuelle Entwicklungen im Blick behalten \u2013 mit Bankruptcy Daily und Bankruptcy Week<\/span><\/li>\n<li><span style=\"font-weight: 400;\">Branchenanalysen durchf\u00fchren \u2013 \u00fcber eine erweiterte, individuell anpassbare Suchplattform<\/span><\/li>\n<li><span style=\"font-weight: 400;\">Suchergebnisse exportieren \u2013 zur Weiterverarbeitung und Analyse<\/span><\/li>\n<li><span style=\"font-weight: 400;\">Vertriebschancen identifizieren \u2013 mit t\u00e4glichen Listen insolventer Unternehmen<\/span><\/li>\n<li><span style=\"font-weight: 400;\">Wettbewerber \u00fcberwachen \u2013 \u00fcber unsere professionelle Datenbank zu Beratermandaten<\/span><\/li>\n<li><span style=\"font-weight: 400;\">Interne Systeme anbinden \u2013 \u00fcber APIs und ma\u00dfgeschneiderte Datenfeeds<\/span><\/li>\n<\/ul>\n<p>&nbsp;<\/p>\n<h3>Datenfeeds<\/h3>\n<p>&nbsp;<\/p>\n<h4>Die Massendaten von Konkursen k\u00f6nnen in Anwendungen f\u00fcr folgende Zwecke verwendet werden:<\/h4>\n<p>&nbsp;<\/p>\n<ul>\n<li><span style=\"font-weight: 400;\">Bonit\u00e4ts- und Ausfallrisikomodelle<\/span><\/li>\n<li><span style=\"font-weight: 400;\">Kundenprofilierung<\/span><\/li>\n<li><span style=\"font-weight: 400;\">Screening potenzieller Investments<\/span><\/li>\n<li><span style=\"font-weight: 400;\">Gl\u00e4ubigeranalyse<\/span><\/li>\n<li><span style=\"font-weight: 400;\">Daten zu Reorganisationen und Sanierungen<\/span><\/li>\n<li><span style=\"font-weight: 400;\">Handelssignale auf Basis kombinierter Datenquellen<\/span><\/li>\n<li><span style=\"font-weight: 400;\">Etc.<\/span><\/li>\n<\/ul>\n","protected":false},"featured_media":34153,"template":"","country":[],"product_category":[3191,3167],"class_list":["post-35774","product","type-product","status-publish","has-post-thumbnail","hentry","product_category-equity-corporate-actions","product_category-produkte-und-services"],"acf":[],"yoast_head":"<!-- This site is optimized with the Yoast SEO Premium plugin v26.0 (Yoast SEO v26.0) - https:\/\/yoast.com\/wordpress\/plugins\/seo\/ -->\n<title>US-Insolvenzdaten | Exchange Data International<\/title>\n<meta name=\"description\" content=\"Profitieren Sie von t\u00e4glichen US-Insolvenzdaten \u2013 f\u00fcr Kreditrisikomodelle, Markt\u00fcberwachung, Gl\u00e4ubigerprofile und fundierte Gesch\u00e4ftsentscheidungen.\" \/>\n<meta name=\"robots\" content=\"index, follow, max-snippet:-1, max-image-preview:large, max-video-preview:-1\" \/>\n<link rel=\"canonical\" href=\"https:\/\/www.exchange-data.com\/de\/produkt\/us-konkursdaten\/\" \/>\n<meta property=\"og:locale\" content=\"de_DE\" \/>\n<meta property=\"og:type\" content=\"article\" \/>\n<meta property=\"og:title\" content=\"US-Konkursdaten\" \/>\n<meta property=\"og:description\" content=\"Mit dem US Bankruptcy Data Service k\u00f6nnen Kunden ihre Analysen verbessern, ihre Suche rationalisieren und ihre Bem\u00fchungen mit detaillierten Konkursinformationen direkt auf Knopfdruck \u00fcberwachen. Die Fallinformationen f\u00fcr alle Unternehmen, die bei den 94 US-Konkursgerichten Konkurs anmelden, werden t\u00e4glich importiert und aktualisiert und umfassen derzeit mehr als 500.000 insolvente Unternehmen. Zus\u00e4tzlich zu dieser umfangreichen Datenbank &quot;verfolgen&quot; wir jedes b\u00f6rsennotierte Unternehmen, das derzeit unter dem Schutz von Chapter 11 steht, und schreiben Nachrichten dar\u00fcber. Dieser Prozess erm\u00f6glicht es uns, weiterhin Informationen \u00fcber den Konkurs von \u00f6ffentlichen Unternehmen zu sammeln.\" \/>\n<meta property=\"og:url\" content=\"https:\/\/www.exchange-data.com\/de\/produkt\/us-konkursdaten\/\" \/>\n<meta property=\"og:site_name\" content=\"Exchange Data International\" \/>\n<meta property=\"article:modified_time\" content=\"2025-08-12T08:56:36+00:00\" \/>\n<meta property=\"og:image\" content=\"https:\/\/www.exchange-data.com\/wp-content\/uploads\/2015\/09\/EDI-Post-Featured-Image-700x400-1.png\" \/>\n<meta name=\"twitter:card\" content=\"summary_large_image\" \/>\n<meta name=\"twitter:title\" content=\"US-Konkursdaten\" \/>\n<meta name=\"twitter:description\" content=\"Mit dem US Bankruptcy Data Service k\u00f6nnen Kunden ihre Analysen verbessern, ihre Suche rationalisieren und ihre Bem\u00fchungen mit detaillierten Konkursinformationen direkt auf Knopfdruck \u00fcberwachen. Die Fallinformationen f\u00fcr alle Unternehmen, die bei den 94 US-Konkursgerichten Konkurs anmelden, werden t\u00e4glich importiert und aktualisiert und umfassen derzeit mehr als 500.000 insolvente Unternehmen. Zus\u00e4tzlich zu dieser umfangreichen Datenbank &quot;verfolgen&quot; wir jedes b\u00f6rsennotierte Unternehmen, das derzeit unter dem Schutz von Chapter 11 steht, und schreiben Nachrichten dar\u00fcber. Dieser Prozess erm\u00f6glicht es uns, weiterhin Informationen \u00fcber den Konkurs von \u00f6ffentlichen Unternehmen zu sammeln.\" \/>\n<meta name=\"twitter:image\" content=\"https:\/\/www.exchange-data.com\/wp-content\/uploads\/2015\/09\/EDI-Post-Featured-Image-700x400-1.png\" \/>\n<meta name=\"twitter:site\" content=\"@ExchangeData\" \/>\n<meta name=\"twitter:label1\" content=\"Gesch\u00e4tzte Lesezeit\" \/>\n\t<meta name=\"twitter:data1\" content=\"2\u00a0Minuten\" \/>\n<script type=\"application\/ld+json\" class=\"yoast-schema-graph\">{\"@context\":\"https:\/\/schema.org\",\"@graph\":[{\"@type\":\"WebPage\",\"@id\":\"https:\/\/www.exchange-data.com\/de\/produkt\/us-konkursdaten\/\",\"url\":\"https:\/\/www.exchange-data.com\/de\/produkt\/us-konkursdaten\/\",\"name\":\"US-Insolvenzdaten | Exchange Data International\",\"isPartOf\":{\"@id\":\"https:\/\/www.exchange-data.com\/de\/#website\"},\"primaryImageOfPage\":{\"@id\":\"https:\/\/www.exchange-data.com\/de\/produkt\/us-konkursdaten\/#primaryimage\"},\"image\":{\"@id\":\"https:\/\/www.exchange-data.com\/de\/produkt\/us-konkursdaten\/#primaryimage\"},\"thumbnailUrl\":\"https:\/\/www.exchange-data.com\/wp-content\/uploads\/2015\/09\/EDI-Post-Featured-Image-700x400-1.png\",\"datePublished\":\"2019-01-29T16:39:02+00:00\",\"dateModified\":\"2025-08-12T08:56:36+00:00\",\"description\":\"Profitieren Sie von t\u00e4glichen US-Insolvenzdaten \u2013 f\u00fcr Kreditrisikomodelle, Markt\u00fcberwachung, Gl\u00e4ubigerprofile und fundierte Gesch\u00e4ftsentscheidungen.\",\"breadcrumb\":{\"@id\":\"https:\/\/www.exchange-data.com\/de\/produkt\/us-konkursdaten\/#breadcrumb\"},\"inLanguage\":\"de\",\"potentialAction\":[{\"@type\":\"ReadAction\",\"target\":[\"https:\/\/www.exchange-data.com\/de\/produkt\/us-konkursdaten\/\"]}]},{\"@type\":\"ImageObject\",\"inLanguage\":\"de\",\"@id\":\"https:\/\/www.exchange-data.com\/de\/produkt\/us-konkursdaten\/#primaryimage\",\"url\":\"https:\/\/www.exchange-data.com\/wp-content\/uploads\/2015\/09\/EDI-Post-Featured-Image-700x400-1.png\",\"contentUrl\":\"https:\/\/www.exchange-data.com\/wp-content\/uploads\/2015\/09\/EDI-Post-Featured-Image-700x400-1.png\",\"width\":700,\"height\":400,\"caption\":\"Exchange Data International\"},{\"@type\":\"BreadcrumbList\",\"@id\":\"https:\/\/www.exchange-data.com\/de\/produkt\/us-konkursdaten\/#breadcrumb\",\"itemListElement\":[{\"@type\":\"ListItem\",\"position\":1,\"name\":\"Home\",\"item\":\"https:\/\/www.exchange-data.com\/de\/startseite\/\"},{\"@type\":\"ListItem\",\"position\":2,\"name\":\"US-Insolvenzdaten\"}]},{\"@type\":\"WebSite\",\"@id\":\"https:\/\/www.exchange-data.com\/de\/#website\",\"url\":\"https:\/\/www.exchange-data.com\/de\/\",\"name\":\"Exchange Data International\",\"description\":\"Doing data differently\",\"publisher\":{\"@id\":\"https:\/\/www.exchange-data.com\/de\/#organization\"},\"potentialAction\":[{\"@type\":\"SearchAction\",\"target\":{\"@type\":\"EntryPoint\",\"urlTemplate\":\"https:\/\/www.exchange-data.com\/de\/?s={search_term_string}\"},\"query-input\":{\"@type\":\"PropertyValueSpecification\",\"valueRequired\":true,\"valueName\":\"search_term_string\"}}],\"inLanguage\":\"de\"},{\"@type\":\"Organization\",\"@id\":\"https:\/\/www.exchange-data.com\/de\/#organization\",\"name\":\"Exchange Data International\",\"url\":\"https:\/\/www.exchange-data.com\/de\/\",\"logo\":{\"@type\":\"ImageObject\",\"inLanguage\":\"de\",\"@id\":\"https:\/\/www.exchange-data.com\/de\/#\/schema\/logo\/image\/\",\"url\":\"https:\/\/www.exchange-data.com\/wp-content\/uploads\/2019\/03\/logo3.png\",\"contentUrl\":\"https:\/\/www.exchange-data.com\/wp-content\/uploads\/2019\/03\/logo3.png\",\"width\":200,\"height\":80,\"caption\":\"Exchange Data International\"},\"image\":{\"@id\":\"https:\/\/www.exchange-data.com\/de\/#\/schema\/logo\/image\/\"},\"sameAs\":[\"https:\/\/x.com\/ExchangeData\",\"https:\/\/www.linkedin.com\/company\/exchange-data-international\/?viewAsMember=true\",\"https:\/\/www.youtube.com\/channel\/UC5D1OpUb22YZANRLD_Ktcgg?view_as=subscriber\"]}]}<\/script>\n<!-- \/ Yoast SEO Premium plugin. -->","yoast_head_json":{"title":"US-Insolvenzdaten | Exchange Data International","description":"Profitieren Sie von t\u00e4glichen US-Insolvenzdaten \u2013 f\u00fcr Kreditrisikomodelle, Markt\u00fcberwachung, Gl\u00e4ubigerprofile und fundierte Gesch\u00e4ftsentscheidungen.","robots":{"index":"index","follow":"follow","max-snippet":"max-snippet:-1","max-image-preview":"max-image-preview:large","max-video-preview":"max-video-preview:-1"},"canonical":"https:\/\/www.exchange-data.com\/de\/produkt\/us-konkursdaten\/","og_locale":"de_DE","og_type":"article","og_title":"US-Konkursdaten","og_description":"Mit dem US Bankruptcy Data Service k\u00f6nnen Kunden ihre Analysen verbessern, ihre Suche rationalisieren und ihre Bem\u00fchungen mit detaillierten Konkursinformationen direkt auf Knopfdruck \u00fcberwachen. Die Fallinformationen f\u00fcr alle Unternehmen, die bei den 94 US-Konkursgerichten Konkurs anmelden, werden t\u00e4glich importiert und aktualisiert und umfassen derzeit mehr als 500.000 insolvente Unternehmen. Zus\u00e4tzlich zu dieser umfangreichen Datenbank \"verfolgen\" wir jedes b\u00f6rsennotierte Unternehmen, das derzeit unter dem Schutz von Chapter 11 steht, und schreiben Nachrichten dar\u00fcber. Dieser Prozess erm\u00f6glicht es uns, weiterhin Informationen \u00fcber den Konkurs von \u00f6ffentlichen Unternehmen zu sammeln.","og_url":"https:\/\/www.exchange-data.com\/de\/produkt\/us-konkursdaten\/","og_site_name":"Exchange Data International","article_modified_time":"2025-08-12T08:56:36+00:00","og_image":[{"url":"https:\/\/www.exchange-data.com\/wp-content\/uploads\/2015\/09\/EDI-Post-Featured-Image-700x400-1.png","type":"","width":"","height":""}],"twitter_card":"summary_large_image","twitter_title":"US-Konkursdaten","twitter_description":"Mit dem US Bankruptcy Data Service k\u00f6nnen Kunden ihre Analysen verbessern, ihre Suche rationalisieren und ihre Bem\u00fchungen mit detaillierten Konkursinformationen direkt auf Knopfdruck \u00fcberwachen. Die Fallinformationen f\u00fcr alle Unternehmen, die bei den 94 US-Konkursgerichten Konkurs anmelden, werden t\u00e4glich importiert und aktualisiert und umfassen derzeit mehr als 500.000 insolvente Unternehmen. Zus\u00e4tzlich zu dieser umfangreichen Datenbank \"verfolgen\" wir jedes b\u00f6rsennotierte Unternehmen, das derzeit unter dem Schutz von Chapter 11 steht, und schreiben Nachrichten dar\u00fcber. Dieser Prozess erm\u00f6glicht es uns, weiterhin Informationen \u00fcber den Konkurs von \u00f6ffentlichen Unternehmen zu sammeln.","twitter_image":"https:\/\/www.exchange-data.com\/wp-content\/uploads\/2015\/09\/EDI-Post-Featured-Image-700x400-1.png","twitter_site":"@ExchangeData","twitter_misc":{"Gesch\u00e4tzte Lesezeit":"2\u00a0Minuten"},"schema":{"@context":"https:\/\/schema.org","@graph":[{"@type":"WebPage","@id":"https:\/\/www.exchange-data.com\/de\/produkt\/us-konkursdaten\/","url":"https:\/\/www.exchange-data.com\/de\/produkt\/us-konkursdaten\/","name":"US-Insolvenzdaten | Exchange Data International","isPartOf":{"@id":"https:\/\/www.exchange-data.com\/de\/#website"},"primaryImageOfPage":{"@id":"https:\/\/www.exchange-data.com\/de\/produkt\/us-konkursdaten\/#primaryimage"},"image":{"@id":"https:\/\/www.exchange-data.com\/de\/produkt\/us-konkursdaten\/#primaryimage"},"thumbnailUrl":"https:\/\/www.exchange-data.com\/wp-content\/uploads\/2015\/09\/EDI-Post-Featured-Image-700x400-1.png","datePublished":"2019-01-29T16:39:02+00:00","dateModified":"2025-08-12T08:56:36+00:00","description":"Profitieren Sie von t\u00e4glichen US-Insolvenzdaten \u2013 f\u00fcr Kreditrisikomodelle, Markt\u00fcberwachung, Gl\u00e4ubigerprofile und fundierte Gesch\u00e4ftsentscheidungen.","breadcrumb":{"@id":"https:\/\/www.exchange-data.com\/de\/produkt\/us-konkursdaten\/#breadcrumb"},"inLanguage":"de","potentialAction":[{"@type":"ReadAction","target":["https:\/\/www.exchange-data.com\/de\/produkt\/us-konkursdaten\/"]}]},{"@type":"ImageObject","inLanguage":"de","@id":"https:\/\/www.exchange-data.com\/de\/produkt\/us-konkursdaten\/#primaryimage","url":"https:\/\/www.exchange-data.com\/wp-content\/uploads\/2015\/09\/EDI-Post-Featured-Image-700x400-1.png","contentUrl":"https:\/\/www.exchange-data.com\/wp-content\/uploads\/2015\/09\/EDI-Post-Featured-Image-700x400-1.png","width":700,"height":400,"caption":"Exchange Data International"},{"@type":"BreadcrumbList","@id":"https:\/\/www.exchange-data.com\/de\/produkt\/us-konkursdaten\/#breadcrumb","itemListElement":[{"@type":"ListItem","position":1,"name":"Home","item":"https:\/\/www.exchange-data.com\/de\/startseite\/"},{"@type":"ListItem","position":2,"name":"US-Insolvenzdaten"}]},{"@type":"WebSite","@id":"https:\/\/www.exchange-data.com\/de\/#website","url":"https:\/\/www.exchange-data.com\/de\/","name":"Exchange Data International","description":"Doing data differently","publisher":{"@id":"https:\/\/www.exchange-data.com\/de\/#organization"},"potentialAction":[{"@type":"SearchAction","target":{"@type":"EntryPoint","urlTemplate":"https:\/\/www.exchange-data.com\/de\/?s={search_term_string}"},"query-input":{"@type":"PropertyValueSpecification","valueRequired":true,"valueName":"search_term_string"}}],"inLanguage":"de"},{"@type":"Organization","@id":"https:\/\/www.exchange-data.com\/de\/#organization","name":"Exchange Data International","url":"https:\/\/www.exchange-data.com\/de\/","logo":{"@type":"ImageObject","inLanguage":"de","@id":"https:\/\/www.exchange-data.com\/de\/#\/schema\/logo\/image\/","url":"https:\/\/www.exchange-data.com\/wp-content\/uploads\/2019\/03\/logo3.png","contentUrl":"https:\/\/www.exchange-data.com\/wp-content\/uploads\/2019\/03\/logo3.png","width":200,"height":80,"caption":"Exchange Data International"},"image":{"@id":"https:\/\/www.exchange-data.com\/de\/#\/schema\/logo\/image\/"},"sameAs":["https:\/\/x.com\/ExchangeData","https:\/\/www.linkedin.com\/company\/exchange-data-international\/?viewAsMember=true","https:\/\/www.youtube.com\/channel\/UC5D1OpUb22YZANRLD_Ktcgg?view_as=subscriber"]}]}},"_links":{"self":[{"href":"https:\/\/www.exchange-data.com\/de\/wp-json\/wp\/v2\/product\/35774","targetHints":{"allow":["GET"]}}],"collection":[{"href":"https:\/\/www.exchange-data.com\/de\/wp-json\/wp\/v2\/product"}],"about":[{"href":"https:\/\/www.exchange-data.com\/de\/wp-json\/wp\/v2\/types\/product"}],"wp:featuredmedia":[{"embeddable":true,"href":"https:\/\/www.exchange-data.com\/de\/wp-json\/wp\/v2\/media\/34153"}],"wp:attachment":[{"href":"https:\/\/www.exchange-data.com\/de\/wp-json\/wp\/v2\/media?parent=35774"}],"wp:term":[{"taxonomy":"country","embeddable":true,"href":"https:\/\/www.exchange-data.com\/de\/wp-json\/wp\/v2\/country?post=35774"},{"taxonomy":"product_category","embeddable":true,"href":"https:\/\/www.exchange-data.com\/de\/wp-json\/wp\/v2\/product_category?post=35774"}],"curies":[{"name":"wp","href":"https:\/\/api.w.org\/{rel}","templated":true}]}}