{"id":35775,"date":"2018-11-01T10:47:08","date_gmt":"2018-11-01T09:47:08","guid":{"rendered":"https:\/\/www.exchange-data.com\/product\/edi-unternehmungen\/"},"modified":"2025-08-12T10:46:38","modified_gmt":"2025-08-12T09:46:38","slug":"edi-unternehmungen","status":"publish","type":"product","link":"https:\/\/www.exchange-data.com\/de\/produkt\/edi-unternehmungen\/","title":{"rendered":"EDI Ventures"},"content":{"rendered":"<h4>Starten Sie mit kostenlosen Finanzdaten durch \u2013 mit EDI Ventures<\/h4>\n<p><span style=\"font-weight: 400;\">Wir wissen noch genau, wie es ist, ein Unternehmen zu gr\u00fcnden \u2013 mit einer gro\u00dfen Idee und einem sehr begrenzten Budget.<\/span><\/p>\n<p><span style=\"font-weight: 400;\"><a href=\"https:\/\/www.exchange-data.com\/get-complimentary-financial-data-to-jump-start-your-business-with-edi-ventures\/\">EDI Ventures<\/a> hat bereits erfolgreich junge Fintech-Unternehmen im Fr\u00fchstadium in das Programm aufgenommen. Unsere Partner sehen bereits die Vorteile und gewinnen aktiv Abonnenten f\u00fcr ihre Services. <\/span><\/p>\n<p><b>Wie unterst\u00fctzen wir Sie?<\/b><\/p>\n<p><span style=\"font-weight: 400;\">Wir stellen Ihnen die ben\u00f6tigten Daten kostenlos zur Verf\u00fcgung \u2013 damit Sie den entscheidenden \u201eProof of Concept\u201c-Schritt erreichen k\u00f6nnen. So demonstrieren Sie Ihr Produkt potenziellen Nutzern, Partnern und Lieferanten.<\/span><\/p>\n<p><b>Was springt f\u00fcr uns dabei heraus?<\/b><\/p>\n<p><b>Wir bitten um zwei Dinge:<\/b><\/p>\n<p>1. Eine Umsatzbeteiligung an den Verk\u00e4ufen, die auf Basis unserer Daten generiert werden \u2013 dies sichert Ihnen gleichzeitig das Recht auf eine fortlaufende, kostenlose Datenbereitstellung.<\/p>\n<p>2. Eine Beteiligungsoption an Ihrem Unternehmen als Ausgleich daf\u00fcr, dass wir fr\u00fchzeitig ins Risiko gehen und Ihnen finanzielle Entlastung verschaffen.<\/p>\n<p><span style=\"font-weight: 400;\">Wenn Sie an einer EDI-Ventures-Partnerschaft interessiert sind, freuen wir uns auf Ihre <a href=\"https:\/\/www.exchange-data.com\/de\/kontakt\/\">Kontaktaufnahme<\/a> \u2013 Teil unseres Fintech Datenpartnerschaftsprogramms, das innovative Gr\u00fcnder gezielt unterst\u00fctzt.<\/span><\/p>\n","protected":false},"featured_media":34153,"template":"","country":[],"product_category":[3167,3175],"class_list":["post-35775","product","type-product","status-publish","has-post-thumbnail","hentry","product_category-produkte-und-services","product_category-spezialisierte-angebote-de"],"acf":[],"yoast_head":"<!-- This site is optimized with the Yoast SEO Premium plugin v26.0 (Yoast SEO v26.0) - https:\/\/yoast.com\/wordpress\/plugins\/seo\/ -->\n<title>EDI Ventures Programm | Exchange Data International<\/title>\n<meta name=\"description\" content=\"Mit dem Fintech Datenpartnerschaftsprogramm von EDI Ventures erhalten Start-ups kostenlose Finanzdaten \u2013 ideal f\u00fcr den Proof of Concept und schnelles Wachstum.\" \/>\n<meta name=\"robots\" content=\"index, follow, max-snippet:-1, max-image-preview:large, max-video-preview:-1\" \/>\n<link rel=\"canonical\" href=\"https:\/\/www.exchange-data.com\/de\/produkt\/edi-unternehmungen\/\" \/>\n<meta property=\"og:locale\" content=\"de_DE\" \/>\n<meta property=\"og:type\" content=\"article\" \/>\n<meta property=\"og:title\" content=\"EDI Unternehmungen\" \/>\n<meta property=\"og:description\" content=\"EDI Ventures hat erfolgreich Fintech-Unternehmen im Fr\u00fchstadium in das Programm aufgenommen. Unsere Partner sehen bereits die Vorteile und werben produktiv Abonnenten f\u00fcr ihre Dienste an. Wir stellen Ihnen kostenlos die Daten zur Verf\u00fcgung, die Sie ben\u00f6tigen, um den entscheidenden &quot;Proof of Concept&quot;-Schritt zu erreichen, bei dem Sie Ihr Produkt potenziellen Nutzern, Partnern und Lieferanten vorstellen k\u00f6nnen.\" \/>\n<meta property=\"og:url\" content=\"https:\/\/www.exchange-data.com\/de\/produkt\/edi-unternehmungen\/\" \/>\n<meta property=\"og:site_name\" content=\"Exchange Data International\" \/>\n<meta property=\"article:modified_time\" content=\"2025-08-12T09:46:38+00:00\" \/>\n<meta property=\"og:image\" content=\"https:\/\/www.exchange-data.com\/wp-content\/uploads\/2015\/09\/EDI-Post-Featured-Image-700x400-1.png\" \/>\n<meta name=\"twitter:card\" content=\"summary_large_image\" \/>\n<meta name=\"twitter:title\" content=\"EDI Unternehmungen\" \/>\n<meta name=\"twitter:description\" content=\"EDI Ventures hat erfolgreich Fintech-Unternehmen im Fr\u00fchstadium in das Programm aufgenommen. Unsere Partner sehen bereits die Vorteile und werben produktiv Abonnenten f\u00fcr ihre Dienste an. Wir stellen Ihnen kostenlos die Daten zur Verf\u00fcgung, die Sie ben\u00f6tigen, um den entscheidenden &quot;Proof of Concept&quot;-Schritt zu erreichen, bei dem Sie Ihr Produkt potenziellen Nutzern, Partnern und Lieferanten vorstellen k\u00f6nnen.\" \/>\n<meta name=\"twitter:image\" content=\"https:\/\/www.exchange-data.com\/wp-content\/uploads\/2015\/09\/EDI-Post-Featured-Image-700x400-1.png\" \/>\n<meta name=\"twitter:site\" content=\"@ExchangeData\" \/>\n<meta name=\"twitter:label1\" content=\"Gesch\u00e4tzte Lesezeit\" \/>\n\t<meta name=\"twitter:data1\" content=\"1\u00a0Minute\" \/>\n<script type=\"application\/ld+json\" class=\"yoast-schema-graph\">{\"@context\":\"https:\/\/schema.org\",\"@graph\":[{\"@type\":\"WebPage\",\"@id\":\"https:\/\/www.exchange-data.com\/de\/produkt\/edi-unternehmungen\/\",\"url\":\"https:\/\/www.exchange-data.com\/de\/produkt\/edi-unternehmungen\/\",\"name\":\"EDI Ventures Programm | Exchange Data International\",\"isPartOf\":{\"@id\":\"https:\/\/www.exchange-data.com\/de\/#website\"},\"primaryImageOfPage\":{\"@id\":\"https:\/\/www.exchange-data.com\/de\/produkt\/edi-unternehmungen\/#primaryimage\"},\"image\":{\"@id\":\"https:\/\/www.exchange-data.com\/de\/produkt\/edi-unternehmungen\/#primaryimage\"},\"thumbnailUrl\":\"https:\/\/www.exchange-data.com\/wp-content\/uploads\/2015\/09\/EDI-Post-Featured-Image-700x400-1.png\",\"datePublished\":\"2018-11-01T09:47:08+00:00\",\"dateModified\":\"2025-08-12T09:46:38+00:00\",\"description\":\"Mit dem Fintech Datenpartnerschaftsprogramm von EDI Ventures erhalten Start-ups kostenlose Finanzdaten \u2013 ideal f\u00fcr den Proof of Concept und schnelles Wachstum.\",\"breadcrumb\":{\"@id\":\"https:\/\/www.exchange-data.com\/de\/produkt\/edi-unternehmungen\/#breadcrumb\"},\"inLanguage\":\"de\",\"potentialAction\":[{\"@type\":\"ReadAction\",\"target\":[\"https:\/\/www.exchange-data.com\/de\/produkt\/edi-unternehmungen\/\"]}]},{\"@type\":\"ImageObject\",\"inLanguage\":\"de\",\"@id\":\"https:\/\/www.exchange-data.com\/de\/produkt\/edi-unternehmungen\/#primaryimage\",\"url\":\"https:\/\/www.exchange-data.com\/wp-content\/uploads\/2015\/09\/EDI-Post-Featured-Image-700x400-1.png\",\"contentUrl\":\"https:\/\/www.exchange-data.com\/wp-content\/uploads\/2015\/09\/EDI-Post-Featured-Image-700x400-1.png\",\"width\":700,\"height\":400,\"caption\":\"Exchange Data International\"},{\"@type\":\"BreadcrumbList\",\"@id\":\"https:\/\/www.exchange-data.com\/de\/produkt\/edi-unternehmungen\/#breadcrumb\",\"itemListElement\":[{\"@type\":\"ListItem\",\"position\":1,\"name\":\"Home\",\"item\":\"https:\/\/www.exchange-data.com\/de\/startseite\/\"},{\"@type\":\"ListItem\",\"position\":2,\"name\":\"EDI Ventures\"}]},{\"@type\":\"WebSite\",\"@id\":\"https:\/\/www.exchange-data.com\/de\/#website\",\"url\":\"https:\/\/www.exchange-data.com\/de\/\",\"name\":\"Exchange Data International\",\"description\":\"Doing data differently\",\"publisher\":{\"@id\":\"https:\/\/www.exchange-data.com\/de\/#organization\"},\"potentialAction\":[{\"@type\":\"SearchAction\",\"target\":{\"@type\":\"EntryPoint\",\"urlTemplate\":\"https:\/\/www.exchange-data.com\/de\/?s={search_term_string}\"},\"query-input\":{\"@type\":\"PropertyValueSpecification\",\"valueRequired\":true,\"valueName\":\"search_term_string\"}}],\"inLanguage\":\"de\"},{\"@type\":\"Organization\",\"@id\":\"https:\/\/www.exchange-data.com\/de\/#organization\",\"name\":\"Exchange Data International\",\"url\":\"https:\/\/www.exchange-data.com\/de\/\",\"logo\":{\"@type\":\"ImageObject\",\"inLanguage\":\"de\",\"@id\":\"https:\/\/www.exchange-data.com\/de\/#\/schema\/logo\/image\/\",\"url\":\"https:\/\/www.exchange-data.com\/wp-content\/uploads\/2019\/03\/logo3.png\",\"contentUrl\":\"https:\/\/www.exchange-data.com\/wp-content\/uploads\/2019\/03\/logo3.png\",\"width\":200,\"height\":80,\"caption\":\"Exchange Data International\"},\"image\":{\"@id\":\"https:\/\/www.exchange-data.com\/de\/#\/schema\/logo\/image\/\"},\"sameAs\":[\"https:\/\/x.com\/ExchangeData\",\"https:\/\/www.linkedin.com\/company\/exchange-data-international\/?viewAsMember=true\",\"https:\/\/www.youtube.com\/channel\/UC5D1OpUb22YZANRLD_Ktcgg?view_as=subscriber\"]}]}<\/script>\n<!-- \/ Yoast SEO Premium plugin. -->","yoast_head_json":{"title":"EDI Ventures Programm | Exchange Data International","description":"Mit dem Fintech Datenpartnerschaftsprogramm von EDI Ventures erhalten Start-ups kostenlose Finanzdaten \u2013 ideal f\u00fcr den Proof of Concept und schnelles Wachstum.","robots":{"index":"index","follow":"follow","max-snippet":"max-snippet:-1","max-image-preview":"max-image-preview:large","max-video-preview":"max-video-preview:-1"},"canonical":"https:\/\/www.exchange-data.com\/de\/produkt\/edi-unternehmungen\/","og_locale":"de_DE","og_type":"article","og_title":"EDI Unternehmungen","og_description":"EDI Ventures hat erfolgreich Fintech-Unternehmen im Fr\u00fchstadium in das Programm aufgenommen. Unsere Partner sehen bereits die Vorteile und werben produktiv Abonnenten f\u00fcr ihre Dienste an. Wir stellen Ihnen kostenlos die Daten zur Verf\u00fcgung, die Sie ben\u00f6tigen, um den entscheidenden \"Proof of Concept\"-Schritt zu erreichen, bei dem Sie Ihr Produkt potenziellen Nutzern, Partnern und Lieferanten vorstellen k\u00f6nnen.","og_url":"https:\/\/www.exchange-data.com\/de\/produkt\/edi-unternehmungen\/","og_site_name":"Exchange Data International","article_modified_time":"2025-08-12T09:46:38+00:00","og_image":[{"url":"https:\/\/www.exchange-data.com\/wp-content\/uploads\/2015\/09\/EDI-Post-Featured-Image-700x400-1.png","type":"","width":"","height":""}],"twitter_card":"summary_large_image","twitter_title":"EDI Unternehmungen","twitter_description":"EDI Ventures hat erfolgreich Fintech-Unternehmen im Fr\u00fchstadium in das Programm aufgenommen. Unsere Partner sehen bereits die Vorteile und werben produktiv Abonnenten f\u00fcr ihre Dienste an. Wir stellen Ihnen kostenlos die Daten zur Verf\u00fcgung, die Sie ben\u00f6tigen, um den entscheidenden \"Proof of Concept\"-Schritt zu erreichen, bei dem Sie Ihr Produkt potenziellen Nutzern, Partnern und Lieferanten vorstellen k\u00f6nnen.","twitter_image":"https:\/\/www.exchange-data.com\/wp-content\/uploads\/2015\/09\/EDI-Post-Featured-Image-700x400-1.png","twitter_site":"@ExchangeData","twitter_misc":{"Gesch\u00e4tzte Lesezeit":"1\u00a0Minute"},"schema":{"@context":"https:\/\/schema.org","@graph":[{"@type":"WebPage","@id":"https:\/\/www.exchange-data.com\/de\/produkt\/edi-unternehmungen\/","url":"https:\/\/www.exchange-data.com\/de\/produkt\/edi-unternehmungen\/","name":"EDI Ventures Programm | Exchange Data International","isPartOf":{"@id":"https:\/\/www.exchange-data.com\/de\/#website"},"primaryImageOfPage":{"@id":"https:\/\/www.exchange-data.com\/de\/produkt\/edi-unternehmungen\/#primaryimage"},"image":{"@id":"https:\/\/www.exchange-data.com\/de\/produkt\/edi-unternehmungen\/#primaryimage"},"thumbnailUrl":"https:\/\/www.exchange-data.com\/wp-content\/uploads\/2015\/09\/EDI-Post-Featured-Image-700x400-1.png","datePublished":"2018-11-01T09:47:08+00:00","dateModified":"2025-08-12T09:46:38+00:00","description":"Mit dem Fintech Datenpartnerschaftsprogramm von EDI Ventures erhalten Start-ups kostenlose Finanzdaten \u2013 ideal f\u00fcr den Proof of Concept und schnelles Wachstum.","breadcrumb":{"@id":"https:\/\/www.exchange-data.com\/de\/produkt\/edi-unternehmungen\/#breadcrumb"},"inLanguage":"de","potentialAction":[{"@type":"ReadAction","target":["https:\/\/www.exchange-data.com\/de\/produkt\/edi-unternehmungen\/"]}]},{"@type":"ImageObject","inLanguage":"de","@id":"https:\/\/www.exchange-data.com\/de\/produkt\/edi-unternehmungen\/#primaryimage","url":"https:\/\/www.exchange-data.com\/wp-content\/uploads\/2015\/09\/EDI-Post-Featured-Image-700x400-1.png","contentUrl":"https:\/\/www.exchange-data.com\/wp-content\/uploads\/2015\/09\/EDI-Post-Featured-Image-700x400-1.png","width":700,"height":400,"caption":"Exchange Data International"},{"@type":"BreadcrumbList","@id":"https:\/\/www.exchange-data.com\/de\/produkt\/edi-unternehmungen\/#breadcrumb","itemListElement":[{"@type":"ListItem","position":1,"name":"Home","item":"https:\/\/www.exchange-data.com\/de\/startseite\/"},{"@type":"ListItem","position":2,"name":"EDI Ventures"}]},{"@type":"WebSite","@id":"https:\/\/www.exchange-data.com\/de\/#website","url":"https:\/\/www.exchange-data.com\/de\/","name":"Exchange Data International","description":"Doing data differently","publisher":{"@id":"https:\/\/www.exchange-data.com\/de\/#organization"},"potentialAction":[{"@type":"SearchAction","target":{"@type":"EntryPoint","urlTemplate":"https:\/\/www.exchange-data.com\/de\/?s={search_term_string}"},"query-input":{"@type":"PropertyValueSpecification","valueRequired":true,"valueName":"search_term_string"}}],"inLanguage":"de"},{"@type":"Organization","@id":"https:\/\/www.exchange-data.com\/de\/#organization","name":"Exchange Data International","url":"https:\/\/www.exchange-data.com\/de\/","logo":{"@type":"ImageObject","inLanguage":"de","@id":"https:\/\/www.exchange-data.com\/de\/#\/schema\/logo\/image\/","url":"https:\/\/www.exchange-data.com\/wp-content\/uploads\/2019\/03\/logo3.png","contentUrl":"https:\/\/www.exchange-data.com\/wp-content\/uploads\/2019\/03\/logo3.png","width":200,"height":80,"caption":"Exchange Data International"},"image":{"@id":"https:\/\/www.exchange-data.com\/de\/#\/schema\/logo\/image\/"},"sameAs":["https:\/\/x.com\/ExchangeData","https:\/\/www.linkedin.com\/company\/exchange-data-international\/?viewAsMember=true","https:\/\/www.youtube.com\/channel\/UC5D1OpUb22YZANRLD_Ktcgg?view_as=subscriber"]}]}},"_links":{"self":[{"href":"https:\/\/www.exchange-data.com\/de\/wp-json\/wp\/v2\/product\/35775","targetHints":{"allow":["GET"]}}],"collection":[{"href":"https:\/\/www.exchange-data.com\/de\/wp-json\/wp\/v2\/product"}],"about":[{"href":"https:\/\/www.exchange-data.com\/de\/wp-json\/wp\/v2\/types\/product"}],"wp:featuredmedia":[{"embeddable":true,"href":"https:\/\/www.exchange-data.com\/de\/wp-json\/wp\/v2\/media\/34153"}],"wp:attachment":[{"href":"https:\/\/www.exchange-data.com\/de\/wp-json\/wp\/v2\/media?parent=35775"}],"wp:term":[{"taxonomy":"country","embeddable":true,"href":"https:\/\/www.exchange-data.com\/de\/wp-json\/wp\/v2\/country?post=35775"},{"taxonomy":"product_category","embeddable":true,"href":"https:\/\/www.exchange-data.com\/de\/wp-json\/wp\/v2\/product_category?post=35775"}],"curies":[{"name":"wp","href":"https:\/\/api.w.org\/{rel}","templated":true}]}}