{"id":36419,"date":"2025-06-26T06:09:25","date_gmt":"2025-06-26T05:09:25","guid":{"rendered":"https:\/\/www.exchange-data.com\/product\/ortex-short-interest-daten-und-analysen\/"},"modified":"2025-09-02T09:43:23","modified_gmt":"2025-09-02T08:43:23","slug":"ortex-short-interest-daten-und-analysen","status":"publish","type":"product","link":"https:\/\/www.exchange-data.com\/de\/produkt\/ortex-short-interest-daten-und-analysen\/","title":{"rendered":"Ortex Short Interest Daten und Analysen"},"content":{"rendered":"<h2><small>Warum aktuelle Short Interest Daten entscheidend sind<\/small><\/h2>\n<p><span style=\"font-weight: 400;\"> Aktuelle und pr\u00e4zise Daten zum Short Interest sind unerl\u00e4sslich, um Risiken, Marktsentiment und Handelsverhalten fundiert einsch\u00e4tzen zu k\u00f6nnen.<\/span><\/p>\n<p><span style=\"font-weight: 400;\"> Der Short Interest-Datensatz liefert Echtzeit-Einblicke mit hoher Prognosequalit\u00e4t \u2013 ein klarer Vorteil gegen\u00fcber den zeitverz\u00f6gerten B\u00f6rsenmeldungen.<\/span><\/p>\n<p><span style=\"font-weight: 400;\"> Durch eine fortschrittliche Methodik und ein propriet\u00e4res Modell werden die Short Interest-Sch\u00e4tzungen verfeinert. Dabei werden Leihvorg\u00e4nge herausgefiltert, die nichts mit Leerverk\u00e4ufen zu tun haben \u2013 f\u00fcr saubere, verl\u00e4ssliche Daten.<\/span><\/p>\n<p><span style=\"font-weight: 400;\"> Verf\u00fcgbare Kennungen: ISIN, FIGI, Share Class FIGI, MIC, Operating MIC, Ticker und Unternehmensname.<\/span><\/p>\n<h2><small>Umfassende globale Abdeckung<\/small><\/h2>\n<ul>\n<li><strong>\u00dcber 70.000 Wertpapiere:<\/strong> <span style=\"font-weight: 400;\">Weltweites Universum f\u00fcr detailliertes Short Interest-Tracking <\/span> <\/li>\n<li><strong>Gr\u00f6\u00dftes Datenpool-Netzwerk:<\/strong> <span style=\"font-weight: 400;\">Informationen stammen von Agentenleihern, Prime Brokern und Broker-Dealern weltweit <\/span><\/li>\n<li><strong>Live-Daten: <\/strong><span style=\"font-weight: 400;\">Intraday-Einblicke, die zeigen, wie Wertpapiere in Echtzeit verliehen und zur\u00fcckgef\u00fchrt werden <\/span><\/li>\n<li><strong>Historische Daten:<\/strong> <span style=\"font-weight: 400;\">Verf\u00fcgbar seit 2018 \u2013 ideal f\u00fcr Backtesting und Strategieoptimierung <\/span><\/li>\n<\/ul>\n<h2><small>Modellgest\u00fctzte Methodik mit Machine Learning<\/small><\/h2>\n<p><span style=\"font-weight: 400;\"> Ein propriet\u00e4res Machine-Learning-Modell verfeinert die Sch\u00e4tzungen auf Basis von Wertpapierleihdaten. Es erkennt und filtert Aktivit\u00e4ten, die nicht mit Leerverk\u00e4ufen in Verbindung stehen \u2013 wie z.\u202fB. Marktpflege, Sicherheitenverwaltung, Bilanzsteuerung oder Dividendenarbitrage. <\/span><\/p>\n<p><span style=\"font-weight: 400;\"> Durch die Kombination mit offiziellen B\u00f6rsendaten erreicht das Modell eine Trefferquote von 97\u202f% bei der Vorhersage gemeldeter Short Interest-Werte.<\/span><\/p>\n<p><span style=\"font-weight: 400;\"> Kapitalma\u00dfnahmen wie Aktiensplits werden automatisch ber\u00fccksichtigt und auf Wunsch in angepasster oder unbearbeiteter Form bereitgestellt.<\/span><\/p>\n<h2><small>Nahtlose und skalierbare API-Integration<\/small><\/h2>\n<p><span style=\"font-weight: 400;\"> Die API liefert einen robusten Datensatz zu mehr als 70.000 Aktien und ETFs weltweit. <\/span><\/p>\n<ul>\n<li><strong>API-First Delivery:<\/strong> <span style=\"font-weight: 400;\">Schnelle, skalierbare Anbindung via JSON oder CSV <\/span> <\/li>\n<li><strong>Enterprise-Grade Verl\u00e4sslichkeit:<\/strong> <span style=\"font-weight: 400;\">Entwickelt f\u00fcr Hedgefonds, Finanzinstitute und quantitative H\u00e4ndler <\/span> <\/li>\n<li><strong>Volle Transparenz: <\/strong><span style=\"font-weight: 400;\">Vertrauensintervalle ber\u00fccksichtigen Marktvolatilit\u00e4t und st\u00e4rken die Aussagekraft der Short Interest-Daten <\/span> <\/li>\n<\/ul>\n","protected":false},"featured_media":0,"template":"","country":[],"product_category":[3170],"class_list":["post-36419","product","type-product","status-publish","hentry","product_category-derivative-data-short-interest-data-de","no-post-thumbnail"],"acf":[],"yoast_head":"<!-- This site is optimized with the Yoast SEO Premium plugin v26.0 (Yoast SEO v26.0) - https:\/\/yoast.com\/wordpress\/plugins\/seo\/ -->\n<title>Ortex Short Interest Daten und Analysen | Exchange Data International<\/title>\n<meta name=\"robots\" content=\"index, follow, max-snippet:-1, max-image-preview:large, max-video-preview:-1\" \/>\n<link rel=\"canonical\" href=\"https:\/\/www.exchange-data.com\/de\/produkt\/ortex-short-interest-daten-und-analysen\/\" \/>\n<meta property=\"og:locale\" content=\"de_DE\" \/>\n<meta property=\"og:type\" content=\"article\" \/>\n<meta property=\"og:title\" content=\"Ortex Short Interest Daten und Analysen | Exchange Data International\" \/>\n<meta property=\"og:description\" content=\"Warum aktuelle Short Interest Daten entscheidend sind Aktuelle und pr\u00e4zise Daten zum Short Interest sind unerl\u00e4sslich, um Risiken, Marktsentiment und Handelsverhalten fundiert einsch\u00e4tzen zu k\u00f6nnen. Der Short Interest-Datensatz liefert Echtzeit-Einblicke mit hoher\" \/>\n<meta property=\"og:url\" content=\"https:\/\/www.exchange-data.com\/de\/produkt\/ortex-short-interest-daten-und-analysen\/\" \/>\n<meta property=\"og:site_name\" content=\"Exchange Data International\" \/>\n<meta property=\"article:modified_time\" content=\"2025-09-02T08:43:23+00:00\" \/>\n<meta name=\"twitter:card\" content=\"summary_large_image\" \/>\n<meta name=\"twitter:site\" content=\"@ExchangeData\" \/>\n<meta name=\"twitter:label1\" content=\"Gesch\u00e4tzte Lesezeit\" \/>\n\t<meta name=\"twitter:data1\" content=\"1\u00a0Minute\" \/>\n<script type=\"application\/ld+json\" class=\"yoast-schema-graph\">{\"@context\":\"https:\/\/schema.org\",\"@graph\":[{\"@type\":\"WebPage\",\"@id\":\"https:\/\/www.exchange-data.com\/de\/produkt\/ortex-short-interest-daten-und-analysen\/\",\"url\":\"https:\/\/www.exchange-data.com\/de\/produkt\/ortex-short-interest-daten-und-analysen\/\",\"name\":\"Ortex Short Interest Daten und Analysen | Exchange Data International\",\"isPartOf\":{\"@id\":\"https:\/\/www.exchange-data.com\/de\/#website\"},\"datePublished\":\"2025-06-26T05:09:25+00:00\",\"dateModified\":\"2025-09-02T08:43:23+00:00\",\"breadcrumb\":{\"@id\":\"https:\/\/www.exchange-data.com\/de\/produkt\/ortex-short-interest-daten-und-analysen\/#breadcrumb\"},\"inLanguage\":\"de\",\"potentialAction\":[{\"@type\":\"ReadAction\",\"target\":[\"https:\/\/www.exchange-data.com\/de\/produkt\/ortex-short-interest-daten-und-analysen\/\"]}]},{\"@type\":\"BreadcrumbList\",\"@id\":\"https:\/\/www.exchange-data.com\/de\/produkt\/ortex-short-interest-daten-und-analysen\/#breadcrumb\",\"itemListElement\":[{\"@type\":\"ListItem\",\"position\":1,\"name\":\"Home\",\"item\":\"https:\/\/www.exchange-data.com\/de\/startseite\/\"},{\"@type\":\"ListItem\",\"position\":2,\"name\":\"Ortex Short Interest Daten und Analysen\"}]},{\"@type\":\"WebSite\",\"@id\":\"https:\/\/www.exchange-data.com\/de\/#website\",\"url\":\"https:\/\/www.exchange-data.com\/de\/\",\"name\":\"Exchange Data International\",\"description\":\"Doing data differently\",\"publisher\":{\"@id\":\"https:\/\/www.exchange-data.com\/de\/#organization\"},\"potentialAction\":[{\"@type\":\"SearchAction\",\"target\":{\"@type\":\"EntryPoint\",\"urlTemplate\":\"https:\/\/www.exchange-data.com\/de\/?s={search_term_string}\"},\"query-input\":{\"@type\":\"PropertyValueSpecification\",\"valueRequired\":true,\"valueName\":\"search_term_string\"}}],\"inLanguage\":\"de\"},{\"@type\":\"Organization\",\"@id\":\"https:\/\/www.exchange-data.com\/de\/#organization\",\"name\":\"Exchange Data International\",\"url\":\"https:\/\/www.exchange-data.com\/de\/\",\"logo\":{\"@type\":\"ImageObject\",\"inLanguage\":\"de\",\"@id\":\"https:\/\/www.exchange-data.com\/de\/#\/schema\/logo\/image\/\",\"url\":\"https:\/\/www.exchange-data.com\/wp-content\/uploads\/2019\/03\/logo3.png\",\"contentUrl\":\"https:\/\/www.exchange-data.com\/wp-content\/uploads\/2019\/03\/logo3.png\",\"width\":200,\"height\":80,\"caption\":\"Exchange Data International\"},\"image\":{\"@id\":\"https:\/\/www.exchange-data.com\/de\/#\/schema\/logo\/image\/\"},\"sameAs\":[\"https:\/\/x.com\/ExchangeData\",\"https:\/\/www.linkedin.com\/company\/exchange-data-international\/?viewAsMember=true\",\"https:\/\/www.youtube.com\/channel\/UC5D1OpUb22YZANRLD_Ktcgg?view_as=subscriber\"]}]}<\/script>\n<!-- \/ Yoast SEO Premium plugin. -->","yoast_head_json":{"title":"Ortex Short Interest Daten und Analysen | Exchange Data International","robots":{"index":"index","follow":"follow","max-snippet":"max-snippet:-1","max-image-preview":"max-image-preview:large","max-video-preview":"max-video-preview:-1"},"canonical":"https:\/\/www.exchange-data.com\/de\/produkt\/ortex-short-interest-daten-und-analysen\/","og_locale":"de_DE","og_type":"article","og_title":"Ortex Short Interest Daten und Analysen | Exchange Data International","og_description":"Warum aktuelle Short Interest Daten entscheidend sind Aktuelle und pr\u00e4zise Daten zum Short Interest sind unerl\u00e4sslich, um Risiken, Marktsentiment und Handelsverhalten fundiert einsch\u00e4tzen zu k\u00f6nnen. Der Short Interest-Datensatz liefert Echtzeit-Einblicke mit hoher","og_url":"https:\/\/www.exchange-data.com\/de\/produkt\/ortex-short-interest-daten-und-analysen\/","og_site_name":"Exchange Data International","article_modified_time":"2025-09-02T08:43:23+00:00","twitter_card":"summary_large_image","twitter_site":"@ExchangeData","twitter_misc":{"Gesch\u00e4tzte Lesezeit":"1\u00a0Minute"},"schema":{"@context":"https:\/\/schema.org","@graph":[{"@type":"WebPage","@id":"https:\/\/www.exchange-data.com\/de\/produkt\/ortex-short-interest-daten-und-analysen\/","url":"https:\/\/www.exchange-data.com\/de\/produkt\/ortex-short-interest-daten-und-analysen\/","name":"Ortex Short Interest Daten und Analysen | Exchange Data International","isPartOf":{"@id":"https:\/\/www.exchange-data.com\/de\/#website"},"datePublished":"2025-06-26T05:09:25+00:00","dateModified":"2025-09-02T08:43:23+00:00","breadcrumb":{"@id":"https:\/\/www.exchange-data.com\/de\/produkt\/ortex-short-interest-daten-und-analysen\/#breadcrumb"},"inLanguage":"de","potentialAction":[{"@type":"ReadAction","target":["https:\/\/www.exchange-data.com\/de\/produkt\/ortex-short-interest-daten-und-analysen\/"]}]},{"@type":"BreadcrumbList","@id":"https:\/\/www.exchange-data.com\/de\/produkt\/ortex-short-interest-daten-und-analysen\/#breadcrumb","itemListElement":[{"@type":"ListItem","position":1,"name":"Home","item":"https:\/\/www.exchange-data.com\/de\/startseite\/"},{"@type":"ListItem","position":2,"name":"Ortex Short Interest Daten und Analysen"}]},{"@type":"WebSite","@id":"https:\/\/www.exchange-data.com\/de\/#website","url":"https:\/\/www.exchange-data.com\/de\/","name":"Exchange Data International","description":"Doing data differently","publisher":{"@id":"https:\/\/www.exchange-data.com\/de\/#organization"},"potentialAction":[{"@type":"SearchAction","target":{"@type":"EntryPoint","urlTemplate":"https:\/\/www.exchange-data.com\/de\/?s={search_term_string}"},"query-input":{"@type":"PropertyValueSpecification","valueRequired":true,"valueName":"search_term_string"}}],"inLanguage":"de"},{"@type":"Organization","@id":"https:\/\/www.exchange-data.com\/de\/#organization","name":"Exchange Data International","url":"https:\/\/www.exchange-data.com\/de\/","logo":{"@type":"ImageObject","inLanguage":"de","@id":"https:\/\/www.exchange-data.com\/de\/#\/schema\/logo\/image\/","url":"https:\/\/www.exchange-data.com\/wp-content\/uploads\/2019\/03\/logo3.png","contentUrl":"https:\/\/www.exchange-data.com\/wp-content\/uploads\/2019\/03\/logo3.png","width":200,"height":80,"caption":"Exchange Data International"},"image":{"@id":"https:\/\/www.exchange-data.com\/de\/#\/schema\/logo\/image\/"},"sameAs":["https:\/\/x.com\/ExchangeData","https:\/\/www.linkedin.com\/company\/exchange-data-international\/?viewAsMember=true","https:\/\/www.youtube.com\/channel\/UC5D1OpUb22YZANRLD_Ktcgg?view_as=subscriber"]}]}},"_links":{"self":[{"href":"https:\/\/www.exchange-data.com\/de\/wp-json\/wp\/v2\/product\/36419","targetHints":{"allow":["GET"]}}],"collection":[{"href":"https:\/\/www.exchange-data.com\/de\/wp-json\/wp\/v2\/product"}],"about":[{"href":"https:\/\/www.exchange-data.com\/de\/wp-json\/wp\/v2\/types\/product"}],"wp:attachment":[{"href":"https:\/\/www.exchange-data.com\/de\/wp-json\/wp\/v2\/media?parent=36419"}],"wp:term":[{"taxonomy":"country","embeddable":true,"href":"https:\/\/www.exchange-data.com\/de\/wp-json\/wp\/v2\/country?post=36419"},{"taxonomy":"product_category","embeddable":true,"href":"https:\/\/www.exchange-data.com\/de\/wp-json\/wp\/v2\/product_category?post=36419"}],"curies":[{"name":"wp","href":"https:\/\/api.w.org\/{rel}","templated":true}]}}