{"id":36425,"date":"2025-07-09T11:51:16","date_gmt":"2025-07-09T10:51:16","guid":{"rendered":"https:\/\/www.exchange-data.com\/product\/deckung-und-datenbank-fuer-staatsanleihen\/"},"modified":"2025-09-10T13:18:37","modified_gmt":"2025-09-10T12:18:37","slug":"deckung-und-datenbank-fuer-staatsanleihen","status":"publish","type":"product","link":"https:\/\/www.exchange-data.com\/de\/produkt\/deckung-und-datenbank-fuer-staatsanleihen\/","title":{"rendered":"Deckung und Datenbank f\u00fcr Staatsanleihen"},"content":{"rendered":"<p><span style=\"font-weight: 400;\">Umfassende Berichterstattung \u00fcber die Emission von Staatsanleihen ist verf\u00fcgbar und bietet eine einheitliche Plattform f\u00fcr die Verfolgung von Staatsanleiheauktionen, Verk\u00e4ufen von Schatzwechseln und supranationalen Anleiheemissionen. Historische Daten sind f\u00fcr die meisten L\u00e4nder ab 2017 verf\u00fcgbar.<\/span><\/p>\n<h2><small>Umfassendes Monitoring von Staatsanleihen<\/small><\/h2>\n<p><span style=\"font-weight: 400;\">Bei den staatlichen Schuldnern sind 29 nationale und drei supranationale Emittenten erfasst:  <\/span><\/p>\n<p><span style=\"font-weight: 400;\">\u00c4gypten, Belgien, Deutschland, Finnland, Frankreich, Ghana, Griechenland, Indien, Irland, Israel, Italien, Kanada, Kasachstan, Niederlande, Nigeria, \u00d6sterreich, Polen, Portugal, Rum\u00e4nien, Slowenien, Spanien, S\u00fcdafrika, T\u00fcrkei, Ukraine, Ungarn, Vereinigtes K\u00f6nigreich, Vereinigte Staaten, Zypern sowie die Europ\u00e4ische Finanzstabilisierungsfazilit\u00e4t, der Europ\u00e4ische Stabilit\u00e4tsmechanismus und die Europ\u00e4ische Union.  <\/span><\/p>\n<h2><small>Deckung bei Staatsanleihen-Auktionen zum Tagesende<\/small><\/h2>\n<p><span style=\"font-weight: 400;\">Durch die Aufnahme der Auktionen von Staatsanleihen dieser 29 L\u00e4nder und 3 supranationaler Emittenten erhalten die Abonnenten Zugang zu einer einheitlichen Plattform f\u00fcr die \u00dcberwachung der Emission von Staatsanleihen. Die Benutzer k\u00f6nnen Daten in Echtzeit aufbereiten, analysieren und vergleichen, ohne dass zeitliche Datenl\u00fccken entstehen. Die Live-Kalenderberichterstattung begleitet jedes Schuldverschreibungsangebot durch alle Auktionsphasen, einschlie\u00dflich:  <\/span><\/p>\n<ul>\n<li><span style=\"font-weight: 400;\">Erste Terminank\u00fcndigung<\/span><\/li>\n<li><span style=\"font-weight: 400;\">Offizielle Ausschreibung<\/span><\/li>\n<li><span style=\"font-weight: 400;\">Auktionsergebnisse<\/span><\/li>\n<li><span style=\"font-weight: 400;\">Nachverhandlungen<\/span><\/li>\n<li><span style=\"font-weight: 400;\">Abwicklung<\/span><\/li>\n<\/ul>\n<h2><small>Historische Auktionsdatenbank &amp; Analysen<\/small><\/h2>\n<p><span style=\"font-weight: 400;\">Unsere durchsuchbare Datenbank erm\u00f6glicht die Auswertung tausender Auktionen der letzten f\u00fcnf Jahre \u2013 f\u00fcr tiefe Einblicke in Emissionsmuster, Limits und Trends.<\/span><\/p>\n<ul>\n<li><span style=\"font-weight: 400;\"><strong>Flexible Suche &amp; Kategorisierung:<\/strong> Filter nach ISIN, Zeitraum, Laufzeit, Land oder Typ<\/span><\/li>\n<li><span style=\"font-weight: 400;\"><strong>Leistungsberechnungen:<\/strong> Analyse von Marktvolumen und Emissionsauswirkungen<\/span><\/li>\n<li><span style=\"font-weight: 400;\"><strong>Live-Integration:<\/strong> Live-Auktionsdaten flie\u00dfen automatisch in die Datenbank ein<\/span><\/li>\n<\/ul>\n<h2><small>Markteinblicke: Emissionsvolumen im Vergleich<\/small><\/h2>\n<p><span style=\"font-weight: 400;\">Die Emissionst\u00e4tigkeit variiert stark zwischen den L\u00e4ndern \u2013 abh\u00e4ngig von wirtschaftlicher Lage und Politik. <\/span><\/p>\n<p><span style=\"font-weight: 400;\">Beispiel Frankreich (hohes Volumen): ca. 120 T-Bill-Auktionen mit EUR 360\u202fMrd. und 94 Anleiheauktionen mit EUR 190\u202fMrd. J\u00e4hrlich.<\/span><\/p>\n<p><span style=\"font-weight: 400;\">Beispiel Griechenland (geringes Volumen): EUR 35\u202fMrd. vorwiegend in T-Bills, infolge fr\u00fcherer Zahlungsausf\u00e4lle.<\/span><\/p>\n<p><span style=\"font-weight: 400;\">Dieser Kontrast zeigt die Bedeutung eines vergleichenden und vollst\u00e4ndigen Monitoring von Staatsanleihen.<\/span><\/p>\n","protected":false},"featured_media":0,"template":"","country":[],"product_category":[3190,3168],"class_list":["post-36425","product","type-product","status-publish","hentry","product_category-festverzinsliche-daten","product_category-economic-data-edi-de","no-post-thumbnail"],"acf":[],"yoast_head":"<!-- This site is optimized with the Yoast SEO Premium plugin v26.0 (Yoast SEO v26.0) - https:\/\/yoast.com\/wordpress\/plugins\/seo\/ -->\n<title>Deckung und Datenbank f\u00fcr Staatsanleihen | Exchange Data International<\/title>\n<meta name=\"description\" content=\"Beobachten Sie weltweite Staatsanleiheemissionen mit Echtzeit- und historischen Daten - inklusive vollst\u00e4ndiger US-Treasury-Ergebnisse seit 2001.\" \/>\n<meta name=\"robots\" content=\"index, follow, max-snippet:-1, max-image-preview:large, max-video-preview:-1\" \/>\n<link rel=\"canonical\" href=\"https:\/\/www.exchange-data.com\/de\/produkt\/deckung-und-datenbank-fuer-staatsanleihen\/\" \/>\n<meta property=\"og:locale\" content=\"de_DE\" \/>\n<meta property=\"og:type\" content=\"article\" \/>\n<meta property=\"og:title\" content=\"Deckung und Datenbank f\u00fcr Staatsanleihen | Exchange Data International\" \/>\n<meta property=\"og:description\" content=\"Beobachten Sie weltweite Staatsanleiheemissionen mit Echtzeit- und historischen Daten - inklusive vollst\u00e4ndiger US-Treasury-Ergebnisse seit 2001.\" \/>\n<meta property=\"og:url\" content=\"https:\/\/www.exchange-data.com\/de\/produkt\/deckung-und-datenbank-fuer-staatsanleihen\/\" \/>\n<meta property=\"og:site_name\" content=\"Exchange Data International\" \/>\n<meta property=\"article:modified_time\" content=\"2025-09-10T12:18:37+00:00\" \/>\n<meta name=\"twitter:card\" content=\"summary_large_image\" \/>\n<meta name=\"twitter:site\" content=\"@ExchangeData\" \/>\n<meta name=\"twitter:label1\" content=\"Gesch\u00e4tzte Lesezeit\" \/>\n\t<meta name=\"twitter:data1\" content=\"1\u00a0Minute\" \/>\n<script type=\"application\/ld+json\" class=\"yoast-schema-graph\">{\"@context\":\"https:\/\/schema.org\",\"@graph\":[{\"@type\":\"WebPage\",\"@id\":\"https:\/\/www.exchange-data.com\/de\/produkt\/deckung-und-datenbank-fuer-staatsanleihen\/\",\"url\":\"https:\/\/www.exchange-data.com\/de\/produkt\/deckung-und-datenbank-fuer-staatsanleihen\/\",\"name\":\"Deckung und Datenbank f\u00fcr Staatsanleihen | Exchange Data International\",\"isPartOf\":{\"@id\":\"https:\/\/www.exchange-data.com\/de\/#website\"},\"datePublished\":\"2025-07-09T10:51:16+00:00\",\"dateModified\":\"2025-09-10T12:18:37+00:00\",\"description\":\"Beobachten Sie weltweite Staatsanleiheemissionen mit Echtzeit- und historischen Daten - inklusive vollst\u00e4ndiger US-Treasury-Ergebnisse seit 2001.\",\"breadcrumb\":{\"@id\":\"https:\/\/www.exchange-data.com\/de\/produkt\/deckung-und-datenbank-fuer-staatsanleihen\/#breadcrumb\"},\"inLanguage\":\"de\",\"potentialAction\":[{\"@type\":\"ReadAction\",\"target\":[\"https:\/\/www.exchange-data.com\/de\/produkt\/deckung-und-datenbank-fuer-staatsanleihen\/\"]}]},{\"@type\":\"BreadcrumbList\",\"@id\":\"https:\/\/www.exchange-data.com\/de\/produkt\/deckung-und-datenbank-fuer-staatsanleihen\/#breadcrumb\",\"itemListElement\":[{\"@type\":\"ListItem\",\"position\":1,\"name\":\"Home\",\"item\":\"https:\/\/www.exchange-data.com\/de\/startseite\/\"},{\"@type\":\"ListItem\",\"position\":2,\"name\":\"Deckung und Datenbank f\u00fcr Staatsanleihen\"}]},{\"@type\":\"WebSite\",\"@id\":\"https:\/\/www.exchange-data.com\/de\/#website\",\"url\":\"https:\/\/www.exchange-data.com\/de\/\",\"name\":\"Exchange Data International\",\"description\":\"Doing data differently\",\"publisher\":{\"@id\":\"https:\/\/www.exchange-data.com\/de\/#organization\"},\"potentialAction\":[{\"@type\":\"SearchAction\",\"target\":{\"@type\":\"EntryPoint\",\"urlTemplate\":\"https:\/\/www.exchange-data.com\/de\/?s={search_term_string}\"},\"query-input\":{\"@type\":\"PropertyValueSpecification\",\"valueRequired\":true,\"valueName\":\"search_term_string\"}}],\"inLanguage\":\"de\"},{\"@type\":\"Organization\",\"@id\":\"https:\/\/www.exchange-data.com\/de\/#organization\",\"name\":\"Exchange Data International\",\"url\":\"https:\/\/www.exchange-data.com\/de\/\",\"logo\":{\"@type\":\"ImageObject\",\"inLanguage\":\"de\",\"@id\":\"https:\/\/www.exchange-data.com\/de\/#\/schema\/logo\/image\/\",\"url\":\"https:\/\/www.exchange-data.com\/wp-content\/uploads\/2019\/03\/logo3.png\",\"contentUrl\":\"https:\/\/www.exchange-data.com\/wp-content\/uploads\/2019\/03\/logo3.png\",\"width\":200,\"height\":80,\"caption\":\"Exchange Data International\"},\"image\":{\"@id\":\"https:\/\/www.exchange-data.com\/de\/#\/schema\/logo\/image\/\"},\"sameAs\":[\"https:\/\/x.com\/ExchangeData\",\"https:\/\/www.linkedin.com\/company\/exchange-data-international\/?viewAsMember=true\",\"https:\/\/www.youtube.com\/channel\/UC5D1OpUb22YZANRLD_Ktcgg?view_as=subscriber\"]}]}<\/script>\n<!-- \/ Yoast SEO Premium plugin. -->","yoast_head_json":{"title":"Deckung und Datenbank f\u00fcr Staatsanleihen | Exchange Data International","description":"Beobachten Sie weltweite Staatsanleiheemissionen mit Echtzeit- und historischen Daten - inklusive vollst\u00e4ndiger US-Treasury-Ergebnisse seit 2001.","robots":{"index":"index","follow":"follow","max-snippet":"max-snippet:-1","max-image-preview":"max-image-preview:large","max-video-preview":"max-video-preview:-1"},"canonical":"https:\/\/www.exchange-data.com\/de\/produkt\/deckung-und-datenbank-fuer-staatsanleihen\/","og_locale":"de_DE","og_type":"article","og_title":"Deckung und Datenbank f\u00fcr Staatsanleihen | Exchange Data International","og_description":"Beobachten Sie weltweite Staatsanleiheemissionen mit Echtzeit- und historischen Daten - inklusive vollst\u00e4ndiger US-Treasury-Ergebnisse seit 2001.","og_url":"https:\/\/www.exchange-data.com\/de\/produkt\/deckung-und-datenbank-fuer-staatsanleihen\/","og_site_name":"Exchange Data International","article_modified_time":"2025-09-10T12:18:37+00:00","twitter_card":"summary_large_image","twitter_site":"@ExchangeData","twitter_misc":{"Gesch\u00e4tzte Lesezeit":"1\u00a0Minute"},"schema":{"@context":"https:\/\/schema.org","@graph":[{"@type":"WebPage","@id":"https:\/\/www.exchange-data.com\/de\/produkt\/deckung-und-datenbank-fuer-staatsanleihen\/","url":"https:\/\/www.exchange-data.com\/de\/produkt\/deckung-und-datenbank-fuer-staatsanleihen\/","name":"Deckung und Datenbank f\u00fcr Staatsanleihen | Exchange Data International","isPartOf":{"@id":"https:\/\/www.exchange-data.com\/de\/#website"},"datePublished":"2025-07-09T10:51:16+00:00","dateModified":"2025-09-10T12:18:37+00:00","description":"Beobachten Sie weltweite Staatsanleiheemissionen mit Echtzeit- und historischen Daten - inklusive vollst\u00e4ndiger US-Treasury-Ergebnisse seit 2001.","breadcrumb":{"@id":"https:\/\/www.exchange-data.com\/de\/produkt\/deckung-und-datenbank-fuer-staatsanleihen\/#breadcrumb"},"inLanguage":"de","potentialAction":[{"@type":"ReadAction","target":["https:\/\/www.exchange-data.com\/de\/produkt\/deckung-und-datenbank-fuer-staatsanleihen\/"]}]},{"@type":"BreadcrumbList","@id":"https:\/\/www.exchange-data.com\/de\/produkt\/deckung-und-datenbank-fuer-staatsanleihen\/#breadcrumb","itemListElement":[{"@type":"ListItem","position":1,"name":"Home","item":"https:\/\/www.exchange-data.com\/de\/startseite\/"},{"@type":"ListItem","position":2,"name":"Deckung und Datenbank f\u00fcr Staatsanleihen"}]},{"@type":"WebSite","@id":"https:\/\/www.exchange-data.com\/de\/#website","url":"https:\/\/www.exchange-data.com\/de\/","name":"Exchange Data International","description":"Doing data differently","publisher":{"@id":"https:\/\/www.exchange-data.com\/de\/#organization"},"potentialAction":[{"@type":"SearchAction","target":{"@type":"EntryPoint","urlTemplate":"https:\/\/www.exchange-data.com\/de\/?s={search_term_string}"},"query-input":{"@type":"PropertyValueSpecification","valueRequired":true,"valueName":"search_term_string"}}],"inLanguage":"de"},{"@type":"Organization","@id":"https:\/\/www.exchange-data.com\/de\/#organization","name":"Exchange Data International","url":"https:\/\/www.exchange-data.com\/de\/","logo":{"@type":"ImageObject","inLanguage":"de","@id":"https:\/\/www.exchange-data.com\/de\/#\/schema\/logo\/image\/","url":"https:\/\/www.exchange-data.com\/wp-content\/uploads\/2019\/03\/logo3.png","contentUrl":"https:\/\/www.exchange-data.com\/wp-content\/uploads\/2019\/03\/logo3.png","width":200,"height":80,"caption":"Exchange Data International"},"image":{"@id":"https:\/\/www.exchange-data.com\/de\/#\/schema\/logo\/image\/"},"sameAs":["https:\/\/x.com\/ExchangeData","https:\/\/www.linkedin.com\/company\/exchange-data-international\/?viewAsMember=true","https:\/\/www.youtube.com\/channel\/UC5D1OpUb22YZANRLD_Ktcgg?view_as=subscriber"]}]}},"_links":{"self":[{"href":"https:\/\/www.exchange-data.com\/de\/wp-json\/wp\/v2\/product\/36425","targetHints":{"allow":["GET"]}}],"collection":[{"href":"https:\/\/www.exchange-data.com\/de\/wp-json\/wp\/v2\/product"}],"about":[{"href":"https:\/\/www.exchange-data.com\/de\/wp-json\/wp\/v2\/types\/product"}],"wp:attachment":[{"href":"https:\/\/www.exchange-data.com\/de\/wp-json\/wp\/v2\/media?parent=36425"}],"wp:term":[{"taxonomy":"country","embeddable":true,"href":"https:\/\/www.exchange-data.com\/de\/wp-json\/wp\/v2\/country?post=36425"},{"taxonomy":"product_category","embeddable":true,"href":"https:\/\/www.exchange-data.com\/de\/wp-json\/wp\/v2\/product_category?post=36425"}],"curies":[{"name":"wp","href":"https:\/\/api.w.org\/{rel}","templated":true}]}}