{"id":36426,"date":"2025-07-14T11:32:38","date_gmt":"2025-07-14T10:32:38","guid":{"rendered":"https:\/\/www.exchange-data.com\/product\/globale-investmentfonds-ohne-usa\/"},"modified":"2025-08-14T11:46:36","modified_gmt":"2025-08-14T10:46:36","slug":"globale-investmentfonds-ohne-usa","status":"publish","type":"product","link":"https:\/\/www.exchange-data.com\/de\/produkt\/globale-investmentfonds-ohne-usa\/","title":{"rendered":"Globale Investmentfonds (ohne USA)"},"content":{"rendered":"<p><span style=\"font-weight: 400;\">Die globale Investmentfondsbranche wird derzeit auf rund 114 Billionen US-Dollar gesch\u00e4tzt.<\/span><\/p>\n<p><span style=\"font-weight: 400;\">Der Anteil der \u00fcber Fonds gehaltenen Finanzanlagen w\u00e4chst kontinuierlich \u2013 insbesondere in Schwellenl\u00e4ndern nimmt die Bedeutung von Investmentfonds weiter zu.<\/span><\/p>\n<p><span style=\"font-weight: 400;\">Bis vor Kurzem stellte EDI ausschlie\u00dflich Informationen zu geschlossenen Fonds und ETFs bereit, die an B\u00f6rsen gehandelt werden. Seit 2021 erweitert EDI sein Angebot um offene Fonds \u2013 weitere Informationen finden Sie in unserem Abschnitt zu Mutual Funds. <\/span><\/p>\n<h2>Fondsabdeckung<\/h2>\n<p><span style=\"font-weight: 400;\">Der Service deckt offene Fonds in Gro\u00dfbritannien, Irland und Luxemburg ab \u2013 weitere M\u00e4rkte folgen.<\/span><\/p>\n<p><span style=\"font-weight: 400;\">Unser derzeit aktives Universum umfasst rund 96.000 Anteilsklassenfonds, darunter:<\/span><\/p>\n<ol>\n<li><span style=\"font-weight: 400;\">16.000 Fonds aus dem Vereinigten K\u00f6nigreich<\/span><\/li>\n<li><span style=\"font-weight: 400;\">30.000 irische Fonds<\/span><\/li>\n<li><span style=\"font-weight: 400;\">50.000 Luxemburger Fonds<\/span><\/li>\n<\/ol>\n<p><span style=\"font-weight: 400;\">Dar\u00fcber hinaus bietet EDI \u00dcbersetzungsdienste f\u00fcr die Schweiz, \u00d6sterreich, Frankreich, Belgien und weitere europ\u00e4ische M\u00e4rkte auf Anfrage. Wenn Sie ein paneurop\u00e4isches Portfolio verwalten, kontaktieren Sie uns f\u00fcr weitere Informationen zu unseren Funds Data-L\u00f6sungen. <\/span><\/p>\n<h3>Referenzdaten<\/h3>\n<p><b>Zuverl\u00e4ssige Lieferung von Fondsdaten direkt von der Quelle<\/b><\/p>\n<p><span style=\"font-weight: 400;\">Ein spezialisiertes Team verarbeitet t\u00e4glich Daten von \u00fcber 139.000 Fonds. Mit direkten Anbindungen an mehr als 400 Fondsmanager, erg\u00e4nzt durch gepr\u00fcfte Drittquellen, garantiert EDI eine zeitnahe und pr\u00e4zise Bereitstellung Ihrer Fondsdaten. <\/span><\/p>\n<h3>Kapitalma\u00dfnahmen<\/h3>\n<p><span style=\"font-weight: 400;\">Kombinieren Sie unsere Referenzdaten mit dem Corporate-Actions-Service und profitieren Sie von einer umfassenden Abdeckung aller offenen Fonds. Neben Ereignisdaten bietet das Produkt auch eine Aufschl\u00fcsselung der Ertragsstr\u00f6me in Dividenden, Zinsen und Immobilienertr\u00e4ge \u2013 wo anwendbar. <\/span><\/p>\n<p><b>Vermeiden Sie Risiken durch fehlende Kapitalma\u00dfnahmen<\/b><\/p>\n<p><span style=\"font-weight: 400;\">Ein \u00fcbersehenes Kapitalereignis kann Finanzunternehmen Millionen kosten und das Vertrauen der Kunden gef\u00e4hrden. Mit dem Corporate-Actions-Service von EDI sind Sie f\u00fcr Ihre Fondspositionen zuverl\u00e4ssig abgesichert. <\/span><\/p>\n<p><b>Standardisierte Feeds f\u00fcr unternehmensweite L\u00f6sungen<\/b><\/p>\n<p><span style=\"font-weight: 400;\">Unser Fondsdatenservice liefert entscheidende Informationen zu Dividenden und Kapitalma\u00dfnahmen \u2013 strukturierte, fristgerechte Daten, die f\u00fcr Front-, Middle- und Backoffice gleicherma\u00dfen relevant sind. Mit EDI\u2019s standardisierten Feeds integrieren Sie diese Informationen effizient in Ihre internen Systeme \u2013 bis hin zu Risikomodellen und Handelsstrategien. <\/span><\/p>\n<p><b>Korrekte Steuerberechnung leicht gemacht<\/b><\/p>\n<p><span style=\"font-weight: 400;\">Anleger und ihre Vertreter k\u00f6nnen dank der detaillierten Ertragsaufteilung im Corporate-Actions-Feed von EDI die steuerlichen Verpflichtungen pr\u00e4zise berechnen.<\/span><\/p>\n","protected":false},"featured_media":0,"template":"","country":[],"product_category":[3174],"class_list":["post-36426","product","type-product","status-publish","hentry","product_category-investment-funds-edi-de-edi-products-services-de","no-post-thumbnail"],"acf":[],"yoast_head":"<!-- This site is optimized with the Yoast SEO Premium plugin v26.0 (Yoast SEO v26.0) - https:\/\/yoast.com\/wordpress\/plugins\/seo\/ -->\n<title>Globale Investmentfonds (ohne USA) | Exchange Data International<\/title>\n<meta name=\"description\" content=\"EDI liefert strukturierte Daten zu Investmentfonds \u2013 inklusive Kapitalma\u00dfnahmen, Referenzdaten und NAVs f\u00fcr UK, Irland, Luxemburg &amp; Deutschland. Ideal f\u00fcr steuerliche &amp; regulatorische Anforderungen.\" \/>\n<meta name=\"robots\" content=\"index, follow, max-snippet:-1, max-image-preview:large, max-video-preview:-1\" \/>\n<link rel=\"canonical\" href=\"https:\/\/www.exchange-data.com\/de\/produkt\/globale-investmentfonds-ohne-usa\/\" \/>\n<meta property=\"og:locale\" content=\"de_DE\" \/>\n<meta property=\"og:type\" content=\"article\" \/>\n<meta property=\"og:title\" content=\"Globale Investmentfonds (ohne USA) | Exchange Data International\" \/>\n<meta property=\"og:description\" content=\"EDI liefert strukturierte Daten zu Investmentfonds \u2013 inklusive Kapitalma\u00dfnahmen, Referenzdaten und NAVs f\u00fcr UK, Irland, Luxemburg &amp; Deutschland. Ideal f\u00fcr steuerliche &amp; regulatorische Anforderungen.\" \/>\n<meta property=\"og:url\" content=\"https:\/\/www.exchange-data.com\/de\/produkt\/globale-investmentfonds-ohne-usa\/\" \/>\n<meta property=\"og:site_name\" content=\"Exchange Data International\" \/>\n<meta property=\"article:modified_time\" content=\"2025-08-14T10:46:36+00:00\" \/>\n<meta name=\"twitter:card\" content=\"summary_large_image\" \/>\n<meta name=\"twitter:site\" content=\"@ExchangeData\" \/>\n<meta name=\"twitter:label1\" content=\"Gesch\u00e4tzte Lesezeit\" \/>\n\t<meta name=\"twitter:data1\" content=\"2\u00a0Minuten\" \/>\n<script type=\"application\/ld+json\" class=\"yoast-schema-graph\">{\"@context\":\"https:\/\/schema.org\",\"@graph\":[{\"@type\":\"WebPage\",\"@id\":\"https:\/\/www.exchange-data.com\/de\/produkt\/globale-investmentfonds-ohne-usa\/\",\"url\":\"https:\/\/www.exchange-data.com\/de\/produkt\/globale-investmentfonds-ohne-usa\/\",\"name\":\"Globale Investmentfonds (ohne USA) | Exchange Data International\",\"isPartOf\":{\"@id\":\"https:\/\/www.exchange-data.com\/de\/#website\"},\"datePublished\":\"2025-07-14T10:32:38+00:00\",\"dateModified\":\"2025-08-14T10:46:36+00:00\",\"description\":\"EDI liefert strukturierte Daten zu Investmentfonds \u2013 inklusive Kapitalma\u00dfnahmen, Referenzdaten und NAVs f\u00fcr UK, Irland, Luxemburg & Deutschland. Ideal f\u00fcr steuerliche & regulatorische Anforderungen.\",\"breadcrumb\":{\"@id\":\"https:\/\/www.exchange-data.com\/de\/produkt\/globale-investmentfonds-ohne-usa\/#breadcrumb\"},\"inLanguage\":\"de\",\"potentialAction\":[{\"@type\":\"ReadAction\",\"target\":[\"https:\/\/www.exchange-data.com\/de\/produkt\/globale-investmentfonds-ohne-usa\/\"]}]},{\"@type\":\"BreadcrumbList\",\"@id\":\"https:\/\/www.exchange-data.com\/de\/produkt\/globale-investmentfonds-ohne-usa\/#breadcrumb\",\"itemListElement\":[{\"@type\":\"ListItem\",\"position\":1,\"name\":\"Home\",\"item\":\"https:\/\/www.exchange-data.com\/de\/startseite\/\"},{\"@type\":\"ListItem\",\"position\":2,\"name\":\"Globale Investmentfonds (ohne USA)\"}]},{\"@type\":\"WebSite\",\"@id\":\"https:\/\/www.exchange-data.com\/de\/#website\",\"url\":\"https:\/\/www.exchange-data.com\/de\/\",\"name\":\"Exchange Data International\",\"description\":\"Doing data differently\",\"publisher\":{\"@id\":\"https:\/\/www.exchange-data.com\/de\/#organization\"},\"potentialAction\":[{\"@type\":\"SearchAction\",\"target\":{\"@type\":\"EntryPoint\",\"urlTemplate\":\"https:\/\/www.exchange-data.com\/de\/?s={search_term_string}\"},\"query-input\":{\"@type\":\"PropertyValueSpecification\",\"valueRequired\":true,\"valueName\":\"search_term_string\"}}],\"inLanguage\":\"de\"},{\"@type\":\"Organization\",\"@id\":\"https:\/\/www.exchange-data.com\/de\/#organization\",\"name\":\"Exchange Data International\",\"url\":\"https:\/\/www.exchange-data.com\/de\/\",\"logo\":{\"@type\":\"ImageObject\",\"inLanguage\":\"de\",\"@id\":\"https:\/\/www.exchange-data.com\/de\/#\/schema\/logo\/image\/\",\"url\":\"https:\/\/www.exchange-data.com\/wp-content\/uploads\/2019\/03\/logo3.png\",\"contentUrl\":\"https:\/\/www.exchange-data.com\/wp-content\/uploads\/2019\/03\/logo3.png\",\"width\":200,\"height\":80,\"caption\":\"Exchange Data International\"},\"image\":{\"@id\":\"https:\/\/www.exchange-data.com\/de\/#\/schema\/logo\/image\/\"},\"sameAs\":[\"https:\/\/x.com\/ExchangeData\",\"https:\/\/www.linkedin.com\/company\/exchange-data-international\/?viewAsMember=true\",\"https:\/\/www.youtube.com\/channel\/UC5D1OpUb22YZANRLD_Ktcgg?view_as=subscriber\"]}]}<\/script>\n<!-- \/ Yoast SEO Premium plugin. -->","yoast_head_json":{"title":"Globale Investmentfonds (ohne USA) | Exchange Data International","description":"EDI liefert strukturierte Daten zu Investmentfonds \u2013 inklusive Kapitalma\u00dfnahmen, Referenzdaten und NAVs f\u00fcr UK, Irland, Luxemburg & Deutschland. Ideal f\u00fcr steuerliche & regulatorische Anforderungen.","robots":{"index":"index","follow":"follow","max-snippet":"max-snippet:-1","max-image-preview":"max-image-preview:large","max-video-preview":"max-video-preview:-1"},"canonical":"https:\/\/www.exchange-data.com\/de\/produkt\/globale-investmentfonds-ohne-usa\/","og_locale":"de_DE","og_type":"article","og_title":"Globale Investmentfonds (ohne USA) | Exchange Data International","og_description":"EDI liefert strukturierte Daten zu Investmentfonds \u2013 inklusive Kapitalma\u00dfnahmen, Referenzdaten und NAVs f\u00fcr UK, Irland, Luxemburg & Deutschland. Ideal f\u00fcr steuerliche & regulatorische Anforderungen.","og_url":"https:\/\/www.exchange-data.com\/de\/produkt\/globale-investmentfonds-ohne-usa\/","og_site_name":"Exchange Data International","article_modified_time":"2025-08-14T10:46:36+00:00","twitter_card":"summary_large_image","twitter_site":"@ExchangeData","twitter_misc":{"Gesch\u00e4tzte Lesezeit":"2\u00a0Minuten"},"schema":{"@context":"https:\/\/schema.org","@graph":[{"@type":"WebPage","@id":"https:\/\/www.exchange-data.com\/de\/produkt\/globale-investmentfonds-ohne-usa\/","url":"https:\/\/www.exchange-data.com\/de\/produkt\/globale-investmentfonds-ohne-usa\/","name":"Globale Investmentfonds (ohne USA) | Exchange Data International","isPartOf":{"@id":"https:\/\/www.exchange-data.com\/de\/#website"},"datePublished":"2025-07-14T10:32:38+00:00","dateModified":"2025-08-14T10:46:36+00:00","description":"EDI liefert strukturierte Daten zu Investmentfonds \u2013 inklusive Kapitalma\u00dfnahmen, Referenzdaten und NAVs f\u00fcr UK, Irland, Luxemburg & Deutschland. Ideal f\u00fcr steuerliche & regulatorische Anforderungen.","breadcrumb":{"@id":"https:\/\/www.exchange-data.com\/de\/produkt\/globale-investmentfonds-ohne-usa\/#breadcrumb"},"inLanguage":"de","potentialAction":[{"@type":"ReadAction","target":["https:\/\/www.exchange-data.com\/de\/produkt\/globale-investmentfonds-ohne-usa\/"]}]},{"@type":"BreadcrumbList","@id":"https:\/\/www.exchange-data.com\/de\/produkt\/globale-investmentfonds-ohne-usa\/#breadcrumb","itemListElement":[{"@type":"ListItem","position":1,"name":"Home","item":"https:\/\/www.exchange-data.com\/de\/startseite\/"},{"@type":"ListItem","position":2,"name":"Globale Investmentfonds (ohne USA)"}]},{"@type":"WebSite","@id":"https:\/\/www.exchange-data.com\/de\/#website","url":"https:\/\/www.exchange-data.com\/de\/","name":"Exchange Data International","description":"Doing data differently","publisher":{"@id":"https:\/\/www.exchange-data.com\/de\/#organization"},"potentialAction":[{"@type":"SearchAction","target":{"@type":"EntryPoint","urlTemplate":"https:\/\/www.exchange-data.com\/de\/?s={search_term_string}"},"query-input":{"@type":"PropertyValueSpecification","valueRequired":true,"valueName":"search_term_string"}}],"inLanguage":"de"},{"@type":"Organization","@id":"https:\/\/www.exchange-data.com\/de\/#organization","name":"Exchange Data International","url":"https:\/\/www.exchange-data.com\/de\/","logo":{"@type":"ImageObject","inLanguage":"de","@id":"https:\/\/www.exchange-data.com\/de\/#\/schema\/logo\/image\/","url":"https:\/\/www.exchange-data.com\/wp-content\/uploads\/2019\/03\/logo3.png","contentUrl":"https:\/\/www.exchange-data.com\/wp-content\/uploads\/2019\/03\/logo3.png","width":200,"height":80,"caption":"Exchange Data International"},"image":{"@id":"https:\/\/www.exchange-data.com\/de\/#\/schema\/logo\/image\/"},"sameAs":["https:\/\/x.com\/ExchangeData","https:\/\/www.linkedin.com\/company\/exchange-data-international\/?viewAsMember=true","https:\/\/www.youtube.com\/channel\/UC5D1OpUb22YZANRLD_Ktcgg?view_as=subscriber"]}]}},"_links":{"self":[{"href":"https:\/\/www.exchange-data.com\/de\/wp-json\/wp\/v2\/product\/36426","targetHints":{"allow":["GET"]}}],"collection":[{"href":"https:\/\/www.exchange-data.com\/de\/wp-json\/wp\/v2\/product"}],"about":[{"href":"https:\/\/www.exchange-data.com\/de\/wp-json\/wp\/v2\/types\/product"}],"wp:attachment":[{"href":"https:\/\/www.exchange-data.com\/de\/wp-json\/wp\/v2\/media?parent=36426"}],"wp:term":[{"taxonomy":"country","embeddable":true,"href":"https:\/\/www.exchange-data.com\/de\/wp-json\/wp\/v2\/country?post=36426"},{"taxonomy":"product_category","embeddable":true,"href":"https:\/\/www.exchange-data.com\/de\/wp-json\/wp\/v2\/product_category?post=36426"}],"curies":[{"name":"wp","href":"https:\/\/api.w.org\/{rel}","templated":true}]}}