{"id":36461,"date":"2025-07-25T07:38:21","date_gmt":"2025-07-25T06:38:21","guid":{"rendered":"https:\/\/www.exchange-data.com\/product\/wirtschaftskalender\/"},"modified":"2025-09-10T08:50:08","modified_gmt":"2025-09-10T07:50:08","slug":"wirtschaftskalender","status":"publish","type":"product","link":"https:\/\/www.exchange-data.com\/de\/produkt\/wirtschaftskalender\/","title":{"rendered":"Wirtschaftskalender"},"content":{"rendered":"<p><span style=\"font-weight: 400;\">EDIs Wirtschaftskalender erm\u00f6glicht strukturierten Zugriff auf wesentliche globale Wirtschaftsindikatoren. Nutzer behalten entscheidende Datenver\u00f6ffentlichungen im Blick, die M\u00e4rkte, politische Entscheidungen und Finanzplanungen beeinflussen.<\/span><\/p>\n<p><span style=\"font-weight: 400;\">Trader, Analysten, \u00d6konom:innen und institutionelle Nutzer:innen profitieren von zeitnahen Updates und historischer Kontextualisierung entscheidungsrelevanter Daten.<\/span><\/p>\n<h2>Was der Wirtschaftskalender verfolgt<\/h2>\n<p><strong>Erfasste Ereignisse:<\/strong><\/p>\n<ul>\n<li><span style=\"font-weight: 400;\">Erfasste Ereignisse:<\/span><\/li>\n<li><span style=\"font-weight: 400;\">Inflation und Preisindizes<\/span><\/li>\n<li><span style=\"font-weight: 400;\">Besch\u00e4ftigung und Arbeitslosenmeldungen<\/span><\/li>\n<li><span style=\"font-weight: 400;\">Handelsbilanzen und Leistungsbilanzdaten<\/span><\/li>\n<li><span style=\"font-weight: 400;\">Zinsank\u00fcndigungen<\/span><\/li>\n<li><span style=\"font-weight: 400;\">Wirtschafts\u2011 und Verbraucherstimmung<\/span><\/li>\n<\/ul>\n<p><span style=\"font-weight: 400;\">edes Ereignis ist nach Land und Kategorie geordnet und erm\u00f6glicht so eine einfachere Bewertung von Marktrelevanz und regionalen Wirtschaftstrends. Anzeigen enthalten Vorwert, Ist-Wert und zuk\u00fcnftige Ver\u00f6ffentlichungstermine in einer klar strukturierten, sortierbaren Ansicht. <\/span><\/p>\n<p><strong>Features:<\/strong><\/p>\n<ul>\n<li><span style=\"font-weight: 400;\">Dreimal t\u00e4gliche Aktualisierung auf Basis verf\u00fcgbarer Wirtschaftsberichte<\/span><\/li>\n<li><span style=\"font-weight: 400;\">Durchsuchbar nach Land, Zeitraum und Datentyp<\/span><\/li>\n<li><span style=\"font-weight: 400;\">Exportfunktion in CSV und TXT f\u00fcr Offline-Auswertung<\/span><\/li>\n<li><span style=\"font-weight: 400;\">Kompakte, filterbare Ansicht optimiert f\u00fcr Desktop &amp; Mobil<\/span><\/li>\n<\/ul>\n<p><strong>Anwendungsf\u00e4lle<\/strong><\/p>\n<p><em>Fachleute nutzen den Kalender, um:<\/em><\/p>\n<ul>\n<li><span style=\"font-weight: 400;\">sich auf marktrelevante Ereignisse vorzubereiten<\/span><\/li>\n<li><span style=\"font-weight: 400;\">Handelsstrategien an Datenprognosen anzupassen<\/span><\/li>\n<li><span style=\"font-weight: 400;\">Wirtschaftskreisl\u00e4ufe regional nachzuverfolgen<\/span><\/li>\n<li><span style=\"font-weight: 400;\">Unterst\u00fctzung von makro\u00f6konomischen Analysen und Prognosen<\/span><\/li>\n<\/ul>\n","protected":false},"featured_media":0,"template":"","country":[],"product_category":[],"class_list":["post-36461","product","type-product","status-publish","hentry","no-post-thumbnail"],"acf":[],"yoast_head":"<!-- This site is optimized with the Yoast SEO Premium plugin v26.0 (Yoast SEO v26.0) - https:\/\/yoast.com\/wordpress\/plugins\/seo\/ -->\n<title>Wirtschaftskalender | Exchange Data International<\/title>\n<meta name=\"description\" content=\"Weltweiter Wirtschaftskalender mit tagesaktuellen Daten zu BIP, Inflation, Zinsen &amp; mehr. Ideal f\u00fcr Analysten, Trader &amp; \u00d6konomen weltweit.\" \/>\n<meta name=\"robots\" content=\"index, follow, max-snippet:-1, max-image-preview:large, max-video-preview:-1\" \/>\n<link rel=\"canonical\" href=\"https:\/\/www.exchange-data.com\/de\/produkt\/wirtschaftskalender\/\" \/>\n<meta property=\"og:locale\" content=\"de_DE\" \/>\n<meta property=\"og:type\" content=\"article\" \/>\n<meta property=\"og:title\" content=\"Wirtschaftskalender | Exchange Data International\" \/>\n<meta property=\"og:description\" content=\"Weltweiter Wirtschaftskalender mit tagesaktuellen Daten zu BIP, Inflation, Zinsen &amp; mehr. Ideal f\u00fcr Analysten, Trader &amp; \u00d6konomen weltweit.\" \/>\n<meta property=\"og:url\" content=\"https:\/\/www.exchange-data.com\/de\/produkt\/wirtschaftskalender\/\" \/>\n<meta property=\"og:site_name\" content=\"Exchange Data International\" \/>\n<meta property=\"article:modified_time\" content=\"2025-09-10T07:50:08+00:00\" \/>\n<meta name=\"twitter:card\" content=\"summary_large_image\" \/>\n<meta name=\"twitter:site\" content=\"@ExchangeData\" \/>\n<meta name=\"twitter:label1\" content=\"Gesch\u00e4tzte Lesezeit\" \/>\n\t<meta name=\"twitter:data1\" content=\"1\u00a0Minute\" \/>\n<script type=\"application\/ld+json\" class=\"yoast-schema-graph\">{\"@context\":\"https:\/\/schema.org\",\"@graph\":[{\"@type\":\"WebPage\",\"@id\":\"https:\/\/www.exchange-data.com\/de\/produkt\/wirtschaftskalender\/\",\"url\":\"https:\/\/www.exchange-data.com\/de\/produkt\/wirtschaftskalender\/\",\"name\":\"Wirtschaftskalender | Exchange Data International\",\"isPartOf\":{\"@id\":\"https:\/\/www.exchange-data.com\/de\/#website\"},\"datePublished\":\"2025-07-25T06:38:21+00:00\",\"dateModified\":\"2025-09-10T07:50:08+00:00\",\"description\":\"Weltweiter Wirtschaftskalender mit tagesaktuellen Daten zu BIP, Inflation, Zinsen & mehr. Ideal f\u00fcr Analysten, Trader & \u00d6konomen weltweit.\",\"breadcrumb\":{\"@id\":\"https:\/\/www.exchange-data.com\/de\/produkt\/wirtschaftskalender\/#breadcrumb\"},\"inLanguage\":\"de\",\"potentialAction\":[{\"@type\":\"ReadAction\",\"target\":[\"https:\/\/www.exchange-data.com\/de\/produkt\/wirtschaftskalender\/\"]}]},{\"@type\":\"BreadcrumbList\",\"@id\":\"https:\/\/www.exchange-data.com\/de\/produkt\/wirtschaftskalender\/#breadcrumb\",\"itemListElement\":[{\"@type\":\"ListItem\",\"position\":1,\"name\":\"Home\",\"item\":\"https:\/\/www.exchange-data.com\/de\/startseite\/\"},{\"@type\":\"ListItem\",\"position\":2,\"name\":\"Wirtschaftskalender\"}]},{\"@type\":\"WebSite\",\"@id\":\"https:\/\/www.exchange-data.com\/de\/#website\",\"url\":\"https:\/\/www.exchange-data.com\/de\/\",\"name\":\"Exchange Data International\",\"description\":\"Doing data differently\",\"publisher\":{\"@id\":\"https:\/\/www.exchange-data.com\/de\/#organization\"},\"potentialAction\":[{\"@type\":\"SearchAction\",\"target\":{\"@type\":\"EntryPoint\",\"urlTemplate\":\"https:\/\/www.exchange-data.com\/de\/?s={search_term_string}\"},\"query-input\":{\"@type\":\"PropertyValueSpecification\",\"valueRequired\":true,\"valueName\":\"search_term_string\"}}],\"inLanguage\":\"de\"},{\"@type\":\"Organization\",\"@id\":\"https:\/\/www.exchange-data.com\/de\/#organization\",\"name\":\"Exchange Data International\",\"url\":\"https:\/\/www.exchange-data.com\/de\/\",\"logo\":{\"@type\":\"ImageObject\",\"inLanguage\":\"de\",\"@id\":\"https:\/\/www.exchange-data.com\/de\/#\/schema\/logo\/image\/\",\"url\":\"https:\/\/www.exchange-data.com\/wp-content\/uploads\/2019\/03\/logo3.png\",\"contentUrl\":\"https:\/\/www.exchange-data.com\/wp-content\/uploads\/2019\/03\/logo3.png\",\"width\":200,\"height\":80,\"caption\":\"Exchange Data International\"},\"image\":{\"@id\":\"https:\/\/www.exchange-data.com\/de\/#\/schema\/logo\/image\/\"},\"sameAs\":[\"https:\/\/x.com\/ExchangeData\",\"https:\/\/www.linkedin.com\/company\/exchange-data-international\/?viewAsMember=true\",\"https:\/\/www.youtube.com\/channel\/UC5D1OpUb22YZANRLD_Ktcgg?view_as=subscriber\"]}]}<\/script>\n<!-- \/ Yoast SEO Premium plugin. -->","yoast_head_json":{"title":"Wirtschaftskalender | Exchange Data International","description":"Weltweiter Wirtschaftskalender mit tagesaktuellen Daten zu BIP, Inflation, Zinsen & mehr. Ideal f\u00fcr Analysten, Trader & \u00d6konomen weltweit.","robots":{"index":"index","follow":"follow","max-snippet":"max-snippet:-1","max-image-preview":"max-image-preview:large","max-video-preview":"max-video-preview:-1"},"canonical":"https:\/\/www.exchange-data.com\/de\/produkt\/wirtschaftskalender\/","og_locale":"de_DE","og_type":"article","og_title":"Wirtschaftskalender | Exchange Data International","og_description":"Weltweiter Wirtschaftskalender mit tagesaktuellen Daten zu BIP, Inflation, Zinsen & mehr. Ideal f\u00fcr Analysten, Trader & \u00d6konomen weltweit.","og_url":"https:\/\/www.exchange-data.com\/de\/produkt\/wirtschaftskalender\/","og_site_name":"Exchange Data International","article_modified_time":"2025-09-10T07:50:08+00:00","twitter_card":"summary_large_image","twitter_site":"@ExchangeData","twitter_misc":{"Gesch\u00e4tzte Lesezeit":"1\u00a0Minute"},"schema":{"@context":"https:\/\/schema.org","@graph":[{"@type":"WebPage","@id":"https:\/\/www.exchange-data.com\/de\/produkt\/wirtschaftskalender\/","url":"https:\/\/www.exchange-data.com\/de\/produkt\/wirtschaftskalender\/","name":"Wirtschaftskalender | Exchange Data International","isPartOf":{"@id":"https:\/\/www.exchange-data.com\/de\/#website"},"datePublished":"2025-07-25T06:38:21+00:00","dateModified":"2025-09-10T07:50:08+00:00","description":"Weltweiter Wirtschaftskalender mit tagesaktuellen Daten zu BIP, Inflation, Zinsen & mehr. Ideal f\u00fcr Analysten, Trader & \u00d6konomen weltweit.","breadcrumb":{"@id":"https:\/\/www.exchange-data.com\/de\/produkt\/wirtschaftskalender\/#breadcrumb"},"inLanguage":"de","potentialAction":[{"@type":"ReadAction","target":["https:\/\/www.exchange-data.com\/de\/produkt\/wirtschaftskalender\/"]}]},{"@type":"BreadcrumbList","@id":"https:\/\/www.exchange-data.com\/de\/produkt\/wirtschaftskalender\/#breadcrumb","itemListElement":[{"@type":"ListItem","position":1,"name":"Home","item":"https:\/\/www.exchange-data.com\/de\/startseite\/"},{"@type":"ListItem","position":2,"name":"Wirtschaftskalender"}]},{"@type":"WebSite","@id":"https:\/\/www.exchange-data.com\/de\/#website","url":"https:\/\/www.exchange-data.com\/de\/","name":"Exchange Data International","description":"Doing data differently","publisher":{"@id":"https:\/\/www.exchange-data.com\/de\/#organization"},"potentialAction":[{"@type":"SearchAction","target":{"@type":"EntryPoint","urlTemplate":"https:\/\/www.exchange-data.com\/de\/?s={search_term_string}"},"query-input":{"@type":"PropertyValueSpecification","valueRequired":true,"valueName":"search_term_string"}}],"inLanguage":"de"},{"@type":"Organization","@id":"https:\/\/www.exchange-data.com\/de\/#organization","name":"Exchange Data International","url":"https:\/\/www.exchange-data.com\/de\/","logo":{"@type":"ImageObject","inLanguage":"de","@id":"https:\/\/www.exchange-data.com\/de\/#\/schema\/logo\/image\/","url":"https:\/\/www.exchange-data.com\/wp-content\/uploads\/2019\/03\/logo3.png","contentUrl":"https:\/\/www.exchange-data.com\/wp-content\/uploads\/2019\/03\/logo3.png","width":200,"height":80,"caption":"Exchange Data International"},"image":{"@id":"https:\/\/www.exchange-data.com\/de\/#\/schema\/logo\/image\/"},"sameAs":["https:\/\/x.com\/ExchangeData","https:\/\/www.linkedin.com\/company\/exchange-data-international\/?viewAsMember=true","https:\/\/www.youtube.com\/channel\/UC5D1OpUb22YZANRLD_Ktcgg?view_as=subscriber"]}]}},"_links":{"self":[{"href":"https:\/\/www.exchange-data.com\/de\/wp-json\/wp\/v2\/product\/36461","targetHints":{"allow":["GET"]}}],"collection":[{"href":"https:\/\/www.exchange-data.com\/de\/wp-json\/wp\/v2\/product"}],"about":[{"href":"https:\/\/www.exchange-data.com\/de\/wp-json\/wp\/v2\/types\/product"}],"wp:attachment":[{"href":"https:\/\/www.exchange-data.com\/de\/wp-json\/wp\/v2\/media?parent=36461"}],"wp:term":[{"taxonomy":"country","embeddable":true,"href":"https:\/\/www.exchange-data.com\/de\/wp-json\/wp\/v2\/country?post=36461"},{"taxonomy":"product_category","embeddable":true,"href":"https:\/\/www.exchange-data.com\/de\/wp-json\/wp\/v2\/product_category?post=36461"}],"curies":[{"name":"wp","href":"https:\/\/api.w.org\/{rel}","templated":true}]}}