{"id":36464,"date":"2025-09-10T12:41:33","date_gmt":"2025-09-10T11:41:33","guid":{"rendered":"https:\/\/www.exchange-data.com\/product\/kommentar-zu-den-us-und-globalen-wirtschaftsdaten\/"},"modified":"2025-09-10T12:41:33","modified_gmt":"2025-09-10T11:41:33","slug":"kommentar-zu-den-us-und-globalen-wirtschaftsdaten","status":"publish","type":"product","link":"https:\/\/www.exchange-data.com\/de\/produkt\/kommentar-zu-den-us-und-globalen-wirtschaftsdaten\/","title":{"rendered":"Kommentar zu den US und globalen Wirtschaftsdaten"},"content":{"rendered":"<p><span style=\"font-weight: 400;\">Zuverl\u00e4ssige US\u2011 und globale Wirtschaftsdaten unterst\u00fctzen Finanzprofis, Investoren und Institutionen bei fundierten Entscheidungen. <\/span><br \/>\n<small><small><small><\/small><\/small><\/small><\/p>\n<h2>US-Wirtschaftsdaten<\/h2>\n<p><span style=\"font-weight: 400;\">Unser US-Datenservice bietet zeitnahe und umfassende Einblicke in relevante Marktgeschehnisse, darunter:<\/span><\/p>\n<ul>\n<li><span style=\"font-weight: 400;\"><strong>Makro\u00f6konomische Indikatoren <\/strong>\u2013 BIP, Inflation, Arbeitsmarkt, Einzelhandelsums\u00e4tze, Konsumklima und mehr<\/span><\/li>\n<li><span style=\"font-weight: 400;\"><strong>US-Treasury-Ank\u00fcndigungen<\/strong> \u2013 Auktionen, Abwicklungen und Rendite-Updates<\/span><\/li>\n<li><span style=\"font-weight: 400;\"><strong>Politik- &amp; Markteinblicke <\/strong>\u2013 Reden von Fed-Vertretern mit Einsch\u00e4tzungen zur wirtschaftlichen Entwicklung<\/span><\/li>\n<li><span style=\"font-weight: 400;\"><strong>T\u00e4gliche Analysen &amp; Marktkommentare<\/strong> \u2013 Darunter Market Focus und Market Reflections zur Unterst\u00fctzung von Handels- und Anlagestrategien<\/span><\/li>\n<\/ul>\n<p><span style=\"font-weight: 400;\">Der Datensatz enth\u00e4lt Zahlen fr\u00fcherer Ver\u00f6ffentlichungen, etwaige Revisionen, Markterwartungen sowie die tats\u00e4chlichen Ergebnisse zum Zeitpunkt der Ver\u00f6ffentlichung.<\/span><\/p>\n<p>&nbsp;<\/p>\n<h2><small><small><small>Globale Wirtschaftsdaten<\/small><\/small><\/small><\/h2>\n<p><span style=\"font-weight: 400;\">Unser globaler Datenservice bietet umfassende Abdeckung zentraler Finanzm\u00e4rkte \u00fcber zahlreiche Regionen hinweg:<\/span><\/p>\n<p><strong> L\u00e4nderabdeckung <\/strong><br \/>\n<span style=\"font-weight: 400;\">Australien, Kanada, China, Eurozone, Frankreich, Deutschland, Hongkong, Indien, Italien, Japan, Neuseeland, Singapur, S\u00fcdkorea, Schweiz, Taiwan, Vereinigtes K\u00f6nigreich und USA<\/span><\/p>\n<h3>Wichtige Ereignisse<\/h3>\n<ul>\n<li><span style=\"font-weight: 400;\"><strong>Zentralbank-Ver\u00f6ffentlichungen \u2013<\/strong> Protokolle und Quartalsberichte f\u00fchrender Zentralbanken<\/span><\/li>\n<li><span style=\"font-weight: 400;\"><strong>Ereignis\u00fcberwachung <\/strong>\u2013 Auch am Wochenende bei relevanten wirtschaftlichen Entwicklungen<\/span><\/li>\n<li><span style=\"font-weight: 400;\"><strong>Wirtschaftsforschung <\/strong>\u2013 Einschlie\u00dflich t\u00e4glichem US-Marktfokus und Kommentaren<\/span><\/li>\n<li><span style=\"font-weight: 400;\"><strong>Wirtschaftsindikatoren \u2013 Mit historischen Werten, Korrekturen, Erwartungen und finalen Ver\u00f6ffentlichungen<\/strong> <\/span><\/li>\n<\/ul>\n<p><span style=\"font-weight: 400;\">Alle Eintr\u00e4ge enthalten aussagekr\u00e4ftige Beschreibungen zur wirtschaftlichen Bedeutung jedes Indikators und seiner Marktwirkung. <\/span><\/p>\n<p><span style=\"font-weight: 400;\">Der Wirtschaftskalender kann tages-, wochen- oder monatsweise dargestellt und an Zeitzonen angepasst werden.<\/span><\/p>\n<h2><small><small><small>Premium-Wirtschaftsdatenservices<\/small><\/small><\/small><\/h2>\n<p><span style=\"font-weight: 400;\">F\u00fcr tiefere Markteinblicke, fundierte Analysen und interaktive Visualisierungen bieten wir Premium-Dienste an:<\/span><\/p>\n<h3>US Premium Economic Data<\/h3>\n<p><span style=\"font-weight: 400;\">Beinhaltet alle Basisdaten plus:<\/span><\/p>\n<ul>\n<li><span style=\"font-weight: 400;\"> <strong>Event Highlights<\/strong> \u2013 Marktorientierte Analysen unserer \u00d6konomen<\/span><\/li>\n<li><span style=\"font-weight: 400;\"> <strong>Consensus Outlook <\/strong>\u2013 W\u00f6chentliche Zusammenfassungen zu m\u00f6glichen Marktauswirkungen<\/span><\/li>\n<li><span style=\"font-weight: 400;\"> <strong>Charts &amp; Snapshots<\/strong> \u2013 Grafische Aufbereitung wirtschaftlicher Trends<\/span><\/li>\n<li><span style=\"font-weight: 400;\"> <strong>Eilmeldungen &amp; Sonderberichte<\/strong> \u2013 Live-Updates zu unerwarteten Marktereignissen<\/span><\/li>\n<\/ul>\n<h3>Global Premium Economic Data<\/h3>\n<p><span style=\"font-weight: 400;\">Beinhaltet alle globalen Basisdaten plus:<\/span><\/p>\n<ul>\n<li><span style=\"font-weight: 400;\"> <strong>Expertenanalysen<\/strong> \u2013 Unabh\u00e4ngig, verst\u00e4ndlich und marktorientiert<\/span><\/li>\n<li><span style=\"font-weight: 400;\"> <strong>Historische Visualisierungen<\/strong> \u2013 Interaktive Charts zu Real- und Konsensdaten<\/span><\/li>\n<li><span style=\"font-weight: 400;\"><strong>Sonderberichte &amp; Marktalarme <\/strong>\u2013 z.\u202fB. zu Brexit, US-Shutdowns oder globalen Finanzkrisen<\/span><\/li>\n<\/ul>\n<h2><small><small><small>Individuelle Datenintegration<\/small><\/small><\/small><\/h2>\n<ul>\n<li><span style=\"font-weight: 400;\"> <strong>Zugriff auf \u00fcber 300 Wirtschaftsindikatoren <\/strong><\/span><\/li>\n<li><span style=\"font-weight: 400;\"> <strong>Ma\u00dfgeschneiderte Datenfeeds f\u00fcr Plattformen und Finanzseiten <\/strong><\/span><\/li>\n<li><span style=\"font-weight: 400;\"><strong>Mehrsprachiger Support auf Anfrage <\/strong><\/span><\/li>\n<\/ul>\n","protected":false},"featured_media":0,"template":"","country":[],"product_category":[3167,3168],"class_list":["post-36464","product","type-product","status-publish","hentry","product_category-produkte-und-services","product_category-economic-data-edi-de","no-post-thumbnail"],"acf":[],"yoast_head":"<!-- This site is optimized with the Yoast SEO Premium plugin v26.0 (Yoast SEO v26.0) - https:\/\/yoast.com\/wordpress\/plugins\/seo\/ -->\n<title>Kommentar zu den US und globalen Wirtschaftsdaten | Exchange Data International<\/title>\n<meta name=\"robots\" content=\"index, follow, max-snippet:-1, max-image-preview:large, max-video-preview:-1\" \/>\n<link rel=\"canonical\" href=\"https:\/\/www.exchange-data.com\/de\/produkt\/kommentar-zu-den-us-und-globalen-wirtschaftsdaten\/\" \/>\n<meta property=\"og:locale\" content=\"de_DE\" \/>\n<meta property=\"og:type\" content=\"article\" \/>\n<meta property=\"og:title\" content=\"Kommentar zu den US und globalen Wirtschaftsdaten | Exchange Data International\" \/>\n<meta property=\"og:description\" content=\"Zuverl\u00e4ssige US\u2011 und globale Wirtschaftsdaten unterst\u00fctzen Finanzprofis, Investoren und Institutionen bei fundierten Entscheidungen. US-Wirtschaftsdaten Unser US-Datenservice bietet zeitnahe und umfassende Einblicke in relevante Marktgeschehnisse, darunter: Makro\u00f6konomische Indikatoren \u2013 BIP, Inflation, Arbeitsmarkt, Einzelhandelsums\u00e4tze,\" \/>\n<meta property=\"og:url\" content=\"https:\/\/www.exchange-data.com\/de\/produkt\/kommentar-zu-den-us-und-globalen-wirtschaftsdaten\/\" \/>\n<meta property=\"og:site_name\" content=\"Exchange Data International\" \/>\n<meta name=\"twitter:card\" content=\"summary_large_image\" \/>\n<meta name=\"twitter:site\" content=\"@ExchangeData\" \/>\n<meta name=\"twitter:label1\" content=\"Gesch\u00e4tzte Lesezeit\" \/>\n\t<meta name=\"twitter:data1\" content=\"2\u00a0Minuten\" \/>\n<script type=\"application\/ld+json\" class=\"yoast-schema-graph\">{\"@context\":\"https:\/\/schema.org\",\"@graph\":[{\"@type\":\"WebPage\",\"@id\":\"https:\/\/www.exchange-data.com\/de\/produkt\/kommentar-zu-den-us-und-globalen-wirtschaftsdaten\/\",\"url\":\"https:\/\/www.exchange-data.com\/de\/produkt\/kommentar-zu-den-us-und-globalen-wirtschaftsdaten\/\",\"name\":\"Kommentar zu den US und globalen Wirtschaftsdaten | Exchange Data International\",\"isPartOf\":{\"@id\":\"https:\/\/www.exchange-data.com\/de\/#website\"},\"datePublished\":\"2025-09-10T11:41:33+00:00\",\"breadcrumb\":{\"@id\":\"https:\/\/www.exchange-data.com\/de\/produkt\/kommentar-zu-den-us-und-globalen-wirtschaftsdaten\/#breadcrumb\"},\"inLanguage\":\"de\",\"potentialAction\":[{\"@type\":\"ReadAction\",\"target\":[\"https:\/\/www.exchange-data.com\/de\/produkt\/kommentar-zu-den-us-und-globalen-wirtschaftsdaten\/\"]}]},{\"@type\":\"BreadcrumbList\",\"@id\":\"https:\/\/www.exchange-data.com\/de\/produkt\/kommentar-zu-den-us-und-globalen-wirtschaftsdaten\/#breadcrumb\",\"itemListElement\":[{\"@type\":\"ListItem\",\"position\":1,\"name\":\"Home\",\"item\":\"https:\/\/www.exchange-data.com\/de\/startseite\/\"},{\"@type\":\"ListItem\",\"position\":2,\"name\":\"Kommentar zu den US und globalen Wirtschaftsdaten\"}]},{\"@type\":\"WebSite\",\"@id\":\"https:\/\/www.exchange-data.com\/de\/#website\",\"url\":\"https:\/\/www.exchange-data.com\/de\/\",\"name\":\"Exchange Data International\",\"description\":\"Doing data differently\",\"publisher\":{\"@id\":\"https:\/\/www.exchange-data.com\/de\/#organization\"},\"potentialAction\":[{\"@type\":\"SearchAction\",\"target\":{\"@type\":\"EntryPoint\",\"urlTemplate\":\"https:\/\/www.exchange-data.com\/de\/?s={search_term_string}\"},\"query-input\":{\"@type\":\"PropertyValueSpecification\",\"valueRequired\":true,\"valueName\":\"search_term_string\"}}],\"inLanguage\":\"de\"},{\"@type\":\"Organization\",\"@id\":\"https:\/\/www.exchange-data.com\/de\/#organization\",\"name\":\"Exchange Data International\",\"url\":\"https:\/\/www.exchange-data.com\/de\/\",\"logo\":{\"@type\":\"ImageObject\",\"inLanguage\":\"de\",\"@id\":\"https:\/\/www.exchange-data.com\/de\/#\/schema\/logo\/image\/\",\"url\":\"https:\/\/www.exchange-data.com\/wp-content\/uploads\/2019\/03\/logo3.png\",\"contentUrl\":\"https:\/\/www.exchange-data.com\/wp-content\/uploads\/2019\/03\/logo3.png\",\"width\":200,\"height\":80,\"caption\":\"Exchange Data International\"},\"image\":{\"@id\":\"https:\/\/www.exchange-data.com\/de\/#\/schema\/logo\/image\/\"},\"sameAs\":[\"https:\/\/x.com\/ExchangeData\",\"https:\/\/www.linkedin.com\/company\/exchange-data-international\/?viewAsMember=true\",\"https:\/\/www.youtube.com\/channel\/UC5D1OpUb22YZANRLD_Ktcgg?view_as=subscriber\"]}]}<\/script>\n<!-- \/ Yoast SEO Premium plugin. -->","yoast_head_json":{"title":"Kommentar zu den US und globalen Wirtschaftsdaten | Exchange Data International","robots":{"index":"index","follow":"follow","max-snippet":"max-snippet:-1","max-image-preview":"max-image-preview:large","max-video-preview":"max-video-preview:-1"},"canonical":"https:\/\/www.exchange-data.com\/de\/produkt\/kommentar-zu-den-us-und-globalen-wirtschaftsdaten\/","og_locale":"de_DE","og_type":"article","og_title":"Kommentar zu den US und globalen Wirtschaftsdaten | Exchange Data International","og_description":"Zuverl\u00e4ssige US\u2011 und globale Wirtschaftsdaten unterst\u00fctzen Finanzprofis, Investoren und Institutionen bei fundierten Entscheidungen. US-Wirtschaftsdaten Unser US-Datenservice bietet zeitnahe und umfassende Einblicke in relevante Marktgeschehnisse, darunter: Makro\u00f6konomische Indikatoren \u2013 BIP, Inflation, Arbeitsmarkt, Einzelhandelsums\u00e4tze,","og_url":"https:\/\/www.exchange-data.com\/de\/produkt\/kommentar-zu-den-us-und-globalen-wirtschaftsdaten\/","og_site_name":"Exchange Data International","twitter_card":"summary_large_image","twitter_site":"@ExchangeData","twitter_misc":{"Gesch\u00e4tzte Lesezeit":"2\u00a0Minuten"},"schema":{"@context":"https:\/\/schema.org","@graph":[{"@type":"WebPage","@id":"https:\/\/www.exchange-data.com\/de\/produkt\/kommentar-zu-den-us-und-globalen-wirtschaftsdaten\/","url":"https:\/\/www.exchange-data.com\/de\/produkt\/kommentar-zu-den-us-und-globalen-wirtschaftsdaten\/","name":"Kommentar zu den US und globalen Wirtschaftsdaten | Exchange Data International","isPartOf":{"@id":"https:\/\/www.exchange-data.com\/de\/#website"},"datePublished":"2025-09-10T11:41:33+00:00","breadcrumb":{"@id":"https:\/\/www.exchange-data.com\/de\/produkt\/kommentar-zu-den-us-und-globalen-wirtschaftsdaten\/#breadcrumb"},"inLanguage":"de","potentialAction":[{"@type":"ReadAction","target":["https:\/\/www.exchange-data.com\/de\/produkt\/kommentar-zu-den-us-und-globalen-wirtschaftsdaten\/"]}]},{"@type":"BreadcrumbList","@id":"https:\/\/www.exchange-data.com\/de\/produkt\/kommentar-zu-den-us-und-globalen-wirtschaftsdaten\/#breadcrumb","itemListElement":[{"@type":"ListItem","position":1,"name":"Home","item":"https:\/\/www.exchange-data.com\/de\/startseite\/"},{"@type":"ListItem","position":2,"name":"Kommentar zu den US und globalen Wirtschaftsdaten"}]},{"@type":"WebSite","@id":"https:\/\/www.exchange-data.com\/de\/#website","url":"https:\/\/www.exchange-data.com\/de\/","name":"Exchange Data International","description":"Doing data differently","publisher":{"@id":"https:\/\/www.exchange-data.com\/de\/#organization"},"potentialAction":[{"@type":"SearchAction","target":{"@type":"EntryPoint","urlTemplate":"https:\/\/www.exchange-data.com\/de\/?s={search_term_string}"},"query-input":{"@type":"PropertyValueSpecification","valueRequired":true,"valueName":"search_term_string"}}],"inLanguage":"de"},{"@type":"Organization","@id":"https:\/\/www.exchange-data.com\/de\/#organization","name":"Exchange Data International","url":"https:\/\/www.exchange-data.com\/de\/","logo":{"@type":"ImageObject","inLanguage":"de","@id":"https:\/\/www.exchange-data.com\/de\/#\/schema\/logo\/image\/","url":"https:\/\/www.exchange-data.com\/wp-content\/uploads\/2019\/03\/logo3.png","contentUrl":"https:\/\/www.exchange-data.com\/wp-content\/uploads\/2019\/03\/logo3.png","width":200,"height":80,"caption":"Exchange Data International"},"image":{"@id":"https:\/\/www.exchange-data.com\/de\/#\/schema\/logo\/image\/"},"sameAs":["https:\/\/x.com\/ExchangeData","https:\/\/www.linkedin.com\/company\/exchange-data-international\/?viewAsMember=true","https:\/\/www.youtube.com\/channel\/UC5D1OpUb22YZANRLD_Ktcgg?view_as=subscriber"]}]}},"_links":{"self":[{"href":"https:\/\/www.exchange-data.com\/de\/wp-json\/wp\/v2\/product\/36464","targetHints":{"allow":["GET"]}}],"collection":[{"href":"https:\/\/www.exchange-data.com\/de\/wp-json\/wp\/v2\/product"}],"about":[{"href":"https:\/\/www.exchange-data.com\/de\/wp-json\/wp\/v2\/types\/product"}],"wp:attachment":[{"href":"https:\/\/www.exchange-data.com\/de\/wp-json\/wp\/v2\/media?parent=36464"}],"wp:term":[{"taxonomy":"country","embeddable":true,"href":"https:\/\/www.exchange-data.com\/de\/wp-json\/wp\/v2\/country?post=36464"},{"taxonomy":"product_category","embeddable":true,"href":"https:\/\/www.exchange-data.com\/de\/wp-json\/wp\/v2\/product_category?post=36464"}],"curies":[{"name":"wp","href":"https:\/\/api.w.org\/{rel}","templated":true}]}}