{"id":37078,"date":"2025-11-28T10:53:34","date_gmt":"2025-11-28T09:53:34","guid":{"rendered":"https:\/\/www.exchange-data.com\/product\/kalender-der-zentralbanksitzungen\/"},"modified":"2025-11-28T10:53:34","modified_gmt":"2025-11-28T09:53:34","slug":"kalender-der-zentralbanksitzungen","status":"publish","type":"product","link":"https:\/\/www.exchange-data.com\/de\/produkt\/kalender-der-zentralbanksitzungen\/","title":{"rendered":"Kalender der Zentralbanksitzungen"},"content":{"rendered":"<p><span style=\"font-weight: 400;\">Ein Kalender der Zentralbanksitzungen ist ein strukturierter Zeitplan, der die Termine enth\u00e4lt, an denen wichtige Zentralbanken weltweit zusammenkommen, um \u00fcber die Geldpolitik zu beraten und zu entscheiden.<\/span> <span style=\"font-weight: 400;\">Diese Sitzungen sind f\u00fcr Finanzm\u00e4rkte, Regierungen, Unternehmen und Investoren von entscheidender Bedeutung, da sie oft zu Entscheidungen f\u00fchren, die sich auf Zinss\u00e4tze, Inflationskontrolle, W\u00e4hrungsstabilit\u00e4t und die allgemeine wirtschaftliche Ausrichtung auswirken.<\/span><\/p>\n<h2><small>Bedeutung des Kalenders der Zentralbanksitzungen<\/small><\/h2>\n<p><span style=\"font-weight: 400;\">Zentralbanken sind f\u00fcr die Geldpolitik eines Landes verantwortlich, darunter:<\/span><\/p>\n<ul>\n<li><span style=\"font-weight: 400;\">Festlegung der Zinss\u00e4tze<\/span><\/li>\n<li><span style=\"font-weight: 400;\">Kontrolle der Inflation<\/span><\/li>\n<li><span style=\"font-weight: 400;\">Verwaltung der W\u00e4hrungsausgabe<\/span><\/li>\n<li><span style=\"font-weight: 400;\">\u00dcberwachung der Stabilit\u00e4t des Finanzsystems<\/span><\/li>\n<li><span style=\"font-weight: 400;\">Funktion als Kreditgeber letzter Instanz<\/span><\/li>\n<\/ul>\n<p><span style=\"font-weight: 400;\">Der Kalender sorgt f\u00fcr Transparenz und Vorhersehbarkeit, sodass die Beteiligten potenzielle \u00c4nderungen der Geldpolitik antizipieren k\u00f6nnen.<\/span> <span style=\"font-weight: 400;\">So nutzen beispielsweise H\u00e4ndler und Investoren diese Termine, um sich auf Marktvolatilit\u00e4t vorzubereiten, w\u00e4hrend \u00d6konomen und politische Entscheidungstr\u00e4ger sie zur Abstimmung ihrer Finanzstrategien heranziehen.<\/span><\/p>\n<h2><small>Wichtige Merkmale des Kalenders<\/small><\/h2>\n<ul>\n<li><span style=\"font-weight: 400;\">Geplante Sitzungstermine: Enth\u00e4lt die genauen Termine f\u00fcr die Sitzungstermine dereinzelnen Zentralbanken.<\/span><\/li>\n<li><span style=\"font-weight: 400;\">Zeitpunkt der Bekanntgabe: Die Ortszeit der Sitzung wird angegeben, sofernverf\u00fcgbar.<\/span><\/li>\n<li><span style=\"font-weight: 400;\">Bekanntgabe von Entscheidungen: In der Regel werden Entscheidungen (z. B. Zins\u00e4nderungen) am zweiten Tag mehrt\u00e4giger Sitzungen bekannt gegeben.<\/span><\/li>\n<li><span style=\"font-weight: 400;\">Pressekonferenzen: Einige Banken, wie die EZB und die Fed, halten nach der Sitzung Pressekonferenzen ab.<\/span><\/li>\n<ul>\n<li><span style=\"font-weight: 400;\">H\u00e4ufigkeit: Variiert je nach Institution. Zum Beispiel:\n<ul>\n<li><span style=\"font-weight: 400;\">Federal Reserve (USA) \u2013 8 Mal pro Jahr<\/span><\/li>\n<li><span style=\"font-weight: 400;\">Bank of England \u2013 8 Mal pro Jahr<\/span><\/li>\n<li><span style=\"font-weight: 400;\">Reserve Bank of Australia \u2013 11 Mal pro Jahr<\/span><\/li>\n<li><span style=\"font-weight: 400;\">Reserve Bank of South Africa \u2013 6 Mal pro Jahr<\/span><\/li>\n<\/ul>\n<p><\/span><\/li>\n<\/ul>\n<h2><small>So verwenden Sie den Kalender<\/small><\/h2>\n<ul>\n<li><span style=\"font-weight: 400;\">Anleger: Verfolgen Sie potenziell marktbewegende Ereignisse.<\/span><\/li>\n<li><span style=\"font-weight: 400;\">Unternehmen: Planen Sie Finanzierungs- und Anlagestrategien.<\/span><\/li>\n<li><span style=\"font-weight: 400;\">\u00d6konomen: Analysieren Sie politische Trends und Wirtschaftsprognosen.<\/span><\/li>\n<li><span style=\"font-weight: 400;\">Journalisten und Analysten: Bereiten Sie Berichterstattung und Kommentare vor.<\/span><\/li>\n<\/ul>\n<h2><small>Suchformular und Download<\/small><\/h2>\n<ul>\n<li><span style=\"font-weight: 400;\">Mit dem Formular k\u00f6nnen Sie nach Monat, Jahr oder benutzerdefinierten Daten suchen.<\/span><\/li>\n<li><span style=\"font-weight: 400;\">Daten sind mit einem Jahr Historie erh\u00e4ltlich, mit Daten von mindestens einem Jahr im Voraus<\/span><\/li>\n<li><span style=\"font-weight: 400;\">Es k\u00f6nnen beliebige L\u00e4nder ausgew\u00e4hlt werden.<\/span><\/li>\n<li><span style=\"font-weight: 400;\">Die Auswahl kann im txt- oder csv-Format heruntergeladen werden.<\/span><\/li>\n<\/ul>\n<p><span style=\"font-weight: 400;\">Zusatzfunktionen, EDI bietet gegen Aufpreis auch direkte Links zu den Zentralbanken an.<\/span><\/p>\n","protected":false},"featured_media":0,"template":"","country":[],"product_category":[],"class_list":["post-37078","product","type-product","status-publish","hentry","no-post-thumbnail"],"acf":[],"yoast_head":"<!-- This site is optimized with the Yoast SEO Premium plugin v26.0 (Yoast SEO v26.0) - https:\/\/yoast.com\/wordpress\/plugins\/seo\/ -->\n<title>Kalender der Zentralbanksitzungen | Exchange Data International<\/title>\n<meta name=\"description\" content=\"Explore global central bank meeting dates and key policy decisions with our Central Bank Meetings Calendar, essential for tracking interest rates and economic direction.\" \/>\n<meta name=\"robots\" content=\"index, follow, max-snippet:-1, max-image-preview:large, max-video-preview:-1\" \/>\n<link rel=\"canonical\" href=\"https:\/\/www.exchange-data.com\/de\/produkt\/kalender-der-zentralbanksitzungen\/\" \/>\n<meta property=\"og:locale\" content=\"de_DE\" \/>\n<meta property=\"og:type\" content=\"article\" \/>\n<meta property=\"og:title\" content=\"Kalender der Zentralbanksitzungen | Exchange Data International\" \/>\n<meta property=\"og:description\" content=\"Explore global central bank meeting dates and key policy decisions with our Central Bank Meetings Calendar, essential for tracking interest rates and economic direction.\" \/>\n<meta property=\"og:url\" content=\"https:\/\/www.exchange-data.com\/de\/produkt\/kalender-der-zentralbanksitzungen\/\" \/>\n<meta property=\"og:site_name\" content=\"Exchange Data International\" \/>\n<meta name=\"twitter:card\" content=\"summary_large_image\" \/>\n<meta name=\"twitter:site\" content=\"@ExchangeData\" \/>\n<meta name=\"twitter:label1\" content=\"Gesch\u00e4tzte Lesezeit\" \/>\n\t<meta name=\"twitter:data1\" content=\"2\u00a0Minuten\" \/>\n<script type=\"application\/ld+json\" class=\"yoast-schema-graph\">{\"@context\":\"https:\/\/schema.org\",\"@graph\":[{\"@type\":\"WebPage\",\"@id\":\"https:\/\/www.exchange-data.com\/de\/produkt\/kalender-der-zentralbanksitzungen\/\",\"url\":\"https:\/\/www.exchange-data.com\/de\/produkt\/kalender-der-zentralbanksitzungen\/\",\"name\":\"Kalender der Zentralbanksitzungen | Exchange Data International\",\"isPartOf\":{\"@id\":\"https:\/\/www.exchange-data.com\/de\/#website\"},\"datePublished\":\"2025-11-28T09:53:34+00:00\",\"description\":\"Explore global central bank meeting dates and key policy decisions with our Central Bank Meetings Calendar, essential for tracking interest rates and economic direction.\",\"breadcrumb\":{\"@id\":\"https:\/\/www.exchange-data.com\/de\/produkt\/kalender-der-zentralbanksitzungen\/#breadcrumb\"},\"inLanguage\":\"de\",\"potentialAction\":[{\"@type\":\"ReadAction\",\"target\":[\"https:\/\/www.exchange-data.com\/de\/produkt\/kalender-der-zentralbanksitzungen\/\"]}]},{\"@type\":\"BreadcrumbList\",\"@id\":\"https:\/\/www.exchange-data.com\/de\/produkt\/kalender-der-zentralbanksitzungen\/#breadcrumb\",\"itemListElement\":[{\"@type\":\"ListItem\",\"position\":1,\"name\":\"Home\",\"item\":\"https:\/\/www.exchange-data.com\/de\/startseite\/\"},{\"@type\":\"ListItem\",\"position\":2,\"name\":\"Kalender der Zentralbanksitzungen\"}]},{\"@type\":\"WebSite\",\"@id\":\"https:\/\/www.exchange-data.com\/de\/#website\",\"url\":\"https:\/\/www.exchange-data.com\/de\/\",\"name\":\"Exchange Data International\",\"description\":\"Doing data differently\",\"publisher\":{\"@id\":\"https:\/\/www.exchange-data.com\/de\/#organization\"},\"potentialAction\":[{\"@type\":\"SearchAction\",\"target\":{\"@type\":\"EntryPoint\",\"urlTemplate\":\"https:\/\/www.exchange-data.com\/de\/?s={search_term_string}\"},\"query-input\":{\"@type\":\"PropertyValueSpecification\",\"valueRequired\":true,\"valueName\":\"search_term_string\"}}],\"inLanguage\":\"de\"},{\"@type\":\"Organization\",\"@id\":\"https:\/\/www.exchange-data.com\/de\/#organization\",\"name\":\"Exchange Data International\",\"url\":\"https:\/\/www.exchange-data.com\/de\/\",\"logo\":{\"@type\":\"ImageObject\",\"inLanguage\":\"de\",\"@id\":\"https:\/\/www.exchange-data.com\/de\/#\/schema\/logo\/image\/\",\"url\":\"https:\/\/www.exchange-data.com\/wp-content\/uploads\/2019\/03\/logo3.png\",\"contentUrl\":\"https:\/\/www.exchange-data.com\/wp-content\/uploads\/2019\/03\/logo3.png\",\"width\":200,\"height\":80,\"caption\":\"Exchange Data International\"},\"image\":{\"@id\":\"https:\/\/www.exchange-data.com\/de\/#\/schema\/logo\/image\/\"},\"sameAs\":[\"https:\/\/x.com\/ExchangeData\",\"https:\/\/www.linkedin.com\/company\/exchange-data-international\/?viewAsMember=true\",\"https:\/\/www.youtube.com\/channel\/UC5D1OpUb22YZANRLD_Ktcgg?view_as=subscriber\"]}]}<\/script>\n<!-- \/ Yoast SEO Premium plugin. -->","yoast_head_json":{"title":"Kalender der Zentralbanksitzungen | Exchange Data International","description":"Explore global central bank meeting dates and key policy decisions with our Central Bank Meetings Calendar, essential for tracking interest rates and economic direction.","robots":{"index":"index","follow":"follow","max-snippet":"max-snippet:-1","max-image-preview":"max-image-preview:large","max-video-preview":"max-video-preview:-1"},"canonical":"https:\/\/www.exchange-data.com\/de\/produkt\/kalender-der-zentralbanksitzungen\/","og_locale":"de_DE","og_type":"article","og_title":"Kalender der Zentralbanksitzungen | Exchange Data International","og_description":"Explore global central bank meeting dates and key policy decisions with our Central Bank Meetings Calendar, essential for tracking interest rates and economic direction.","og_url":"https:\/\/www.exchange-data.com\/de\/produkt\/kalender-der-zentralbanksitzungen\/","og_site_name":"Exchange Data International","twitter_card":"summary_large_image","twitter_site":"@ExchangeData","twitter_misc":{"Gesch\u00e4tzte Lesezeit":"2\u00a0Minuten"},"schema":{"@context":"https:\/\/schema.org","@graph":[{"@type":"WebPage","@id":"https:\/\/www.exchange-data.com\/de\/produkt\/kalender-der-zentralbanksitzungen\/","url":"https:\/\/www.exchange-data.com\/de\/produkt\/kalender-der-zentralbanksitzungen\/","name":"Kalender der Zentralbanksitzungen | Exchange Data International","isPartOf":{"@id":"https:\/\/www.exchange-data.com\/de\/#website"},"datePublished":"2025-11-28T09:53:34+00:00","description":"Explore global central bank meeting dates and key policy decisions with our Central Bank Meetings Calendar, essential for tracking interest rates and economic direction.","breadcrumb":{"@id":"https:\/\/www.exchange-data.com\/de\/produkt\/kalender-der-zentralbanksitzungen\/#breadcrumb"},"inLanguage":"de","potentialAction":[{"@type":"ReadAction","target":["https:\/\/www.exchange-data.com\/de\/produkt\/kalender-der-zentralbanksitzungen\/"]}]},{"@type":"BreadcrumbList","@id":"https:\/\/www.exchange-data.com\/de\/produkt\/kalender-der-zentralbanksitzungen\/#breadcrumb","itemListElement":[{"@type":"ListItem","position":1,"name":"Home","item":"https:\/\/www.exchange-data.com\/de\/startseite\/"},{"@type":"ListItem","position":2,"name":"Kalender der Zentralbanksitzungen"}]},{"@type":"WebSite","@id":"https:\/\/www.exchange-data.com\/de\/#website","url":"https:\/\/www.exchange-data.com\/de\/","name":"Exchange Data International","description":"Doing data differently","publisher":{"@id":"https:\/\/www.exchange-data.com\/de\/#organization"},"potentialAction":[{"@type":"SearchAction","target":{"@type":"EntryPoint","urlTemplate":"https:\/\/www.exchange-data.com\/de\/?s={search_term_string}"},"query-input":{"@type":"PropertyValueSpecification","valueRequired":true,"valueName":"search_term_string"}}],"inLanguage":"de"},{"@type":"Organization","@id":"https:\/\/www.exchange-data.com\/de\/#organization","name":"Exchange Data International","url":"https:\/\/www.exchange-data.com\/de\/","logo":{"@type":"ImageObject","inLanguage":"de","@id":"https:\/\/www.exchange-data.com\/de\/#\/schema\/logo\/image\/","url":"https:\/\/www.exchange-data.com\/wp-content\/uploads\/2019\/03\/logo3.png","contentUrl":"https:\/\/www.exchange-data.com\/wp-content\/uploads\/2019\/03\/logo3.png","width":200,"height":80,"caption":"Exchange Data International"},"image":{"@id":"https:\/\/www.exchange-data.com\/de\/#\/schema\/logo\/image\/"},"sameAs":["https:\/\/x.com\/ExchangeData","https:\/\/www.linkedin.com\/company\/exchange-data-international\/?viewAsMember=true","https:\/\/www.youtube.com\/channel\/UC5D1OpUb22YZANRLD_Ktcgg?view_as=subscriber"]}]}},"_links":{"self":[{"href":"https:\/\/www.exchange-data.com\/de\/wp-json\/wp\/v2\/product\/37078","targetHints":{"allow":["GET"]}}],"collection":[{"href":"https:\/\/www.exchange-data.com\/de\/wp-json\/wp\/v2\/product"}],"about":[{"href":"https:\/\/www.exchange-data.com\/de\/wp-json\/wp\/v2\/types\/product"}],"wp:attachment":[{"href":"https:\/\/www.exchange-data.com\/de\/wp-json\/wp\/v2\/media?parent=37078"}],"wp:term":[{"taxonomy":"country","embeddable":true,"href":"https:\/\/www.exchange-data.com\/de\/wp-json\/wp\/v2\/country?post=37078"},{"taxonomy":"product_category","embeddable":true,"href":"https:\/\/www.exchange-data.com\/de\/wp-json\/wp\/v2\/product_category?post=37078"}],"curies":[{"name":"wp","href":"https:\/\/api.w.org\/{rel}","templated":true}]}}