{"id":37367,"date":"2026-01-23T14:58:27","date_gmt":"2026-01-23T13:58:27","guid":{"rendered":"https:\/\/www.exchange-data.com\/product\/business-core-data\/"},"modified":"2026-04-23T18:01:02","modified_gmt":"2026-04-23T17:01:02","slug":"geschaeftskontaktdaten","status":"publish","type":"product","link":"https:\/\/www.exchange-data.com\/de\/produkt\/geschaeftskontaktdaten\/","title":{"rendered":"Gesch\u00e4ftskontaktdaten"},"content":{"rendered":"<p><span style=\"font-weight: 400;\">Die Business Contact Database ist eine umfassende und strukturierte Datenquelle, die Unternehmen dabei unterst\u00fctzt, direkt mit Firmen weltweit in Kontakt zu treten. Sie stellt verifizierte und aktuelle Informationen bereit, die es Unternehmen, Vertriebsteams und Marketingabteilungen erleichtern, potenzielle Kunden, Lieferanten und Gesch\u00e4ftspartner zu identifizieren, zu erreichen und gezielt anzusprechen. <\/span><\/p>\n<p><span style=\"font-weight: 400;\">Im Kern enth\u00e4lt die Datenbank zentrale Kontaktinformationen von Millionen von Unternehmen in \u00fcber 190 L\u00e4ndern. Jedes Unternehmensprofil ist mit einer Vielzahl an Datenpunkten angereichert, darunter offizielle Telefonnummern, gesch\u00e4ftliche E-Mail-Adressen, Unternehmenswebsites sowie Social-Media-Links. Diese Datenfelder stellen sicher, dass Nutzer \u00fcber mehrere Kommunikationskan\u00e4le verf\u00fcgen, um Entscheidungstr\u00e4ger effektiv zu erreichen.  <\/span><\/p>\n<p><span style=\"font-weight: 400;\">Was diese Datenbank besonders auszeichnet, ist nicht nur ihr Umfang, sondern auch die Tiefe der bereitgestellten Informationen. Mit einer Abdeckung von \u00fcber 320 Millionen Unternehmen erhalten Nutzer Zugang zu Firmen aller Gr\u00f6\u00dfen \u2013 von kleinen Unternehmen bis hin zu multinationalen Konzernen. Jeder Datensatz umfasst mehr als 50 einzigartige Datenfelder und erm\u00f6glicht somit ein detailliertes Verst\u00e4ndnis der Unternehmensidentit\u00e4t und der digitalen Pr\u00e4senz. Unabh\u00e4ngig davon, ob es um B2B-Outreach, Lead-Generierung, Vertriebsakquise oder den Aufbau leistungsf\u00e4higer CRM-Pipelines geht \u2013 dieser Datensatz bietet die notwendigen Werkzeuge, um Prozesse effizient zu gestalten.   <\/span><\/p>\n<p><span style=\"font-weight: 400;\">Die Business Contact Database ist besonders wertvoll f\u00fcr Branchen, die stark auf Netzwerke und den Aufbau von Gesch\u00e4ftsbeziehungen angewiesen sind. Marketingteams k\u00f6nnen sie zur Entwicklung gezielter Kampagnen einsetzen, Vertriebsteams nutzen sie zur Verk\u00fcrzung von Akquiseprozessen, und Business-Development-Teams k\u00f6nnen damit neue Wachstumschancen pr\u00e4zise identifizieren. <\/span><\/p>\n<p><span style=\"font-weight: 400;\">Durch die zentrale Bereitstellung globaler Gesch\u00e4ftskontaktdaten an einem Ort entf\u00e4llt die Notwendigkeit fragmentierter Recherche, wodurch Unternehmen wertvolle Zeit und Ressourcen sparen. Gleichzeitig wird sichergestellt, dass Outreach-Aktivit\u00e4ten auf zuverl\u00e4ssigen, leicht zug\u00e4nglichen und skalierbaren Daten basieren. In einem zunehmend vernetzten Markt verschafft der direkte Zugang zu verifizierten Unternehmenskontakten einen klaren Wettbewerbsvorteil.  <\/span><\/p>\n","protected":false},"featured_media":0,"template":"","country":[],"product_category":[3200,3167],"class_list":["post-37367","product","type-product","status-publish","hentry","product_category-alternative-data-edi","product_category-produkte-und-services","no-post-thumbnail"],"acf":[],"yoast_head":"<!-- This site is optimized with the Yoast SEO Premium plugin v26.0 (Yoast SEO v26.0) - https:\/\/yoast.com\/wordpress\/plugins\/seo\/ -->\n<title>Gesch\u00e4ftskontaktdaten | Exchange Data International<\/title>\n<meta name=\"description\" content=\"Die Business Contact Database ist eine umfassende und strukturierte Ressource, die Organisationen helfen soll, direkt mit Unternehmen in Kontakt zu treten.\" \/>\n<meta name=\"robots\" content=\"index, follow, max-snippet:-1, max-image-preview:large, max-video-preview:-1\" \/>\n<link rel=\"canonical\" href=\"https:\/\/www.exchange-data.com\/de\/produkt\/geschaeftskontaktdaten\/\" \/>\n<meta property=\"og:locale\" content=\"de_DE\" \/>\n<meta property=\"og:type\" content=\"article\" \/>\n<meta property=\"og:title\" content=\"Gesch\u00e4ftskontaktdaten | Exchange Data International\" \/>\n<meta property=\"og:description\" content=\"Die Business Contact Database ist eine umfassende und strukturierte Ressource, die Organisationen helfen soll, direkt mit Unternehmen in Kontakt zu treten.\" \/>\n<meta property=\"og:url\" content=\"https:\/\/www.exchange-data.com\/de\/produkt\/geschaeftskontaktdaten\/\" \/>\n<meta property=\"og:site_name\" content=\"Exchange Data International\" \/>\n<meta property=\"article:modified_time\" content=\"2026-04-23T17:01:02+00:00\" \/>\n<meta name=\"twitter:card\" content=\"summary_large_image\" \/>\n<meta name=\"twitter:site\" content=\"@ExchangeData\" \/>\n<meta name=\"twitter:label1\" content=\"Gesch\u00e4tzte Lesezeit\" \/>\n\t<meta name=\"twitter:data1\" content=\"2\u00a0Minuten\" \/>\n<script type=\"application\/ld+json\" class=\"yoast-schema-graph\">{\"@context\":\"https:\/\/schema.org\",\"@graph\":[{\"@type\":\"WebPage\",\"@id\":\"https:\/\/www.exchange-data.com\/de\/produkt\/geschaeftskontaktdaten\/\",\"url\":\"https:\/\/www.exchange-data.com\/de\/produkt\/geschaeftskontaktdaten\/\",\"name\":\"Gesch\u00e4ftskontaktdaten | Exchange Data International\",\"isPartOf\":{\"@id\":\"https:\/\/www.exchange-data.com\/de\/#website\"},\"datePublished\":\"2026-01-23T13:58:27+00:00\",\"dateModified\":\"2026-04-23T17:01:02+00:00\",\"description\":\"Die Business Contact Database ist eine umfassende und strukturierte Ressource, die Organisationen helfen soll, direkt mit Unternehmen in Kontakt zu treten.\",\"breadcrumb\":{\"@id\":\"https:\/\/www.exchange-data.com\/de\/produkt\/geschaeftskontaktdaten\/#breadcrumb\"},\"inLanguage\":\"de\",\"potentialAction\":[{\"@type\":\"ReadAction\",\"target\":[\"https:\/\/www.exchange-data.com\/de\/produkt\/geschaeftskontaktdaten\/\"]}]},{\"@type\":\"BreadcrumbList\",\"@id\":\"https:\/\/www.exchange-data.com\/de\/produkt\/geschaeftskontaktdaten\/#breadcrumb\",\"itemListElement\":[{\"@type\":\"ListItem\",\"position\":1,\"name\":\"Home\",\"item\":\"https:\/\/www.exchange-data.com\/de\/startseite\/\"},{\"@type\":\"ListItem\",\"position\":2,\"name\":\"Gesch\u00e4ftskontaktdaten\"}]},{\"@type\":\"WebSite\",\"@id\":\"https:\/\/www.exchange-data.com\/de\/#website\",\"url\":\"https:\/\/www.exchange-data.com\/de\/\",\"name\":\"Exchange Data International\",\"description\":\"Doing data differently\",\"publisher\":{\"@id\":\"https:\/\/www.exchange-data.com\/de\/#organization\"},\"potentialAction\":[{\"@type\":\"SearchAction\",\"target\":{\"@type\":\"EntryPoint\",\"urlTemplate\":\"https:\/\/www.exchange-data.com\/de\/?s={search_term_string}\"},\"query-input\":{\"@type\":\"PropertyValueSpecification\",\"valueRequired\":true,\"valueName\":\"search_term_string\"}}],\"inLanguage\":\"de\"},{\"@type\":\"Organization\",\"@id\":\"https:\/\/www.exchange-data.com\/de\/#organization\",\"name\":\"Exchange Data International\",\"url\":\"https:\/\/www.exchange-data.com\/de\/\",\"logo\":{\"@type\":\"ImageObject\",\"inLanguage\":\"de\",\"@id\":\"https:\/\/www.exchange-data.com\/de\/#\/schema\/logo\/image\/\",\"url\":\"https:\/\/www.exchange-data.com\/wp-content\/uploads\/2019\/03\/logo3.png\",\"contentUrl\":\"https:\/\/www.exchange-data.com\/wp-content\/uploads\/2019\/03\/logo3.png\",\"width\":200,\"height\":80,\"caption\":\"Exchange Data International\"},\"image\":{\"@id\":\"https:\/\/www.exchange-data.com\/de\/#\/schema\/logo\/image\/\"},\"sameAs\":[\"https:\/\/x.com\/ExchangeData\",\"https:\/\/www.linkedin.com\/company\/exchange-data-international\/?viewAsMember=true\",\"https:\/\/www.youtube.com\/channel\/UC5D1OpUb22YZANRLD_Ktcgg?view_as=subscriber\"]}]}<\/script>\n<!-- \/ Yoast SEO Premium plugin. -->","yoast_head_json":{"title":"Gesch\u00e4ftskontaktdaten | Exchange Data International","description":"Die Business Contact Database ist eine umfassende und strukturierte Ressource, die Organisationen helfen soll, direkt mit Unternehmen in Kontakt zu treten.","robots":{"index":"index","follow":"follow","max-snippet":"max-snippet:-1","max-image-preview":"max-image-preview:large","max-video-preview":"max-video-preview:-1"},"canonical":"https:\/\/www.exchange-data.com\/de\/produkt\/geschaeftskontaktdaten\/","og_locale":"de_DE","og_type":"article","og_title":"Gesch\u00e4ftskontaktdaten | Exchange Data International","og_description":"Die Business Contact Database ist eine umfassende und strukturierte Ressource, die Organisationen helfen soll, direkt mit Unternehmen in Kontakt zu treten.","og_url":"https:\/\/www.exchange-data.com\/de\/produkt\/geschaeftskontaktdaten\/","og_site_name":"Exchange Data International","article_modified_time":"2026-04-23T17:01:02+00:00","twitter_card":"summary_large_image","twitter_site":"@ExchangeData","twitter_misc":{"Gesch\u00e4tzte Lesezeit":"2\u00a0Minuten"},"schema":{"@context":"https:\/\/schema.org","@graph":[{"@type":"WebPage","@id":"https:\/\/www.exchange-data.com\/de\/produkt\/geschaeftskontaktdaten\/","url":"https:\/\/www.exchange-data.com\/de\/produkt\/geschaeftskontaktdaten\/","name":"Gesch\u00e4ftskontaktdaten | Exchange Data International","isPartOf":{"@id":"https:\/\/www.exchange-data.com\/de\/#website"},"datePublished":"2026-01-23T13:58:27+00:00","dateModified":"2026-04-23T17:01:02+00:00","description":"Die Business Contact Database ist eine umfassende und strukturierte Ressource, die Organisationen helfen soll, direkt mit Unternehmen in Kontakt zu treten.","breadcrumb":{"@id":"https:\/\/www.exchange-data.com\/de\/produkt\/geschaeftskontaktdaten\/#breadcrumb"},"inLanguage":"de","potentialAction":[{"@type":"ReadAction","target":["https:\/\/www.exchange-data.com\/de\/produkt\/geschaeftskontaktdaten\/"]}]},{"@type":"BreadcrumbList","@id":"https:\/\/www.exchange-data.com\/de\/produkt\/geschaeftskontaktdaten\/#breadcrumb","itemListElement":[{"@type":"ListItem","position":1,"name":"Home","item":"https:\/\/www.exchange-data.com\/de\/startseite\/"},{"@type":"ListItem","position":2,"name":"Gesch\u00e4ftskontaktdaten"}]},{"@type":"WebSite","@id":"https:\/\/www.exchange-data.com\/de\/#website","url":"https:\/\/www.exchange-data.com\/de\/","name":"Exchange Data International","description":"Doing data differently","publisher":{"@id":"https:\/\/www.exchange-data.com\/de\/#organization"},"potentialAction":[{"@type":"SearchAction","target":{"@type":"EntryPoint","urlTemplate":"https:\/\/www.exchange-data.com\/de\/?s={search_term_string}"},"query-input":{"@type":"PropertyValueSpecification","valueRequired":true,"valueName":"search_term_string"}}],"inLanguage":"de"},{"@type":"Organization","@id":"https:\/\/www.exchange-data.com\/de\/#organization","name":"Exchange Data International","url":"https:\/\/www.exchange-data.com\/de\/","logo":{"@type":"ImageObject","inLanguage":"de","@id":"https:\/\/www.exchange-data.com\/de\/#\/schema\/logo\/image\/","url":"https:\/\/www.exchange-data.com\/wp-content\/uploads\/2019\/03\/logo3.png","contentUrl":"https:\/\/www.exchange-data.com\/wp-content\/uploads\/2019\/03\/logo3.png","width":200,"height":80,"caption":"Exchange Data International"},"image":{"@id":"https:\/\/www.exchange-data.com\/de\/#\/schema\/logo\/image\/"},"sameAs":["https:\/\/x.com\/ExchangeData","https:\/\/www.linkedin.com\/company\/exchange-data-international\/?viewAsMember=true","https:\/\/www.youtube.com\/channel\/UC5D1OpUb22YZANRLD_Ktcgg?view_as=subscriber"]}]}},"_links":{"self":[{"href":"https:\/\/www.exchange-data.com\/de\/wp-json\/wp\/v2\/product\/37367","targetHints":{"allow":["GET"]}}],"collection":[{"href":"https:\/\/www.exchange-data.com\/de\/wp-json\/wp\/v2\/product"}],"about":[{"href":"https:\/\/www.exchange-data.com\/de\/wp-json\/wp\/v2\/types\/product"}],"wp:attachment":[{"href":"https:\/\/www.exchange-data.com\/de\/wp-json\/wp\/v2\/media?parent=37367"}],"wp:term":[{"taxonomy":"country","embeddable":true,"href":"https:\/\/www.exchange-data.com\/de\/wp-json\/wp\/v2\/country?post=37367"},{"taxonomy":"product_category","embeddable":true,"href":"https:\/\/www.exchange-data.com\/de\/wp-json\/wp\/v2\/product_category?post=37367"}],"curies":[{"name":"wp","href":"https:\/\/api.w.org\/{rel}","templated":true}]}}