{"id":35948,"date":"2019-08-24T13:21:52","date_gmt":"2019-08-24T12:21:52","guid":{"rendered":"https:\/\/www.exchange-data.com\/premios-y-logros\/"},"modified":"2026-03-03T19:14:01","modified_gmt":"2026-03-03T18:14:01","slug":"premios-y-logros","status":"publish","type":"page","link":"https:\/\/www.exchange-data.com\/es\/premios-y-logros\/","title":{"rendered":"Premios y Reconocimientos"},"content":{"rendered":"<div id=\"cs-content\" class=\"cs-content\"><\/div>\n","protected":false},"excerpt":{"rendered":"<p>Premios y Reconocimientos CertificacionesPremios Comenzar P\u00f3ngase en contacto con nosotros Solicitar folleto del producto Agendar una Cita Yes please, I&#039;d like to receive marketing communications from EDI by email.No, I don&#039;t want<\/p>\n<a href=\"https:\/\/www.exchange-data.com\/es\/premios-y-logros\/\" class=\"more-link\">Learn More<\/a>.","protected":false},"author":23,"featured_media":0,"parent":0,"menu_order":0,"comment_status":"closed","ping_status":"closed","template":"template-blank-4.php","meta":{"_acf_changed":false,"inline_featured_image":false,"footnotes":""},"class_list":["post-35948","page","type-page","status-publish","hentry","no-post-thumbnail"],"acf":[],"yoast_head":"<!-- This site is optimized with the Yoast SEO Premium plugin v26.0 (Yoast SEO v26.0) - https:\/\/yoast.com\/wordpress\/plugins\/seo\/ -->\n<title>Premios y Reconocimientos | Exchange Data International<\/title>\n<meta name=\"description\" content=\"Descubra las certificaciones internacionales y los premios que avalan la calidad y el liderazgo de EDI en datos financieros globales.\" \/>\n<meta name=\"robots\" content=\"index, follow, max-snippet:-1, max-image-preview:large, max-video-preview:-1\" \/>\n<link rel=\"canonical\" href=\"https:\/\/www.exchange-data.com\/es\/premios-y-logros\/\" \/>\n<meta property=\"og:locale\" content=\"es_ES\" \/>\n<meta property=\"og:type\" content=\"article\" \/>\n<meta property=\"og:title\" content=\"Premios y logros - EDI\" \/>\n<meta property=\"og:description\" content=\"Exchange Data International (EDI), proveedor de datos financieros galardonado en m\u00faltiples ocasiones, lleva desde 1994 ayudando a la comunidad financiera mundial a tomar decisiones informadas con datos de referencia de valores de alta calidad, acciones corporativas y servicios de fijaci\u00f3n de precios al final del d\u00eda. El modelo de negocio de EDI de vender conjuntos de datos personalizables con derechos de redistribuci\u00f3n liberales, en lugar de alquilar conjuntos de datos r\u00edgidos, diferencia a la empresa de otros proveedores, ofreciendo a los clientes un mejor valor.\" \/>\n<meta property=\"og:url\" content=\"https:\/\/www.exchange-data.com\/es\/premios-y-logros\/\" \/>\n<meta property=\"og:site_name\" content=\"Exchange Data International\" \/>\n<meta property=\"article:modified_time\" content=\"2026-03-03T18:14:01+00:00\" \/>\n<meta property=\"og:image\" content=\"https:\/\/www.exchange-data.com\/wp-content\/uploads\/2015\/09\/EDI-Post-Featured-Image-700x400-1.png\" \/>\n<meta name=\"twitter:card\" content=\"summary_large_image\" \/>\n<meta name=\"twitter:title\" content=\"Premios y logros - EDI\" \/>\n<meta name=\"twitter:description\" content=\"Exchange Data International (EDI), proveedor de datos financieros galardonado en m\u00faltiples ocasiones, lleva desde 1994 ayudando a la comunidad financiera mundial a tomar decisiones informadas con datos de referencia de valores de alta calidad, acciones corporativas y servicios de fijaci\u00f3n de precios al final del d\u00eda. El modelo de negocio de EDI de vender conjuntos de datos personalizables con derechos de redistribuci\u00f3n liberales, en lugar de alquilar conjuntos de datos r\u00edgidos, diferencia a la empresa de otros proveedores, ofreciendo a los clientes un mejor valor.\" \/>\n<meta name=\"twitter:image\" content=\"https:\/\/www.exchange-data.com\/wp-content\/uploads\/2015\/09\/EDI-Post-Featured-Image-700x400-1.png\" \/>\n<meta name=\"twitter:site\" content=\"@ExchangeData\" \/>\n<meta name=\"twitter:label1\" content=\"Tiempo de lectura\" \/>\n\t<meta name=\"twitter:data1\" content=\"1 minuto\" \/>\n<script type=\"application\/ld+json\" class=\"yoast-schema-graph\">{\"@context\":\"https:\/\/schema.org\",\"@graph\":[{\"@type\":\"WebPage\",\"@id\":\"https:\/\/www.exchange-data.com\/es\/premios-y-logros\/\",\"url\":\"https:\/\/www.exchange-data.com\/es\/premios-y-logros\/\",\"name\":\"Premios y Reconocimientos | Exchange Data International\",\"isPartOf\":{\"@id\":\"https:\/\/www.exchange-data.com\/es\/#website\"},\"datePublished\":\"2019-08-24T12:21:52+00:00\",\"dateModified\":\"2026-03-03T18:14:01+00:00\",\"description\":\"Descubra las certificaciones internacionales y los premios que avalan la calidad y el liderazgo de EDI en datos financieros globales.\",\"breadcrumb\":{\"@id\":\"https:\/\/www.exchange-data.com\/es\/premios-y-logros\/#breadcrumb\"},\"inLanguage\":\"es\",\"potentialAction\":[{\"@type\":\"ReadAction\",\"target\":[\"https:\/\/www.exchange-data.com\/es\/premios-y-logros\/\"]}]},{\"@type\":\"BreadcrumbList\",\"@id\":\"https:\/\/www.exchange-data.com\/es\/premios-y-logros\/#breadcrumb\",\"itemListElement\":[{\"@type\":\"ListItem\",\"position\":1,\"name\":\"Home\",\"item\":\"https:\/\/www.exchange-data.com\/es\/inicio\/\"},{\"@type\":\"ListItem\",\"position\":2,\"name\":\"Premios y Reconocimientos\"}]},{\"@type\":\"WebSite\",\"@id\":\"https:\/\/www.exchange-data.com\/es\/#website\",\"url\":\"https:\/\/www.exchange-data.com\/es\/\",\"name\":\"Exchange Data International\",\"description\":\"Doing data differently\",\"publisher\":{\"@id\":\"https:\/\/www.exchange-data.com\/es\/#organization\"},\"potentialAction\":[{\"@type\":\"SearchAction\",\"target\":{\"@type\":\"EntryPoint\",\"urlTemplate\":\"https:\/\/www.exchange-data.com\/es\/?s={search_term_string}\"},\"query-input\":{\"@type\":\"PropertyValueSpecification\",\"valueRequired\":true,\"valueName\":\"search_term_string\"}}],\"inLanguage\":\"es\"},{\"@type\":\"Organization\",\"@id\":\"https:\/\/www.exchange-data.com\/es\/#organization\",\"name\":\"Exchange Data International\",\"url\":\"https:\/\/www.exchange-data.com\/es\/\",\"logo\":{\"@type\":\"ImageObject\",\"inLanguage\":\"es\",\"@id\":\"https:\/\/www.exchange-data.com\/es\/#\/schema\/logo\/image\/\",\"url\":\"https:\/\/www.exchange-data.com\/wp-content\/uploads\/2019\/03\/logo3.png\",\"contentUrl\":\"https:\/\/www.exchange-data.com\/wp-content\/uploads\/2019\/03\/logo3.png\",\"width\":200,\"height\":80,\"caption\":\"Exchange Data International\"},\"image\":{\"@id\":\"https:\/\/www.exchange-data.com\/es\/#\/schema\/logo\/image\/\"},\"sameAs\":[\"https:\/\/x.com\/ExchangeData\",\"https:\/\/www.linkedin.com\/company\/exchange-data-international\/?viewAsMember=true\",\"https:\/\/www.youtube.com\/channel\/UC5D1OpUb22YZANRLD_Ktcgg?view_as=subscriber\"]}]}<\/script>\n<!-- \/ Yoast SEO Premium plugin. -->","yoast_head_json":{"title":"Premios y Reconocimientos | Exchange Data International","description":"Descubra las certificaciones internacionales y los premios que avalan la calidad y el liderazgo de EDI en datos financieros globales.","robots":{"index":"index","follow":"follow","max-snippet":"max-snippet:-1","max-image-preview":"max-image-preview:large","max-video-preview":"max-video-preview:-1"},"canonical":"https:\/\/www.exchange-data.com\/es\/premios-y-logros\/","og_locale":"es_ES","og_type":"article","og_title":"Premios y logros - EDI","og_description":"Exchange Data International (EDI), proveedor de datos financieros galardonado en m\u00faltiples ocasiones, lleva desde 1994 ayudando a la comunidad financiera mundial a tomar decisiones informadas con datos de referencia de valores de alta calidad, acciones corporativas y servicios de fijaci\u00f3n de precios al final del d\u00eda. El modelo de negocio de EDI de vender conjuntos de datos personalizables con derechos de redistribuci\u00f3n liberales, en lugar de alquilar conjuntos de datos r\u00edgidos, diferencia a la empresa de otros proveedores, ofreciendo a los clientes un mejor valor.","og_url":"https:\/\/www.exchange-data.com\/es\/premios-y-logros\/","og_site_name":"Exchange Data International","article_modified_time":"2026-03-03T18:14:01+00:00","og_image":[{"url":"https:\/\/www.exchange-data.com\/wp-content\/uploads\/2015\/09\/EDI-Post-Featured-Image-700x400-1.png","type":"","width":"","height":""}],"twitter_card":"summary_large_image","twitter_title":"Premios y logros - EDI","twitter_description":"Exchange Data International (EDI), proveedor de datos financieros galardonado en m\u00faltiples ocasiones, lleva desde 1994 ayudando a la comunidad financiera mundial a tomar decisiones informadas con datos de referencia de valores de alta calidad, acciones corporativas y servicios de fijaci\u00f3n de precios al final del d\u00eda. El modelo de negocio de EDI de vender conjuntos de datos personalizables con derechos de redistribuci\u00f3n liberales, en lugar de alquilar conjuntos de datos r\u00edgidos, diferencia a la empresa de otros proveedores, ofreciendo a los clientes un mejor valor.","twitter_image":"https:\/\/www.exchange-data.com\/wp-content\/uploads\/2015\/09\/EDI-Post-Featured-Image-700x400-1.png","twitter_site":"@ExchangeData","twitter_misc":{"Tiempo de lectura":"1 minuto"},"schema":{"@context":"https:\/\/schema.org","@graph":[{"@type":"WebPage","@id":"https:\/\/www.exchange-data.com\/es\/premios-y-logros\/","url":"https:\/\/www.exchange-data.com\/es\/premios-y-logros\/","name":"Premios y Reconocimientos | Exchange Data International","isPartOf":{"@id":"https:\/\/www.exchange-data.com\/es\/#website"},"datePublished":"2019-08-24T12:21:52+00:00","dateModified":"2026-03-03T18:14:01+00:00","description":"Descubra las certificaciones internacionales y los premios que avalan la calidad y el liderazgo de EDI en datos financieros globales.","breadcrumb":{"@id":"https:\/\/www.exchange-data.com\/es\/premios-y-logros\/#breadcrumb"},"inLanguage":"es","potentialAction":[{"@type":"ReadAction","target":["https:\/\/www.exchange-data.com\/es\/premios-y-logros\/"]}]},{"@type":"BreadcrumbList","@id":"https:\/\/www.exchange-data.com\/es\/premios-y-logros\/#breadcrumb","itemListElement":[{"@type":"ListItem","position":1,"name":"Home","item":"https:\/\/www.exchange-data.com\/es\/inicio\/"},{"@type":"ListItem","position":2,"name":"Premios y Reconocimientos"}]},{"@type":"WebSite","@id":"https:\/\/www.exchange-data.com\/es\/#website","url":"https:\/\/www.exchange-data.com\/es\/","name":"Exchange Data International","description":"Doing data differently","publisher":{"@id":"https:\/\/www.exchange-data.com\/es\/#organization"},"potentialAction":[{"@type":"SearchAction","target":{"@type":"EntryPoint","urlTemplate":"https:\/\/www.exchange-data.com\/es\/?s={search_term_string}"},"query-input":{"@type":"PropertyValueSpecification","valueRequired":true,"valueName":"search_term_string"}}],"inLanguage":"es"},{"@type":"Organization","@id":"https:\/\/www.exchange-data.com\/es\/#organization","name":"Exchange Data International","url":"https:\/\/www.exchange-data.com\/es\/","logo":{"@type":"ImageObject","inLanguage":"es","@id":"https:\/\/www.exchange-data.com\/es\/#\/schema\/logo\/image\/","url":"https:\/\/www.exchange-data.com\/wp-content\/uploads\/2019\/03\/logo3.png","contentUrl":"https:\/\/www.exchange-data.com\/wp-content\/uploads\/2019\/03\/logo3.png","width":200,"height":80,"caption":"Exchange Data International"},"image":{"@id":"https:\/\/www.exchange-data.com\/es\/#\/schema\/logo\/image\/"},"sameAs":["https:\/\/x.com\/ExchangeData","https:\/\/www.linkedin.com\/company\/exchange-data-international\/?viewAsMember=true","https:\/\/www.youtube.com\/channel\/UC5D1OpUb22YZANRLD_Ktcgg?view_as=subscriber"]}]}},"_links":{"self":[{"href":"https:\/\/www.exchange-data.com\/es\/wp-json\/wp\/v2\/pages\/35948","targetHints":{"allow":["GET"]}}],"collection":[{"href":"https:\/\/www.exchange-data.com\/es\/wp-json\/wp\/v2\/pages"}],"about":[{"href":"https:\/\/www.exchange-data.com\/es\/wp-json\/wp\/v2\/types\/page"}],"author":[{"embeddable":true,"href":"https:\/\/www.exchange-data.com\/es\/wp-json\/wp\/v2\/users\/23"}],"replies":[{"embeddable":true,"href":"https:\/\/www.exchange-data.com\/es\/wp-json\/wp\/v2\/comments?post=35948"}],"version-history":[{"count":0,"href":"https:\/\/www.exchange-data.com\/es\/wp-json\/wp\/v2\/pages\/35948\/revisions"}],"wp:attachment":[{"href":"https:\/\/www.exchange-data.com\/es\/wp-json\/wp\/v2\/media?parent=35948"}],"curies":[{"name":"wp","href":"https:\/\/api.w.org\/{rel}","templated":true}]}}