{"id":36046,"date":"2023-06-14T13:42:51","date_gmt":"2023-06-14T12:42:51","guid":{"rendered":"https:\/\/www.exchange-data.com\/acciones-corporativas\/"},"modified":"2025-05-08T04:44:44","modified_gmt":"2025-05-08T03:44:44","slug":"acciones-corporativas","status":"publish","type":"page","link":"https:\/\/www.exchange-data.com\/es\/acciones-corporativas\/","title":{"rendered":"Acciones corporativas"},"content":{"rendered":"<div id=\"cs-content\" class=\"cs-content\"><\/div>\n","protected":false},"excerpt":{"rendered":"<p>Acciones corporativas Sepa por qu\u00e9 instituciones de todo el mundo conf\u00edan en el EDI.Pruebe EDIEDI gana premios por sus acciones corporativas, a\u00f1o tras a\u00f1o. Ha sido nuestro principal servicio de datos durante<\/p>\n<a href=\"https:\/\/www.exchange-data.com\/es\/acciones-corporativas\/\" class=\"more-link\">Learn More<\/a>.","protected":false},"author":6,"featured_media":0,"parent":0,"menu_order":0,"comment_status":"closed","ping_status":"closed","template":"template-blank-4.php","meta":{"_acf_changed":false,"inline_featured_image":false,"footnotes":""},"class_list":["post-36046","page","type-page","status-publish","hentry","no-post-thumbnail"],"acf":[],"yoast_head":"<!-- This site is optimized with the Yoast SEO Premium plugin v26.0 (Yoast SEO v26.0) - https:\/\/yoast.com\/wordpress\/plugins\/seo\/ -->\n<title>Acciones corporativas | Exchange Data International<\/title>\n<meta name=\"description\" content=\"EDI Corporate Actions | Descubra por qu\u00e9 instituciones de todo el mundo conf\u00edan en EDI | P\u00f3ngase en contacto con nosotros para obtener m\u00e1s informaci\u00f3n sobre los servicios de operaciones de sociedades de EDI.\" \/>\n<meta name=\"robots\" content=\"index, follow, max-snippet:-1, max-image-preview:large, max-video-preview:-1\" \/>\n<link rel=\"canonical\" href=\"https:\/\/www.exchange-data.com\/es\/acciones-corporativas\/\" \/>\n<meta property=\"og:locale\" content=\"es_ES\" \/>\n<meta property=\"og:type\" content=\"article\" \/>\n<meta property=\"og:title\" content=\"Acciones corporativas | Exchange Data International\" \/>\n<meta property=\"og:description\" content=\"EDI Corporate Actions | Descubra por qu\u00e9 instituciones de todo el mundo conf\u00edan en EDI | P\u00f3ngase en contacto con nosotros para obtener m\u00e1s informaci\u00f3n sobre los servicios de operaciones de sociedades de EDI.\" \/>\n<meta property=\"og:url\" content=\"https:\/\/www.exchange-data.com\/es\/acciones-corporativas\/\" \/>\n<meta property=\"og:site_name\" content=\"Exchange Data International\" \/>\n<meta property=\"article:modified_time\" content=\"2025-05-08T03:44:44+00:00\" \/>\n<meta name=\"twitter:card\" content=\"summary_large_image\" \/>\n<meta name=\"twitter:site\" content=\"@ExchangeData\" \/>\n<meta name=\"twitter:label1\" content=\"Tiempo de lectura\" \/>\n\t<meta name=\"twitter:data1\" content=\"7 minutos\" \/>\n<script type=\"application\/ld+json\" class=\"yoast-schema-graph\">{\"@context\":\"https:\/\/schema.org\",\"@graph\":[{\"@type\":\"WebPage\",\"@id\":\"https:\/\/www.exchange-data.com\/es\/acciones-corporativas\/\",\"url\":\"https:\/\/www.exchange-data.com\/es\/acciones-corporativas\/\",\"name\":\"Acciones corporativas | Exchange Data International\",\"isPartOf\":{\"@id\":\"https:\/\/www.exchange-data.com\/es\/#website\"},\"datePublished\":\"2023-06-14T12:42:51+00:00\",\"dateModified\":\"2025-05-08T03:44:44+00:00\",\"description\":\"EDI Corporate Actions | Descubra por qu\u00e9 instituciones de todo el mundo conf\u00edan en EDI | P\u00f3ngase en contacto con nosotros para obtener m\u00e1s informaci\u00f3n sobre los servicios de operaciones de sociedades de EDI.\",\"breadcrumb\":{\"@id\":\"https:\/\/www.exchange-data.com\/es\/acciones-corporativas\/#breadcrumb\"},\"inLanguage\":\"es\",\"potentialAction\":[{\"@type\":\"ReadAction\",\"target\":[\"https:\/\/www.exchange-data.com\/es\/acciones-corporativas\/\"]}]},{\"@type\":\"BreadcrumbList\",\"@id\":\"https:\/\/www.exchange-data.com\/es\/acciones-corporativas\/#breadcrumb\",\"itemListElement\":[{\"@type\":\"ListItem\",\"position\":1,\"name\":\"Home\",\"item\":\"https:\/\/www.exchange-data.com\/es\/inicio\/\"},{\"@type\":\"ListItem\",\"position\":2,\"name\":\"Acciones corporativas\"}]},{\"@type\":\"WebSite\",\"@id\":\"https:\/\/www.exchange-data.com\/es\/#website\",\"url\":\"https:\/\/www.exchange-data.com\/es\/\",\"name\":\"Exchange Data International\",\"description\":\"Doing data differently\",\"publisher\":{\"@id\":\"https:\/\/www.exchange-data.com\/es\/#organization\"},\"potentialAction\":[{\"@type\":\"SearchAction\",\"target\":{\"@type\":\"EntryPoint\",\"urlTemplate\":\"https:\/\/www.exchange-data.com\/es\/?s={search_term_string}\"},\"query-input\":{\"@type\":\"PropertyValueSpecification\",\"valueRequired\":true,\"valueName\":\"search_term_string\"}}],\"inLanguage\":\"es\"},{\"@type\":\"Organization\",\"@id\":\"https:\/\/www.exchange-data.com\/es\/#organization\",\"name\":\"Exchange Data International\",\"url\":\"https:\/\/www.exchange-data.com\/es\/\",\"logo\":{\"@type\":\"ImageObject\",\"inLanguage\":\"es\",\"@id\":\"https:\/\/www.exchange-data.com\/es\/#\/schema\/logo\/image\/\",\"url\":\"https:\/\/www.exchange-data.com\/wp-content\/uploads\/2019\/03\/logo3.png\",\"contentUrl\":\"https:\/\/www.exchange-data.com\/wp-content\/uploads\/2019\/03\/logo3.png\",\"width\":200,\"height\":80,\"caption\":\"Exchange Data International\"},\"image\":{\"@id\":\"https:\/\/www.exchange-data.com\/es\/#\/schema\/logo\/image\/\"},\"sameAs\":[\"https:\/\/x.com\/ExchangeData\",\"https:\/\/www.linkedin.com\/company\/exchange-data-international\/?viewAsMember=true\",\"https:\/\/www.youtube.com\/channel\/UC5D1OpUb22YZANRLD_Ktcgg?view_as=subscriber\"]}]}<\/script>\n<!-- \/ Yoast SEO Premium plugin. -->","yoast_head_json":{"title":"Acciones corporativas | Exchange Data International","description":"EDI Corporate Actions | Descubra por qu\u00e9 instituciones de todo el mundo conf\u00edan en EDI | P\u00f3ngase en contacto con nosotros para obtener m\u00e1s informaci\u00f3n sobre los servicios de operaciones de sociedades de EDI.","robots":{"index":"index","follow":"follow","max-snippet":"max-snippet:-1","max-image-preview":"max-image-preview:large","max-video-preview":"max-video-preview:-1"},"canonical":"https:\/\/www.exchange-data.com\/es\/acciones-corporativas\/","og_locale":"es_ES","og_type":"article","og_title":"Acciones corporativas | Exchange Data International","og_description":"EDI Corporate Actions | Descubra por qu\u00e9 instituciones de todo el mundo conf\u00edan en EDI | P\u00f3ngase en contacto con nosotros para obtener m\u00e1s informaci\u00f3n sobre los servicios de operaciones de sociedades de EDI.","og_url":"https:\/\/www.exchange-data.com\/es\/acciones-corporativas\/","og_site_name":"Exchange Data International","article_modified_time":"2025-05-08T03:44:44+00:00","twitter_card":"summary_large_image","twitter_site":"@ExchangeData","twitter_misc":{"Tiempo de lectura":"7 minutos"},"schema":{"@context":"https:\/\/schema.org","@graph":[{"@type":"WebPage","@id":"https:\/\/www.exchange-data.com\/es\/acciones-corporativas\/","url":"https:\/\/www.exchange-data.com\/es\/acciones-corporativas\/","name":"Acciones corporativas | Exchange Data International","isPartOf":{"@id":"https:\/\/www.exchange-data.com\/es\/#website"},"datePublished":"2023-06-14T12:42:51+00:00","dateModified":"2025-05-08T03:44:44+00:00","description":"EDI Corporate Actions | Descubra por qu\u00e9 instituciones de todo el mundo conf\u00edan en EDI | P\u00f3ngase en contacto con nosotros para obtener m\u00e1s informaci\u00f3n sobre los servicios de operaciones de sociedades de EDI.","breadcrumb":{"@id":"https:\/\/www.exchange-data.com\/es\/acciones-corporativas\/#breadcrumb"},"inLanguage":"es","potentialAction":[{"@type":"ReadAction","target":["https:\/\/www.exchange-data.com\/es\/acciones-corporativas\/"]}]},{"@type":"BreadcrumbList","@id":"https:\/\/www.exchange-data.com\/es\/acciones-corporativas\/#breadcrumb","itemListElement":[{"@type":"ListItem","position":1,"name":"Home","item":"https:\/\/www.exchange-data.com\/es\/inicio\/"},{"@type":"ListItem","position":2,"name":"Acciones corporativas"}]},{"@type":"WebSite","@id":"https:\/\/www.exchange-data.com\/es\/#website","url":"https:\/\/www.exchange-data.com\/es\/","name":"Exchange Data International","description":"Doing data differently","publisher":{"@id":"https:\/\/www.exchange-data.com\/es\/#organization"},"potentialAction":[{"@type":"SearchAction","target":{"@type":"EntryPoint","urlTemplate":"https:\/\/www.exchange-data.com\/es\/?s={search_term_string}"},"query-input":{"@type":"PropertyValueSpecification","valueRequired":true,"valueName":"search_term_string"}}],"inLanguage":"es"},{"@type":"Organization","@id":"https:\/\/www.exchange-data.com\/es\/#organization","name":"Exchange Data International","url":"https:\/\/www.exchange-data.com\/es\/","logo":{"@type":"ImageObject","inLanguage":"es","@id":"https:\/\/www.exchange-data.com\/es\/#\/schema\/logo\/image\/","url":"https:\/\/www.exchange-data.com\/wp-content\/uploads\/2019\/03\/logo3.png","contentUrl":"https:\/\/www.exchange-data.com\/wp-content\/uploads\/2019\/03\/logo3.png","width":200,"height":80,"caption":"Exchange Data International"},"image":{"@id":"https:\/\/www.exchange-data.com\/es\/#\/schema\/logo\/image\/"},"sameAs":["https:\/\/x.com\/ExchangeData","https:\/\/www.linkedin.com\/company\/exchange-data-international\/?viewAsMember=true","https:\/\/www.youtube.com\/channel\/UC5D1OpUb22YZANRLD_Ktcgg?view_as=subscriber"]}]}},"_links":{"self":[{"href":"https:\/\/www.exchange-data.com\/es\/wp-json\/wp\/v2\/pages\/36046","targetHints":{"allow":["GET"]}}],"collection":[{"href":"https:\/\/www.exchange-data.com\/es\/wp-json\/wp\/v2\/pages"}],"about":[{"href":"https:\/\/www.exchange-data.com\/es\/wp-json\/wp\/v2\/types\/page"}],"author":[{"embeddable":true,"href":"https:\/\/www.exchange-data.com\/es\/wp-json\/wp\/v2\/users\/6"}],"replies":[{"embeddable":true,"href":"https:\/\/www.exchange-data.com\/es\/wp-json\/wp\/v2\/comments?post=36046"}],"version-history":[{"count":0,"href":"https:\/\/www.exchange-data.com\/es\/wp-json\/wp\/v2\/pages\/36046\/revisions"}],"wp:attachment":[{"href":"https:\/\/www.exchange-data.com\/es\/wp-json\/wp\/v2\/media?parent=36046"}],"curies":[{"name":"wp","href":"https:\/\/api.w.org\/{rel}","templated":true}]}}