{"id":36074,"date":"2024-06-13T16:30:13","date_gmt":"2024-06-13T15:30:13","guid":{"rendered":"https:\/\/www.exchange-data.com\/preguntas-frecuentes\/"},"modified":"2025-10-13T09:55:51","modified_gmt":"2025-10-13T08:55:51","slug":"preguntas-frecuentes","status":"publish","type":"page","link":"https:\/\/www.exchange-data.com\/es\/preguntas-frecuentes\/","title":{"rendered":"Preguntas Frecuentes"},"content":{"rendered":"<div id=\"cs-content\" class=\"cs-content\"><\/div>\n","protected":false},"excerpt":{"rendered":"<p>Preguntas Frecuentes Encuentre respuestas a las consultas m\u00e1s comunes sobre los productos y servicios de Exchange Data International, incluyendo seguridad de los datos, opciones de entrega y soluciones personalizadas. &#x25b8;\u00bfQui\u00e9n es Exchange<\/p>\n<a href=\"https:\/\/www.exchange-data.com\/es\/preguntas-frecuentes\/\" class=\"more-link\">Learn More<\/a>.","protected":false},"author":6,"featured_media":34154,"parent":0,"menu_order":0,"comment_status":"closed","ping_status":"closed","template":"template-blank-4.php","meta":{"_acf_changed":false,"inline_featured_image":false,"footnotes":""},"class_list":["post-36074","page","type-page","status-publish","has-post-thumbnail","hentry"],"acf":[],"yoast_head":"<!-- This site is optimized with the Yoast SEO Premium plugin v27.5 (Yoast SEO v27.5) - https:\/\/yoast.com\/product\/yoast-seo-premium-wordpress\/ -->\n<title>Preguntas frecuentes sobre servicios de datos financieros \u2013 EDI<\/title>\n<meta name=\"description\" content=\"Resuelva sus dudas sobre los servicios de EDI: seguridad de datos, formatos de entrega, personalizaci\u00f3n y m\u00e1s. Acceda a informaci\u00f3n clara sobre nuestras soluciones financieras.\" \/>\n<meta name=\"robots\" content=\"index, follow, max-snippet:-1, max-image-preview:large, max-video-preview:-1\" \/>\n<link rel=\"canonical\" href=\"https:\/\/www.exchange-data.com\/es\/preguntas-frecuentes\/\" \/>\n<meta property=\"og:locale\" content=\"es_ES\" \/>\n<meta property=\"og:type\" content=\"article\" \/>\n<meta property=\"og:title\" content=\"Empleo - EDI\" \/>\n<meta property=\"og:description\" content=\"Desde 1994, Exchange Data International (EDI) ayuda a la comunidad financiera mundial a tomar decisiones informadas con datos de referencia de valores de alta calidad, acciones corporativas y servicios de fijaci\u00f3n de precios al final del d\u00eda. El modelo de negocio de EDI, consistente en vender conjuntos de datos personalizables que cubren los principales mercados, en lugar de alquilar conjuntos de datos fijos, le diferencia de otros proveedores y ofrece a los clientes un mejor valor.\" \/>\n<meta property=\"og:url\" content=\"https:\/\/www.exchange-data.com\/es\/preguntas-frecuentes\/\" \/>\n<meta property=\"og:site_name\" content=\"Exchange Data International\" \/>\n<meta property=\"article:modified_time\" content=\"2025-10-13T08:55:51+00:00\" \/>\n<meta property=\"og:image\" content=\"https:\/\/www.exchange-data.com\/wp-content\/uploads\/2015\/09\/EDI-Post-Featured-Image-700x400-1.png\" \/>\n<meta name=\"twitter:card\" content=\"summary_large_image\" \/>\n<meta name=\"twitter:title\" content=\"Empleo - EDI\" \/>\n<meta name=\"twitter:description\" content=\"Desde 1994, Exchange Data International (EDI) ayuda a la comunidad financiera mundial a tomar decisiones informadas con datos de referencia de valores de alta calidad, acciones corporativas y servicios de fijaci\u00f3n de precios al final del d\u00eda. El modelo de negocio de EDI, consistente en vender conjuntos de datos personalizables que cubren los principales mercados, en lugar de alquilar conjuntos de datos fijos, le diferencia de otros proveedores y ofrece a los clientes un mejor valor.\" \/>\n<meta name=\"twitter:image\" content=\"https:\/\/www.exchange-data.com\/wp-content\/uploads\/2015\/09\/EDI-Post-Featured-Image-700x400-1.png\" \/>\n<meta name=\"twitter:site\" content=\"@ExchangeData\" \/>\n<meta name=\"twitter:label1\" content=\"Tiempo de lectura\" \/>\n\t<meta name=\"twitter:data1\" content=\"1 minuto\" \/>\n<script type=\"application\/ld+json\" class=\"yoast-schema-graph\">{\"@context\":\"https:\\\/\\\/schema.org\",\"@graph\":[{\"@type\":\"WebPage\",\"@id\":\"https:\\\/\\\/www.exchange-data.com\\\/es\\\/preguntas-frecuentes\\\/\",\"url\":\"https:\\\/\\\/www.exchange-data.com\\\/es\\\/preguntas-frecuentes\\\/\",\"name\":\"Preguntas frecuentes sobre servicios de datos financieros \u2013 EDI\",\"isPartOf\":{\"@id\":\"https:\\\/\\\/www.exchange-data.com\\\/es\\\/#website\"},\"primaryImageOfPage\":{\"@id\":\"https:\\\/\\\/www.exchange-data.com\\\/es\\\/preguntas-frecuentes\\\/#primaryimage\"},\"image\":{\"@id\":\"https:\\\/\\\/www.exchange-data.com\\\/es\\\/preguntas-frecuentes\\\/#primaryimage\"},\"thumbnailUrl\":\"https:\\\/\\\/www.exchange-data.com\\\/wp-content\\\/uploads\\\/2015\\\/09\\\/EDI-Post-Featured-Image-700x400-1.png\",\"datePublished\":\"2024-06-13T15:30:13+00:00\",\"dateModified\":\"2025-10-13T08:55:51+00:00\",\"description\":\"Resuelva sus dudas sobre los servicios de EDI: seguridad de datos, formatos de entrega, personalizaci\u00f3n y m\u00e1s. Acceda a informaci\u00f3n clara sobre nuestras soluciones financieras.\",\"breadcrumb\":{\"@id\":\"https:\\\/\\\/www.exchange-data.com\\\/es\\\/preguntas-frecuentes\\\/#breadcrumb\"},\"inLanguage\":\"es\",\"potentialAction\":[{\"@type\":\"ReadAction\",\"target\":[\"https:\\\/\\\/www.exchange-data.com\\\/es\\\/preguntas-frecuentes\\\/\"]}]},{\"@type\":\"ImageObject\",\"inLanguage\":\"es\",\"@id\":\"https:\\\/\\\/www.exchange-data.com\\\/es\\\/preguntas-frecuentes\\\/#primaryimage\",\"url\":\"https:\\\/\\\/www.exchange-data.com\\\/wp-content\\\/uploads\\\/2015\\\/09\\\/EDI-Post-Featured-Image-700x400-1.png\",\"contentUrl\":\"https:\\\/\\\/www.exchange-data.com\\\/wp-content\\\/uploads\\\/2015\\\/09\\\/EDI-Post-Featured-Image-700x400-1.png\",\"width\":700,\"height\":400,\"caption\":\"Exchange Data International\"},{\"@type\":\"BreadcrumbList\",\"@id\":\"https:\\\/\\\/www.exchange-data.com\\\/es\\\/preguntas-frecuentes\\\/#breadcrumb\",\"itemListElement\":[{\"@type\":\"ListItem\",\"position\":1,\"name\":\"Home\",\"item\":\"https:\\\/\\\/www.exchange-data.com\\\/es\\\/inicio\\\/\"},{\"@type\":\"ListItem\",\"position\":2,\"name\":\"Preguntas Frecuentes\"}]},{\"@type\":\"WebSite\",\"@id\":\"https:\\\/\\\/www.exchange-data.com\\\/es\\\/#website\",\"url\":\"https:\\\/\\\/www.exchange-data.com\\\/es\\\/\",\"name\":\"Exchange Data International\",\"description\":\"Doing data differently\",\"publisher\":{\"@id\":\"https:\\\/\\\/www.exchange-data.com\\\/es\\\/#organization\"},\"potentialAction\":[{\"@type\":\"SearchAction\",\"target\":{\"@type\":\"EntryPoint\",\"urlTemplate\":\"https:\\\/\\\/www.exchange-data.com\\\/es\\\/?s={search_term_string}\"},\"query-input\":{\"@type\":\"PropertyValueSpecification\",\"valueRequired\":true,\"valueName\":\"search_term_string\"}}],\"inLanguage\":\"es\"},{\"@type\":\"Organization\",\"@id\":\"https:\\\/\\\/www.exchange-data.com\\\/es\\\/#organization\",\"name\":\"Exchange Data International\",\"url\":\"https:\\\/\\\/www.exchange-data.com\\\/es\\\/\",\"logo\":{\"@type\":\"ImageObject\",\"inLanguage\":\"es\",\"@id\":\"https:\\\/\\\/www.exchange-data.com\\\/es\\\/#\\\/schema\\\/logo\\\/image\\\/\",\"url\":\"https:\\\/\\\/www.exchange-data.com\\\/wp-content\\\/uploads\\\/2019\\\/03\\\/logo3.png\",\"contentUrl\":\"https:\\\/\\\/www.exchange-data.com\\\/wp-content\\\/uploads\\\/2019\\\/03\\\/logo3.png\",\"width\":200,\"height\":80,\"caption\":\"Exchange Data International\"},\"image\":{\"@id\":\"https:\\\/\\\/www.exchange-data.com\\\/es\\\/#\\\/schema\\\/logo\\\/image\\\/\"},\"sameAs\":[\"https:\\\/\\\/x.com\\\/ExchangeData\",\"https:\\\/\\\/www.linkedin.com\\\/company\\\/exchange-data-international\\\/?viewAsMember=true\",\"https:\\\/\\\/www.youtube.com\\\/channel\\\/UC5D1OpUb22YZANRLD_Ktcgg?view_as=subscriber\"]}]}<\/script>\n<!-- \/ Yoast SEO Premium plugin. -->","yoast_head_json":{"title":"Preguntas frecuentes sobre servicios de datos financieros \u2013 EDI","description":"Resuelva sus dudas sobre los servicios de EDI: seguridad de datos, formatos de entrega, personalizaci\u00f3n y m\u00e1s. Acceda a informaci\u00f3n clara sobre nuestras soluciones financieras.","robots":{"index":"index","follow":"follow","max-snippet":"max-snippet:-1","max-image-preview":"max-image-preview:large","max-video-preview":"max-video-preview:-1"},"canonical":"https:\/\/www.exchange-data.com\/es\/preguntas-frecuentes\/","og_locale":"es_ES","og_type":"article","og_title":"Empleo - EDI","og_description":"Desde 1994, Exchange Data International (EDI) ayuda a la comunidad financiera mundial a tomar decisiones informadas con datos de referencia de valores de alta calidad, acciones corporativas y servicios de fijaci\u00f3n de precios al final del d\u00eda. El modelo de negocio de EDI, consistente en vender conjuntos de datos personalizables que cubren los principales mercados, en lugar de alquilar conjuntos de datos fijos, le diferencia de otros proveedores y ofrece a los clientes un mejor valor.","og_url":"https:\/\/www.exchange-data.com\/es\/preguntas-frecuentes\/","og_site_name":"Exchange Data International","article_modified_time":"2025-10-13T08:55:51+00:00","og_image":[{"url":"https:\/\/www.exchange-data.com\/wp-content\/uploads\/2015\/09\/EDI-Post-Featured-Image-700x400-1.png","type":"","width":"","height":""}],"twitter_card":"summary_large_image","twitter_title":"Empleo - EDI","twitter_description":"Desde 1994, Exchange Data International (EDI) ayuda a la comunidad financiera mundial a tomar decisiones informadas con datos de referencia de valores de alta calidad, acciones corporativas y servicios de fijaci\u00f3n de precios al final del d\u00eda. El modelo de negocio de EDI, consistente en vender conjuntos de datos personalizables que cubren los principales mercados, en lugar de alquilar conjuntos de datos fijos, le diferencia de otros proveedores y ofrece a los clientes un mejor valor.","twitter_image":"https:\/\/www.exchange-data.com\/wp-content\/uploads\/2015\/09\/EDI-Post-Featured-Image-700x400-1.png","twitter_site":"@ExchangeData","twitter_misc":{"Tiempo de lectura":"1 minuto"},"schema":{"@context":"https:\/\/schema.org","@graph":[{"@type":"WebPage","@id":"https:\/\/www.exchange-data.com\/es\/preguntas-frecuentes\/","url":"https:\/\/www.exchange-data.com\/es\/preguntas-frecuentes\/","name":"Preguntas frecuentes sobre servicios de datos financieros \u2013 EDI","isPartOf":{"@id":"https:\/\/www.exchange-data.com\/es\/#website"},"primaryImageOfPage":{"@id":"https:\/\/www.exchange-data.com\/es\/preguntas-frecuentes\/#primaryimage"},"image":{"@id":"https:\/\/www.exchange-data.com\/es\/preguntas-frecuentes\/#primaryimage"},"thumbnailUrl":"https:\/\/www.exchange-data.com\/wp-content\/uploads\/2015\/09\/EDI-Post-Featured-Image-700x400-1.png","datePublished":"2024-06-13T15:30:13+00:00","dateModified":"2025-10-13T08:55:51+00:00","description":"Resuelva sus dudas sobre los servicios de EDI: seguridad de datos, formatos de entrega, personalizaci\u00f3n y m\u00e1s. Acceda a informaci\u00f3n clara sobre nuestras soluciones financieras.","breadcrumb":{"@id":"https:\/\/www.exchange-data.com\/es\/preguntas-frecuentes\/#breadcrumb"},"inLanguage":"es","potentialAction":[{"@type":"ReadAction","target":["https:\/\/www.exchange-data.com\/es\/preguntas-frecuentes\/"]}]},{"@type":"ImageObject","inLanguage":"es","@id":"https:\/\/www.exchange-data.com\/es\/preguntas-frecuentes\/#primaryimage","url":"https:\/\/www.exchange-data.com\/wp-content\/uploads\/2015\/09\/EDI-Post-Featured-Image-700x400-1.png","contentUrl":"https:\/\/www.exchange-data.com\/wp-content\/uploads\/2015\/09\/EDI-Post-Featured-Image-700x400-1.png","width":700,"height":400,"caption":"Exchange Data International"},{"@type":"BreadcrumbList","@id":"https:\/\/www.exchange-data.com\/es\/preguntas-frecuentes\/#breadcrumb","itemListElement":[{"@type":"ListItem","position":1,"name":"Home","item":"https:\/\/www.exchange-data.com\/es\/inicio\/"},{"@type":"ListItem","position":2,"name":"Preguntas Frecuentes"}]},{"@type":"WebSite","@id":"https:\/\/www.exchange-data.com\/es\/#website","url":"https:\/\/www.exchange-data.com\/es\/","name":"Exchange Data International","description":"Doing data differently","publisher":{"@id":"https:\/\/www.exchange-data.com\/es\/#organization"},"potentialAction":[{"@type":"SearchAction","target":{"@type":"EntryPoint","urlTemplate":"https:\/\/www.exchange-data.com\/es\/?s={search_term_string}"},"query-input":{"@type":"PropertyValueSpecification","valueRequired":true,"valueName":"search_term_string"}}],"inLanguage":"es"},{"@type":"Organization","@id":"https:\/\/www.exchange-data.com\/es\/#organization","name":"Exchange Data International","url":"https:\/\/www.exchange-data.com\/es\/","logo":{"@type":"ImageObject","inLanguage":"es","@id":"https:\/\/www.exchange-data.com\/es\/#\/schema\/logo\/image\/","url":"https:\/\/www.exchange-data.com\/wp-content\/uploads\/2019\/03\/logo3.png","contentUrl":"https:\/\/www.exchange-data.com\/wp-content\/uploads\/2019\/03\/logo3.png","width":200,"height":80,"caption":"Exchange Data International"},"image":{"@id":"https:\/\/www.exchange-data.com\/es\/#\/schema\/logo\/image\/"},"sameAs":["https:\/\/x.com\/ExchangeData","https:\/\/www.linkedin.com\/company\/exchange-data-international\/?viewAsMember=true","https:\/\/www.youtube.com\/channel\/UC5D1OpUb22YZANRLD_Ktcgg?view_as=subscriber"]}]}},"_links":{"self":[{"href":"https:\/\/www.exchange-data.com\/es\/wp-json\/wp\/v2\/pages\/36074","targetHints":{"allow":["GET"]}}],"collection":[{"href":"https:\/\/www.exchange-data.com\/es\/wp-json\/wp\/v2\/pages"}],"about":[{"href":"https:\/\/www.exchange-data.com\/es\/wp-json\/wp\/v2\/types\/page"}],"author":[{"embeddable":true,"href":"https:\/\/www.exchange-data.com\/es\/wp-json\/wp\/v2\/users\/6"}],"replies":[{"embeddable":true,"href":"https:\/\/www.exchange-data.com\/es\/wp-json\/wp\/v2\/comments?post=36074"}],"version-history":[{"count":0,"href":"https:\/\/www.exchange-data.com\/es\/wp-json\/wp\/v2\/pages\/36074\/revisions"}],"wp:featuredmedia":[{"embeddable":true,"href":"https:\/\/www.exchange-data.com\/es\/wp-json\/wp\/v2\/media\/34154"}],"wp:attachment":[{"href":"https:\/\/www.exchange-data.com\/es\/wp-json\/wp\/v2\/media?parent=36074"}],"curies":[{"name":"wp","href":"https:\/\/api.w.org\/{rel}","templated":true}]}}