{"id":36078,"date":"2019-03-25T11:10:27","date_gmt":"2019-03-25T10:10:27","guid":{"rendered":"https:\/\/www.exchange-data.com\/pongase-en-contacto-pop-up-solicitar-catalogo\/"},"modified":"2025-10-13T10:14:15","modified_gmt":"2025-10-13T09:14:15","slug":"pongase-en-contacto-pop-up-solicitar-catalogo","status":"publish","type":"page","link":"https:\/\/www.exchange-data.com\/es\/pongase-en-contacto-pop-up-solicitar-catalogo\/","title":{"rendered":"P\u00f3ngase en contacto Pop Up Solicitar cat\u00e1logo"},"content":{"rendered":"<div id=\"cs-content\" class=\"cs-content\"><\/div>\n","protected":false},"excerpt":{"rendered":"<p>Empezar Cont\u00e1ctenos Solicitar folleto del producto Solicitar prueba gratuita S\u00ed, deseo recibir comunicaciones de marketing de EDI por correo electr\u00f3nico No deseo recibir comunicaciones de marketing de EDI por correo electr\u00f3nico Marque<\/p>\n<a href=\"https:\/\/www.exchange-data.com\/es\/pongase-en-contacto-pop-up-solicitar-catalogo\/\" class=\"more-link\">Learn More<\/a>.","protected":false},"author":23,"featured_media":0,"parent":0,"menu_order":0,"comment_status":"closed","ping_status":"closed","template":"template-blank-6.php","meta":{"_acf_changed":false,"inline_featured_image":false,"footnotes":""},"class_list":["post-36078","page","type-page","status-publish","hentry","no-post-thumbnail"],"acf":[],"yoast_head":"<!-- This site is optimized with the Yoast SEO Premium plugin v27.4 (Yoast SEO v27.4) - https:\/\/yoast.com\/product\/yoast-seo-premium-wordpress\/ -->\n<title>P\u00f3ngase en contacto Pop Up Solicitar cat\u00e1logo | Exchange Data International<\/title>\n<meta name=\"description\" content=\"Solicite el folleto de productos de EDI y obtenga informaci\u00f3n detallada sobre nuestras soluciones de datos financieros. Atenci\u00f3n personalizada y entrega r\u00e1pida.\" \/>\n<meta name=\"robots\" content=\"noindex, follow\" \/>\n<meta property=\"og:locale\" content=\"es_ES\" \/>\n<meta property=\"og:type\" content=\"article\" \/>\n<meta property=\"og:title\" content=\"P\u00f3ngase en contacto Pop Up Solicitar cat\u00e1logo | Exchange Data International\" \/>\n<meta property=\"og:description\" content=\"Solicite el folleto de productos de EDI y obtenga informaci\u00f3n detallada sobre nuestras soluciones de datos financieros. Atenci\u00f3n personalizada y entrega r\u00e1pida.\" \/>\n<meta property=\"og:url\" content=\"https:\/\/www.exchange-data.com\/es\/pongase-en-contacto-pop-up-solicitar-catalogo\/\" \/>\n<meta property=\"og:site_name\" content=\"Exchange Data International\" \/>\n<meta property=\"article:modified_time\" content=\"2025-10-13T09:14:15+00:00\" \/>\n<meta name=\"twitter:card\" content=\"summary_large_image\" \/>\n<meta name=\"twitter:site\" content=\"@ExchangeData\" \/>\n<script type=\"application\/ld+json\" class=\"yoast-schema-graph\">{\"@context\":\"https:\\\/\\\/schema.org\",\"@graph\":[{\"@type\":\"WebPage\",\"@id\":\"https:\\\/\\\/www.exchange-data.com\\\/es\\\/pongase-en-contacto-pop-up-solicitar-catalogo\\\/\",\"url\":\"https:\\\/\\\/www.exchange-data.com\\\/es\\\/pongase-en-contacto-pop-up-solicitar-catalogo\\\/\",\"name\":\"P\u00f3ngase en contacto Pop Up Solicitar cat\u00e1logo | Exchange Data International\",\"isPartOf\":{\"@id\":\"https:\\\/\\\/www.exchange-data.com\\\/es\\\/#website\"},\"datePublished\":\"2019-03-25T10:10:27+00:00\",\"dateModified\":\"2025-10-13T09:14:15+00:00\",\"description\":\"Solicite el folleto de productos de EDI y obtenga informaci\u00f3n detallada sobre nuestras soluciones de datos financieros. Atenci\u00f3n personalizada y entrega r\u00e1pida.\",\"breadcrumb\":{\"@id\":\"https:\\\/\\\/www.exchange-data.com\\\/es\\\/pongase-en-contacto-pop-up-solicitar-catalogo\\\/#breadcrumb\"},\"inLanguage\":\"es\",\"potentialAction\":[{\"@type\":\"ReadAction\",\"target\":[\"https:\\\/\\\/www.exchange-data.com\\\/es\\\/pongase-en-contacto-pop-up-solicitar-catalogo\\\/\"]}]},{\"@type\":\"BreadcrumbList\",\"@id\":\"https:\\\/\\\/www.exchange-data.com\\\/es\\\/pongase-en-contacto-pop-up-solicitar-catalogo\\\/#breadcrumb\",\"itemListElement\":[{\"@type\":\"ListItem\",\"position\":1,\"name\":\"Home\",\"item\":\"https:\\\/\\\/www.exchange-data.com\\\/es\\\/inicio\\\/\"},{\"@type\":\"ListItem\",\"position\":2,\"name\":\"P\u00f3ngase en contacto Pop Up Solicitar cat\u00e1logo\"}]},{\"@type\":\"WebSite\",\"@id\":\"https:\\\/\\\/www.exchange-data.com\\\/es\\\/#website\",\"url\":\"https:\\\/\\\/www.exchange-data.com\\\/es\\\/\",\"name\":\"Exchange Data International\",\"description\":\"Doing data differently\",\"publisher\":{\"@id\":\"https:\\\/\\\/www.exchange-data.com\\\/es\\\/#organization\"},\"potentialAction\":[{\"@type\":\"SearchAction\",\"target\":{\"@type\":\"EntryPoint\",\"urlTemplate\":\"https:\\\/\\\/www.exchange-data.com\\\/es\\\/?s={search_term_string}\"},\"query-input\":{\"@type\":\"PropertyValueSpecification\",\"valueRequired\":true,\"valueName\":\"search_term_string\"}}],\"inLanguage\":\"es\"},{\"@type\":\"Organization\",\"@id\":\"https:\\\/\\\/www.exchange-data.com\\\/es\\\/#organization\",\"name\":\"Exchange Data International\",\"url\":\"https:\\\/\\\/www.exchange-data.com\\\/es\\\/\",\"logo\":{\"@type\":\"ImageObject\",\"inLanguage\":\"es\",\"@id\":\"https:\\\/\\\/www.exchange-data.com\\\/es\\\/#\\\/schema\\\/logo\\\/image\\\/\",\"url\":\"https:\\\/\\\/www.exchange-data.com\\\/wp-content\\\/uploads\\\/2019\\\/03\\\/logo3.png\",\"contentUrl\":\"https:\\\/\\\/www.exchange-data.com\\\/wp-content\\\/uploads\\\/2019\\\/03\\\/logo3.png\",\"width\":200,\"height\":80,\"caption\":\"Exchange Data International\"},\"image\":{\"@id\":\"https:\\\/\\\/www.exchange-data.com\\\/es\\\/#\\\/schema\\\/logo\\\/image\\\/\"},\"sameAs\":[\"https:\\\/\\\/x.com\\\/ExchangeData\",\"https:\\\/\\\/www.linkedin.com\\\/company\\\/exchange-data-international\\\/?viewAsMember=true\",\"https:\\\/\\\/www.youtube.com\\\/channel\\\/UC5D1OpUb22YZANRLD_Ktcgg?view_as=subscriber\"]}]}<\/script>\n<!-- \/ Yoast SEO Premium plugin. -->","yoast_head_json":{"title":"P\u00f3ngase en contacto Pop Up Solicitar cat\u00e1logo | Exchange Data International","description":"Solicite el folleto de productos de EDI y obtenga informaci\u00f3n detallada sobre nuestras soluciones de datos financieros. Atenci\u00f3n personalizada y entrega r\u00e1pida.","robots":{"index":"noindex","follow":"follow"},"og_locale":"es_ES","og_type":"article","og_title":"P\u00f3ngase en contacto Pop Up Solicitar cat\u00e1logo | Exchange Data International","og_description":"Solicite el folleto de productos de EDI y obtenga informaci\u00f3n detallada sobre nuestras soluciones de datos financieros. Atenci\u00f3n personalizada y entrega r\u00e1pida.","og_url":"https:\/\/www.exchange-data.com\/es\/pongase-en-contacto-pop-up-solicitar-catalogo\/","og_site_name":"Exchange Data International","article_modified_time":"2025-10-13T09:14:15+00:00","twitter_card":"summary_large_image","twitter_site":"@ExchangeData","schema":{"@context":"https:\/\/schema.org","@graph":[{"@type":"WebPage","@id":"https:\/\/www.exchange-data.com\/es\/pongase-en-contacto-pop-up-solicitar-catalogo\/","url":"https:\/\/www.exchange-data.com\/es\/pongase-en-contacto-pop-up-solicitar-catalogo\/","name":"P\u00f3ngase en contacto Pop Up Solicitar cat\u00e1logo | Exchange Data International","isPartOf":{"@id":"https:\/\/www.exchange-data.com\/es\/#website"},"datePublished":"2019-03-25T10:10:27+00:00","dateModified":"2025-10-13T09:14:15+00:00","description":"Solicite el folleto de productos de EDI y obtenga informaci\u00f3n detallada sobre nuestras soluciones de datos financieros. Atenci\u00f3n personalizada y entrega r\u00e1pida.","breadcrumb":{"@id":"https:\/\/www.exchange-data.com\/es\/pongase-en-contacto-pop-up-solicitar-catalogo\/#breadcrumb"},"inLanguage":"es","potentialAction":[{"@type":"ReadAction","target":["https:\/\/www.exchange-data.com\/es\/pongase-en-contacto-pop-up-solicitar-catalogo\/"]}]},{"@type":"BreadcrumbList","@id":"https:\/\/www.exchange-data.com\/es\/pongase-en-contacto-pop-up-solicitar-catalogo\/#breadcrumb","itemListElement":[{"@type":"ListItem","position":1,"name":"Home","item":"https:\/\/www.exchange-data.com\/es\/inicio\/"},{"@type":"ListItem","position":2,"name":"P\u00f3ngase en contacto Pop Up Solicitar cat\u00e1logo"}]},{"@type":"WebSite","@id":"https:\/\/www.exchange-data.com\/es\/#website","url":"https:\/\/www.exchange-data.com\/es\/","name":"Exchange Data International","description":"Doing data differently","publisher":{"@id":"https:\/\/www.exchange-data.com\/es\/#organization"},"potentialAction":[{"@type":"SearchAction","target":{"@type":"EntryPoint","urlTemplate":"https:\/\/www.exchange-data.com\/es\/?s={search_term_string}"},"query-input":{"@type":"PropertyValueSpecification","valueRequired":true,"valueName":"search_term_string"}}],"inLanguage":"es"},{"@type":"Organization","@id":"https:\/\/www.exchange-data.com\/es\/#organization","name":"Exchange Data International","url":"https:\/\/www.exchange-data.com\/es\/","logo":{"@type":"ImageObject","inLanguage":"es","@id":"https:\/\/www.exchange-data.com\/es\/#\/schema\/logo\/image\/","url":"https:\/\/www.exchange-data.com\/wp-content\/uploads\/2019\/03\/logo3.png","contentUrl":"https:\/\/www.exchange-data.com\/wp-content\/uploads\/2019\/03\/logo3.png","width":200,"height":80,"caption":"Exchange Data International"},"image":{"@id":"https:\/\/www.exchange-data.com\/es\/#\/schema\/logo\/image\/"},"sameAs":["https:\/\/x.com\/ExchangeData","https:\/\/www.linkedin.com\/company\/exchange-data-international\/?viewAsMember=true","https:\/\/www.youtube.com\/channel\/UC5D1OpUb22YZANRLD_Ktcgg?view_as=subscriber"]}]}},"_links":{"self":[{"href":"https:\/\/www.exchange-data.com\/es\/wp-json\/wp\/v2\/pages\/36078","targetHints":{"allow":["GET"]}}],"collection":[{"href":"https:\/\/www.exchange-data.com\/es\/wp-json\/wp\/v2\/pages"}],"about":[{"href":"https:\/\/www.exchange-data.com\/es\/wp-json\/wp\/v2\/types\/page"}],"author":[{"embeddable":true,"href":"https:\/\/www.exchange-data.com\/es\/wp-json\/wp\/v2\/users\/23"}],"replies":[{"embeddable":true,"href":"https:\/\/www.exchange-data.com\/es\/wp-json\/wp\/v2\/comments?post=36078"}],"version-history":[{"count":0,"href":"https:\/\/www.exchange-data.com\/es\/wp-json\/wp\/v2\/pages\/36078\/revisions"}],"wp:attachment":[{"href":"https:\/\/www.exchange-data.com\/es\/wp-json\/wp\/v2\/media?parent=36078"}],"curies":[{"name":"wp","href":"https:\/\/api.w.org\/{rel}","templated":true}]}}