{"id":36082,"date":"2019-03-09T12:23:30","date_gmt":"2019-03-09T11:23:30","guid":{"rendered":"https:\/\/www.exchange-data.com\/socios\/"},"modified":"2026-03-04T10:06:16","modified_gmt":"2026-03-04T09:06:16","slug":"socios","status":"publish","type":"page","link":"https:\/\/www.exchange-data.com\/es\/socios\/","title":{"rendered":"Socios Estrat\u00e9gicos"},"content":{"rendered":"<div id=\"cs-content\" class=\"cs-content\"><\/div>\n","protected":false},"excerpt":{"rendered":"<p>Socios Estrat\u00e9gicos Inversiones IPLProveedores de datosProveedores de serviciosProveedores de tecnolog\u00edaConsultor\u00eda de gesti\u00f3n Comenzar P\u00f3ngase en contacto con nosotros Solicitar folleto del producto Agendar una Cita Yes please, I&#039;d like to receive marketing<\/p>\n<a href=\"https:\/\/www.exchange-data.com\/es\/socios\/\" class=\"more-link\">Learn More<\/a>.","protected":false},"author":23,"featured_media":34154,"parent":0,"menu_order":0,"comment_status":"closed","ping_status":"closed","template":"template-blank-4.php","meta":{"_acf_changed":false,"inline_featured_image":false,"footnotes":""},"class_list":["post-36082","page","type-page","status-publish","has-post-thumbnail","hentry"],"acf":[],"yoast_head":"<!-- This site is optimized with the Yoast SEO Premium plugin v26.0 (Yoast SEO v26.0) - https:\/\/yoast.com\/wordpress\/plugins\/seo\/ -->\n<title>Socios y proveedores estrat\u00e9gicos de EDI<\/title>\n<meta name=\"description\" content=\"Descubra nuestros socios clave: inversiones IPL, proveedores de datos, tecnolog\u00eda, servicios y consultor\u00eda de gesti\u00f3n que impulsan las soluciones globales de EDI.\" \/>\n<meta name=\"robots\" content=\"index, follow, max-snippet:-1, max-image-preview:large, max-video-preview:-1\" \/>\n<link rel=\"canonical\" href=\"https:\/\/www.exchange-data.com\/es\/socios\/\" \/>\n<meta property=\"og:locale\" content=\"es_ES\" \/>\n<meta property=\"og:type\" content=\"article\" \/>\n<meta property=\"og:title\" content=\"Socios EDI\" \/>\n<meta property=\"og:description\" content=\"Desde 1994, Exchange Data International (EDI) ayuda a la comunidad financiera mundial a tomar decisiones informadas con datos de referencia de valores de alta calidad, acciones corporativas y servicios de fijaci\u00f3n de precios al final del d\u00eda. El modelo de negocio de EDI, consistente en vender conjuntos de datos personalizables con derechos de redistribuci\u00f3n liberales, en lugar de alquilar conjuntos de datos r\u00edgidos, diferencia a la empresa de otros proveedores, ofreciendo a los clientes un mejor valor.\" \/>\n<meta property=\"og:url\" content=\"https:\/\/www.exchange-data.com\/es\/socios\/\" \/>\n<meta property=\"og:site_name\" content=\"Exchange Data International\" \/>\n<meta property=\"article:modified_time\" content=\"2026-03-04T09:06:16+00:00\" \/>\n<meta property=\"og:image\" content=\"https:\/\/www.exchange-data.com\/wp-content\/uploads\/2015\/09\/EDI-Post-Featured-Image-700x400-1.png\" \/>\n<meta name=\"twitter:card\" content=\"summary_large_image\" \/>\n<meta name=\"twitter:title\" content=\"Socios EDI\" \/>\n<meta name=\"twitter:description\" content=\"Desde 1994, Exchange Data International (EDI) ayuda a la comunidad financiera mundial a tomar decisiones informadas con datos de referencia de valores de alta calidad, acciones corporativas y servicios de fijaci\u00f3n de precios al final del d\u00eda. El modelo de negocio de EDI, consistente en vender conjuntos de datos personalizables con derechos de redistribuci\u00f3n liberales, en lugar de alquilar conjuntos de datos r\u00edgidos, diferencia a la empresa de otros proveedores, ofreciendo a los clientes un mejor valor.\" \/>\n<meta name=\"twitter:image\" content=\"https:\/\/www.exchange-data.com\/wp-content\/uploads\/2015\/09\/EDI-Post-Featured-Image-700x400-1.png\" \/>\n<meta name=\"twitter:site\" content=\"@ExchangeData\" \/>\n<meta name=\"twitter:label1\" content=\"Tiempo de lectura\" \/>\n\t<meta name=\"twitter:data1\" content=\"2 minutos\" \/>\n<script type=\"application\/ld+json\" class=\"yoast-schema-graph\">{\"@context\":\"https:\/\/schema.org\",\"@graph\":[{\"@type\":\"WebPage\",\"@id\":\"https:\/\/www.exchange-data.com\/es\/socios\/\",\"url\":\"https:\/\/www.exchange-data.com\/es\/socios\/\",\"name\":\"Socios y proveedores estrat\u00e9gicos de EDI\",\"isPartOf\":{\"@id\":\"https:\/\/www.exchange-data.com\/es\/#website\"},\"primaryImageOfPage\":{\"@id\":\"https:\/\/www.exchange-data.com\/es\/socios\/#primaryimage\"},\"image\":{\"@id\":\"https:\/\/www.exchange-data.com\/es\/socios\/#primaryimage\"},\"thumbnailUrl\":\"https:\/\/www.exchange-data.com\/wp-content\/uploads\/2015\/09\/EDI-Post-Featured-Image-700x400-1.png\",\"datePublished\":\"2019-03-09T11:23:30+00:00\",\"dateModified\":\"2026-03-04T09:06:16+00:00\",\"description\":\"Descubra nuestros socios clave: inversiones IPL, proveedores de datos, tecnolog\u00eda, servicios y consultor\u00eda de gesti\u00f3n que impulsan las soluciones globales de EDI.\",\"breadcrumb\":{\"@id\":\"https:\/\/www.exchange-data.com\/es\/socios\/#breadcrumb\"},\"inLanguage\":\"es\",\"potentialAction\":[{\"@type\":\"ReadAction\",\"target\":[\"https:\/\/www.exchange-data.com\/es\/socios\/\"]}]},{\"@type\":\"ImageObject\",\"inLanguage\":\"es\",\"@id\":\"https:\/\/www.exchange-data.com\/es\/socios\/#primaryimage\",\"url\":\"https:\/\/www.exchange-data.com\/wp-content\/uploads\/2015\/09\/EDI-Post-Featured-Image-700x400-1.png\",\"contentUrl\":\"https:\/\/www.exchange-data.com\/wp-content\/uploads\/2015\/09\/EDI-Post-Featured-Image-700x400-1.png\",\"width\":700,\"height\":400,\"caption\":\"Exchange Data International\"},{\"@type\":\"BreadcrumbList\",\"@id\":\"https:\/\/www.exchange-data.com\/es\/socios\/#breadcrumb\",\"itemListElement\":[{\"@type\":\"ListItem\",\"position\":1,\"name\":\"Home\",\"item\":\"https:\/\/www.exchange-data.com\/es\/inicio\/\"},{\"@type\":\"ListItem\",\"position\":2,\"name\":\"Socios Estrat\u00e9gicos\"}]},{\"@type\":\"WebSite\",\"@id\":\"https:\/\/www.exchange-data.com\/es\/#website\",\"url\":\"https:\/\/www.exchange-data.com\/es\/\",\"name\":\"Exchange Data International\",\"description\":\"Doing data differently\",\"publisher\":{\"@id\":\"https:\/\/www.exchange-data.com\/es\/#organization\"},\"potentialAction\":[{\"@type\":\"SearchAction\",\"target\":{\"@type\":\"EntryPoint\",\"urlTemplate\":\"https:\/\/www.exchange-data.com\/es\/?s={search_term_string}\"},\"query-input\":{\"@type\":\"PropertyValueSpecification\",\"valueRequired\":true,\"valueName\":\"search_term_string\"}}],\"inLanguage\":\"es\"},{\"@type\":\"Organization\",\"@id\":\"https:\/\/www.exchange-data.com\/es\/#organization\",\"name\":\"Exchange Data International\",\"url\":\"https:\/\/www.exchange-data.com\/es\/\",\"logo\":{\"@type\":\"ImageObject\",\"inLanguage\":\"es\",\"@id\":\"https:\/\/www.exchange-data.com\/es\/#\/schema\/logo\/image\/\",\"url\":\"https:\/\/www.exchange-data.com\/wp-content\/uploads\/2019\/03\/logo3.png\",\"contentUrl\":\"https:\/\/www.exchange-data.com\/wp-content\/uploads\/2019\/03\/logo3.png\",\"width\":200,\"height\":80,\"caption\":\"Exchange Data International\"},\"image\":{\"@id\":\"https:\/\/www.exchange-data.com\/es\/#\/schema\/logo\/image\/\"},\"sameAs\":[\"https:\/\/x.com\/ExchangeData\",\"https:\/\/www.linkedin.com\/company\/exchange-data-international\/?viewAsMember=true\",\"https:\/\/www.youtube.com\/channel\/UC5D1OpUb22YZANRLD_Ktcgg?view_as=subscriber\"]}]}<\/script>\n<!-- \/ Yoast SEO Premium plugin. -->","yoast_head_json":{"title":"Socios y proveedores estrat\u00e9gicos de EDI","description":"Descubra nuestros socios clave: inversiones IPL, proveedores de datos, tecnolog\u00eda, servicios y consultor\u00eda de gesti\u00f3n que impulsan las soluciones globales de EDI.","robots":{"index":"index","follow":"follow","max-snippet":"max-snippet:-1","max-image-preview":"max-image-preview:large","max-video-preview":"max-video-preview:-1"},"canonical":"https:\/\/www.exchange-data.com\/es\/socios\/","og_locale":"es_ES","og_type":"article","og_title":"Socios EDI","og_description":"Desde 1994, Exchange Data International (EDI) ayuda a la comunidad financiera mundial a tomar decisiones informadas con datos de referencia de valores de alta calidad, acciones corporativas y servicios de fijaci\u00f3n de precios al final del d\u00eda. El modelo de negocio de EDI, consistente en vender conjuntos de datos personalizables con derechos de redistribuci\u00f3n liberales, en lugar de alquilar conjuntos de datos r\u00edgidos, diferencia a la empresa de otros proveedores, ofreciendo a los clientes un mejor valor.","og_url":"https:\/\/www.exchange-data.com\/es\/socios\/","og_site_name":"Exchange Data International","article_modified_time":"2026-03-04T09:06:16+00:00","og_image":[{"url":"https:\/\/www.exchange-data.com\/wp-content\/uploads\/2015\/09\/EDI-Post-Featured-Image-700x400-1.png","type":"","width":"","height":""}],"twitter_card":"summary_large_image","twitter_title":"Socios EDI","twitter_description":"Desde 1994, Exchange Data International (EDI) ayuda a la comunidad financiera mundial a tomar decisiones informadas con datos de referencia de valores de alta calidad, acciones corporativas y servicios de fijaci\u00f3n de precios al final del d\u00eda. El modelo de negocio de EDI, consistente en vender conjuntos de datos personalizables con derechos de redistribuci\u00f3n liberales, en lugar de alquilar conjuntos de datos r\u00edgidos, diferencia a la empresa de otros proveedores, ofreciendo a los clientes un mejor valor.","twitter_image":"https:\/\/www.exchange-data.com\/wp-content\/uploads\/2015\/09\/EDI-Post-Featured-Image-700x400-1.png","twitter_site":"@ExchangeData","twitter_misc":{"Tiempo de lectura":"2 minutos"},"schema":{"@context":"https:\/\/schema.org","@graph":[{"@type":"WebPage","@id":"https:\/\/www.exchange-data.com\/es\/socios\/","url":"https:\/\/www.exchange-data.com\/es\/socios\/","name":"Socios y proveedores estrat\u00e9gicos de EDI","isPartOf":{"@id":"https:\/\/www.exchange-data.com\/es\/#website"},"primaryImageOfPage":{"@id":"https:\/\/www.exchange-data.com\/es\/socios\/#primaryimage"},"image":{"@id":"https:\/\/www.exchange-data.com\/es\/socios\/#primaryimage"},"thumbnailUrl":"https:\/\/www.exchange-data.com\/wp-content\/uploads\/2015\/09\/EDI-Post-Featured-Image-700x400-1.png","datePublished":"2019-03-09T11:23:30+00:00","dateModified":"2026-03-04T09:06:16+00:00","description":"Descubra nuestros socios clave: inversiones IPL, proveedores de datos, tecnolog\u00eda, servicios y consultor\u00eda de gesti\u00f3n que impulsan las soluciones globales de EDI.","breadcrumb":{"@id":"https:\/\/www.exchange-data.com\/es\/socios\/#breadcrumb"},"inLanguage":"es","potentialAction":[{"@type":"ReadAction","target":["https:\/\/www.exchange-data.com\/es\/socios\/"]}]},{"@type":"ImageObject","inLanguage":"es","@id":"https:\/\/www.exchange-data.com\/es\/socios\/#primaryimage","url":"https:\/\/www.exchange-data.com\/wp-content\/uploads\/2015\/09\/EDI-Post-Featured-Image-700x400-1.png","contentUrl":"https:\/\/www.exchange-data.com\/wp-content\/uploads\/2015\/09\/EDI-Post-Featured-Image-700x400-1.png","width":700,"height":400,"caption":"Exchange Data International"},{"@type":"BreadcrumbList","@id":"https:\/\/www.exchange-data.com\/es\/socios\/#breadcrumb","itemListElement":[{"@type":"ListItem","position":1,"name":"Home","item":"https:\/\/www.exchange-data.com\/es\/inicio\/"},{"@type":"ListItem","position":2,"name":"Socios Estrat\u00e9gicos"}]},{"@type":"WebSite","@id":"https:\/\/www.exchange-data.com\/es\/#website","url":"https:\/\/www.exchange-data.com\/es\/","name":"Exchange Data International","description":"Doing data differently","publisher":{"@id":"https:\/\/www.exchange-data.com\/es\/#organization"},"potentialAction":[{"@type":"SearchAction","target":{"@type":"EntryPoint","urlTemplate":"https:\/\/www.exchange-data.com\/es\/?s={search_term_string}"},"query-input":{"@type":"PropertyValueSpecification","valueRequired":true,"valueName":"search_term_string"}}],"inLanguage":"es"},{"@type":"Organization","@id":"https:\/\/www.exchange-data.com\/es\/#organization","name":"Exchange Data International","url":"https:\/\/www.exchange-data.com\/es\/","logo":{"@type":"ImageObject","inLanguage":"es","@id":"https:\/\/www.exchange-data.com\/es\/#\/schema\/logo\/image\/","url":"https:\/\/www.exchange-data.com\/wp-content\/uploads\/2019\/03\/logo3.png","contentUrl":"https:\/\/www.exchange-data.com\/wp-content\/uploads\/2019\/03\/logo3.png","width":200,"height":80,"caption":"Exchange Data International"},"image":{"@id":"https:\/\/www.exchange-data.com\/es\/#\/schema\/logo\/image\/"},"sameAs":["https:\/\/x.com\/ExchangeData","https:\/\/www.linkedin.com\/company\/exchange-data-international\/?viewAsMember=true","https:\/\/www.youtube.com\/channel\/UC5D1OpUb22YZANRLD_Ktcgg?view_as=subscriber"]}]}},"_links":{"self":[{"href":"https:\/\/www.exchange-data.com\/es\/wp-json\/wp\/v2\/pages\/36082","targetHints":{"allow":["GET"]}}],"collection":[{"href":"https:\/\/www.exchange-data.com\/es\/wp-json\/wp\/v2\/pages"}],"about":[{"href":"https:\/\/www.exchange-data.com\/es\/wp-json\/wp\/v2\/types\/page"}],"author":[{"embeddable":true,"href":"https:\/\/www.exchange-data.com\/es\/wp-json\/wp\/v2\/users\/23"}],"replies":[{"embeddable":true,"href":"https:\/\/www.exchange-data.com\/es\/wp-json\/wp\/v2\/comments?post=36082"}],"version-history":[{"count":0,"href":"https:\/\/www.exchange-data.com\/es\/wp-json\/wp\/v2\/pages\/36082\/revisions"}],"wp:featuredmedia":[{"embeddable":true,"href":"https:\/\/www.exchange-data.com\/es\/wp-json\/wp\/v2\/media\/34154"}],"wp:attachment":[{"href":"https:\/\/www.exchange-data.com\/es\/wp-json\/wp\/v2\/media?parent=36082"}],"curies":[{"name":"wp","href":"https:\/\/api.w.org\/{rel}","templated":true}]}}