{"id":36675,"date":"2025-08-14T06:51:17","date_gmt":"2025-08-14T05:51:17","guid":{"rendered":"https:\/\/www.exchange-data.com\/preguntas-frecuentes-analitica-de-opciones\/"},"modified":"2025-10-13T09:31:23","modified_gmt":"2025-10-13T08:31:23","slug":"preguntas-frecuentes-analitica-de-opciones","status":"publish","type":"page","link":"https:\/\/www.exchange-data.com\/es\/preguntas-frecuentes-analitica-de-opciones\/","title":{"rendered":"Preguntas Frecuentes \u2013 Anal\u00edtica de Opciones"},"content":{"rendered":"<div id=\"cs-content\" class=\"cs-content\"><\/div>\n","protected":false},"excerpt":{"rendered":"<p>&#x25b8; \u00bfQu\u00e9 es una opci\u00f3n?Una opci\u00f3n es un contrato que otorga el derecho \u2014pero no la obligaci\u00f3n\u2014 de comprar o vender un instrumento financiero espec\u00edfico, conocido como activo subyacente. (OIC) &#x25b8; \u00bfQu\u00e9<\/p>\n<a href=\"https:\/\/www.exchange-data.com\/es\/preguntas-frecuentes-analitica-de-opciones\/\" class=\"more-link\">Learn More<\/a>.","protected":false},"author":23,"featured_media":0,"parent":0,"menu_order":0,"comment_status":"closed","ping_status":"closed","template":"","meta":{"_acf_changed":false,"inline_featured_image":false,"footnotes":""},"class_list":["post-36675","page","type-page","status-publish","hentry","no-post-thumbnail"],"acf":[],"yoast_head":"<!-- This site is optimized with the Yoast SEO Premium plugin v26.0 (Yoast SEO v26.0) - https:\/\/yoast.com\/wordpress\/plugins\/seo\/ -->\n<title>Preguntas Frecuentes \u2013 Anal\u00edtica de Opciones | Exchange Data International<\/title>\n<meta name=\"description\" content=\"Resuelva sus dudas sobre contratos de opciones, primas, tipos de ejercicio, volatilidad, c\u00e1maras de compensaci\u00f3n y m\u00e1s en esta completa gu\u00eda de anal\u00edtica de opciones.\" \/>\n<meta name=\"robots\" content=\"index, follow, max-snippet:-1, max-image-preview:large, max-video-preview:-1\" \/>\n<link rel=\"canonical\" href=\"https:\/\/www.exchange-data.com\/es\/preguntas-frecuentes-analitica-de-opciones\/\" \/>\n<meta property=\"og:locale\" content=\"es_ES\" \/>\n<meta property=\"og:type\" content=\"article\" \/>\n<meta property=\"og:title\" content=\"Preguntas Frecuentes \u2013 Anal\u00edtica de Opciones | Exchange Data International\" \/>\n<meta property=\"og:description\" content=\"Resuelva sus dudas sobre contratos de opciones, primas, tipos de ejercicio, volatilidad, c\u00e1maras de compensaci\u00f3n y m\u00e1s en esta completa gu\u00eda de anal\u00edtica de opciones.\" \/>\n<meta property=\"og:url\" content=\"https:\/\/www.exchange-data.com\/es\/preguntas-frecuentes-analitica-de-opciones\/\" \/>\n<meta property=\"og:site_name\" content=\"Exchange Data International\" \/>\n<meta property=\"article:modified_time\" content=\"2025-10-13T08:31:23+00:00\" \/>\n<meta name=\"twitter:card\" content=\"summary_large_image\" \/>\n<meta name=\"twitter:site\" content=\"@ExchangeData\" \/>\n<script type=\"application\/ld+json\" class=\"yoast-schema-graph\">{\"@context\":\"https:\/\/schema.org\",\"@graph\":[{\"@type\":\"WebPage\",\"@id\":\"https:\/\/www.exchange-data.com\/es\/preguntas-frecuentes-analitica-de-opciones\/\",\"url\":\"https:\/\/www.exchange-data.com\/es\/preguntas-frecuentes-analitica-de-opciones\/\",\"name\":\"Preguntas Frecuentes \u2013 Anal\u00edtica de Opciones | Exchange Data International\",\"isPartOf\":{\"@id\":\"https:\/\/www.exchange-data.com\/es\/#website\"},\"datePublished\":\"2025-08-14T05:51:17+00:00\",\"dateModified\":\"2025-10-13T08:31:23+00:00\",\"description\":\"Resuelva sus dudas sobre contratos de opciones, primas, tipos de ejercicio, volatilidad, c\u00e1maras de compensaci\u00f3n y m\u00e1s en esta completa gu\u00eda de anal\u00edtica de opciones.\",\"breadcrumb\":{\"@id\":\"https:\/\/www.exchange-data.com\/es\/preguntas-frecuentes-analitica-de-opciones\/#breadcrumb\"},\"inLanguage\":\"es\",\"potentialAction\":[{\"@type\":\"ReadAction\",\"target\":[\"https:\/\/www.exchange-data.com\/es\/preguntas-frecuentes-analitica-de-opciones\/\"]}]},{\"@type\":\"BreadcrumbList\",\"@id\":\"https:\/\/www.exchange-data.com\/es\/preguntas-frecuentes-analitica-de-opciones\/#breadcrumb\",\"itemListElement\":[{\"@type\":\"ListItem\",\"position\":1,\"name\":\"Home\",\"item\":\"https:\/\/www.exchange-data.com\/es\/inicio\/\"},{\"@type\":\"ListItem\",\"position\":2,\"name\":\"Preguntas Frecuentes \u2013 Anal\u00edtica de Opciones\"}]},{\"@type\":\"WebSite\",\"@id\":\"https:\/\/www.exchange-data.com\/es\/#website\",\"url\":\"https:\/\/www.exchange-data.com\/es\/\",\"name\":\"Exchange Data International\",\"description\":\"Doing data differently\",\"publisher\":{\"@id\":\"https:\/\/www.exchange-data.com\/es\/#organization\"},\"potentialAction\":[{\"@type\":\"SearchAction\",\"target\":{\"@type\":\"EntryPoint\",\"urlTemplate\":\"https:\/\/www.exchange-data.com\/es\/?s={search_term_string}\"},\"query-input\":{\"@type\":\"PropertyValueSpecification\",\"valueRequired\":true,\"valueName\":\"search_term_string\"}}],\"inLanguage\":\"es\"},{\"@type\":\"Organization\",\"@id\":\"https:\/\/www.exchange-data.com\/es\/#organization\",\"name\":\"Exchange Data International\",\"url\":\"https:\/\/www.exchange-data.com\/es\/\",\"logo\":{\"@type\":\"ImageObject\",\"inLanguage\":\"es\",\"@id\":\"https:\/\/www.exchange-data.com\/es\/#\/schema\/logo\/image\/\",\"url\":\"https:\/\/www.exchange-data.com\/wp-content\/uploads\/2019\/03\/logo3.png\",\"contentUrl\":\"https:\/\/www.exchange-data.com\/wp-content\/uploads\/2019\/03\/logo3.png\",\"width\":200,\"height\":80,\"caption\":\"Exchange Data International\"},\"image\":{\"@id\":\"https:\/\/www.exchange-data.com\/es\/#\/schema\/logo\/image\/\"},\"sameAs\":[\"https:\/\/x.com\/ExchangeData\",\"https:\/\/www.linkedin.com\/company\/exchange-data-international\/?viewAsMember=true\",\"https:\/\/www.youtube.com\/channel\/UC5D1OpUb22YZANRLD_Ktcgg?view_as=subscriber\"]}]}<\/script>\n<!-- \/ Yoast SEO Premium plugin. -->","yoast_head_json":{"title":"Preguntas Frecuentes \u2013 Anal\u00edtica de Opciones | Exchange Data International","description":"Resuelva sus dudas sobre contratos de opciones, primas, tipos de ejercicio, volatilidad, c\u00e1maras de compensaci\u00f3n y m\u00e1s en esta completa gu\u00eda de anal\u00edtica de opciones.","robots":{"index":"index","follow":"follow","max-snippet":"max-snippet:-1","max-image-preview":"max-image-preview:large","max-video-preview":"max-video-preview:-1"},"canonical":"https:\/\/www.exchange-data.com\/es\/preguntas-frecuentes-analitica-de-opciones\/","og_locale":"es_ES","og_type":"article","og_title":"Preguntas Frecuentes \u2013 Anal\u00edtica de Opciones | Exchange Data International","og_description":"Resuelva sus dudas sobre contratos de opciones, primas, tipos de ejercicio, volatilidad, c\u00e1maras de compensaci\u00f3n y m\u00e1s en esta completa gu\u00eda de anal\u00edtica de opciones.","og_url":"https:\/\/www.exchange-data.com\/es\/preguntas-frecuentes-analitica-de-opciones\/","og_site_name":"Exchange Data International","article_modified_time":"2025-10-13T08:31:23+00:00","twitter_card":"summary_large_image","twitter_site":"@ExchangeData","schema":{"@context":"https:\/\/schema.org","@graph":[{"@type":"WebPage","@id":"https:\/\/www.exchange-data.com\/es\/preguntas-frecuentes-analitica-de-opciones\/","url":"https:\/\/www.exchange-data.com\/es\/preguntas-frecuentes-analitica-de-opciones\/","name":"Preguntas Frecuentes \u2013 Anal\u00edtica de Opciones | Exchange Data International","isPartOf":{"@id":"https:\/\/www.exchange-data.com\/es\/#website"},"datePublished":"2025-08-14T05:51:17+00:00","dateModified":"2025-10-13T08:31:23+00:00","description":"Resuelva sus dudas sobre contratos de opciones, primas, tipos de ejercicio, volatilidad, c\u00e1maras de compensaci\u00f3n y m\u00e1s en esta completa gu\u00eda de anal\u00edtica de opciones.","breadcrumb":{"@id":"https:\/\/www.exchange-data.com\/es\/preguntas-frecuentes-analitica-de-opciones\/#breadcrumb"},"inLanguage":"es","potentialAction":[{"@type":"ReadAction","target":["https:\/\/www.exchange-data.com\/es\/preguntas-frecuentes-analitica-de-opciones\/"]}]},{"@type":"BreadcrumbList","@id":"https:\/\/www.exchange-data.com\/es\/preguntas-frecuentes-analitica-de-opciones\/#breadcrumb","itemListElement":[{"@type":"ListItem","position":1,"name":"Home","item":"https:\/\/www.exchange-data.com\/es\/inicio\/"},{"@type":"ListItem","position":2,"name":"Preguntas Frecuentes \u2013 Anal\u00edtica de Opciones"}]},{"@type":"WebSite","@id":"https:\/\/www.exchange-data.com\/es\/#website","url":"https:\/\/www.exchange-data.com\/es\/","name":"Exchange Data International","description":"Doing data differently","publisher":{"@id":"https:\/\/www.exchange-data.com\/es\/#organization"},"potentialAction":[{"@type":"SearchAction","target":{"@type":"EntryPoint","urlTemplate":"https:\/\/www.exchange-data.com\/es\/?s={search_term_string}"},"query-input":{"@type":"PropertyValueSpecification","valueRequired":true,"valueName":"search_term_string"}}],"inLanguage":"es"},{"@type":"Organization","@id":"https:\/\/www.exchange-data.com\/es\/#organization","name":"Exchange Data International","url":"https:\/\/www.exchange-data.com\/es\/","logo":{"@type":"ImageObject","inLanguage":"es","@id":"https:\/\/www.exchange-data.com\/es\/#\/schema\/logo\/image\/","url":"https:\/\/www.exchange-data.com\/wp-content\/uploads\/2019\/03\/logo3.png","contentUrl":"https:\/\/www.exchange-data.com\/wp-content\/uploads\/2019\/03\/logo3.png","width":200,"height":80,"caption":"Exchange Data International"},"image":{"@id":"https:\/\/www.exchange-data.com\/es\/#\/schema\/logo\/image\/"},"sameAs":["https:\/\/x.com\/ExchangeData","https:\/\/www.linkedin.com\/company\/exchange-data-international\/?viewAsMember=true","https:\/\/www.youtube.com\/channel\/UC5D1OpUb22YZANRLD_Ktcgg?view_as=subscriber"]}]}},"_links":{"self":[{"href":"https:\/\/www.exchange-data.com\/es\/wp-json\/wp\/v2\/pages\/36675","targetHints":{"allow":["GET"]}}],"collection":[{"href":"https:\/\/www.exchange-data.com\/es\/wp-json\/wp\/v2\/pages"}],"about":[{"href":"https:\/\/www.exchange-data.com\/es\/wp-json\/wp\/v2\/types\/page"}],"author":[{"embeddable":true,"href":"https:\/\/www.exchange-data.com\/es\/wp-json\/wp\/v2\/users\/23"}],"replies":[{"embeddable":true,"href":"https:\/\/www.exchange-data.com\/es\/wp-json\/wp\/v2\/comments?post=36675"}],"version-history":[{"count":0,"href":"https:\/\/www.exchange-data.com\/es\/wp-json\/wp\/v2\/pages\/36675\/revisions"}],"wp:attachment":[{"href":"https:\/\/www.exchange-data.com\/es\/wp-json\/wp\/v2\/media?parent=36675"}],"curies":[{"name":"wp","href":"https:\/\/api.w.org\/{rel}","templated":true}]}}