{"id":35962,"date":"2019-03-30T20:38:38","date_gmt":"2019-03-30T19:38:38","guid":{"rendered":"https:\/\/www.exchange-data.com\/product\/datos-de-los-factores-de-ajuste\/"},"modified":"2025-10-08T12:19:25","modified_gmt":"2025-10-08T11:19:25","slug":"datos-de-los-factores-de-ajuste","status":"publish","type":"product","link":"https:\/\/www.exchange-data.com\/es\/producto\/datos-de-los-factores-de-ajuste\/","title":{"rendered":"Datos de Factores de Ajuste"},"content":{"rendered":"<p align=\"justify\"><span style=\"font-weight: 400;\">El servicio de factores de ajuste tiene como objetivo principal recalcular los precios por acci\u00f3n de fin de d\u00eda (EOD), permitiendo representarlos gr\u00e1ficamente con el impacto de eventos corporativos como ampliaciones liberadas, emisiones de derechos, consolidaciones, entre otros, reflejados en los precios hist\u00f3ricos.<\/span><\/p>\n<p>&nbsp;<\/p>\n<p align=\"justify\"><span style=\"font-weight: 400;\">Todas las series por acci\u00f3n \u2014incluyendo precios, beneficios por acci\u00f3n, dividendos por acci\u00f3n, activos por acci\u00f3n, flujos de caja por acci\u00f3n, etc.\u2014 deben ajustarse correctamente para extraer conclusiones significativas sobre tasas de crecimiento, tendencias y dem\u00e1s indicadores.<\/span><\/p>\n<p align=\"justify\"><span style=\"font-weight: 400;\">El archivo de datos din\u00e1mico contiene todos los campos necesarios para identificar pa\u00eds, valor, tipo de evento y factor correspondiente. Ha sido dise\u00f1ado tanto para integrarse directamente en bases de datos como para aplicarse a series de precios. Adem\u00e1s, cubre todas las acciones corporativas en m\u00faltiples divisas para un mismo evento.  <\/span><\/p>\n<p>&nbsp;<\/p>\n<p align=\"justify\"><span style=\"font-weight: 400;\">Ventaja principal: A diferencia de otras fuentes, este archivo de datos din\u00e1mico permite una automatizaci\u00f3n completa, gestionando en segundo plano cancelaciones y modificaciones de eventos corporativos de forma eficaz y sin intervenci\u00f3n manual<\/span><\/p>\n<p>&nbsp;<\/p>\n<h4>Novedades en la versi\u00f3n 2.0 del servicio Worldwide Adjustment Factor:<\/h4>\n<p>EDI ha lanzado recientemente una nueva versi\u00f3n (2) del servicio de alimentaci\u00f3n del factor de ajuste mundial. Las tres principales novedades son las siguientes: <\/p>\n<ul>\n<li>Inclusi\u00f3n de c\u00f3digos FIGI, lo que permite verificar conjuntos de datos cruzados <\/li>\n<li>Subcampos como DivType ahora tienen su propio campo separado, lo que facilita la integraci\u00f3n <\/li>\n<li>C\u00f3digos de motivo ampliados a tres caracteres para clasificar eventos con mayor precisi\u00f3n (por ejemplo, todos los dividendos comienzan con 01, diferenciando entre efectivo, en acciones o mixto)  <\/li>\n<\/ul>\n<h4>Elija los factores m\u00e1s adecuados para su an\u00e1lisis<\/h4>\n<p><span style=\"font-weight: 400;\">Gracias a la riqueza y profundidad del archivo, usted puede seleccionar el factor m\u00e1s apropiado seg\u00fan sus necesidades anal\u00edticas.<\/span><\/p>\n","protected":false},"featured_media":34154,"template":"","country":[1985,2108,2081,1936,2035,2013,1933,2106,2031,2087,2112,2113,2021,2022,1971,1897,2016,2017,1997,1991,1992,2027,1882,2039,1951,1952,1919,2025,2026,1896,1927,1928,2103,2086,2003,1964,1862,2036,1981,1982,1983,2057,1999,2085,1916,1917,2046,1961,2023,1923,1980,1957,1958,1868,1885,2079,1883,1884,2074,1908,1912,1978,1972,1977,2052,1942,2044,2045,1904,1905,2114,2020,2028,1956,2005,2070,1949,2072,2069,2018,1858,1879,1880,2012,1975,1944,1945,2065,2094,1860,1968,1993,1994,1861,2010,2002,2096,2097,2100,1925,1926,1955,2062,2056,1855,1854,1988,2090,2091,1909,2007,1935,1973,1974,1863,1875,2064,1876,1959,1960,1937,1938,2078,2077,2058,1996,2049,2000,1866,1970,1954,2092,2093,1965,1966,1891,1889,1890,1920,1921,1871,1872,1940,1870,1878,1877,1852,1853,2084,1930,2076,2009,2098,1864,2014,2015,2059,2115,2001,2109,1979,2073,2011,1987,1913,1886,1906,1934,2107,2040,2041,2019,1932,1856,2037,2038,2024,1900,2066,1888,1939,1857,2008,1901,1922,2050,2051,2053,2054,1892,1893,2048,2071,1915,1914,2060,2004,2075,1894,1895,1943,1989,1963,1929,2110,2111,1962,1873,1874,1881,2029,2030,1931,1924,2104,2105,1995,2102,1865,2006,1950,1869,1948,1867,2088,1941,2068,2089,1986,1918,1907,1903,1902,2095,1911,2101,2063,2067,2047,1910,1984,2043,2042,1990,2083,2082,2055,2033,2034,1898,1899,1976,1969,1887,1998,2032,1967,2061,1859,2099,2080,1953,1946,1947],"product_category":[3179,3178],"class_list":["post-35962","product","type-product","status-publish","has-post-thumbnail","hentry","product_category-precios","product_category-productos-y-servicios"],"acf":[],"yoast_head":"<!-- This site is optimized with the Yoast SEO Premium plugin v26.0 (Yoast SEO v26.0) - https:\/\/yoast.com\/wordpress\/plugins\/seo\/ -->\n<title>Factores de Ajuste | Datos detallados y automatizados para series hist\u00f3ricas precisas<\/title>\n<meta name=\"description\" content=\"Corrija precios hist\u00f3ricos con datos de factores de ajuste aplicables a eventos corporativos, con campos completos, automatizaci\u00f3n total y nueva versi\u00f3n con c\u00f3digos FIGI.\" \/>\n<meta name=\"robots\" content=\"index, follow, max-snippet:-1, max-image-preview:large, max-video-preview:-1\" \/>\n<link rel=\"canonical\" href=\"https:\/\/www.exchange-data.com\/es\/producto\/datos-de-los-factores-de-ajuste\/\" \/>\n<meta property=\"og:locale\" content=\"es_ES\" \/>\n<meta property=\"og:type\" content=\"article\" \/>\n<meta property=\"og:title\" content=\"Datos de los factores de ajuste\" \/>\n<meta property=\"og:description\" content=\"El principal uso de la fuente de datos de factores de ajuste es el ajuste a posteriori de los datos de precios por acci\u00f3n EOD (final del d\u00eda), de modo que las series de precios puedan representarse gr\u00e1ficamente con el efecto de cualquier acontecimiento (primas, derechos, consolidaci\u00f3n, etc.) incluido en los precios anteriores. Todas las series por acci\u00f3n, incluidos los precios, los beneficios por acci\u00f3n, los dividendos por acci\u00f3n, los activos por acci\u00f3n, el flujo de caja por acci\u00f3n, etc., deben ajustarse antes de poder extraer conclusiones significativas sobre tasas de crecimiento, tendencias, etc.\" \/>\n<meta property=\"og:url\" content=\"https:\/\/www.exchange-data.com\/es\/producto\/datos-de-los-factores-de-ajuste\/\" \/>\n<meta property=\"og:site_name\" content=\"Exchange Data International\" \/>\n<meta property=\"article:modified_time\" content=\"2025-10-08T11:19:25+00:00\" \/>\n<meta property=\"og:image\" content=\"https:\/\/www.exchange-data.com\/wp-content\/uploads\/2015\/09\/EDI-Post-Featured-Image-700x400-1.png\" \/>\n<meta name=\"twitter:card\" content=\"summary_large_image\" \/>\n<meta name=\"twitter:title\" content=\"Datos de los factores de ajuste\" \/>\n<meta name=\"twitter:description\" content=\"El principal uso de la fuente de datos de factores de ajuste es el ajuste a posteriori de los datos de precios por acci\u00f3n EOD (final del d\u00eda), de modo que las series de precios puedan representarse gr\u00e1ficamente con el efecto de cualquier acontecimiento (primas, derechos, consolidaci\u00f3n, etc.) incluido en los precios anteriores. Todas las series por acci\u00f3n, incluidos los precios, los beneficios por acci\u00f3n, los dividendos por acci\u00f3n, los activos por acci\u00f3n, el flujo de caja por acci\u00f3n, etc., deben ajustarse antes de poder extraer conclusiones significativas sobre tasas de crecimiento, tendencias, etc.\" \/>\n<meta name=\"twitter:image\" content=\"https:\/\/www.exchange-data.com\/wp-content\/uploads\/2015\/09\/EDI-Post-Featured-Image-700x400-1.png\" \/>\n<meta name=\"twitter:site\" content=\"@ExchangeData\" \/>\n<meta name=\"twitter:label1\" content=\"Tiempo de lectura\" \/>\n\t<meta name=\"twitter:data1\" content=\"2 minutos\" \/>\n<script type=\"application\/ld+json\" class=\"yoast-schema-graph\">{\"@context\":\"https:\/\/schema.org\",\"@graph\":[{\"@type\":\"WebPage\",\"@id\":\"https:\/\/www.exchange-data.com\/es\/producto\/datos-de-los-factores-de-ajuste\/\",\"url\":\"https:\/\/www.exchange-data.com\/es\/producto\/datos-de-los-factores-de-ajuste\/\",\"name\":\"Factores de Ajuste | Datos detallados y automatizados para series hist\u00f3ricas precisas\",\"isPartOf\":{\"@id\":\"https:\/\/www.exchange-data.com\/es\/#website\"},\"primaryImageOfPage\":{\"@id\":\"https:\/\/www.exchange-data.com\/es\/producto\/datos-de-los-factores-de-ajuste\/#primaryimage\"},\"image\":{\"@id\":\"https:\/\/www.exchange-data.com\/es\/producto\/datos-de-los-factores-de-ajuste\/#primaryimage\"},\"thumbnailUrl\":\"https:\/\/www.exchange-data.com\/wp-content\/uploads\/2015\/09\/EDI-Post-Featured-Image-700x400-1.png\",\"datePublished\":\"2019-03-30T19:38:38+00:00\",\"dateModified\":\"2025-10-08T11:19:25+00:00\",\"description\":\"Corrija precios hist\u00f3ricos con datos de factores de ajuste aplicables a eventos corporativos, con campos completos, automatizaci\u00f3n total y nueva versi\u00f3n con c\u00f3digos FIGI.\",\"breadcrumb\":{\"@id\":\"https:\/\/www.exchange-data.com\/es\/producto\/datos-de-los-factores-de-ajuste\/#breadcrumb\"},\"inLanguage\":\"es\",\"potentialAction\":[{\"@type\":\"ReadAction\",\"target\":[\"https:\/\/www.exchange-data.com\/es\/producto\/datos-de-los-factores-de-ajuste\/\"]}]},{\"@type\":\"ImageObject\",\"inLanguage\":\"es\",\"@id\":\"https:\/\/www.exchange-data.com\/es\/producto\/datos-de-los-factores-de-ajuste\/#primaryimage\",\"url\":\"https:\/\/www.exchange-data.com\/wp-content\/uploads\/2015\/09\/EDI-Post-Featured-Image-700x400-1.png\",\"contentUrl\":\"https:\/\/www.exchange-data.com\/wp-content\/uploads\/2015\/09\/EDI-Post-Featured-Image-700x400-1.png\",\"width\":700,\"height\":400,\"caption\":\"Exchange Data International\"},{\"@type\":\"BreadcrumbList\",\"@id\":\"https:\/\/www.exchange-data.com\/es\/producto\/datos-de-los-factores-de-ajuste\/#breadcrumb\",\"itemListElement\":[{\"@type\":\"ListItem\",\"position\":1,\"name\":\"Home\",\"item\":\"https:\/\/www.exchange-data.com\/es\/inicio\/\"},{\"@type\":\"ListItem\",\"position\":2,\"name\":\"Datos de Factores de Ajuste\"}]},{\"@type\":\"WebSite\",\"@id\":\"https:\/\/www.exchange-data.com\/es\/#website\",\"url\":\"https:\/\/www.exchange-data.com\/es\/\",\"name\":\"Exchange Data International\",\"description\":\"Doing data differently\",\"publisher\":{\"@id\":\"https:\/\/www.exchange-data.com\/es\/#organization\"},\"potentialAction\":[{\"@type\":\"SearchAction\",\"target\":{\"@type\":\"EntryPoint\",\"urlTemplate\":\"https:\/\/www.exchange-data.com\/es\/?s={search_term_string}\"},\"query-input\":{\"@type\":\"PropertyValueSpecification\",\"valueRequired\":true,\"valueName\":\"search_term_string\"}}],\"inLanguage\":\"es\"},{\"@type\":\"Organization\",\"@id\":\"https:\/\/www.exchange-data.com\/es\/#organization\",\"name\":\"Exchange Data International\",\"url\":\"https:\/\/www.exchange-data.com\/es\/\",\"logo\":{\"@type\":\"ImageObject\",\"inLanguage\":\"es\",\"@id\":\"https:\/\/www.exchange-data.com\/es\/#\/schema\/logo\/image\/\",\"url\":\"https:\/\/www.exchange-data.com\/wp-content\/uploads\/2019\/03\/logo3.png\",\"contentUrl\":\"https:\/\/www.exchange-data.com\/wp-content\/uploads\/2019\/03\/logo3.png\",\"width\":200,\"height\":80,\"caption\":\"Exchange Data International\"},\"image\":{\"@id\":\"https:\/\/www.exchange-data.com\/es\/#\/schema\/logo\/image\/\"},\"sameAs\":[\"https:\/\/x.com\/ExchangeData\",\"https:\/\/www.linkedin.com\/company\/exchange-data-international\/?viewAsMember=true\",\"https:\/\/www.youtube.com\/channel\/UC5D1OpUb22YZANRLD_Ktcgg?view_as=subscriber\"]}]}<\/script>\n<!-- \/ Yoast SEO Premium plugin. -->","yoast_head_json":{"title":"Factores de Ajuste | Datos detallados y automatizados para series hist\u00f3ricas precisas","description":"Corrija precios hist\u00f3ricos con datos de factores de ajuste aplicables a eventos corporativos, con campos completos, automatizaci\u00f3n total y nueva versi\u00f3n con c\u00f3digos FIGI.","robots":{"index":"index","follow":"follow","max-snippet":"max-snippet:-1","max-image-preview":"max-image-preview:large","max-video-preview":"max-video-preview:-1"},"canonical":"https:\/\/www.exchange-data.com\/es\/producto\/datos-de-los-factores-de-ajuste\/","og_locale":"es_ES","og_type":"article","og_title":"Datos de los factores de ajuste","og_description":"El principal uso de la fuente de datos de factores de ajuste es el ajuste a posteriori de los datos de precios por acci\u00f3n EOD (final del d\u00eda), de modo que las series de precios puedan representarse gr\u00e1ficamente con el efecto de cualquier acontecimiento (primas, derechos, consolidaci\u00f3n, etc.) incluido en los precios anteriores. Todas las series por acci\u00f3n, incluidos los precios, los beneficios por acci\u00f3n, los dividendos por acci\u00f3n, los activos por acci\u00f3n, el flujo de caja por acci\u00f3n, etc., deben ajustarse antes de poder extraer conclusiones significativas sobre tasas de crecimiento, tendencias, etc.","og_url":"https:\/\/www.exchange-data.com\/es\/producto\/datos-de-los-factores-de-ajuste\/","og_site_name":"Exchange Data International","article_modified_time":"2025-10-08T11:19:25+00:00","og_image":[{"url":"https:\/\/www.exchange-data.com\/wp-content\/uploads\/2015\/09\/EDI-Post-Featured-Image-700x400-1.png","type":"","width":"","height":""}],"twitter_card":"summary_large_image","twitter_title":"Datos de los factores de ajuste","twitter_description":"El principal uso de la fuente de datos de factores de ajuste es el ajuste a posteriori de los datos de precios por acci\u00f3n EOD (final del d\u00eda), de modo que las series de precios puedan representarse gr\u00e1ficamente con el efecto de cualquier acontecimiento (primas, derechos, consolidaci\u00f3n, etc.) incluido en los precios anteriores. Todas las series por acci\u00f3n, incluidos los precios, los beneficios por acci\u00f3n, los dividendos por acci\u00f3n, los activos por acci\u00f3n, el flujo de caja por acci\u00f3n, etc., deben ajustarse antes de poder extraer conclusiones significativas sobre tasas de crecimiento, tendencias, etc.","twitter_image":"https:\/\/www.exchange-data.com\/wp-content\/uploads\/2015\/09\/EDI-Post-Featured-Image-700x400-1.png","twitter_site":"@ExchangeData","twitter_misc":{"Tiempo de lectura":"2 minutos"},"schema":{"@context":"https:\/\/schema.org","@graph":[{"@type":"WebPage","@id":"https:\/\/www.exchange-data.com\/es\/producto\/datos-de-los-factores-de-ajuste\/","url":"https:\/\/www.exchange-data.com\/es\/producto\/datos-de-los-factores-de-ajuste\/","name":"Factores de Ajuste | Datos detallados y automatizados para series hist\u00f3ricas precisas","isPartOf":{"@id":"https:\/\/www.exchange-data.com\/es\/#website"},"primaryImageOfPage":{"@id":"https:\/\/www.exchange-data.com\/es\/producto\/datos-de-los-factores-de-ajuste\/#primaryimage"},"image":{"@id":"https:\/\/www.exchange-data.com\/es\/producto\/datos-de-los-factores-de-ajuste\/#primaryimage"},"thumbnailUrl":"https:\/\/www.exchange-data.com\/wp-content\/uploads\/2015\/09\/EDI-Post-Featured-Image-700x400-1.png","datePublished":"2019-03-30T19:38:38+00:00","dateModified":"2025-10-08T11:19:25+00:00","description":"Corrija precios hist\u00f3ricos con datos de factores de ajuste aplicables a eventos corporativos, con campos completos, automatizaci\u00f3n total y nueva versi\u00f3n con c\u00f3digos FIGI.","breadcrumb":{"@id":"https:\/\/www.exchange-data.com\/es\/producto\/datos-de-los-factores-de-ajuste\/#breadcrumb"},"inLanguage":"es","potentialAction":[{"@type":"ReadAction","target":["https:\/\/www.exchange-data.com\/es\/producto\/datos-de-los-factores-de-ajuste\/"]}]},{"@type":"ImageObject","inLanguage":"es","@id":"https:\/\/www.exchange-data.com\/es\/producto\/datos-de-los-factores-de-ajuste\/#primaryimage","url":"https:\/\/www.exchange-data.com\/wp-content\/uploads\/2015\/09\/EDI-Post-Featured-Image-700x400-1.png","contentUrl":"https:\/\/www.exchange-data.com\/wp-content\/uploads\/2015\/09\/EDI-Post-Featured-Image-700x400-1.png","width":700,"height":400,"caption":"Exchange Data International"},{"@type":"BreadcrumbList","@id":"https:\/\/www.exchange-data.com\/es\/producto\/datos-de-los-factores-de-ajuste\/#breadcrumb","itemListElement":[{"@type":"ListItem","position":1,"name":"Home","item":"https:\/\/www.exchange-data.com\/es\/inicio\/"},{"@type":"ListItem","position":2,"name":"Datos de Factores de Ajuste"}]},{"@type":"WebSite","@id":"https:\/\/www.exchange-data.com\/es\/#website","url":"https:\/\/www.exchange-data.com\/es\/","name":"Exchange Data International","description":"Doing data differently","publisher":{"@id":"https:\/\/www.exchange-data.com\/es\/#organization"},"potentialAction":[{"@type":"SearchAction","target":{"@type":"EntryPoint","urlTemplate":"https:\/\/www.exchange-data.com\/es\/?s={search_term_string}"},"query-input":{"@type":"PropertyValueSpecification","valueRequired":true,"valueName":"search_term_string"}}],"inLanguage":"es"},{"@type":"Organization","@id":"https:\/\/www.exchange-data.com\/es\/#organization","name":"Exchange Data International","url":"https:\/\/www.exchange-data.com\/es\/","logo":{"@type":"ImageObject","inLanguage":"es","@id":"https:\/\/www.exchange-data.com\/es\/#\/schema\/logo\/image\/","url":"https:\/\/www.exchange-data.com\/wp-content\/uploads\/2019\/03\/logo3.png","contentUrl":"https:\/\/www.exchange-data.com\/wp-content\/uploads\/2019\/03\/logo3.png","width":200,"height":80,"caption":"Exchange Data International"},"image":{"@id":"https:\/\/www.exchange-data.com\/es\/#\/schema\/logo\/image\/"},"sameAs":["https:\/\/x.com\/ExchangeData","https:\/\/www.linkedin.com\/company\/exchange-data-international\/?viewAsMember=true","https:\/\/www.youtube.com\/channel\/UC5D1OpUb22YZANRLD_Ktcgg?view_as=subscriber"]}]}},"_links":{"self":[{"href":"https:\/\/www.exchange-data.com\/es\/wp-json\/wp\/v2\/product\/35962","targetHints":{"allow":["GET"]}}],"collection":[{"href":"https:\/\/www.exchange-data.com\/es\/wp-json\/wp\/v2\/product"}],"about":[{"href":"https:\/\/www.exchange-data.com\/es\/wp-json\/wp\/v2\/types\/product"}],"wp:featuredmedia":[{"embeddable":true,"href":"https:\/\/www.exchange-data.com\/es\/wp-json\/wp\/v2\/media\/34154"}],"wp:attachment":[{"href":"https:\/\/www.exchange-data.com\/es\/wp-json\/wp\/v2\/media?parent=35962"}],"wp:term":[{"taxonomy":"country","embeddable":true,"href":"https:\/\/www.exchange-data.com\/es\/wp-json\/wp\/v2\/country?post=35962"},{"taxonomy":"product_category","embeddable":true,"href":"https:\/\/www.exchange-data.com\/es\/wp-json\/wp\/v2\/product_category?post=35962"}],"curies":[{"name":"wp","href":"https:\/\/api.w.org\/{rel}","templated":true}]}}