{"id":35964,"date":"2023-04-25T21:48:59","date_gmt":"2023-04-25T20:48:59","guid":{"rendered":"https:\/\/www.exchange-data.com\/product\/precios-de-las-inversiones-alternativas\/"},"modified":"2025-10-08T11:27:31","modified_gmt":"2025-10-08T10:27:31","slug":"precios-de-las-inversiones-alternativas","status":"publish","type":"product","link":"https:\/\/www.exchange-data.com\/es\/producto\/precios-de-las-inversiones-alternativas\/","title":{"rendered":"Precios de Inversiones Alternativas"},"content":{"rendered":"<p>&nbsp;<\/p>\n<h2>Todos sus precios de alternativos en un solo archivo<\/h2>\n<p>&nbsp;<\/p>\n<h3><small>Caracter\u00edsticas clave<\/small><\/h3>\n<ul>\n<li><span style=\"font-weight: 400;\">Archivo \u00fanico, homog\u00e9neo y consolidado<\/span><\/li>\n<li><span style=\"font-weight: 400;\">Actualizaci\u00f3n diaria<\/span><\/li>\n<li><span style=\"font-weight: 400;\">Acceso anticipado para reducir el desfase<\/span><\/li>\n<li><span style=\"font-weight: 400;\">Cobertura total, incluidas emisiones privadas<\/span><\/li>\n<li><span style=\"font-weight: 400;\">Historial de auditor\u00eda detallado<\/span><\/li>\n<li><span style=\"font-weight: 400;\">Seguimiento del cumplimiento con la norma FINRA 2231<\/span><\/li>\n<\/ul>\n<p><span style=\"font-weight: 400;\">Algunos activos alternativos apenas se negocian, o no lo hacen en absoluto. La valoraci\u00f3n de estos instrumentos requiere enfoques especializados, lo que puede implicar rastrear informes, revisar registros o contactar directamente con los gestores.  <\/span><\/p>\n<p><span style=\"font-weight: 400;\">EDI le entrega estos datos de forma m\u00e1s \u00e1gil y rentable que si los obtuviera por su cuenta.<\/span><\/p>\n<ul>\n<li>Experiencia en Precios: <span style=\"font-weight: 400;\">La valoraci\u00f3n es nuestro negocio principal, no una funci\u00f3n secundaria. Ofrecemos datos m\u00e1s r\u00e1pidos, precisos y confiables. <\/span><\/li>\n<li>Cobertura Total: <span style=\"font-weight: 400;\">Cobertura completa de activos alternativos, incluidas emisiones privadas, una ventaja que otros proveedores no ofrecen.<\/span><\/li>\n<li>Actualizaci\u00f3n Diaria: <span style=\"font-weight: 400;\">El archivo se actualiza todos los d\u00edas, para que reciba los cambios de precios tan pronto como nosotros.<\/span><\/li>\n<li>Acceso Anticipado: <span style=\"font-weight: 400;\">Reciba precios directamente de los emisores, hasta tres meses antes de que se publiquen en la SEC.<\/span><\/li>\n<li>Cumplimiento y Auditor\u00eda: <span style=\"font-weight: 400;\">Seguimiento continuo de la norma FINRA 2231, con notas explicativas y un historial de auditor\u00eda exhaustivo.<\/span><\/li>\n<\/ul>\n<h4>Datos Limpios y Confiables<\/h4>\n<p><span style=\"font-weight: 600;\">Algunos de los problemas m\u00e1s comunes<\/span><\/p>\n<ul>\n<li><span style=\"font-weight: 400;\">Valores duplicados (a menudo por cambios de nombre)<\/span><\/li>\n<li><span style=\"font-weight: 400;\">Valores inactivos<\/span><\/li>\n<li><span style=\"font-weight: 400;\">Precios desactualizados<\/span><\/li>\n<li><span style=\"font-weight: 400;\">Informaci\u00f3n incorrecta sobre cumplimiento regulatorio<\/span><\/li>\n<\/ul>\n<h5>Con nuestro archivo de valoraci\u00f3n de inversiones alternativas, puede tener la tranquilidad de que los datos son precisos, limpios, homog\u00e9neos y actualizados.<\/h5>\n<p>&nbsp;<\/p>\n<h6>Cobertura incluye:<\/h6>\n<ul>\n<li><span style=\"font-weight: 400;\">REIT no cotizados<\/span><\/li>\n<li><span style=\"font-weight: 400;\">DPPs<\/span><\/li>\n<li><span style=\"font-weight: 400;\">Sociedades Limitadas (LPs)<\/span><\/li>\n<li><span style=\"font-weight: 400;\">Capital Privado<\/span><\/li>\n<li><span style=\"font-weight: 400;\">Colocaciones Privadas<\/span><\/li>\n<li><span style=\"font-weight: 400;\">Sociedades de Responsabilidad Limitada (LLCs)<\/span><\/li>\n<li><span style=\"font-weight: 400;\">Acciones Preferentes<\/span><\/li>\n<li><span style=\"font-weight: 400;\">Fideicomisos<\/span><\/li>\n<li><span style=\"font-weight: 400;\">Fondos<\/span><\/li>\n<li><span style=\"font-weight: 400;\">Formulario D<\/span><\/li>\n<li><span style=\"font-weight: 400;\">Deuda privada<\/span><\/li>\n<li><span style=\"font-weight: 400;\">DSTs<\/span><\/li>\n<li><span style=\"font-weight: 400;\">Fideicomisos en Liquidaci\u00f3n<\/span><\/li>\n<li><span style=\"font-weight: 400;\">Valores no registrados<\/span><\/li>\n<li><span style=\"font-weight: 400;\">Swaps<\/span><\/li>\n<li><span style=\"font-weight: 400;\">Otros Activos Alternativos<\/span><\/li>\n<\/ul>\n","protected":false},"featured_media":0,"template":"","country":[],"product_category":[3179,3178],"class_list":["post-35964","product","type-product","status-publish","hentry","product_category-precios","product_category-productos-y-servicios","no-post-thumbnail"],"acf":[],"yoast_head":"<!-- This site is optimized with the Yoast SEO Premium plugin v26.0 (Yoast SEO v26.0) - https:\/\/yoast.com\/wordpress\/plugins\/seo\/ -->\n<title>Valoraci\u00f3n de Inversiones Alternativas | Datos precisos y actualizados en un solo archivo<\/title>\n<meta name=\"description\" content=\"Acceda a datos diarios y normalizados para la valoraci\u00f3n de inversiones alternativas, incluyendo emisiones privadas, con cobertura total y seguimiento de cumplimiento normativo.\" \/>\n<meta name=\"robots\" content=\"index, follow, max-snippet:-1, max-image-preview:large, max-video-preview:-1\" \/>\n<link rel=\"canonical\" href=\"https:\/\/www.exchange-data.com\/es\/producto\/precios-de-las-inversiones-alternativas\/\" \/>\n<meta property=\"og:locale\" content=\"es_ES\" \/>\n<meta property=\"og:type\" content=\"article\" \/>\n<meta property=\"og:title\" content=\"Precios de Inversiones Alternativas | Exchange Data International\" \/>\n<meta property=\"og:description\" content=\"Acceda a datos diarios y normalizados para la valoraci\u00f3n de inversiones alternativas, incluyendo emisiones privadas, con cobertura total y seguimiento de cumplimiento normativo.\" \/>\n<meta property=\"og:url\" content=\"https:\/\/www.exchange-data.com\/es\/producto\/precios-de-las-inversiones-alternativas\/\" \/>\n<meta property=\"og:site_name\" content=\"Exchange Data International\" \/>\n<meta property=\"article:modified_time\" content=\"2025-10-08T10:27:31+00:00\" \/>\n<meta name=\"twitter:card\" content=\"summary_large_image\" \/>\n<meta name=\"twitter:site\" content=\"@ExchangeData\" \/>\n<meta name=\"twitter:label1\" content=\"Tiempo de lectura\" \/>\n\t<meta name=\"twitter:data1\" content=\"1 minuto\" \/>\n<script type=\"application\/ld+json\" class=\"yoast-schema-graph\">{\"@context\":\"https:\/\/schema.org\",\"@graph\":[{\"@type\":\"WebPage\",\"@id\":\"https:\/\/www.exchange-data.com\/es\/producto\/precios-de-las-inversiones-alternativas\/\",\"url\":\"https:\/\/www.exchange-data.com\/es\/producto\/precios-de-las-inversiones-alternativas\/\",\"name\":\"Valoraci\u00f3n de Inversiones Alternativas | Datos precisos y actualizados en un solo archivo\",\"isPartOf\":{\"@id\":\"https:\/\/www.exchange-data.com\/es\/#website\"},\"datePublished\":\"2023-04-25T20:48:59+00:00\",\"dateModified\":\"2025-10-08T10:27:31+00:00\",\"description\":\"Acceda a datos diarios y normalizados para la valoraci\u00f3n de inversiones alternativas, incluyendo emisiones privadas, con cobertura total y seguimiento de cumplimiento normativo.\",\"breadcrumb\":{\"@id\":\"https:\/\/www.exchange-data.com\/es\/producto\/precios-de-las-inversiones-alternativas\/#breadcrumb\"},\"inLanguage\":\"es\",\"potentialAction\":[{\"@type\":\"ReadAction\",\"target\":[\"https:\/\/www.exchange-data.com\/es\/producto\/precios-de-las-inversiones-alternativas\/\"]}]},{\"@type\":\"BreadcrumbList\",\"@id\":\"https:\/\/www.exchange-data.com\/es\/producto\/precios-de-las-inversiones-alternativas\/#breadcrumb\",\"itemListElement\":[{\"@type\":\"ListItem\",\"position\":1,\"name\":\"Home\",\"item\":\"https:\/\/www.exchange-data.com\/es\/inicio\/\"},{\"@type\":\"ListItem\",\"position\":2,\"name\":\"Precios de Inversiones Alternativas\"}]},{\"@type\":\"WebSite\",\"@id\":\"https:\/\/www.exchange-data.com\/es\/#website\",\"url\":\"https:\/\/www.exchange-data.com\/es\/\",\"name\":\"Exchange Data International\",\"description\":\"Doing data differently\",\"publisher\":{\"@id\":\"https:\/\/www.exchange-data.com\/es\/#organization\"},\"potentialAction\":[{\"@type\":\"SearchAction\",\"target\":{\"@type\":\"EntryPoint\",\"urlTemplate\":\"https:\/\/www.exchange-data.com\/es\/?s={search_term_string}\"},\"query-input\":{\"@type\":\"PropertyValueSpecification\",\"valueRequired\":true,\"valueName\":\"search_term_string\"}}],\"inLanguage\":\"es\"},{\"@type\":\"Organization\",\"@id\":\"https:\/\/www.exchange-data.com\/es\/#organization\",\"name\":\"Exchange Data International\",\"url\":\"https:\/\/www.exchange-data.com\/es\/\",\"logo\":{\"@type\":\"ImageObject\",\"inLanguage\":\"es\",\"@id\":\"https:\/\/www.exchange-data.com\/es\/#\/schema\/logo\/image\/\",\"url\":\"https:\/\/www.exchange-data.com\/wp-content\/uploads\/2019\/03\/logo3.png\",\"contentUrl\":\"https:\/\/www.exchange-data.com\/wp-content\/uploads\/2019\/03\/logo3.png\",\"width\":200,\"height\":80,\"caption\":\"Exchange Data International\"},\"image\":{\"@id\":\"https:\/\/www.exchange-data.com\/es\/#\/schema\/logo\/image\/\"},\"sameAs\":[\"https:\/\/x.com\/ExchangeData\",\"https:\/\/www.linkedin.com\/company\/exchange-data-international\/?viewAsMember=true\",\"https:\/\/www.youtube.com\/channel\/UC5D1OpUb22YZANRLD_Ktcgg?view_as=subscriber\"]}]}<\/script>\n<!-- \/ Yoast SEO Premium plugin. -->","yoast_head_json":{"title":"Valoraci\u00f3n de Inversiones Alternativas | Datos precisos y actualizados en un solo archivo","description":"Acceda a datos diarios y normalizados para la valoraci\u00f3n de inversiones alternativas, incluyendo emisiones privadas, con cobertura total y seguimiento de cumplimiento normativo.","robots":{"index":"index","follow":"follow","max-snippet":"max-snippet:-1","max-image-preview":"max-image-preview:large","max-video-preview":"max-video-preview:-1"},"canonical":"https:\/\/www.exchange-data.com\/es\/producto\/precios-de-las-inversiones-alternativas\/","og_locale":"es_ES","og_type":"article","og_title":"Precios de Inversiones Alternativas | Exchange Data International","og_description":"Acceda a datos diarios y normalizados para la valoraci\u00f3n de inversiones alternativas, incluyendo emisiones privadas, con cobertura total y seguimiento de cumplimiento normativo.","og_url":"https:\/\/www.exchange-data.com\/es\/producto\/precios-de-las-inversiones-alternativas\/","og_site_name":"Exchange Data International","article_modified_time":"2025-10-08T10:27:31+00:00","twitter_card":"summary_large_image","twitter_site":"@ExchangeData","twitter_misc":{"Tiempo de lectura":"1 minuto"},"schema":{"@context":"https:\/\/schema.org","@graph":[{"@type":"WebPage","@id":"https:\/\/www.exchange-data.com\/es\/producto\/precios-de-las-inversiones-alternativas\/","url":"https:\/\/www.exchange-data.com\/es\/producto\/precios-de-las-inversiones-alternativas\/","name":"Valoraci\u00f3n de Inversiones Alternativas | Datos precisos y actualizados en un solo archivo","isPartOf":{"@id":"https:\/\/www.exchange-data.com\/es\/#website"},"datePublished":"2023-04-25T20:48:59+00:00","dateModified":"2025-10-08T10:27:31+00:00","description":"Acceda a datos diarios y normalizados para la valoraci\u00f3n de inversiones alternativas, incluyendo emisiones privadas, con cobertura total y seguimiento de cumplimiento normativo.","breadcrumb":{"@id":"https:\/\/www.exchange-data.com\/es\/producto\/precios-de-las-inversiones-alternativas\/#breadcrumb"},"inLanguage":"es","potentialAction":[{"@type":"ReadAction","target":["https:\/\/www.exchange-data.com\/es\/producto\/precios-de-las-inversiones-alternativas\/"]}]},{"@type":"BreadcrumbList","@id":"https:\/\/www.exchange-data.com\/es\/producto\/precios-de-las-inversiones-alternativas\/#breadcrumb","itemListElement":[{"@type":"ListItem","position":1,"name":"Home","item":"https:\/\/www.exchange-data.com\/es\/inicio\/"},{"@type":"ListItem","position":2,"name":"Precios de Inversiones Alternativas"}]},{"@type":"WebSite","@id":"https:\/\/www.exchange-data.com\/es\/#website","url":"https:\/\/www.exchange-data.com\/es\/","name":"Exchange Data International","description":"Doing data differently","publisher":{"@id":"https:\/\/www.exchange-data.com\/es\/#organization"},"potentialAction":[{"@type":"SearchAction","target":{"@type":"EntryPoint","urlTemplate":"https:\/\/www.exchange-data.com\/es\/?s={search_term_string}"},"query-input":{"@type":"PropertyValueSpecification","valueRequired":true,"valueName":"search_term_string"}}],"inLanguage":"es"},{"@type":"Organization","@id":"https:\/\/www.exchange-data.com\/es\/#organization","name":"Exchange Data International","url":"https:\/\/www.exchange-data.com\/es\/","logo":{"@type":"ImageObject","inLanguage":"es","@id":"https:\/\/www.exchange-data.com\/es\/#\/schema\/logo\/image\/","url":"https:\/\/www.exchange-data.com\/wp-content\/uploads\/2019\/03\/logo3.png","contentUrl":"https:\/\/www.exchange-data.com\/wp-content\/uploads\/2019\/03\/logo3.png","width":200,"height":80,"caption":"Exchange Data International"},"image":{"@id":"https:\/\/www.exchange-data.com\/es\/#\/schema\/logo\/image\/"},"sameAs":["https:\/\/x.com\/ExchangeData","https:\/\/www.linkedin.com\/company\/exchange-data-international\/?viewAsMember=true","https:\/\/www.youtube.com\/channel\/UC5D1OpUb22YZANRLD_Ktcgg?view_as=subscriber"]}]}},"_links":{"self":[{"href":"https:\/\/www.exchange-data.com\/es\/wp-json\/wp\/v2\/product\/35964","targetHints":{"allow":["GET"]}}],"collection":[{"href":"https:\/\/www.exchange-data.com\/es\/wp-json\/wp\/v2\/product"}],"about":[{"href":"https:\/\/www.exchange-data.com\/es\/wp-json\/wp\/v2\/types\/product"}],"wp:attachment":[{"href":"https:\/\/www.exchange-data.com\/es\/wp-json\/wp\/v2\/media?parent=35964"}],"wp:term":[{"taxonomy":"country","embeddable":true,"href":"https:\/\/www.exchange-data.com\/es\/wp-json\/wp\/v2\/country?post=35964"},{"taxonomy":"product_category","embeddable":true,"href":"https:\/\/www.exchange-data.com\/es\/wp-json\/wp\/v2\/product_category?post=35964"}],"curies":[{"name":"wp","href":"https:\/\/api.w.org\/{rel}","templated":true}]}}