{"id":35965,"date":"2018-11-01T10:48:46","date_gmt":"2018-11-01T09:48:46","guid":{"rendered":"https:\/\/www.exchange-data.com\/product\/ofertas-de-datos-a-medida\/"},"modified":"2025-10-03T13:30:20","modified_gmt":"2025-10-03T12:30:20","slug":"ofertas-de-datos-a-medida","status":"publish","type":"product","link":"https:\/\/www.exchange-data.com\/es\/producto\/ofertas-de-datos-a-medida\/","title":{"rendered":"Soluciones Personalizadas de Datos"},"content":{"rendered":"<p><span style=\"font-weight: 400;\">La mayor\u00eda de las bolsas de valores, gestoras de activos, intermediarios burs\u00e1tiles y proveedores de datos mantienen bases de datos de referencia que incluyen valores cotizados y no cotizados, como bonos OTC.<br \/>El mantenimiento y actualizaci\u00f3n de estas bases puede delegarse en EDI, que ofrece un servicio puntual, eficiente y a un costo significativamente menor que el de gestionarlo internamente. <\/span><\/p>\n<p><a href=\"https:\/\/stg-exchangedata-stg.kinsta.cloud\/product\/bespoke-data-offerings\/edi-it-short-overview\/\"><b>7 razones para elegir los servicios de Sucontrataci\u00f3n de Datos de EDI<\/b><\/a><\/p>\n<h4>Oportunidad de externalizaci\u00f3n<\/h4>\n<p><span style=\"font-weight: 400;\">\u00danase a las muchas empresas que ya conf\u00edan en EDI para tareas como:<\/span><\/p>\n<ul>\n<li><span style=\"font-weight: 400;\">Obtenci\u00f3n y depuraci\u00f3n de documentaci\u00f3n de renta fija para empresas de valoraci\u00f3n<\/span><\/li>\n<li><span style=\"font-weight: 400;\">Actualizaci\u00f3n peri\u00f3dica de resultados financieros (trimestrales, semestrales y anuales) de empresas cotizadas en Reino Unido, Australia, Nueva Zelanda y principales \u00edndices burs\u00e1tiles de Europa, EE.\u202fUU., Canad\u00e1 y Asia<\/span><\/li>\n<li><span style=\"font-weight: 400;\">Actualizaci\u00f3n remota en tiempo real de recomendaciones de analistas, cambios directivos, operaciones de ejecutivos, grandes accionistas y contenido financiero, aprovechando la diferencia horaria entre Reino Unido e India. <\/span><\/li>\n<li><span style=\"font-weight: 400;\">Transcripci\u00f3n estructurada de informes de inversores, fondos y servicios para valores CDO, MBS y ABS en plantillas personalizadas para aseguradoras.<\/span><\/li>\n<\/ul>\n<h4>Capacidades de delegaci\u00f3n en EDI<\/h4>\n<p><span style=\"font-weight: 400;\">Gracias a su profundo conocimiento t\u00e9cnico, comercial y sectorial, EDI puede: Analizar flujos de datos , Establecer controles de calidad , Ajustar modelos y software , Dividir tareas en procesos manejables , Asegurar actualizaciones \u00e1giles y precisas.<\/span><\/p>\n<p><span style=\"font-weight: 400;\">Gestionamos con eficacia la administraci\u00f3n de valores y datos de mercado, incluso a partir de grandes vol\u00famenes de documentos f\u00edsicos y fuentes heterog\u00e9neas.<\/span><\/p>\n<p><span style=\"font-weight: 400;\">En resumen, EDI entiende sus necesidades de informaci\u00f3n financiera y entrega exactamente lo que su organizaci\u00f3n requiere, con precisi\u00f3n, eficiencia y escalabilidad.<\/span><\/p>\n","protected":false},"featured_media":34154,"template":"","country":[],"product_category":[3180,3178],"class_list":["post-35965","product","type-product","status-publish","has-post-thumbnail","hentry","product_category-ofertas-especializadas-productos-y-servicios","product_category-productos-y-servicios"],"acf":[],"yoast_head":"<!-- This site is optimized with the Yoast SEO Premium plugin v26.0 (Yoast SEO v26.0) - https:\/\/yoast.com\/wordpress\/plugins\/seo\/ -->\n<title>Soluciones Personalizadas de Datos | Exchange Data International<\/title>\n<meta name=\"description\" content=\"Acceda a soluciones de datos personalizadas con las ofertas de datos a medida de Exchange Data International, adaptadas para satisfacer sus necesidades empresariales exclusivas.\" \/>\n<meta name=\"robots\" content=\"index, follow, max-snippet:-1, max-image-preview:large, max-video-preview:-1\" \/>\n<link rel=\"canonical\" href=\"https:\/\/www.exchange-data.com\/es\/producto\/ofertas-de-datos-a-medida\/\" \/>\n<meta property=\"og:locale\" content=\"es_ES\" \/>\n<meta property=\"og:type\" content=\"article\" \/>\n<meta property=\"og:title\" content=\"Servicio de externalizaci\u00f3n EDI\" \/>\n<meta property=\"og:description\" content=\"La mayor\u00eda de las bolsas, gestores de activos, agentes de bolsa y proveedores de datos mantienen una base de datos de referencia de valores cotizados y no cotizados, por ejemplo bonos OTC. La tarea de mantener y actualizar esta base de datos de referencia de valores puede subcontratarse a EDI, que prestar\u00e1 estos servicios de forma puntual y eficaz a un coste considerablemente inferior al que supondr\u00eda realizar el trabajo internamente.\" \/>\n<meta property=\"og:url\" content=\"https:\/\/www.exchange-data.com\/es\/producto\/ofertas-de-datos-a-medida\/\" \/>\n<meta property=\"og:site_name\" content=\"Exchange Data International\" \/>\n<meta property=\"article:modified_time\" content=\"2025-10-03T12:30:20+00:00\" \/>\n<meta property=\"og:image\" content=\"https:\/\/www.exchange-data.com\/wp-content\/uploads\/2015\/09\/EDI-Post-Featured-Image-700x400-1.png\" \/>\n<meta name=\"twitter:card\" content=\"summary_large_image\" \/>\n<meta name=\"twitter:title\" content=\"Servicio de externalizaci\u00f3n EDI\" \/>\n<meta name=\"twitter:description\" content=\"La mayor\u00eda de las bolsas, gestores de activos, agentes de bolsa y proveedores de datos mantienen una base de datos de referencia de valores cotizados y no cotizados, por ejemplo bonos OTC. La tarea de mantener y actualizar esta base de datos de referencia de valores puede subcontratarse a EDI, que prestar\u00e1 estos servicios de forma puntual y eficaz a un coste considerablemente inferior al que supondr\u00eda realizar el trabajo internamente.\" \/>\n<meta name=\"twitter:image\" content=\"https:\/\/www.exchange-data.com\/wp-content\/uploads\/2015\/09\/EDI-Post-Featured-Image-700x400-1.png\" \/>\n<meta name=\"twitter:site\" content=\"@ExchangeData\" \/>\n<meta name=\"twitter:label1\" content=\"Tiempo de lectura\" \/>\n\t<meta name=\"twitter:data1\" content=\"1 minuto\" \/>\n<script type=\"application\/ld+json\" class=\"yoast-schema-graph\">{\"@context\":\"https:\/\/schema.org\",\"@graph\":[{\"@type\":\"WebPage\",\"@id\":\"https:\/\/www.exchange-data.com\/es\/producto\/ofertas-de-datos-a-medida\/\",\"url\":\"https:\/\/www.exchange-data.com\/es\/producto\/ofertas-de-datos-a-medida\/\",\"name\":\"Soluciones Personalizadas de Datos | Exchange Data International\",\"isPartOf\":{\"@id\":\"https:\/\/www.exchange-data.com\/es\/#website\"},\"primaryImageOfPage\":{\"@id\":\"https:\/\/www.exchange-data.com\/es\/producto\/ofertas-de-datos-a-medida\/#primaryimage\"},\"image\":{\"@id\":\"https:\/\/www.exchange-data.com\/es\/producto\/ofertas-de-datos-a-medida\/#primaryimage\"},\"thumbnailUrl\":\"https:\/\/www.exchange-data.com\/wp-content\/uploads\/2015\/09\/EDI-Post-Featured-Image-700x400-1.png\",\"datePublished\":\"2018-11-01T09:48:46+00:00\",\"dateModified\":\"2025-10-03T12:30:20+00:00\",\"description\":\"Acceda a soluciones de datos personalizadas con las ofertas de datos a medida de Exchange Data International, adaptadas para satisfacer sus necesidades empresariales exclusivas.\",\"breadcrumb\":{\"@id\":\"https:\/\/www.exchange-data.com\/es\/producto\/ofertas-de-datos-a-medida\/#breadcrumb\"},\"inLanguage\":\"es\",\"potentialAction\":[{\"@type\":\"ReadAction\",\"target\":[\"https:\/\/www.exchange-data.com\/es\/producto\/ofertas-de-datos-a-medida\/\"]}]},{\"@type\":\"ImageObject\",\"inLanguage\":\"es\",\"@id\":\"https:\/\/www.exchange-data.com\/es\/producto\/ofertas-de-datos-a-medida\/#primaryimage\",\"url\":\"https:\/\/www.exchange-data.com\/wp-content\/uploads\/2015\/09\/EDI-Post-Featured-Image-700x400-1.png\",\"contentUrl\":\"https:\/\/www.exchange-data.com\/wp-content\/uploads\/2015\/09\/EDI-Post-Featured-Image-700x400-1.png\",\"width\":700,\"height\":400,\"caption\":\"Exchange Data International\"},{\"@type\":\"BreadcrumbList\",\"@id\":\"https:\/\/www.exchange-data.com\/es\/producto\/ofertas-de-datos-a-medida\/#breadcrumb\",\"itemListElement\":[{\"@type\":\"ListItem\",\"position\":1,\"name\":\"Home\",\"item\":\"https:\/\/www.exchange-data.com\/es\/inicio\/\"},{\"@type\":\"ListItem\",\"position\":2,\"name\":\"Soluciones Personalizadas de Datos\"}]},{\"@type\":\"WebSite\",\"@id\":\"https:\/\/www.exchange-data.com\/es\/#website\",\"url\":\"https:\/\/www.exchange-data.com\/es\/\",\"name\":\"Exchange Data International\",\"description\":\"Doing data differently\",\"publisher\":{\"@id\":\"https:\/\/www.exchange-data.com\/es\/#organization\"},\"potentialAction\":[{\"@type\":\"SearchAction\",\"target\":{\"@type\":\"EntryPoint\",\"urlTemplate\":\"https:\/\/www.exchange-data.com\/es\/?s={search_term_string}\"},\"query-input\":{\"@type\":\"PropertyValueSpecification\",\"valueRequired\":true,\"valueName\":\"search_term_string\"}}],\"inLanguage\":\"es\"},{\"@type\":\"Organization\",\"@id\":\"https:\/\/www.exchange-data.com\/es\/#organization\",\"name\":\"Exchange Data International\",\"url\":\"https:\/\/www.exchange-data.com\/es\/\",\"logo\":{\"@type\":\"ImageObject\",\"inLanguage\":\"es\",\"@id\":\"https:\/\/www.exchange-data.com\/es\/#\/schema\/logo\/image\/\",\"url\":\"https:\/\/www.exchange-data.com\/wp-content\/uploads\/2019\/03\/logo3.png\",\"contentUrl\":\"https:\/\/www.exchange-data.com\/wp-content\/uploads\/2019\/03\/logo3.png\",\"width\":200,\"height\":80,\"caption\":\"Exchange Data International\"},\"image\":{\"@id\":\"https:\/\/www.exchange-data.com\/es\/#\/schema\/logo\/image\/\"},\"sameAs\":[\"https:\/\/x.com\/ExchangeData\",\"https:\/\/www.linkedin.com\/company\/exchange-data-international\/?viewAsMember=true\",\"https:\/\/www.youtube.com\/channel\/UC5D1OpUb22YZANRLD_Ktcgg?view_as=subscriber\"]}]}<\/script>\n<!-- \/ Yoast SEO Premium plugin. -->","yoast_head_json":{"title":"Soluciones Personalizadas de Datos | Exchange Data International","description":"Acceda a soluciones de datos personalizadas con las ofertas de datos a medida de Exchange Data International, adaptadas para satisfacer sus necesidades empresariales exclusivas.","robots":{"index":"index","follow":"follow","max-snippet":"max-snippet:-1","max-image-preview":"max-image-preview:large","max-video-preview":"max-video-preview:-1"},"canonical":"https:\/\/www.exchange-data.com\/es\/producto\/ofertas-de-datos-a-medida\/","og_locale":"es_ES","og_type":"article","og_title":"Servicio de externalizaci\u00f3n EDI","og_description":"La mayor\u00eda de las bolsas, gestores de activos, agentes de bolsa y proveedores de datos mantienen una base de datos de referencia de valores cotizados y no cotizados, por ejemplo bonos OTC. La tarea de mantener y actualizar esta base de datos de referencia de valores puede subcontratarse a EDI, que prestar\u00e1 estos servicios de forma puntual y eficaz a un coste considerablemente inferior al que supondr\u00eda realizar el trabajo internamente.","og_url":"https:\/\/www.exchange-data.com\/es\/producto\/ofertas-de-datos-a-medida\/","og_site_name":"Exchange Data International","article_modified_time":"2025-10-03T12:30:20+00:00","og_image":[{"url":"https:\/\/www.exchange-data.com\/wp-content\/uploads\/2015\/09\/EDI-Post-Featured-Image-700x400-1.png","type":"","width":"","height":""}],"twitter_card":"summary_large_image","twitter_title":"Servicio de externalizaci\u00f3n EDI","twitter_description":"La mayor\u00eda de las bolsas, gestores de activos, agentes de bolsa y proveedores de datos mantienen una base de datos de referencia de valores cotizados y no cotizados, por ejemplo bonos OTC. La tarea de mantener y actualizar esta base de datos de referencia de valores puede subcontratarse a EDI, que prestar\u00e1 estos servicios de forma puntual y eficaz a un coste considerablemente inferior al que supondr\u00eda realizar el trabajo internamente.","twitter_image":"https:\/\/www.exchange-data.com\/wp-content\/uploads\/2015\/09\/EDI-Post-Featured-Image-700x400-1.png","twitter_site":"@ExchangeData","twitter_misc":{"Tiempo de lectura":"1 minuto"},"schema":{"@context":"https:\/\/schema.org","@graph":[{"@type":"WebPage","@id":"https:\/\/www.exchange-data.com\/es\/producto\/ofertas-de-datos-a-medida\/","url":"https:\/\/www.exchange-data.com\/es\/producto\/ofertas-de-datos-a-medida\/","name":"Soluciones Personalizadas de Datos | Exchange Data International","isPartOf":{"@id":"https:\/\/www.exchange-data.com\/es\/#website"},"primaryImageOfPage":{"@id":"https:\/\/www.exchange-data.com\/es\/producto\/ofertas-de-datos-a-medida\/#primaryimage"},"image":{"@id":"https:\/\/www.exchange-data.com\/es\/producto\/ofertas-de-datos-a-medida\/#primaryimage"},"thumbnailUrl":"https:\/\/www.exchange-data.com\/wp-content\/uploads\/2015\/09\/EDI-Post-Featured-Image-700x400-1.png","datePublished":"2018-11-01T09:48:46+00:00","dateModified":"2025-10-03T12:30:20+00:00","description":"Acceda a soluciones de datos personalizadas con las ofertas de datos a medida de Exchange Data International, adaptadas para satisfacer sus necesidades empresariales exclusivas.","breadcrumb":{"@id":"https:\/\/www.exchange-data.com\/es\/producto\/ofertas-de-datos-a-medida\/#breadcrumb"},"inLanguage":"es","potentialAction":[{"@type":"ReadAction","target":["https:\/\/www.exchange-data.com\/es\/producto\/ofertas-de-datos-a-medida\/"]}]},{"@type":"ImageObject","inLanguage":"es","@id":"https:\/\/www.exchange-data.com\/es\/producto\/ofertas-de-datos-a-medida\/#primaryimage","url":"https:\/\/www.exchange-data.com\/wp-content\/uploads\/2015\/09\/EDI-Post-Featured-Image-700x400-1.png","contentUrl":"https:\/\/www.exchange-data.com\/wp-content\/uploads\/2015\/09\/EDI-Post-Featured-Image-700x400-1.png","width":700,"height":400,"caption":"Exchange Data International"},{"@type":"BreadcrumbList","@id":"https:\/\/www.exchange-data.com\/es\/producto\/ofertas-de-datos-a-medida\/#breadcrumb","itemListElement":[{"@type":"ListItem","position":1,"name":"Home","item":"https:\/\/www.exchange-data.com\/es\/inicio\/"},{"@type":"ListItem","position":2,"name":"Soluciones Personalizadas de Datos"}]},{"@type":"WebSite","@id":"https:\/\/www.exchange-data.com\/es\/#website","url":"https:\/\/www.exchange-data.com\/es\/","name":"Exchange Data International","description":"Doing data differently","publisher":{"@id":"https:\/\/www.exchange-data.com\/es\/#organization"},"potentialAction":[{"@type":"SearchAction","target":{"@type":"EntryPoint","urlTemplate":"https:\/\/www.exchange-data.com\/es\/?s={search_term_string}"},"query-input":{"@type":"PropertyValueSpecification","valueRequired":true,"valueName":"search_term_string"}}],"inLanguage":"es"},{"@type":"Organization","@id":"https:\/\/www.exchange-data.com\/es\/#organization","name":"Exchange Data International","url":"https:\/\/www.exchange-data.com\/es\/","logo":{"@type":"ImageObject","inLanguage":"es","@id":"https:\/\/www.exchange-data.com\/es\/#\/schema\/logo\/image\/","url":"https:\/\/www.exchange-data.com\/wp-content\/uploads\/2019\/03\/logo3.png","contentUrl":"https:\/\/www.exchange-data.com\/wp-content\/uploads\/2019\/03\/logo3.png","width":200,"height":80,"caption":"Exchange Data International"},"image":{"@id":"https:\/\/www.exchange-data.com\/es\/#\/schema\/logo\/image\/"},"sameAs":["https:\/\/x.com\/ExchangeData","https:\/\/www.linkedin.com\/company\/exchange-data-international\/?viewAsMember=true","https:\/\/www.youtube.com\/channel\/UC5D1OpUb22YZANRLD_Ktcgg?view_as=subscriber"]}]}},"_links":{"self":[{"href":"https:\/\/www.exchange-data.com\/es\/wp-json\/wp\/v2\/product\/35965","targetHints":{"allow":["GET"]}}],"collection":[{"href":"https:\/\/www.exchange-data.com\/es\/wp-json\/wp\/v2\/product"}],"about":[{"href":"https:\/\/www.exchange-data.com\/es\/wp-json\/wp\/v2\/types\/product"}],"wp:featuredmedia":[{"embeddable":true,"href":"https:\/\/www.exchange-data.com\/es\/wp-json\/wp\/v2\/media\/34154"}],"wp:attachment":[{"href":"https:\/\/www.exchange-data.com\/es\/wp-json\/wp\/v2\/media?parent=35965"}],"wp:term":[{"taxonomy":"country","embeddable":true,"href":"https:\/\/www.exchange-data.com\/es\/wp-json\/wp\/v2\/country?post=35965"},{"taxonomy":"product_category","embeddable":true,"href":"https:\/\/www.exchange-data.com\/es\/wp-json\/wp\/v2\/product_category?post=35965"}],"curies":[{"name":"wp","href":"https:\/\/api.w.org\/{rel}","templated":true}]}}