{"id":35966,"date":"2022-01-25T11:34:43","date_gmt":"2022-01-25T10:34:43","guid":{"rendered":"https:\/\/www.exchange-data.com\/product\/precios-de-cierre-de-los-bonos\/"},"modified":"2025-10-08T06:10:23","modified_gmt":"2025-10-08T05:10:23","slug":"precios-de-cierre-de-los-bonos","status":"publish","type":"product","link":"https:\/\/www.exchange-data.com\/es\/producto\/precios-de-cierre-de-los-bonos\/","title":{"rendered":"Precios de Cierre de Bonos"},"content":{"rendered":"<p><span style=\"font-weight: 400;\">El precio de cierre representa la valoraci\u00f3n m\u00e1s reciente y estandarizada de un instrumento financiero antes del inicio de la siguiente jornada de negociaci\u00f3n. Estos datos son esenciales en toda la industria financiera para: Valoraci\u00f3n de carteras, C\u00e1lculo de \u00edndices, An\u00e1lisis t\u00e9cnico, Comparaci\u00f3n con \u00edndices de referencia. <\/span><\/p>\n<p><span style=\"font-weight: 400;\">Con el servicio Worldwide End of Day Pricing de EDI, bancos, br\u00f3kers y casas de bolsa acceden a precios de cierre de bonos provenientes de 106 bolsas de valores a nivel global, todo desde una \u00fanica fuente confiable.<br \/>Los campos disponibles incluyen: C\u00f3digo local o s\u00edmbolo burs\u00e1til, ISIN, Divisa, Fecha del precio, Precio de apertura, m\u00e1ximo, m\u00ednimo y cierre, Precios de compra y venta, Volumen negociado, Precio medio (Mid Price) en el caso de la Bolsa de Londres. <\/span><\/p>\n<p><span style=\"font-weight: 400;\">La fuente de precios de cierre de bonos est\u00e1 compuesta por un conjunto de archivos diarios de precios por bolsa para las regiones EMEA (Europa, Oriente Medio y \u00c1frica), Asia\/Pac\u00edfico y Am\u00e9rica. Dado el alto volumen de datos generados durante el d\u00eda, EDI procesa y publica los archivos de cada mercado en cuanto est\u00e1n disponibles. Adem\u00e1s, los usuarios pueden consultar en cualquier momento los datos de los \u00faltimos 10 d\u00edas a trav\u00e9s de una plataforma web con navegador.  <\/span><\/p>\n<p><span style=\"font-weight: 400;\">Gracias al servicio <a href=\"https:\/\/www.exchange-data.com\/es\/producto\/datos-de-precios-al-final-del-dia\/\">Worldwide End of Day Pricing<\/a>, las entidades financieras acceden de forma \u00e1gil a datos precisos de precios de cierre, lo que les permite: Valorar posiciones a precios de mercado, Liquidar operaciones con eficiencia, Integrar esta informaci\u00f3n en sus sitios web y soluciones de terceros de forma rentable y flexible. <\/span><\/p>\n","protected":false},"featured_media":0,"template":"","country":[],"product_category":[3181,3179,3178],"class_list":["post-35966","product","type-product","status-publish","hentry","product_category-datos-sobre-renta-fija","product_category-precios","product_category-productos-y-servicios","no-post-thumbnail"],"acf":[],"yoast_head":"<!-- This site is optimized with the Yoast SEO Premium plugin v26.0 (Yoast SEO v26.0) - https:\/\/yoast.com\/wordpress\/plugins\/seo\/ -->\n<title>Precios de Cierre de Bonos | Datos diarios globales para valoraci\u00f3n y liquidaci\u00f3n<\/title>\n<meta name=\"description\" content=\"Acceda a precios de cierre de bonos de 106 bolsas globales para valoraci\u00f3n de carteras, an\u00e1lisis t\u00e9cnico y c\u00e1lculo de \u00edndices con datos estandarizados y actualizados.\" \/>\n<meta name=\"robots\" content=\"index, follow, max-snippet:-1, max-image-preview:large, max-video-preview:-1\" \/>\n<link rel=\"canonical\" href=\"https:\/\/www.exchange-data.com\/es\/producto\/precios-de-cierre-de-los-bonos\/\" \/>\n<meta property=\"og:locale\" content=\"es_ES\" \/>\n<meta property=\"og:type\" content=\"article\" \/>\n<meta property=\"og:title\" content=\"Precios de Cierre de Bonos | Exchange Data International\" \/>\n<meta property=\"og:description\" content=\"Acceda a precios de cierre de bonos de 106 bolsas globales para valoraci\u00f3n de carteras, an\u00e1lisis t\u00e9cnico y c\u00e1lculo de \u00edndices con datos estandarizados y actualizados.\" \/>\n<meta property=\"og:url\" content=\"https:\/\/www.exchange-data.com\/es\/producto\/precios-de-cierre-de-los-bonos\/\" \/>\n<meta property=\"og:site_name\" content=\"Exchange Data International\" \/>\n<meta property=\"article:modified_time\" content=\"2025-10-08T05:10:23+00:00\" \/>\n<meta name=\"twitter:card\" content=\"summary_large_image\" \/>\n<meta name=\"twitter:site\" content=\"@ExchangeData\" \/>\n<meta name=\"twitter:label1\" content=\"Tiempo de lectura\" \/>\n\t<meta name=\"twitter:data1\" content=\"2 minutos\" \/>\n<script type=\"application\/ld+json\" class=\"yoast-schema-graph\">{\"@context\":\"https:\/\/schema.org\",\"@graph\":[{\"@type\":\"WebPage\",\"@id\":\"https:\/\/www.exchange-data.com\/es\/producto\/precios-de-cierre-de-los-bonos\/\",\"url\":\"https:\/\/www.exchange-data.com\/es\/producto\/precios-de-cierre-de-los-bonos\/\",\"name\":\"Precios de Cierre de Bonos | Datos diarios globales para valoraci\u00f3n y liquidaci\u00f3n\",\"isPartOf\":{\"@id\":\"https:\/\/www.exchange-data.com\/es\/#website\"},\"datePublished\":\"2022-01-25T10:34:43+00:00\",\"dateModified\":\"2025-10-08T05:10:23+00:00\",\"description\":\"Acceda a precios de cierre de bonos de 106 bolsas globales para valoraci\u00f3n de carteras, an\u00e1lisis t\u00e9cnico y c\u00e1lculo de \u00edndices con datos estandarizados y actualizados.\",\"breadcrumb\":{\"@id\":\"https:\/\/www.exchange-data.com\/es\/producto\/precios-de-cierre-de-los-bonos\/#breadcrumb\"},\"inLanguage\":\"es\",\"potentialAction\":[{\"@type\":\"ReadAction\",\"target\":[\"https:\/\/www.exchange-data.com\/es\/producto\/precios-de-cierre-de-los-bonos\/\"]}]},{\"@type\":\"BreadcrumbList\",\"@id\":\"https:\/\/www.exchange-data.com\/es\/producto\/precios-de-cierre-de-los-bonos\/#breadcrumb\",\"itemListElement\":[{\"@type\":\"ListItem\",\"position\":1,\"name\":\"Home\",\"item\":\"https:\/\/www.exchange-data.com\/es\/inicio\/\"},{\"@type\":\"ListItem\",\"position\":2,\"name\":\"Precios de Cierre de Bonos\"}]},{\"@type\":\"WebSite\",\"@id\":\"https:\/\/www.exchange-data.com\/es\/#website\",\"url\":\"https:\/\/www.exchange-data.com\/es\/\",\"name\":\"Exchange Data International\",\"description\":\"Doing data differently\",\"publisher\":{\"@id\":\"https:\/\/www.exchange-data.com\/es\/#organization\"},\"potentialAction\":[{\"@type\":\"SearchAction\",\"target\":{\"@type\":\"EntryPoint\",\"urlTemplate\":\"https:\/\/www.exchange-data.com\/es\/?s={search_term_string}\"},\"query-input\":{\"@type\":\"PropertyValueSpecification\",\"valueRequired\":true,\"valueName\":\"search_term_string\"}}],\"inLanguage\":\"es\"},{\"@type\":\"Organization\",\"@id\":\"https:\/\/www.exchange-data.com\/es\/#organization\",\"name\":\"Exchange Data International\",\"url\":\"https:\/\/www.exchange-data.com\/es\/\",\"logo\":{\"@type\":\"ImageObject\",\"inLanguage\":\"es\",\"@id\":\"https:\/\/www.exchange-data.com\/es\/#\/schema\/logo\/image\/\",\"url\":\"https:\/\/www.exchange-data.com\/wp-content\/uploads\/2019\/03\/logo3.png\",\"contentUrl\":\"https:\/\/www.exchange-data.com\/wp-content\/uploads\/2019\/03\/logo3.png\",\"width\":200,\"height\":80,\"caption\":\"Exchange Data International\"},\"image\":{\"@id\":\"https:\/\/www.exchange-data.com\/es\/#\/schema\/logo\/image\/\"},\"sameAs\":[\"https:\/\/x.com\/ExchangeData\",\"https:\/\/www.linkedin.com\/company\/exchange-data-international\/?viewAsMember=true\",\"https:\/\/www.youtube.com\/channel\/UC5D1OpUb22YZANRLD_Ktcgg?view_as=subscriber\"]}]}<\/script>\n<!-- \/ Yoast SEO Premium plugin. -->","yoast_head_json":{"title":"Precios de Cierre de Bonos | Datos diarios globales para valoraci\u00f3n y liquidaci\u00f3n","description":"Acceda a precios de cierre de bonos de 106 bolsas globales para valoraci\u00f3n de carteras, an\u00e1lisis t\u00e9cnico y c\u00e1lculo de \u00edndices con datos estandarizados y actualizados.","robots":{"index":"index","follow":"follow","max-snippet":"max-snippet:-1","max-image-preview":"max-image-preview:large","max-video-preview":"max-video-preview:-1"},"canonical":"https:\/\/www.exchange-data.com\/es\/producto\/precios-de-cierre-de-los-bonos\/","og_locale":"es_ES","og_type":"article","og_title":"Precios de Cierre de Bonos | Exchange Data International","og_description":"Acceda a precios de cierre de bonos de 106 bolsas globales para valoraci\u00f3n de carteras, an\u00e1lisis t\u00e9cnico y c\u00e1lculo de \u00edndices con datos estandarizados y actualizados.","og_url":"https:\/\/www.exchange-data.com\/es\/producto\/precios-de-cierre-de-los-bonos\/","og_site_name":"Exchange Data International","article_modified_time":"2025-10-08T05:10:23+00:00","twitter_card":"summary_large_image","twitter_site":"@ExchangeData","twitter_misc":{"Tiempo de lectura":"2 minutos"},"schema":{"@context":"https:\/\/schema.org","@graph":[{"@type":"WebPage","@id":"https:\/\/www.exchange-data.com\/es\/producto\/precios-de-cierre-de-los-bonos\/","url":"https:\/\/www.exchange-data.com\/es\/producto\/precios-de-cierre-de-los-bonos\/","name":"Precios de Cierre de Bonos | Datos diarios globales para valoraci\u00f3n y liquidaci\u00f3n","isPartOf":{"@id":"https:\/\/www.exchange-data.com\/es\/#website"},"datePublished":"2022-01-25T10:34:43+00:00","dateModified":"2025-10-08T05:10:23+00:00","description":"Acceda a precios de cierre de bonos de 106 bolsas globales para valoraci\u00f3n de carteras, an\u00e1lisis t\u00e9cnico y c\u00e1lculo de \u00edndices con datos estandarizados y actualizados.","breadcrumb":{"@id":"https:\/\/www.exchange-data.com\/es\/producto\/precios-de-cierre-de-los-bonos\/#breadcrumb"},"inLanguage":"es","potentialAction":[{"@type":"ReadAction","target":["https:\/\/www.exchange-data.com\/es\/producto\/precios-de-cierre-de-los-bonos\/"]}]},{"@type":"BreadcrumbList","@id":"https:\/\/www.exchange-data.com\/es\/producto\/precios-de-cierre-de-los-bonos\/#breadcrumb","itemListElement":[{"@type":"ListItem","position":1,"name":"Home","item":"https:\/\/www.exchange-data.com\/es\/inicio\/"},{"@type":"ListItem","position":2,"name":"Precios de Cierre de Bonos"}]},{"@type":"WebSite","@id":"https:\/\/www.exchange-data.com\/es\/#website","url":"https:\/\/www.exchange-data.com\/es\/","name":"Exchange Data International","description":"Doing data differently","publisher":{"@id":"https:\/\/www.exchange-data.com\/es\/#organization"},"potentialAction":[{"@type":"SearchAction","target":{"@type":"EntryPoint","urlTemplate":"https:\/\/www.exchange-data.com\/es\/?s={search_term_string}"},"query-input":{"@type":"PropertyValueSpecification","valueRequired":true,"valueName":"search_term_string"}}],"inLanguage":"es"},{"@type":"Organization","@id":"https:\/\/www.exchange-data.com\/es\/#organization","name":"Exchange Data International","url":"https:\/\/www.exchange-data.com\/es\/","logo":{"@type":"ImageObject","inLanguage":"es","@id":"https:\/\/www.exchange-data.com\/es\/#\/schema\/logo\/image\/","url":"https:\/\/www.exchange-data.com\/wp-content\/uploads\/2019\/03\/logo3.png","contentUrl":"https:\/\/www.exchange-data.com\/wp-content\/uploads\/2019\/03\/logo3.png","width":200,"height":80,"caption":"Exchange Data International"},"image":{"@id":"https:\/\/www.exchange-data.com\/es\/#\/schema\/logo\/image\/"},"sameAs":["https:\/\/x.com\/ExchangeData","https:\/\/www.linkedin.com\/company\/exchange-data-international\/?viewAsMember=true","https:\/\/www.youtube.com\/channel\/UC5D1OpUb22YZANRLD_Ktcgg?view_as=subscriber"]}]}},"_links":{"self":[{"href":"https:\/\/www.exchange-data.com\/es\/wp-json\/wp\/v2\/product\/35966","targetHints":{"allow":["GET"]}}],"collection":[{"href":"https:\/\/www.exchange-data.com\/es\/wp-json\/wp\/v2\/product"}],"about":[{"href":"https:\/\/www.exchange-data.com\/es\/wp-json\/wp\/v2\/types\/product"}],"wp:attachment":[{"href":"https:\/\/www.exchange-data.com\/es\/wp-json\/wp\/v2\/media?parent=35966"}],"wp:term":[{"taxonomy":"country","embeddable":true,"href":"https:\/\/www.exchange-data.com\/es\/wp-json\/wp\/v2\/country?post=35966"},{"taxonomy":"product_category","embeddable":true,"href":"https:\/\/www.exchange-data.com\/es\/wp-json\/wp\/v2\/product_category?post=35966"}],"curies":[{"name":"wp","href":"https:\/\/api.w.org\/{rel}","templated":true}]}}