{"id":35968,"date":"2020-10-13T16:23:02","date_gmt":"2020-10-13T15:23:02","guid":{"rendered":"https:\/\/www.exchange-data.com\/product\/transcripciones-de-las-convocatorias-de-las-empresas-cotizadas-en-china-a\/"},"modified":"2025-10-09T13:01:53","modified_gmt":"2025-10-09T12:01:53","slug":"transcripciones-de-las-convocatorias-de-las-empresas-cotizadas-en-china-a","status":"publish","type":"product","link":"https:\/\/www.exchange-data.com\/es\/producto\/transcripciones-de-las-convocatorias-de-las-empresas-cotizadas-en-china-a\/","title":{"rendered":"Transcripciones de Utilidades (Earning Calls) para Empresas de China A<br>"},"content":{"rendered":"<p><span style=\"font-weight: 400;\">China es la segunda econom\u00eda m\u00e1s grande del mundo, y su mercado burs\u00e1til ocupa el segundo lugar global en capitalizaci\u00f3n.<\/span><\/p>\n<p><span style=\"font-weight: 400;\">Este conjunto de datos ofrece cobertura completa de las transcripciones de llamadas de resultados de empresas listadas en China A, con informaci\u00f3n disponible desde enero de 2016. El servicio est\u00e1 dise\u00f1ado para todo tipo de inversores, incluyendo: Fondos long-only, Fondos propietarios, Fondos cuantitativos, Participantes del buy-side y sell-side.<\/span><\/p>\n<p><span style=\"font-weight: 400;\">Los datos presentan un alto nivel de detalle, incluyendo: Ticker de acciones, Tipo de dato, Marca de tiempo, Participantes y ubicaci\u00f3n, Clasificaci\u00f3n del contenido: declaraci\u00f3n, pregunta o respuest. <\/span><\/p>\n<h2>\u00bfC\u00f3mo puede ayudarle este archivo de datos?<br \/><\/h2>\n<p><span style=\"font-weight: 400;\">Los datos no estructurados \u2014como texto, noticias, informes y conference calls\u2014 representan entre el 80\u202f% y el 90\u202f% de la informaci\u00f3n empresarial potencialmente \u00fatil. Tradicionalmente han sido subutilizados por su complejidad y coste de procesamiento. <\/span><\/p>\n<p><span style=\"font-weight: 400;\">Orbit Financial Technology libera el valor de estos datos mediante soluciones que permiten:<br \/>Procesamiento sistem\u00e1tico de informaci\u00f3n no estructurada, Generaci\u00f3n de ideas de trading e indicadores en tiempo real, Enriquecimiento de modelos avanzados como el Pron\u00f3stico de Dividendos, gracias al an\u00e1lisis de contenido econ\u00f3mico y corporativo. <\/span><\/p>\n<h3>Contenido Incluido<\/h3>\n<ol>\n<li><span style=\"font-weight: 400;\">Transcripciones de llamadas de resultados<\/span><\/li>\n<li><span style=\"font-weight: 400;\">Revelaciones p\u00fablicas en investigaciones \u2018onsite\u2019 de br\u00f3kers<\/span><\/li>\n<li><span style=\"font-weight: 400;\">Respuestas oficiales de ejecutivos en plataformas en l\u00ednea<\/span><\/li>\n<\/ol>\n","protected":false},"featured_media":34154,"template":"","country":[1923],"product_category":[3182,3178],"class_list":["post-35968","product","type-product","status-publish","has-post-thumbnail","hentry","product_category-acciones-corporativas","product_category-productos-y-servicios"],"acf":[],"yoast_head":"<!-- This site is optimized with the Yoast SEO Premium plugin v26.0 (Yoast SEO v26.0) - https:\/\/yoast.com\/wordpress\/plugins\/seo\/ -->\n<title>Pron\u00f3stico de Dividendos | Transcripciones de llamadas de resultados de empresas chinas<\/title>\n<meta name=\"description\" content=\"Acceda a transcripciones biling\u00fces (chino e ingl\u00e9s) de earnings calls de empresas chinas desde 2016. Orbit procesa datos no estructurados para generar ideas y modelos como el pron\u00f3stico de dividendos.\" \/>\n<meta name=\"robots\" content=\"index, follow, max-snippet:-1, max-image-preview:large, max-video-preview:-1\" \/>\n<link rel=\"canonical\" href=\"https:\/\/www.exchange-data.com\/es\/producto\/transcripciones-de-las-convocatorias-de-las-empresas-cotizadas-en-china-a\/\" \/>\n<meta property=\"og:locale\" content=\"es_ES\" \/>\n<meta property=\"og:type\" content=\"article\" \/>\n<meta property=\"og:title\" content=\"Transcripciones de las convocatorias de las empresas cotizadas en China A\" \/>\n<meta property=\"og:description\" content=\"Este conjunto de datos se ha creado en colaboraci\u00f3n con Orbit Financial Technology. Orbit Financial Technology est\u00e1 especializada en el procesamiento de grandes vol\u00famenes de datos no estructurados con tecnolog\u00edas avanzadas de big data, procesamiento del lenguaje natural y aprendizaje autom\u00e1tico para el sector de los servicios financieros. China es la segunda mayor econom\u00eda del mundo, y su capitalizaci\u00f3n burs\u00e1til tambi\u00e9n se sit\u00faa justo al lado de la de Estados Unidos. El conjunto de datos de las transcripciones de las convocatorias de beneficios ofrece una cobertura completa de las empresas chinas que cotizan en bolsa, con datos retrospectivos hasta enero de 2016, y es adecuado para todo tipo de inversores, desde long-only, fondos propios y cuantitativos, hasta buy-side y sell-side. Existe un alto grado de granularidad de los atributos de los datos, que incluyen el ticker de la acci\u00f3n, el tipo de datos, la marca de tiempo, los asistentes y la ubicaci\u00f3n. Los contenidos se clasifican como declaraci\u00f3n\/pregunta\/respuesta.\" \/>\n<meta property=\"og:url\" content=\"https:\/\/www.exchange-data.com\/es\/producto\/transcripciones-de-las-convocatorias-de-las-empresas-cotizadas-en-china-a\/\" \/>\n<meta property=\"og:site_name\" content=\"Exchange Data International\" \/>\n<meta property=\"article:modified_time\" content=\"2025-10-09T12:01:53+00:00\" \/>\n<meta property=\"og:image\" content=\"https:\/\/www.exchange-data.com\/wp-content\/uploads\/2015\/09\/EDI-Post-Featured-Image-700x400-1.png\" \/>\n<meta name=\"twitter:card\" content=\"summary_large_image\" \/>\n<meta name=\"twitter:title\" content=\"Transcripciones de las convocatorias de las empresas cotizadas en China A\" \/>\n<meta name=\"twitter:description\" content=\"Este conjunto de datos se ha creado en colaboraci\u00f3n con Orbit Financial Technology. Orbit Financial Technology est\u00e1 especializada en el procesamiento de grandes vol\u00famenes de datos no estructurados con tecnolog\u00edas avanzadas de big data, procesamiento del lenguaje natural y aprendizaje autom\u00e1tico para el sector de los servicios financieros. China es la segunda mayor econom\u00eda del mundo, y su capitalizaci\u00f3n burs\u00e1til tambi\u00e9n se sit\u00faa justo al lado de la de Estados Unidos. El conjunto de datos de las transcripciones de las convocatorias de beneficios ofrece una cobertura completa de las empresas chinas que cotizan en bolsa, con datos retrospectivos hasta enero de 2016, y es adecuado para todo tipo de inversores, desde long-only, fondos propios y cuantitativos, hasta buy-side y sell-side. Existe un alto grado de granularidad de los atributos de los datos, que incluyen el ticker de la acci\u00f3n, el tipo de datos, la marca de tiempo, los asistentes y la ubicaci\u00f3n. Los contenidos se clasifican como declaraci\u00f3n\/pregunta\/respuesta.\" \/>\n<meta name=\"twitter:image\" content=\"https:\/\/www.exchange-data.com\/wp-content\/uploads\/2015\/09\/EDI-Post-Featured-Image-700x400-1.png\" \/>\n<meta name=\"twitter:site\" content=\"@ExchangeData\" \/>\n<meta name=\"twitter:label1\" content=\"Tiempo de lectura\" \/>\n\t<meta name=\"twitter:data1\" content=\"1 minuto\" \/>\n<script type=\"application\/ld+json\" class=\"yoast-schema-graph\">{\"@context\":\"https:\/\/schema.org\",\"@graph\":[{\"@type\":\"WebPage\",\"@id\":\"https:\/\/www.exchange-data.com\/es\/producto\/transcripciones-de-las-convocatorias-de-las-empresas-cotizadas-en-china-a\/\",\"url\":\"https:\/\/www.exchange-data.com\/es\/producto\/transcripciones-de-las-convocatorias-de-las-empresas-cotizadas-en-china-a\/\",\"name\":\"Pron\u00f3stico de Dividendos | Transcripciones de llamadas de resultados de empresas chinas\",\"isPartOf\":{\"@id\":\"https:\/\/www.exchange-data.com\/es\/#website\"},\"primaryImageOfPage\":{\"@id\":\"https:\/\/www.exchange-data.com\/es\/producto\/transcripciones-de-las-convocatorias-de-las-empresas-cotizadas-en-china-a\/#primaryimage\"},\"image\":{\"@id\":\"https:\/\/www.exchange-data.com\/es\/producto\/transcripciones-de-las-convocatorias-de-las-empresas-cotizadas-en-china-a\/#primaryimage\"},\"thumbnailUrl\":\"https:\/\/www.exchange-data.com\/wp-content\/uploads\/2015\/09\/EDI-Post-Featured-Image-700x400-1.png\",\"datePublished\":\"2020-10-13T15:23:02+00:00\",\"dateModified\":\"2025-10-09T12:01:53+00:00\",\"description\":\"Acceda a transcripciones biling\u00fces (chino e ingl\u00e9s) de earnings calls de empresas chinas desde 2016. Orbit procesa datos no estructurados para generar ideas y modelos como el pron\u00f3stico de dividendos.\",\"breadcrumb\":{\"@id\":\"https:\/\/www.exchange-data.com\/es\/producto\/transcripciones-de-las-convocatorias-de-las-empresas-cotizadas-en-china-a\/#breadcrumb\"},\"inLanguage\":\"es\",\"potentialAction\":[{\"@type\":\"ReadAction\",\"target\":[\"https:\/\/www.exchange-data.com\/es\/producto\/transcripciones-de-las-convocatorias-de-las-empresas-cotizadas-en-china-a\/\"]}]},{\"@type\":\"ImageObject\",\"inLanguage\":\"es\",\"@id\":\"https:\/\/www.exchange-data.com\/es\/producto\/transcripciones-de-las-convocatorias-de-las-empresas-cotizadas-en-china-a\/#primaryimage\",\"url\":\"https:\/\/www.exchange-data.com\/wp-content\/uploads\/2015\/09\/EDI-Post-Featured-Image-700x400-1.png\",\"contentUrl\":\"https:\/\/www.exchange-data.com\/wp-content\/uploads\/2015\/09\/EDI-Post-Featured-Image-700x400-1.png\",\"width\":700,\"height\":400,\"caption\":\"Exchange Data International\"},{\"@type\":\"BreadcrumbList\",\"@id\":\"https:\/\/www.exchange-data.com\/es\/producto\/transcripciones-de-las-convocatorias-de-las-empresas-cotizadas-en-china-a\/#breadcrumb\",\"itemListElement\":[{\"@type\":\"ListItem\",\"position\":1,\"name\":\"Home\",\"item\":\"https:\/\/www.exchange-data.com\/es\/inicio\/\"},{\"@type\":\"ListItem\",\"position\":2,\"name\":\"Transcripciones de Utilidades (Earning Calls) para Empresas de China A\"}]},{\"@type\":\"WebSite\",\"@id\":\"https:\/\/www.exchange-data.com\/es\/#website\",\"url\":\"https:\/\/www.exchange-data.com\/es\/\",\"name\":\"Exchange Data International\",\"description\":\"Doing data differently\",\"publisher\":{\"@id\":\"https:\/\/www.exchange-data.com\/es\/#organization\"},\"potentialAction\":[{\"@type\":\"SearchAction\",\"target\":{\"@type\":\"EntryPoint\",\"urlTemplate\":\"https:\/\/www.exchange-data.com\/es\/?s={search_term_string}\"},\"query-input\":{\"@type\":\"PropertyValueSpecification\",\"valueRequired\":true,\"valueName\":\"search_term_string\"}}],\"inLanguage\":\"es\"},{\"@type\":\"Organization\",\"@id\":\"https:\/\/www.exchange-data.com\/es\/#organization\",\"name\":\"Exchange Data International\",\"url\":\"https:\/\/www.exchange-data.com\/es\/\",\"logo\":{\"@type\":\"ImageObject\",\"inLanguage\":\"es\",\"@id\":\"https:\/\/www.exchange-data.com\/es\/#\/schema\/logo\/image\/\",\"url\":\"https:\/\/www.exchange-data.com\/wp-content\/uploads\/2019\/03\/logo3.png\",\"contentUrl\":\"https:\/\/www.exchange-data.com\/wp-content\/uploads\/2019\/03\/logo3.png\",\"width\":200,\"height\":80,\"caption\":\"Exchange Data International\"},\"image\":{\"@id\":\"https:\/\/www.exchange-data.com\/es\/#\/schema\/logo\/image\/\"},\"sameAs\":[\"https:\/\/x.com\/ExchangeData\",\"https:\/\/www.linkedin.com\/company\/exchange-data-international\/?viewAsMember=true\",\"https:\/\/www.youtube.com\/channel\/UC5D1OpUb22YZANRLD_Ktcgg?view_as=subscriber\"]}]}<\/script>\n<!-- \/ Yoast SEO Premium plugin. -->","yoast_head_json":{"title":"Pron\u00f3stico de Dividendos | Transcripciones de llamadas de resultados de empresas chinas","description":"Acceda a transcripciones biling\u00fces (chino e ingl\u00e9s) de earnings calls de empresas chinas desde 2016. Orbit procesa datos no estructurados para generar ideas y modelos como el pron\u00f3stico de dividendos.","robots":{"index":"index","follow":"follow","max-snippet":"max-snippet:-1","max-image-preview":"max-image-preview:large","max-video-preview":"max-video-preview:-1"},"canonical":"https:\/\/www.exchange-data.com\/es\/producto\/transcripciones-de-las-convocatorias-de-las-empresas-cotizadas-en-china-a\/","og_locale":"es_ES","og_type":"article","og_title":"Transcripciones de las convocatorias de las empresas cotizadas en China A","og_description":"Este conjunto de datos se ha creado en colaboraci\u00f3n con Orbit Financial Technology. Orbit Financial Technology est\u00e1 especializada en el procesamiento de grandes vol\u00famenes de datos no estructurados con tecnolog\u00edas avanzadas de big data, procesamiento del lenguaje natural y aprendizaje autom\u00e1tico para el sector de los servicios financieros. China es la segunda mayor econom\u00eda del mundo, y su capitalizaci\u00f3n burs\u00e1til tambi\u00e9n se sit\u00faa justo al lado de la de Estados Unidos. El conjunto de datos de las transcripciones de las convocatorias de beneficios ofrece una cobertura completa de las empresas chinas que cotizan en bolsa, con datos retrospectivos hasta enero de 2016, y es adecuado para todo tipo de inversores, desde long-only, fondos propios y cuantitativos, hasta buy-side y sell-side. Existe un alto grado de granularidad de los atributos de los datos, que incluyen el ticker de la acci\u00f3n, el tipo de datos, la marca de tiempo, los asistentes y la ubicaci\u00f3n. Los contenidos se clasifican como declaraci\u00f3n\/pregunta\/respuesta.","og_url":"https:\/\/www.exchange-data.com\/es\/producto\/transcripciones-de-las-convocatorias-de-las-empresas-cotizadas-en-china-a\/","og_site_name":"Exchange Data International","article_modified_time":"2025-10-09T12:01:53+00:00","og_image":[{"url":"https:\/\/www.exchange-data.com\/wp-content\/uploads\/2015\/09\/EDI-Post-Featured-Image-700x400-1.png","type":"","width":"","height":""}],"twitter_card":"summary_large_image","twitter_title":"Transcripciones de las convocatorias de las empresas cotizadas en China A","twitter_description":"Este conjunto de datos se ha creado en colaboraci\u00f3n con Orbit Financial Technology. Orbit Financial Technology est\u00e1 especializada en el procesamiento de grandes vol\u00famenes de datos no estructurados con tecnolog\u00edas avanzadas de big data, procesamiento del lenguaje natural y aprendizaje autom\u00e1tico para el sector de los servicios financieros. China es la segunda mayor econom\u00eda del mundo, y su capitalizaci\u00f3n burs\u00e1til tambi\u00e9n se sit\u00faa justo al lado de la de Estados Unidos. El conjunto de datos de las transcripciones de las convocatorias de beneficios ofrece una cobertura completa de las empresas chinas que cotizan en bolsa, con datos retrospectivos hasta enero de 2016, y es adecuado para todo tipo de inversores, desde long-only, fondos propios y cuantitativos, hasta buy-side y sell-side. Existe un alto grado de granularidad de los atributos de los datos, que incluyen el ticker de la acci\u00f3n, el tipo de datos, la marca de tiempo, los asistentes y la ubicaci\u00f3n. Los contenidos se clasifican como declaraci\u00f3n\/pregunta\/respuesta.","twitter_image":"https:\/\/www.exchange-data.com\/wp-content\/uploads\/2015\/09\/EDI-Post-Featured-Image-700x400-1.png","twitter_site":"@ExchangeData","twitter_misc":{"Tiempo de lectura":"1 minuto"},"schema":{"@context":"https:\/\/schema.org","@graph":[{"@type":"WebPage","@id":"https:\/\/www.exchange-data.com\/es\/producto\/transcripciones-de-las-convocatorias-de-las-empresas-cotizadas-en-china-a\/","url":"https:\/\/www.exchange-data.com\/es\/producto\/transcripciones-de-las-convocatorias-de-las-empresas-cotizadas-en-china-a\/","name":"Pron\u00f3stico de Dividendos | Transcripciones de llamadas de resultados de empresas chinas","isPartOf":{"@id":"https:\/\/www.exchange-data.com\/es\/#website"},"primaryImageOfPage":{"@id":"https:\/\/www.exchange-data.com\/es\/producto\/transcripciones-de-las-convocatorias-de-las-empresas-cotizadas-en-china-a\/#primaryimage"},"image":{"@id":"https:\/\/www.exchange-data.com\/es\/producto\/transcripciones-de-las-convocatorias-de-las-empresas-cotizadas-en-china-a\/#primaryimage"},"thumbnailUrl":"https:\/\/www.exchange-data.com\/wp-content\/uploads\/2015\/09\/EDI-Post-Featured-Image-700x400-1.png","datePublished":"2020-10-13T15:23:02+00:00","dateModified":"2025-10-09T12:01:53+00:00","description":"Acceda a transcripciones biling\u00fces (chino e ingl\u00e9s) de earnings calls de empresas chinas desde 2016. Orbit procesa datos no estructurados para generar ideas y modelos como el pron\u00f3stico de dividendos.","breadcrumb":{"@id":"https:\/\/www.exchange-data.com\/es\/producto\/transcripciones-de-las-convocatorias-de-las-empresas-cotizadas-en-china-a\/#breadcrumb"},"inLanguage":"es","potentialAction":[{"@type":"ReadAction","target":["https:\/\/www.exchange-data.com\/es\/producto\/transcripciones-de-las-convocatorias-de-las-empresas-cotizadas-en-china-a\/"]}]},{"@type":"ImageObject","inLanguage":"es","@id":"https:\/\/www.exchange-data.com\/es\/producto\/transcripciones-de-las-convocatorias-de-las-empresas-cotizadas-en-china-a\/#primaryimage","url":"https:\/\/www.exchange-data.com\/wp-content\/uploads\/2015\/09\/EDI-Post-Featured-Image-700x400-1.png","contentUrl":"https:\/\/www.exchange-data.com\/wp-content\/uploads\/2015\/09\/EDI-Post-Featured-Image-700x400-1.png","width":700,"height":400,"caption":"Exchange Data International"},{"@type":"BreadcrumbList","@id":"https:\/\/www.exchange-data.com\/es\/producto\/transcripciones-de-las-convocatorias-de-las-empresas-cotizadas-en-china-a\/#breadcrumb","itemListElement":[{"@type":"ListItem","position":1,"name":"Home","item":"https:\/\/www.exchange-data.com\/es\/inicio\/"},{"@type":"ListItem","position":2,"name":"Transcripciones de Utilidades (Earning Calls) para Empresas de China A"}]},{"@type":"WebSite","@id":"https:\/\/www.exchange-data.com\/es\/#website","url":"https:\/\/www.exchange-data.com\/es\/","name":"Exchange Data International","description":"Doing data differently","publisher":{"@id":"https:\/\/www.exchange-data.com\/es\/#organization"},"potentialAction":[{"@type":"SearchAction","target":{"@type":"EntryPoint","urlTemplate":"https:\/\/www.exchange-data.com\/es\/?s={search_term_string}"},"query-input":{"@type":"PropertyValueSpecification","valueRequired":true,"valueName":"search_term_string"}}],"inLanguage":"es"},{"@type":"Organization","@id":"https:\/\/www.exchange-data.com\/es\/#organization","name":"Exchange Data International","url":"https:\/\/www.exchange-data.com\/es\/","logo":{"@type":"ImageObject","inLanguage":"es","@id":"https:\/\/www.exchange-data.com\/es\/#\/schema\/logo\/image\/","url":"https:\/\/www.exchange-data.com\/wp-content\/uploads\/2019\/03\/logo3.png","contentUrl":"https:\/\/www.exchange-data.com\/wp-content\/uploads\/2019\/03\/logo3.png","width":200,"height":80,"caption":"Exchange Data International"},"image":{"@id":"https:\/\/www.exchange-data.com\/es\/#\/schema\/logo\/image\/"},"sameAs":["https:\/\/x.com\/ExchangeData","https:\/\/www.linkedin.com\/company\/exchange-data-international\/?viewAsMember=true","https:\/\/www.youtube.com\/channel\/UC5D1OpUb22YZANRLD_Ktcgg?view_as=subscriber"]}]}},"_links":{"self":[{"href":"https:\/\/www.exchange-data.com\/es\/wp-json\/wp\/v2\/product\/35968","targetHints":{"allow":["GET"]}}],"collection":[{"href":"https:\/\/www.exchange-data.com\/es\/wp-json\/wp\/v2\/product"}],"about":[{"href":"https:\/\/www.exchange-data.com\/es\/wp-json\/wp\/v2\/types\/product"}],"wp:featuredmedia":[{"embeddable":true,"href":"https:\/\/www.exchange-data.com\/es\/wp-json\/wp\/v2\/media\/34154"}],"wp:attachment":[{"href":"https:\/\/www.exchange-data.com\/es\/wp-json\/wp\/v2\/media?parent=35968"}],"wp:term":[{"taxonomy":"country","embeddable":true,"href":"https:\/\/www.exchange-data.com\/es\/wp-json\/wp\/v2\/country?post=35968"},{"taxonomy":"product_category","embeddable":true,"href":"https:\/\/www.exchange-data.com\/es\/wp-json\/wp\/v2\/product_category?post=35968"}],"curies":[{"name":"wp","href":"https:\/\/api.w.org\/{rel}","templated":true}]}}