{"id":35969,"date":"2024-09-24T17:14:36","date_gmt":"2024-09-24T16:14:36","guid":{"rendered":"https:\/\/www.exchange-data.com\/product\/guia-de-la-renta-variable-china\/"},"modified":"2025-10-09T06:56:19","modified_gmt":"2025-10-09T05:56:19","slug":"guia-de-la-renta-variable-china","status":"publish","type":"product","link":"https:\/\/www.exchange-data.com\/es\/producto\/guia-de-la-renta-variable-china\/","title":{"rendered":"Gu\u00eda de Renta Variable China"},"content":{"rendered":"<p>&nbsp;<\/p>\n<h2>Servicios de Indicadores y Datos Econ\u00f3micos de ChinaTickData<\/h2>\n<p>&nbsp;<\/p>\n<p><span style=\"font-weight: 400;\">ChinaTickData ofrece conjuntos de datos estructurados con transacciones intrad\u00eda de alta calidad para todos los valores negociados en las bolsas chinas. Estos datos est\u00e1n dise\u00f1ados para respaldar estrategias de trading cuantitativo, backtesting, aprendizaje autom\u00e1tico y otras aplicaciones anal\u00edticas avanzadas. <\/span><\/p>\n<p><span style=\"font-weight: 400;\"><strong>Nota importante:<\/strong> En China, los datos de tick burs\u00e1til se capturan como una instant\u00e1nea cada 3 segundos.<\/span><\/p>\n<h4>Precios por Instant\u00e1nea<br \/><\/h4>\n<p><span style=\"font-weight: 400;\">Cada operaci\u00f3n realizada entre instant\u00e1neas se refleja en el volumen acumulado, expresado tanto en RMB como en contratos negociados. Incluso si no hay variaci\u00f3n respecto a la instant\u00e1nea anterior, se registra una nueva con la actualizaci\u00f3n del sello temporal. <\/span><\/p>\n<h4>Marcas de Tiempo<\/h4>\n<p><span style=\"font-weight: 400;\">Todas las marcas de tiempo se presentan en hora est\u00e1ndar de China (CST).<\/span><\/p>\n<p><span style=\"font-weight: 400;\">Importante: Excel puede interpretar err\u00f3neamente los milisegundos como formato horario. Se recomienda importar los datos como texto para evitar errores. <\/span><\/p>\n","protected":false},"featured_media":0,"template":"","country":[],"product_category":[3182,3178],"class_list":["post-35969","product","type-product","status-publish","hentry","product_category-acciones-corporativas","product_category-productos-y-servicios","no-post-thumbnail"],"acf":[],"yoast_head":"<!-- This site is optimized with the Yoast SEO Premium plugin v26.0 (Yoast SEO v26.0) - https:\/\/yoast.com\/wordpress\/plugins\/seo\/ -->\n<title>Servicios de Indicadores y Datos Econ\u00f3micos | Transacciones intrad\u00eda precisas del mercado chino<\/title>\n<meta name=\"description\" content=\"Acceda a servicios de indicadores y datos econ\u00f3micos de ChinaTickData con transacciones intrad\u00eda cada 3 segundos, ideales para trading cuantitativo y an\u00e1lisis financiero avanzado.\" \/>\n<meta name=\"robots\" content=\"index, follow, max-snippet:-1, max-image-preview:large, max-video-preview:-1\" \/>\n<link rel=\"canonical\" href=\"https:\/\/www.exchange-data.com\/es\/producto\/guia-de-la-renta-variable-china\/\" \/>\n<meta property=\"og:locale\" content=\"es_ES\" \/>\n<meta property=\"og:type\" content=\"article\" \/>\n<meta property=\"og:title\" content=\"Gu\u00eda de Renta Variable China | Exchange Data International\" \/>\n<meta property=\"og:description\" content=\"Acceda a servicios de indicadores y datos econ\u00f3micos de ChinaTickData con transacciones intrad\u00eda cada 3 segundos, ideales para trading cuantitativo y an\u00e1lisis financiero avanzado.\" \/>\n<meta property=\"og:url\" content=\"https:\/\/www.exchange-data.com\/es\/producto\/guia-de-la-renta-variable-china\/\" \/>\n<meta property=\"og:site_name\" content=\"Exchange Data International\" \/>\n<meta property=\"article:modified_time\" content=\"2025-10-09T05:56:19+00:00\" \/>\n<meta name=\"twitter:card\" content=\"summary_large_image\" \/>\n<meta name=\"twitter:image\" content=\"https:\/\/www.exchange-data.com\/wp-content\/uploads\/2024\/02\/Linkedin-size-1024x535.png\" \/>\n<meta name=\"twitter:site\" content=\"@ExchangeData\" \/>\n<meta name=\"twitter:label1\" content=\"Tiempo de lectura\" \/>\n\t<meta name=\"twitter:data1\" content=\"1 minuto\" \/>\n<script type=\"application\/ld+json\" class=\"yoast-schema-graph\">{\"@context\":\"https:\/\/schema.org\",\"@graph\":[{\"@type\":\"WebPage\",\"@id\":\"https:\/\/www.exchange-data.com\/es\/producto\/guia-de-la-renta-variable-china\/\",\"url\":\"https:\/\/www.exchange-data.com\/es\/producto\/guia-de-la-renta-variable-china\/\",\"name\":\"Servicios de Indicadores y Datos Econ\u00f3micos | Transacciones intrad\u00eda precisas del mercado chino\",\"isPartOf\":{\"@id\":\"https:\/\/www.exchange-data.com\/es\/#website\"},\"datePublished\":\"2024-09-24T16:14:36+00:00\",\"dateModified\":\"2025-10-09T05:56:19+00:00\",\"description\":\"Acceda a servicios de indicadores y datos econ\u00f3micos de ChinaTickData con transacciones intrad\u00eda cada 3 segundos, ideales para trading cuantitativo y an\u00e1lisis financiero avanzado.\",\"breadcrumb\":{\"@id\":\"https:\/\/www.exchange-data.com\/es\/producto\/guia-de-la-renta-variable-china\/#breadcrumb\"},\"inLanguage\":\"es\",\"potentialAction\":[{\"@type\":\"ReadAction\",\"target\":[\"https:\/\/www.exchange-data.com\/es\/producto\/guia-de-la-renta-variable-china\/\"]}]},{\"@type\":\"BreadcrumbList\",\"@id\":\"https:\/\/www.exchange-data.com\/es\/producto\/guia-de-la-renta-variable-china\/#breadcrumb\",\"itemListElement\":[{\"@type\":\"ListItem\",\"position\":1,\"name\":\"Home\",\"item\":\"https:\/\/www.exchange-data.com\/es\/inicio\/\"},{\"@type\":\"ListItem\",\"position\":2,\"name\":\"Gu\u00eda de Renta Variable China\"}]},{\"@type\":\"WebSite\",\"@id\":\"https:\/\/www.exchange-data.com\/es\/#website\",\"url\":\"https:\/\/www.exchange-data.com\/es\/\",\"name\":\"Exchange Data International\",\"description\":\"Doing data differently\",\"publisher\":{\"@id\":\"https:\/\/www.exchange-data.com\/es\/#organization\"},\"potentialAction\":[{\"@type\":\"SearchAction\",\"target\":{\"@type\":\"EntryPoint\",\"urlTemplate\":\"https:\/\/www.exchange-data.com\/es\/?s={search_term_string}\"},\"query-input\":{\"@type\":\"PropertyValueSpecification\",\"valueRequired\":true,\"valueName\":\"search_term_string\"}}],\"inLanguage\":\"es\"},{\"@type\":\"Organization\",\"@id\":\"https:\/\/www.exchange-data.com\/es\/#organization\",\"name\":\"Exchange Data International\",\"url\":\"https:\/\/www.exchange-data.com\/es\/\",\"logo\":{\"@type\":\"ImageObject\",\"inLanguage\":\"es\",\"@id\":\"https:\/\/www.exchange-data.com\/es\/#\/schema\/logo\/image\/\",\"url\":\"https:\/\/www.exchange-data.com\/wp-content\/uploads\/2019\/03\/logo3.png\",\"contentUrl\":\"https:\/\/www.exchange-data.com\/wp-content\/uploads\/2019\/03\/logo3.png\",\"width\":200,\"height\":80,\"caption\":\"Exchange Data International\"},\"image\":{\"@id\":\"https:\/\/www.exchange-data.com\/es\/#\/schema\/logo\/image\/\"},\"sameAs\":[\"https:\/\/x.com\/ExchangeData\",\"https:\/\/www.linkedin.com\/company\/exchange-data-international\/?viewAsMember=true\",\"https:\/\/www.youtube.com\/channel\/UC5D1OpUb22YZANRLD_Ktcgg?view_as=subscriber\"]}]}<\/script>\n<!-- \/ Yoast SEO Premium plugin. -->","yoast_head_json":{"title":"Servicios de Indicadores y Datos Econ\u00f3micos | Transacciones intrad\u00eda precisas del mercado chino","description":"Acceda a servicios de indicadores y datos econ\u00f3micos de ChinaTickData con transacciones intrad\u00eda cada 3 segundos, ideales para trading cuantitativo y an\u00e1lisis financiero avanzado.","robots":{"index":"index","follow":"follow","max-snippet":"max-snippet:-1","max-image-preview":"max-image-preview:large","max-video-preview":"max-video-preview:-1"},"canonical":"https:\/\/www.exchange-data.com\/es\/producto\/guia-de-la-renta-variable-china\/","og_locale":"es_ES","og_type":"article","og_title":"Gu\u00eda de Renta Variable China | Exchange Data International","og_description":"Acceda a servicios de indicadores y datos econ\u00f3micos de ChinaTickData con transacciones intrad\u00eda cada 3 segundos, ideales para trading cuantitativo y an\u00e1lisis financiero avanzado.","og_url":"https:\/\/www.exchange-data.com\/es\/producto\/guia-de-la-renta-variable-china\/","og_site_name":"Exchange Data International","article_modified_time":"2025-10-09T05:56:19+00:00","twitter_card":"summary_large_image","twitter_image":"https:\/\/www.exchange-data.com\/wp-content\/uploads\/2024\/02\/Linkedin-size-1024x535.png","twitter_site":"@ExchangeData","twitter_misc":{"Tiempo de lectura":"1 minuto"},"schema":{"@context":"https:\/\/schema.org","@graph":[{"@type":"WebPage","@id":"https:\/\/www.exchange-data.com\/es\/producto\/guia-de-la-renta-variable-china\/","url":"https:\/\/www.exchange-data.com\/es\/producto\/guia-de-la-renta-variable-china\/","name":"Servicios de Indicadores y Datos Econ\u00f3micos | Transacciones intrad\u00eda precisas del mercado chino","isPartOf":{"@id":"https:\/\/www.exchange-data.com\/es\/#website"},"datePublished":"2024-09-24T16:14:36+00:00","dateModified":"2025-10-09T05:56:19+00:00","description":"Acceda a servicios de indicadores y datos econ\u00f3micos de ChinaTickData con transacciones intrad\u00eda cada 3 segundos, ideales para trading cuantitativo y an\u00e1lisis financiero avanzado.","breadcrumb":{"@id":"https:\/\/www.exchange-data.com\/es\/producto\/guia-de-la-renta-variable-china\/#breadcrumb"},"inLanguage":"es","potentialAction":[{"@type":"ReadAction","target":["https:\/\/www.exchange-data.com\/es\/producto\/guia-de-la-renta-variable-china\/"]}]},{"@type":"BreadcrumbList","@id":"https:\/\/www.exchange-data.com\/es\/producto\/guia-de-la-renta-variable-china\/#breadcrumb","itemListElement":[{"@type":"ListItem","position":1,"name":"Home","item":"https:\/\/www.exchange-data.com\/es\/inicio\/"},{"@type":"ListItem","position":2,"name":"Gu\u00eda de Renta Variable China"}]},{"@type":"WebSite","@id":"https:\/\/www.exchange-data.com\/es\/#website","url":"https:\/\/www.exchange-data.com\/es\/","name":"Exchange Data International","description":"Doing data differently","publisher":{"@id":"https:\/\/www.exchange-data.com\/es\/#organization"},"potentialAction":[{"@type":"SearchAction","target":{"@type":"EntryPoint","urlTemplate":"https:\/\/www.exchange-data.com\/es\/?s={search_term_string}"},"query-input":{"@type":"PropertyValueSpecification","valueRequired":true,"valueName":"search_term_string"}}],"inLanguage":"es"},{"@type":"Organization","@id":"https:\/\/www.exchange-data.com\/es\/#organization","name":"Exchange Data International","url":"https:\/\/www.exchange-data.com\/es\/","logo":{"@type":"ImageObject","inLanguage":"es","@id":"https:\/\/www.exchange-data.com\/es\/#\/schema\/logo\/image\/","url":"https:\/\/www.exchange-data.com\/wp-content\/uploads\/2019\/03\/logo3.png","contentUrl":"https:\/\/www.exchange-data.com\/wp-content\/uploads\/2019\/03\/logo3.png","width":200,"height":80,"caption":"Exchange Data International"},"image":{"@id":"https:\/\/www.exchange-data.com\/es\/#\/schema\/logo\/image\/"},"sameAs":["https:\/\/x.com\/ExchangeData","https:\/\/www.linkedin.com\/company\/exchange-data-international\/?viewAsMember=true","https:\/\/www.youtube.com\/channel\/UC5D1OpUb22YZANRLD_Ktcgg?view_as=subscriber"]}]}},"_links":{"self":[{"href":"https:\/\/www.exchange-data.com\/es\/wp-json\/wp\/v2\/product\/35969","targetHints":{"allow":["GET"]}}],"collection":[{"href":"https:\/\/www.exchange-data.com\/es\/wp-json\/wp\/v2\/product"}],"about":[{"href":"https:\/\/www.exchange-data.com\/es\/wp-json\/wp\/v2\/types\/product"}],"wp:attachment":[{"href":"https:\/\/www.exchange-data.com\/es\/wp-json\/wp\/v2\/media?parent=35969"}],"wp:term":[{"taxonomy":"country","embeddable":true,"href":"https:\/\/www.exchange-data.com\/es\/wp-json\/wp\/v2\/country?post=35969"},{"taxonomy":"product_category","embeddable":true,"href":"https:\/\/www.exchange-data.com\/es\/wp-json\/wp\/v2\/product_category?post=35969"}],"curies":[{"name":"wp","href":"https:\/\/api.w.org\/{rel}","templated":true}]}}