{"id":35970,"date":"2024-09-24T17:51:15","date_gmt":"2024-09-24T16:51:15","guid":{"rendered":"https:\/\/www.exchange-data.com\/product\/guia-de-futuros-de-china\/"},"modified":"2025-10-10T12:59:14","modified_gmt":"2025-10-10T11:59:14","slug":"guia-de-futuros-de-china","status":"publish","type":"product","link":"https:\/\/www.exchange-data.com\/es\/producto\/guia-de-futuros-de-china\/","title":{"rendered":"Gu\u00eda de Futuros de China"},"content":{"rendered":"<p>&nbsp;<\/p>\n<h2>Datos de Transacciones Intrad\u00eda de Alta Calidad para Futuros Chinos de ChinaTickData<\/h2>\n<p>&nbsp;<\/p>\n<p><span style=\"font-weight: 400;\">ChinaTickData ofrece conjuntos de datos detallados en formato tick para todos los valores negociados en las bolsas de futuros de China. Dise\u00f1ados para respaldar estrategias de trading cuantitativo, backtesting, aprendizaje autom\u00e1tico y otras aplicaciones avanzadas, estos datos se capturan como dos instant\u00e1neas por segundo. <\/span><\/p>\n<p><span style=\"font-weight: 400;\">estos datos se capturan como dos instant\u00e1neas por segundo.<\/span><\/p>\n<h4>Precios por Instant\u00e1nea<br \/><\/h4>\n<p><span style=\"font-weight: 400;\">Cada operaci\u00f3n realizada entre instant\u00e1neas se agrega al volumen acumulado, reflejado tanto en montos en RMB como en contratos negociados. Incluso si no hay variaci\u00f3n respecto a la instant\u00e1nea anterior, se registra una nueva con la actualizaci\u00f3n del sello temporal. <\/span><\/p>\n<h4>Sellos Temporales para Futuros Chinos<\/h4>\n<p><span style=\"font-weight: 400;\">Todos los horarios se expresan en hora est\u00e1ndar de China (CST).<\/span><\/p>\n<p><span style=\"font-weight: 400;\">Importante: Excel puede interpretar err\u00f3neamente los sellos temporales con milisegundos. Para evitar errores, se recomienda importar los datos como texto. <\/span><\/p>\n","protected":false},"featured_media":0,"template":"","country":[],"product_category":[3183,3178],"class_list":["post-35970","product","type-product","status-publish","hentry","product_category-datos-sobre-derivados-e-intereses-en-corto-productos-y-servicios","product_category-productos-y-servicios","no-post-thumbnail"],"acf":[],"yoast_head":"<!-- This site is optimized with the Yoast SEO Premium plugin v26.0 (Yoast SEO v26.0) - https:\/\/yoast.com\/wordpress\/plugins\/seo\/ -->\n<title>ChinaTickData: Intraday Futures Data and calendario de dividendos Insights<\/title>\n<meta name=\"description\" content=\"Explore high-quality intraday China futures tick data from ChinaTickData, with coverage insights and exceptions tied to the calendario de dividendos and exchange schedules.\" \/>\n<meta name=\"robots\" content=\"index, follow, max-snippet:-1, max-image-preview:large, max-video-preview:-1\" \/>\n<link rel=\"canonical\" href=\"https:\/\/www.exchange-data.com\/es\/producto\/guia-de-futuros-de-china\/\" \/>\n<meta property=\"og:locale\" content=\"es_ES\" \/>\n<meta property=\"og:type\" content=\"article\" \/>\n<meta property=\"og:title\" content=\"Gu\u00eda de Futuros de China | Exchange Data International\" \/>\n<meta property=\"og:description\" content=\"Explore high-quality intraday China futures tick data from ChinaTickData, with coverage insights and exceptions tied to the calendario de dividendos and exchange schedules.\" \/>\n<meta property=\"og:url\" content=\"https:\/\/www.exchange-data.com\/es\/producto\/guia-de-futuros-de-china\/\" \/>\n<meta property=\"og:site_name\" content=\"Exchange Data International\" \/>\n<meta property=\"article:modified_time\" content=\"2025-10-10T11:59:14+00:00\" \/>\n<meta name=\"twitter:card\" content=\"summary_large_image\" \/>\n<meta name=\"twitter:image\" content=\"https:\/\/www.exchange-data.com\/wp-content\/uploads\/2024\/02\/Linkedin-size-1024x535.png\" \/>\n<meta name=\"twitter:site\" content=\"@ExchangeData\" \/>\n<meta name=\"twitter:label1\" content=\"Tiempo de lectura\" \/>\n\t<meta name=\"twitter:data1\" content=\"1 minuto\" \/>\n<script type=\"application\/ld+json\" class=\"yoast-schema-graph\">{\"@context\":\"https:\/\/schema.org\",\"@graph\":[{\"@type\":\"WebPage\",\"@id\":\"https:\/\/www.exchange-data.com\/es\/producto\/guia-de-futuros-de-china\/\",\"url\":\"https:\/\/www.exchange-data.com\/es\/producto\/guia-de-futuros-de-china\/\",\"name\":\"ChinaTickData: Intraday Futures Data and calendario de dividendos Insights\",\"isPartOf\":{\"@id\":\"https:\/\/www.exchange-data.com\/es\/#website\"},\"datePublished\":\"2024-09-24T16:51:15+00:00\",\"dateModified\":\"2025-10-10T11:59:14+00:00\",\"description\":\"Explore high-quality intraday China futures tick data from ChinaTickData, with coverage insights and exceptions tied to the calendario de dividendos and exchange schedules.\",\"breadcrumb\":{\"@id\":\"https:\/\/www.exchange-data.com\/es\/producto\/guia-de-futuros-de-china\/#breadcrumb\"},\"inLanguage\":\"es\",\"potentialAction\":[{\"@type\":\"ReadAction\",\"target\":[\"https:\/\/www.exchange-data.com\/es\/producto\/guia-de-futuros-de-china\/\"]}]},{\"@type\":\"BreadcrumbList\",\"@id\":\"https:\/\/www.exchange-data.com\/es\/producto\/guia-de-futuros-de-china\/#breadcrumb\",\"itemListElement\":[{\"@type\":\"ListItem\",\"position\":1,\"name\":\"Home\",\"item\":\"https:\/\/www.exchange-data.com\/es\/inicio\/\"},{\"@type\":\"ListItem\",\"position\":2,\"name\":\"Gu\u00eda de Futuros de China\"}]},{\"@type\":\"WebSite\",\"@id\":\"https:\/\/www.exchange-data.com\/es\/#website\",\"url\":\"https:\/\/www.exchange-data.com\/es\/\",\"name\":\"Exchange Data International\",\"description\":\"Doing data differently\",\"publisher\":{\"@id\":\"https:\/\/www.exchange-data.com\/es\/#organization\"},\"potentialAction\":[{\"@type\":\"SearchAction\",\"target\":{\"@type\":\"EntryPoint\",\"urlTemplate\":\"https:\/\/www.exchange-data.com\/es\/?s={search_term_string}\"},\"query-input\":{\"@type\":\"PropertyValueSpecification\",\"valueRequired\":true,\"valueName\":\"search_term_string\"}}],\"inLanguage\":\"es\"},{\"@type\":\"Organization\",\"@id\":\"https:\/\/www.exchange-data.com\/es\/#organization\",\"name\":\"Exchange Data International\",\"url\":\"https:\/\/www.exchange-data.com\/es\/\",\"logo\":{\"@type\":\"ImageObject\",\"inLanguage\":\"es\",\"@id\":\"https:\/\/www.exchange-data.com\/es\/#\/schema\/logo\/image\/\",\"url\":\"https:\/\/www.exchange-data.com\/wp-content\/uploads\/2019\/03\/logo3.png\",\"contentUrl\":\"https:\/\/www.exchange-data.com\/wp-content\/uploads\/2019\/03\/logo3.png\",\"width\":200,\"height\":80,\"caption\":\"Exchange Data International\"},\"image\":{\"@id\":\"https:\/\/www.exchange-data.com\/es\/#\/schema\/logo\/image\/\"},\"sameAs\":[\"https:\/\/x.com\/ExchangeData\",\"https:\/\/www.linkedin.com\/company\/exchange-data-international\/?viewAsMember=true\",\"https:\/\/www.youtube.com\/channel\/UC5D1OpUb22YZANRLD_Ktcgg?view_as=subscriber\"]}]}<\/script>\n<!-- \/ Yoast SEO Premium plugin. -->","yoast_head_json":{"title":"ChinaTickData: Intraday Futures Data and calendario de dividendos Insights","description":"Explore high-quality intraday China futures tick data from ChinaTickData, with coverage insights and exceptions tied to the calendario de dividendos and exchange schedules.","robots":{"index":"index","follow":"follow","max-snippet":"max-snippet:-1","max-image-preview":"max-image-preview:large","max-video-preview":"max-video-preview:-1"},"canonical":"https:\/\/www.exchange-data.com\/es\/producto\/guia-de-futuros-de-china\/","og_locale":"es_ES","og_type":"article","og_title":"Gu\u00eda de Futuros de China | Exchange Data International","og_description":"Explore high-quality intraday China futures tick data from ChinaTickData, with coverage insights and exceptions tied to the calendario de dividendos and exchange schedules.","og_url":"https:\/\/www.exchange-data.com\/es\/producto\/guia-de-futuros-de-china\/","og_site_name":"Exchange Data International","article_modified_time":"2025-10-10T11:59:14+00:00","twitter_card":"summary_large_image","twitter_image":"https:\/\/www.exchange-data.com\/wp-content\/uploads\/2024\/02\/Linkedin-size-1024x535.png","twitter_site":"@ExchangeData","twitter_misc":{"Tiempo de lectura":"1 minuto"},"schema":{"@context":"https:\/\/schema.org","@graph":[{"@type":"WebPage","@id":"https:\/\/www.exchange-data.com\/es\/producto\/guia-de-futuros-de-china\/","url":"https:\/\/www.exchange-data.com\/es\/producto\/guia-de-futuros-de-china\/","name":"ChinaTickData: Intraday Futures Data and calendario de dividendos Insights","isPartOf":{"@id":"https:\/\/www.exchange-data.com\/es\/#website"},"datePublished":"2024-09-24T16:51:15+00:00","dateModified":"2025-10-10T11:59:14+00:00","description":"Explore high-quality intraday China futures tick data from ChinaTickData, with coverage insights and exceptions tied to the calendario de dividendos and exchange schedules.","breadcrumb":{"@id":"https:\/\/www.exchange-data.com\/es\/producto\/guia-de-futuros-de-china\/#breadcrumb"},"inLanguage":"es","potentialAction":[{"@type":"ReadAction","target":["https:\/\/www.exchange-data.com\/es\/producto\/guia-de-futuros-de-china\/"]}]},{"@type":"BreadcrumbList","@id":"https:\/\/www.exchange-data.com\/es\/producto\/guia-de-futuros-de-china\/#breadcrumb","itemListElement":[{"@type":"ListItem","position":1,"name":"Home","item":"https:\/\/www.exchange-data.com\/es\/inicio\/"},{"@type":"ListItem","position":2,"name":"Gu\u00eda de Futuros de China"}]},{"@type":"WebSite","@id":"https:\/\/www.exchange-data.com\/es\/#website","url":"https:\/\/www.exchange-data.com\/es\/","name":"Exchange Data International","description":"Doing data differently","publisher":{"@id":"https:\/\/www.exchange-data.com\/es\/#organization"},"potentialAction":[{"@type":"SearchAction","target":{"@type":"EntryPoint","urlTemplate":"https:\/\/www.exchange-data.com\/es\/?s={search_term_string}"},"query-input":{"@type":"PropertyValueSpecification","valueRequired":true,"valueName":"search_term_string"}}],"inLanguage":"es"},{"@type":"Organization","@id":"https:\/\/www.exchange-data.com\/es\/#organization","name":"Exchange Data International","url":"https:\/\/www.exchange-data.com\/es\/","logo":{"@type":"ImageObject","inLanguage":"es","@id":"https:\/\/www.exchange-data.com\/es\/#\/schema\/logo\/image\/","url":"https:\/\/www.exchange-data.com\/wp-content\/uploads\/2019\/03\/logo3.png","contentUrl":"https:\/\/www.exchange-data.com\/wp-content\/uploads\/2019\/03\/logo3.png","width":200,"height":80,"caption":"Exchange Data International"},"image":{"@id":"https:\/\/www.exchange-data.com\/es\/#\/schema\/logo\/image\/"},"sameAs":["https:\/\/x.com\/ExchangeData","https:\/\/www.linkedin.com\/company\/exchange-data-international\/?viewAsMember=true","https:\/\/www.youtube.com\/channel\/UC5D1OpUb22YZANRLD_Ktcgg?view_as=subscriber"]}]}},"_links":{"self":[{"href":"https:\/\/www.exchange-data.com\/es\/wp-json\/wp\/v2\/product\/35970","targetHints":{"allow":["GET"]}}],"collection":[{"href":"https:\/\/www.exchange-data.com\/es\/wp-json\/wp\/v2\/product"}],"about":[{"href":"https:\/\/www.exchange-data.com\/es\/wp-json\/wp\/v2\/types\/product"}],"wp:attachment":[{"href":"https:\/\/www.exchange-data.com\/es\/wp-json\/wp\/v2\/media?parent=35970"}],"wp:term":[{"taxonomy":"country","embeddable":true,"href":"https:\/\/www.exchange-data.com\/es\/wp-json\/wp\/v2\/country?post=35970"},{"taxonomy":"product_category","embeddable":true,"href":"https:\/\/www.exchange-data.com\/es\/wp-json\/wp\/v2\/product_category?post=35970"}],"curies":[{"name":"wp","href":"https:\/\/api.w.org\/{rel}","templated":true}]}}