{"id":35971,"date":"2024-07-12T16:09:17","date_gmt":"2024-07-12T15:09:17","guid":{"rendered":"https:\/\/www.exchange-data.com\/product\/sistema-de-procesamiento-de-anuncios-de-operaciones-de-sociedades-caaps\/"},"modified":"2025-10-09T07:29:34","modified_gmt":"2025-10-09T06:29:34","slug":"sistema-de-procesamiento-de-anuncios-de-operaciones-de-sociedades-caaps","status":"publish","type":"product","link":"https:\/\/www.exchange-data.com\/es\/producto\/sistema-de-procesamiento-de-anuncios-de-operaciones-de-sociedades-caaps\/","title":{"rendered":"Sistema de Procesamiento de Anuncios de Acciones Corporativas (CAAPS)"},"content":{"rendered":"<p>&nbsp;<\/p>\n<h2>CAAPS es una soluci\u00f3n en la nube para la gesti\u00f3n de flujos de trabajo y el procesamiento de acciones corporativas.<\/h2>\n<p>&nbsp;<\/p>\n<p><span style=\"font-weight: 400;\">Recopila, supervisa y reporta informaci\u00f3n desde fuentes autorizadas por el cliente, con independencia de origen y total adaptabilidad a las reglas de negocio de cada organizaci\u00f3n. <\/span><\/p>\n<h4>Estandarizado:<\/h4>\n<p><span style=\"font-weight: 400;\">CAAPS est\u00e1 dise\u00f1ado para integrarse de forma fluida con los formatos de mensajer\u00eda est\u00e1ndar del sector financiero. Es totalmente compatible con los protocolos ISO 15022 e ISO 20022, as\u00ed como con mensajes espec\u00edficos de proveedores sobre anuncios de acciones corporativas, garantizando el cumplimiento de las normas globales de mensajer\u00eda. <\/span><br \/>\n<span style=\"font-weight: 400;\">Adem\u00e1s, el sistema admite formatos de archivo propietarios definidos por el cliente, lo que proporciona la flexibilidad necesaria para adaptarse a requerimientos operativos \u00fanicos y entornos tecnol\u00f3gicos diversos.<\/span><\/p>\n<h4>Flexible:<\/h4>\n<p><span style=\"font-weight: 400;\">Creaci\u00f3n de colas de trabajo personalizadas para identificar excepciones.<br \/>M\u00e9tricas de riesgo configurables para priorizar eventos cr\u00edticos.<br \/>Arquitectura modular que permite incorporar nuevas funcionalidades seg\u00fan evolucionen las necesidades.  <\/span><\/p>\n<p>&nbsp;<\/p>\n<h3>Funciones destacadas:<\/h3>\n<p>&nbsp;<\/p>\n<ul>\n<li style=\"list-style-type: none;\">\n \t<\/li>\n<li><span style=\"font-weight: 400;\"><strong>Colas din\u00e1micas y b\u00fasquedas personalizadas:<\/strong><\/span><\/li>\n<\/ul>\n<p><span style=\"font-weight: 400;\">generaci\u00f3n de informes y distribuci\u00f3n operativa<\/span><\/p>\n<ul>\n<li style=\"list-style-type: none;\">\n \t<\/li>\n<li><span style=\"font-weight: 400;\"><strong>Trazabilidad (Audit trail):<\/strong><\/span><\/li>\n<\/ul>\n<p><span style=\"font-weight: 400;\">registro de cambios manuales para reforzar la responsabilidad<\/span><\/p>\n<ul>\n<li style=\"list-style-type: none;\">\n \t<\/li>\n<li><span style=\"font-weight: 400;\"><strong>Comparaci\u00f3n de datos:<\/strong><\/span><\/li>\n<\/ul>\n<p><span style=\"font-weight: 400;\">detecci\u00f3n de discrepancias entre fuentes para consolidaci\u00f3n precisa <\/span><\/p>\n<ul>\n<li style=\"list-style-type: none;\">\n \t<\/li>\n<li><span style=\"font-weight: 400;\"><strong>Entrega de eventos:<\/strong><\/span><\/li>\n<\/ul>\n<p><span style=\"font-weight: 400;\">mensajer\u00eda segura v\u00eda ISO 15022 e ISO 20022 <\/span><\/p>\n<ul>\n<li style=\"list-style-type: none;\">\n \t<\/li>\n<li><span style=\"font-weight: 400;\"><strong>Plantillas de eventos:<\/strong><\/span><\/li>\n<\/ul>\n<p><span style=\"font-weight: 400;\">gesti\u00f3n estandarizada de tipos de eventos ISO <\/span><\/p>\n<ul>\n<li style=\"list-style-type: none;\">\n \t<\/li>\n<li><span style=\"font-weight: 400;\"><strong>Plantillas de riesgo:<\/strong><\/span><\/li>\n<\/ul>\n<p><span style=\"font-weight: 400;\">definici\u00f3n de condiciones de riesgo desde la creaci\u00f3n del evento<\/span><\/p>\n<ul>\n<li style=\"list-style-type: none;\">\n \t<\/li>\n<li><span style=\"font-weight: 400;\"><strong>Procesamiento de excepciones: <\/strong><\/span><\/li>\n<\/ul>\n<p><span style=\"font-weight: 400;\">notificaci\u00f3n r\u00e1pida y supervisi\u00f3n continua<\/span><\/p>\n<ul>\n<li style=\"list-style-type: none;\">\n \t<\/li>\n<li><span style=\"font-weight: 400;\"><strong>Medici\u00f3n de riesgo:<\/strong><\/span><\/li>\n<\/ul>\n<p><span style=\"font-weight: 400;\">identificaci\u00f3n \u00e1gil de eventos con mayor impacto potencial<\/span><\/p>\n<ul>\n<li style=\"list-style-type: none;\">\n \t<\/li>\n<li><span style=\"font-weight: 400;\"><strong>Seguridad: <\/strong><\/span><\/li>\n<\/ul>\n<p><span style=\"font-weight: 400;\">acceso cifrado (SSL) en entornos virtuales dedicados por cliente<\/span><\/p>\n<p>&nbsp;<\/p>\n<p>&nbsp;<\/p>\n<h4>Diagrama de flujo de trabajo CAAPS:<\/h4>\n<p>&nbsp;<\/p>\n<p><img loading=\"lazy\" decoding=\"async\" class=\"aligncenter size-full wp-image-33204\" src=\"https:\/\/stg-exchangedata-stg.kinsta.cloud\/wp-content\/uploads\/2024\/07\/diagram.webp\" alt=\"Diagrama CAAPS\" width=\"1440\" height=\"1182\" srcset=\"https:\/\/www.exchange-data.com\/wp-content\/uploads\/2024\/07\/diagram.webp 1440w, https:\/\/www.exchange-data.com\/wp-content\/uploads\/2024\/07\/diagram-300x246.webp 300w, https:\/\/www.exchange-data.com\/wp-content\/uploads\/2024\/07\/diagram-1024x841.webp 1024w, https:\/\/www.exchange-data.com\/wp-content\/uploads\/2024\/07\/diagram-768x630.webp 768w, https:\/\/www.exchange-data.com\/wp-content\/uploads\/2024\/07\/diagram-100x82.webp 100w, https:\/\/www.exchange-data.com\/wp-content\/uploads\/2024\/07\/diagram-904x742.webp 904w, https:\/\/www.exchange-data.com\/wp-content\/uploads\/2024\/07\/diagram-1300x1067.webp 1300w\" sizes=\"auto, (max-width: 1440px) 100vw, 1440px\" \/><\/p>\n<h2><strong><a href=\"https:\/\/stg-exchangedata-stg.kinsta.cloud\/wp-content\/uploads\/2024\/10\/Revolutionizing-Corporate-Actions-Management.mp4\">Haga clic para ver la demostraci\u00f3n<\/a><\/strong><\/h2>\n<p>&nbsp;<\/p>\n<p><span style=\"font-weight: 400;\"> CAAPS es un producto de <a href=\"https:\/\/stg-exchangedata-stg.kinsta.cloud\/partners\/fts-software-inc\/\" target=\"_blank\" rel=\"noopener\">FTS Software<\/a>, en colaboraci\u00f3n con Exchange Data International. <\/span><\/p>\n","protected":false},"featured_media":0,"template":"","country":[],"product_category":[3182,3178],"class_list":["post-35971","product","type-product","status-publish","hentry","product_category-acciones-corporativas","product_category-productos-y-servicios","no-post-thumbnail"],"acf":[],"yoast_head":"<!-- This site is optimized with the Yoast SEO Premium plugin v26.0 (Yoast SEO v26.0) - https:\/\/yoast.com\/wordpress\/plugins\/seo\/ -->\n<title>Sistema de Procesamiento de Anuncios de Acciones Corporativas (CAAPS) | Exchange Data International<\/title>\n<meta name=\"description\" content=\"CAAPS permite a los proveedores de hechos de importancia gestionar acciones corporativas de forma segura y flexible, con flujos personalizados, mensajer\u00eda ISO y medici\u00f3n de riesgos.\" \/>\n<meta name=\"robots\" content=\"index, follow, max-snippet:-1, max-image-preview:large, max-video-preview:-1\" \/>\n<link rel=\"canonical\" href=\"https:\/\/www.exchange-data.com\/es\/producto\/sistema-de-procesamiento-de-anuncios-de-operaciones-de-sociedades-caaps\/\" \/>\n<meta property=\"og:locale\" content=\"es_ES\" \/>\n<meta property=\"og:type\" content=\"article\" \/>\n<meta property=\"og:title\" content=\"Sistema de Procesamiento de Anuncios de Acciones Corporativas (CAAPS) | Exchange Data International\" \/>\n<meta property=\"og:description\" content=\"CAAPS permite a los proveedores de hechos de importancia gestionar acciones corporativas de forma segura y flexible, con flujos personalizados, mensajer\u00eda ISO y medici\u00f3n de riesgos.\" \/>\n<meta property=\"og:url\" content=\"https:\/\/www.exchange-data.com\/es\/producto\/sistema-de-procesamiento-de-anuncios-de-operaciones-de-sociedades-caaps\/\" \/>\n<meta property=\"og:site_name\" content=\"Exchange Data International\" \/>\n<meta property=\"article:modified_time\" content=\"2025-10-09T06:29:34+00:00\" \/>\n<meta property=\"og:image\" content=\"https:\/\/www.exchange-data.com\/wp-content\/uploads\/2024\/07\/diagram.webp\" \/>\n\t<meta property=\"og:image:width\" content=\"1440\" \/>\n\t<meta property=\"og:image:height\" content=\"1182\" \/>\n\t<meta property=\"og:image:type\" content=\"image\/webp\" \/>\n<meta name=\"twitter:card\" content=\"summary_large_image\" \/>\n<meta name=\"twitter:site\" content=\"@ExchangeData\" \/>\n<meta name=\"twitter:label1\" content=\"Tiempo de lectura\" \/>\n\t<meta name=\"twitter:data1\" content=\"2 minutos\" \/>\n<script type=\"application\/ld+json\" class=\"yoast-schema-graph\">{\"@context\":\"https:\/\/schema.org\",\"@graph\":[{\"@type\":\"WebPage\",\"@id\":\"https:\/\/www.exchange-data.com\/es\/producto\/sistema-de-procesamiento-de-anuncios-de-operaciones-de-sociedades-caaps\/\",\"url\":\"https:\/\/www.exchange-data.com\/es\/producto\/sistema-de-procesamiento-de-anuncios-de-operaciones-de-sociedades-caaps\/\",\"name\":\"Sistema de Procesamiento de Anuncios de Acciones Corporativas (CAAPS) | Exchange Data International\",\"isPartOf\":{\"@id\":\"https:\/\/www.exchange-data.com\/es\/#website\"},\"primaryImageOfPage\":{\"@id\":\"https:\/\/www.exchange-data.com\/es\/producto\/sistema-de-procesamiento-de-anuncios-de-operaciones-de-sociedades-caaps\/#primaryimage\"},\"image\":{\"@id\":\"https:\/\/www.exchange-data.com\/es\/producto\/sistema-de-procesamiento-de-anuncios-de-operaciones-de-sociedades-caaps\/#primaryimage\"},\"thumbnailUrl\":\"https:\/\/stg-exchangedata-stg.kinsta.cloud\/wp-content\/uploads\/2024\/07\/diagram.webp\",\"datePublished\":\"2024-07-12T15:09:17+00:00\",\"dateModified\":\"2025-10-09T06:29:34+00:00\",\"description\":\"CAAPS permite a los proveedores de hechos de importancia gestionar acciones corporativas de forma segura y flexible, con flujos personalizados, mensajer\u00eda ISO y medici\u00f3n de riesgos.\",\"breadcrumb\":{\"@id\":\"https:\/\/www.exchange-data.com\/es\/producto\/sistema-de-procesamiento-de-anuncios-de-operaciones-de-sociedades-caaps\/#breadcrumb\"},\"inLanguage\":\"es\",\"potentialAction\":[{\"@type\":\"ReadAction\",\"target\":[\"https:\/\/www.exchange-data.com\/es\/producto\/sistema-de-procesamiento-de-anuncios-de-operaciones-de-sociedades-caaps\/\"]}]},{\"@type\":\"ImageObject\",\"inLanguage\":\"es\",\"@id\":\"https:\/\/www.exchange-data.com\/es\/producto\/sistema-de-procesamiento-de-anuncios-de-operaciones-de-sociedades-caaps\/#primaryimage\",\"url\":\"https:\/\/stg-exchangedata-stg.kinsta.cloud\/wp-content\/uploads\/2024\/07\/diagram.webp\",\"contentUrl\":\"https:\/\/stg-exchangedata-stg.kinsta.cloud\/wp-content\/uploads\/2024\/07\/diagram.webp\"},{\"@type\":\"BreadcrumbList\",\"@id\":\"https:\/\/www.exchange-data.com\/es\/producto\/sistema-de-procesamiento-de-anuncios-de-operaciones-de-sociedades-caaps\/#breadcrumb\",\"itemListElement\":[{\"@type\":\"ListItem\",\"position\":1,\"name\":\"Home\",\"item\":\"https:\/\/www.exchange-data.com\/es\/inicio\/\"},{\"@type\":\"ListItem\",\"position\":2,\"name\":\"Sistema de Procesamiento de Anuncios de Acciones Corporativas (CAAPS)\"}]},{\"@type\":\"WebSite\",\"@id\":\"https:\/\/www.exchange-data.com\/es\/#website\",\"url\":\"https:\/\/www.exchange-data.com\/es\/\",\"name\":\"Exchange Data International\",\"description\":\"Doing data differently\",\"publisher\":{\"@id\":\"https:\/\/www.exchange-data.com\/es\/#organization\"},\"potentialAction\":[{\"@type\":\"SearchAction\",\"target\":{\"@type\":\"EntryPoint\",\"urlTemplate\":\"https:\/\/www.exchange-data.com\/es\/?s={search_term_string}\"},\"query-input\":{\"@type\":\"PropertyValueSpecification\",\"valueRequired\":true,\"valueName\":\"search_term_string\"}}],\"inLanguage\":\"es\"},{\"@type\":\"Organization\",\"@id\":\"https:\/\/www.exchange-data.com\/es\/#organization\",\"name\":\"Exchange Data International\",\"url\":\"https:\/\/www.exchange-data.com\/es\/\",\"logo\":{\"@type\":\"ImageObject\",\"inLanguage\":\"es\",\"@id\":\"https:\/\/www.exchange-data.com\/es\/#\/schema\/logo\/image\/\",\"url\":\"https:\/\/www.exchange-data.com\/wp-content\/uploads\/2019\/03\/logo3.png\",\"contentUrl\":\"https:\/\/www.exchange-data.com\/wp-content\/uploads\/2019\/03\/logo3.png\",\"width\":200,\"height\":80,\"caption\":\"Exchange Data International\"},\"image\":{\"@id\":\"https:\/\/www.exchange-data.com\/es\/#\/schema\/logo\/image\/\"},\"sameAs\":[\"https:\/\/x.com\/ExchangeData\",\"https:\/\/www.linkedin.com\/company\/exchange-data-international\/?viewAsMember=true\",\"https:\/\/www.youtube.com\/channel\/UC5D1OpUb22YZANRLD_Ktcgg?view_as=subscriber\"]}]}<\/script>\n<!-- \/ Yoast SEO Premium plugin. -->","yoast_head_json":{"title":"Sistema de Procesamiento de Anuncios de Acciones Corporativas (CAAPS) | Exchange Data International","description":"CAAPS permite a los proveedores de hechos de importancia gestionar acciones corporativas de forma segura y flexible, con flujos personalizados, mensajer\u00eda ISO y medici\u00f3n de riesgos.","robots":{"index":"index","follow":"follow","max-snippet":"max-snippet:-1","max-image-preview":"max-image-preview:large","max-video-preview":"max-video-preview:-1"},"canonical":"https:\/\/www.exchange-data.com\/es\/producto\/sistema-de-procesamiento-de-anuncios-de-operaciones-de-sociedades-caaps\/","og_locale":"es_ES","og_type":"article","og_title":"Sistema de Procesamiento de Anuncios de Acciones Corporativas (CAAPS) | Exchange Data International","og_description":"CAAPS permite a los proveedores de hechos de importancia gestionar acciones corporativas de forma segura y flexible, con flujos personalizados, mensajer\u00eda ISO y medici\u00f3n de riesgos.","og_url":"https:\/\/www.exchange-data.com\/es\/producto\/sistema-de-procesamiento-de-anuncios-de-operaciones-de-sociedades-caaps\/","og_site_name":"Exchange Data International","article_modified_time":"2025-10-09T06:29:34+00:00","og_image":[{"width":1440,"height":1182,"url":"https:\/\/www.exchange-data.com\/wp-content\/uploads\/2024\/07\/diagram.webp","type":"image\/webp"}],"twitter_card":"summary_large_image","twitter_site":"@ExchangeData","twitter_misc":{"Tiempo de lectura":"2 minutos"},"schema":{"@context":"https:\/\/schema.org","@graph":[{"@type":"WebPage","@id":"https:\/\/www.exchange-data.com\/es\/producto\/sistema-de-procesamiento-de-anuncios-de-operaciones-de-sociedades-caaps\/","url":"https:\/\/www.exchange-data.com\/es\/producto\/sistema-de-procesamiento-de-anuncios-de-operaciones-de-sociedades-caaps\/","name":"Sistema de Procesamiento de Anuncios de Acciones Corporativas (CAAPS) | Exchange Data International","isPartOf":{"@id":"https:\/\/www.exchange-data.com\/es\/#website"},"primaryImageOfPage":{"@id":"https:\/\/www.exchange-data.com\/es\/producto\/sistema-de-procesamiento-de-anuncios-de-operaciones-de-sociedades-caaps\/#primaryimage"},"image":{"@id":"https:\/\/www.exchange-data.com\/es\/producto\/sistema-de-procesamiento-de-anuncios-de-operaciones-de-sociedades-caaps\/#primaryimage"},"thumbnailUrl":"https:\/\/stg-exchangedata-stg.kinsta.cloud\/wp-content\/uploads\/2024\/07\/diagram.webp","datePublished":"2024-07-12T15:09:17+00:00","dateModified":"2025-10-09T06:29:34+00:00","description":"CAAPS permite a los proveedores de hechos de importancia gestionar acciones corporativas de forma segura y flexible, con flujos personalizados, mensajer\u00eda ISO y medici\u00f3n de riesgos.","breadcrumb":{"@id":"https:\/\/www.exchange-data.com\/es\/producto\/sistema-de-procesamiento-de-anuncios-de-operaciones-de-sociedades-caaps\/#breadcrumb"},"inLanguage":"es","potentialAction":[{"@type":"ReadAction","target":["https:\/\/www.exchange-data.com\/es\/producto\/sistema-de-procesamiento-de-anuncios-de-operaciones-de-sociedades-caaps\/"]}]},{"@type":"ImageObject","inLanguage":"es","@id":"https:\/\/www.exchange-data.com\/es\/producto\/sistema-de-procesamiento-de-anuncios-de-operaciones-de-sociedades-caaps\/#primaryimage","url":"https:\/\/stg-exchangedata-stg.kinsta.cloud\/wp-content\/uploads\/2024\/07\/diagram.webp","contentUrl":"https:\/\/stg-exchangedata-stg.kinsta.cloud\/wp-content\/uploads\/2024\/07\/diagram.webp"},{"@type":"BreadcrumbList","@id":"https:\/\/www.exchange-data.com\/es\/producto\/sistema-de-procesamiento-de-anuncios-de-operaciones-de-sociedades-caaps\/#breadcrumb","itemListElement":[{"@type":"ListItem","position":1,"name":"Home","item":"https:\/\/www.exchange-data.com\/es\/inicio\/"},{"@type":"ListItem","position":2,"name":"Sistema de Procesamiento de Anuncios de Acciones Corporativas (CAAPS)"}]},{"@type":"WebSite","@id":"https:\/\/www.exchange-data.com\/es\/#website","url":"https:\/\/www.exchange-data.com\/es\/","name":"Exchange Data International","description":"Doing data differently","publisher":{"@id":"https:\/\/www.exchange-data.com\/es\/#organization"},"potentialAction":[{"@type":"SearchAction","target":{"@type":"EntryPoint","urlTemplate":"https:\/\/www.exchange-data.com\/es\/?s={search_term_string}"},"query-input":{"@type":"PropertyValueSpecification","valueRequired":true,"valueName":"search_term_string"}}],"inLanguage":"es"},{"@type":"Organization","@id":"https:\/\/www.exchange-data.com\/es\/#organization","name":"Exchange Data International","url":"https:\/\/www.exchange-data.com\/es\/","logo":{"@type":"ImageObject","inLanguage":"es","@id":"https:\/\/www.exchange-data.com\/es\/#\/schema\/logo\/image\/","url":"https:\/\/www.exchange-data.com\/wp-content\/uploads\/2019\/03\/logo3.png","contentUrl":"https:\/\/www.exchange-data.com\/wp-content\/uploads\/2019\/03\/logo3.png","width":200,"height":80,"caption":"Exchange Data International"},"image":{"@id":"https:\/\/www.exchange-data.com\/es\/#\/schema\/logo\/image\/"},"sameAs":["https:\/\/x.com\/ExchangeData","https:\/\/www.linkedin.com\/company\/exchange-data-international\/?viewAsMember=true","https:\/\/www.youtube.com\/channel\/UC5D1OpUb22YZANRLD_Ktcgg?view_as=subscriber"]}]}},"_links":{"self":[{"href":"https:\/\/www.exchange-data.com\/es\/wp-json\/wp\/v2\/product\/35971","targetHints":{"allow":["GET"]}}],"collection":[{"href":"https:\/\/www.exchange-data.com\/es\/wp-json\/wp\/v2\/product"}],"about":[{"href":"https:\/\/www.exchange-data.com\/es\/wp-json\/wp\/v2\/types\/product"}],"wp:attachment":[{"href":"https:\/\/www.exchange-data.com\/es\/wp-json\/wp\/v2\/media?parent=35971"}],"wp:term":[{"taxonomy":"country","embeddable":true,"href":"https:\/\/www.exchange-data.com\/es\/wp-json\/wp\/v2\/country?post=35971"},{"taxonomy":"product_category","embeddable":true,"href":"https:\/\/www.exchange-data.com\/es\/wp-json\/wp\/v2\/product_category?post=35971"}],"curies":[{"name":"wp","href":"https:\/\/api.w.org\/{rel}","templated":true}]}}