{"id":35972,"date":"2024-05-09T13:45:55","date_gmt":"2024-05-09T12:45:55","guid":{"rendered":"https:\/\/www.exchange-data.com\/product\/acciones-corporativas-opciones-ee-uu\/"},"modified":"2025-12-19T06:44:22","modified_gmt":"2025-12-19T05:44:22","slug":"acciones-corporativas-opciones-ee-uu","status":"publish","type":"product","link":"https:\/\/www.exchange-data.com\/es\/producto\/acciones-corporativas-opciones-ee-uu\/","title":{"rendered":"Opciones sobre acciones en EE. UU."},"content":{"rendered":"<p>&nbsp;<\/p>\n<h2>Acciones Corporativas (CorpAct)<\/h2>\n<p>&nbsp;<\/p>\n<p><span style=\"font-weight: 400;\">La familia de archivos CorpAct permite monitorear los ajustes en opciones y niveles de ejercicio derivados de eventos corporativos, facilitando una gesti\u00f3n m\u00e1s precisa de posiciones y riesgos. Esto incluye cualquier modificaci\u00f3n que afecte el s\u00edmbolo de la opci\u00f3n o sus precios de ejercicio.<br \/>Ofrecemos contenido est\u00e1ndar y personalizado sobre acciones corporativas, entregado en formatos compatibles con los principales est\u00e1ndares del sector. Actualmente, damos soporte a m\u00faltiples versiones de archivos CorpAct, estructuradas seg\u00fan modelos de datos y metodolog\u00edas utilizadas por los principales proveedores de informaci\u00f3n de mercado.   <\/span><\/p>\n<p>&nbsp;<\/p>\n<h2>Acciones Corporativas Pendientes (CorpAct Pending)<\/h2>\n<p>&nbsp;<\/p>\n<p><span style=\"font-weight: 400;\">El archivo CorpAct Pending registra todas las acciones corporativas confirmadas pero a\u00fan no implementadas, que implican cambios en los par\u00e1metros de opciones y niveles de ejercicio. Estas acciones han sido validadas mediante comunicados oficiales de las bolsas o del regulador asociado a la C\u00e1mara de Compensaci\u00f3n (OCC &#8211; Options Clearing Corporation en Estados Unidos). <\/span><\/p>\n<p>&nbsp;<\/p>\n<h2>Cambio de S\u00edmbolo de Opci\u00f3n (Symbol ChangeOp)<\/h2>\n<p>&nbsp;<\/p>\n<p><span style=\"font-weight: 400;\">El archivo Symbol ChangeOp documenta las modificaciones en el s\u00edmbolo de una opci\u00f3n, generalmente como consecuencia directa de una acci\u00f3n corporativa.<\/span><\/p>\n<p>&nbsp;<\/p>\n<h2>Cambio de S\u00edmbolo Subyacente (Symbol ChangeEq)<\/h2>\n<p>&nbsp;<\/p>\n<p><span style=\"font-weight: 400;\">El archivo Symbol ChangeEq registra los cambios en el s\u00edmbolo del activo subyacente de una opci\u00f3n, t\u00edpicamente originados por eventos corporativos.<\/span><\/p>\n<p>&nbsp;<\/p>\n<h2>Entregables de Valores<\/h2>\n<p>&nbsp;<\/p>\n<p><span style=\"font-weight: 400;\">Muestran los valores entregables actuales para todos los s\u00edmbolos de opciones. Las versiones var\u00edan seg\u00fan el nivel de detalle requerido en los datos maestros del cliente. <\/span><\/p>\n","protected":false},"featured_media":0,"template":"","country":[],"product_category":[3183,3178],"class_list":["post-35972","product","type-product","status-publish","hentry","product_category-datos-sobre-derivados-e-intereses-en-corto-productos-y-servicios","product_category-productos-y-servicios","no-post-thumbnail"],"acf":[],"yoast_head":"<!-- This site is optimized with the Yoast SEO Premium plugin v26.0 (Yoast SEO v26.0) - https:\/\/yoast.com\/wordpress\/plugins\/seo\/ -->\n<title>Datos de Acciones Corporativas de Opciones en EE. UU. | Flujos Precisos y Oportunos<\/title>\n<meta name=\"description\" content=\"Descubra c\u00f3mo nuestras soluciones CorpAct le permiten rastrear acciones corporativas y especificaciones de contratos de futuros con precisi\u00f3n para una gesti\u00f3n eficaz del riesgo y posiciones.\" \/>\n<meta name=\"robots\" content=\"index, follow, max-snippet:-1, max-image-preview:large, max-video-preview:-1\" \/>\n<link rel=\"canonical\" href=\"https:\/\/www.exchange-data.com\/es\/producto\/acciones-corporativas-opciones-ee-uu\/\" \/>\n<meta property=\"og:locale\" content=\"es_ES\" \/>\n<meta property=\"og:type\" content=\"article\" \/>\n<meta property=\"og:title\" content=\"Opciones sobre acciones en EE. UU. | Exchange Data International\" \/>\n<meta property=\"og:description\" content=\"Descubra c\u00f3mo nuestras soluciones CorpAct le permiten rastrear acciones corporativas y especificaciones de contratos de futuros con precisi\u00f3n para una gesti\u00f3n eficaz del riesgo y posiciones.\" \/>\n<meta property=\"og:url\" content=\"https:\/\/www.exchange-data.com\/es\/producto\/acciones-corporativas-opciones-ee-uu\/\" \/>\n<meta property=\"og:site_name\" content=\"Exchange Data International\" \/>\n<meta property=\"article:modified_time\" content=\"2025-12-19T05:44:22+00:00\" \/>\n<meta name=\"twitter:card\" content=\"summary_large_image\" \/>\n<meta name=\"twitter:site\" content=\"@ExchangeData\" \/>\n<meta name=\"twitter:label1\" content=\"Tiempo de lectura\" \/>\n\t<meta name=\"twitter:data1\" content=\"2 minutos\" \/>\n<script type=\"application\/ld+json\" class=\"yoast-schema-graph\">{\"@context\":\"https:\/\/schema.org\",\"@graph\":[{\"@type\":\"WebPage\",\"@id\":\"https:\/\/www.exchange-data.com\/es\/producto\/acciones-corporativas-opciones-ee-uu\/\",\"url\":\"https:\/\/www.exchange-data.com\/es\/producto\/acciones-corporativas-opciones-ee-uu\/\",\"name\":\"Datos de Acciones Corporativas de Opciones en EE. UU. | Flujos Precisos y Oportunos\",\"isPartOf\":{\"@id\":\"https:\/\/www.exchange-data.com\/es\/#website\"},\"datePublished\":\"2024-05-09T12:45:55+00:00\",\"dateModified\":\"2025-12-19T05:44:22+00:00\",\"description\":\"Descubra c\u00f3mo nuestras soluciones CorpAct le permiten rastrear acciones corporativas y especificaciones de contratos de futuros con precisi\u00f3n para una gesti\u00f3n eficaz del riesgo y posiciones.\",\"breadcrumb\":{\"@id\":\"https:\/\/www.exchange-data.com\/es\/producto\/acciones-corporativas-opciones-ee-uu\/#breadcrumb\"},\"inLanguage\":\"es\",\"potentialAction\":[{\"@type\":\"ReadAction\",\"target\":[\"https:\/\/www.exchange-data.com\/es\/producto\/acciones-corporativas-opciones-ee-uu\/\"]}]},{\"@type\":\"BreadcrumbList\",\"@id\":\"https:\/\/www.exchange-data.com\/es\/producto\/acciones-corporativas-opciones-ee-uu\/#breadcrumb\",\"itemListElement\":[{\"@type\":\"ListItem\",\"position\":1,\"name\":\"Home\",\"item\":\"https:\/\/www.exchange-data.com\/es\/inicio\/\"},{\"@type\":\"ListItem\",\"position\":2,\"name\":\"Opciones sobre acciones en EE. UU.\"}]},{\"@type\":\"WebSite\",\"@id\":\"https:\/\/www.exchange-data.com\/es\/#website\",\"url\":\"https:\/\/www.exchange-data.com\/es\/\",\"name\":\"Exchange Data International\",\"description\":\"Doing data differently\",\"publisher\":{\"@id\":\"https:\/\/www.exchange-data.com\/es\/#organization\"},\"potentialAction\":[{\"@type\":\"SearchAction\",\"target\":{\"@type\":\"EntryPoint\",\"urlTemplate\":\"https:\/\/www.exchange-data.com\/es\/?s={search_term_string}\"},\"query-input\":{\"@type\":\"PropertyValueSpecification\",\"valueRequired\":true,\"valueName\":\"search_term_string\"}}],\"inLanguage\":\"es\"},{\"@type\":\"Organization\",\"@id\":\"https:\/\/www.exchange-data.com\/es\/#organization\",\"name\":\"Exchange Data International\",\"url\":\"https:\/\/www.exchange-data.com\/es\/\",\"logo\":{\"@type\":\"ImageObject\",\"inLanguage\":\"es\",\"@id\":\"https:\/\/www.exchange-data.com\/es\/#\/schema\/logo\/image\/\",\"url\":\"https:\/\/www.exchange-data.com\/wp-content\/uploads\/2019\/03\/logo3.png\",\"contentUrl\":\"https:\/\/www.exchange-data.com\/wp-content\/uploads\/2019\/03\/logo3.png\",\"width\":200,\"height\":80,\"caption\":\"Exchange Data International\"},\"image\":{\"@id\":\"https:\/\/www.exchange-data.com\/es\/#\/schema\/logo\/image\/\"},\"sameAs\":[\"https:\/\/x.com\/ExchangeData\",\"https:\/\/www.linkedin.com\/company\/exchange-data-international\/?viewAsMember=true\",\"https:\/\/www.youtube.com\/channel\/UC5D1OpUb22YZANRLD_Ktcgg?view_as=subscriber\"]}]}<\/script>\n<!-- \/ Yoast SEO Premium plugin. -->","yoast_head_json":{"title":"Datos de Acciones Corporativas de Opciones en EE. UU. | Flujos Precisos y Oportunos","description":"Descubra c\u00f3mo nuestras soluciones CorpAct le permiten rastrear acciones corporativas y especificaciones de contratos de futuros con precisi\u00f3n para una gesti\u00f3n eficaz del riesgo y posiciones.","robots":{"index":"index","follow":"follow","max-snippet":"max-snippet:-1","max-image-preview":"max-image-preview:large","max-video-preview":"max-video-preview:-1"},"canonical":"https:\/\/www.exchange-data.com\/es\/producto\/acciones-corporativas-opciones-ee-uu\/","og_locale":"es_ES","og_type":"article","og_title":"Opciones sobre acciones en EE. UU. | Exchange Data International","og_description":"Descubra c\u00f3mo nuestras soluciones CorpAct le permiten rastrear acciones corporativas y especificaciones de contratos de futuros con precisi\u00f3n para una gesti\u00f3n eficaz del riesgo y posiciones.","og_url":"https:\/\/www.exchange-data.com\/es\/producto\/acciones-corporativas-opciones-ee-uu\/","og_site_name":"Exchange Data International","article_modified_time":"2025-12-19T05:44:22+00:00","twitter_card":"summary_large_image","twitter_site":"@ExchangeData","twitter_misc":{"Tiempo de lectura":"2 minutos"},"schema":{"@context":"https:\/\/schema.org","@graph":[{"@type":"WebPage","@id":"https:\/\/www.exchange-data.com\/es\/producto\/acciones-corporativas-opciones-ee-uu\/","url":"https:\/\/www.exchange-data.com\/es\/producto\/acciones-corporativas-opciones-ee-uu\/","name":"Datos de Acciones Corporativas de Opciones en EE. UU. | Flujos Precisos y Oportunos","isPartOf":{"@id":"https:\/\/www.exchange-data.com\/es\/#website"},"datePublished":"2024-05-09T12:45:55+00:00","dateModified":"2025-12-19T05:44:22+00:00","description":"Descubra c\u00f3mo nuestras soluciones CorpAct le permiten rastrear acciones corporativas y especificaciones de contratos de futuros con precisi\u00f3n para una gesti\u00f3n eficaz del riesgo y posiciones.","breadcrumb":{"@id":"https:\/\/www.exchange-data.com\/es\/producto\/acciones-corporativas-opciones-ee-uu\/#breadcrumb"},"inLanguage":"es","potentialAction":[{"@type":"ReadAction","target":["https:\/\/www.exchange-data.com\/es\/producto\/acciones-corporativas-opciones-ee-uu\/"]}]},{"@type":"BreadcrumbList","@id":"https:\/\/www.exchange-data.com\/es\/producto\/acciones-corporativas-opciones-ee-uu\/#breadcrumb","itemListElement":[{"@type":"ListItem","position":1,"name":"Home","item":"https:\/\/www.exchange-data.com\/es\/inicio\/"},{"@type":"ListItem","position":2,"name":"Opciones sobre acciones en EE. UU."}]},{"@type":"WebSite","@id":"https:\/\/www.exchange-data.com\/es\/#website","url":"https:\/\/www.exchange-data.com\/es\/","name":"Exchange Data International","description":"Doing data differently","publisher":{"@id":"https:\/\/www.exchange-data.com\/es\/#organization"},"potentialAction":[{"@type":"SearchAction","target":{"@type":"EntryPoint","urlTemplate":"https:\/\/www.exchange-data.com\/es\/?s={search_term_string}"},"query-input":{"@type":"PropertyValueSpecification","valueRequired":true,"valueName":"search_term_string"}}],"inLanguage":"es"},{"@type":"Organization","@id":"https:\/\/www.exchange-data.com\/es\/#organization","name":"Exchange Data International","url":"https:\/\/www.exchange-data.com\/es\/","logo":{"@type":"ImageObject","inLanguage":"es","@id":"https:\/\/www.exchange-data.com\/es\/#\/schema\/logo\/image\/","url":"https:\/\/www.exchange-data.com\/wp-content\/uploads\/2019\/03\/logo3.png","contentUrl":"https:\/\/www.exchange-data.com\/wp-content\/uploads\/2019\/03\/logo3.png","width":200,"height":80,"caption":"Exchange Data International"},"image":{"@id":"https:\/\/www.exchange-data.com\/es\/#\/schema\/logo\/image\/"},"sameAs":["https:\/\/x.com\/ExchangeData","https:\/\/www.linkedin.com\/company\/exchange-data-international\/?viewAsMember=true","https:\/\/www.youtube.com\/channel\/UC5D1OpUb22YZANRLD_Ktcgg?view_as=subscriber"]}]}},"_links":{"self":[{"href":"https:\/\/www.exchange-data.com\/es\/wp-json\/wp\/v2\/product\/35972","targetHints":{"allow":["GET"]}}],"collection":[{"href":"https:\/\/www.exchange-data.com\/es\/wp-json\/wp\/v2\/product"}],"about":[{"href":"https:\/\/www.exchange-data.com\/es\/wp-json\/wp\/v2\/types\/product"}],"wp:attachment":[{"href":"https:\/\/www.exchange-data.com\/es\/wp-json\/wp\/v2\/media?parent=35972"}],"wp:term":[{"taxonomy":"country","embeddable":true,"href":"https:\/\/www.exchange-data.com\/es\/wp-json\/wp\/v2\/country?post=35972"},{"taxonomy":"product_category","embeddable":true,"href":"https:\/\/www.exchange-data.com\/es\/wp-json\/wp\/v2\/product_category?post=35972"}],"curies":[{"name":"wp","href":"https:\/\/api.w.org\/{rel}","templated":true}]}}