{"id":35973,"date":"2019-03-29T17:36:44","date_gmt":"2019-03-29T16:36:44","guid":{"rendered":"https:\/\/www.exchange-data.com\/product\/derivactions\/"},"modified":"2025-10-10T07:51:59","modified_gmt":"2025-10-10T06:51:59","slug":"derivactions","status":"publish","type":"product","link":"https:\/\/www.exchange-data.com\/es\/producto\/derivactions\/","title":{"rendered":"DerivActions"},"content":{"rendered":"<h4>Controle de forma eficiente los eventos corporativos que impactan contratos de futuros y opciones<\/h4>\n<p align=\"justify\"><span style=\"font-weight: 400;\">. DerivActions proporciona informaci\u00f3n detallada sobre avisos de ajuste emitidos por las bolsas, en un formato estandarizado, legible por m\u00e1quina y con enlace directo al comunicado oficial cuando est\u00e9 disponible.<\/span><\/p>\n<p>&nbsp;<\/p>\n<p align=\"justify\">Adem\u00e1s, DerivActions genera dos flujos de datos activados por acciones corporativas sobre el activo subyacente:<\/p>\n<ul>\n<li><b>Flujo de Alertas de Acciones Corporativas:<\/b> Listado de emisores con instrumentos vinculados al subyacente afectado.<\/li>\n<li><b>Series Derivadas y L\u00edneas de Negociaci\u00f3n: <\/b>Cat\u00e1logo completo de instrumentos derivados relacionados con la acci\u00f3n corporativa.<\/li>\n<\/ul>\n<p align=\"justify\"><span style=\"font-weight: 400;\">DerivActions est\u00e1 integrado directamente con nuestro servicio global de <a href=\"https:\/\/www.exchange-data.com\/es\/producto\/acciones-corporativas-en-todo-el-mundo\/\">Acciones Corporativas<\/a>, lo que garantiza cobertura completa de todos los tipos de eventos, desde splits y fusiones hasta dividendos especiales y reorganizaciones.<\/span><\/p>\n<p align=\"justify\"><span style=\"font-weight: 400;\">Los clientes pueden suscribirse al universo completo o configurar el flujo de datos seg\u00fan sus necesidades espec\u00edficas: por bolsa, c\u00f3digos ra\u00edz, l\u00edneas de negociaci\u00f3n o activos subyacentes, incluyendo aquellos con datos sobre posiciones cortas relevantes para su operativa.<\/span><\/p>\n<p>&nbsp;<\/p>\n","protected":false},"featured_media":34154,"template":"","country":[],"product_category":[3183,3178],"class_list":["post-35973","product","type-product","status-publish","has-post-thumbnail","hentry","product_category-datos-sobre-derivados-e-intereses-en-corto-productos-y-servicios","product_category-productos-y-servicios"],"acf":[],"yoast_head":"<!-- This site is optimized with the Yoast SEO Premium plugin v26.0 (Yoast SEO v26.0) - https:\/\/yoast.com\/wordpress\/plugins\/seo\/ -->\n<title>DerivActions: seguimiento de acciones corporativas y datos sobre posiciones cortas en derivados<\/title>\n<meta name=\"description\" content=\"Controle eficazmente las acciones corporativas que afectan a futuros y opciones con DerivActions y acceda a datos sobre posiciones cortas relevantes en instrumentos derivados.\" \/>\n<meta name=\"robots\" content=\"index, follow, max-snippet:-1, max-image-preview:large, max-video-preview:-1\" \/>\n<link rel=\"canonical\" href=\"https:\/\/www.exchange-data.com\/es\/producto\/derivactions\/\" \/>\n<meta property=\"og:locale\" content=\"es_ES\" \/>\n<meta property=\"og:type\" content=\"article\" \/>\n<meta property=\"og:title\" content=\"DerivActions\" \/>\n<meta property=\"og:description\" content=\"DerivActions proporciona informaci\u00f3n detallada sobre los avisos de ajuste de los tipos de cambio en un formato normalizado y legible por m\u00e1quina, con un enlace al aviso de cambio original, siempre que se facilite. Adem\u00e1s, DerivActions genera 2 feeds, activados por acciones corporativas sobre el valor subyacente.\" \/>\n<meta property=\"og:url\" content=\"https:\/\/www.exchange-data.com\/es\/producto\/derivactions\/\" \/>\n<meta property=\"og:site_name\" content=\"Exchange Data International\" \/>\n<meta property=\"article:modified_time\" content=\"2025-10-10T06:51:59+00:00\" \/>\n<meta property=\"og:image\" content=\"https:\/\/www.exchange-data.com\/wp-content\/uploads\/2015\/09\/EDI-Post-Featured-Image-700x400-1.png\" \/>\n<meta name=\"twitter:card\" content=\"summary_large_image\" \/>\n<meta name=\"twitter:title\" content=\"DerivActions\" \/>\n<meta name=\"twitter:description\" content=\"DerivActions proporciona informaci\u00f3n detallada sobre los avisos de ajuste de los tipos de cambio en un formato normalizado y legible por m\u00e1quina, con un enlace al aviso de cambio original, siempre que se facilite. Adem\u00e1s, DerivActions genera 2 feeds, activados por acciones corporativas sobre el valor subyacente.\" \/>\n<meta name=\"twitter:image\" content=\"https:\/\/www.exchange-data.com\/wp-content\/uploads\/2015\/09\/EDI-Post-Featured-Image-700x400-1.png\" \/>\n<meta name=\"twitter:site\" content=\"@ExchangeData\" \/>\n<meta name=\"twitter:label1\" content=\"Tiempo de lectura\" \/>\n\t<meta name=\"twitter:data1\" content=\"1 minuto\" \/>\n<script type=\"application\/ld+json\" class=\"yoast-schema-graph\">{\"@context\":\"https:\/\/schema.org\",\"@graph\":[{\"@type\":\"WebPage\",\"@id\":\"https:\/\/www.exchange-data.com\/es\/producto\/derivactions\/\",\"url\":\"https:\/\/www.exchange-data.com\/es\/producto\/derivactions\/\",\"name\":\"DerivActions: seguimiento de acciones corporativas y datos sobre posiciones cortas en derivados\",\"isPartOf\":{\"@id\":\"https:\/\/www.exchange-data.com\/es\/#website\"},\"primaryImageOfPage\":{\"@id\":\"https:\/\/www.exchange-data.com\/es\/producto\/derivactions\/#primaryimage\"},\"image\":{\"@id\":\"https:\/\/www.exchange-data.com\/es\/producto\/derivactions\/#primaryimage\"},\"thumbnailUrl\":\"https:\/\/www.exchange-data.com\/wp-content\/uploads\/2015\/09\/EDI-Post-Featured-Image-700x400-1.png\",\"datePublished\":\"2019-03-29T16:36:44+00:00\",\"dateModified\":\"2025-10-10T06:51:59+00:00\",\"description\":\"Controle eficazmente las acciones corporativas que afectan a futuros y opciones con DerivActions y acceda a datos sobre posiciones cortas relevantes en instrumentos derivados.\",\"breadcrumb\":{\"@id\":\"https:\/\/www.exchange-data.com\/es\/producto\/derivactions\/#breadcrumb\"},\"inLanguage\":\"es\",\"potentialAction\":[{\"@type\":\"ReadAction\",\"target\":[\"https:\/\/www.exchange-data.com\/es\/producto\/derivactions\/\"]}]},{\"@type\":\"ImageObject\",\"inLanguage\":\"es\",\"@id\":\"https:\/\/www.exchange-data.com\/es\/producto\/derivactions\/#primaryimage\",\"url\":\"https:\/\/www.exchange-data.com\/wp-content\/uploads\/2015\/09\/EDI-Post-Featured-Image-700x400-1.png\",\"contentUrl\":\"https:\/\/www.exchange-data.com\/wp-content\/uploads\/2015\/09\/EDI-Post-Featured-Image-700x400-1.png\",\"width\":700,\"height\":400,\"caption\":\"Exchange Data International\"},{\"@type\":\"BreadcrumbList\",\"@id\":\"https:\/\/www.exchange-data.com\/es\/producto\/derivactions\/#breadcrumb\",\"itemListElement\":[{\"@type\":\"ListItem\",\"position\":1,\"name\":\"Home\",\"item\":\"https:\/\/www.exchange-data.com\/es\/inicio\/\"},{\"@type\":\"ListItem\",\"position\":2,\"name\":\"DerivActions\"}]},{\"@type\":\"WebSite\",\"@id\":\"https:\/\/www.exchange-data.com\/es\/#website\",\"url\":\"https:\/\/www.exchange-data.com\/es\/\",\"name\":\"Exchange Data International\",\"description\":\"Doing data differently\",\"publisher\":{\"@id\":\"https:\/\/www.exchange-data.com\/es\/#organization\"},\"potentialAction\":[{\"@type\":\"SearchAction\",\"target\":{\"@type\":\"EntryPoint\",\"urlTemplate\":\"https:\/\/www.exchange-data.com\/es\/?s={search_term_string}\"},\"query-input\":{\"@type\":\"PropertyValueSpecification\",\"valueRequired\":true,\"valueName\":\"search_term_string\"}}],\"inLanguage\":\"es\"},{\"@type\":\"Organization\",\"@id\":\"https:\/\/www.exchange-data.com\/es\/#organization\",\"name\":\"Exchange Data International\",\"url\":\"https:\/\/www.exchange-data.com\/es\/\",\"logo\":{\"@type\":\"ImageObject\",\"inLanguage\":\"es\",\"@id\":\"https:\/\/www.exchange-data.com\/es\/#\/schema\/logo\/image\/\",\"url\":\"https:\/\/www.exchange-data.com\/wp-content\/uploads\/2019\/03\/logo3.png\",\"contentUrl\":\"https:\/\/www.exchange-data.com\/wp-content\/uploads\/2019\/03\/logo3.png\",\"width\":200,\"height\":80,\"caption\":\"Exchange Data International\"},\"image\":{\"@id\":\"https:\/\/www.exchange-data.com\/es\/#\/schema\/logo\/image\/\"},\"sameAs\":[\"https:\/\/x.com\/ExchangeData\",\"https:\/\/www.linkedin.com\/company\/exchange-data-international\/?viewAsMember=true\",\"https:\/\/www.youtube.com\/channel\/UC5D1OpUb22YZANRLD_Ktcgg?view_as=subscriber\"]}]}<\/script>\n<!-- \/ Yoast SEO Premium plugin. -->","yoast_head_json":{"title":"DerivActions: seguimiento de acciones corporativas y datos sobre posiciones cortas en derivados","description":"Controle eficazmente las acciones corporativas que afectan a futuros y opciones con DerivActions y acceda a datos sobre posiciones cortas relevantes en instrumentos derivados.","robots":{"index":"index","follow":"follow","max-snippet":"max-snippet:-1","max-image-preview":"max-image-preview:large","max-video-preview":"max-video-preview:-1"},"canonical":"https:\/\/www.exchange-data.com\/es\/producto\/derivactions\/","og_locale":"es_ES","og_type":"article","og_title":"DerivActions","og_description":"DerivActions proporciona informaci\u00f3n detallada sobre los avisos de ajuste de los tipos de cambio en un formato normalizado y legible por m\u00e1quina, con un enlace al aviso de cambio original, siempre que se facilite. Adem\u00e1s, DerivActions genera 2 feeds, activados por acciones corporativas sobre el valor subyacente.","og_url":"https:\/\/www.exchange-data.com\/es\/producto\/derivactions\/","og_site_name":"Exchange Data International","article_modified_time":"2025-10-10T06:51:59+00:00","og_image":[{"url":"https:\/\/www.exchange-data.com\/wp-content\/uploads\/2015\/09\/EDI-Post-Featured-Image-700x400-1.png","type":"","width":"","height":""}],"twitter_card":"summary_large_image","twitter_title":"DerivActions","twitter_description":"DerivActions proporciona informaci\u00f3n detallada sobre los avisos de ajuste de los tipos de cambio en un formato normalizado y legible por m\u00e1quina, con un enlace al aviso de cambio original, siempre que se facilite. Adem\u00e1s, DerivActions genera 2 feeds, activados por acciones corporativas sobre el valor subyacente.","twitter_image":"https:\/\/www.exchange-data.com\/wp-content\/uploads\/2015\/09\/EDI-Post-Featured-Image-700x400-1.png","twitter_site":"@ExchangeData","twitter_misc":{"Tiempo de lectura":"1 minuto"},"schema":{"@context":"https:\/\/schema.org","@graph":[{"@type":"WebPage","@id":"https:\/\/www.exchange-data.com\/es\/producto\/derivactions\/","url":"https:\/\/www.exchange-data.com\/es\/producto\/derivactions\/","name":"DerivActions: seguimiento de acciones corporativas y datos sobre posiciones cortas en derivados","isPartOf":{"@id":"https:\/\/www.exchange-data.com\/es\/#website"},"primaryImageOfPage":{"@id":"https:\/\/www.exchange-data.com\/es\/producto\/derivactions\/#primaryimage"},"image":{"@id":"https:\/\/www.exchange-data.com\/es\/producto\/derivactions\/#primaryimage"},"thumbnailUrl":"https:\/\/www.exchange-data.com\/wp-content\/uploads\/2015\/09\/EDI-Post-Featured-Image-700x400-1.png","datePublished":"2019-03-29T16:36:44+00:00","dateModified":"2025-10-10T06:51:59+00:00","description":"Controle eficazmente las acciones corporativas que afectan a futuros y opciones con DerivActions y acceda a datos sobre posiciones cortas relevantes en instrumentos derivados.","breadcrumb":{"@id":"https:\/\/www.exchange-data.com\/es\/producto\/derivactions\/#breadcrumb"},"inLanguage":"es","potentialAction":[{"@type":"ReadAction","target":["https:\/\/www.exchange-data.com\/es\/producto\/derivactions\/"]}]},{"@type":"ImageObject","inLanguage":"es","@id":"https:\/\/www.exchange-data.com\/es\/producto\/derivactions\/#primaryimage","url":"https:\/\/www.exchange-data.com\/wp-content\/uploads\/2015\/09\/EDI-Post-Featured-Image-700x400-1.png","contentUrl":"https:\/\/www.exchange-data.com\/wp-content\/uploads\/2015\/09\/EDI-Post-Featured-Image-700x400-1.png","width":700,"height":400,"caption":"Exchange Data International"},{"@type":"BreadcrumbList","@id":"https:\/\/www.exchange-data.com\/es\/producto\/derivactions\/#breadcrumb","itemListElement":[{"@type":"ListItem","position":1,"name":"Home","item":"https:\/\/www.exchange-data.com\/es\/inicio\/"},{"@type":"ListItem","position":2,"name":"DerivActions"}]},{"@type":"WebSite","@id":"https:\/\/www.exchange-data.com\/es\/#website","url":"https:\/\/www.exchange-data.com\/es\/","name":"Exchange Data International","description":"Doing data differently","publisher":{"@id":"https:\/\/www.exchange-data.com\/es\/#organization"},"potentialAction":[{"@type":"SearchAction","target":{"@type":"EntryPoint","urlTemplate":"https:\/\/www.exchange-data.com\/es\/?s={search_term_string}"},"query-input":{"@type":"PropertyValueSpecification","valueRequired":true,"valueName":"search_term_string"}}],"inLanguage":"es"},{"@type":"Organization","@id":"https:\/\/www.exchange-data.com\/es\/#organization","name":"Exchange Data International","url":"https:\/\/www.exchange-data.com\/es\/","logo":{"@type":"ImageObject","inLanguage":"es","@id":"https:\/\/www.exchange-data.com\/es\/#\/schema\/logo\/image\/","url":"https:\/\/www.exchange-data.com\/wp-content\/uploads\/2019\/03\/logo3.png","contentUrl":"https:\/\/www.exchange-data.com\/wp-content\/uploads\/2019\/03\/logo3.png","width":200,"height":80,"caption":"Exchange Data International"},"image":{"@id":"https:\/\/www.exchange-data.com\/es\/#\/schema\/logo\/image\/"},"sameAs":["https:\/\/x.com\/ExchangeData","https:\/\/www.linkedin.com\/company\/exchange-data-international\/?viewAsMember=true","https:\/\/www.youtube.com\/channel\/UC5D1OpUb22YZANRLD_Ktcgg?view_as=subscriber"]}]}},"_links":{"self":[{"href":"https:\/\/www.exchange-data.com\/es\/wp-json\/wp\/v2\/product\/35973","targetHints":{"allow":["GET"]}}],"collection":[{"href":"https:\/\/www.exchange-data.com\/es\/wp-json\/wp\/v2\/product"}],"about":[{"href":"https:\/\/www.exchange-data.com\/es\/wp-json\/wp\/v2\/types\/product"}],"wp:featuredmedia":[{"embeddable":true,"href":"https:\/\/www.exchange-data.com\/es\/wp-json\/wp\/v2\/media\/34154"}],"wp:attachment":[{"href":"https:\/\/www.exchange-data.com\/es\/wp-json\/wp\/v2\/media?parent=35973"}],"wp:term":[{"taxonomy":"country","embeddable":true,"href":"https:\/\/www.exchange-data.com\/es\/wp-json\/wp\/v2\/country?post=35973"},{"taxonomy":"product_category","embeddable":true,"href":"https:\/\/www.exchange-data.com\/es\/wp-json\/wp\/v2\/product_category?post=35973"}],"curies":[{"name":"wp","href":"https:\/\/api.w.org\/{rel}","templated":true}]}}