{"id":35974,"date":"2019-03-21T10:12:44","date_gmt":"2019-03-21T09:12:44","guid":{"rendered":"https:\/\/www.exchange-data.com\/product\/fijacion-del-precio-de-los-derivados-al-final-del-dia\/"},"modified":"2026-01-19T13:56:13","modified_gmt":"2026-01-19T12:56:13","slug":"fijacion-del-precio-de-los-derivados-al-final-del-dia","status":"publish","type":"product","link":"https:\/\/www.exchange-data.com\/es\/producto\/fijacion-del-precio-de-los-derivados-al-final-del-dia\/","title":{"rendered":"Precios de Derivados al Cierre"},"content":{"rendered":"<p align=\"justify\"><span style=\"font-weight: 400;\">Este servicio se enfoca en futuros y opciones cotizados en bolsas reguladas, e incluye acceso complementario a los servicios de <a href=\"https:\/\/www.exchange-data.com\/es\/producto\/datos-de-referencia-de-derivados\/\">Datos de Referencia de Derivados<\/a> y <a href=\"https:\/\/www.exchange-data.com\/es\/producto\/derivactions\/\">DerivActions<\/a>.<\/span><\/p>\n<p>&nbsp;<\/p>\n<h4>Acceso r\u00e1pido a precios de cierre precisos<br \/><\/h4>\n<p align=\"justify\">Utilice el archivo de Precios de Derivados al final del d\u00eda para identificar eficazmente cualquier contrato de derivados espec\u00edfico en nuestra amplia base de datos. Los elementos de datos incluyen: <\/p>\n<table>\n<tbody>\n<tr>\n<td>\n<ul>\n<li>M\u00e1ximo<\/li>\n<li>M\u00ednimo<\/li>\n<li>Apertura<\/li>\n<li>Cierre<\/li>\n<li>Compra (Bid)<\/li>\n<\/ul>\n<\/td>\n<td>\n<ul>\n<li>Venta (Ask)<\/li>\n<li>Inter\u00e9s abierto<\/li>\n<li>N\u00famero de operaciones<\/li>\n<li>Volumen negociado<\/li>\n<\/ul>\n<\/td>\n<\/tr>\n<\/tbody>\n<\/table>\n<p align=\"justify\"><span style=\"font-weight: 400;\">Los precios pueden entregarse por bolsa, por cartera o a nivel consolidado, adapt\u00e1ndose a sus requerimientos operativos y a los distintos horarios de negociaci\u00f3n de derivados.<\/span><\/p>\n<p>&nbsp;<\/p>\n<p align=\"justify\"><span style=\"font-weight: 400;\">Adem\u00e1s, con la Entrega de Datos automatizada de los Deltas de Opciones, podr\u00e1 monitorear en tiempo real c\u00f3mo var\u00eda el precio de una opci\u00f3n sobre acciones en funci\u00f3n del comportamiento de su activo subyacente.<\/span><\/p>\n<p>&nbsp;<\/p>\n","protected":false},"featured_media":34154,"template":"","country":[],"product_category":[3183,3178],"class_list":["post-35974","product","type-product","status-publish","has-post-thumbnail","hentry","product_category-datos-sobre-derivados-e-intereses-en-corto-productos-y-servicios","product_category-productos-y-servicios"],"acf":[],"yoast_head":"<!-- This site is optimized with the Yoast SEO Premium plugin v26.0 (Yoast SEO v26.0) - https:\/\/yoast.com\/wordpress\/plugins\/seo\/ -->\n<title>Precios de cierre y horarios de negociaci\u00f3n de derivados en mercados organizados<\/title>\n<meta name=\"description\" content=\"Acceda r\u00e1pidamente a precios de cierre precisos y datos clave sobre horarios de negociaci\u00f3n de derivados, opciones y futuros cotizados en bolsa.\" \/>\n<meta name=\"robots\" content=\"index, follow, max-snippet:-1, max-image-preview:large, max-video-preview:-1\" \/>\n<link rel=\"canonical\" href=\"https:\/\/www.exchange-data.com\/es\/producto\/fijacion-del-precio-de-los-derivados-al-final-del-dia\/\" \/>\n<meta property=\"og:locale\" content=\"es_ES\" \/>\n<meta property=\"og:type\" content=\"article\" \/>\n<meta property=\"og:title\" content=\"Fijaci\u00f3n del precio de los derivados al final del d\u00eda\" \/>\n<meta property=\"og:description\" content=\"Los datos de derivados negociados en bolsa se centran en futuros y opciones negociados en bolsa. Tambi\u00e9n est\u00e1n disponibles Derivatives Reference Data y DerivActions. Obtenga acceso r\u00e1pido a datos precisos de precios de cierre. Utilice el archivo Derivative end-of-Day Pricing para identificar eficazmente cualquier contrato de derivados espec\u00edfico en nuestra amplia base de datos. Los elementos de datos incluyen:\" \/>\n<meta property=\"og:url\" content=\"https:\/\/www.exchange-data.com\/es\/producto\/fijacion-del-precio-de-los-derivados-al-final-del-dia\/\" \/>\n<meta property=\"og:site_name\" content=\"Exchange Data International\" \/>\n<meta property=\"article:modified_time\" content=\"2026-01-19T12:56:13+00:00\" \/>\n<meta property=\"og:image\" content=\"https:\/\/www.exchange-data.com\/wp-content\/uploads\/2015\/09\/EDI-Post-Featured-Image-700x400-1.png\" \/>\n<meta name=\"twitter:card\" content=\"summary_large_image\" \/>\n<meta name=\"twitter:title\" content=\"Fijaci\u00f3n del precio de los derivados al final del d\u00eda\" \/>\n<meta name=\"twitter:description\" content=\"Los datos de derivados negociados en bolsa se centran en futuros y opciones negociados en bolsa. Tambi\u00e9n est\u00e1n disponibles Derivatives Reference Data y DerivActions. Obtenga acceso r\u00e1pido a datos precisos de precios de cierre. Utilice el archivo Derivative end-of-Day Pricing para identificar eficazmente cualquier contrato de derivados espec\u00edfico en nuestra amplia base de datos. Los elementos de datos incluyen:\" \/>\n<meta name=\"twitter:image\" content=\"https:\/\/www.exchange-data.com\/wp-content\/uploads\/2015\/09\/EDI-Post-Featured-Image-700x400-1.png\" \/>\n<meta name=\"twitter:site\" content=\"@ExchangeData\" \/>\n<meta name=\"twitter:label1\" content=\"Tiempo de lectura\" \/>\n\t<meta name=\"twitter:data1\" content=\"1 minuto\" \/>\n<script type=\"application\/ld+json\" class=\"yoast-schema-graph\">{\"@context\":\"https:\/\/schema.org\",\"@graph\":[{\"@type\":\"WebPage\",\"@id\":\"https:\/\/www.exchange-data.com\/es\/producto\/fijacion-del-precio-de-los-derivados-al-final-del-dia\/\",\"url\":\"https:\/\/www.exchange-data.com\/es\/producto\/fijacion-del-precio-de-los-derivados-al-final-del-dia\/\",\"name\":\"Precios de cierre y horarios de negociaci\u00f3n de derivados en mercados organizados\",\"isPartOf\":{\"@id\":\"https:\/\/www.exchange-data.com\/es\/#website\"},\"primaryImageOfPage\":{\"@id\":\"https:\/\/www.exchange-data.com\/es\/producto\/fijacion-del-precio-de-los-derivados-al-final-del-dia\/#primaryimage\"},\"image\":{\"@id\":\"https:\/\/www.exchange-data.com\/es\/producto\/fijacion-del-precio-de-los-derivados-al-final-del-dia\/#primaryimage\"},\"thumbnailUrl\":\"https:\/\/www.exchange-data.com\/wp-content\/uploads\/2015\/09\/EDI-Post-Featured-Image-700x400-1.png\",\"datePublished\":\"2019-03-21T09:12:44+00:00\",\"dateModified\":\"2026-01-19T12:56:13+00:00\",\"description\":\"Acceda r\u00e1pidamente a precios de cierre precisos y datos clave sobre horarios de negociaci\u00f3n de derivados, opciones y futuros cotizados en bolsa.\",\"breadcrumb\":{\"@id\":\"https:\/\/www.exchange-data.com\/es\/producto\/fijacion-del-precio-de-los-derivados-al-final-del-dia\/#breadcrumb\"},\"inLanguage\":\"es\",\"potentialAction\":[{\"@type\":\"ReadAction\",\"target\":[\"https:\/\/www.exchange-data.com\/es\/producto\/fijacion-del-precio-de-los-derivados-al-final-del-dia\/\"]}]},{\"@type\":\"ImageObject\",\"inLanguage\":\"es\",\"@id\":\"https:\/\/www.exchange-data.com\/es\/producto\/fijacion-del-precio-de-los-derivados-al-final-del-dia\/#primaryimage\",\"url\":\"https:\/\/www.exchange-data.com\/wp-content\/uploads\/2015\/09\/EDI-Post-Featured-Image-700x400-1.png\",\"contentUrl\":\"https:\/\/www.exchange-data.com\/wp-content\/uploads\/2015\/09\/EDI-Post-Featured-Image-700x400-1.png\",\"width\":700,\"height\":400,\"caption\":\"Exchange Data International\"},{\"@type\":\"BreadcrumbList\",\"@id\":\"https:\/\/www.exchange-data.com\/es\/producto\/fijacion-del-precio-de-los-derivados-al-final-del-dia\/#breadcrumb\",\"itemListElement\":[{\"@type\":\"ListItem\",\"position\":1,\"name\":\"Home\",\"item\":\"https:\/\/www.exchange-data.com\/es\/inicio\/\"},{\"@type\":\"ListItem\",\"position\":2,\"name\":\"Precios de Derivados al Cierre\"}]},{\"@type\":\"WebSite\",\"@id\":\"https:\/\/www.exchange-data.com\/es\/#website\",\"url\":\"https:\/\/www.exchange-data.com\/es\/\",\"name\":\"Exchange Data International\",\"description\":\"Doing data differently\",\"publisher\":{\"@id\":\"https:\/\/www.exchange-data.com\/es\/#organization\"},\"potentialAction\":[{\"@type\":\"SearchAction\",\"target\":{\"@type\":\"EntryPoint\",\"urlTemplate\":\"https:\/\/www.exchange-data.com\/es\/?s={search_term_string}\"},\"query-input\":{\"@type\":\"PropertyValueSpecification\",\"valueRequired\":true,\"valueName\":\"search_term_string\"}}],\"inLanguage\":\"es\"},{\"@type\":\"Organization\",\"@id\":\"https:\/\/www.exchange-data.com\/es\/#organization\",\"name\":\"Exchange Data International\",\"url\":\"https:\/\/www.exchange-data.com\/es\/\",\"logo\":{\"@type\":\"ImageObject\",\"inLanguage\":\"es\",\"@id\":\"https:\/\/www.exchange-data.com\/es\/#\/schema\/logo\/image\/\",\"url\":\"https:\/\/www.exchange-data.com\/wp-content\/uploads\/2019\/03\/logo3.png\",\"contentUrl\":\"https:\/\/www.exchange-data.com\/wp-content\/uploads\/2019\/03\/logo3.png\",\"width\":200,\"height\":80,\"caption\":\"Exchange Data International\"},\"image\":{\"@id\":\"https:\/\/www.exchange-data.com\/es\/#\/schema\/logo\/image\/\"},\"sameAs\":[\"https:\/\/x.com\/ExchangeData\",\"https:\/\/www.linkedin.com\/company\/exchange-data-international\/?viewAsMember=true\",\"https:\/\/www.youtube.com\/channel\/UC5D1OpUb22YZANRLD_Ktcgg?view_as=subscriber\"]}]}<\/script>\n<!-- \/ Yoast SEO Premium plugin. -->","yoast_head_json":{"title":"Precios de cierre y horarios de negociaci\u00f3n de derivados en mercados organizados","description":"Acceda r\u00e1pidamente a precios de cierre precisos y datos clave sobre horarios de negociaci\u00f3n de derivados, opciones y futuros cotizados en bolsa.","robots":{"index":"index","follow":"follow","max-snippet":"max-snippet:-1","max-image-preview":"max-image-preview:large","max-video-preview":"max-video-preview:-1"},"canonical":"https:\/\/www.exchange-data.com\/es\/producto\/fijacion-del-precio-de-los-derivados-al-final-del-dia\/","og_locale":"es_ES","og_type":"article","og_title":"Fijaci\u00f3n del precio de los derivados al final del d\u00eda","og_description":"Los datos de derivados negociados en bolsa se centran en futuros y opciones negociados en bolsa. Tambi\u00e9n est\u00e1n disponibles Derivatives Reference Data y DerivActions. Obtenga acceso r\u00e1pido a datos precisos de precios de cierre. Utilice el archivo Derivative end-of-Day Pricing para identificar eficazmente cualquier contrato de derivados espec\u00edfico en nuestra amplia base de datos. Los elementos de datos incluyen:","og_url":"https:\/\/www.exchange-data.com\/es\/producto\/fijacion-del-precio-de-los-derivados-al-final-del-dia\/","og_site_name":"Exchange Data International","article_modified_time":"2026-01-19T12:56:13+00:00","og_image":[{"url":"https:\/\/www.exchange-data.com\/wp-content\/uploads\/2015\/09\/EDI-Post-Featured-Image-700x400-1.png","type":"","width":"","height":""}],"twitter_card":"summary_large_image","twitter_title":"Fijaci\u00f3n del precio de los derivados al final del d\u00eda","twitter_description":"Los datos de derivados negociados en bolsa se centran en futuros y opciones negociados en bolsa. Tambi\u00e9n est\u00e1n disponibles Derivatives Reference Data y DerivActions. Obtenga acceso r\u00e1pido a datos precisos de precios de cierre. Utilice el archivo Derivative end-of-Day Pricing para identificar eficazmente cualquier contrato de derivados espec\u00edfico en nuestra amplia base de datos. Los elementos de datos incluyen:","twitter_image":"https:\/\/www.exchange-data.com\/wp-content\/uploads\/2015\/09\/EDI-Post-Featured-Image-700x400-1.png","twitter_site":"@ExchangeData","twitter_misc":{"Tiempo de lectura":"1 minuto"},"schema":{"@context":"https:\/\/schema.org","@graph":[{"@type":"WebPage","@id":"https:\/\/www.exchange-data.com\/es\/producto\/fijacion-del-precio-de-los-derivados-al-final-del-dia\/","url":"https:\/\/www.exchange-data.com\/es\/producto\/fijacion-del-precio-de-los-derivados-al-final-del-dia\/","name":"Precios de cierre y horarios de negociaci\u00f3n de derivados en mercados organizados","isPartOf":{"@id":"https:\/\/www.exchange-data.com\/es\/#website"},"primaryImageOfPage":{"@id":"https:\/\/www.exchange-data.com\/es\/producto\/fijacion-del-precio-de-los-derivados-al-final-del-dia\/#primaryimage"},"image":{"@id":"https:\/\/www.exchange-data.com\/es\/producto\/fijacion-del-precio-de-los-derivados-al-final-del-dia\/#primaryimage"},"thumbnailUrl":"https:\/\/www.exchange-data.com\/wp-content\/uploads\/2015\/09\/EDI-Post-Featured-Image-700x400-1.png","datePublished":"2019-03-21T09:12:44+00:00","dateModified":"2026-01-19T12:56:13+00:00","description":"Acceda r\u00e1pidamente a precios de cierre precisos y datos clave sobre horarios de negociaci\u00f3n de derivados, opciones y futuros cotizados en bolsa.","breadcrumb":{"@id":"https:\/\/www.exchange-data.com\/es\/producto\/fijacion-del-precio-de-los-derivados-al-final-del-dia\/#breadcrumb"},"inLanguage":"es","potentialAction":[{"@type":"ReadAction","target":["https:\/\/www.exchange-data.com\/es\/producto\/fijacion-del-precio-de-los-derivados-al-final-del-dia\/"]}]},{"@type":"ImageObject","inLanguage":"es","@id":"https:\/\/www.exchange-data.com\/es\/producto\/fijacion-del-precio-de-los-derivados-al-final-del-dia\/#primaryimage","url":"https:\/\/www.exchange-data.com\/wp-content\/uploads\/2015\/09\/EDI-Post-Featured-Image-700x400-1.png","contentUrl":"https:\/\/www.exchange-data.com\/wp-content\/uploads\/2015\/09\/EDI-Post-Featured-Image-700x400-1.png","width":700,"height":400,"caption":"Exchange Data International"},{"@type":"BreadcrumbList","@id":"https:\/\/www.exchange-data.com\/es\/producto\/fijacion-del-precio-de-los-derivados-al-final-del-dia\/#breadcrumb","itemListElement":[{"@type":"ListItem","position":1,"name":"Home","item":"https:\/\/www.exchange-data.com\/es\/inicio\/"},{"@type":"ListItem","position":2,"name":"Precios de Derivados al Cierre"}]},{"@type":"WebSite","@id":"https:\/\/www.exchange-data.com\/es\/#website","url":"https:\/\/www.exchange-data.com\/es\/","name":"Exchange Data International","description":"Doing data differently","publisher":{"@id":"https:\/\/www.exchange-data.com\/es\/#organization"},"potentialAction":[{"@type":"SearchAction","target":{"@type":"EntryPoint","urlTemplate":"https:\/\/www.exchange-data.com\/es\/?s={search_term_string}"},"query-input":{"@type":"PropertyValueSpecification","valueRequired":true,"valueName":"search_term_string"}}],"inLanguage":"es"},{"@type":"Organization","@id":"https:\/\/www.exchange-data.com\/es\/#organization","name":"Exchange Data International","url":"https:\/\/www.exchange-data.com\/es\/","logo":{"@type":"ImageObject","inLanguage":"es","@id":"https:\/\/www.exchange-data.com\/es\/#\/schema\/logo\/image\/","url":"https:\/\/www.exchange-data.com\/wp-content\/uploads\/2019\/03\/logo3.png","contentUrl":"https:\/\/www.exchange-data.com\/wp-content\/uploads\/2019\/03\/logo3.png","width":200,"height":80,"caption":"Exchange Data International"},"image":{"@id":"https:\/\/www.exchange-data.com\/es\/#\/schema\/logo\/image\/"},"sameAs":["https:\/\/x.com\/ExchangeData","https:\/\/www.linkedin.com\/company\/exchange-data-international\/?viewAsMember=true","https:\/\/www.youtube.com\/channel\/UC5D1OpUb22YZANRLD_Ktcgg?view_as=subscriber"]}]}},"_links":{"self":[{"href":"https:\/\/www.exchange-data.com\/es\/wp-json\/wp\/v2\/product\/35974","targetHints":{"allow":["GET"]}}],"collection":[{"href":"https:\/\/www.exchange-data.com\/es\/wp-json\/wp\/v2\/product"}],"about":[{"href":"https:\/\/www.exchange-data.com\/es\/wp-json\/wp\/v2\/types\/product"}],"wp:featuredmedia":[{"embeddable":true,"href":"https:\/\/www.exchange-data.com\/es\/wp-json\/wp\/v2\/media\/34154"}],"wp:attachment":[{"href":"https:\/\/www.exchange-data.com\/es\/wp-json\/wp\/v2\/media?parent=35974"}],"wp:term":[{"taxonomy":"country","embeddable":true,"href":"https:\/\/www.exchange-data.com\/es\/wp-json\/wp\/v2\/country?post=35974"},{"taxonomy":"product_category","embeddable":true,"href":"https:\/\/www.exchange-data.com\/es\/wp-json\/wp\/v2\/product_category?post=35974"}],"curies":[{"name":"wp","href":"https:\/\/api.w.org\/{rel}","templated":true}]}}