{"id":35975,"date":"2019-02-17T14:26:23","date_gmt":"2019-02-17T13:26:23","guid":{"rendered":"https:\/\/www.exchange-data.com\/product\/datos-de-referencia-de-derivados\/"},"modified":"2026-03-23T14:11:44","modified_gmt":"2026-03-23T13:11:44","slug":"datos-de-referencia-de-derivados","status":"publish","type":"product","link":"https:\/\/www.exchange-data.com\/es\/producto\/datos-de-referencia-de-derivados\/","title":{"rendered":"Datos de referencia de derivados"},"content":{"rendered":"<h5>Obtenga informaci\u00f3n actualizada sobre futuros y opciones negociados en bolsa en los que el activo subyacente es una acci\u00f3n o un \u00edndice.<\/h5>\n<p><span style=\"font-weight: 400;\">Utilice el fichero de datos de referencia de derivados para identificar eficazmente cualquier contrato de derivados espec\u00edfico en nuestra amplia base de datos. El fichero abarca actualmente m\u00e1s de 30 campos, entre ellos: <\/span><\/p>\n<table>\n<tbody>\n<tr>\n<td>\n<ul>\n<li><span style=\"font-weight: 400;\">C\u00f3digo ra\u00edz<\/span><\/li>\n<li><span style=\"font-weight: 400;\">ISIN<\/span><\/li>\n<li><span style=\"font-weight: 400;\">FIGI\/BBGID<\/span><\/li>\n<li><span style=\"font-weight: 400;\">Aii<\/span><\/li>\n<li><span style=\"font-weight: 400;\">S\u00edmbolo OSI<\/span><\/li>\n<\/ul>\n<\/td>\n<td>\n<ul>\n<li><span style=\"font-weight: 400;\">Descripci\u00f3n de la seguridad<\/span><\/li>\n<li><span style=\"font-weight: 400;\">Detalles del instrumento subyacente<\/span><\/li>\n<li><span style=\"font-weight: 400;\">Tama\u00f1o del contrato<\/span><\/li>\n<li><span style=\"font-weight: 400;\">Estilo de ejercicio<\/span><\/li>\n<\/ul>\n<\/td>\n<\/tr>\n<\/tbody>\n<\/table>\n<h5>Determinar f\u00e1cilmente el activo subyacente en el que se basa el precio del derivado.<\/h5>\n<p><span style=\"font-weight: 400;\">Los Datos de Referencia de Derivados indican claramente el valor subyacente vinculado al contrato.<\/span><\/p>\n<table>\n<tbody>\n<tr>\n<td>\n<ul>\n<li><span style=\"font-weight: 400;\">Descripci\u00f3n de la seguridad<\/span><\/li>\n<\/ul>\n<\/td>\n<td><\/td>\n<td>\n<ul>\n<li><span style=\"font-weight: 400;\">ISIN\/SEDOL\u2122*\/TICKER<\/span><\/li>\n<\/ul>\n<\/td>\n<td><\/td>\n<td>\n<ul>\n<li><span style=\"font-weight: 400;\">Intercambio primario<\/span><\/li>\n<\/ul>\n<\/td>\n<\/tr>\n<\/tbody>\n<\/table>\n<p><span style=\"font-weight: 400;\">El servicio Derivatives Reference Data se centra en futuros y opciones negociados en bolsa. Tambi\u00e9n est\u00e1n disponibles los datos de <a href=\"https:\/\/www.exchange-data.com\/es\/product\/fijacion-del-precio-de-los-derivados-al-final-del-dia\/\">precios de fin de d\u00eda de derivados<\/a> y <a href=\"https:\/\/www.exchange-data.com\/es\/product\/derivactions\/\">DerivActions<\/a>.<\/span><\/p>\n<p>*Marca registrada de la Bolsa de Londres<\/p>\n","protected":false},"featured_media":34154,"template":"","country":[],"product_category":[3184,3183],"class_list":["post-35975","product","type-product","status-publish","has-post-thumbnail","hentry","product_category-datos-de-referencia","product_category-datos-sobre-derivados-e-intereses-en-corto-productos-y-servicios"],"acf":[],"yoast_head":"<!-- This site is optimized with the Yoast SEO Premium plugin v26.0 (Yoast SEO v26.0) - https:\/\/yoast.com\/wordpress\/plugins\/seo\/ -->\n<title>Datos de referencia de derivados | Exchange Data International<\/title>\n<meta name=\"description\" content=\"Acceda a datos de referencia completos sobre derivados con Exchange Data International para respaldar decisiones precisas de negociaci\u00f3n y gesti\u00f3n de riesgos.\" \/>\n<meta name=\"robots\" content=\"index, follow, max-snippet:-1, max-image-preview:large, max-video-preview:-1\" \/>\n<link rel=\"canonical\" href=\"https:\/\/www.exchange-data.com\/es\/producto\/datos-de-referencia-de-derivados\/\" \/>\n<meta property=\"og:locale\" content=\"es_ES\" \/>\n<meta property=\"og:type\" content=\"article\" \/>\n<meta property=\"og:title\" content=\"Datos de referencia de derivados\" \/>\n<meta property=\"og:description\" content=\"El servicio Derivatives Reference Data se centra en futuros y opciones negociados en bolsa. Tambi\u00e9n est\u00e1n disponibles los datos de precios de fin de d\u00eda de derivados y DerivActions.\" \/>\n<meta property=\"og:url\" content=\"https:\/\/www.exchange-data.com\/es\/producto\/datos-de-referencia-de-derivados\/\" \/>\n<meta property=\"og:site_name\" content=\"Exchange Data International\" \/>\n<meta property=\"article:modified_time\" content=\"2026-03-23T13:11:44+00:00\" \/>\n<meta property=\"og:image\" content=\"https:\/\/www.exchange-data.com\/wp-content\/uploads\/2015\/09\/EDI-Post-Featured-Image-700x400-1.png\" \/>\n<meta name=\"twitter:card\" content=\"summary_large_image\" \/>\n<meta name=\"twitter:title\" content=\"Datos de referencia de derivados\" \/>\n<meta name=\"twitter:description\" content=\"El servicio Derivatives Reference Data se centra en futuros y opciones negociados en bolsa. Tambi\u00e9n est\u00e1n disponibles los datos de precios de fin de d\u00eda de derivados y DerivActions.\" \/>\n<meta name=\"twitter:image\" content=\"https:\/\/www.exchange-data.com\/wp-content\/uploads\/2015\/09\/EDI-Post-Featured-Image-700x400-1.png\" \/>\n<meta name=\"twitter:site\" content=\"@ExchangeData\" \/>\n<meta name=\"twitter:label1\" content=\"Tiempo de lectura\" \/>\n\t<meta name=\"twitter:data1\" content=\"1 minuto\" \/>\n<script type=\"application\/ld+json\" class=\"yoast-schema-graph\">{\"@context\":\"https:\/\/schema.org\",\"@graph\":[{\"@type\":\"WebPage\",\"@id\":\"https:\/\/www.exchange-data.com\/es\/producto\/datos-de-referencia-de-derivados\/\",\"url\":\"https:\/\/www.exchange-data.com\/es\/producto\/datos-de-referencia-de-derivados\/\",\"name\":\"Datos de referencia de derivados | Exchange Data International\",\"isPartOf\":{\"@id\":\"https:\/\/www.exchange-data.com\/es\/#website\"},\"primaryImageOfPage\":{\"@id\":\"https:\/\/www.exchange-data.com\/es\/producto\/datos-de-referencia-de-derivados\/#primaryimage\"},\"image\":{\"@id\":\"https:\/\/www.exchange-data.com\/es\/producto\/datos-de-referencia-de-derivados\/#primaryimage\"},\"thumbnailUrl\":\"https:\/\/www.exchange-data.com\/wp-content\/uploads\/2015\/09\/EDI-Post-Featured-Image-700x400-1.png\",\"datePublished\":\"2019-02-17T13:26:23+00:00\",\"dateModified\":\"2026-03-23T13:11:44+00:00\",\"description\":\"Acceda a datos de referencia completos sobre derivados con Exchange Data International para respaldar decisiones precisas de negociaci\u00f3n y gesti\u00f3n de riesgos.\",\"breadcrumb\":{\"@id\":\"https:\/\/www.exchange-data.com\/es\/producto\/datos-de-referencia-de-derivados\/#breadcrumb\"},\"inLanguage\":\"es\",\"potentialAction\":[{\"@type\":\"ReadAction\",\"target\":[\"https:\/\/www.exchange-data.com\/es\/producto\/datos-de-referencia-de-derivados\/\"]}]},{\"@type\":\"ImageObject\",\"inLanguage\":\"es\",\"@id\":\"https:\/\/www.exchange-data.com\/es\/producto\/datos-de-referencia-de-derivados\/#primaryimage\",\"url\":\"https:\/\/www.exchange-data.com\/wp-content\/uploads\/2015\/09\/EDI-Post-Featured-Image-700x400-1.png\",\"contentUrl\":\"https:\/\/www.exchange-data.com\/wp-content\/uploads\/2015\/09\/EDI-Post-Featured-Image-700x400-1.png\",\"width\":700,\"height\":400,\"caption\":\"Exchange Data International\"},{\"@type\":\"BreadcrumbList\",\"@id\":\"https:\/\/www.exchange-data.com\/es\/producto\/datos-de-referencia-de-derivados\/#breadcrumb\",\"itemListElement\":[{\"@type\":\"ListItem\",\"position\":1,\"name\":\"Home\",\"item\":\"https:\/\/www.exchange-data.com\/es\/inicio\/\"},{\"@type\":\"ListItem\",\"position\":2,\"name\":\"Datos de referencia de derivados\"}]},{\"@type\":\"WebSite\",\"@id\":\"https:\/\/www.exchange-data.com\/es\/#website\",\"url\":\"https:\/\/www.exchange-data.com\/es\/\",\"name\":\"Exchange Data International\",\"description\":\"Doing data differently\",\"publisher\":{\"@id\":\"https:\/\/www.exchange-data.com\/es\/#organization\"},\"potentialAction\":[{\"@type\":\"SearchAction\",\"target\":{\"@type\":\"EntryPoint\",\"urlTemplate\":\"https:\/\/www.exchange-data.com\/es\/?s={search_term_string}\"},\"query-input\":{\"@type\":\"PropertyValueSpecification\",\"valueRequired\":true,\"valueName\":\"search_term_string\"}}],\"inLanguage\":\"es\"},{\"@type\":\"Organization\",\"@id\":\"https:\/\/www.exchange-data.com\/es\/#organization\",\"name\":\"Exchange Data International\",\"url\":\"https:\/\/www.exchange-data.com\/es\/\",\"logo\":{\"@type\":\"ImageObject\",\"inLanguage\":\"es\",\"@id\":\"https:\/\/www.exchange-data.com\/es\/#\/schema\/logo\/image\/\",\"url\":\"https:\/\/www.exchange-data.com\/wp-content\/uploads\/2019\/03\/logo3.png\",\"contentUrl\":\"https:\/\/www.exchange-data.com\/wp-content\/uploads\/2019\/03\/logo3.png\",\"width\":200,\"height\":80,\"caption\":\"Exchange Data International\"},\"image\":{\"@id\":\"https:\/\/www.exchange-data.com\/es\/#\/schema\/logo\/image\/\"},\"sameAs\":[\"https:\/\/x.com\/ExchangeData\",\"https:\/\/www.linkedin.com\/company\/exchange-data-international\/?viewAsMember=true\",\"https:\/\/www.youtube.com\/channel\/UC5D1OpUb22YZANRLD_Ktcgg?view_as=subscriber\"]}]}<\/script>\n<!-- \/ Yoast SEO Premium plugin. -->","yoast_head_json":{"title":"Datos de referencia de derivados | Exchange Data International","description":"Acceda a datos de referencia completos sobre derivados con Exchange Data International para respaldar decisiones precisas de negociaci\u00f3n y gesti\u00f3n de riesgos.","robots":{"index":"index","follow":"follow","max-snippet":"max-snippet:-1","max-image-preview":"max-image-preview:large","max-video-preview":"max-video-preview:-1"},"canonical":"https:\/\/www.exchange-data.com\/es\/producto\/datos-de-referencia-de-derivados\/","og_locale":"es_ES","og_type":"article","og_title":"Datos de referencia de derivados","og_description":"El servicio Derivatives Reference Data se centra en futuros y opciones negociados en bolsa. Tambi\u00e9n est\u00e1n disponibles los datos de precios de fin de d\u00eda de derivados y DerivActions.","og_url":"https:\/\/www.exchange-data.com\/es\/producto\/datos-de-referencia-de-derivados\/","og_site_name":"Exchange Data International","article_modified_time":"2026-03-23T13:11:44+00:00","og_image":[{"url":"https:\/\/www.exchange-data.com\/wp-content\/uploads\/2015\/09\/EDI-Post-Featured-Image-700x400-1.png","type":"","width":"","height":""}],"twitter_card":"summary_large_image","twitter_title":"Datos de referencia de derivados","twitter_description":"El servicio Derivatives Reference Data se centra en futuros y opciones negociados en bolsa. Tambi\u00e9n est\u00e1n disponibles los datos de precios de fin de d\u00eda de derivados y DerivActions.","twitter_image":"https:\/\/www.exchange-data.com\/wp-content\/uploads\/2015\/09\/EDI-Post-Featured-Image-700x400-1.png","twitter_site":"@ExchangeData","twitter_misc":{"Tiempo de lectura":"1 minuto"},"schema":{"@context":"https:\/\/schema.org","@graph":[{"@type":"WebPage","@id":"https:\/\/www.exchange-data.com\/es\/producto\/datos-de-referencia-de-derivados\/","url":"https:\/\/www.exchange-data.com\/es\/producto\/datos-de-referencia-de-derivados\/","name":"Datos de referencia de derivados | Exchange Data International","isPartOf":{"@id":"https:\/\/www.exchange-data.com\/es\/#website"},"primaryImageOfPage":{"@id":"https:\/\/www.exchange-data.com\/es\/producto\/datos-de-referencia-de-derivados\/#primaryimage"},"image":{"@id":"https:\/\/www.exchange-data.com\/es\/producto\/datos-de-referencia-de-derivados\/#primaryimage"},"thumbnailUrl":"https:\/\/www.exchange-data.com\/wp-content\/uploads\/2015\/09\/EDI-Post-Featured-Image-700x400-1.png","datePublished":"2019-02-17T13:26:23+00:00","dateModified":"2026-03-23T13:11:44+00:00","description":"Acceda a datos de referencia completos sobre derivados con Exchange Data International para respaldar decisiones precisas de negociaci\u00f3n y gesti\u00f3n de riesgos.","breadcrumb":{"@id":"https:\/\/www.exchange-data.com\/es\/producto\/datos-de-referencia-de-derivados\/#breadcrumb"},"inLanguage":"es","potentialAction":[{"@type":"ReadAction","target":["https:\/\/www.exchange-data.com\/es\/producto\/datos-de-referencia-de-derivados\/"]}]},{"@type":"ImageObject","inLanguage":"es","@id":"https:\/\/www.exchange-data.com\/es\/producto\/datos-de-referencia-de-derivados\/#primaryimage","url":"https:\/\/www.exchange-data.com\/wp-content\/uploads\/2015\/09\/EDI-Post-Featured-Image-700x400-1.png","contentUrl":"https:\/\/www.exchange-data.com\/wp-content\/uploads\/2015\/09\/EDI-Post-Featured-Image-700x400-1.png","width":700,"height":400,"caption":"Exchange Data International"},{"@type":"BreadcrumbList","@id":"https:\/\/www.exchange-data.com\/es\/producto\/datos-de-referencia-de-derivados\/#breadcrumb","itemListElement":[{"@type":"ListItem","position":1,"name":"Home","item":"https:\/\/www.exchange-data.com\/es\/inicio\/"},{"@type":"ListItem","position":2,"name":"Datos de referencia de derivados"}]},{"@type":"WebSite","@id":"https:\/\/www.exchange-data.com\/es\/#website","url":"https:\/\/www.exchange-data.com\/es\/","name":"Exchange Data International","description":"Doing data differently","publisher":{"@id":"https:\/\/www.exchange-data.com\/es\/#organization"},"potentialAction":[{"@type":"SearchAction","target":{"@type":"EntryPoint","urlTemplate":"https:\/\/www.exchange-data.com\/es\/?s={search_term_string}"},"query-input":{"@type":"PropertyValueSpecification","valueRequired":true,"valueName":"search_term_string"}}],"inLanguage":"es"},{"@type":"Organization","@id":"https:\/\/www.exchange-data.com\/es\/#organization","name":"Exchange Data International","url":"https:\/\/www.exchange-data.com\/es\/","logo":{"@type":"ImageObject","inLanguage":"es","@id":"https:\/\/www.exchange-data.com\/es\/#\/schema\/logo\/image\/","url":"https:\/\/www.exchange-data.com\/wp-content\/uploads\/2019\/03\/logo3.png","contentUrl":"https:\/\/www.exchange-data.com\/wp-content\/uploads\/2019\/03\/logo3.png","width":200,"height":80,"caption":"Exchange Data International"},"image":{"@id":"https:\/\/www.exchange-data.com\/es\/#\/schema\/logo\/image\/"},"sameAs":["https:\/\/x.com\/ExchangeData","https:\/\/www.linkedin.com\/company\/exchange-data-international\/?viewAsMember=true","https:\/\/www.youtube.com\/channel\/UC5D1OpUb22YZANRLD_Ktcgg?view_as=subscriber"]}]}},"_links":{"self":[{"href":"https:\/\/www.exchange-data.com\/es\/wp-json\/wp\/v2\/product\/35975","targetHints":{"allow":["GET"]}}],"collection":[{"href":"https:\/\/www.exchange-data.com\/es\/wp-json\/wp\/v2\/product"}],"about":[{"href":"https:\/\/www.exchange-data.com\/es\/wp-json\/wp\/v2\/types\/product"}],"wp:featuredmedia":[{"embeddable":true,"href":"https:\/\/www.exchange-data.com\/es\/wp-json\/wp\/v2\/media\/34154"}],"wp:attachment":[{"href":"https:\/\/www.exchange-data.com\/es\/wp-json\/wp\/v2\/media?parent=35975"}],"wp:term":[{"taxonomy":"country","embeddable":true,"href":"https:\/\/www.exchange-data.com\/es\/wp-json\/wp\/v2\/country?post=35975"},{"taxonomy":"product_category","embeddable":true,"href":"https:\/\/www.exchange-data.com\/es\/wp-json\/wp\/v2\/product_category?post=35975"}],"curies":[{"name":"wp","href":"https:\/\/api.w.org\/{rel}","templated":true}]}}