{"id":35976,"date":"2023-01-17T22:10:03","date_gmt":"2023-01-17T21:10:03","guid":{"rendered":"https:\/\/www.exchange-data.com\/product\/horario-de-negociacion-de-derivados\/"},"modified":"2025-12-19T06:49:56","modified_gmt":"2025-12-19T05:49:56","slug":"horario-de-negociacion-de-derivados","status":"publish","type":"product","link":"https:\/\/www.exchange-data.com\/es\/producto\/horario-de-negociacion-de-derivados\/","title":{"rendered":"Horarios de Negociaci\u00f3n de Derivados"},"content":{"rendered":"<p>&nbsp;<\/p>\n<h2>Obtrenga informaci\u00f3n puntual y estructurada sobre los horarios operativos, d\u00edas no h\u00e1biles y detalles de liquidaci\u00f3n en mercados de futuros y opciones.<\/h2>\n<p>&nbsp;<\/p>\n<p><span style=\"font-weight: 400;\">El servicio Derivatives Trading Hours (DTH) cubre todas las Fechas de Hechos de Importancia relacionadas con la negociaci\u00f3n, entrega y liquidaci\u00f3n de contratos, incluyendo los horarios clave de cada jornada: preapertura, apertura, cierre y liquidaci\u00f3n.<\/span><\/p>\n<h3>Cobertura de Productos<\/h3>\n<ul>\n<li><span style=\"font-weight: 400;\">Futuros y Opciones<\/span><\/li>\n<\/ul>\n<p>&nbsp;<\/p>\n<h3>Tipos de Derivados<\/h3>\n<ul>\n<li><span style=\"font-weight: 400;\">Derivados de Materias Primas<\/span><\/li>\n<li><span style=\"font-weight: 400;\">Derivados sobre Renta Variable<\/span><\/li>\n<li><span style=\"font-weight: 400;\">Derivados de Divisas<\/span><\/li>\n<li><span style=\"font-weight: 400;\">Derivados de Tipos de Inter\u00e9s<\/span><\/li>\n<\/ul>\n<p><span style=\"font-weight: 400;\"><strong>Derivados de Materias Primas:<\/strong> Contratos para la compraventa de materias primas con entrega futura en fecha determinada. Incluyen energ\u00eda, productos agr\u00edcolas, materias primas blandas y metales. <\/span><\/p>\n<p><span style=\"font-weight: 400;\"><strong>Derivados sobre Renta Variable:<\/strong> Instrumentos cuyo valor se deriva de activos de renta variable. Incluyen futuros y opciones sobre \u00edndices burs\u00e1tiles y dividendos.  <\/span><\/p>\n<p><span style=\"font-weight: 400;\"><strong>Derivados de Divisas: <\/strong>Contratos que obligan a entregar una cantidad espec\u00edfica de moneda en una fecha futura. Algunos se liquidan por diferencia seg\u00fan \u00edndices o mecanismos de precios. <\/span><\/p>\n<p><span style=\"font-weight: 400;\"><strong>Derivados de Tipos de Inter\u00e9s:<\/strong> Futuros y opciones vinculados a tasas de inter\u00e9s, como contratos sobre \u00edndices de corto plazo, renta fija o swaps<\/span><\/p>\n<h4>Descripci\u00f3n del Producto<br \/><\/h4>\n<ul>\n<li><span style=\"font-weight: 400;\">Cobertura de mercados burs\u00e1tiles en 42 pa\u00edses, con m\u00e1s de 60 campos de datos y 123 bolsas de valores y plataformas de negociaci\u00f3n alrededor del mundo.<\/span><\/li>\n<\/ul>\n","protected":false},"featured_media":0,"template":"","country":[],"product_category":[3183,3178],"class_list":["post-35976","product","type-product","status-publish","hentry","product_category-datos-sobre-derivados-e-intereses-en-corto-productos-y-servicios","product_category-productos-y-servicios","no-post-thumbnail"],"acf":[],"yoast_head":"<!-- This site is optimized with the Yoast SEO Premium plugin v26.0 (Yoast SEO v26.0) - https:\/\/yoast.com\/wordpress\/plugins\/seo\/ -->\n<title>Datos sobre el horario de negociaci\u00f3n de derivados | Horarios de los mercados mundiales<\/title>\n<meta name=\"description\" content=\"Consulte todas las Fechas de Hechos de Importancia, horarios de negociaci\u00f3n y detalles de liquidaci\u00f3n en derivados sobre renta variable, materias primas, divisas y tipos de inter\u00e9s.\" \/>\n<meta name=\"robots\" content=\"index, follow, max-snippet:-1, max-image-preview:large, max-video-preview:-1\" \/>\n<link rel=\"canonical\" href=\"https:\/\/www.exchange-data.com\/es\/producto\/horario-de-negociacion-de-derivados\/\" \/>\n<meta property=\"og:locale\" content=\"es_ES\" \/>\n<meta property=\"og:type\" content=\"article\" \/>\n<meta property=\"og:title\" content=\"Horarios de Negociaci\u00f3n de Derivados | Exchange Data International\" \/>\n<meta property=\"og:description\" content=\"Consulte todas las Fechas de Hechos de Importancia, horarios de negociaci\u00f3n y detalles de liquidaci\u00f3n en derivados sobre renta variable, materias primas, divisas y tipos de inter\u00e9s.\" \/>\n<meta property=\"og:url\" content=\"https:\/\/www.exchange-data.com\/es\/producto\/horario-de-negociacion-de-derivados\/\" \/>\n<meta property=\"og:site_name\" content=\"Exchange Data International\" \/>\n<meta property=\"article:modified_time\" content=\"2025-12-19T05:49:56+00:00\" \/>\n<meta name=\"twitter:card\" content=\"summary_large_image\" \/>\n<meta name=\"twitter:site\" content=\"@ExchangeData\" \/>\n<meta name=\"twitter:label1\" content=\"Tiempo de lectura\" \/>\n\t<meta name=\"twitter:data1\" content=\"1 minuto\" \/>\n<script type=\"application\/ld+json\" class=\"yoast-schema-graph\">{\"@context\":\"https:\/\/schema.org\",\"@graph\":[{\"@type\":\"WebPage\",\"@id\":\"https:\/\/www.exchange-data.com\/es\/producto\/horario-de-negociacion-de-derivados\/\",\"url\":\"https:\/\/www.exchange-data.com\/es\/producto\/horario-de-negociacion-de-derivados\/\",\"name\":\"Datos sobre el horario de negociaci\u00f3n de derivados | Horarios de los mercados mundiales\",\"isPartOf\":{\"@id\":\"https:\/\/www.exchange-data.com\/es\/#website\"},\"datePublished\":\"2023-01-17T21:10:03+00:00\",\"dateModified\":\"2025-12-19T05:49:56+00:00\",\"description\":\"Consulte todas las Fechas de Hechos de Importancia, horarios de negociaci\u00f3n y detalles de liquidaci\u00f3n en derivados sobre renta variable, materias primas, divisas y tipos de inter\u00e9s.\",\"breadcrumb\":{\"@id\":\"https:\/\/www.exchange-data.com\/es\/producto\/horario-de-negociacion-de-derivados\/#breadcrumb\"},\"inLanguage\":\"es\",\"potentialAction\":[{\"@type\":\"ReadAction\",\"target\":[\"https:\/\/www.exchange-data.com\/es\/producto\/horario-de-negociacion-de-derivados\/\"]}]},{\"@type\":\"BreadcrumbList\",\"@id\":\"https:\/\/www.exchange-data.com\/es\/producto\/horario-de-negociacion-de-derivados\/#breadcrumb\",\"itemListElement\":[{\"@type\":\"ListItem\",\"position\":1,\"name\":\"Home\",\"item\":\"https:\/\/www.exchange-data.com\/es\/inicio\/\"},{\"@type\":\"ListItem\",\"position\":2,\"name\":\"Horarios de Negociaci\u00f3n de Derivados\"}]},{\"@type\":\"WebSite\",\"@id\":\"https:\/\/www.exchange-data.com\/es\/#website\",\"url\":\"https:\/\/www.exchange-data.com\/es\/\",\"name\":\"Exchange Data International\",\"description\":\"Doing data differently\",\"publisher\":{\"@id\":\"https:\/\/www.exchange-data.com\/es\/#organization\"},\"potentialAction\":[{\"@type\":\"SearchAction\",\"target\":{\"@type\":\"EntryPoint\",\"urlTemplate\":\"https:\/\/www.exchange-data.com\/es\/?s={search_term_string}\"},\"query-input\":{\"@type\":\"PropertyValueSpecification\",\"valueRequired\":true,\"valueName\":\"search_term_string\"}}],\"inLanguage\":\"es\"},{\"@type\":\"Organization\",\"@id\":\"https:\/\/www.exchange-data.com\/es\/#organization\",\"name\":\"Exchange Data International\",\"url\":\"https:\/\/www.exchange-data.com\/es\/\",\"logo\":{\"@type\":\"ImageObject\",\"inLanguage\":\"es\",\"@id\":\"https:\/\/www.exchange-data.com\/es\/#\/schema\/logo\/image\/\",\"url\":\"https:\/\/www.exchange-data.com\/wp-content\/uploads\/2019\/03\/logo3.png\",\"contentUrl\":\"https:\/\/www.exchange-data.com\/wp-content\/uploads\/2019\/03\/logo3.png\",\"width\":200,\"height\":80,\"caption\":\"Exchange Data International\"},\"image\":{\"@id\":\"https:\/\/www.exchange-data.com\/es\/#\/schema\/logo\/image\/\"},\"sameAs\":[\"https:\/\/x.com\/ExchangeData\",\"https:\/\/www.linkedin.com\/company\/exchange-data-international\/?viewAsMember=true\",\"https:\/\/www.youtube.com\/channel\/UC5D1OpUb22YZANRLD_Ktcgg?view_as=subscriber\"]}]}<\/script>\n<!-- \/ Yoast SEO Premium plugin. -->","yoast_head_json":{"title":"Datos sobre el horario de negociaci\u00f3n de derivados | Horarios de los mercados mundiales","description":"Consulte todas las Fechas de Hechos de Importancia, horarios de negociaci\u00f3n y detalles de liquidaci\u00f3n en derivados sobre renta variable, materias primas, divisas y tipos de inter\u00e9s.","robots":{"index":"index","follow":"follow","max-snippet":"max-snippet:-1","max-image-preview":"max-image-preview:large","max-video-preview":"max-video-preview:-1"},"canonical":"https:\/\/www.exchange-data.com\/es\/producto\/horario-de-negociacion-de-derivados\/","og_locale":"es_ES","og_type":"article","og_title":"Horarios de Negociaci\u00f3n de Derivados | Exchange Data International","og_description":"Consulte todas las Fechas de Hechos de Importancia, horarios de negociaci\u00f3n y detalles de liquidaci\u00f3n en derivados sobre renta variable, materias primas, divisas y tipos de inter\u00e9s.","og_url":"https:\/\/www.exchange-data.com\/es\/producto\/horario-de-negociacion-de-derivados\/","og_site_name":"Exchange Data International","article_modified_time":"2025-12-19T05:49:56+00:00","twitter_card":"summary_large_image","twitter_site":"@ExchangeData","twitter_misc":{"Tiempo de lectura":"1 minuto"},"schema":{"@context":"https:\/\/schema.org","@graph":[{"@type":"WebPage","@id":"https:\/\/www.exchange-data.com\/es\/producto\/horario-de-negociacion-de-derivados\/","url":"https:\/\/www.exchange-data.com\/es\/producto\/horario-de-negociacion-de-derivados\/","name":"Datos sobre el horario de negociaci\u00f3n de derivados | Horarios de los mercados mundiales","isPartOf":{"@id":"https:\/\/www.exchange-data.com\/es\/#website"},"datePublished":"2023-01-17T21:10:03+00:00","dateModified":"2025-12-19T05:49:56+00:00","description":"Consulte todas las Fechas de Hechos de Importancia, horarios de negociaci\u00f3n y detalles de liquidaci\u00f3n en derivados sobre renta variable, materias primas, divisas y tipos de inter\u00e9s.","breadcrumb":{"@id":"https:\/\/www.exchange-data.com\/es\/producto\/horario-de-negociacion-de-derivados\/#breadcrumb"},"inLanguage":"es","potentialAction":[{"@type":"ReadAction","target":["https:\/\/www.exchange-data.com\/es\/producto\/horario-de-negociacion-de-derivados\/"]}]},{"@type":"BreadcrumbList","@id":"https:\/\/www.exchange-data.com\/es\/producto\/horario-de-negociacion-de-derivados\/#breadcrumb","itemListElement":[{"@type":"ListItem","position":1,"name":"Home","item":"https:\/\/www.exchange-data.com\/es\/inicio\/"},{"@type":"ListItem","position":2,"name":"Horarios de Negociaci\u00f3n de Derivados"}]},{"@type":"WebSite","@id":"https:\/\/www.exchange-data.com\/es\/#website","url":"https:\/\/www.exchange-data.com\/es\/","name":"Exchange Data International","description":"Doing data differently","publisher":{"@id":"https:\/\/www.exchange-data.com\/es\/#organization"},"potentialAction":[{"@type":"SearchAction","target":{"@type":"EntryPoint","urlTemplate":"https:\/\/www.exchange-data.com\/es\/?s={search_term_string}"},"query-input":{"@type":"PropertyValueSpecification","valueRequired":true,"valueName":"search_term_string"}}],"inLanguage":"es"},{"@type":"Organization","@id":"https:\/\/www.exchange-data.com\/es\/#organization","name":"Exchange Data International","url":"https:\/\/www.exchange-data.com\/es\/","logo":{"@type":"ImageObject","inLanguage":"es","@id":"https:\/\/www.exchange-data.com\/es\/#\/schema\/logo\/image\/","url":"https:\/\/www.exchange-data.com\/wp-content\/uploads\/2019\/03\/logo3.png","contentUrl":"https:\/\/www.exchange-data.com\/wp-content\/uploads\/2019\/03\/logo3.png","width":200,"height":80,"caption":"Exchange Data International"},"image":{"@id":"https:\/\/www.exchange-data.com\/es\/#\/schema\/logo\/image\/"},"sameAs":["https:\/\/x.com\/ExchangeData","https:\/\/www.linkedin.com\/company\/exchange-data-international\/?viewAsMember=true","https:\/\/www.youtube.com\/channel\/UC5D1OpUb22YZANRLD_Ktcgg?view_as=subscriber"]}]}},"_links":{"self":[{"href":"https:\/\/www.exchange-data.com\/es\/wp-json\/wp\/v2\/product\/35976","targetHints":{"allow":["GET"]}}],"collection":[{"href":"https:\/\/www.exchange-data.com\/es\/wp-json\/wp\/v2\/product"}],"about":[{"href":"https:\/\/www.exchange-data.com\/es\/wp-json\/wp\/v2\/types\/product"}],"wp:attachment":[{"href":"https:\/\/www.exchange-data.com\/es\/wp-json\/wp\/v2\/media?parent=35976"}],"wp:term":[{"taxonomy":"country","embeddable":true,"href":"https:\/\/www.exchange-data.com\/es\/wp-json\/wp\/v2\/country?post=35976"},{"taxonomy":"product_category","embeddable":true,"href":"https:\/\/www.exchange-data.com\/es\/wp-json\/wp\/v2\/product_category?post=35976"}],"curies":[{"name":"wp","href":"https:\/\/api.w.org\/{rel}","templated":true}]}}