{"id":35977,"date":"2024-04-09T14:05:55","date_gmt":"2024-04-09T13:05:55","guid":{"rendered":"https:\/\/www.exchange-data.com\/product\/calendario-de-dividendos\/"},"modified":"2026-01-19T13:58:08","modified_gmt":"2026-01-19T12:58:08","slug":"calendario-de-dividendos","status":"publish","type":"product","link":"https:\/\/www.exchange-data.com\/es\/producto\/calendario-de-dividendos\/","title":{"rendered":"Calendario de Dividendos"},"content":{"rendered":"<h2><b><span lang=\"ES\">\u00bfLa omisi\u00f3n oportuna de datos y fechas claves de dividendos contin\u00faa generando impactos en su estrategia de inversi\u00f3n?<\/span><\/b><\/h2>\n<h3>Mant\u00e9ngase siempre un paso por delante con el Calendario de Dividendos de Exchange Data International, la herramienta definitiva para el seguimiento y la planificaci\u00f3n de dividendos<\/h3>\n<h4>Informaci\u00f3n actualizada para gesti\u00f3n de pago de dividendos<\/h4>\n<p><span style=\"font-weight: 400;\">Nuestro calendario completo ofrece informaci\u00f3n actualizada sobre anuncios de dividendos, fechas ex-dividendo, fechas de registro y fechas de pago, con cobertura para miles de empresas en todo el mundo. Ya sea que sea un inversor particular, un asesor financiero o un trader institucional, nuestro Calendario de Dividendos est\u00e1 dise\u00f1ado para satisfacer sus necesidades espec\u00edficas y ayudarle a tomar decisiones de inversi\u00f3n informadas. <\/span><\/p>\n<h5>Caracter\u00edsticas clave:<\/h5>\n<ul>\n<li>Cobertura global: Datos de dividendos para miles de empresas de distintos sectores y mercados, incluyendo acciones, ETFs y fondos mutuos.<\/li>\n<li>Alertas personalizadas: Notificaciones por correo electr\u00f3nico sobre eventos clave, adaptadas a sus intereses.<\/li>\n<li>Interfaz intuitiva: Plataforma sencilla con filtros por fecha, empresa, rentabilidad por dividendo y m\u00e1s.<\/li>\n<li>Actualizaciones en tiempo real: Datos precisos y verificados desde fuentes confiables, garantizando informaci\u00f3n puntual y relevante.<\/li>\n<\/ul>\n","protected":false},"featured_media":0,"template":"","country":[],"product_category":[3182,3178],"class_list":["post-35977","product","type-product","status-publish","hentry","product_category-acciones-corporativas","product_category-productos-y-servicios","no-post-thumbnail"],"acf":[],"yoast_head":"<!-- This site is optimized with the Yoast SEO Premium plugin v26.0 (Yoast SEO v26.0) - https:\/\/yoast.com\/wordpress\/plugins\/seo\/ -->\n<title>Calendario de Dividendos | Exchange Data International<\/title>\n<meta name=\"description\" content=\"Descubra c\u00f3mo analizar una econom\u00eda utilizando datos precisos de dividendos. Reciba alertas personalizadas y tome decisiones informadas con el Calendario de Dividendos de EDI.\" \/>\n<meta name=\"robots\" content=\"index, follow, max-snippet:-1, max-image-preview:large, max-video-preview:-1\" \/>\n<link rel=\"canonical\" href=\"https:\/\/www.exchange-data.com\/es\/producto\/calendario-de-dividendos\/\" \/>\n<meta property=\"og:locale\" content=\"es_ES\" \/>\n<meta property=\"og:type\" content=\"article\" \/>\n<meta property=\"og:title\" content=\"Calendario de Dividendos | Exchange Data International\" \/>\n<meta property=\"og:description\" content=\"Descubra c\u00f3mo analizar una econom\u00eda utilizando datos precisos de dividendos. Reciba alertas personalizadas y tome decisiones informadas con el Calendario de Dividendos de EDI.\" \/>\n<meta property=\"og:url\" content=\"https:\/\/www.exchange-data.com\/es\/producto\/calendario-de-dividendos\/\" \/>\n<meta property=\"og:site_name\" content=\"Exchange Data International\" \/>\n<meta property=\"article:modified_time\" content=\"2026-01-19T12:58:08+00:00\" \/>\n<meta name=\"twitter:card\" content=\"summary_large_image\" \/>\n<meta name=\"twitter:site\" content=\"@ExchangeData\" \/>\n<meta name=\"twitter:label1\" content=\"Tiempo de lectura\" \/>\n\t<meta name=\"twitter:data1\" content=\"1 minuto\" \/>\n<script type=\"application\/ld+json\" class=\"yoast-schema-graph\">{\"@context\":\"https:\/\/schema.org\",\"@graph\":[{\"@type\":\"WebPage\",\"@id\":\"https:\/\/www.exchange-data.com\/es\/producto\/calendario-de-dividendos\/\",\"url\":\"https:\/\/www.exchange-data.com\/es\/producto\/calendario-de-dividendos\/\",\"name\":\"Calendario de Dividendos | Exchange Data International\",\"isPartOf\":{\"@id\":\"https:\/\/www.exchange-data.com\/es\/#website\"},\"datePublished\":\"2024-04-09T13:05:55+00:00\",\"dateModified\":\"2026-01-19T12:58:08+00:00\",\"description\":\"Descubra c\u00f3mo analizar una econom\u00eda utilizando datos precisos de dividendos. Reciba alertas personalizadas y tome decisiones informadas con el Calendario de Dividendos de EDI.\",\"breadcrumb\":{\"@id\":\"https:\/\/www.exchange-data.com\/es\/producto\/calendario-de-dividendos\/#breadcrumb\"},\"inLanguage\":\"es\",\"potentialAction\":[{\"@type\":\"ReadAction\",\"target\":[\"https:\/\/www.exchange-data.com\/es\/producto\/calendario-de-dividendos\/\"]}]},{\"@type\":\"BreadcrumbList\",\"@id\":\"https:\/\/www.exchange-data.com\/es\/producto\/calendario-de-dividendos\/#breadcrumb\",\"itemListElement\":[{\"@type\":\"ListItem\",\"position\":1,\"name\":\"Home\",\"item\":\"https:\/\/www.exchange-data.com\/es\/inicio\/\"},{\"@type\":\"ListItem\",\"position\":2,\"name\":\"Calendario de Dividendos\"}]},{\"@type\":\"WebSite\",\"@id\":\"https:\/\/www.exchange-data.com\/es\/#website\",\"url\":\"https:\/\/www.exchange-data.com\/es\/\",\"name\":\"Exchange Data International\",\"description\":\"Doing data differently\",\"publisher\":{\"@id\":\"https:\/\/www.exchange-data.com\/es\/#organization\"},\"potentialAction\":[{\"@type\":\"SearchAction\",\"target\":{\"@type\":\"EntryPoint\",\"urlTemplate\":\"https:\/\/www.exchange-data.com\/es\/?s={search_term_string}\"},\"query-input\":{\"@type\":\"PropertyValueSpecification\",\"valueRequired\":true,\"valueName\":\"search_term_string\"}}],\"inLanguage\":\"es\"},{\"@type\":\"Organization\",\"@id\":\"https:\/\/www.exchange-data.com\/es\/#organization\",\"name\":\"Exchange Data International\",\"url\":\"https:\/\/www.exchange-data.com\/es\/\",\"logo\":{\"@type\":\"ImageObject\",\"inLanguage\":\"es\",\"@id\":\"https:\/\/www.exchange-data.com\/es\/#\/schema\/logo\/image\/\",\"url\":\"https:\/\/www.exchange-data.com\/wp-content\/uploads\/2019\/03\/logo3.png\",\"contentUrl\":\"https:\/\/www.exchange-data.com\/wp-content\/uploads\/2019\/03\/logo3.png\",\"width\":200,\"height\":80,\"caption\":\"Exchange Data International\"},\"image\":{\"@id\":\"https:\/\/www.exchange-data.com\/es\/#\/schema\/logo\/image\/\"},\"sameAs\":[\"https:\/\/x.com\/ExchangeData\",\"https:\/\/www.linkedin.com\/company\/exchange-data-international\/?viewAsMember=true\",\"https:\/\/www.youtube.com\/channel\/UC5D1OpUb22YZANRLD_Ktcgg?view_as=subscriber\"]}]}<\/script>\n<!-- \/ Yoast SEO Premium plugin. -->","yoast_head_json":{"title":"Calendario de Dividendos | Exchange Data International","description":"Descubra c\u00f3mo analizar una econom\u00eda utilizando datos precisos de dividendos. Reciba alertas personalizadas y tome decisiones informadas con el Calendario de Dividendos de EDI.","robots":{"index":"index","follow":"follow","max-snippet":"max-snippet:-1","max-image-preview":"max-image-preview:large","max-video-preview":"max-video-preview:-1"},"canonical":"https:\/\/www.exchange-data.com\/es\/producto\/calendario-de-dividendos\/","og_locale":"es_ES","og_type":"article","og_title":"Calendario de Dividendos | Exchange Data International","og_description":"Descubra c\u00f3mo analizar una econom\u00eda utilizando datos precisos de dividendos. Reciba alertas personalizadas y tome decisiones informadas con el Calendario de Dividendos de EDI.","og_url":"https:\/\/www.exchange-data.com\/es\/producto\/calendario-de-dividendos\/","og_site_name":"Exchange Data International","article_modified_time":"2026-01-19T12:58:08+00:00","twitter_card":"summary_large_image","twitter_site":"@ExchangeData","twitter_misc":{"Tiempo de lectura":"1 minuto"},"schema":{"@context":"https:\/\/schema.org","@graph":[{"@type":"WebPage","@id":"https:\/\/www.exchange-data.com\/es\/producto\/calendario-de-dividendos\/","url":"https:\/\/www.exchange-data.com\/es\/producto\/calendario-de-dividendos\/","name":"Calendario de Dividendos | Exchange Data International","isPartOf":{"@id":"https:\/\/www.exchange-data.com\/es\/#website"},"datePublished":"2024-04-09T13:05:55+00:00","dateModified":"2026-01-19T12:58:08+00:00","description":"Descubra c\u00f3mo analizar una econom\u00eda utilizando datos precisos de dividendos. Reciba alertas personalizadas y tome decisiones informadas con el Calendario de Dividendos de EDI.","breadcrumb":{"@id":"https:\/\/www.exchange-data.com\/es\/producto\/calendario-de-dividendos\/#breadcrumb"},"inLanguage":"es","potentialAction":[{"@type":"ReadAction","target":["https:\/\/www.exchange-data.com\/es\/producto\/calendario-de-dividendos\/"]}]},{"@type":"BreadcrumbList","@id":"https:\/\/www.exchange-data.com\/es\/producto\/calendario-de-dividendos\/#breadcrumb","itemListElement":[{"@type":"ListItem","position":1,"name":"Home","item":"https:\/\/www.exchange-data.com\/es\/inicio\/"},{"@type":"ListItem","position":2,"name":"Calendario de Dividendos"}]},{"@type":"WebSite","@id":"https:\/\/www.exchange-data.com\/es\/#website","url":"https:\/\/www.exchange-data.com\/es\/","name":"Exchange Data International","description":"Doing data differently","publisher":{"@id":"https:\/\/www.exchange-data.com\/es\/#organization"},"potentialAction":[{"@type":"SearchAction","target":{"@type":"EntryPoint","urlTemplate":"https:\/\/www.exchange-data.com\/es\/?s={search_term_string}"},"query-input":{"@type":"PropertyValueSpecification","valueRequired":true,"valueName":"search_term_string"}}],"inLanguage":"es"},{"@type":"Organization","@id":"https:\/\/www.exchange-data.com\/es\/#organization","name":"Exchange Data International","url":"https:\/\/www.exchange-data.com\/es\/","logo":{"@type":"ImageObject","inLanguage":"es","@id":"https:\/\/www.exchange-data.com\/es\/#\/schema\/logo\/image\/","url":"https:\/\/www.exchange-data.com\/wp-content\/uploads\/2019\/03\/logo3.png","contentUrl":"https:\/\/www.exchange-data.com\/wp-content\/uploads\/2019\/03\/logo3.png","width":200,"height":80,"caption":"Exchange Data International"},"image":{"@id":"https:\/\/www.exchange-data.com\/es\/#\/schema\/logo\/image\/"},"sameAs":["https:\/\/x.com\/ExchangeData","https:\/\/www.linkedin.com\/company\/exchange-data-international\/?viewAsMember=true","https:\/\/www.youtube.com\/channel\/UC5D1OpUb22YZANRLD_Ktcgg?view_as=subscriber"]}]}},"_links":{"self":[{"href":"https:\/\/www.exchange-data.com\/es\/wp-json\/wp\/v2\/product\/35977","targetHints":{"allow":["GET"]}}],"collection":[{"href":"https:\/\/www.exchange-data.com\/es\/wp-json\/wp\/v2\/product"}],"about":[{"href":"https:\/\/www.exchange-data.com\/es\/wp-json\/wp\/v2\/types\/product"}],"wp:attachment":[{"href":"https:\/\/www.exchange-data.com\/es\/wp-json\/wp\/v2\/media?parent=35977"}],"wp:term":[{"taxonomy":"country","embeddable":true,"href":"https:\/\/www.exchange-data.com\/es\/wp-json\/wp\/v2\/country?post=35977"},{"taxonomy":"product_category","embeddable":true,"href":"https:\/\/www.exchange-data.com\/es\/wp-json\/wp\/v2\/product_category?post=35977"}],"curies":[{"name":"wp","href":"https:\/\/api.w.org\/{rel}","templated":true}]}}